{"id":13571,"date":"2024-08-30T12:06:58","date_gmt":"2024-08-30T12:06:58","guid":{"rendered":"https:\/\/barrsell.com\/?post_type=product&#038;p=13571"},"modified":"2024-12-17T03:27:32","modified_gmt":"2024-12-17T03:27:32","slug":"tylo-sense-ticari","status":"publish","type":"product","link":"https:\/\/barrsell.com\/en\/product\/tylo-sense-commercial\/","title":{"rendered":"Tyl\u00f6 Sense Commercial"},"content":{"rendered":"<h2><strong>Tyl\u00f6 Sense Commercial High Performance Commercial Sauna Heaters<\/strong><\/h2>\n<p>Tyl\u00f6 Sense Commercial - consists of high-performance electric sauna heaters designed for commercial or public sauna rooms. At the same time, its modern design, energy-saving technologies and wide range of capacities make it a suitable solution for all types of businesses.<\/p>\n<div id=\"attachment_19323\" style=\"width: 1034px\" class=\"wp-caption alignnone\"><a href=\"https:\/\/barrsell.com\/wp-content\/uploads\/2024\/08\/Tylo-Sense-Ticari-5.jpg\"><img fetchpriority=\"high\" decoding=\"async\" aria-describedby=\"caption-attachment-19323\" class=\"wp-image-19323 size-large\" src=\"https:\/\/barrsell.com\/wp-content\/uploads\/2024\/08\/Tylo-Sense-Ticari-5-1024x396.jpg\" alt=\"\" width=\"1024\" height=\"396\" srcset=\"https:\/\/barrsell.com\/wp-content\/uploads\/2024\/08\/Tylo-Sense-Ticari-5-1024x396.jpg 1024w, https:\/\/barrsell.com\/wp-content\/uploads\/2024\/08\/Tylo-Sense-Ticari-5-300x116.jpg 300w, https:\/\/barrsell.com\/wp-content\/uploads\/2024\/08\/Tylo-Sense-Ticari-5-768x297.jpg 768w, https:\/\/barrsell.com\/wp-content\/uploads\/2024\/08\/Tylo-Sense-Ticari-5-1536x594.jpg 1536w, https:\/\/barrsell.com\/wp-content\/uploads\/2024\/08\/Tylo-Sense-Ticari-5-18x7.jpg 18w, https:\/\/barrsell.com\/wp-content\/uploads\/2024\/08\/Tylo-Sense-Ticari-5-1200x464.jpg 1200w, https:\/\/barrsell.com\/wp-content\/uploads\/2024\/08\/Tylo-Sense-Ticari-5-150x58.jpg 150w, https:\/\/barrsell.com\/wp-content\/uploads\/2024\/08\/Tylo-Sense-Ticari-5.jpg 1576w\" sizes=\"(max-width: 1024px) 100vw, 1024px\" \/><\/a><p id=\"caption-attachment-19323\" class=\"wp-caption-text\">Tyl\u00f6 Sense Commercial -5<\/p><\/div>\n<h4><strong>Power Options and Sauna Capacity<\/strong><\/h4>\n<p><a href=\"https:\/\/barrsell.com\/en\/kategoriler\/sauna-isiticilari\/tylo-sauna-isiticilari\/\">Tylo<\/a> The Sense Commercial models offer various power options that are particularly suitable for sauna rooms of different sizes:<\/p>\n<ul>\n<li><strong>6\u00a0 kW<\/strong>:\n<ul>\n<li>Sauna capacity: <strong>4-8 m\u00b3<\/strong><\/li>\n<li>Area of use: Small commercial or public saunas.<\/li>\n<\/ul>\n<\/li>\n<li><strong>8 kW<\/strong>:\n<ul>\n<li>Sauna capacity: <strong>6-12 m\u00b3<\/strong><\/li>\n<li>Especially ideal for medium-sized sauna rooms.<\/li>\n<\/ul>\n<\/li>\n<li><strong>10 kW<\/strong>:\n<ul>\n<li>Sauna capacity: <strong>10-18 m\u00b3<\/strong><\/li>\n<li>Ideal for medium-sized sauna rooms.<\/li>\n<\/ul>\n<\/li>\n<li><strong>16 kW ve 20 kW<\/strong>:\n<ul>\n<li>Sauna capacity: <strong>18-35 m\u00b3<\/strong><\/li>\n<li>Designed for large-scale commercial sauna rooms.<\/li>\n<\/ul>\n<\/li>\n<\/ul>\n<div id=\"attachment_19334\" style=\"width: 410px\" class=\"wp-caption aligncenter\"><a href=\"https:\/\/barrsell.com\/wp-content\/uploads\/2024\/08\/tylo-sense-elite-kit-Zmk.jpg\"><img decoding=\"async\" aria-describedby=\"caption-attachment-19334\" class=\"wp-image-19334\" src=\"https:\/\/barrsell.com\/wp-content\/uploads\/2024\/08\/tylo-sense-elite-kit-Zmk-300x300.jpg\" alt=\"\" width=\"400\" height=\"400\" srcset=\"https:\/\/barrsell.com\/wp-content\/uploads\/2024\/08\/tylo-sense-elite-kit-Zmk-300x300.jpg 300w, https:\/\/barrsell.com\/wp-content\/uploads\/2024\/08\/tylo-sense-elite-kit-Zmk-1024x1024.jpg 1024w, https:\/\/barrsell.com\/wp-content\/uploads\/2024\/08\/tylo-sense-elite-kit-Zmk-150x150.jpg 150w, https:\/\/barrsell.com\/wp-content\/uploads\/2024\/08\/tylo-sense-elite-kit-Zmk-768x768.jpg 768w, https:\/\/barrsell.com\/wp-content\/uploads\/2024\/08\/tylo-sense-elite-kit-Zmk-12x12.jpg 12w, https:\/\/barrsell.com\/wp-content\/uploads\/2024\/08\/tylo-sense-elite-kit-Zmk-600x600.jpg 600w, https:\/\/barrsell.com\/wp-content\/uploads\/2024\/08\/tylo-sense-elite-kit-Zmk-50x50.jpg 50w, https:\/\/barrsell.com\/wp-content\/uploads\/2024\/08\/tylo-sense-elite-kit-Zmk-100x100.jpg 100w, https:\/\/barrsell.com\/wp-content\/uploads\/2024\/08\/tylo-sense-elite-kit-Zmk.jpg 1200w\" sizes=\"(max-width: 400px) 100vw, 400px\" \/><\/a><p id=\"caption-attachment-19334\" class=\"wp-caption-text\">tylo-sense-elite-kit-Zmk<\/p><\/div>\n<div class=\"mceTemp\"><\/div>\n<h4 style=\"text-align: left;\"><strong>Sense Commercial Technical Specifications<\/strong><\/h4>\n<ul>\n<li><strong>Fast Warming Up<\/strong>: Reaches the desired temperature in a short time.<\/li>\n<li><strong>Thermosafe Coating<\/strong>: Surface coating ensures safety and prevents accidental burns.<\/li>\n<li><strong>Split Output Technology<\/strong>: Sense Commercial reduces power consumption when the temperature reaches the target and saves energy at the same time.<\/li>\n<li><strong>Control Panel Compatibility<\/strong>: Compatible with Elite or Pure digital control panels, easy to use.<\/li>\n<li><strong>Mounting Options<\/strong>: Wall-mounted or free-standing installation options are available.<\/li>\n<li><strong>Stone Capacity<\/strong>: The models have a capacity of up to 20 kg of sauna stones (stones sold separately).<\/li>\n<\/ul>\n<h4><strong>Featured Advantages<\/strong><\/h4>\n<ol>\n<li><strong>Flexibility<\/strong>: Sense Commercial wide range of power options adapts to different sauna sizes.<\/li>\n<li><strong>Energy Efficiency<\/strong>: The \u201cReady At\u201d function ensures that the sauna is ready at a certain time at the desired temperature.<\/li>\n<li><strong>Resilience<\/strong>: Made with long-lasting and durable materials for commercial use.<\/li>\n<\/ol>","protected":false},"excerpt":{"rendered":"<ul>\n<li><strong>6\u00a0 kW<\/strong>: Sauna capacity: <strong>4-8 m\u00b3<\/strong><\/li>\n<li><strong>8 kW<\/strong>: Sauna capacity: <strong>6-12 m\u00b3<\/strong><\/li>\n<li><strong>10 kW<\/strong>: Sauna capacity: <strong>10-18 m\u00b3<\/strong><\/li>\n<li><strong>16 kW ve 20 kW<\/strong>: Sauna capacity: <strong>18-35 m\u00b3<\/strong><\/li>\n<\/ul>\n<div class=\"mceTemp\"><\/div>","protected":false},"featured_media":13573,"template":"","meta":[],"product_cat":[176],"product_tag":[],"class_list":{"0":"post-13571","1":"product","2":"type-product","3":"status-publish","4":"has-post-thumbnail","6":"product_cat-tylo-sauna-isiticilar","8":"first","9":"instock","10":"shipping-taxable","11":"purchasable","12":"product-type-variable"},"yoast_head":"<!-- This site is optimized with the Yoast SEO Premium plugin v23.2 (Yoast SEO v23.2) - https:\/\/yoast.com\/wordpress\/plugins\/seo\/ -->\n<title>Tyl\u00f6 Sense Ticari | Barrsell End\u00fcstri<\/title>\n<meta name=\"description\" content=\"Tyl\u00f6 Sense Ticari 20 geni\u015f ticari sauna alanlar\u0131 i\u00e7in tasarlanm\u0131\u015f y\u00fcksek kapasiteli \u0131s\u0131t\u0131c\u0131 serisidir. Hem y\u00fcksek performans hem de dayan\u0131kl\u0131l\u0131k\" \/>\n<meta name=\"robots\" content=\"index, follow, max-snippet:-1, max-image-preview:large, max-video-preview:-1\" \/>\n<link rel=\"canonical\" href=\"https:\/\/barrsell.com\/en\/product\/tylo-sense-commercial\/\" \/>\n<meta property=\"og:locale\" content=\"en_US\" \/>\n<meta property=\"og:type\" content=\"article\" \/>\n<meta property=\"og:title\" content=\"Tyl\u00f6 Sense Ticari\" \/>\n<meta property=\"og:description\" content=\"Tyl\u00f6 Sense Ticari 20 geni\u015f ticari sauna alanlar\u0131 i\u00e7in tasarlanm\u0131\u015f y\u00fcksek kapasiteli \u0131s\u0131t\u0131c\u0131 serisidir. Hem y\u00fcksek performans hem de dayan\u0131kl\u0131l\u0131k\" \/>\n<meta property=\"og:url\" content=\"https:\/\/barrsell.com\/en\/product\/tylo-sense-commercial\/\" \/>\n<meta property=\"og:site_name\" content=\"Barrsell\" \/>\n<meta property=\"article:modified_time\" content=\"2024-12-17T03:27:32+00:00\" \/>\n<meta property=\"og:image\" content=\"https:\/\/barrsell.com\/wp-content\/uploads\/2024\/08\/Tylo-Sense-Ticari.png\" \/>\n\t<meta property=\"og:image:width\" content=\"1200\" \/>\n\t<meta property=\"og:image:height\" content=\"1200\" \/>\n\t<meta property=\"og:image:type\" content=\"image\/png\" \/>\n<meta name=\"twitter:card\" content=\"summary_large_image\" \/>\n<meta name=\"twitter:label1\" content=\"Est. reading time\" \/>\n\t<meta name=\"twitter:data1\" content=\"3 minutes\" \/>\n<script type=\"application\/ld+json\" class=\"yoast-schema-graph\">{\"@context\":\"https:\/\/schema.org\",\"@graph\":[{\"@type\":\"WebPage\",\"@id\":\"https:\/\/barrsell.com\/urun\/tylo-sense-ticari\/\",\"url\":\"https:\/\/barrsell.com\/urun\/tylo-sense-ticari\/\",\"name\":\"Tyl\u00f6 Sense Ticari | Barrsell End\u00fcstri\",\"isPartOf\":{\"@id\":\"https:\/\/barrsell.com\/#website\"},\"primaryImageOfPage\":{\"@id\":\"https:\/\/barrsell.com\/urun\/tylo-sense-ticari\/#primaryimage\"},\"image\":{\"@id\":\"https:\/\/barrsell.com\/urun\/tylo-sense-ticari\/#primaryimage\"},\"thumbnailUrl\":\"https:\/\/barrsell.com\/wp-content\/uploads\/2024\/08\/Tylo-Sense-Ticari.png\",\"datePublished\":\"2024-08-30T12:06:58+00:00\",\"dateModified\":\"2024-12-17T03:27:32+00:00\",\"description\":\"Tyl\u00f6 Sense Ticari 20 geni\u015f ticari sauna alanlar\u0131 i\u00e7in tasarlanm\u0131\u015f y\u00fcksek kapasiteli \u0131s\u0131t\u0131c\u0131 serisidir. Hem y\u00fcksek performans hem de dayan\u0131kl\u0131l\u0131k\",\"breadcrumb\":{\"@id\":\"https:\/\/barrsell.com\/urun\/tylo-sense-ticari\/#breadcrumb\"},\"inLanguage\":\"en-US\",\"potentialAction\":[{\"@type\":\"ReadAction\",\"target\":[\"https:\/\/barrsell.com\/urun\/tylo-sense-ticari\/\"]}]},{\"@type\":\"ImageObject\",\"inLanguage\":\"en-US\",\"@id\":\"https:\/\/barrsell.com\/urun\/tylo-sense-ticari\/#primaryimage\",\"url\":\"https:\/\/barrsell.com\/wp-content\/uploads\/2024\/08\/Tylo-Sense-Ticari.png\",\"contentUrl\":\"https:\/\/barrsell.com\/wp-content\/uploads\/2024\/08\/Tylo-Sense-Ticari.png\",\"width\":1200,\"height\":1200,\"caption\":\"Tyl\u00f6 Sense Ticari 10\"},{\"@type\":\"BreadcrumbList\",\"@id\":\"https:\/\/barrsell.com\/urun\/tylo-sense-ticari\/#breadcrumb\",\"itemListElement\":[{\"@type\":\"ListItem\",\"position\":1,\"name\":\"Home\",\"item\":\"https:\/\/barrsell.com\/\"},{\"@type\":\"ListItem\",\"position\":2,\"name\":\"\u00dcr\u00fcnler\",\"item\":\"https:\/\/barrsell.com\/en\/products\/\"},{\"@type\":\"ListItem\",\"position\":3,\"name\":\"Tyl\u00f6 Sense Ticari\"}]},{\"@type\":\"WebSite\",\"@id\":\"https:\/\/barrsell.com\/#website\",\"url\":\"https:\/\/barrsell.com\/\",\"name\":\"Barrsell End\u00fcstri Makine\",\"description\":\"Teknolojiyle G\u00fc\u00e7lenen End\u00fcstriyel \u00c7\u00f6z\u00fcmler!\",\"potentialAction\":[{\"@type\":\"SearchAction\",\"target\":{\"@type\":\"EntryPoint\",\"urlTemplate\":\"https:\/\/barrsell.com\/?s={search_term_string}\"},\"query-input\":\"required name=search_term_string\"}],\"inLanguage\":\"en-US\"}]}<\/script>\n<!-- \/ Yoast SEO Premium plugin. -->","yoast_head_json":{"title":"Tyl\u00f6 Sense Ticari | Barrsell End\u00fcstri","description":"Tyl\u00f6 Sense Ticari 20 geni\u015f ticari sauna alanlar\u0131 i\u00e7in tasarlanm\u0131\u015f y\u00fcksek kapasiteli \u0131s\u0131t\u0131c\u0131 serisidir. Hem y\u00fcksek performans hem de dayan\u0131kl\u0131l\u0131k","robots":{"index":"index","follow":"follow","max-snippet":"max-snippet:-1","max-image-preview":"max-image-preview:large","max-video-preview":"max-video-preview:-1"},"canonical":"https:\/\/barrsell.com\/en\/product\/tylo-sense-commercial\/","og_locale":"en_US","og_type":"article","og_title":"Tyl\u00f6 Sense Ticari","og_description":"Tyl\u00f6 Sense Ticari 20 geni\u015f ticari sauna alanlar\u0131 i\u00e7in tasarlanm\u0131\u015f y\u00fcksek kapasiteli \u0131s\u0131t\u0131c\u0131 serisidir. Hem y\u00fcksek performans hem de dayan\u0131kl\u0131l\u0131k","og_url":"https:\/\/barrsell.com\/en\/product\/tylo-sense-commercial\/","og_site_name":"Barrsell","article_modified_time":"2024-12-17T03:27:32+00:00","og_image":[{"width":1200,"height":1200,"url":"https:\/\/barrsell.com\/wp-content\/uploads\/2024\/08\/Tylo-Sense-Ticari.png","type":"image\/png"}],"twitter_card":"summary_large_image","twitter_misc":{"Est. reading time":"3 minutes"},"schema":{"@context":"https:\/\/schema.org","@graph":[{"@type":"WebPage","@id":"https:\/\/barrsell.com\/urun\/tylo-sense-ticari\/","url":"https:\/\/barrsell.com\/urun\/tylo-sense-ticari\/","name":"Tyl\u00f6 Sense Ticari | Barrsell End\u00fcstri","isPartOf":{"@id":"https:\/\/barrsell.com\/#website"},"primaryImageOfPage":{"@id":"https:\/\/barrsell.com\/urun\/tylo-sense-ticari\/#primaryimage"},"image":{"@id":"https:\/\/barrsell.com\/urun\/tylo-sense-ticari\/#primaryimage"},"thumbnailUrl":"https:\/\/barrsell.com\/wp-content\/uploads\/2024\/08\/Tylo-Sense-Ticari.png","datePublished":"2024-08-30T12:06:58+00:00","dateModified":"2024-12-17T03:27:32+00:00","description":"Tyl\u00f6 Sense Ticari 20 geni\u015f ticari sauna alanlar\u0131 i\u00e7in tasarlanm\u0131\u015f y\u00fcksek kapasiteli \u0131s\u0131t\u0131c\u0131 serisidir. Hem y\u00fcksek performans hem de dayan\u0131kl\u0131l\u0131k","breadcrumb":{"@id":"https:\/\/barrsell.com\/urun\/tylo-sense-ticari\/#breadcrumb"},"inLanguage":"en-US","potentialAction":[{"@type":"ReadAction","target":["https:\/\/barrsell.com\/urun\/tylo-sense-ticari\/"]}]},{"@type":"ImageObject","inLanguage":"en-US","@id":"https:\/\/barrsell.com\/urun\/tylo-sense-ticari\/#primaryimage","url":"https:\/\/barrsell.com\/wp-content\/uploads\/2024\/08\/Tylo-Sense-Ticari.png","contentUrl":"https:\/\/barrsell.com\/wp-content\/uploads\/2024\/08\/Tylo-Sense-Ticari.png","width":1200,"height":1200,"caption":"Tyl\u00f6 Sense Ticari 10"},{"@type":"BreadcrumbList","@id":"https:\/\/barrsell.com\/urun\/tylo-sense-ticari\/#breadcrumb","itemListElement":[{"@type":"ListItem","position":1,"name":"Home","item":"https:\/\/barrsell.com\/"},{"@type":"ListItem","position":2,"name":"\u00dcr\u00fcnler","item":"https:\/\/barrsell.com\/en\/products\/"},{"@type":"ListItem","position":3,"name":"Tyl\u00f6 Sense Ticari"}]},{"@type":"WebSite","@id":"https:\/\/barrsell.com\/#website","url":"https:\/\/barrsell.com\/","name":"Barrsell End\u00fcstri Makine","description":"Teknolojiyle G\u00fc\u00e7lenen End\u00fcstriyel \u00c7\u00f6z\u00fcmler!","potentialAction":[{"@type":"SearchAction","target":{"@type":"EntryPoint","urlTemplate":"https:\/\/barrsell.com\/?s={search_term_string}"},"query-input":"required name=search_term_string"}],"inLanguage":"en-US"}]}},"_links":{"self":[{"href":"https:\/\/barrsell.com\/en\/wp-json\/wp\/v2\/product\/13571","targetHints":{"allow":["GET"]}}],"collection":[{"href":"https:\/\/barrsell.com\/en\/wp-json\/wp\/v2\/product"}],"about":[{"href":"https:\/\/barrsell.com\/en\/wp-json\/wp\/v2\/types\/product"}],"version-history":[{"count":10,"href":"https:\/\/barrsell.com\/en\/wp-json\/wp\/v2\/product\/13571\/revisions"}],"predecessor-version":[{"id":19338,"href":"https:\/\/barrsell.com\/en\/wp-json\/wp\/v2\/product\/13571\/revisions\/19338"}],"wp:featuredmedia":[{"embeddable":true,"href":"https:\/\/barrsell.com\/en\/wp-json\/wp\/v2\/media\/13573"}],"wp:attachment":[{"href":"https:\/\/barrsell.com\/en\/wp-json\/wp\/v2\/media?parent=13571"}],"wp:term":[{"taxonomy":"product_cat","embeddable":true,"href":"https:\/\/barrsell.com\/en\/wp-json\/wp\/v2\/product_cat?post=13571"},{"taxonomy":"product_tag","embeddable":true,"href":"https:\/\/barrsell.com\/en\/wp-json\/wp\/v2\/product_tag?post=13571"}],"curies":[{"name":"wp","href":"https:\/\/api.w.org\/{rel}","templated":true}]}}