{"id":13565,"date":"2024-08-30T12:00:44","date_gmt":"2024-08-30T12:00:44","guid":{"rendered":"https:\/\/barrsell.com\/?post_type=product&#038;p=13565"},"modified":"2024-12-17T14:32:43","modified_gmt":"2024-12-17T14:32:43","slug":"tylo-sense-combi-pure","status":"publish","type":"product","link":"https:\/\/barrsell.com\/en\/product\/tylo-sense-combi-pure\/","title":{"rendered":"Tyl\u00f6 Sense Combi Pure"},"content":{"rendered":"<h2><strong>Tyl\u00f6 Sense Combi Pure:<\/strong><\/h2>\n<p>Tyl\u00f6 Sense Combi Pure is a sauna stove that takes sauna pleasure one step further and stands out with its user-friendly interface and innovative technology. It provides a customizable solution according to the needs of the users by offering both dry sauna and steam sauna experience together.<\/p>\n<p><a href=\"https:\/\/barrsell.com\/wp-content\/uploads\/2024\/08\/Tylo-Sense-Combi-Pure-001.jpg\"><img fetchpriority=\"high\" decoding=\"async\" class=\"wp-image-19375 size-large\" src=\"https:\/\/barrsell.com\/wp-content\/uploads\/2024\/08\/Tylo-Sense-Combi-Pure-001-1024x768.jpg\" alt=\"\" width=\"1024\" height=\"768\" srcset=\"https:\/\/barrsell.com\/wp-content\/uploads\/2024\/08\/Tylo-Sense-Combi-Pure-001-1024x768.jpg 1024w, https:\/\/barrsell.com\/wp-content\/uploads\/2024\/08\/Tylo-Sense-Combi-Pure-001-300x225.jpg 300w, https:\/\/barrsell.com\/wp-content\/uploads\/2024\/08\/Tylo-Sense-Combi-Pure-001-768x576.jpg 768w, https:\/\/barrsell.com\/wp-content\/uploads\/2024\/08\/Tylo-Sense-Combi-Pure-001-16x12.jpg 16w, https:\/\/barrsell.com\/wp-content\/uploads\/2024\/08\/Tylo-Sense-Combi-Pure-001-150x113.jpg 150w, https:\/\/barrsell.com\/wp-content\/uploads\/2024\/08\/Tylo-Sense-Combi-Pure-001.jpg 1200w\" sizes=\"(max-width: 1024px) 100vw, 1024px\" \/><\/a><\/p>\n<h4><strong>Technical Specifications and Performance<\/strong><\/h4>\n<ul>\n<li><strong>Power Options:<\/strong><br \/>\n<strong>Combi Pure offers power options suitable for different sauna sizes. In particular, the standard models come with power capacities of 6.6 kW and 8 kW.<\/strong><\/p>\n<ul>\n<li><strong>Ideal sauna volume for the 6.6 kW model: 4-8 m\u00b3<\/strong><\/li>\n<li><strong>Ideal sauna volume for the 8 kW model: 6-12 m\u00b3<\/strong><\/li>\n<li><strong>10 kW modeli i\u00e7in ideal sauna hacmi: 10-18 m\u00b3<\/strong><\/li>\n<\/ul>\n<\/li>\n<li><strong>Fast Heating System<\/strong>:<br \/>\n<strong>Tyl\u00f6 Sense<\/strong> serisinin patentli &#8220;<strong>Energy Saving<\/strong>&#8221; teknolojisi sayesinde soba, saunan\u0131z\u0131 h\u0131zl\u0131 bir \u015fekilde \u0131s\u0131t\u0131r ve ayn\u0131 zamanda enerji t\u00fcketimini optimize eder. Dolay\u0131s\u0131yla bu teknoloji, kullan\u0131m s\u0131ras\u0131nda %30&#8217;a varan enerji tasarrufu sa\u011flar.<\/li>\n<li><strong>Stainless Steel Resistances<\/strong>:<br \/>\nThanks to the long-lasting and durable heating elements, the stove maintains its high performance for years.<\/li>\n<li><strong>Water Reservoir Capacity<\/strong>:<br \/>\n<strong>5 liters<\/strong> capacity water tank provides long lasting steam function. So you can easily fill and clean the reservoir.<\/li>\n<\/ul>\n<div class=\"mceTemp\">\n<div class=\"mceTemp\">\n<h4><strong>Control System Pure Panel<\/strong><\/h4>\n<p><strong>Touch Control Panel<\/strong>:<br \/>\nIt allows you to precisely adjust user-friendly temperature and humidity levels. In addition, it offers a modern user experience with its minimalist design and touchscreen display.<\/p>\n<p><strong>Timer and Programming<\/strong>:<br \/>\nYou can pre-set the operating time of your sauna and also have it automatically activated at any time.<\/p>\n<p><strong>Quiet Operation<\/strong>:<br \/>\nTyl\u00f6 Sense Combi Pure offers a relaxing sauna experience thanks to its quiet operation.<\/p>\n<p class=\" translation-block\"><strong>G\u00fcvenli Kullan\u0131m<\/strong>:<br>\r\n<strong>A\u015f\u0131r\u0131 \u0131s\u0131nma korumas\u0131<\/strong> veya <strong>\u00e7ocuk kilidi<\/strong> gibi g\u00fcvenlik \u00f6nlemleriyle kullan\u0131c\u0131 g\u00fcvenli\u011fini maksimum seviyede tutar.<\/p>\n<p><strong>Compact Design<\/strong>:<br \/>\nThanks to its particularly elegant and compact design, you can easily install it even in small sauna rooms.  As a result, the wall-mounted design saves space.<\/p>\n<\/div>\n<div id=\"attachment_19377\" style=\"width: 505px\" class=\"wp-caption alignnone\"><a href=\"https:\/\/barrsell.com\/wp-content\/uploads\/2024\/08\/Tylo-Sense-Combi-Pure-003.jpg\"><img decoding=\"async\" aria-describedby=\"caption-attachment-19377\" class=\"wp-image-19377 size-full\" src=\"https:\/\/barrsell.com\/wp-content\/uploads\/2024\/08\/Tylo-Sense-Combi-Pure-003.jpg\" alt=\"\" width=\"495\" height=\"344\" srcset=\"https:\/\/barrsell.com\/wp-content\/uploads\/2024\/08\/Tylo-Sense-Combi-Pure-003.jpg 495w, https:\/\/barrsell.com\/wp-content\/uploads\/2024\/08\/Tylo-Sense-Combi-Pure-003-300x208.jpg 300w, https:\/\/barrsell.com\/wp-content\/uploads\/2024\/08\/Tylo-Sense-Combi-Pure-003-18x12.jpg 18w, https:\/\/barrsell.com\/wp-content\/uploads\/2024\/08\/Tylo-Sense-Combi-Pure-003-150x104.jpg 150w\" sizes=\"(max-width: 495px) 100vw, 495px\" \/><\/a><p id=\"caption-attachment-19377\" class=\"wp-caption-text\">Tyl\u00f6 Sense Combi Pure-003<\/p><\/div>\n<\/div>","protected":false},"excerpt":{"rendered":"<ul>\n<li><strong>Power Options<\/strong>:\n<ul>\n<li><strong>6.6 kW<\/strong> The ideal sauna volume for the model: <strong>4-8 m\u00b3<\/strong><\/li>\n<li><strong>8 kW<\/strong> The ideal sauna volume for the model: <strong>6-12 m\u00b3<\/strong><\/li>\n<li><strong>10 kW<\/strong> The ideal sauna volume for the model: <strong>10-18 m\u00b3<\/strong><\/li>\n<\/ul>\n<\/li>\n<\/ul>","protected":false},"featured_media":13566,"template":"","meta":[],"product_cat":[176],"product_tag":[],"class_list":{"0":"post-13565","1":"product","2":"type-product","3":"status-publish","4":"has-post-thumbnail","6":"product_cat-tylo-sauna-isiticilar","8":"first","9":"instock","10":"shipping-taxable","11":"purchasable","12":"product-type-variable"},"yoast_head":"<!-- This site is optimized with the Yoast SEO Premium plugin v23.2 (Yoast SEO v23.2) - https:\/\/yoast.com\/wordpress\/plugins\/seo\/ -->\n<title>Tyl\u00f6 Sense Combi Pure | Barrsell End\u00fcstri<\/title>\n<meta name=\"description\" content=\"Tyl\u00f6 Sense Combi Pure, sauna keyfini bir ad\u0131m \u00f6teye ta\u015f\u0131yan, kullan\u0131c\u0131 dostu aray\u00fcz\u00fc ve yenilik\u00e7i teknolojisiyle dikkat \u00e7eken bir sauna sobas\u0131d\u0131r.\" \/>\n<meta name=\"robots\" content=\"index, follow, max-snippet:-1, max-image-preview:large, max-video-preview:-1\" \/>\n<link rel=\"canonical\" href=\"https:\/\/barrsell.com\/en\/product\/tylo-sense-combi-pure\/\" \/>\n<meta property=\"og:locale\" content=\"en_US\" \/>\n<meta property=\"og:type\" content=\"article\" \/>\n<meta property=\"og:title\" content=\"Tyl\u00f6 Sense Combi Pure\" \/>\n<meta property=\"og:description\" content=\"Tyl\u00f6 Sense Combi Pure, sauna keyfini bir ad\u0131m \u00f6teye ta\u015f\u0131yan, kullan\u0131c\u0131 dostu aray\u00fcz\u00fc ve yenilik\u00e7i teknolojisiyle dikkat \u00e7eken bir sauna sobas\u0131d\u0131r.\" \/>\n<meta property=\"og:url\" content=\"https:\/\/barrsell.com\/en\/product\/tylo-sense-combi-pure\/\" \/>\n<meta property=\"og:site_name\" content=\"Barrsell\" \/>\n<meta property=\"article:modified_time\" content=\"2024-12-17T14:32:43+00:00\" \/>\n<meta property=\"og:image\" content=\"https:\/\/barrsell.com\/wp-content\/uploads\/2024\/08\/Tylo-Sense-Kombi-Saf-Gri.png\" \/>\n\t<meta property=\"og:image:width\" content=\"1200\" \/>\n\t<meta property=\"og:image:height\" content=\"1200\" \/>\n\t<meta property=\"og:image:type\" content=\"image\/png\" \/>\n<meta name=\"twitter:card\" content=\"summary_large_image\" \/>\n<meta name=\"twitter:label1\" content=\"Est. reading time\" \/>\n\t<meta name=\"twitter:data1\" content=\"3 minutes\" \/>\n<script type=\"application\/ld+json\" class=\"yoast-schema-graph\">{\"@context\":\"https:\/\/schema.org\",\"@graph\":[{\"@type\":\"WebPage\",\"@id\":\"https:\/\/barrsell.com\/urun\/tylo-sense-combi-pure\/\",\"url\":\"https:\/\/barrsell.com\/urun\/tylo-sense-combi-pure\/\",\"name\":\"Tyl\u00f6 Sense Combi Pure | Barrsell End\u00fcstri\",\"isPartOf\":{\"@id\":\"https:\/\/barrsell.com\/#website\"},\"primaryImageOfPage\":{\"@id\":\"https:\/\/barrsell.com\/urun\/tylo-sense-combi-pure\/#primaryimage\"},\"image\":{\"@id\":\"https:\/\/barrsell.com\/urun\/tylo-sense-combi-pure\/#primaryimage\"},\"thumbnailUrl\":\"https:\/\/barrsell.com\/wp-content\/uploads\/2024\/08\/Tylo-Sense-Kombi-Saf-Gri.png\",\"datePublished\":\"2024-08-30T12:00:44+00:00\",\"dateModified\":\"2024-12-17T14:32:43+00:00\",\"description\":\"Tyl\u00f6 Sense Combi Pure, sauna keyfini bir ad\u0131m \u00f6teye ta\u015f\u0131yan, kullan\u0131c\u0131 dostu aray\u00fcz\u00fc ve yenilik\u00e7i teknolojisiyle dikkat \u00e7eken bir sauna sobas\u0131d\u0131r.\",\"breadcrumb\":{\"@id\":\"https:\/\/barrsell.com\/urun\/tylo-sense-combi-pure\/#breadcrumb\"},\"inLanguage\":\"en-US\",\"potentialAction\":[{\"@type\":\"ReadAction\",\"target\":[\"https:\/\/barrsell.com\/urun\/tylo-sense-combi-pure\/\"]}]},{\"@type\":\"ImageObject\",\"inLanguage\":\"en-US\",\"@id\":\"https:\/\/barrsell.com\/urun\/tylo-sense-combi-pure\/#primaryimage\",\"url\":\"https:\/\/barrsell.com\/wp-content\/uploads\/2024\/08\/Tylo-Sense-Kombi-Saf-Gri.png\",\"contentUrl\":\"https:\/\/barrsell.com\/wp-content\/uploads\/2024\/08\/Tylo-Sense-Kombi-Saf-Gri.png\",\"width\":1200,\"height\":1200,\"caption\":\"Tyl\u00f6 Sense Kombi Saf Gri\"},{\"@type\":\"BreadcrumbList\",\"@id\":\"https:\/\/barrsell.com\/urun\/tylo-sense-combi-pure\/#breadcrumb\",\"itemListElement\":[{\"@type\":\"ListItem\",\"position\":1,\"name\":\"Home\",\"item\":\"https:\/\/barrsell.com\/\"},{\"@type\":\"ListItem\",\"position\":2,\"name\":\"\u00dcr\u00fcnler\",\"item\":\"https:\/\/barrsell.com\/en\/products\/\"},{\"@type\":\"ListItem\",\"position\":3,\"name\":\"Tyl\u00f6 Sense Combi Pure\"}]},{\"@type\":\"WebSite\",\"@id\":\"https:\/\/barrsell.com\/#website\",\"url\":\"https:\/\/barrsell.com\/\",\"name\":\"Barrsell End\u00fcstri Makine\",\"description\":\"Teknolojiyle G\u00fc\u00e7lenen End\u00fcstriyel \u00c7\u00f6z\u00fcmler!\",\"potentialAction\":[{\"@type\":\"SearchAction\",\"target\":{\"@type\":\"EntryPoint\",\"urlTemplate\":\"https:\/\/barrsell.com\/?s={search_term_string}\"},\"query-input\":\"required name=search_term_string\"}],\"inLanguage\":\"en-US\"}]}<\/script>\n<!-- \/ Yoast SEO Premium plugin. -->","yoast_head_json":{"title":"Tyl\u00f6 Sense Combi Pure | Barrsell End\u00fcstri","description":"Tyl\u00f6 Sense Combi Pure, sauna keyfini bir ad\u0131m \u00f6teye ta\u015f\u0131yan, kullan\u0131c\u0131 dostu aray\u00fcz\u00fc ve yenilik\u00e7i teknolojisiyle dikkat \u00e7eken bir sauna sobas\u0131d\u0131r.","robots":{"index":"index","follow":"follow","max-snippet":"max-snippet:-1","max-image-preview":"max-image-preview:large","max-video-preview":"max-video-preview:-1"},"canonical":"https:\/\/barrsell.com\/en\/product\/tylo-sense-combi-pure\/","og_locale":"en_US","og_type":"article","og_title":"Tyl\u00f6 Sense Combi Pure","og_description":"Tyl\u00f6 Sense Combi Pure, sauna keyfini bir ad\u0131m \u00f6teye ta\u015f\u0131yan, kullan\u0131c\u0131 dostu aray\u00fcz\u00fc ve yenilik\u00e7i teknolojisiyle dikkat \u00e7eken bir sauna sobas\u0131d\u0131r.","og_url":"https:\/\/barrsell.com\/en\/product\/tylo-sense-combi-pure\/","og_site_name":"Barrsell","article_modified_time":"2024-12-17T14:32:43+00:00","og_image":[{"width":1200,"height":1200,"url":"https:\/\/barrsell.com\/wp-content\/uploads\/2024\/08\/Tylo-Sense-Kombi-Saf-Gri.png","type":"image\/png"}],"twitter_card":"summary_large_image","twitter_misc":{"Est. reading time":"3 minutes"},"schema":{"@context":"https:\/\/schema.org","@graph":[{"@type":"WebPage","@id":"https:\/\/barrsell.com\/urun\/tylo-sense-combi-pure\/","url":"https:\/\/barrsell.com\/urun\/tylo-sense-combi-pure\/","name":"Tyl\u00f6 Sense Combi Pure | Barrsell End\u00fcstri","isPartOf":{"@id":"https:\/\/barrsell.com\/#website"},"primaryImageOfPage":{"@id":"https:\/\/barrsell.com\/urun\/tylo-sense-combi-pure\/#primaryimage"},"image":{"@id":"https:\/\/barrsell.com\/urun\/tylo-sense-combi-pure\/#primaryimage"},"thumbnailUrl":"https:\/\/barrsell.com\/wp-content\/uploads\/2024\/08\/Tylo-Sense-Kombi-Saf-Gri.png","datePublished":"2024-08-30T12:00:44+00:00","dateModified":"2024-12-17T14:32:43+00:00","description":"Tyl\u00f6 Sense Combi Pure, sauna keyfini bir ad\u0131m \u00f6teye ta\u015f\u0131yan, kullan\u0131c\u0131 dostu aray\u00fcz\u00fc ve yenilik\u00e7i teknolojisiyle dikkat \u00e7eken bir sauna sobas\u0131d\u0131r.","breadcrumb":{"@id":"https:\/\/barrsell.com\/urun\/tylo-sense-combi-pure\/#breadcrumb"},"inLanguage":"en-US","potentialAction":[{"@type":"ReadAction","target":["https:\/\/barrsell.com\/urun\/tylo-sense-combi-pure\/"]}]},{"@type":"ImageObject","inLanguage":"en-US","@id":"https:\/\/barrsell.com\/urun\/tylo-sense-combi-pure\/#primaryimage","url":"https:\/\/barrsell.com\/wp-content\/uploads\/2024\/08\/Tylo-Sense-Kombi-Saf-Gri.png","contentUrl":"https:\/\/barrsell.com\/wp-content\/uploads\/2024\/08\/Tylo-Sense-Kombi-Saf-Gri.png","width":1200,"height":1200,"caption":"Tyl\u00f6 Sense Kombi Saf Gri"},{"@type":"BreadcrumbList","@id":"https:\/\/barrsell.com\/urun\/tylo-sense-combi-pure\/#breadcrumb","itemListElement":[{"@type":"ListItem","position":1,"name":"Home","item":"https:\/\/barrsell.com\/"},{"@type":"ListItem","position":2,"name":"\u00dcr\u00fcnler","item":"https:\/\/barrsell.com\/en\/products\/"},{"@type":"ListItem","position":3,"name":"Tyl\u00f6 Sense Combi Pure"}]},{"@type":"WebSite","@id":"https:\/\/barrsell.com\/#website","url":"https:\/\/barrsell.com\/","name":"Barrsell End\u00fcstri Makine","description":"Teknolojiyle G\u00fc\u00e7lenen End\u00fcstriyel \u00c7\u00f6z\u00fcmler!","potentialAction":[{"@type":"SearchAction","target":{"@type":"EntryPoint","urlTemplate":"https:\/\/barrsell.com\/?s={search_term_string}"},"query-input":"required name=search_term_string"}],"inLanguage":"en-US"}]}},"_links":{"self":[{"href":"https:\/\/barrsell.com\/en\/wp-json\/wp\/v2\/product\/13565","targetHints":{"allow":["GET"]}}],"collection":[{"href":"https:\/\/barrsell.com\/en\/wp-json\/wp\/v2\/product"}],"about":[{"href":"https:\/\/barrsell.com\/en\/wp-json\/wp\/v2\/types\/product"}],"version-history":[{"count":14,"href":"https:\/\/barrsell.com\/en\/wp-json\/wp\/v2\/product\/13565\/revisions"}],"predecessor-version":[{"id":19385,"href":"https:\/\/barrsell.com\/en\/wp-json\/wp\/v2\/product\/13565\/revisions\/19385"}],"wp:featuredmedia":[{"embeddable":true,"href":"https:\/\/barrsell.com\/en\/wp-json\/wp\/v2\/media\/13566"}],"wp:attachment":[{"href":"https:\/\/barrsell.com\/en\/wp-json\/wp\/v2\/media?parent=13565"}],"wp:term":[{"taxonomy":"product_cat","embeddable":true,"href":"https:\/\/barrsell.com\/en\/wp-json\/wp\/v2\/product_cat?post=13565"},{"taxonomy":"product_tag","embeddable":true,"href":"https:\/\/barrsell.com\/en\/wp-json\/wp\/v2\/product_tag?post=13565"}],"curies":[{"name":"wp","href":"https:\/\/api.w.org\/{rel}","templated":true}]}}