{"id":13543,"date":"2024-08-30T11:22:22","date_gmt":"2024-08-30T11:22:22","guid":{"rendered":"https:\/\/barrsell.com\/?post_type=product&#038;p=13543"},"modified":"2024-12-19T09:46:43","modified_gmt":"2024-12-19T09:46:43","slug":"tylo-pure-kontrol-paneli-pure","status":"publish","type":"product","link":"https:\/\/barrsell.com\/en\/product\/tylo-pure-control-panel-pure\/","title":{"rendered":"Tyl\u00f6 Pure Control Panel Pure"},"content":{"rendered":"<h2>Tyl\u00f6 Pure Control Panel Pure<\/h2>\n<p>Tyl\u00f6 Pure Control Panel is a modern, stylish and functional control panel designed for sauna users. It also stands out with its minimalist design and advanced technology, making it a perfect choice for both home saunas and commercial saunas. At the same time, thanks to its user-friendly interface, it allows you to easily control the sauna temperature, humidity level and other settings.<\/p>\n<h4><strong>Technical Specifications<\/strong><\/h4>\n<ol>\n<li><strong>Touch Screen<\/strong>\n<ul>\n<li>User-friendly, high-sensitivity touch screen.<\/li>\n<li>The stylish and compact design also fits in with any type of sauna decoration.<\/li>\n<\/ul>\n<\/li>\n<li><strong>Temperature and Humidity Control<\/strong>\n<ul>\n<li>Temperature range: 20\u00b0C - 110\u00b0C.<\/li>\n<li>Additional possibility to switch between dry and steam sauna with humidity control.<\/li>\n<\/ul>\n<\/li>\n<li><strong>Programmable Timing<\/strong>\n<ul>\n<li>With the programmable weekly timer feature, you can plan your sauna sessions in advance.<\/li>\n<li>Programming options for energy saving.<\/li>\n<\/ul>\n<\/li>\n<li><strong>Energy Efficiency<\/strong>\n<ul>\n<li>It offers an environmentally friendly use with low energy consumption.<\/li>\n<li>Ak\u0131ll\u0131 enerji y\u00f6netim sistemi sayesinde elektrik tasarrufu sa\u011flar.<\/li>\n<\/ul>\n<\/li>\n<li><strong>Easy Assembly and Compliance<\/strong>\n<ul>\n<li class=\" translation-block\">Fully compatible with <a href=\"\/\/barrsell.com\/kategoriler\/sauna-isiticilari\/tylo-sauna-isiticilari\/\u201d\" target=\"\u201c_self\u201d\">Tyl\u00f6 sauna heaters<\/a>; also available with adapters for integration with other brands.<\/li>\n<li>Comes with easy installation kit for wall mounting.<\/li>\n<\/ul>\n<\/li>\n<\/ol>\n<h4><strong>Advantages of Tyl\u00f6 control panel<\/strong><\/h4>\n<ul>\n<li class=\" translation-block\"><strong>Modern Design:<\/strong> The minimalist and elegant design especially complements the aesthetic appearance of your sauna.<\/li>\n<li class=\" translation-block\"><strong>Easy to Use:<\/strong> You can use it easily thanks to its simple and intuitive interface.<\/li>\n<li class=\" translation-block\"><strong>Long Life:<\/strong> The Tyl\u00f6 control unit offers many years of durability with its high quality material.<\/li>\n<li class=\" translation-block\"><strong>Healthy Sauna Experience:<\/strong> Precise temperature or humidity control creates the ideal sauna environment.<\/li>\n<li class=\" translation-block\"><strong>Flexibility:<\/strong> You can easily integrate it into various sauna and steam systems.<\/li>\n<li class=\" translation-block\"><strong>Easy Installation:<\/strong> Suitable for both new installations and integration with existing systems.<\/li>\n<\/ul>\n<p>&nbsp;<\/p>","protected":false},"excerpt":{"rendered":"<h4>Compatibility with Sauna Heaters<\/h4>\n<ul>\n<li>Tyl\u00f6 Sense Series<\/li>\n<li>Tyl\u00f6 Expression Series<\/li>\n<li>Tyl\u00f6 Compact Series<\/li>\n<\/ul>\n<h4>Compatibility with Steam Generators<\/h4>\n<ul>\n<li>Tyl\u00f6 Steam Home<\/li>\n<li>Tyl\u00f6 Steam Commercial<\/li>\n<\/ul>","protected":false},"featured_media":13544,"template":"","meta":[],"product_cat":[178],"product_tag":[],"class_list":{"0":"post-13543","1":"product","2":"type-product","3":"status-publish","4":"has-post-thumbnail","6":"product_cat-tylo-kontrol-uniteleri","8":"first","9":"instock","10":"shipping-taxable","11":"product-type-external"},"yoast_head":"<!-- This site is optimized with the Yoast SEO Premium plugin v23.2 (Yoast SEO v23.2) - https:\/\/yoast.com\/wordpress\/plugins\/seo\/ -->\n<title>Tyl\u00f6 Pure Kontrol Paneli Pure | Barrsell End\u00fcstri<\/title>\n<meta name=\"description\" content=\"Tyl\u00f6 Pure Kontrol Paneli, minimalist tasar\u0131m\u0131 ve geli\u015fmi\u015f teknolojisiyle sauna kullan\u0131c\u0131lar\u0131 i\u00e7in tasarlanm\u0131\u015f modern, \u015f\u0131k ve i\u015flevsel bir kontrol panelidir.\" \/>\n<meta name=\"robots\" content=\"index, follow, max-snippet:-1, max-image-preview:large, max-video-preview:-1\" \/>\n<link rel=\"canonical\" href=\"https:\/\/barrsell.com\/en\/product\/tylo-pure-control-panel-pure\/\" \/>\n<meta property=\"og:locale\" content=\"en_US\" \/>\n<meta property=\"og:type\" content=\"article\" \/>\n<meta property=\"og:title\" content=\"Tyl\u00f6 Pure Kontrol Paneli Pure\" \/>\n<meta property=\"og:description\" content=\"Tyl\u00f6 Pure Kontrol Paneli, minimalist tasar\u0131m\u0131 ve geli\u015fmi\u015f teknolojisiyle sauna kullan\u0131c\u0131lar\u0131 i\u00e7in tasarlanm\u0131\u015f modern, \u015f\u0131k ve i\u015flevsel bir kontrol panelidir.\" \/>\n<meta property=\"og:url\" content=\"https:\/\/barrsell.com\/en\/product\/tylo-pure-control-panel-pure\/\" \/>\n<meta property=\"og:site_name\" content=\"Barrsell\" \/>\n<meta property=\"article:modified_time\" content=\"2024-12-19T09:46:43+00:00\" \/>\n<meta property=\"og:image\" content=\"https:\/\/barrsell.com\/wp-content\/uploads\/2024\/08\/Tylo-Pure-Kontrol-Paneli.png\" \/>\n\t<meta property=\"og:image:width\" content=\"1200\" \/>\n\t<meta property=\"og:image:height\" content=\"1200\" \/>\n\t<meta property=\"og:image:type\" content=\"image\/png\" \/>\n<meta name=\"twitter:card\" content=\"summary_large_image\" \/>\n<meta name=\"twitter:label1\" content=\"Est. reading time\" \/>\n\t<meta name=\"twitter:data1\" content=\"2 minutes\" \/>\n<script type=\"application\/ld+json\" class=\"yoast-schema-graph\">{\"@context\":\"https:\/\/schema.org\",\"@graph\":[{\"@type\":\"WebPage\",\"@id\":\"https:\/\/barrsell.com\/urun\/tylo-pure-kontrol-paneli-pure\/\",\"url\":\"https:\/\/barrsell.com\/urun\/tylo-pure-kontrol-paneli-pure\/\",\"name\":\"Tyl\u00f6 Pure Kontrol Paneli Pure | Barrsell End\u00fcstri\",\"isPartOf\":{\"@id\":\"https:\/\/barrsell.com\/#website\"},\"primaryImageOfPage\":{\"@id\":\"https:\/\/barrsell.com\/urun\/tylo-pure-kontrol-paneli-pure\/#primaryimage\"},\"image\":{\"@id\":\"https:\/\/barrsell.com\/urun\/tylo-pure-kontrol-paneli-pure\/#primaryimage\"},\"thumbnailUrl\":\"https:\/\/barrsell.com\/wp-content\/uploads\/2024\/08\/Tylo-Pure-Kontrol-Paneli.png\",\"datePublished\":\"2024-08-30T11:22:22+00:00\",\"dateModified\":\"2024-12-19T09:46:43+00:00\",\"description\":\"Tyl\u00f6 Pure Kontrol Paneli, minimalist tasar\u0131m\u0131 ve geli\u015fmi\u015f teknolojisiyle sauna kullan\u0131c\u0131lar\u0131 i\u00e7in tasarlanm\u0131\u015f modern, \u015f\u0131k ve i\u015flevsel bir kontrol panelidir.\",\"breadcrumb\":{\"@id\":\"https:\/\/barrsell.com\/urun\/tylo-pure-kontrol-paneli-pure\/#breadcrumb\"},\"inLanguage\":\"en-US\",\"potentialAction\":[{\"@type\":\"ReadAction\",\"target\":[\"https:\/\/barrsell.com\/urun\/tylo-pure-kontrol-paneli-pure\/\"]}]},{\"@type\":\"ImageObject\",\"inLanguage\":\"en-US\",\"@id\":\"https:\/\/barrsell.com\/urun\/tylo-pure-kontrol-paneli-pure\/#primaryimage\",\"url\":\"https:\/\/barrsell.com\/wp-content\/uploads\/2024\/08\/Tylo-Pure-Kontrol-Paneli.png\",\"contentUrl\":\"https:\/\/barrsell.com\/wp-content\/uploads\/2024\/08\/Tylo-Pure-Kontrol-Paneli.png\",\"width\":1200,\"height\":1200,\"caption\":\"Tyl\u00f6 Pure Kontrol Paneli\"},{\"@type\":\"BreadcrumbList\",\"@id\":\"https:\/\/barrsell.com\/urun\/tylo-pure-kontrol-paneli-pure\/#breadcrumb\",\"itemListElement\":[{\"@type\":\"ListItem\",\"position\":1,\"name\":\"Home\",\"item\":\"https:\/\/barrsell.com\/\"},{\"@type\":\"ListItem\",\"position\":2,\"name\":\"\u00dcr\u00fcnler\",\"item\":\"https:\/\/barrsell.com\/en\/products\/\"},{\"@type\":\"ListItem\",\"position\":3,\"name\":\"Tyl\u00f6 Pure Kontrol Paneli Pure\"}]},{\"@type\":\"WebSite\",\"@id\":\"https:\/\/barrsell.com\/#website\",\"url\":\"https:\/\/barrsell.com\/\",\"name\":\"Barrsell End\u00fcstri Makine\",\"description\":\"Teknolojiyle G\u00fc\u00e7lenen End\u00fcstriyel \u00c7\u00f6z\u00fcmler!\",\"potentialAction\":[{\"@type\":\"SearchAction\",\"target\":{\"@type\":\"EntryPoint\",\"urlTemplate\":\"https:\/\/barrsell.com\/?s={search_term_string}\"},\"query-input\":\"required name=search_term_string\"}],\"inLanguage\":\"en-US\"}]}<\/script>\n<!-- \/ Yoast SEO Premium plugin. -->","yoast_head_json":{"title":"Tyl\u00f6 Pure Kontrol Paneli Pure | Barrsell End\u00fcstri","description":"Tyl\u00f6 Pure Kontrol Paneli, minimalist tasar\u0131m\u0131 ve geli\u015fmi\u015f teknolojisiyle sauna kullan\u0131c\u0131lar\u0131 i\u00e7in tasarlanm\u0131\u015f modern, \u015f\u0131k ve i\u015flevsel bir kontrol panelidir.","robots":{"index":"index","follow":"follow","max-snippet":"max-snippet:-1","max-image-preview":"max-image-preview:large","max-video-preview":"max-video-preview:-1"},"canonical":"https:\/\/barrsell.com\/en\/product\/tylo-pure-control-panel-pure\/","og_locale":"en_US","og_type":"article","og_title":"Tyl\u00f6 Pure Kontrol Paneli Pure","og_description":"Tyl\u00f6 Pure Kontrol Paneli, minimalist tasar\u0131m\u0131 ve geli\u015fmi\u015f teknolojisiyle sauna kullan\u0131c\u0131lar\u0131 i\u00e7in tasarlanm\u0131\u015f modern, \u015f\u0131k ve i\u015flevsel bir kontrol panelidir.","og_url":"https:\/\/barrsell.com\/en\/product\/tylo-pure-control-panel-pure\/","og_site_name":"Barrsell","article_modified_time":"2024-12-19T09:46:43+00:00","og_image":[{"width":1200,"height":1200,"url":"https:\/\/barrsell.com\/wp-content\/uploads\/2024\/08\/Tylo-Pure-Kontrol-Paneli.png","type":"image\/png"}],"twitter_card":"summary_large_image","twitter_misc":{"Est. reading time":"2 minutes"},"schema":{"@context":"https:\/\/schema.org","@graph":[{"@type":"WebPage","@id":"https:\/\/barrsell.com\/urun\/tylo-pure-kontrol-paneli-pure\/","url":"https:\/\/barrsell.com\/urun\/tylo-pure-kontrol-paneli-pure\/","name":"Tyl\u00f6 Pure Kontrol Paneli Pure | Barrsell End\u00fcstri","isPartOf":{"@id":"https:\/\/barrsell.com\/#website"},"primaryImageOfPage":{"@id":"https:\/\/barrsell.com\/urun\/tylo-pure-kontrol-paneli-pure\/#primaryimage"},"image":{"@id":"https:\/\/barrsell.com\/urun\/tylo-pure-kontrol-paneli-pure\/#primaryimage"},"thumbnailUrl":"https:\/\/barrsell.com\/wp-content\/uploads\/2024\/08\/Tylo-Pure-Kontrol-Paneli.png","datePublished":"2024-08-30T11:22:22+00:00","dateModified":"2024-12-19T09:46:43+00:00","description":"Tyl\u00f6 Pure Kontrol Paneli, minimalist tasar\u0131m\u0131 ve geli\u015fmi\u015f teknolojisiyle sauna kullan\u0131c\u0131lar\u0131 i\u00e7in tasarlanm\u0131\u015f modern, \u015f\u0131k ve i\u015flevsel bir kontrol panelidir.","breadcrumb":{"@id":"https:\/\/barrsell.com\/urun\/tylo-pure-kontrol-paneli-pure\/#breadcrumb"},"inLanguage":"en-US","potentialAction":[{"@type":"ReadAction","target":["https:\/\/barrsell.com\/urun\/tylo-pure-kontrol-paneli-pure\/"]}]},{"@type":"ImageObject","inLanguage":"en-US","@id":"https:\/\/barrsell.com\/urun\/tylo-pure-kontrol-paneli-pure\/#primaryimage","url":"https:\/\/barrsell.com\/wp-content\/uploads\/2024\/08\/Tylo-Pure-Kontrol-Paneli.png","contentUrl":"https:\/\/barrsell.com\/wp-content\/uploads\/2024\/08\/Tylo-Pure-Kontrol-Paneli.png","width":1200,"height":1200,"caption":"Tyl\u00f6 Pure Kontrol Paneli"},{"@type":"BreadcrumbList","@id":"https:\/\/barrsell.com\/urun\/tylo-pure-kontrol-paneli-pure\/#breadcrumb","itemListElement":[{"@type":"ListItem","position":1,"name":"Home","item":"https:\/\/barrsell.com\/"},{"@type":"ListItem","position":2,"name":"\u00dcr\u00fcnler","item":"https:\/\/barrsell.com\/en\/products\/"},{"@type":"ListItem","position":3,"name":"Tyl\u00f6 Pure Kontrol Paneli Pure"}]},{"@type":"WebSite","@id":"https:\/\/barrsell.com\/#website","url":"https:\/\/barrsell.com\/","name":"Barrsell End\u00fcstri Makine","description":"Teknolojiyle G\u00fc\u00e7lenen End\u00fcstriyel \u00c7\u00f6z\u00fcmler!","potentialAction":[{"@type":"SearchAction","target":{"@type":"EntryPoint","urlTemplate":"https:\/\/barrsell.com\/?s={search_term_string}"},"query-input":"required name=search_term_string"}],"inLanguage":"en-US"}]}},"_links":{"self":[{"href":"https:\/\/barrsell.com\/en\/wp-json\/wp\/v2\/product\/13543","targetHints":{"allow":["GET"]}}],"collection":[{"href":"https:\/\/barrsell.com\/en\/wp-json\/wp\/v2\/product"}],"about":[{"href":"https:\/\/barrsell.com\/en\/wp-json\/wp\/v2\/types\/product"}],"version-history":[{"count":9,"href":"https:\/\/barrsell.com\/en\/wp-json\/wp\/v2\/product\/13543\/revisions"}],"predecessor-version":[{"id":19394,"href":"https:\/\/barrsell.com\/en\/wp-json\/wp\/v2\/product\/13543\/revisions\/19394"}],"wp:featuredmedia":[{"embeddable":true,"href":"https:\/\/barrsell.com\/en\/wp-json\/wp\/v2\/media\/13544"}],"wp:attachment":[{"href":"https:\/\/barrsell.com\/en\/wp-json\/wp\/v2\/media?parent=13543"}],"wp:term":[{"taxonomy":"product_cat","embeddable":true,"href":"https:\/\/barrsell.com\/en\/wp-json\/wp\/v2\/product_cat?post=13543"},{"taxonomy":"product_tag","embeddable":true,"href":"https:\/\/barrsell.com\/en\/wp-json\/wp\/v2\/product_tag?post=13543"}],"curies":[{"name":"wp","href":"https:\/\/api.w.org\/{rel}","templated":true}]}}