{"id":13540,"date":"2024-08-30T11:21:01","date_gmt":"2024-08-30T11:21:01","guid":{"rendered":"https:\/\/barrsell.com\/?post_type=product&#038;p=13540"},"modified":"2024-12-19T19:52:00","modified_gmt":"2024-12-19T19:52:00","slug":"tylo-elit-kontrol-paneli","status":"publish","type":"product","link":"https:\/\/barrsell.com\/en\/product\/tylo-elite-control-panel\/","title":{"rendered":"Tyl\u00f6 Elite Control Panel"},"content":{"rendered":"<div class=\"flex max-w-full flex-col flex-grow\">\n<div class=\"min-h-[20px] text-message flex w-full flex-col items-end gap-2 break-words [.text-message+&amp;]:mt-5 overflow-x-auto whitespace-normal\" dir=\"auto\" data-message-author-role=\"assistant\" data-message-id=\"cb91c32e-0e8d-41a3-ba44-44a299b1755d\">\n<div class=\"flex w-full flex-col gap-1 empty:hidden first:pt-[3px]\">\n<div class=\"markdown prose w-full break-words dark:prose-invert light\">\n<h2><strong>Tyl\u00f6 Elite Control Panel The New Way to Control Your Sauna from Anywhere<\/strong><\/h2>\n<p>Tyl\u00f6 Elite Control Panel provides cloud-based control of your sauna. This takes comfort and flexibility one step further.  Whether you are returning home from the ski slope or traveling back from work. With Elite Control, your sauna is always ready. Equipped with an advanced internal processor and integrated operating system, this intelligent control panel allows you to manage all functions of your sauna whenever and wherever you want.<\/p>\n<div id=\"attachment_19396\" style=\"width: 910px\" class=\"wp-caption alignnone\"><a href=\"https:\/\/barrsell.com\/wp-content\/uploads\/2024\/08\/Tylo-Elit-Kontrol-Paneli-1.png\"><img fetchpriority=\"high\" decoding=\"async\" aria-describedby=\"caption-attachment-19396\" class=\"wp-image-19396 size-full\" src=\"https:\/\/barrsell.com\/wp-content\/uploads\/2024\/08\/Tylo-Elit-Kontrol-Paneli-1.png\" alt=\"\" width=\"900\" height=\"607\" srcset=\"https:\/\/barrsell.com\/wp-content\/uploads\/2024\/08\/Tylo-Elit-Kontrol-Paneli-1.png 900w, https:\/\/barrsell.com\/wp-content\/uploads\/2024\/08\/Tylo-Elit-Kontrol-Paneli-1-300x202.png 300w, https:\/\/barrsell.com\/wp-content\/uploads\/2024\/08\/Tylo-Elit-Kontrol-Paneli-1-768x518.png 768w, https:\/\/barrsell.com\/wp-content\/uploads\/2024\/08\/Tylo-Elit-Kontrol-Paneli-1-18x12.png 18w, https:\/\/barrsell.com\/wp-content\/uploads\/2024\/08\/Tylo-Elit-Kontrol-Paneli-1-150x101.png 150w\" sizes=\"(max-width: 900px) 100vw, 900px\" \/><\/a><p id=\"caption-attachment-19396\" class=\"wp-caption-text\">Tyl\u00f6 Elite Control Panel-1<\/p><\/div>\n<h4><strong>Technical Features and Benefits<\/strong><\/h4>\n<p class=\" translation-block\"><strong>Cloud Based Control:<\/strong> Elite control allows you to control your sauna from anywhere thanks to its cloud-based functionality. This feature allows you to remotely manage the temperature and humidity levels of your sauna. Thus, a perfect environment awaits you when you return home.<\/p>\n<p class=\" translation-block\"><strong>Advanced Internal Processor and Operating System:<\/strong> Elite Cloud features a high-performance internal processor and operating system. Thanks to this technology, you can control your sauna with all its functions quickly and efficiently.<\/p>\n<p class=\" translation-block\"><strong>Full Personalization:<\/strong> Elite control allows users to create detailed and personalized programs for your sauna. This way, you can adjust your sauna's program according to your own needs and preferences. Whether it is temperature or humidity levels, customize all settings according to your own wishes.<\/p>\n<p class=\" translation-block\"><strong>Tyl\u00f6 Control App:<\/strong> Elite Cloud provides full mobility with the Tyl\u00f6 Control app. With this app, you can easily take full control of your sauna via your mobile device. Anytime you are at home, at work or out and about, you can instantly check the status of your sauna.<\/p>\n<p class=\" translation-block\"><strong>Access Through Your Local WiFi Network:<\/strong> Elite Cloud allows you to control your sauna through your local WiFi network. This feature makes it easy to manage your sauna using a PC or mobile device. Thanks to the WiFi connection, you can manage all the functions of your sauna instantly and seamlessly.<\/p>\n<p class=\" translation-block\"><strong>Flexibility and Convenience:<\/strong> Elite Cloud offers complete flexibility via your PC or mobile device. You can easily change the temperature and other settings of your sauna while reading a book on your favorite sofa or mowing the lawn in the backyard. Plus, with Cloud, you can fully customize your sauna and have the perfect sauna experience at any time.<\/p>\n<div id=\"attachment_19397\" style=\"width: 910px\" class=\"wp-caption alignnone\"><a href=\"https:\/\/barrsell.com\/wp-content\/uploads\/2024\/08\/Elite_Controlpanel_Sauna.jpeg\"><img decoding=\"async\" aria-describedby=\"caption-attachment-19397\" class=\"wp-image-19397\" src=\"https:\/\/barrsell.com\/wp-content\/uploads\/2024\/08\/Elite_Controlpanel_Sauna-1024x683.jpeg\" alt=\"\" width=\"900\" height=\"600\" srcset=\"https:\/\/barrsell.com\/wp-content\/uploads\/2024\/08\/Elite_Controlpanel_Sauna-1024x683.jpeg 1024w, https:\/\/barrsell.com\/wp-content\/uploads\/2024\/08\/Elite_Controlpanel_Sauna-300x200.jpeg 300w, https:\/\/barrsell.com\/wp-content\/uploads\/2024\/08\/Elite_Controlpanel_Sauna-768x512.jpeg 768w, https:\/\/barrsell.com\/wp-content\/uploads\/2024\/08\/Elite_Controlpanel_Sauna-18x12.jpeg 18w, https:\/\/barrsell.com\/wp-content\/uploads\/2024\/08\/Elite_Controlpanel_Sauna-1200x800.jpeg 1200w, https:\/\/barrsell.com\/wp-content\/uploads\/2024\/08\/Elite_Controlpanel_Sauna-150x100.jpeg 150w, https:\/\/barrsell.com\/wp-content\/uploads\/2024\/08\/Elite_Controlpanel_Sauna.jpeg 1500w\" sizes=\"(max-width: 900px) 100vw, 900px\" \/><\/a><p id=\"caption-attachment-19397\" class=\"wp-caption-text\">Elite_Controlpanel_Sauna<\/p><\/div>\n<\/div>\n<\/div>\n<\/div>\n<\/div>","protected":false},"excerpt":{"rendered":"<h4>Suitable Sauna Heaters<\/h4>\n<ul>\n<li>Sense Elite<\/li>\n<li>Sense Combi Elite<\/li>\n<\/ul>\n<h4>Compatible Steam Generators<\/h4>\n<ul>\n<li>All AX models<\/li>\n<\/ul>","protected":false},"featured_media":13541,"template":"","meta":[],"product_cat":[178],"product_tag":[],"class_list":{"0":"post-13540","1":"product","2":"type-product","3":"status-publish","4":"has-post-thumbnail","6":"product_cat-tylo-kontrol-uniteleri","8":"first","9":"instock","10":"shipping-taxable","11":"product-type-external"},"yoast_head":"<!-- This site is optimized with the Yoast SEO Premium plugin v23.2 (Yoast SEO v23.2) - https:\/\/yoast.com\/wordpress\/plugins\/seo\/ -->\n<title>Tyl\u00f6 Elit Kontrol Paneli | Barrsell End\u00fcstri<\/title>\n<meta name=\"description\" content=\"Tyl\u00f6 Elit Kontrol Paneli , saunan\u0131z\u0131n bulut tabanl\u0131 kontrol\u00fcn\u00fc sa\u011flayarak konforu ve esnekli\u011fi bir ad\u0131m \u00f6teye ta\u015f\u0131yor. Kolay kontrol.\" \/>\n<meta name=\"robots\" content=\"index, follow, max-snippet:-1, max-image-preview:large, max-video-preview:-1\" \/>\n<link rel=\"canonical\" href=\"https:\/\/barrsell.com\/en\/product\/tylo-elite-control-panel\/\" \/>\n<meta property=\"og:locale\" content=\"en_US\" \/>\n<meta property=\"og:type\" content=\"article\" \/>\n<meta property=\"og:title\" content=\"Tyl\u00f6 Elit Kontrol Paneli\" \/>\n<meta property=\"og:description\" content=\"Tyl\u00f6 Elit Kontrol Paneli , saunan\u0131z\u0131n bulut tabanl\u0131 kontrol\u00fcn\u00fc sa\u011flayarak konforu ve esnekli\u011fi bir ad\u0131m \u00f6teye ta\u015f\u0131yor. Kolay kontrol.\" \/>\n<meta property=\"og:url\" content=\"https:\/\/barrsell.com\/en\/product\/tylo-elite-control-panel\/\" \/>\n<meta property=\"og:site_name\" content=\"Barrsell\" \/>\n<meta property=\"article:modified_time\" content=\"2024-12-19T19:52:00+00:00\" \/>\n<meta property=\"og:image\" content=\"https:\/\/barrsell.com\/wp-content\/uploads\/2024\/08\/Tylo-Elit-Kontrol-Paneli.png\" \/>\n\t<meta property=\"og:image:width\" content=\"1200\" \/>\n\t<meta property=\"og:image:height\" content=\"1200\" \/>\n\t<meta property=\"og:image:type\" content=\"image\/png\" \/>\n<meta name=\"twitter:card\" content=\"summary_large_image\" \/>\n<meta name=\"twitter:label1\" content=\"Est. reading time\" \/>\n\t<meta name=\"twitter:data1\" content=\"3 minutes\" \/>\n<script type=\"application\/ld+json\" class=\"yoast-schema-graph\">{\"@context\":\"https:\/\/schema.org\",\"@graph\":[{\"@type\":\"WebPage\",\"@id\":\"https:\/\/barrsell.com\/urun\/tylo-elit-kontrol-paneli\/\",\"url\":\"https:\/\/barrsell.com\/urun\/tylo-elit-kontrol-paneli\/\",\"name\":\"Tyl\u00f6 Elit Kontrol Paneli | Barrsell End\u00fcstri\",\"isPartOf\":{\"@id\":\"https:\/\/barrsell.com\/#website\"},\"primaryImageOfPage\":{\"@id\":\"https:\/\/barrsell.com\/urun\/tylo-elit-kontrol-paneli\/#primaryimage\"},\"image\":{\"@id\":\"https:\/\/barrsell.com\/urun\/tylo-elit-kontrol-paneli\/#primaryimage\"},\"thumbnailUrl\":\"https:\/\/barrsell.com\/wp-content\/uploads\/2024\/08\/Tylo-Elit-Kontrol-Paneli.png\",\"datePublished\":\"2024-08-30T11:21:01+00:00\",\"dateModified\":\"2024-12-19T19:52:00+00:00\",\"description\":\"Tyl\u00f6 Elit Kontrol Paneli , saunan\u0131z\u0131n bulut tabanl\u0131 kontrol\u00fcn\u00fc sa\u011flayarak konforu ve esnekli\u011fi bir ad\u0131m \u00f6teye ta\u015f\u0131yor. Kolay kontrol.\",\"breadcrumb\":{\"@id\":\"https:\/\/barrsell.com\/urun\/tylo-elit-kontrol-paneli\/#breadcrumb\"},\"inLanguage\":\"en-US\",\"potentialAction\":[{\"@type\":\"ReadAction\",\"target\":[\"https:\/\/barrsell.com\/urun\/tylo-elit-kontrol-paneli\/\"]}]},{\"@type\":\"ImageObject\",\"inLanguage\":\"en-US\",\"@id\":\"https:\/\/barrsell.com\/urun\/tylo-elit-kontrol-paneli\/#primaryimage\",\"url\":\"https:\/\/barrsell.com\/wp-content\/uploads\/2024\/08\/Tylo-Elit-Kontrol-Paneli.png\",\"contentUrl\":\"https:\/\/barrsell.com\/wp-content\/uploads\/2024\/08\/Tylo-Elit-Kontrol-Paneli.png\",\"width\":1200,\"height\":1200,\"caption\":\"Tyl\u00f6 Elit Kontrol Paneli\"},{\"@type\":\"BreadcrumbList\",\"@id\":\"https:\/\/barrsell.com\/urun\/tylo-elit-kontrol-paneli\/#breadcrumb\",\"itemListElement\":[{\"@type\":\"ListItem\",\"position\":1,\"name\":\"Home\",\"item\":\"https:\/\/barrsell.com\/\"},{\"@type\":\"ListItem\",\"position\":2,\"name\":\"\u00dcr\u00fcnler\",\"item\":\"https:\/\/barrsell.com\/en\/products\/\"},{\"@type\":\"ListItem\",\"position\":3,\"name\":\"Tyl\u00f6 Elit Kontrol Paneli\"}]},{\"@type\":\"WebSite\",\"@id\":\"https:\/\/barrsell.com\/#website\",\"url\":\"https:\/\/barrsell.com\/\",\"name\":\"Barrsell End\u00fcstri Makine\",\"description\":\"Teknolojiyle G\u00fc\u00e7lenen End\u00fcstriyel \u00c7\u00f6z\u00fcmler!\",\"potentialAction\":[{\"@type\":\"SearchAction\",\"target\":{\"@type\":\"EntryPoint\",\"urlTemplate\":\"https:\/\/barrsell.com\/?s={search_term_string}\"},\"query-input\":\"required name=search_term_string\"}],\"inLanguage\":\"en-US\"}]}<\/script>\n<!-- \/ Yoast SEO Premium plugin. -->","yoast_head_json":{"title":"Tyl\u00f6 Elit Kontrol Paneli | Barrsell End\u00fcstri","description":"Tyl\u00f6 Elit Kontrol Paneli , saunan\u0131z\u0131n bulut tabanl\u0131 kontrol\u00fcn\u00fc sa\u011flayarak konforu ve esnekli\u011fi bir ad\u0131m \u00f6teye ta\u015f\u0131yor. Kolay kontrol.","robots":{"index":"index","follow":"follow","max-snippet":"max-snippet:-1","max-image-preview":"max-image-preview:large","max-video-preview":"max-video-preview:-1"},"canonical":"https:\/\/barrsell.com\/en\/product\/tylo-elite-control-panel\/","og_locale":"en_US","og_type":"article","og_title":"Tyl\u00f6 Elit Kontrol Paneli","og_description":"Tyl\u00f6 Elit Kontrol Paneli , saunan\u0131z\u0131n bulut tabanl\u0131 kontrol\u00fcn\u00fc sa\u011flayarak konforu ve esnekli\u011fi bir ad\u0131m \u00f6teye ta\u015f\u0131yor. Kolay kontrol.","og_url":"https:\/\/barrsell.com\/en\/product\/tylo-elite-control-panel\/","og_site_name":"Barrsell","article_modified_time":"2024-12-19T19:52:00+00:00","og_image":[{"width":1200,"height":1200,"url":"https:\/\/barrsell.com\/wp-content\/uploads\/2024\/08\/Tylo-Elit-Kontrol-Paneli.png","type":"image\/png"}],"twitter_card":"summary_large_image","twitter_misc":{"Est. reading time":"3 minutes"},"schema":{"@context":"https:\/\/schema.org","@graph":[{"@type":"WebPage","@id":"https:\/\/barrsell.com\/urun\/tylo-elit-kontrol-paneli\/","url":"https:\/\/barrsell.com\/urun\/tylo-elit-kontrol-paneli\/","name":"Tyl\u00f6 Elit Kontrol Paneli | Barrsell End\u00fcstri","isPartOf":{"@id":"https:\/\/barrsell.com\/#website"},"primaryImageOfPage":{"@id":"https:\/\/barrsell.com\/urun\/tylo-elit-kontrol-paneli\/#primaryimage"},"image":{"@id":"https:\/\/barrsell.com\/urun\/tylo-elit-kontrol-paneli\/#primaryimage"},"thumbnailUrl":"https:\/\/barrsell.com\/wp-content\/uploads\/2024\/08\/Tylo-Elit-Kontrol-Paneli.png","datePublished":"2024-08-30T11:21:01+00:00","dateModified":"2024-12-19T19:52:00+00:00","description":"Tyl\u00f6 Elit Kontrol Paneli , saunan\u0131z\u0131n bulut tabanl\u0131 kontrol\u00fcn\u00fc sa\u011flayarak konforu ve esnekli\u011fi bir ad\u0131m \u00f6teye ta\u015f\u0131yor. Kolay kontrol.","breadcrumb":{"@id":"https:\/\/barrsell.com\/urun\/tylo-elit-kontrol-paneli\/#breadcrumb"},"inLanguage":"en-US","potentialAction":[{"@type":"ReadAction","target":["https:\/\/barrsell.com\/urun\/tylo-elit-kontrol-paneli\/"]}]},{"@type":"ImageObject","inLanguage":"en-US","@id":"https:\/\/barrsell.com\/urun\/tylo-elit-kontrol-paneli\/#primaryimage","url":"https:\/\/barrsell.com\/wp-content\/uploads\/2024\/08\/Tylo-Elit-Kontrol-Paneli.png","contentUrl":"https:\/\/barrsell.com\/wp-content\/uploads\/2024\/08\/Tylo-Elit-Kontrol-Paneli.png","width":1200,"height":1200,"caption":"Tyl\u00f6 Elit Kontrol Paneli"},{"@type":"BreadcrumbList","@id":"https:\/\/barrsell.com\/urun\/tylo-elit-kontrol-paneli\/#breadcrumb","itemListElement":[{"@type":"ListItem","position":1,"name":"Home","item":"https:\/\/barrsell.com\/"},{"@type":"ListItem","position":2,"name":"\u00dcr\u00fcnler","item":"https:\/\/barrsell.com\/en\/products\/"},{"@type":"ListItem","position":3,"name":"Tyl\u00f6 Elit Kontrol Paneli"}]},{"@type":"WebSite","@id":"https:\/\/barrsell.com\/#website","url":"https:\/\/barrsell.com\/","name":"Barrsell End\u00fcstri Makine","description":"Teknolojiyle G\u00fc\u00e7lenen End\u00fcstriyel \u00c7\u00f6z\u00fcmler!","potentialAction":[{"@type":"SearchAction","target":{"@type":"EntryPoint","urlTemplate":"https:\/\/barrsell.com\/?s={search_term_string}"},"query-input":"required name=search_term_string"}],"inLanguage":"en-US"}]}},"_links":{"self":[{"href":"https:\/\/barrsell.com\/en\/wp-json\/wp\/v2\/product\/13540","targetHints":{"allow":["GET"]}}],"collection":[{"href":"https:\/\/barrsell.com\/en\/wp-json\/wp\/v2\/product"}],"about":[{"href":"https:\/\/barrsell.com\/en\/wp-json\/wp\/v2\/types\/product"}],"version-history":[{"count":5,"href":"https:\/\/barrsell.com\/en\/wp-json\/wp\/v2\/product\/13540\/revisions"}],"predecessor-version":[{"id":19400,"href":"https:\/\/barrsell.com\/en\/wp-json\/wp\/v2\/product\/13540\/revisions\/19400"}],"wp:featuredmedia":[{"embeddable":true,"href":"https:\/\/barrsell.com\/en\/wp-json\/wp\/v2\/media\/13541"}],"wp:attachment":[{"href":"https:\/\/barrsell.com\/en\/wp-json\/wp\/v2\/media?parent=13540"}],"wp:term":[{"taxonomy":"product_cat","embeddable":true,"href":"https:\/\/barrsell.com\/en\/wp-json\/wp\/v2\/product_cat?post=13540"},{"taxonomy":"product_tag","embeddable":true,"href":"https:\/\/barrsell.com\/en\/wp-json\/wp\/v2\/product_tag?post=13540"}],"curies":[{"name":"wp","href":"https:\/\/api.w.org\/{rel}","templated":true}]}}