{"id":13523,"date":"2024-08-30T10:51:44","date_gmt":"2024-08-30T10:51:44","guid":{"rendered":"https:\/\/barrsell.com\/?post_type=product&#038;p=13523"},"modified":"2024-12-19T20:37:00","modified_gmt":"2024-12-19T20:37:00","slug":"helo-hanko-sauna-isiticisi","status":"publish","type":"product","link":"https:\/\/barrsell.com\/en\/product\/helo-hanko-sauna-heater\/","title":{"rendered":"Helo Hanko Sauna Heater"},"content":{"rendered":"<h2><strong>Helo Hanko Sauna Heater<\/strong><\/h2>\n<p>Helo Hanko Sauna Heater is an elegant and high performance product for modern saunas. It is both aesthetically and technically superior. It also offers a wide range of uses, from large commercial spaces to luxury residential saunas. Helo's engineering and design expertise ensures both comfort and efficiency in your sauna with this product.<\/p>\n<h4><strong>Teknik veriler:<\/strong><\/h4>\n<table border=\"1\" cellspacing=\"1\" cellpadding=\"1\">\n<tbody>\n<tr>\n<td colspan=\"1\" rowspan=\"2\"><strong>Example<\/strong><\/td>\n<td colspan=\"1\" rowspan=\"2\"><strong>Output, kW<\/strong><\/td>\n<td colspan=\"1\" rowspan=\"2\"><strong>\u00a0Sauna size,\u00a0<sup>m3<\/sup><\/strong><\/td>\n<td colspan=\"1\" rowspan=\"2\"><strong>Stone capacity, kg<\/strong><\/td>\n<td colspan=\"1\" rowspan=\"2\"><strong>\u00a0 Weight without stone, kg\u00a0<\/strong><\/td>\n<td colspan=\"1\" rowspan=\"2\"><strong>Cable, mm\u00a0<sup>2<\/sup><\/strong><\/td>\n<td colspan=\"3\" rowspan=\"1\"><strong>Dimensions mm<\/strong><\/td>\n<\/tr>\n<tr>\n<td><strong>Width<\/strong><\/td>\n<td><strong>Depth<\/strong><\/td>\n<td><strong>Height<\/strong><\/td>\n<\/tr>\n<tr>\n<td><strong>Helo Hanko 6.0<\/strong><\/td>\n<td>6<\/td>\n<td>5 &#8211; 9<\/td>\n<td>32<\/td>\n<td>7.2<\/td>\n<td>5&#215;1,5<\/td>\n<td>365<\/td>\n<td>250<\/td>\n<td>575<\/td>\n<\/tr>\n<tr>\n<td><strong>Helo Hanko 8.0<\/strong><\/td>\n<td>8<\/td>\n<td>8 &#8211; 12<\/td>\n<td>32<\/td>\n<td>7.2<\/td>\n<td>5&#215;2,5<\/td>\n<td>365<\/td>\n<td>250<\/td>\n<td>575<\/td>\n<\/tr>\n<\/tbody>\n<\/table>\n<p>&nbsp;<\/p>\n<p><strong style=\"color: #1b1919; font-size: 18px;\">Technical Features and Benefits<\/strong><\/p>\n<ol>\n<li class=\" translation-block\"><strong>Stylish Chrome Finish:<\/strong> The sauna heater stands out with its modern chrome finish. This gives your sauna an elegant and sophisticated look. Especially its structure made of stainless steel ensures long-lasting durability. At the same time, the aesthetic design of Hanko Krom fits perfectly with the interior decoration of your sauna.<\/li>\n<li class=\" translation-block\"><strong>Large Stone Capacity:<\/strong> Hanko Krom has a stone capacity of up to 60 kg. This large capacity provides an effective steam production by maintaining a constant temperature in your sauna for a long time. It is ideal for users to enjoy the sauna for a long time.<\/li>\n<li class=\" translation-block\"><strong>High Heating Power:<\/strong> Power options ranging from 9 kW to 15 kW. Especially high heating power provides a comfortable experience by heating large sauna rooms quickly and effectively. Thus, it provides balanced and effective heat distribution even in large areas.<\/li>\n<li class=\" translation-block\"><strong>Wide Usage Range:<\/strong> Hanko Krom is suitable for sauna rooms in the range of 15 to 35 cubic meters. Thanks to this wide usage range, it provides an effective performance in sauna rooms of different sizes. And in addition, it adapts to both commercial and luxury applications.<\/li>\n<li class=\" translation-block\"><strong>Energy Efficiency:<\/strong> It has a design that increases energy efficiency. The high-performance heating system provides high heat with low energy consumption, which allows the sauna to reach the desired temperature quickly while reducing operating costs.<\/li>\n<li class=\" translation-block\"><strong>Advanced Control System:<\/strong> Hanko Krom is equipped with a user-friendly digital control system. This system primarily enables precise setting and monitoring of temperature and humidity levels. Thanks to its modern interface, sauna operators can easily manage the performance of the sauna.<\/li>\n<li class=\" translation-block\"><strong>CE Certified Safety:<\/strong> Helo Hanko Chrome sauna heater is CE certified in accordance with European safety standards. This certificate guarantees the safe use of the product and high quality standards.<\/li>\n<\/ol>\n<p><a href=\"https:\/\/barrsell.com\/wp-content\/uploads\/2024\/08\/Helo_Hanko_studio_Teemu_Kiiskinen\u00a9Twelve-01549.jpg\"><img fetchpriority=\"high\" decoding=\"async\" class=\"alignnone wp-image-16107 size-large\" src=\"https:\/\/barrsell.com\/wp-content\/uploads\/2024\/08\/Helo_Hanko_studio_Teemu_Kiiskinen\u00a9Twelve-01549-1024x683.jpg\" alt=\"\" width=\"1024\" height=\"683\" srcset=\"https:\/\/barrsell.com\/wp-content\/uploads\/2024\/08\/Helo_Hanko_studio_Teemu_Kiiskinen\u00a9Twelve-01549-1024x683.jpg 1024w, https:\/\/barrsell.com\/wp-content\/uploads\/2024\/08\/Helo_Hanko_studio_Teemu_Kiiskinen\u00a9Twelve-01549-300x200.jpg 300w, https:\/\/barrsell.com\/wp-content\/uploads\/2024\/08\/Helo_Hanko_studio_Teemu_Kiiskinen\u00a9Twelve-01549-768x512.jpg 768w, https:\/\/barrsell.com\/wp-content\/uploads\/2024\/08\/Helo_Hanko_studio_Teemu_Kiiskinen\u00a9Twelve-01549-18x12.jpg 18w, https:\/\/barrsell.com\/wp-content\/uploads\/2024\/08\/Helo_Hanko_studio_Teemu_Kiiskinen\u00a9Twelve-01549-1200x800.jpg 1200w, https:\/\/barrsell.com\/wp-content\/uploads\/2024\/08\/Helo_Hanko_studio_Teemu_Kiiskinen\u00a9Twelve-01549-150x100.jpg 150w, https:\/\/barrsell.com\/wp-content\/uploads\/2024\/08\/Helo_Hanko_studio_Teemu_Kiiskinen\u00a9Twelve-01549.jpg 1500w\" sizes=\"(max-width: 1024px) 100vw, 1024px\" \/><\/a><\/p>\n<h4><strong>Aesthetics and Design<\/strong><\/h4>\n<p>Helo Hanko Krom adds sophistication to the interior of your sauna with its chrome coating and elegant design. It offers an aesthetic appearance with its modern and stylish lines. In addition, its stainless steel material provides both durability and long-lasting use.<\/p>\n<h4><strong>Areas of Use<\/strong><\/h4>\n<p>The Helo Hanko Chrome sauna heater offers an effective heating solution for large areas such as hotels, spa centers, large commercial saunas and luxury residential saunas. Especially with its large stone capacity and high performance, it provides excellent results in sauna rooms of various sizes.<\/p>","protected":false},"excerpt":{"rendered":"<div class=\"product-details__techspecs-table-wrp\">Sauna room size: 6 kW-8 kW<\/div>","protected":false},"featured_media":13530,"template":"","meta":[],"product_cat":[171],"product_tag":[],"class_list":{"0":"post-13523","1":"product","2":"type-product","3":"status-publish","4":"has-post-thumbnail","6":"product_cat-helo-sauna-isiticilar","8":"first","9":"instock","10":"shipping-taxable","11":"purchasable","12":"product-type-variable"},"yoast_head":"<!-- This site is optimized with the Yoast SEO Premium plugin v23.2 (Yoast SEO v23.2) - https:\/\/yoast.com\/wordpress\/plugins\/seo\/ -->\n<title>Helo Hanko Sauna Is\u0131t\u0131c\u0131s\u0131 | Barrsell End\u00fcstri<\/title>\n<meta name=\"description\" content=\"Helo Hanko Sauna Is\u0131t\u0131c\u0131s\u0131, modern saunalar i\u00e7in zarif ve y\u00fcksek performans sunan bir \u00fcr\u00fcnd\u00fcr. Hem estetik hem de teknik a\u00e7\u0131dan \u00fcst\u00fcn\" \/>\n<meta name=\"robots\" content=\"index, follow, max-snippet:-1, max-image-preview:large, max-video-preview:-1\" \/>\n<link rel=\"canonical\" href=\"https:\/\/barrsell.com\/en\/product\/helo-hanko-sauna-heater\/\" \/>\n<meta property=\"og:locale\" content=\"en_US\" \/>\n<meta property=\"og:type\" content=\"article\" \/>\n<meta property=\"og:title\" content=\"Helo Hanko Sauna Is\u0131t\u0131c\u0131s\u0131\" \/>\n<meta property=\"og:description\" content=\"Helo Hanko Sauna Is\u0131t\u0131c\u0131s\u0131, modern saunalar i\u00e7in zarif ve y\u00fcksek performans sunan bir \u00fcr\u00fcnd\u00fcr. Hem estetik hem de teknik a\u00e7\u0131dan \u00fcst\u00fcn\" \/>\n<meta property=\"og:url\" content=\"https:\/\/barrsell.com\/en\/product\/helo-hanko-sauna-heater\/\" \/>\n<meta property=\"og:site_name\" content=\"Barrsell\" \/>\n<meta property=\"article:modified_time\" content=\"2024-12-19T20:37:00+00:00\" \/>\n<meta property=\"og:image\" content=\"https:\/\/barrsell.com\/wp-content\/uploads\/2024\/08\/Helo-Hanko-Krom-Sauna-Isiticisi.png\" \/>\n\t<meta property=\"og:image:width\" content=\"1200\" \/>\n\t<meta property=\"og:image:height\" content=\"1200\" \/>\n\t<meta property=\"og:image:type\" content=\"image\/png\" \/>\n<meta name=\"twitter:card\" content=\"summary_large_image\" \/>\n<meta name=\"twitter:label1\" content=\"Est. reading time\" \/>\n\t<meta name=\"twitter:data1\" content=\"4 minutes\" \/>\n<script type=\"application\/ld+json\" class=\"yoast-schema-graph\">{\"@context\":\"https:\/\/schema.org\",\"@graph\":[{\"@type\":\"WebPage\",\"@id\":\"https:\/\/barrsell.com\/urun\/helo-hanko-sauna-isiticisi\/\",\"url\":\"https:\/\/barrsell.com\/urun\/helo-hanko-sauna-isiticisi\/\",\"name\":\"Helo Hanko Sauna Is\u0131t\u0131c\u0131s\u0131 | Barrsell End\u00fcstri\",\"isPartOf\":{\"@id\":\"https:\/\/barrsell.com\/#website\"},\"primaryImageOfPage\":{\"@id\":\"https:\/\/barrsell.com\/urun\/helo-hanko-sauna-isiticisi\/#primaryimage\"},\"image\":{\"@id\":\"https:\/\/barrsell.com\/urun\/helo-hanko-sauna-isiticisi\/#primaryimage\"},\"thumbnailUrl\":\"https:\/\/barrsell.com\/wp-content\/uploads\/2024\/08\/Helo-Hanko-Krom-Sauna-Isiticisi.png\",\"datePublished\":\"2024-08-30T10:51:44+00:00\",\"dateModified\":\"2024-12-19T20:37:00+00:00\",\"description\":\"Helo Hanko Sauna Is\u0131t\u0131c\u0131s\u0131, modern saunalar i\u00e7in zarif ve y\u00fcksek performans sunan bir \u00fcr\u00fcnd\u00fcr. Hem estetik hem de teknik a\u00e7\u0131dan \u00fcst\u00fcn\",\"breadcrumb\":{\"@id\":\"https:\/\/barrsell.com\/urun\/helo-hanko-sauna-isiticisi\/#breadcrumb\"},\"inLanguage\":\"en-US\",\"potentialAction\":[{\"@type\":\"ReadAction\",\"target\":[\"https:\/\/barrsell.com\/urun\/helo-hanko-sauna-isiticisi\/\"]}]},{\"@type\":\"ImageObject\",\"inLanguage\":\"en-US\",\"@id\":\"https:\/\/barrsell.com\/urun\/helo-hanko-sauna-isiticisi\/#primaryimage\",\"url\":\"https:\/\/barrsell.com\/wp-content\/uploads\/2024\/08\/Helo-Hanko-Krom-Sauna-Isiticisi.png\",\"contentUrl\":\"https:\/\/barrsell.com\/wp-content\/uploads\/2024\/08\/Helo-Hanko-Krom-Sauna-Isiticisi.png\",\"width\":1200,\"height\":1200,\"caption\":\"Helo Hanko Krom Sauna Is\u0131t\u0131c\u0131s\u0131\"},{\"@type\":\"BreadcrumbList\",\"@id\":\"https:\/\/barrsell.com\/urun\/helo-hanko-sauna-isiticisi\/#breadcrumb\",\"itemListElement\":[{\"@type\":\"ListItem\",\"position\":1,\"name\":\"Home\",\"item\":\"https:\/\/barrsell.com\/\"},{\"@type\":\"ListItem\",\"position\":2,\"name\":\"\u00dcr\u00fcnler\",\"item\":\"https:\/\/barrsell.com\/en\/products\/\"},{\"@type\":\"ListItem\",\"position\":3,\"name\":\"Helo Hanko Sauna Is\u0131t\u0131c\u0131s\u0131\"}]},{\"@type\":\"WebSite\",\"@id\":\"https:\/\/barrsell.com\/#website\",\"url\":\"https:\/\/barrsell.com\/\",\"name\":\"Barrsell End\u00fcstri Makine\",\"description\":\"Teknolojiyle G\u00fc\u00e7lenen End\u00fcstriyel \u00c7\u00f6z\u00fcmler!\",\"potentialAction\":[{\"@type\":\"SearchAction\",\"target\":{\"@type\":\"EntryPoint\",\"urlTemplate\":\"https:\/\/barrsell.com\/?s={search_term_string}\"},\"query-input\":\"required name=search_term_string\"}],\"inLanguage\":\"en-US\"}]}<\/script>\n<!-- \/ Yoast SEO Premium plugin. -->","yoast_head_json":{"title":"Helo Hanko Sauna Is\u0131t\u0131c\u0131s\u0131 | Barrsell End\u00fcstri","description":"Helo Hanko Sauna Is\u0131t\u0131c\u0131s\u0131, modern saunalar i\u00e7in zarif ve y\u00fcksek performans sunan bir \u00fcr\u00fcnd\u00fcr. Hem estetik hem de teknik a\u00e7\u0131dan \u00fcst\u00fcn","robots":{"index":"index","follow":"follow","max-snippet":"max-snippet:-1","max-image-preview":"max-image-preview:large","max-video-preview":"max-video-preview:-1"},"canonical":"https:\/\/barrsell.com\/en\/product\/helo-hanko-sauna-heater\/","og_locale":"en_US","og_type":"article","og_title":"Helo Hanko Sauna Is\u0131t\u0131c\u0131s\u0131","og_description":"Helo Hanko Sauna Is\u0131t\u0131c\u0131s\u0131, modern saunalar i\u00e7in zarif ve y\u00fcksek performans sunan bir \u00fcr\u00fcnd\u00fcr. Hem estetik hem de teknik a\u00e7\u0131dan \u00fcst\u00fcn","og_url":"https:\/\/barrsell.com\/en\/product\/helo-hanko-sauna-heater\/","og_site_name":"Barrsell","article_modified_time":"2024-12-19T20:37:00+00:00","og_image":[{"width":1200,"height":1200,"url":"https:\/\/barrsell.com\/wp-content\/uploads\/2024\/08\/Helo-Hanko-Krom-Sauna-Isiticisi.png","type":"image\/png"}],"twitter_card":"summary_large_image","twitter_misc":{"Est. reading time":"4 minutes"},"schema":{"@context":"https:\/\/schema.org","@graph":[{"@type":"WebPage","@id":"https:\/\/barrsell.com\/urun\/helo-hanko-sauna-isiticisi\/","url":"https:\/\/barrsell.com\/urun\/helo-hanko-sauna-isiticisi\/","name":"Helo Hanko Sauna Is\u0131t\u0131c\u0131s\u0131 | Barrsell End\u00fcstri","isPartOf":{"@id":"https:\/\/barrsell.com\/#website"},"primaryImageOfPage":{"@id":"https:\/\/barrsell.com\/urun\/helo-hanko-sauna-isiticisi\/#primaryimage"},"image":{"@id":"https:\/\/barrsell.com\/urun\/helo-hanko-sauna-isiticisi\/#primaryimage"},"thumbnailUrl":"https:\/\/barrsell.com\/wp-content\/uploads\/2024\/08\/Helo-Hanko-Krom-Sauna-Isiticisi.png","datePublished":"2024-08-30T10:51:44+00:00","dateModified":"2024-12-19T20:37:00+00:00","description":"Helo Hanko Sauna Is\u0131t\u0131c\u0131s\u0131, modern saunalar i\u00e7in zarif ve y\u00fcksek performans sunan bir \u00fcr\u00fcnd\u00fcr. Hem estetik hem de teknik a\u00e7\u0131dan \u00fcst\u00fcn","breadcrumb":{"@id":"https:\/\/barrsell.com\/urun\/helo-hanko-sauna-isiticisi\/#breadcrumb"},"inLanguage":"en-US","potentialAction":[{"@type":"ReadAction","target":["https:\/\/barrsell.com\/urun\/helo-hanko-sauna-isiticisi\/"]}]},{"@type":"ImageObject","inLanguage":"en-US","@id":"https:\/\/barrsell.com\/urun\/helo-hanko-sauna-isiticisi\/#primaryimage","url":"https:\/\/barrsell.com\/wp-content\/uploads\/2024\/08\/Helo-Hanko-Krom-Sauna-Isiticisi.png","contentUrl":"https:\/\/barrsell.com\/wp-content\/uploads\/2024\/08\/Helo-Hanko-Krom-Sauna-Isiticisi.png","width":1200,"height":1200,"caption":"Helo Hanko Krom Sauna Is\u0131t\u0131c\u0131s\u0131"},{"@type":"BreadcrumbList","@id":"https:\/\/barrsell.com\/urun\/helo-hanko-sauna-isiticisi\/#breadcrumb","itemListElement":[{"@type":"ListItem","position":1,"name":"Home","item":"https:\/\/barrsell.com\/"},{"@type":"ListItem","position":2,"name":"\u00dcr\u00fcnler","item":"https:\/\/barrsell.com\/en\/products\/"},{"@type":"ListItem","position":3,"name":"Helo Hanko Sauna Is\u0131t\u0131c\u0131s\u0131"}]},{"@type":"WebSite","@id":"https:\/\/barrsell.com\/#website","url":"https:\/\/barrsell.com\/","name":"Barrsell End\u00fcstri Makine","description":"Teknolojiyle G\u00fc\u00e7lenen End\u00fcstriyel \u00c7\u00f6z\u00fcmler!","potentialAction":[{"@type":"SearchAction","target":{"@type":"EntryPoint","urlTemplate":"https:\/\/barrsell.com\/?s={search_term_string}"},"query-input":"required name=search_term_string"}],"inLanguage":"en-US"}]}},"_links":{"self":[{"href":"https:\/\/barrsell.com\/en\/wp-json\/wp\/v2\/product\/13523","targetHints":{"allow":["GET"]}}],"collection":[{"href":"https:\/\/barrsell.com\/en\/wp-json\/wp\/v2\/product"}],"about":[{"href":"https:\/\/barrsell.com\/en\/wp-json\/wp\/v2\/types\/product"}],"version-history":[{"count":13,"href":"https:\/\/barrsell.com\/en\/wp-json\/wp\/v2\/product\/13523\/revisions"}],"predecessor-version":[{"id":19406,"href":"https:\/\/barrsell.com\/en\/wp-json\/wp\/v2\/product\/13523\/revisions\/19406"}],"wp:featuredmedia":[{"embeddable":true,"href":"https:\/\/barrsell.com\/en\/wp-json\/wp\/v2\/media\/13530"}],"wp:attachment":[{"href":"https:\/\/barrsell.com\/en\/wp-json\/wp\/v2\/media?parent=13523"}],"wp:term":[{"taxonomy":"product_cat","embeddable":true,"href":"https:\/\/barrsell.com\/en\/wp-json\/wp\/v2\/product_cat?post=13523"},{"taxonomy":"product_tag","embeddable":true,"href":"https:\/\/barrsell.com\/en\/wp-json\/wp\/v2\/product_tag?post=13523"}],"curies":[{"name":"wp","href":"https:\/\/api.w.org\/{rel}","templated":true}]}}