{"id":13519,"date":"2024-08-30T10:46:18","date_gmt":"2024-08-30T10:46:18","guid":{"rendered":"https:\/\/barrsell.com\/?post_type=product&#038;p=13519"},"modified":"2024-12-20T09:14:27","modified_gmt":"2024-12-20T09:14:27","slug":"helo-cup-graphite-sauna-isiticisi","status":"publish","type":"product","link":"https:\/\/barrsell.com\/en\/product\/helo-cup-graphite-sauna-heater\/","title":{"rendered":"Helo Cup Graphite Sauna Heater"},"content":{"rendered":"<div class=\"flex max-w-full flex-col flex-grow\">\n<div class=\"min-h-[20px] text-message flex w-full flex-col items-end gap-2 break-words [.text-message+&amp;]:mt-5 overflow-x-auto whitespace-normal\" dir=\"auto\" data-message-author-role=\"assistant\" data-message-id=\"834c1951-8f86-446e-8433-72b479a2f4ba\">\n<div class=\"flex w-full flex-col gap-1 empty:hidden first:pt-[3px]\">\n<div class=\"markdown prose w-full break-words dark:prose-invert light\">\n<h2><strong>Helo Cup Graphite Sauna Heater<\/strong><\/h2>\n<p>Helo Cup Graphite sauna heater is an innovative product that offers both aesthetics and high performance for your sauna. At the same time, it stands out with its stylish design and superior technical features. It is ideal for a wide range of applications, from large commercial spaces to luxury residential saunas. Helo's years of engineering and design experience also ensures a comfortable and effective experience in your sauna.<\/p>\n<div id=\"attachment_19409\" style=\"width: 1034px\" class=\"wp-caption alignnone\"><a href=\"https:\/\/barrsell.com\/wp-content\/uploads\/2024\/08\/Helo-Cup-Graphite-Sauna-Isiticisi-1.png\"><img fetchpriority=\"high\" decoding=\"async\" aria-describedby=\"caption-attachment-19409\" class=\"wp-image-19409 size-large\" src=\"https:\/\/barrsell.com\/wp-content\/uploads\/2024\/08\/Helo-Cup-Graphite-Sauna-Isiticisi-1-1024x768.png\" alt=\"\" width=\"1024\" height=\"768\" srcset=\"https:\/\/barrsell.com\/wp-content\/uploads\/2024\/08\/Helo-Cup-Graphite-Sauna-Isiticisi-1-1024x768.png 1024w, https:\/\/barrsell.com\/wp-content\/uploads\/2024\/08\/Helo-Cup-Graphite-Sauna-Isiticisi-1-300x225.png 300w, https:\/\/barrsell.com\/wp-content\/uploads\/2024\/08\/Helo-Cup-Graphite-Sauna-Isiticisi-1-768x576.png 768w, https:\/\/barrsell.com\/wp-content\/uploads\/2024\/08\/Helo-Cup-Graphite-Sauna-Isiticisi-1-16x12.png 16w, https:\/\/barrsell.com\/wp-content\/uploads\/2024\/08\/Helo-Cup-Graphite-Sauna-Isiticisi-1-1200x900.png 1200w, https:\/\/barrsell.com\/wp-content\/uploads\/2024\/08\/Helo-Cup-Graphite-Sauna-Isiticisi-1-150x112.png 150w, https:\/\/barrsell.com\/wp-content\/uploads\/2024\/08\/Helo-Cup-Graphite-Sauna-Isiticisi-1.png 1334w\" sizes=\"(max-width: 1024px) 100vw, 1024px\" \/><\/a><p id=\"caption-attachment-19409\" class=\"wp-caption-text\">Helo Cup Graphite Sauna Heater<\/p><\/div>\n<h4><strong>Technical Features and Benefits<\/strong><\/h4>\n<ol>\n<li class=\" translation-block\"><strong>Aesthetic Graphite Coating:<\/strong> It stands out with its graphite coating that offers a modern and sophisticated look. Therefore, this aesthetic design adds an elegant touch to the interior of your sauna. And the stainless steel provides a durable surface.<\/li>\n<li class=\" translation-block\"><strong>Large Stone Capacity:<\/strong> The Helo Cup Graphite sauna heater has a stone capacity of 60 kg. In addition, this large capacity ensures that the sauna stays at a constant temperature for a long time and offers effective steam production. This allows users to enjoy the sauna comfortably for longer.<\/li>\n<li class=\" translation-block\"><strong>High Heating Power:<\/strong> It offers power options ranging from 9 kW to 15 kW. At the same time, this high heating power of the Hello sauna heater heats large sauna rooms quickly and effectively. Thus providing a comfortable experience. It offers a balanced and effective heat distribution in large areas.<\/li>\n<li class=\" translation-block\"><strong>Wide Use Range:<\/strong> Suitable for sauna rooms from 12 to 35 cubic meters. This wide range of use ensures effective performance in sauna rooms of different sizes and adapts to both commercial and luxury applications.<\/li>\n<li class=\" translation-block\"><strong>Energy Efficiency:<\/strong> Cup Graphite has a design that improves energy efficiency. The high-performance heating system provides high heat with low energy consumption. This in turn reduces operating costs and allows the sauna to reach the desired temperature quickly.<\/li>\n<li class=\" translation-block\"><strong>Advanced Control System:<\/strong> The Helo Cup Graphite is equipped with a user-friendly digital control system. This system allows precise setting and monitoring of temperature and humidity levels. Thanks to its modern interface, sauna operators can easily manage the performance of the sauna.<\/li>\n<li class=\" translation-block\">CE Certified Safety: The sauna heater is CE certified in accordance with European safety standards. This certificate guarantees the safe use of the product and high quality standards.<\/li>\n<\/ol>\n<\/div>\n<\/div>\n<\/div>\n<\/div>\n<div class=\"mt-1 flex gap-3 empty:hidden -ml-2\">\n<div class=\"items-center justify-start rounded-xl p-1 flex\">\n<div class=\"flex items-center\"><\/div>\n<\/div>\n<\/div>","protected":false},"excerpt":{"rendered":"<p>Heater power 3\/14 m3<\/p>","protected":false},"featured_media":13520,"template":"","meta":[],"product_cat":[171],"product_tag":[],"class_list":{"0":"post-13519","1":"product","2":"type-product","3":"status-publish","4":"has-post-thumbnail","6":"product_cat-helo-sauna-isiticilar","8":"first","9":"instock","10":"shipping-taxable","11":"purchasable","12":"product-type-variable"},"yoast_head":"<!-- This site is optimized with the Yoast SEO Premium plugin v23.2 (Yoast SEO v23.2) - https:\/\/yoast.com\/wordpress\/plugins\/seo\/ -->\n<title>Helo Cup Graphite Sauna Is\u0131t\u0131c\u0131s\u0131 | Barrsell End\u00fcstri<\/title>\n<meta name=\"description\" content=\"Helo Cup Graphite sauna \u0131s\u0131t\u0131c\u0131s\u0131, saunan\u0131z i\u00e7in hem estetik hem de y\u00fcksek performans sunan yenilik\u00e7i bir \u00fcr\u00fcnd\u00fcr. \u015e\u0131k tasar\u0131m\u0131 ve \u00fcst\u00fcn teknik \u00f6zellikleri.\" \/>\n<meta name=\"robots\" content=\"index, follow, max-snippet:-1, max-image-preview:large, max-video-preview:-1\" \/>\n<link rel=\"canonical\" href=\"https:\/\/barrsell.com\/en\/product\/helo-cup-graphite-sauna-heater\/\" \/>\n<meta property=\"og:locale\" content=\"en_US\" \/>\n<meta property=\"og:type\" content=\"article\" \/>\n<meta property=\"og:title\" content=\"Helo Cup Graphite Sauna Is\u0131t\u0131c\u0131s\u0131\" \/>\n<meta property=\"og:description\" content=\"Helo Cup Graphite sauna \u0131s\u0131t\u0131c\u0131s\u0131, saunan\u0131z i\u00e7in hem estetik hem de y\u00fcksek performans sunan yenilik\u00e7i bir \u00fcr\u00fcnd\u00fcr. \u015e\u0131k tasar\u0131m\u0131 ve \u00fcst\u00fcn teknik \u00f6zellikleri.\" \/>\n<meta property=\"og:url\" content=\"https:\/\/barrsell.com\/en\/product\/helo-cup-graphite-sauna-heater\/\" \/>\n<meta property=\"og:site_name\" content=\"Barrsell\" \/>\n<meta property=\"article:modified_time\" content=\"2024-12-20T09:14:27+00:00\" \/>\n<meta property=\"og:image\" content=\"https:\/\/barrsell.com\/wp-content\/uploads\/2024\/08\/Helo-Cup-Graphite-Sauna-Isiticisi.png\" \/>\n\t<meta property=\"og:image:width\" content=\"1200\" \/>\n\t<meta property=\"og:image:height\" content=\"1200\" \/>\n\t<meta property=\"og:image:type\" content=\"image\/png\" \/>\n<meta name=\"twitter:card\" content=\"summary_large_image\" \/>\n<meta name=\"twitter:label1\" content=\"Est. reading time\" \/>\n\t<meta name=\"twitter:data1\" content=\"3 minutes\" \/>\n<script type=\"application\/ld+json\" class=\"yoast-schema-graph\">{\"@context\":\"https:\/\/schema.org\",\"@graph\":[{\"@type\":\"WebPage\",\"@id\":\"https:\/\/barrsell.com\/urun\/helo-cup-graphite-sauna-isiticisi\/\",\"url\":\"https:\/\/barrsell.com\/urun\/helo-cup-graphite-sauna-isiticisi\/\",\"name\":\"Helo Cup Graphite Sauna Is\u0131t\u0131c\u0131s\u0131 | Barrsell End\u00fcstri\",\"isPartOf\":{\"@id\":\"https:\/\/barrsell.com\/#website\"},\"primaryImageOfPage\":{\"@id\":\"https:\/\/barrsell.com\/urun\/helo-cup-graphite-sauna-isiticisi\/#primaryimage\"},\"image\":{\"@id\":\"https:\/\/barrsell.com\/urun\/helo-cup-graphite-sauna-isiticisi\/#primaryimage\"},\"thumbnailUrl\":\"https:\/\/barrsell.com\/wp-content\/uploads\/2024\/08\/Helo-Cup-Graphite-Sauna-Isiticisi.png\",\"datePublished\":\"2024-08-30T10:46:18+00:00\",\"dateModified\":\"2024-12-20T09:14:27+00:00\",\"description\":\"Helo Cup Graphite sauna \u0131s\u0131t\u0131c\u0131s\u0131, saunan\u0131z i\u00e7in hem estetik hem de y\u00fcksek performans sunan yenilik\u00e7i bir \u00fcr\u00fcnd\u00fcr. \u015e\u0131k tasar\u0131m\u0131 ve \u00fcst\u00fcn teknik \u00f6zellikleri.\",\"breadcrumb\":{\"@id\":\"https:\/\/barrsell.com\/urun\/helo-cup-graphite-sauna-isiticisi\/#breadcrumb\"},\"inLanguage\":\"en-US\",\"potentialAction\":[{\"@type\":\"ReadAction\",\"target\":[\"https:\/\/barrsell.com\/urun\/helo-cup-graphite-sauna-isiticisi\/\"]}]},{\"@type\":\"ImageObject\",\"inLanguage\":\"en-US\",\"@id\":\"https:\/\/barrsell.com\/urun\/helo-cup-graphite-sauna-isiticisi\/#primaryimage\",\"url\":\"https:\/\/barrsell.com\/wp-content\/uploads\/2024\/08\/Helo-Cup-Graphite-Sauna-Isiticisi.png\",\"contentUrl\":\"https:\/\/barrsell.com\/wp-content\/uploads\/2024\/08\/Helo-Cup-Graphite-Sauna-Isiticisi.png\",\"width\":1200,\"height\":1200,\"caption\":\"Helo Cup Graphite Sauna Is\u0131t\u0131c\u0131s\u0131\"},{\"@type\":\"BreadcrumbList\",\"@id\":\"https:\/\/barrsell.com\/urun\/helo-cup-graphite-sauna-isiticisi\/#breadcrumb\",\"itemListElement\":[{\"@type\":\"ListItem\",\"position\":1,\"name\":\"Home\",\"item\":\"https:\/\/barrsell.com\/\"},{\"@type\":\"ListItem\",\"position\":2,\"name\":\"\u00dcr\u00fcnler\",\"item\":\"https:\/\/barrsell.com\/en\/products\/\"},{\"@type\":\"ListItem\",\"position\":3,\"name\":\"Helo Cup Graphite Sauna Is\u0131t\u0131c\u0131s\u0131\"}]},{\"@type\":\"WebSite\",\"@id\":\"https:\/\/barrsell.com\/#website\",\"url\":\"https:\/\/barrsell.com\/\",\"name\":\"Barrsell End\u00fcstri Makine\",\"description\":\"Teknolojiyle G\u00fc\u00e7lenen End\u00fcstriyel \u00c7\u00f6z\u00fcmler!\",\"potentialAction\":[{\"@type\":\"SearchAction\",\"target\":{\"@type\":\"EntryPoint\",\"urlTemplate\":\"https:\/\/barrsell.com\/?s={search_term_string}\"},\"query-input\":\"required name=search_term_string\"}],\"inLanguage\":\"en-US\"}]}<\/script>\n<!-- \/ Yoast SEO Premium plugin. -->","yoast_head_json":{"title":"Helo Cup Graphite Sauna Is\u0131t\u0131c\u0131s\u0131 | Barrsell End\u00fcstri","description":"Helo Cup Graphite sauna \u0131s\u0131t\u0131c\u0131s\u0131, saunan\u0131z i\u00e7in hem estetik hem de y\u00fcksek performans sunan yenilik\u00e7i bir \u00fcr\u00fcnd\u00fcr. \u015e\u0131k tasar\u0131m\u0131 ve \u00fcst\u00fcn teknik \u00f6zellikleri.","robots":{"index":"index","follow":"follow","max-snippet":"max-snippet:-1","max-image-preview":"max-image-preview:large","max-video-preview":"max-video-preview:-1"},"canonical":"https:\/\/barrsell.com\/en\/product\/helo-cup-graphite-sauna-heater\/","og_locale":"en_US","og_type":"article","og_title":"Helo Cup Graphite Sauna Is\u0131t\u0131c\u0131s\u0131","og_description":"Helo Cup Graphite sauna \u0131s\u0131t\u0131c\u0131s\u0131, saunan\u0131z i\u00e7in hem estetik hem de y\u00fcksek performans sunan yenilik\u00e7i bir \u00fcr\u00fcnd\u00fcr. \u015e\u0131k tasar\u0131m\u0131 ve \u00fcst\u00fcn teknik \u00f6zellikleri.","og_url":"https:\/\/barrsell.com\/en\/product\/helo-cup-graphite-sauna-heater\/","og_site_name":"Barrsell","article_modified_time":"2024-12-20T09:14:27+00:00","og_image":[{"width":1200,"height":1200,"url":"https:\/\/barrsell.com\/wp-content\/uploads\/2024\/08\/Helo-Cup-Graphite-Sauna-Isiticisi.png","type":"image\/png"}],"twitter_card":"summary_large_image","twitter_misc":{"Est. reading time":"3 minutes"},"schema":{"@context":"https:\/\/schema.org","@graph":[{"@type":"WebPage","@id":"https:\/\/barrsell.com\/urun\/helo-cup-graphite-sauna-isiticisi\/","url":"https:\/\/barrsell.com\/urun\/helo-cup-graphite-sauna-isiticisi\/","name":"Helo Cup Graphite Sauna Is\u0131t\u0131c\u0131s\u0131 | Barrsell End\u00fcstri","isPartOf":{"@id":"https:\/\/barrsell.com\/#website"},"primaryImageOfPage":{"@id":"https:\/\/barrsell.com\/urun\/helo-cup-graphite-sauna-isiticisi\/#primaryimage"},"image":{"@id":"https:\/\/barrsell.com\/urun\/helo-cup-graphite-sauna-isiticisi\/#primaryimage"},"thumbnailUrl":"https:\/\/barrsell.com\/wp-content\/uploads\/2024\/08\/Helo-Cup-Graphite-Sauna-Isiticisi.png","datePublished":"2024-08-30T10:46:18+00:00","dateModified":"2024-12-20T09:14:27+00:00","description":"Helo Cup Graphite sauna \u0131s\u0131t\u0131c\u0131s\u0131, saunan\u0131z i\u00e7in hem estetik hem de y\u00fcksek performans sunan yenilik\u00e7i bir \u00fcr\u00fcnd\u00fcr. \u015e\u0131k tasar\u0131m\u0131 ve \u00fcst\u00fcn teknik \u00f6zellikleri.","breadcrumb":{"@id":"https:\/\/barrsell.com\/urun\/helo-cup-graphite-sauna-isiticisi\/#breadcrumb"},"inLanguage":"en-US","potentialAction":[{"@type":"ReadAction","target":["https:\/\/barrsell.com\/urun\/helo-cup-graphite-sauna-isiticisi\/"]}]},{"@type":"ImageObject","inLanguage":"en-US","@id":"https:\/\/barrsell.com\/urun\/helo-cup-graphite-sauna-isiticisi\/#primaryimage","url":"https:\/\/barrsell.com\/wp-content\/uploads\/2024\/08\/Helo-Cup-Graphite-Sauna-Isiticisi.png","contentUrl":"https:\/\/barrsell.com\/wp-content\/uploads\/2024\/08\/Helo-Cup-Graphite-Sauna-Isiticisi.png","width":1200,"height":1200,"caption":"Helo Cup Graphite Sauna Is\u0131t\u0131c\u0131s\u0131"},{"@type":"BreadcrumbList","@id":"https:\/\/barrsell.com\/urun\/helo-cup-graphite-sauna-isiticisi\/#breadcrumb","itemListElement":[{"@type":"ListItem","position":1,"name":"Home","item":"https:\/\/barrsell.com\/"},{"@type":"ListItem","position":2,"name":"\u00dcr\u00fcnler","item":"https:\/\/barrsell.com\/en\/products\/"},{"@type":"ListItem","position":3,"name":"Helo Cup Graphite Sauna Is\u0131t\u0131c\u0131s\u0131"}]},{"@type":"WebSite","@id":"https:\/\/barrsell.com\/#website","url":"https:\/\/barrsell.com\/","name":"Barrsell End\u00fcstri Makine","description":"Teknolojiyle G\u00fc\u00e7lenen End\u00fcstriyel \u00c7\u00f6z\u00fcmler!","potentialAction":[{"@type":"SearchAction","target":{"@type":"EntryPoint","urlTemplate":"https:\/\/barrsell.com\/?s={search_term_string}"},"query-input":"required name=search_term_string"}],"inLanguage":"en-US"}]}},"_links":{"self":[{"href":"https:\/\/barrsell.com\/en\/wp-json\/wp\/v2\/product\/13519","targetHints":{"allow":["GET"]}}],"collection":[{"href":"https:\/\/barrsell.com\/en\/wp-json\/wp\/v2\/product"}],"about":[{"href":"https:\/\/barrsell.com\/en\/wp-json\/wp\/v2\/types\/product"}],"version-history":[{"count":7,"href":"https:\/\/barrsell.com\/en\/wp-json\/wp\/v2\/product\/13519\/revisions"}],"predecessor-version":[{"id":19411,"href":"https:\/\/barrsell.com\/en\/wp-json\/wp\/v2\/product\/13519\/revisions\/19411"}],"wp:featuredmedia":[{"embeddable":true,"href":"https:\/\/barrsell.com\/en\/wp-json\/wp\/v2\/media\/13520"}],"wp:attachment":[{"href":"https:\/\/barrsell.com\/en\/wp-json\/wp\/v2\/media?parent=13519"}],"wp:term":[{"taxonomy":"product_cat","embeddable":true,"href":"https:\/\/barrsell.com\/en\/wp-json\/wp\/v2\/product_cat?post=13519"},{"taxonomy":"product_tag","embeddable":true,"href":"https:\/\/barrsell.com\/en\/wp-json\/wp\/v2\/product_tag?post=13519"}],"curies":[{"name":"wp","href":"https:\/\/api.w.org\/{rel}","templated":true}]}}