{"id":13512,"date":"2024-08-30T10:42:24","date_gmt":"2024-08-30T10:42:24","guid":{"rendered":"https:\/\/barrsell.com\/?post_type=product&#038;p=13512"},"modified":"2024-12-21T18:23:09","modified_gmt":"2024-12-21T18:23:09","slug":"helo-laine-sauna-isiticisi","status":"publish","type":"product","link":"https:\/\/barrsell.com\/en\/product\/helo-laine-sauna-heater\/","title":{"rendered":"Helo Laine Sauna Heater"},"content":{"rendered":"<div class=\"flex max-w-full flex-col flex-grow\">\n<div class=\"min-h-[20px] text-message flex w-full flex-col items-end gap-2 break-words [.text-message+&amp;]:mt-5 overflow-x-auto whitespace-normal\" dir=\"auto\" data-message-author-role=\"assistant\" data-message-id=\"5d69d4da-9ed6-4d61-aa9f-740736763b8d\">\n<div class=\"flex w-full flex-col gap-1 empty:hidden first:pt-[3px]\">\n<div class=\"markdown prose w-full break-words dark:prose-invert light\">\n<h2><strong>Helo Laine Sauna Heater: Innovation Combining Elegance and Performance<\/strong><\/h2>\n<p>The Helo Laine sauna heater is a stylish, high-performance product designed for modern saunas. Offering a wide range of uses, from large commercial spaces to luxury spas, Laine reflects Helo's expertise in engineering and design. At the same time, Laine offers users superior comfort and an efficient sauna experience.<\/p>\n<div id=\"attachment_16115\" style=\"width: 310px\" class=\"wp-caption alignleft\"><a href=\"https:\/\/barrsell.com\/wp-content\/uploads\/2024\/08\/Helo-Laine-Sauna-Isiticisi-1.png\"><img fetchpriority=\"high\" decoding=\"async\" aria-describedby=\"caption-attachment-16115\" class=\"size-medium wp-image-16115\" src=\"https:\/\/barrsell.com\/wp-content\/uploads\/2024\/08\/Helo-Laine-Sauna-Isiticisi-1-300x300.png\" alt=\"Helo Laine Sauna Is\u0131t\u0131c\u0131s\u0131-1\" width=\"300\" height=\"300\" srcset=\"https:\/\/barrsell.com\/wp-content\/uploads\/2024\/08\/Helo-Laine-Sauna-Isiticisi-1-300x300.png 300w, https:\/\/barrsell.com\/wp-content\/uploads\/2024\/08\/Helo-Laine-Sauna-Isiticisi-1-1024x1024.png 1024w, https:\/\/barrsell.com\/wp-content\/uploads\/2024\/08\/Helo-Laine-Sauna-Isiticisi-1-150x150.png 150w, https:\/\/barrsell.com\/wp-content\/uploads\/2024\/08\/Helo-Laine-Sauna-Isiticisi-1-768x768.png 768w, https:\/\/barrsell.com\/wp-content\/uploads\/2024\/08\/Helo-Laine-Sauna-Isiticisi-1-12x12.png 12w, https:\/\/barrsell.com\/wp-content\/uploads\/2024\/08\/Helo-Laine-Sauna-Isiticisi-1-600x600.png 600w, https:\/\/barrsell.com\/wp-content\/uploads\/2024\/08\/Helo-Laine-Sauna-Isiticisi-1-50x50.png 50w, https:\/\/barrsell.com\/wp-content\/uploads\/2024\/08\/Helo-Laine-Sauna-Isiticisi-1-100x100.png 100w, https:\/\/barrsell.com\/wp-content\/uploads\/2024\/08\/Helo-Laine-Sauna-Isiticisi-1.png 1200w\" sizes=\"(max-width: 300px) 100vw, 300px\" \/><\/a><p id=\"caption-attachment-16115\" class=\"wp-caption-text\">Helo Laine Sauna Is\u0131t\u0131c\u0131s\u0131-1<\/p><\/div>\n<h3><strong>Technical Features and Benefits<\/strong><\/h3>\n<ol>\n<li class=\" translation-block\"><strong>Aesthetic and Modern Design:<\/strong> The Helo Laine sauna heater has an elegant and modern design. Its fine details and stylish finish add sophistication to the interior of your sauna. The stainless steel coating ensures both aesthetic and durable use. Thus, it offers a long-lasting solution.<\/li>\n<li class=\" translation-block\"><strong>Large Stone Capacity:<\/strong> The Laine sauna heater has a stone capacity of 50 kg. This large capacity ensures that the sauna stays hot for a long time and offers effective steam production. It allows users to relax and enjoy the sauna for a long time.<\/li>\n<li class=\" translation-block\"><strong>High Heating Power:<\/strong> Helo Laine offers power options ranging from 9 kW to 12 kW. This high heating power provides a comfortable experience by quickly and effectively heating sauna rooms of various sizes. It provides a balanced heat distribution over large areas.<\/li>\n<li class=\" translation-block\"><strong>Wide Application Range:<\/strong> Laine is suitable for sauna rooms from 10 to 30 cubic meters. This wide range of use ensures effective performance in sauna rooms of different sizes and is suitable for both commercial and luxury applications.<\/li>\n<li class=\" translation-block\"><strong>Energy Efficiency:<\/strong> Helo Laine has an energy efficient design. With its high-performance heating system, it offers low energy consumption, which allows the sauna to reach the desired temperature quickly while reducing operating costs.<\/li>\n<li class=\" translation-block\"><strong>Advanced Control System:<\/strong> Laine is equipped with a user-friendly digital control system. This system therefore enables precise setting and monitoring of temperature and humidity levels. Thanks to its modern interface, you can easily manage the performance of the sauna.<\/li>\n<li class=\" translation-block\"><strong>CE Certified Safety:<\/strong> CE certified in accordance with European safety standards. This certificate also guarantees the safe use of the product and high quality standards.<\/li>\n<\/ol>\n<div id=\"attachment_19412\" style=\"width: 269px\" class=\"wp-caption alignright\"><a href=\"https:\/\/barrsell.com\/wp-content\/uploads\/2024\/08\/Helo-Laine-Sauna-Isiticisi-2.jpg\"><img decoding=\"async\" aria-describedby=\"caption-attachment-19412\" class=\"size-medium wp-image-19412\" src=\"https:\/\/barrsell.com\/wp-content\/uploads\/2024\/08\/Helo-Laine-Sauna-Isiticisi-2-259x300.jpg\" alt=\"\" width=\"259\" height=\"300\" srcset=\"https:\/\/barrsell.com\/wp-content\/uploads\/2024\/08\/Helo-Laine-Sauna-Isiticisi-2-259x300.jpg 259w, https:\/\/barrsell.com\/wp-content\/uploads\/2024\/08\/Helo-Laine-Sauna-Isiticisi-2-768x891.jpg 768w, https:\/\/barrsell.com\/wp-content\/uploads\/2024\/08\/Helo-Laine-Sauna-Isiticisi-2-10x12.jpg 10w, https:\/\/barrsell.com\/wp-content\/uploads\/2024\/08\/Helo-Laine-Sauna-Isiticisi-2-150x174.jpg 150w, https:\/\/barrsell.com\/wp-content\/uploads\/2024\/08\/Helo-Laine-Sauna-Isiticisi-2.jpg 862w\" sizes=\"(max-width: 259px) 100vw, 259px\" \/><\/a><p id=\"caption-attachment-19412\" class=\"wp-caption-text\">Helo Laine Sauna Heater-2<\/p><\/div>\n<h3><strong>Aesthetics and Design<\/strong><\/h3>\n<p>The modern design of Helo Laine adds elegance and refinement to your sauna interior. Its stainless steel finish and minimalist details ensure both aesthetic and functional use. Laine offers both a visually and functionally elegant option for your sauna.<\/p>\n<h3><strong>Laine Sauna Heater Usage Areas<\/strong><\/h3>\n<p>It offers an effective heating solution in large areas such as hotels, spa centers, large commercial saunas and luxury residential saunas. It also provides excellent results in sauna rooms of various sizes with its large stone capacity and high performance.<\/p>\n<div class=\"mceTemp\">\n<p><a href=\"https:\/\/barrsell.com\/wp-content\/uploads\/2024\/08\/Helo-Laine-Sauna-Isiticisi-4.jpg\"><img decoding=\"async\" class=\"wp-image-19413 size-large\" src=\"https:\/\/barrsell.com\/wp-content\/uploads\/2024\/08\/Helo-Laine-Sauna-Isiticisi-4-1024x681.jpg\" alt=\"\" width=\"1024\" height=\"681\" srcset=\"https:\/\/barrsell.com\/wp-content\/uploads\/2024\/08\/Helo-Laine-Sauna-Isiticisi-4-1024x681.jpg 1024w, https:\/\/barrsell.com\/wp-content\/uploads\/2024\/08\/Helo-Laine-Sauna-Isiticisi-4-300x200.jpg 300w, https:\/\/barrsell.com\/wp-content\/uploads\/2024\/08\/Helo-Laine-Sauna-Isiticisi-4-768x511.jpg 768w, https:\/\/barrsell.com\/wp-content\/uploads\/2024\/08\/Helo-Laine-Sauna-Isiticisi-4-18x12.jpg 18w, https:\/\/barrsell.com\/wp-content\/uploads\/2024\/08\/Helo-Laine-Sauna-Isiticisi-4-1200x798.jpg 1200w, https:\/\/barrsell.com\/wp-content\/uploads\/2024\/08\/Helo-Laine-Sauna-Isiticisi-4-150x100.jpg 150w, https:\/\/barrsell.com\/wp-content\/uploads\/2024\/08\/Helo-Laine-Sauna-Isiticisi-4.jpg 1500w\" sizes=\"(max-width: 1024px) 100vw, 1024px\" \/><\/a><\/p>\n<\/div>\n<\/div>\n<\/div>\n<\/div>\n<div class=\"mt-1 flex gap-3 empty:hidden -ml-2\">\n<div class=\"items-center justify-start rounded-xl p-1 flex\">\n<div class=\"flex items-center\">\n<div class=\"mceTemp\"><\/div>\n<\/div>\n<\/div>\n<\/div>\n<\/div>","protected":false},"excerpt":{"rendered":"<div class=\"elementor-element elementor-element-ce05bd9 wd-single-short-desc text-left elementor-widget elementor-widget-wd_single_product_short_description\" data-id=\"ce05bd9\" data-element_type=\"widget\" data-widget_type=\"wd_single_product_short_description.default\">\n<div class=\"elementor-widget-container\">\n<div class=\"woocommerce-product-details__short-description\">\n<p>Sauna size 5-9<\/p>\n<\/div>\n<\/div>\n<\/div>","protected":false},"featured_media":13514,"template":"","meta":[],"product_cat":[171],"product_tag":[],"class_list":{"0":"post-13512","1":"product","2":"type-product","3":"status-publish","4":"has-post-thumbnail","6":"product_cat-helo-sauna-isiticilar","8":"first","9":"instock","10":"shipping-taxable","11":"purchasable","12":"product-type-variable","13":"has-default-attributes"},"yoast_head":"<!-- This site is optimized with the Yoast SEO Premium plugin v23.2 (Yoast SEO v23.2) - https:\/\/yoast.com\/wordpress\/plugins\/seo\/ -->\n<title>Helo Laine Sauna Is\u0131t\u0131c\u0131s\u0131 | Barrsell End\u00fcstri<\/title>\n<meta name=\"description\" content=\"Helo Laine sauna \u0131s\u0131t\u0131c\u0131s\u0131, modern saunalar i\u00e7in tasarlanm\u0131\u015f \u015f\u0131k ve y\u00fcksek performansl\u0131 bir \u00fcr\u00fcnd\u00fcr. B\u00fcy\u00fck ticari alanlardan l\u00fcks spa merkezlerine kadar\" \/>\n<meta name=\"robots\" content=\"index, follow, max-snippet:-1, max-image-preview:large, max-video-preview:-1\" \/>\n<link rel=\"canonical\" href=\"https:\/\/barrsell.com\/en\/product\/helo-laine-sauna-heater\/\" \/>\n<meta property=\"og:locale\" content=\"en_US\" \/>\n<meta property=\"og:type\" content=\"article\" \/>\n<meta property=\"og:title\" content=\"Helo Laine Sauna Is\u0131t\u0131c\u0131s\u0131\" \/>\n<meta property=\"og:description\" content=\"Helo Laine sauna \u0131s\u0131t\u0131c\u0131s\u0131, modern saunalar i\u00e7in tasarlanm\u0131\u015f \u015f\u0131k ve y\u00fcksek performansl\u0131 bir \u00fcr\u00fcnd\u00fcr. B\u00fcy\u00fck ticari alanlardan l\u00fcks spa merkezlerine kadar\" \/>\n<meta property=\"og:url\" content=\"https:\/\/barrsell.com\/en\/product\/helo-laine-sauna-heater\/\" \/>\n<meta property=\"og:site_name\" content=\"Barrsell\" \/>\n<meta property=\"article:modified_time\" content=\"2024-12-21T18:23:09+00:00\" \/>\n<meta property=\"og:image\" content=\"https:\/\/barrsell.com\/wp-content\/uploads\/2024\/08\/Helo-Laine-Sauna-Isiticisi.png\" \/>\n\t<meta property=\"og:image:width\" content=\"1200\" \/>\n\t<meta property=\"og:image:height\" content=\"1200\" \/>\n\t<meta property=\"og:image:type\" content=\"image\/png\" \/>\n<meta name=\"twitter:card\" content=\"summary_large_image\" \/>\n<meta name=\"twitter:label1\" content=\"Est. reading time\" \/>\n\t<meta name=\"twitter:data1\" content=\"4 minutes\" \/>\n<script type=\"application\/ld+json\" class=\"yoast-schema-graph\">{\"@context\":\"https:\/\/schema.org\",\"@graph\":[{\"@type\":\"WebPage\",\"@id\":\"https:\/\/barrsell.com\/urun\/helo-laine-sauna-isiticisi\/\",\"url\":\"https:\/\/barrsell.com\/urun\/helo-laine-sauna-isiticisi\/\",\"name\":\"Helo Laine Sauna Is\u0131t\u0131c\u0131s\u0131 | Barrsell End\u00fcstri\",\"isPartOf\":{\"@id\":\"https:\/\/barrsell.com\/#website\"},\"primaryImageOfPage\":{\"@id\":\"https:\/\/barrsell.com\/urun\/helo-laine-sauna-isiticisi\/#primaryimage\"},\"image\":{\"@id\":\"https:\/\/barrsell.com\/urun\/helo-laine-sauna-isiticisi\/#primaryimage\"},\"thumbnailUrl\":\"https:\/\/barrsell.com\/wp-content\/uploads\/2024\/08\/Helo-Laine-Sauna-Isiticisi.png\",\"datePublished\":\"2024-08-30T10:42:24+00:00\",\"dateModified\":\"2024-12-21T18:23:09+00:00\",\"description\":\"Helo Laine sauna \u0131s\u0131t\u0131c\u0131s\u0131, modern saunalar i\u00e7in tasarlanm\u0131\u015f \u015f\u0131k ve y\u00fcksek performansl\u0131 bir \u00fcr\u00fcnd\u00fcr. B\u00fcy\u00fck ticari alanlardan l\u00fcks spa merkezlerine kadar\",\"breadcrumb\":{\"@id\":\"https:\/\/barrsell.com\/urun\/helo-laine-sauna-isiticisi\/#breadcrumb\"},\"inLanguage\":\"en-US\",\"potentialAction\":[{\"@type\":\"ReadAction\",\"target\":[\"https:\/\/barrsell.com\/urun\/helo-laine-sauna-isiticisi\/\"]}]},{\"@type\":\"ImageObject\",\"inLanguage\":\"en-US\",\"@id\":\"https:\/\/barrsell.com\/urun\/helo-laine-sauna-isiticisi\/#primaryimage\",\"url\":\"https:\/\/barrsell.com\/wp-content\/uploads\/2024\/08\/Helo-Laine-Sauna-Isiticisi.png\",\"contentUrl\":\"https:\/\/barrsell.com\/wp-content\/uploads\/2024\/08\/Helo-Laine-Sauna-Isiticisi.png\",\"width\":1200,\"height\":1200,\"caption\":\"Helo Laine Sauna Is\u0131t\u0131c\u0131s\u0131\"},{\"@type\":\"BreadcrumbList\",\"@id\":\"https:\/\/barrsell.com\/urun\/helo-laine-sauna-isiticisi\/#breadcrumb\",\"itemListElement\":[{\"@type\":\"ListItem\",\"position\":1,\"name\":\"Home\",\"item\":\"https:\/\/barrsell.com\/\"},{\"@type\":\"ListItem\",\"position\":2,\"name\":\"\u00dcr\u00fcnler\",\"item\":\"https:\/\/barrsell.com\/en\/products\/\"},{\"@type\":\"ListItem\",\"position\":3,\"name\":\"Helo Laine Sauna Is\u0131t\u0131c\u0131s\u0131\"}]},{\"@type\":\"WebSite\",\"@id\":\"https:\/\/barrsell.com\/#website\",\"url\":\"https:\/\/barrsell.com\/\",\"name\":\"Barrsell End\u00fcstri Makine\",\"description\":\"Teknolojiyle G\u00fc\u00e7lenen End\u00fcstriyel \u00c7\u00f6z\u00fcmler!\",\"potentialAction\":[{\"@type\":\"SearchAction\",\"target\":{\"@type\":\"EntryPoint\",\"urlTemplate\":\"https:\/\/barrsell.com\/?s={search_term_string}\"},\"query-input\":\"required name=search_term_string\"}],\"inLanguage\":\"en-US\"}]}<\/script>\n<!-- \/ Yoast SEO Premium plugin. -->","yoast_head_json":{"title":"Helo Laine Sauna Is\u0131t\u0131c\u0131s\u0131 | Barrsell End\u00fcstri","description":"Helo Laine sauna \u0131s\u0131t\u0131c\u0131s\u0131, modern saunalar i\u00e7in tasarlanm\u0131\u015f \u015f\u0131k ve y\u00fcksek performansl\u0131 bir \u00fcr\u00fcnd\u00fcr. B\u00fcy\u00fck ticari alanlardan l\u00fcks spa merkezlerine kadar","robots":{"index":"index","follow":"follow","max-snippet":"max-snippet:-1","max-image-preview":"max-image-preview:large","max-video-preview":"max-video-preview:-1"},"canonical":"https:\/\/barrsell.com\/en\/product\/helo-laine-sauna-heater\/","og_locale":"en_US","og_type":"article","og_title":"Helo Laine Sauna Is\u0131t\u0131c\u0131s\u0131","og_description":"Helo Laine sauna \u0131s\u0131t\u0131c\u0131s\u0131, modern saunalar i\u00e7in tasarlanm\u0131\u015f \u015f\u0131k ve y\u00fcksek performansl\u0131 bir \u00fcr\u00fcnd\u00fcr. B\u00fcy\u00fck ticari alanlardan l\u00fcks spa merkezlerine kadar","og_url":"https:\/\/barrsell.com\/en\/product\/helo-laine-sauna-heater\/","og_site_name":"Barrsell","article_modified_time":"2024-12-21T18:23:09+00:00","og_image":[{"width":1200,"height":1200,"url":"https:\/\/barrsell.com\/wp-content\/uploads\/2024\/08\/Helo-Laine-Sauna-Isiticisi.png","type":"image\/png"}],"twitter_card":"summary_large_image","twitter_misc":{"Est. reading time":"4 minutes"},"schema":{"@context":"https:\/\/schema.org","@graph":[{"@type":"WebPage","@id":"https:\/\/barrsell.com\/urun\/helo-laine-sauna-isiticisi\/","url":"https:\/\/barrsell.com\/urun\/helo-laine-sauna-isiticisi\/","name":"Helo Laine Sauna Is\u0131t\u0131c\u0131s\u0131 | Barrsell End\u00fcstri","isPartOf":{"@id":"https:\/\/barrsell.com\/#website"},"primaryImageOfPage":{"@id":"https:\/\/barrsell.com\/urun\/helo-laine-sauna-isiticisi\/#primaryimage"},"image":{"@id":"https:\/\/barrsell.com\/urun\/helo-laine-sauna-isiticisi\/#primaryimage"},"thumbnailUrl":"https:\/\/barrsell.com\/wp-content\/uploads\/2024\/08\/Helo-Laine-Sauna-Isiticisi.png","datePublished":"2024-08-30T10:42:24+00:00","dateModified":"2024-12-21T18:23:09+00:00","description":"Helo Laine sauna \u0131s\u0131t\u0131c\u0131s\u0131, modern saunalar i\u00e7in tasarlanm\u0131\u015f \u015f\u0131k ve y\u00fcksek performansl\u0131 bir \u00fcr\u00fcnd\u00fcr. B\u00fcy\u00fck ticari alanlardan l\u00fcks spa merkezlerine kadar","breadcrumb":{"@id":"https:\/\/barrsell.com\/urun\/helo-laine-sauna-isiticisi\/#breadcrumb"},"inLanguage":"en-US","potentialAction":[{"@type":"ReadAction","target":["https:\/\/barrsell.com\/urun\/helo-laine-sauna-isiticisi\/"]}]},{"@type":"ImageObject","inLanguage":"en-US","@id":"https:\/\/barrsell.com\/urun\/helo-laine-sauna-isiticisi\/#primaryimage","url":"https:\/\/barrsell.com\/wp-content\/uploads\/2024\/08\/Helo-Laine-Sauna-Isiticisi.png","contentUrl":"https:\/\/barrsell.com\/wp-content\/uploads\/2024\/08\/Helo-Laine-Sauna-Isiticisi.png","width":1200,"height":1200,"caption":"Helo Laine Sauna Is\u0131t\u0131c\u0131s\u0131"},{"@type":"BreadcrumbList","@id":"https:\/\/barrsell.com\/urun\/helo-laine-sauna-isiticisi\/#breadcrumb","itemListElement":[{"@type":"ListItem","position":1,"name":"Home","item":"https:\/\/barrsell.com\/"},{"@type":"ListItem","position":2,"name":"\u00dcr\u00fcnler","item":"https:\/\/barrsell.com\/en\/products\/"},{"@type":"ListItem","position":3,"name":"Helo Laine Sauna Is\u0131t\u0131c\u0131s\u0131"}]},{"@type":"WebSite","@id":"https:\/\/barrsell.com\/#website","url":"https:\/\/barrsell.com\/","name":"Barrsell End\u00fcstri Makine","description":"Teknolojiyle G\u00fc\u00e7lenen End\u00fcstriyel \u00c7\u00f6z\u00fcmler!","potentialAction":[{"@type":"SearchAction","target":{"@type":"EntryPoint","urlTemplate":"https:\/\/barrsell.com\/?s={search_term_string}"},"query-input":"required name=search_term_string"}],"inLanguage":"en-US"}]}},"_links":{"self":[{"href":"https:\/\/barrsell.com\/en\/wp-json\/wp\/v2\/product\/13512","targetHints":{"allow":["GET"]}}],"collection":[{"href":"https:\/\/barrsell.com\/en\/wp-json\/wp\/v2\/product"}],"about":[{"href":"https:\/\/barrsell.com\/en\/wp-json\/wp\/v2\/types\/product"}],"version-history":[{"count":9,"href":"https:\/\/barrsell.com\/en\/wp-json\/wp\/v2\/product\/13512\/revisions"}],"predecessor-version":[{"id":19417,"href":"https:\/\/barrsell.com\/en\/wp-json\/wp\/v2\/product\/13512\/revisions\/19417"}],"wp:featuredmedia":[{"embeddable":true,"href":"https:\/\/barrsell.com\/en\/wp-json\/wp\/v2\/media\/13514"}],"wp:attachment":[{"href":"https:\/\/barrsell.com\/en\/wp-json\/wp\/v2\/media?parent=13512"}],"wp:term":[{"taxonomy":"product_cat","embeddable":true,"href":"https:\/\/barrsell.com\/en\/wp-json\/wp\/v2\/product_cat?post=13512"},{"taxonomy":"product_tag","embeddable":true,"href":"https:\/\/barrsell.com\/en\/wp-json\/wp\/v2\/product_tag?post=13512"}],"curies":[{"name":"wp","href":"https:\/\/api.w.org\/{rel}","templated":true}]}}