{"id":13507,"date":"2024-08-30T10:37:19","date_gmt":"2024-08-30T10:37:19","guid":{"rendered":"https:\/\/barrsell.com\/?post_type=product&#038;p=13507"},"modified":"2024-12-21T18:37:08","modified_gmt":"2024-12-21T18:37:08","slug":"helo-roxx-sauna-isiticisi","status":"publish","type":"product","link":"https:\/\/barrsell.com\/en\/product\/helo-roxx-sauna-heater\/","title":{"rendered":"Helo Roxx Sauna Heater"},"content":{"rendered":"<div class=\"flex max-w-full flex-col flex-grow\">\n<div class=\"min-h-[20px] text-message flex w-full flex-col items-end gap-2 break-words [.text-message+&amp;]:mt-5 overflow-x-auto whitespace-normal\" dir=\"auto\" data-message-author-role=\"assistant\" data-message-id=\"56498a0a-d957-4a12-b88c-eb3a43b379c0\">\n<div class=\"flex w-full flex-col gap-1 empty:hidden first:pt-[3px]\">\n<div class=\"markdown prose w-full break-words dark:prose-invert light\">\n<h2><strong>Helo Roxx Sauna Heater<\/strong><\/h2>\n<p>The Helo Roxx sauna heater combines high performance and aesthetic design for modern saunas. It offers a wide range of uses, from large commercial spaces to luxury spa centers. Roxx also reflects Helo's engineering excellence and innovative approach. Roxx offers a comfortable and efficient sauna experience for users.<\/p>\n<div id=\"attachment_19419\" style=\"width: 410px\" class=\"wp-caption alignright\"><a href=\"https:\/\/barrsell.com\/wp-content\/uploads\/2024\/08\/Helo-Roxx-Sauna-Isiticisi-1.jpg\"><img fetchpriority=\"high\" decoding=\"async\" aria-describedby=\"caption-attachment-19419\" class=\"wp-image-19419\" src=\"https:\/\/barrsell.com\/wp-content\/uploads\/2024\/08\/Helo-Roxx-Sauna-Isiticisi-1-300x300.jpg\" alt=\"\" width=\"400\" height=\"400\" srcset=\"https:\/\/barrsell.com\/wp-content\/uploads\/2024\/08\/Helo-Roxx-Sauna-Isiticisi-1-300x300.jpg 300w, https:\/\/barrsell.com\/wp-content\/uploads\/2024\/08\/Helo-Roxx-Sauna-Isiticisi-1-1024x1024.jpg 1024w, https:\/\/barrsell.com\/wp-content\/uploads\/2024\/08\/Helo-Roxx-Sauna-Isiticisi-1-150x150.jpg 150w, https:\/\/barrsell.com\/wp-content\/uploads\/2024\/08\/Helo-Roxx-Sauna-Isiticisi-1-768x768.jpg 768w, https:\/\/barrsell.com\/wp-content\/uploads\/2024\/08\/Helo-Roxx-Sauna-Isiticisi-1-12x12.jpg 12w, https:\/\/barrsell.com\/wp-content\/uploads\/2024\/08\/Helo-Roxx-Sauna-Isiticisi-1-600x600.jpg 600w, https:\/\/barrsell.com\/wp-content\/uploads\/2024\/08\/Helo-Roxx-Sauna-Isiticisi-1-50x50.jpg 50w, https:\/\/barrsell.com\/wp-content\/uploads\/2024\/08\/Helo-Roxx-Sauna-Isiticisi-1-100x100.jpg 100w, https:\/\/barrsell.com\/wp-content\/uploads\/2024\/08\/Helo-Roxx-Sauna-Isiticisi-1.jpg 1080w\" sizes=\"(max-width: 400px) 100vw, 400px\" \/><\/a><p id=\"caption-attachment-19419\" class=\"wp-caption-text\">Helo Roxx Sauna Is\u0131t\u0131c\u0131s\u0131-1<\/p><\/div>\n<h4><strong>Technical Features and Benefits<\/strong><\/h4>\n<ol>\n<li class=\" translation-block\"><strong>Stylish and Modern Design:<\/strong> Helo Roxx has a modern and impressive design. With its straight and sleek lines, it adds an elegant look to the interior of your sauna. Especially the stainless steel coating provides an aesthetic touch and at the same time offers high durability.<\/li>\n<li class=\" translation-block\"><strong>Large Stone Capacity:<\/strong> The Roxx sauna heater has a stone capacity of 70 kg. This large capacity also ensures that the sauna stays at a constant temperature for a long time. It also offers intense, effective steam production. It allows users to relax and enjoy the sauna for a long time.<\/li>\n<li class=\" translation-block\"><strong>High Heating Power:<\/strong> Helo Roxx offers power options ranging from 9 kW to 15 kW. This high heating power provides a comfortable sauna experience by heating large sauna rooms quickly and effectively. It provides balanced and effective heat distribution over large areas.<\/li>\n<li class=\" translation-block\"><strong>Wide Use Range:<\/strong> Roxx is suitable for sauna rooms from 15 to 35 cubic meters. This wide range of use ensures effective performance in sauna rooms of various sizes and adapts to both commercial and luxury applications.<\/li>\n<li class=\" translation-block\"><strong>Energy Efficiency:<\/strong> Helo Roxx has an energy efficient design. Especially with its high-performance heating system, it offers low energy consumption, which reduces operating costs and allows the sauna to reach the desired temperature quickly.<\/li>\n<li class=\" translation-block\"><strong>Advanced Control System:<\/strong> Roxx is equipped with a user-friendly digital control system. This system also allows precise setting and monitoring of temperature and humidity levels. Thanks to its modern interface, sauna operators can easily manage the performance of the sauna.<\/li>\n<li class=\" translation-block\"><strong>CE Certified Safety:<\/strong> The Helo Roxx sauna heater is CE certified in accordance with European safety standards. This certification also guarantees the safe use of the product and high quality standards.<\/li>\n<\/ol>\n<h4><strong>Aesthetics and Design<\/strong><\/h4>\n<p>Helo Roxx stands out with its modern and aesthetic design. Especially its straight and sleek lines add an elegant touch to the interior of your sauna. The stainless steel coating ensures both stylish and durable use, perfectly matching the decor of your sauna.<\/p>\n<h4><strong>Areas of Use<\/strong><\/h4>\n<p>Helo Roxx sauna heater offers an effective heating solution in large areas such as hotels, spa centers, large commercial saunas and luxury residential saunas. With its large stone capacity and high performance, it provides excellent results in sauna rooms of various sizes.<\/p>\n<\/div>\n<\/div>\n<\/div>\n<\/div>\n<div class=\"mt-1 flex gap-3 empty:hidden -ml-2\">\n<div class=\"items-center justify-start rounded-xl p-1 flex\">\n<div class=\"flex items-center\"><\/div>\n<\/div>\n<\/div>","protected":false},"excerpt":{"rendered":"<p class=\"product-details__related-heading\">ROXX 60 ELITE Helo-WT: 5-9<br \/>\nROXX 60 PURE Helo-WT : 5-9<\/p>","protected":false},"featured_media":13510,"template":"","meta":[],"product_cat":[171],"product_tag":[],"class_list":{"0":"post-13507","1":"product","2":"type-product","3":"status-publish","4":"has-post-thumbnail","6":"product_cat-helo-sauna-isiticilar","8":"first","9":"instock","10":"shipping-taxable","11":"purchasable","12":"product-type-variable"},"yoast_head":"<!-- This site is optimized with the Yoast SEO Premium plugin v23.2 (Yoast SEO v23.2) - https:\/\/yoast.com\/wordpress\/plugins\/seo\/ -->\n<title>Helo Roxx Sauna Is\u0131t\u0131c\u0131s\u0131 | Barrsell End\u00fcstri<\/title>\n<meta name=\"description\" content=\"Helo Roxx sauna \u0131s\u0131t\u0131c\u0131s\u0131, modern saunalar i\u00e7in y\u00fcksek performans ve estetik bir tasar\u0131m\u0131 birle\u015ftiren bir \u00fcr\u00fcnd\u00fcr. Geni\u015f ticari alanlardan l\u00fcks\" \/>\n<meta name=\"robots\" content=\"index, follow, max-snippet:-1, max-image-preview:large, max-video-preview:-1\" \/>\n<link rel=\"canonical\" href=\"https:\/\/barrsell.com\/en\/product\/helo-roxx-sauna-heater\/\" \/>\n<meta property=\"og:locale\" content=\"en_US\" \/>\n<meta property=\"og:type\" content=\"article\" \/>\n<meta property=\"og:title\" content=\"Helo Roxx Sauna Is\u0131t\u0131c\u0131s\u0131\" \/>\n<meta property=\"og:description\" content=\"Helo Roxx sauna \u0131s\u0131t\u0131c\u0131s\u0131, modern saunalar i\u00e7in y\u00fcksek performans ve estetik bir tasar\u0131m\u0131 birle\u015ftiren bir \u00fcr\u00fcnd\u00fcr. Geni\u015f ticari alanlardan l\u00fcks\" \/>\n<meta property=\"og:url\" content=\"https:\/\/barrsell.com\/en\/product\/helo-roxx-sauna-heater\/\" \/>\n<meta property=\"og:site_name\" content=\"Barrsell\" \/>\n<meta property=\"article:modified_time\" content=\"2024-12-21T18:37:08+00:00\" \/>\n<meta property=\"og:image\" content=\"https:\/\/barrsell.com\/wp-content\/uploads\/2024\/08\/Helo-Roxx-Sauna-Isiticisi-barr.png\" \/>\n\t<meta property=\"og:image:width\" content=\"1200\" \/>\n\t<meta property=\"og:image:height\" content=\"1200\" \/>\n\t<meta property=\"og:image:type\" content=\"image\/png\" \/>\n<meta name=\"twitter:card\" content=\"summary_large_image\" \/>\n<meta name=\"twitter:label1\" content=\"Est. reading time\" \/>\n\t<meta name=\"twitter:data1\" content=\"3 minutes\" \/>\n<script type=\"application\/ld+json\" class=\"yoast-schema-graph\">{\"@context\":\"https:\/\/schema.org\",\"@graph\":[{\"@type\":\"WebPage\",\"@id\":\"https:\/\/barrsell.com\/urun\/helo-roxx-sauna-isiticisi\/\",\"url\":\"https:\/\/barrsell.com\/urun\/helo-roxx-sauna-isiticisi\/\",\"name\":\"Helo Roxx Sauna Is\u0131t\u0131c\u0131s\u0131 | Barrsell End\u00fcstri\",\"isPartOf\":{\"@id\":\"https:\/\/barrsell.com\/#website\"},\"primaryImageOfPage\":{\"@id\":\"https:\/\/barrsell.com\/urun\/helo-roxx-sauna-isiticisi\/#primaryimage\"},\"image\":{\"@id\":\"https:\/\/barrsell.com\/urun\/helo-roxx-sauna-isiticisi\/#primaryimage\"},\"thumbnailUrl\":\"https:\/\/barrsell.com\/wp-content\/uploads\/2024\/08\/Helo-Roxx-Sauna-Isiticisi-barr.png\",\"datePublished\":\"2024-08-30T10:37:19+00:00\",\"dateModified\":\"2024-12-21T18:37:08+00:00\",\"description\":\"Helo Roxx sauna \u0131s\u0131t\u0131c\u0131s\u0131, modern saunalar i\u00e7in y\u00fcksek performans ve estetik bir tasar\u0131m\u0131 birle\u015ftiren bir \u00fcr\u00fcnd\u00fcr. Geni\u015f ticari alanlardan l\u00fcks\",\"breadcrumb\":{\"@id\":\"https:\/\/barrsell.com\/urun\/helo-roxx-sauna-isiticisi\/#breadcrumb\"},\"inLanguage\":\"en-US\",\"potentialAction\":[{\"@type\":\"ReadAction\",\"target\":[\"https:\/\/barrsell.com\/urun\/helo-roxx-sauna-isiticisi\/\"]}]},{\"@type\":\"ImageObject\",\"inLanguage\":\"en-US\",\"@id\":\"https:\/\/barrsell.com\/urun\/helo-roxx-sauna-isiticisi\/#primaryimage\",\"url\":\"https:\/\/barrsell.com\/wp-content\/uploads\/2024\/08\/Helo-Roxx-Sauna-Isiticisi-barr.png\",\"contentUrl\":\"https:\/\/barrsell.com\/wp-content\/uploads\/2024\/08\/Helo-Roxx-Sauna-Isiticisi-barr.png\",\"width\":1200,\"height\":1200,\"caption\":\"Helo Roxx Sauna Is\u0131t\u0131c\u0131s\u0131-barr\"},{\"@type\":\"BreadcrumbList\",\"@id\":\"https:\/\/barrsell.com\/urun\/helo-roxx-sauna-isiticisi\/#breadcrumb\",\"itemListElement\":[{\"@type\":\"ListItem\",\"position\":1,\"name\":\"Home\",\"item\":\"https:\/\/barrsell.com\/\"},{\"@type\":\"ListItem\",\"position\":2,\"name\":\"\u00dcr\u00fcnler\",\"item\":\"https:\/\/barrsell.com\/en\/products\/\"},{\"@type\":\"ListItem\",\"position\":3,\"name\":\"Helo Roxx Sauna Is\u0131t\u0131c\u0131s\u0131\"}]},{\"@type\":\"WebSite\",\"@id\":\"https:\/\/barrsell.com\/#website\",\"url\":\"https:\/\/barrsell.com\/\",\"name\":\"Barrsell End\u00fcstri Makine\",\"description\":\"Teknolojiyle G\u00fc\u00e7lenen End\u00fcstriyel \u00c7\u00f6z\u00fcmler!\",\"potentialAction\":[{\"@type\":\"SearchAction\",\"target\":{\"@type\":\"EntryPoint\",\"urlTemplate\":\"https:\/\/barrsell.com\/?s={search_term_string}\"},\"query-input\":\"required name=search_term_string\"}],\"inLanguage\":\"en-US\"}]}<\/script>\n<!-- \/ Yoast SEO Premium plugin. -->","yoast_head_json":{"title":"Helo Roxx Sauna Is\u0131t\u0131c\u0131s\u0131 | Barrsell End\u00fcstri","description":"Helo Roxx sauna \u0131s\u0131t\u0131c\u0131s\u0131, modern saunalar i\u00e7in y\u00fcksek performans ve estetik bir tasar\u0131m\u0131 birle\u015ftiren bir \u00fcr\u00fcnd\u00fcr. Geni\u015f ticari alanlardan l\u00fcks","robots":{"index":"index","follow":"follow","max-snippet":"max-snippet:-1","max-image-preview":"max-image-preview:large","max-video-preview":"max-video-preview:-1"},"canonical":"https:\/\/barrsell.com\/en\/product\/helo-roxx-sauna-heater\/","og_locale":"en_US","og_type":"article","og_title":"Helo Roxx Sauna Is\u0131t\u0131c\u0131s\u0131","og_description":"Helo Roxx sauna \u0131s\u0131t\u0131c\u0131s\u0131, modern saunalar i\u00e7in y\u00fcksek performans ve estetik bir tasar\u0131m\u0131 birle\u015ftiren bir \u00fcr\u00fcnd\u00fcr. Geni\u015f ticari alanlardan l\u00fcks","og_url":"https:\/\/barrsell.com\/en\/product\/helo-roxx-sauna-heater\/","og_site_name":"Barrsell","article_modified_time":"2024-12-21T18:37:08+00:00","og_image":[{"width":1200,"height":1200,"url":"https:\/\/barrsell.com\/wp-content\/uploads\/2024\/08\/Helo-Roxx-Sauna-Isiticisi-barr.png","type":"image\/png"}],"twitter_card":"summary_large_image","twitter_misc":{"Est. reading time":"3 minutes"},"schema":{"@context":"https:\/\/schema.org","@graph":[{"@type":"WebPage","@id":"https:\/\/barrsell.com\/urun\/helo-roxx-sauna-isiticisi\/","url":"https:\/\/barrsell.com\/urun\/helo-roxx-sauna-isiticisi\/","name":"Helo Roxx Sauna Is\u0131t\u0131c\u0131s\u0131 | Barrsell End\u00fcstri","isPartOf":{"@id":"https:\/\/barrsell.com\/#website"},"primaryImageOfPage":{"@id":"https:\/\/barrsell.com\/urun\/helo-roxx-sauna-isiticisi\/#primaryimage"},"image":{"@id":"https:\/\/barrsell.com\/urun\/helo-roxx-sauna-isiticisi\/#primaryimage"},"thumbnailUrl":"https:\/\/barrsell.com\/wp-content\/uploads\/2024\/08\/Helo-Roxx-Sauna-Isiticisi-barr.png","datePublished":"2024-08-30T10:37:19+00:00","dateModified":"2024-12-21T18:37:08+00:00","description":"Helo Roxx sauna \u0131s\u0131t\u0131c\u0131s\u0131, modern saunalar i\u00e7in y\u00fcksek performans ve estetik bir tasar\u0131m\u0131 birle\u015ftiren bir \u00fcr\u00fcnd\u00fcr. Geni\u015f ticari alanlardan l\u00fcks","breadcrumb":{"@id":"https:\/\/barrsell.com\/urun\/helo-roxx-sauna-isiticisi\/#breadcrumb"},"inLanguage":"en-US","potentialAction":[{"@type":"ReadAction","target":["https:\/\/barrsell.com\/urun\/helo-roxx-sauna-isiticisi\/"]}]},{"@type":"ImageObject","inLanguage":"en-US","@id":"https:\/\/barrsell.com\/urun\/helo-roxx-sauna-isiticisi\/#primaryimage","url":"https:\/\/barrsell.com\/wp-content\/uploads\/2024\/08\/Helo-Roxx-Sauna-Isiticisi-barr.png","contentUrl":"https:\/\/barrsell.com\/wp-content\/uploads\/2024\/08\/Helo-Roxx-Sauna-Isiticisi-barr.png","width":1200,"height":1200,"caption":"Helo Roxx Sauna Is\u0131t\u0131c\u0131s\u0131-barr"},{"@type":"BreadcrumbList","@id":"https:\/\/barrsell.com\/urun\/helo-roxx-sauna-isiticisi\/#breadcrumb","itemListElement":[{"@type":"ListItem","position":1,"name":"Home","item":"https:\/\/barrsell.com\/"},{"@type":"ListItem","position":2,"name":"\u00dcr\u00fcnler","item":"https:\/\/barrsell.com\/en\/products\/"},{"@type":"ListItem","position":3,"name":"Helo Roxx Sauna Is\u0131t\u0131c\u0131s\u0131"}]},{"@type":"WebSite","@id":"https:\/\/barrsell.com\/#website","url":"https:\/\/barrsell.com\/","name":"Barrsell End\u00fcstri Makine","description":"Teknolojiyle G\u00fc\u00e7lenen End\u00fcstriyel \u00c7\u00f6z\u00fcmler!","potentialAction":[{"@type":"SearchAction","target":{"@type":"EntryPoint","urlTemplate":"https:\/\/barrsell.com\/?s={search_term_string}"},"query-input":"required name=search_term_string"}],"inLanguage":"en-US"}]}},"_links":{"self":[{"href":"https:\/\/barrsell.com\/en\/wp-json\/wp\/v2\/product\/13507","targetHints":{"allow":["GET"]}}],"collection":[{"href":"https:\/\/barrsell.com\/en\/wp-json\/wp\/v2\/product"}],"about":[{"href":"https:\/\/barrsell.com\/en\/wp-json\/wp\/v2\/types\/product"}],"version-history":[{"count":10,"href":"https:\/\/barrsell.com\/en\/wp-json\/wp\/v2\/product\/13507\/revisions"}],"predecessor-version":[{"id":19424,"href":"https:\/\/barrsell.com\/en\/wp-json\/wp\/v2\/product\/13507\/revisions\/19424"}],"wp:featuredmedia":[{"embeddable":true,"href":"https:\/\/barrsell.com\/en\/wp-json\/wp\/v2\/media\/13510"}],"wp:attachment":[{"href":"https:\/\/barrsell.com\/en\/wp-json\/wp\/v2\/media?parent=13507"}],"wp:term":[{"taxonomy":"product_cat","embeddable":true,"href":"https:\/\/barrsell.com\/en\/wp-json\/wp\/v2\/product_cat?post=13507"},{"taxonomy":"product_tag","embeddable":true,"href":"https:\/\/barrsell.com\/en\/wp-json\/wp\/v2\/product_tag?post=13507"}],"curies":[{"name":"wp","href":"https:\/\/api.w.org\/{rel}","templated":true}]}}