{"id":13503,"date":"2024-08-30T10:32:13","date_gmt":"2024-08-30T10:32:13","guid":{"rendered":"https:\/\/barrsell.com\/?post_type=product&#038;p=13503"},"modified":"2024-12-21T18:51:05","modified_gmt":"2024-12-21T18:51:05","slug":"helo-ringo-sauna-isiticisi","status":"publish","type":"product","link":"https:\/\/barrsell.com\/en\/product\/helo-ringo-sauna-heater\/","title":{"rendered":"Helo Ringo Sauna Heater"},"content":{"rendered":"<div class=\"flex max-w-full flex-col flex-grow\">\n<div class=\"min-h-[20px] text-message flex w-full flex-col items-end gap-2 break-words [.text-message+&amp;]:mt-5 overflow-x-auto whitespace-normal\" dir=\"auto\" data-message-author-role=\"assistant\" data-message-id=\"5e8ca615-b9bd-4590-960a-6604f72b0882\">\n<div class=\"flex w-full flex-col gap-1 empty:hidden first:pt-[3px]\">\n<div class=\"markdown prose w-full break-words dark:prose-invert light\">\n<h2><strong>Helo Ringo Sauna Heater: Innovative Design and High Performance<\/strong><\/h2>\n<p>Helo Ringo sauna heater is a product developed for modern saunas and stands out with its impressive performance and stylish design. It also offers a wide range of uses, from large commercial spaces to luxury spa centers. Especially Helo's expertise in engineering and design.  Ringo offers a comfortable and efficient sauna experience for users.<\/p>\n<div id=\"attachment_19426\" style=\"width: 510px\" class=\"wp-caption alignright\"><a href=\"https:\/\/barrsell.com\/wp-content\/uploads\/2024\/08\/Helo-Ringo-Sauna-Isiticisi-2.jpg\"><img fetchpriority=\"high\" decoding=\"async\" aria-describedby=\"caption-attachment-19426\" class=\"wp-image-19426\" src=\"https:\/\/barrsell.com\/wp-content\/uploads\/2024\/08\/Helo-Ringo-Sauna-Isiticisi-2-300x212.jpg\" alt=\"\" width=\"500\" height=\"353\" srcset=\"https:\/\/barrsell.com\/wp-content\/uploads\/2024\/08\/Helo-Ringo-Sauna-Isiticisi-2-300x212.jpg 300w, https:\/\/barrsell.com\/wp-content\/uploads\/2024\/08\/Helo-Ringo-Sauna-Isiticisi-2-1024x724.jpg 1024w, https:\/\/barrsell.com\/wp-content\/uploads\/2024\/08\/Helo-Ringo-Sauna-Isiticisi-2-768x543.jpg 768w, https:\/\/barrsell.com\/wp-content\/uploads\/2024\/08\/Helo-Ringo-Sauna-Isiticisi-2-18x12.jpg 18w, https:\/\/barrsell.com\/wp-content\/uploads\/2024\/08\/Helo-Ringo-Sauna-Isiticisi-2-1200x848.jpg 1200w, https:\/\/barrsell.com\/wp-content\/uploads\/2024\/08\/Helo-Ringo-Sauna-Isiticisi-2-150x106.jpg 150w, https:\/\/barrsell.com\/wp-content\/uploads\/2024\/08\/Helo-Ringo-Sauna-Isiticisi-2.jpg 1225w\" sizes=\"(max-width: 500px) 100vw, 500px\" \/><\/a><p id=\"caption-attachment-19426\" class=\"wp-caption-text\">Helo Ringo Sauna Heater-2<\/p><\/div>\n<h4><strong>Technical Features and Benefits<\/strong><\/h4>\n<ol>\n<li class=\" translation-block\"><strong>Modern and Functional Design:<\/strong> It has a modern and aesthetic design. At the same time, its circular structure and stylish coating add an elegant look to your sauna. Especially the stainless steel coating is both aesthetically attractive and durable. It also provides a long-lasting use.<\/li>\n<li class=\" translation-block\"><strong>Large Stone Capacity:<\/strong> Ringo has a stone capacity of up to 50 kg. This large capacity ensures that the sauna stays at a constant temperature for a long time and provides intense, effective steam production. It allows users to enjoy and relax in the sauna for longer.<\/li>\n<li class=\" translation-block\"><strong>High Heating Power:<\/strong> Helo Ringo offers power options ranging from 9 kW to 15 kW. Thanks to this high heating power, it provides a comfortable experience by heating large sauna rooms quickly and effectively. It provides a balanced heat distribution in large areas.<\/li>\n<li class=\" translation-block\"><strong>Wide Use Range:<\/strong> Ringo is suitable for sauna rooms from 10 to 30 cubic meters. This wide range of use ensures effective performance in sauna rooms of various sizes and adapts to both commercial and luxury applications.<\/li>\n<li class=\" translation-block\"><strong>Energy Efficiency:<\/strong> Helo Ringo has a design focused on energy efficiency. With its high-performance heating system, it offers low energy consumption, which reduces operating costs and allows the sauna to reach the desired temperature quickly.<\/li>\n<li class=\" translation-block\"><strong>Advanced Control System:<\/strong> Ringo is equipped with a user-friendly digital control system. This system allows precise adjustment and monitoring of temperature and humidity levels. Thanks to its modern interface, you can easily manage the performance of the sauna.<\/li>\n<li class=\" translation-block\"><strong>CE Certified Safety:<\/strong> CE certified in accordance with European safety standards. This certificate guarantees the safe use of the product and high quality standards.<\/li>\n<\/ol>\n<h4><strong>Helo Ringo Sauna Heater Aesthetics and Design<\/strong><\/h4>\n<p>The modern circular design of the Helo Ringo adds elegance and sophistication to your sauna interior. Its stainless steel finish offers an aesthetic look. And it also blends perfectly with the decor of your sauna. It offers an elegant option both visually and functionally.<\/p>\n<h4><strong>Areas of Use<\/strong><\/h4>\n<p>The Helo Ringo sauna heater offers an effective heating solution in large areas such as hotels, spa centers, large commercial saunas and luxury residential saunas. It also provides excellent results in sauna rooms of various sizes with its large stone capacity and high performance.<\/p>\n<\/div>\n<\/div>\n<\/div>\n<\/div>\n<div class=\"mt-1 flex gap-3 empty:hidden -ml-2\">\n<div class=\"items-center justify-start rounded-xl p-1 flex\">\n<div class=\"flex items-center\"><\/div>\n<\/div>\n<\/div>","protected":false},"excerpt":{"rendered":"<p>Sauna size (m3): 6-8<\/p>","protected":false},"featured_media":13504,"template":"","meta":[],"product_cat":[171],"product_tag":[],"class_list":{"0":"post-13503","1":"product","2":"type-product","3":"status-publish","4":"has-post-thumbnail","6":"product_cat-helo-sauna-isiticilar","8":"first","9":"instock","10":"shipping-taxable","11":"purchasable","12":"product-type-variable"},"yoast_head":"<!-- This site is optimized with the Yoast SEO Premium plugin v23.2 (Yoast SEO v23.2) - https:\/\/yoast.com\/wordpress\/plugins\/seo\/ -->\n<title>Helo Ringo Sauna Is\u0131t\u0131c\u0131s\u0131 | Barrsell End\u00fcstri<\/title>\n<meta name=\"description\" content=\"Helo Ringo sauna \u0131s\u0131t\u0131c\u0131s\u0131, modern saunalar i\u00e7in geli\u015ftirilmi\u015f, etkileyici performans\u0131 ve \u015f\u0131k tasar\u0131m\u0131 ile \u00f6ne \u00e7\u0131kan bir \u00fcr\u00fcnd\u00fcr. B\u00fcy\u00fck ticari alanlardan\" \/>\n<meta name=\"robots\" content=\"index, follow, max-snippet:-1, max-image-preview:large, max-video-preview:-1\" \/>\n<link rel=\"canonical\" href=\"https:\/\/barrsell.com\/en\/product\/helo-ringo-sauna-heater\/\" \/>\n<meta property=\"og:locale\" content=\"en_US\" \/>\n<meta property=\"og:type\" content=\"article\" \/>\n<meta property=\"og:title\" content=\"Helo Ringo Sauna Is\u0131t\u0131c\u0131s\u0131\" \/>\n<meta property=\"og:description\" content=\"Helo Ringo sauna \u0131s\u0131t\u0131c\u0131s\u0131, modern saunalar i\u00e7in geli\u015ftirilmi\u015f, etkileyici performans\u0131 ve \u015f\u0131k tasar\u0131m\u0131 ile \u00f6ne \u00e7\u0131kan bir \u00fcr\u00fcnd\u00fcr. B\u00fcy\u00fck ticari alanlardan\" \/>\n<meta property=\"og:url\" content=\"https:\/\/barrsell.com\/en\/product\/helo-ringo-sauna-heater\/\" \/>\n<meta property=\"og:site_name\" content=\"Barrsell\" \/>\n<meta property=\"article:modified_time\" content=\"2024-12-21T18:51:05+00:00\" \/>\n<meta property=\"og:image\" content=\"https:\/\/barrsell.com\/wp-content\/uploads\/2024\/08\/Helo-Ringo-Sauna-Isiticisi.png\" \/>\n\t<meta property=\"og:image:width\" content=\"1200\" \/>\n\t<meta property=\"og:image:height\" content=\"1200\" \/>\n\t<meta property=\"og:image:type\" content=\"image\/png\" \/>\n<meta name=\"twitter:card\" content=\"summary_large_image\" \/>\n<meta name=\"twitter:label1\" content=\"Est. reading time\" \/>\n\t<meta name=\"twitter:data1\" content=\"3 minutes\" \/>\n<script type=\"application\/ld+json\" class=\"yoast-schema-graph\">{\"@context\":\"https:\/\/schema.org\",\"@graph\":[{\"@type\":\"WebPage\",\"@id\":\"https:\/\/barrsell.com\/urun\/helo-ringo-sauna-isiticisi\/\",\"url\":\"https:\/\/barrsell.com\/urun\/helo-ringo-sauna-isiticisi\/\",\"name\":\"Helo Ringo Sauna Is\u0131t\u0131c\u0131s\u0131 | Barrsell End\u00fcstri\",\"isPartOf\":{\"@id\":\"https:\/\/barrsell.com\/#website\"},\"primaryImageOfPage\":{\"@id\":\"https:\/\/barrsell.com\/urun\/helo-ringo-sauna-isiticisi\/#primaryimage\"},\"image\":{\"@id\":\"https:\/\/barrsell.com\/urun\/helo-ringo-sauna-isiticisi\/#primaryimage\"},\"thumbnailUrl\":\"https:\/\/barrsell.com\/wp-content\/uploads\/2024\/08\/Helo-Ringo-Sauna-Isiticisi.png\",\"datePublished\":\"2024-08-30T10:32:13+00:00\",\"dateModified\":\"2024-12-21T18:51:05+00:00\",\"description\":\"Helo Ringo sauna \u0131s\u0131t\u0131c\u0131s\u0131, modern saunalar i\u00e7in geli\u015ftirilmi\u015f, etkileyici performans\u0131 ve \u015f\u0131k tasar\u0131m\u0131 ile \u00f6ne \u00e7\u0131kan bir \u00fcr\u00fcnd\u00fcr. B\u00fcy\u00fck ticari alanlardan\",\"breadcrumb\":{\"@id\":\"https:\/\/barrsell.com\/urun\/helo-ringo-sauna-isiticisi\/#breadcrumb\"},\"inLanguage\":\"en-US\",\"potentialAction\":[{\"@type\":\"ReadAction\",\"target\":[\"https:\/\/barrsell.com\/urun\/helo-ringo-sauna-isiticisi\/\"]}]},{\"@type\":\"ImageObject\",\"inLanguage\":\"en-US\",\"@id\":\"https:\/\/barrsell.com\/urun\/helo-ringo-sauna-isiticisi\/#primaryimage\",\"url\":\"https:\/\/barrsell.com\/wp-content\/uploads\/2024\/08\/Helo-Ringo-Sauna-Isiticisi.png\",\"contentUrl\":\"https:\/\/barrsell.com\/wp-content\/uploads\/2024\/08\/Helo-Ringo-Sauna-Isiticisi.png\",\"width\":1200,\"height\":1200,\"caption\":\"Helo Ringo Sauna Is\u0131t\u0131c\u0131s\u0131\"},{\"@type\":\"BreadcrumbList\",\"@id\":\"https:\/\/barrsell.com\/urun\/helo-ringo-sauna-isiticisi\/#breadcrumb\",\"itemListElement\":[{\"@type\":\"ListItem\",\"position\":1,\"name\":\"Home\",\"item\":\"https:\/\/barrsell.com\/\"},{\"@type\":\"ListItem\",\"position\":2,\"name\":\"\u00dcr\u00fcnler\",\"item\":\"https:\/\/barrsell.com\/en\/products\/\"},{\"@type\":\"ListItem\",\"position\":3,\"name\":\"Helo Ringo Sauna Is\u0131t\u0131c\u0131s\u0131\"}]},{\"@type\":\"WebSite\",\"@id\":\"https:\/\/barrsell.com\/#website\",\"url\":\"https:\/\/barrsell.com\/\",\"name\":\"Barrsell End\u00fcstri Makine\",\"description\":\"Teknolojiyle G\u00fc\u00e7lenen End\u00fcstriyel \u00c7\u00f6z\u00fcmler!\",\"potentialAction\":[{\"@type\":\"SearchAction\",\"target\":{\"@type\":\"EntryPoint\",\"urlTemplate\":\"https:\/\/barrsell.com\/?s={search_term_string}\"},\"query-input\":\"required name=search_term_string\"}],\"inLanguage\":\"en-US\"}]}<\/script>\n<!-- \/ Yoast SEO Premium plugin. -->","yoast_head_json":{"title":"Helo Ringo Sauna Is\u0131t\u0131c\u0131s\u0131 | Barrsell End\u00fcstri","description":"Helo Ringo sauna \u0131s\u0131t\u0131c\u0131s\u0131, modern saunalar i\u00e7in geli\u015ftirilmi\u015f, etkileyici performans\u0131 ve \u015f\u0131k tasar\u0131m\u0131 ile \u00f6ne \u00e7\u0131kan bir \u00fcr\u00fcnd\u00fcr. B\u00fcy\u00fck ticari alanlardan","robots":{"index":"index","follow":"follow","max-snippet":"max-snippet:-1","max-image-preview":"max-image-preview:large","max-video-preview":"max-video-preview:-1"},"canonical":"https:\/\/barrsell.com\/en\/product\/helo-ringo-sauna-heater\/","og_locale":"en_US","og_type":"article","og_title":"Helo Ringo Sauna Is\u0131t\u0131c\u0131s\u0131","og_description":"Helo Ringo sauna \u0131s\u0131t\u0131c\u0131s\u0131, modern saunalar i\u00e7in geli\u015ftirilmi\u015f, etkileyici performans\u0131 ve \u015f\u0131k tasar\u0131m\u0131 ile \u00f6ne \u00e7\u0131kan bir \u00fcr\u00fcnd\u00fcr. B\u00fcy\u00fck ticari alanlardan","og_url":"https:\/\/barrsell.com\/en\/product\/helo-ringo-sauna-heater\/","og_site_name":"Barrsell","article_modified_time":"2024-12-21T18:51:05+00:00","og_image":[{"width":1200,"height":1200,"url":"https:\/\/barrsell.com\/wp-content\/uploads\/2024\/08\/Helo-Ringo-Sauna-Isiticisi.png","type":"image\/png"}],"twitter_card":"summary_large_image","twitter_misc":{"Est. reading time":"3 minutes"},"schema":{"@context":"https:\/\/schema.org","@graph":[{"@type":"WebPage","@id":"https:\/\/barrsell.com\/urun\/helo-ringo-sauna-isiticisi\/","url":"https:\/\/barrsell.com\/urun\/helo-ringo-sauna-isiticisi\/","name":"Helo Ringo Sauna Is\u0131t\u0131c\u0131s\u0131 | Barrsell End\u00fcstri","isPartOf":{"@id":"https:\/\/barrsell.com\/#website"},"primaryImageOfPage":{"@id":"https:\/\/barrsell.com\/urun\/helo-ringo-sauna-isiticisi\/#primaryimage"},"image":{"@id":"https:\/\/barrsell.com\/urun\/helo-ringo-sauna-isiticisi\/#primaryimage"},"thumbnailUrl":"https:\/\/barrsell.com\/wp-content\/uploads\/2024\/08\/Helo-Ringo-Sauna-Isiticisi.png","datePublished":"2024-08-30T10:32:13+00:00","dateModified":"2024-12-21T18:51:05+00:00","description":"Helo Ringo sauna \u0131s\u0131t\u0131c\u0131s\u0131, modern saunalar i\u00e7in geli\u015ftirilmi\u015f, etkileyici performans\u0131 ve \u015f\u0131k tasar\u0131m\u0131 ile \u00f6ne \u00e7\u0131kan bir \u00fcr\u00fcnd\u00fcr. B\u00fcy\u00fck ticari alanlardan","breadcrumb":{"@id":"https:\/\/barrsell.com\/urun\/helo-ringo-sauna-isiticisi\/#breadcrumb"},"inLanguage":"en-US","potentialAction":[{"@type":"ReadAction","target":["https:\/\/barrsell.com\/urun\/helo-ringo-sauna-isiticisi\/"]}]},{"@type":"ImageObject","inLanguage":"en-US","@id":"https:\/\/barrsell.com\/urun\/helo-ringo-sauna-isiticisi\/#primaryimage","url":"https:\/\/barrsell.com\/wp-content\/uploads\/2024\/08\/Helo-Ringo-Sauna-Isiticisi.png","contentUrl":"https:\/\/barrsell.com\/wp-content\/uploads\/2024\/08\/Helo-Ringo-Sauna-Isiticisi.png","width":1200,"height":1200,"caption":"Helo Ringo Sauna Is\u0131t\u0131c\u0131s\u0131"},{"@type":"BreadcrumbList","@id":"https:\/\/barrsell.com\/urun\/helo-ringo-sauna-isiticisi\/#breadcrumb","itemListElement":[{"@type":"ListItem","position":1,"name":"Home","item":"https:\/\/barrsell.com\/"},{"@type":"ListItem","position":2,"name":"\u00dcr\u00fcnler","item":"https:\/\/barrsell.com\/en\/products\/"},{"@type":"ListItem","position":3,"name":"Helo Ringo Sauna Is\u0131t\u0131c\u0131s\u0131"}]},{"@type":"WebSite","@id":"https:\/\/barrsell.com\/#website","url":"https:\/\/barrsell.com\/","name":"Barrsell End\u00fcstri Makine","description":"Teknolojiyle G\u00fc\u00e7lenen End\u00fcstriyel \u00c7\u00f6z\u00fcmler!","potentialAction":[{"@type":"SearchAction","target":{"@type":"EntryPoint","urlTemplate":"https:\/\/barrsell.com\/?s={search_term_string}"},"query-input":"required name=search_term_string"}],"inLanguage":"en-US"}]}},"_links":{"self":[{"href":"https:\/\/barrsell.com\/en\/wp-json\/wp\/v2\/product\/13503","targetHints":{"allow":["GET"]}}],"collection":[{"href":"https:\/\/barrsell.com\/en\/wp-json\/wp\/v2\/product"}],"about":[{"href":"https:\/\/barrsell.com\/en\/wp-json\/wp\/v2\/types\/product"}],"version-history":[{"count":5,"href":"https:\/\/barrsell.com\/en\/wp-json\/wp\/v2\/product\/13503\/revisions"}],"predecessor-version":[{"id":19429,"href":"https:\/\/barrsell.com\/en\/wp-json\/wp\/v2\/product\/13503\/revisions\/19429"}],"wp:featuredmedia":[{"embeddable":true,"href":"https:\/\/barrsell.com\/en\/wp-json\/wp\/v2\/media\/13504"}],"wp:attachment":[{"href":"https:\/\/barrsell.com\/en\/wp-json\/wp\/v2\/media?parent=13503"}],"wp:term":[{"taxonomy":"product_cat","embeddable":true,"href":"https:\/\/barrsell.com\/en\/wp-json\/wp\/v2\/product_cat?post=13503"},{"taxonomy":"product_tag","embeddable":true,"href":"https:\/\/barrsell.com\/en\/wp-json\/wp\/v2\/product_tag?post=13503"}],"curies":[{"name":"wp","href":"https:\/\/api.w.org\/{rel}","templated":true}]}}