{"id":13500,"date":"2024-08-30T10:25:43","date_gmt":"2024-08-30T10:25:43","guid":{"rendered":"https:\/\/barrsell.com\/?post_type=product&#038;p=13500"},"modified":"2024-12-21T19:05:13","modified_gmt":"2024-12-21T19:05:13","slug":"helo-himalaya-siyah-isiticisi","status":"publish","type":"product","link":"https:\/\/barrsell.com\/en\/product\/helo-himalaya-black-heater\/","title":{"rendered":"Helo Himalayan Black Warmer"},"content":{"rendered":"<h2><strong>Helo Himalaya Black Sauna Heater<\/strong><\/h2>\n<p>The Helo Himalaya Black sauna heater is a stylish and high-performance product designed for modern saunas. Standing out both aesthetically and technically, this heater offers a wide range of uses from large commercial spaces to luxury spa centers. In addition, Himalaya Black, produced with Helo's long years of experience and innovative engineering approach, provides a unique experience in your sauna.<\/p>\n<div id=\"attachment_16138\" style=\"width: 410px\" class=\"wp-caption alignright\"><a href=\"https:\/\/barrsell.com\/wp-content\/uploads\/2024\/08\/Helo-Himalaya-Siyah-Isiticisi-1.png\"><img fetchpriority=\"high\" decoding=\"async\" aria-describedby=\"caption-attachment-16138\" class=\"wp-image-16138\" src=\"https:\/\/barrsell.com\/wp-content\/uploads\/2024\/08\/Helo-Himalaya-Siyah-Isiticisi-1-300x300.png\" alt=\"\" width=\"400\" height=\"400\" srcset=\"https:\/\/barrsell.com\/wp-content\/uploads\/2024\/08\/Helo-Himalaya-Siyah-Isiticisi-1-300x300.png 300w, https:\/\/barrsell.com\/wp-content\/uploads\/2024\/08\/Helo-Himalaya-Siyah-Isiticisi-1-1024x1024.png 1024w, https:\/\/barrsell.com\/wp-content\/uploads\/2024\/08\/Helo-Himalaya-Siyah-Isiticisi-1-150x150.png 150w, https:\/\/barrsell.com\/wp-content\/uploads\/2024\/08\/Helo-Himalaya-Siyah-Isiticisi-1-768x768.png 768w, https:\/\/barrsell.com\/wp-content\/uploads\/2024\/08\/Helo-Himalaya-Siyah-Isiticisi-1-12x12.png 12w, https:\/\/barrsell.com\/wp-content\/uploads\/2024\/08\/Helo-Himalaya-Siyah-Isiticisi-1-600x600.png 600w, https:\/\/barrsell.com\/wp-content\/uploads\/2024\/08\/Helo-Himalaya-Siyah-Isiticisi-1-50x50.png 50w, https:\/\/barrsell.com\/wp-content\/uploads\/2024\/08\/Helo-Himalaya-Siyah-Isiticisi-1-100x100.png 100w, https:\/\/barrsell.com\/wp-content\/uploads\/2024\/08\/Helo-Himalaya-Siyah-Isiticisi-1.png 1200w\" sizes=\"(max-width: 400px) 100vw, 400px\" \/><\/a><p id=\"caption-attachment-16138\" class=\"wp-caption-text\">Helo Himalayan Black Heater-1<\/p><\/div>\n<h4><strong>Technical Features and Benefits<\/strong><\/h4>\n<ol>\n<li class=\" translation-block\"><strong>Stylish and Modern Design:<\/strong> Helo Himalaya Black has a modern and elegant design. Especially with its matte black coating and aesthetic details, it adapts to any sauna decoration and offers a luxurious look.<\/li>\n<li class=\" translation-block\"><strong>Large Stone Capacity:<\/strong> The Himalaya Black sauna heater has a stone capacity of 60 kg. In addition, this large capacity ensures that the sauna stays hot for a long time and at the same time offers effective steam production. The high stone capacity allows you to experience an intense and lasting steam experience in your sauna.<\/li>\n<li class=\" translation-block\"><strong>High Heating Power:<\/strong> Helo Himalaya Black offers models ranging from 9 kW to 15 kW. This high heating power also ensures that large sauna rooms can be heated quickly and efficiently. It ensures a balanced heat distribution over large areas and thus guarantees that users can enjoy their sauna.<\/li>\n<li class=\" translation-block\"><strong>Wide Application Area:<\/strong> Himalaya Black is suitable for sauna rooms in the range of 12 to 35 cubic meters. This wide usage range ensures effective performance in sauna rooms of various sizes. And thus adapts to commercial and luxury sauna environments.<\/li>\n<li class=\" translation-block\"><strong>Energy Efficiency:<\/strong> Himalaya Black has an energy efficient design. It also offers low energy consumption with its high performance heating system. This reduces operating costs and allows the sauna to reach the desired temperature quickly.<\/li>\n<li class=\" translation-block\"><strong>Advanced Control System:<\/strong> The Helo Himalaya Black is equipped with a user-friendly digital control system. This system allows precise setting and monitoring of temperature and humidity levels. Thanks to its modern interface, sauna operators can easily manage the performance of the sauna.<\/li>\n<li class=\" translation-block\"><strong>CE Certified Safety:<\/strong> The Himalayan Black sauna heater is CE certified in accordance with European safety standards. This certificate guarantees the safe use of the product and high quality standards.<\/li>\n<\/ol>\n<h4><strong>Aesthetics and Design<\/strong><\/h4>\n<p>Helo Himalaya Black stands out with its matte black finish and modern lines. Its sleek design adds a touch of sophistication to the interior of your sauna and creates a luxurious atmosphere. In addition, the stainless steel coating provides both aesthetic and durable use.<\/p>\n<h4><strong>Areas of Use<\/strong><\/h4>\n<p>Helo Himalaya Black sauna heater offers an effective heating solution in large areas such as hotels, spa centers, large commercial saunas and luxury residential saunas. With its large stone capacity and high performance, it provides excellent results in sauna rooms of various sizes.<\/p>\n<p>&nbsp;<\/p>","protected":false},"excerpt":{"rendered":"<p>Sauna size (m3): 9-15<\/p>","protected":false},"featured_media":13501,"template":"","meta":[],"product_cat":[171],"product_tag":[],"class_list":{"0":"post-13500","1":"product","2":"type-product","3":"status-publish","4":"has-post-thumbnail","6":"product_cat-helo-sauna-isiticilar","8":"first","9":"instock","10":"shipping-taxable","11":"purchasable","12":"product-type-variable","13":"has-default-attributes"},"yoast_head":"<!-- This site is optimized with the Yoast SEO Premium plugin v23.2 (Yoast SEO v23.2) - https:\/\/yoast.com\/wordpress\/plugins\/seo\/ -->\n<title>Helo Himalaya Siyah Is\u0131t\u0131c\u0131s\u0131 | Barrsell End\u00fcstri<\/title>\n<meta name=\"description\" content=\"Helo Himalaya Siyah sauna \u0131s\u0131t\u0131c\u0131s\u0131, modern saunalar i\u00e7in tasarlanm\u0131\u015f \u015f\u0131k ve y\u00fcksek performansl\u0131 bir \u00fcr\u00fcnd\u00fcr. Hem estetik hem de teknik a\u00e7\u0131dan en iyisi.\" \/>\n<meta name=\"robots\" content=\"index, follow, max-snippet:-1, max-image-preview:large, max-video-preview:-1\" \/>\n<link rel=\"canonical\" href=\"https:\/\/barrsell.com\/en\/product\/helo-himalaya-black-heater\/\" \/>\n<meta property=\"og:locale\" content=\"en_US\" \/>\n<meta property=\"og:type\" content=\"article\" \/>\n<meta property=\"og:title\" content=\"Helo Himalaya Siyah Is\u0131t\u0131c\u0131s\u0131\" \/>\n<meta property=\"og:description\" content=\"Helo Himalaya Siyah sauna \u0131s\u0131t\u0131c\u0131s\u0131, modern saunalar i\u00e7in tasarlanm\u0131\u015f \u015f\u0131k ve y\u00fcksek performansl\u0131 bir \u00fcr\u00fcnd\u00fcr. Hem estetik hem de teknik a\u00e7\u0131dan en iyisi.\" \/>\n<meta property=\"og:url\" content=\"https:\/\/barrsell.com\/en\/product\/helo-himalaya-black-heater\/\" \/>\n<meta property=\"og:site_name\" content=\"Barrsell\" \/>\n<meta property=\"article:modified_time\" content=\"2024-12-21T19:05:13+00:00\" \/>\n<meta property=\"og:image\" content=\"https:\/\/barrsell.com\/wp-content\/uploads\/2024\/08\/Helo-Himalaya-Siyah-Isiticisi.png\" \/>\n\t<meta property=\"og:image:width\" content=\"1200\" \/>\n\t<meta property=\"og:image:height\" content=\"1200\" \/>\n\t<meta property=\"og:image:type\" content=\"image\/png\" \/>\n<meta name=\"twitter:card\" content=\"summary_large_image\" \/>\n<meta name=\"twitter:label1\" content=\"Est. reading time\" \/>\n\t<meta name=\"twitter:data1\" content=\"3 minutes\" \/>\n<script type=\"application\/ld+json\" class=\"yoast-schema-graph\">{\"@context\":\"https:\/\/schema.org\",\"@graph\":[{\"@type\":\"WebPage\",\"@id\":\"https:\/\/barrsell.com\/urun\/helo-himalaya-siyah-isiticisi\/\",\"url\":\"https:\/\/barrsell.com\/urun\/helo-himalaya-siyah-isiticisi\/\",\"name\":\"Helo Himalaya Siyah Is\u0131t\u0131c\u0131s\u0131 | Barrsell End\u00fcstri\",\"isPartOf\":{\"@id\":\"https:\/\/barrsell.com\/#website\"},\"primaryImageOfPage\":{\"@id\":\"https:\/\/barrsell.com\/urun\/helo-himalaya-siyah-isiticisi\/#primaryimage\"},\"image\":{\"@id\":\"https:\/\/barrsell.com\/urun\/helo-himalaya-siyah-isiticisi\/#primaryimage\"},\"thumbnailUrl\":\"https:\/\/barrsell.com\/wp-content\/uploads\/2024\/08\/Helo-Himalaya-Siyah-Isiticisi.png\",\"datePublished\":\"2024-08-30T10:25:43+00:00\",\"dateModified\":\"2024-12-21T19:05:13+00:00\",\"description\":\"Helo Himalaya Siyah sauna \u0131s\u0131t\u0131c\u0131s\u0131, modern saunalar i\u00e7in tasarlanm\u0131\u015f \u015f\u0131k ve y\u00fcksek performansl\u0131 bir \u00fcr\u00fcnd\u00fcr. Hem estetik hem de teknik a\u00e7\u0131dan en iyisi.\",\"breadcrumb\":{\"@id\":\"https:\/\/barrsell.com\/urun\/helo-himalaya-siyah-isiticisi\/#breadcrumb\"},\"inLanguage\":\"en-US\",\"potentialAction\":[{\"@type\":\"ReadAction\",\"target\":[\"https:\/\/barrsell.com\/urun\/helo-himalaya-siyah-isiticisi\/\"]}]},{\"@type\":\"ImageObject\",\"inLanguage\":\"en-US\",\"@id\":\"https:\/\/barrsell.com\/urun\/helo-himalaya-siyah-isiticisi\/#primaryimage\",\"url\":\"https:\/\/barrsell.com\/wp-content\/uploads\/2024\/08\/Helo-Himalaya-Siyah-Isiticisi.png\",\"contentUrl\":\"https:\/\/barrsell.com\/wp-content\/uploads\/2024\/08\/Helo-Himalaya-Siyah-Isiticisi.png\",\"width\":1200,\"height\":1200,\"caption\":\"Helo Himalaya Siyah Is\u0131t\u0131c\u0131s\u0131\"},{\"@type\":\"BreadcrumbList\",\"@id\":\"https:\/\/barrsell.com\/urun\/helo-himalaya-siyah-isiticisi\/#breadcrumb\",\"itemListElement\":[{\"@type\":\"ListItem\",\"position\":1,\"name\":\"Home\",\"item\":\"https:\/\/barrsell.com\/\"},{\"@type\":\"ListItem\",\"position\":2,\"name\":\"\u00dcr\u00fcnler\",\"item\":\"https:\/\/barrsell.com\/en\/products\/\"},{\"@type\":\"ListItem\",\"position\":3,\"name\":\"Helo Himalaya Siyah Is\u0131t\u0131c\u0131s\u0131\"}]},{\"@type\":\"WebSite\",\"@id\":\"https:\/\/barrsell.com\/#website\",\"url\":\"https:\/\/barrsell.com\/\",\"name\":\"Barrsell End\u00fcstri Makine\",\"description\":\"Teknolojiyle G\u00fc\u00e7lenen End\u00fcstriyel \u00c7\u00f6z\u00fcmler!\",\"potentialAction\":[{\"@type\":\"SearchAction\",\"target\":{\"@type\":\"EntryPoint\",\"urlTemplate\":\"https:\/\/barrsell.com\/?s={search_term_string}\"},\"query-input\":\"required name=search_term_string\"}],\"inLanguage\":\"en-US\"}]}<\/script>\n<!-- \/ Yoast SEO Premium plugin. -->","yoast_head_json":{"title":"Helo Himalaya Siyah Is\u0131t\u0131c\u0131s\u0131 | Barrsell End\u00fcstri","description":"Helo Himalaya Siyah sauna \u0131s\u0131t\u0131c\u0131s\u0131, modern saunalar i\u00e7in tasarlanm\u0131\u015f \u015f\u0131k ve y\u00fcksek performansl\u0131 bir \u00fcr\u00fcnd\u00fcr. Hem estetik hem de teknik a\u00e7\u0131dan en iyisi.","robots":{"index":"index","follow":"follow","max-snippet":"max-snippet:-1","max-image-preview":"max-image-preview:large","max-video-preview":"max-video-preview:-1"},"canonical":"https:\/\/barrsell.com\/en\/product\/helo-himalaya-black-heater\/","og_locale":"en_US","og_type":"article","og_title":"Helo Himalaya Siyah Is\u0131t\u0131c\u0131s\u0131","og_description":"Helo Himalaya Siyah sauna \u0131s\u0131t\u0131c\u0131s\u0131, modern saunalar i\u00e7in tasarlanm\u0131\u015f \u015f\u0131k ve y\u00fcksek performansl\u0131 bir \u00fcr\u00fcnd\u00fcr. Hem estetik hem de teknik a\u00e7\u0131dan en iyisi.","og_url":"https:\/\/barrsell.com\/en\/product\/helo-himalaya-black-heater\/","og_site_name":"Barrsell","article_modified_time":"2024-12-21T19:05:13+00:00","og_image":[{"width":1200,"height":1200,"url":"https:\/\/barrsell.com\/wp-content\/uploads\/2024\/08\/Helo-Himalaya-Siyah-Isiticisi.png","type":"image\/png"}],"twitter_card":"summary_large_image","twitter_misc":{"Est. reading time":"3 minutes"},"schema":{"@context":"https:\/\/schema.org","@graph":[{"@type":"WebPage","@id":"https:\/\/barrsell.com\/urun\/helo-himalaya-siyah-isiticisi\/","url":"https:\/\/barrsell.com\/urun\/helo-himalaya-siyah-isiticisi\/","name":"Helo Himalaya Siyah Is\u0131t\u0131c\u0131s\u0131 | Barrsell End\u00fcstri","isPartOf":{"@id":"https:\/\/barrsell.com\/#website"},"primaryImageOfPage":{"@id":"https:\/\/barrsell.com\/urun\/helo-himalaya-siyah-isiticisi\/#primaryimage"},"image":{"@id":"https:\/\/barrsell.com\/urun\/helo-himalaya-siyah-isiticisi\/#primaryimage"},"thumbnailUrl":"https:\/\/barrsell.com\/wp-content\/uploads\/2024\/08\/Helo-Himalaya-Siyah-Isiticisi.png","datePublished":"2024-08-30T10:25:43+00:00","dateModified":"2024-12-21T19:05:13+00:00","description":"Helo Himalaya Siyah sauna \u0131s\u0131t\u0131c\u0131s\u0131, modern saunalar i\u00e7in tasarlanm\u0131\u015f \u015f\u0131k ve y\u00fcksek performansl\u0131 bir \u00fcr\u00fcnd\u00fcr. Hem estetik hem de teknik a\u00e7\u0131dan en iyisi.","breadcrumb":{"@id":"https:\/\/barrsell.com\/urun\/helo-himalaya-siyah-isiticisi\/#breadcrumb"},"inLanguage":"en-US","potentialAction":[{"@type":"ReadAction","target":["https:\/\/barrsell.com\/urun\/helo-himalaya-siyah-isiticisi\/"]}]},{"@type":"ImageObject","inLanguage":"en-US","@id":"https:\/\/barrsell.com\/urun\/helo-himalaya-siyah-isiticisi\/#primaryimage","url":"https:\/\/barrsell.com\/wp-content\/uploads\/2024\/08\/Helo-Himalaya-Siyah-Isiticisi.png","contentUrl":"https:\/\/barrsell.com\/wp-content\/uploads\/2024\/08\/Helo-Himalaya-Siyah-Isiticisi.png","width":1200,"height":1200,"caption":"Helo Himalaya Siyah Is\u0131t\u0131c\u0131s\u0131"},{"@type":"BreadcrumbList","@id":"https:\/\/barrsell.com\/urun\/helo-himalaya-siyah-isiticisi\/#breadcrumb","itemListElement":[{"@type":"ListItem","position":1,"name":"Home","item":"https:\/\/barrsell.com\/"},{"@type":"ListItem","position":2,"name":"\u00dcr\u00fcnler","item":"https:\/\/barrsell.com\/en\/products\/"},{"@type":"ListItem","position":3,"name":"Helo Himalaya Siyah Is\u0131t\u0131c\u0131s\u0131"}]},{"@type":"WebSite","@id":"https:\/\/barrsell.com\/#website","url":"https:\/\/barrsell.com\/","name":"Barrsell End\u00fcstri Makine","description":"Teknolojiyle G\u00fc\u00e7lenen End\u00fcstriyel \u00c7\u00f6z\u00fcmler!","potentialAction":[{"@type":"SearchAction","target":{"@type":"EntryPoint","urlTemplate":"https:\/\/barrsell.com\/?s={search_term_string}"},"query-input":"required name=search_term_string"}],"inLanguage":"en-US"}]}},"_links":{"self":[{"href":"https:\/\/barrsell.com\/en\/wp-json\/wp\/v2\/product\/13500","targetHints":{"allow":["GET"]}}],"collection":[{"href":"https:\/\/barrsell.com\/en\/wp-json\/wp\/v2\/product"}],"about":[{"href":"https:\/\/barrsell.com\/en\/wp-json\/wp\/v2\/types\/product"}],"version-history":[{"count":5,"href":"https:\/\/barrsell.com\/en\/wp-json\/wp\/v2\/product\/13500\/revisions"}],"predecessor-version":[{"id":19431,"href":"https:\/\/barrsell.com\/en\/wp-json\/wp\/v2\/product\/13500\/revisions\/19431"}],"wp:featuredmedia":[{"embeddable":true,"href":"https:\/\/barrsell.com\/en\/wp-json\/wp\/v2\/media\/13501"}],"wp:attachment":[{"href":"https:\/\/barrsell.com\/en\/wp-json\/wp\/v2\/media?parent=13500"}],"wp:term":[{"taxonomy":"product_cat","embeddable":true,"href":"https:\/\/barrsell.com\/en\/wp-json\/wp\/v2\/product_cat?post=13500"},{"taxonomy":"product_tag","embeddable":true,"href":"https:\/\/barrsell.com\/en\/wp-json\/wp\/v2\/product_tag?post=13500"}],"curies":[{"name":"wp","href":"https:\/\/api.w.org\/{rel}","templated":true}]}}