{"id":13482,"date":"2024-08-30T09:49:13","date_gmt":"2024-08-30T09:49:13","guid":{"rendered":"https:\/\/barrsell.com\/?post_type=product&#038;p=13482"},"modified":"2024-12-21T19:31:15","modified_gmt":"2024-12-21T19:31:15","slug":"helo-magma-sauna-isiticisi","status":"publish","type":"product","link":"https:\/\/barrsell.com\/en\/product\/helo-magma-sauna-heater\/","title":{"rendered":"Helo Magma Sauna Heater"},"content":{"rendered":"<div class=\"flex max-w-full flex-col flex-grow\">\n<div class=\"min-h-[20px] text-message flex w-full flex-col items-end gap-2 break-words [.text-message+&amp;]:mt-5 overflow-x-auto whitespace-normal\" dir=\"auto\" data-message-author-role=\"assistant\" data-message-id=\"7b1c895e-9e88-4287-aa42-25e4d11cf650\">\n<div class=\"flex w-full flex-col gap-1 empty:hidden first:pt-[3px]\">\n<div class=\"markdown prose w-full break-words dark:prose-invert light\">\n<h2><strong>Helo Magma Sauna Heater:\u00a0<\/strong><\/h2>\n<p>Helo Magma sauna heater is a product designed for large commercial saunas and luxury spa centers and stands out with its high capacity and durability. It is manufactured with Helo's innovative technology and over 100 years of experience. It also offers a perfect heating solution that takes the sauna experience to the next level.<\/p>\n<div id=\"attachment_19438\" style=\"width: 1034px\" class=\"wp-caption aligncenter\"><a href=\"https:\/\/barrsell.com\/wp-content\/uploads\/2024\/08\/Helo-Magma-Sauna-Isiticisi-.jpg\"><img fetchpriority=\"high\" decoding=\"async\" aria-describedby=\"caption-attachment-19438\" class=\"wp-image-19438 size-large\" src=\"https:\/\/barrsell.com\/wp-content\/uploads\/2024\/08\/Helo-Magma-Sauna-Isiticisi--1024x1024.jpg\" alt=\"\" width=\"1024\" height=\"1024\" srcset=\"https:\/\/barrsell.com\/wp-content\/uploads\/2024\/08\/Helo-Magma-Sauna-Isiticisi--1024x1024.jpg 1024w, https:\/\/barrsell.com\/wp-content\/uploads\/2024\/08\/Helo-Magma-Sauna-Isiticisi--300x300.jpg 300w, https:\/\/barrsell.com\/wp-content\/uploads\/2024\/08\/Helo-Magma-Sauna-Isiticisi--150x150.jpg 150w, https:\/\/barrsell.com\/wp-content\/uploads\/2024\/08\/Helo-Magma-Sauna-Isiticisi--768x768.jpg 768w, https:\/\/barrsell.com\/wp-content\/uploads\/2024\/08\/Helo-Magma-Sauna-Isiticisi--12x12.jpg 12w, https:\/\/barrsell.com\/wp-content\/uploads\/2024\/08\/Helo-Magma-Sauna-Isiticisi--600x600.jpg 600w, https:\/\/barrsell.com\/wp-content\/uploads\/2024\/08\/Helo-Magma-Sauna-Isiticisi--50x50.jpg 50w, https:\/\/barrsell.com\/wp-content\/uploads\/2024\/08\/Helo-Magma-Sauna-Isiticisi--100x100.jpg 100w, https:\/\/barrsell.com\/wp-content\/uploads\/2024\/08\/Helo-Magma-Sauna-Isiticisi-.jpg 1080w\" sizes=\"(max-width: 1024px) 100vw, 1024px\" \/><\/a><p id=\"caption-attachment-19438\" class=\"wp-caption-text\">Helo Magma Sauna Heater-<\/p><\/div>\n<h4><strong>Technical Features and Benefits<\/strong><\/h4>\n<ol>\n<li class=\" translation-block\"><strong>Extra Large Stone Capacity:<\/strong> The Magma sauna heater offers a stone capacity of up to 120 kg. This huge capacity therefore ensures a long-lasting and evenly distributed temperature in the sauna. And thus makes the sauna experience unique with intense steam production.<\/li>\n<li class=\" translation-block\"><strong>High Heating Power:<\/strong> With models ranging from 10.5 kW to 18 kW, Magma has the power to heat large sauna rooms quickly and effectively. This high heating power provides an ideal solution for large commercial saunas and intensive use areas.<\/li>\n<li class=\" translation-block\"><strong>Durable Construction:<\/strong> Magma withstands harsh conditions and also ensures a long service life. The heater's robust construction ensures no loss of performance even under continuous intensive use. It also guarantees reliable operation for many years.<\/li>\n<li class=\" translation-block\"><strong>Wide Application Area:<\/strong> The Magma heater is suitable for sauna rooms in the range of 18 to 46 cubic meters. This wide application range is particularly capable of providing effective heating in commercial sauna rooms of different sizes.<\/li>\n<li class=\" translation-block\"><strong>Advanced Control System:<\/strong> Magma is equipped with an advanced digital control system. This system also allows precise adjustment and monitoring of temperature and humidity levels. Its user-friendly interface allows operators to easily optimize the performance of the sauna.<\/li>\n<li class=\" translation-block\"><strong>Energy Efficiency:<\/strong> Offering high energy efficiency, Magma saves energy even when heating large sauna rooms. This also offers a significant cost advantage for commercial businesses.<\/li>\n<li class=\" translation-block\"><strong>CE Certificate:<\/strong> The Magma heater is CE certified in accordance with European safety standards. This guarantees the safe use of the product and high quality standards.<\/li>\n<\/ol>\n<h4><strong>Aesthetics and Design<\/strong><\/h4>\n<p>Helo Magma has a modern and stylish design. Aesthetically elegant, this heater offers visual appeal in luxury spa and wellness centers. The chrome and stainless steel finish gives the Magma a modern look and enhances its durability.<\/p>\n<\/div>\n<\/div>\n<\/div>\n<\/div>","protected":false},"excerpt":{"rendered":"<p>18 to 46 cubic meters efficiently delivers hot and soft steam for the sauna room.<\/p>","protected":false},"featured_media":13483,"template":"","meta":[],"product_cat":[171],"product_tag":[],"class_list":{"0":"post-13482","1":"product","2":"type-product","3":"status-publish","4":"has-post-thumbnail","6":"product_cat-helo-sauna-isiticilar","8":"first","9":"instock","10":"shipping-taxable","11":"purchasable","12":"product-type-variable"},"yoast_head":"<!-- This site is optimized with the Yoast SEO Premium plugin v23.2 (Yoast SEO v23.2) - https:\/\/yoast.com\/wordpress\/plugins\/seo\/ -->\n<title>Helo Magma Sauna Is\u0131t\u0131c\u0131s\u0131 | Barrsell End\u00fcstri<\/title>\n<meta name=\"description\" content=\"Helo Magma sauna \u0131s\u0131t\u0131c\u0131s\u0131, b\u00fcy\u00fck ticari saunalar ve l\u00fcks spa merkezleri i\u00e7in tasarlanm\u0131\u015f, y\u00fcksek kapasitesi ve dayan\u0131kl\u0131l\u0131\u011f\u0131 ile \u00f6ne \u00e7\u0131kan bir \u00fcr\u00fcnd\u00fcr.\" \/>\n<meta name=\"robots\" content=\"index, follow, max-snippet:-1, max-image-preview:large, max-video-preview:-1\" \/>\n<link rel=\"canonical\" href=\"https:\/\/barrsell.com\/en\/product\/helo-magma-sauna-heater\/\" \/>\n<meta property=\"og:locale\" content=\"en_US\" \/>\n<meta property=\"og:type\" content=\"article\" \/>\n<meta property=\"og:title\" content=\"Helo Magma Sauna Is\u0131t\u0131c\u0131s\u0131\" \/>\n<meta property=\"og:description\" content=\"Helo Magma sauna \u0131s\u0131t\u0131c\u0131s\u0131, b\u00fcy\u00fck ticari saunalar ve l\u00fcks spa merkezleri i\u00e7in tasarlanm\u0131\u015f, y\u00fcksek kapasitesi ve dayan\u0131kl\u0131l\u0131\u011f\u0131 ile \u00f6ne \u00e7\u0131kan bir \u00fcr\u00fcnd\u00fcr.\" \/>\n<meta property=\"og:url\" content=\"https:\/\/barrsell.com\/en\/product\/helo-magma-sauna-heater\/\" \/>\n<meta property=\"og:site_name\" content=\"Barrsell\" \/>\n<meta property=\"article:modified_time\" content=\"2024-12-21T19:31:15+00:00\" \/>\n<meta property=\"og:image\" content=\"https:\/\/barrsell.com\/wp-content\/uploads\/2024\/08\/Helo-Magma-Sauna-Isiticisi-1.png\" \/>\n\t<meta property=\"og:image:width\" content=\"1200\" \/>\n\t<meta property=\"og:image:height\" content=\"1200\" \/>\n\t<meta property=\"og:image:type\" content=\"image\/png\" \/>\n<meta name=\"twitter:card\" content=\"summary_large_image\" \/>\n<meta name=\"twitter:label1\" content=\"Est. reading time\" \/>\n\t<meta name=\"twitter:data1\" content=\"3 minutes\" \/>\n<script type=\"application\/ld+json\" class=\"yoast-schema-graph\">{\"@context\":\"https:\/\/schema.org\",\"@graph\":[{\"@type\":\"WebPage\",\"@id\":\"https:\/\/barrsell.com\/urun\/helo-magma-sauna-isiticisi\/\",\"url\":\"https:\/\/barrsell.com\/urun\/helo-magma-sauna-isiticisi\/\",\"name\":\"Helo Magma Sauna Is\u0131t\u0131c\u0131s\u0131 | Barrsell End\u00fcstri\",\"isPartOf\":{\"@id\":\"https:\/\/barrsell.com\/#website\"},\"primaryImageOfPage\":{\"@id\":\"https:\/\/barrsell.com\/urun\/helo-magma-sauna-isiticisi\/#primaryimage\"},\"image\":{\"@id\":\"https:\/\/barrsell.com\/urun\/helo-magma-sauna-isiticisi\/#primaryimage\"},\"thumbnailUrl\":\"https:\/\/barrsell.com\/wp-content\/uploads\/2024\/08\/Helo-Magma-Sauna-Isiticisi-1.png\",\"datePublished\":\"2024-08-30T09:49:13+00:00\",\"dateModified\":\"2024-12-21T19:31:15+00:00\",\"description\":\"Helo Magma sauna \u0131s\u0131t\u0131c\u0131s\u0131, b\u00fcy\u00fck ticari saunalar ve l\u00fcks spa merkezleri i\u00e7in tasarlanm\u0131\u015f, y\u00fcksek kapasitesi ve dayan\u0131kl\u0131l\u0131\u011f\u0131 ile \u00f6ne \u00e7\u0131kan bir \u00fcr\u00fcnd\u00fcr.\",\"breadcrumb\":{\"@id\":\"https:\/\/barrsell.com\/urun\/helo-magma-sauna-isiticisi\/#breadcrumb\"},\"inLanguage\":\"en-US\",\"potentialAction\":[{\"@type\":\"ReadAction\",\"target\":[\"https:\/\/barrsell.com\/urun\/helo-magma-sauna-isiticisi\/\"]}]},{\"@type\":\"ImageObject\",\"inLanguage\":\"en-US\",\"@id\":\"https:\/\/barrsell.com\/urun\/helo-magma-sauna-isiticisi\/#primaryimage\",\"url\":\"https:\/\/barrsell.com\/wp-content\/uploads\/2024\/08\/Helo-Magma-Sauna-Isiticisi-1.png\",\"contentUrl\":\"https:\/\/barrsell.com\/wp-content\/uploads\/2024\/08\/Helo-Magma-Sauna-Isiticisi-1.png\",\"width\":1200,\"height\":1200,\"caption\":\"Helo Magma Sauna Is\u0131t\u0131c\u0131s\u0131\"},{\"@type\":\"BreadcrumbList\",\"@id\":\"https:\/\/barrsell.com\/urun\/helo-magma-sauna-isiticisi\/#breadcrumb\",\"itemListElement\":[{\"@type\":\"ListItem\",\"position\":1,\"name\":\"Home\",\"item\":\"https:\/\/barrsell.com\/\"},{\"@type\":\"ListItem\",\"position\":2,\"name\":\"\u00dcr\u00fcnler\",\"item\":\"https:\/\/barrsell.com\/en\/products\/\"},{\"@type\":\"ListItem\",\"position\":3,\"name\":\"Helo Magma Sauna Is\u0131t\u0131c\u0131s\u0131\"}]},{\"@type\":\"WebSite\",\"@id\":\"https:\/\/barrsell.com\/#website\",\"url\":\"https:\/\/barrsell.com\/\",\"name\":\"Barrsell End\u00fcstri Makine\",\"description\":\"Teknolojiyle G\u00fc\u00e7lenen End\u00fcstriyel \u00c7\u00f6z\u00fcmler!\",\"potentialAction\":[{\"@type\":\"SearchAction\",\"target\":{\"@type\":\"EntryPoint\",\"urlTemplate\":\"https:\/\/barrsell.com\/?s={search_term_string}\"},\"query-input\":\"required name=search_term_string\"}],\"inLanguage\":\"en-US\"}]}<\/script>\n<!-- \/ Yoast SEO Premium plugin. -->","yoast_head_json":{"title":"Helo Magma Sauna Is\u0131t\u0131c\u0131s\u0131 | Barrsell End\u00fcstri","description":"Helo Magma sauna \u0131s\u0131t\u0131c\u0131s\u0131, b\u00fcy\u00fck ticari saunalar ve l\u00fcks spa merkezleri i\u00e7in tasarlanm\u0131\u015f, y\u00fcksek kapasitesi ve dayan\u0131kl\u0131l\u0131\u011f\u0131 ile \u00f6ne \u00e7\u0131kan bir \u00fcr\u00fcnd\u00fcr.","robots":{"index":"index","follow":"follow","max-snippet":"max-snippet:-1","max-image-preview":"max-image-preview:large","max-video-preview":"max-video-preview:-1"},"canonical":"https:\/\/barrsell.com\/en\/product\/helo-magma-sauna-heater\/","og_locale":"en_US","og_type":"article","og_title":"Helo Magma Sauna Is\u0131t\u0131c\u0131s\u0131","og_description":"Helo Magma sauna \u0131s\u0131t\u0131c\u0131s\u0131, b\u00fcy\u00fck ticari saunalar ve l\u00fcks spa merkezleri i\u00e7in tasarlanm\u0131\u015f, y\u00fcksek kapasitesi ve dayan\u0131kl\u0131l\u0131\u011f\u0131 ile \u00f6ne \u00e7\u0131kan bir \u00fcr\u00fcnd\u00fcr.","og_url":"https:\/\/barrsell.com\/en\/product\/helo-magma-sauna-heater\/","og_site_name":"Barrsell","article_modified_time":"2024-12-21T19:31:15+00:00","og_image":[{"width":1200,"height":1200,"url":"https:\/\/barrsell.com\/wp-content\/uploads\/2024\/08\/Helo-Magma-Sauna-Isiticisi-1.png","type":"image\/png"}],"twitter_card":"summary_large_image","twitter_misc":{"Est. reading time":"3 minutes"},"schema":{"@context":"https:\/\/schema.org","@graph":[{"@type":"WebPage","@id":"https:\/\/barrsell.com\/urun\/helo-magma-sauna-isiticisi\/","url":"https:\/\/barrsell.com\/urun\/helo-magma-sauna-isiticisi\/","name":"Helo Magma Sauna Is\u0131t\u0131c\u0131s\u0131 | Barrsell End\u00fcstri","isPartOf":{"@id":"https:\/\/barrsell.com\/#website"},"primaryImageOfPage":{"@id":"https:\/\/barrsell.com\/urun\/helo-magma-sauna-isiticisi\/#primaryimage"},"image":{"@id":"https:\/\/barrsell.com\/urun\/helo-magma-sauna-isiticisi\/#primaryimage"},"thumbnailUrl":"https:\/\/barrsell.com\/wp-content\/uploads\/2024\/08\/Helo-Magma-Sauna-Isiticisi-1.png","datePublished":"2024-08-30T09:49:13+00:00","dateModified":"2024-12-21T19:31:15+00:00","description":"Helo Magma sauna \u0131s\u0131t\u0131c\u0131s\u0131, b\u00fcy\u00fck ticari saunalar ve l\u00fcks spa merkezleri i\u00e7in tasarlanm\u0131\u015f, y\u00fcksek kapasitesi ve dayan\u0131kl\u0131l\u0131\u011f\u0131 ile \u00f6ne \u00e7\u0131kan bir \u00fcr\u00fcnd\u00fcr.","breadcrumb":{"@id":"https:\/\/barrsell.com\/urun\/helo-magma-sauna-isiticisi\/#breadcrumb"},"inLanguage":"en-US","potentialAction":[{"@type":"ReadAction","target":["https:\/\/barrsell.com\/urun\/helo-magma-sauna-isiticisi\/"]}]},{"@type":"ImageObject","inLanguage":"en-US","@id":"https:\/\/barrsell.com\/urun\/helo-magma-sauna-isiticisi\/#primaryimage","url":"https:\/\/barrsell.com\/wp-content\/uploads\/2024\/08\/Helo-Magma-Sauna-Isiticisi-1.png","contentUrl":"https:\/\/barrsell.com\/wp-content\/uploads\/2024\/08\/Helo-Magma-Sauna-Isiticisi-1.png","width":1200,"height":1200,"caption":"Helo Magma Sauna Is\u0131t\u0131c\u0131s\u0131"},{"@type":"BreadcrumbList","@id":"https:\/\/barrsell.com\/urun\/helo-magma-sauna-isiticisi\/#breadcrumb","itemListElement":[{"@type":"ListItem","position":1,"name":"Home","item":"https:\/\/barrsell.com\/"},{"@type":"ListItem","position":2,"name":"\u00dcr\u00fcnler","item":"https:\/\/barrsell.com\/en\/products\/"},{"@type":"ListItem","position":3,"name":"Helo Magma Sauna Is\u0131t\u0131c\u0131s\u0131"}]},{"@type":"WebSite","@id":"https:\/\/barrsell.com\/#website","url":"https:\/\/barrsell.com\/","name":"Barrsell End\u00fcstri Makine","description":"Teknolojiyle G\u00fc\u00e7lenen End\u00fcstriyel \u00c7\u00f6z\u00fcmler!","potentialAction":[{"@type":"SearchAction","target":{"@type":"EntryPoint","urlTemplate":"https:\/\/barrsell.com\/?s={search_term_string}"},"query-input":"required name=search_term_string"}],"inLanguage":"en-US"}]}},"_links":{"self":[{"href":"https:\/\/barrsell.com\/en\/wp-json\/wp\/v2\/product\/13482","targetHints":{"allow":["GET"]}}],"collection":[{"href":"https:\/\/barrsell.com\/en\/wp-json\/wp\/v2\/product"}],"about":[{"href":"https:\/\/barrsell.com\/en\/wp-json\/wp\/v2\/types\/product"}],"version-history":[{"count":7,"href":"https:\/\/barrsell.com\/en\/wp-json\/wp\/v2\/product\/13482\/revisions"}],"predecessor-version":[{"id":19441,"href":"https:\/\/barrsell.com\/en\/wp-json\/wp\/v2\/product\/13482\/revisions\/19441"}],"wp:featuredmedia":[{"embeddable":true,"href":"https:\/\/barrsell.com\/en\/wp-json\/wp\/v2\/media\/13483"}],"wp:attachment":[{"href":"https:\/\/barrsell.com\/en\/wp-json\/wp\/v2\/media?parent=13482"}],"wp:term":[{"taxonomy":"product_cat","embeddable":true,"href":"https:\/\/barrsell.com\/en\/wp-json\/wp\/v2\/product_cat?post=13482"},{"taxonomy":"product_tag","embeddable":true,"href":"https:\/\/barrsell.com\/en\/wp-json\/wp\/v2\/product_tag?post=13482"}],"curies":[{"name":"wp","href":"https:\/\/api.w.org\/{rel}","templated":true}]}}