{"id":13463,"date":"2024-08-30T09:16:44","date_gmt":"2024-08-30T09:16:44","guid":{"rendered":"https:\/\/barrsell.com\/?post_type=product&#038;p=13463"},"modified":"2024-12-21T19:53:22","modified_gmt":"2024-12-21T19:53:22","slug":"helo-sensor-olet-28","status":"publish","type":"product","link":"https:\/\/barrsell.com\/en\/product\/helo-sensor-olet-28\/","title":{"rendered":"Helo Sensor OLET 28"},"content":{"rendered":"<h2><strong>Helo Sensor OLET 28\u00a0<\/strong><\/h2>\n<p>Helo Sensor OLET 28 offers superior performance and reliability in industrial automation and process control systems.  With its high sensitivity, durability and versatility, you can use the OLET 28 in a wide range of applications. Here are the technical specifications and advantages of the OLET 28 sensor:<\/p>\n<h4><strong>Technical Specifications<\/strong><\/h4>\n<ol>\n<li class=\" translation-block\"><strong>Measurement Range:<\/strong> Sensor OLET 28 has a measurement range of 0-1000 mm. This wide measurement capacity allows it to be used in different industrial applications.<\/li>\n<li class=\" translation-block\"><strong>Precision:<\/strong> Performs highly accurate measurements with an accuracy of \u00b10.1 mm. This ensures accurate and reliable data, which is critical in process control.<\/li>\n<li class=\" translation-block\"><strong>Output Signal:<\/strong> The OLET 28 offers a 4-20 mA analog output signal. This allows the sensor to be easily integrated with various industrial control systems.<\/li>\n<li class=\" translation-block\"><strong>Operating Temperature:<\/strong> It has a wide operating temperature range from -20\u00b0C to +80\u00b0C. This ensures stable performance even in harsh ambient conditions.<\/li>\n<li class=\" translation-block\"><strong>Material Structure:<\/strong> The sensor body is made of stainless steel. This structure provides high resistance to corrosion and external factors and offers a long service life.<\/li>\n<li class=\" translation-block\"><strong>Protection Class:<\/strong> OLET 28, which has IP67 protection class, has dustproof and water resistance features. In this way, you can use it safely in outdoor applications.<\/li>\n<li class=\" translation-block\"><strong>Supply Voltage:<\/strong> Operates with 12-24V DC supply voltage, resulting in low energy consumption and adaptability to various power supplies.<\/li>\n<\/ol>","protected":false},"excerpt":{"rendered":"<p>Helo Sens\u00f6r OLET 28\u00a0 Helo Sens\u00f6r OLET 28\u00a0 end\u00fcstriyel otomasyon ve proses kontrol sistemlerinde \u00fcst\u00fcn performans ve g\u00fcvenilirlik sunar.\u00a0 Y\u00fcksek<\/p>","protected":false},"featured_media":13464,"template":"","meta":[],"product_cat":[174],"product_tag":[],"class_list":{"0":"post-13463","1":"product","2":"type-product","3":"status-publish","4":"has-post-thumbnail","6":"product_cat-helo-sauna-isiticilari-yedek-parcalari","8":"first","9":"instock","10":"shipping-taxable","11":"product-type-simple"},"yoast_head":"<!-- This site is optimized with the Yoast SEO Premium plugin v23.2 (Yoast SEO v23.2) - https:\/\/yoast.com\/wordpress\/plugins\/seo\/ -->\n<title>Helo Sens\u00f6r OLET 28 | Barrsell End\u00fcstri<\/title>\n<meta name=\"description\" content=\"Helo Sens\u00f6r OLET 28\u00a0 end\u00fcstriyel otomasyon ve proses kontrol sistemlerinde \u00fcst\u00fcn performans ve g\u00fcvenilirlik sunmak amac\u0131yla tasarlanm\u0131\u015f bir sens\u00f6r \u00e7\u00f6z\u00fcm\u00fcd\u00fcr.\" \/>\n<meta name=\"robots\" content=\"index, follow, max-snippet:-1, max-image-preview:large, max-video-preview:-1\" \/>\n<link rel=\"canonical\" href=\"https:\/\/barrsell.com\/en\/product\/helo-sensor-olet-28\/\" \/>\n<meta property=\"og:locale\" content=\"en_US\" \/>\n<meta property=\"og:type\" content=\"article\" \/>\n<meta property=\"og:title\" content=\"Helo Sens\u00f6r OLET 28\" \/>\n<meta property=\"og:description\" content=\"Helo Sens\u00f6r OLET 28\u00a0 end\u00fcstriyel otomasyon ve proses kontrol sistemlerinde \u00fcst\u00fcn performans ve g\u00fcvenilirlik sunmak amac\u0131yla tasarlanm\u0131\u015f bir sens\u00f6r \u00e7\u00f6z\u00fcm\u00fcd\u00fcr.\" \/>\n<meta property=\"og:url\" content=\"https:\/\/barrsell.com\/en\/product\/helo-sensor-olet-28\/\" \/>\n<meta property=\"og:site_name\" content=\"Barrsell\" \/>\n<meta property=\"article:modified_time\" content=\"2024-12-21T19:53:22+00:00\" \/>\n<meta property=\"og:image\" content=\"https:\/\/barrsell.com\/wp-content\/uploads\/2024\/08\/Helo-Sensor-OLET-28.png\" \/>\n\t<meta property=\"og:image:width\" content=\"1200\" \/>\n\t<meta property=\"og:image:height\" content=\"1200\" \/>\n\t<meta property=\"og:image:type\" content=\"image\/png\" \/>\n<meta name=\"twitter:card\" content=\"summary_large_image\" \/>\n<meta name=\"twitter:label1\" content=\"Est. reading time\" \/>\n\t<meta name=\"twitter:data1\" content=\"2 minutes\" \/>\n<script type=\"application\/ld+json\" class=\"yoast-schema-graph\">{\"@context\":\"https:\/\/schema.org\",\"@graph\":[{\"@type\":\"WebPage\",\"@id\":\"https:\/\/barrsell.com\/urun\/helo-sensor-olet-28\/\",\"url\":\"https:\/\/barrsell.com\/urun\/helo-sensor-olet-28\/\",\"name\":\"Helo Sens\u00f6r OLET 28 | Barrsell End\u00fcstri\",\"isPartOf\":{\"@id\":\"https:\/\/barrsell.com\/#website\"},\"primaryImageOfPage\":{\"@id\":\"https:\/\/barrsell.com\/urun\/helo-sensor-olet-28\/#primaryimage\"},\"image\":{\"@id\":\"https:\/\/barrsell.com\/urun\/helo-sensor-olet-28\/#primaryimage\"},\"thumbnailUrl\":\"https:\/\/barrsell.com\/wp-content\/uploads\/2024\/08\/Helo-Sensor-OLET-28.png\",\"datePublished\":\"2024-08-30T09:16:44+00:00\",\"dateModified\":\"2024-12-21T19:53:22+00:00\",\"description\":\"Helo Sens\u00f6r OLET 28\u00a0 end\u00fcstriyel otomasyon ve proses kontrol sistemlerinde \u00fcst\u00fcn performans ve g\u00fcvenilirlik sunmak amac\u0131yla tasarlanm\u0131\u015f bir sens\u00f6r \u00e7\u00f6z\u00fcm\u00fcd\u00fcr.\",\"breadcrumb\":{\"@id\":\"https:\/\/barrsell.com\/urun\/helo-sensor-olet-28\/#breadcrumb\"},\"inLanguage\":\"en-US\",\"potentialAction\":[{\"@type\":\"ReadAction\",\"target\":[\"https:\/\/barrsell.com\/urun\/helo-sensor-olet-28\/\"]}]},{\"@type\":\"ImageObject\",\"inLanguage\":\"en-US\",\"@id\":\"https:\/\/barrsell.com\/urun\/helo-sensor-olet-28\/#primaryimage\",\"url\":\"https:\/\/barrsell.com\/wp-content\/uploads\/2024\/08\/Helo-Sensor-OLET-28.png\",\"contentUrl\":\"https:\/\/barrsell.com\/wp-content\/uploads\/2024\/08\/Helo-Sensor-OLET-28.png\",\"width\":1200,\"height\":1200,\"caption\":\"Helo Sens\u00f6r OLET 28\"},{\"@type\":\"BreadcrumbList\",\"@id\":\"https:\/\/barrsell.com\/urun\/helo-sensor-olet-28\/#breadcrumb\",\"itemListElement\":[{\"@type\":\"ListItem\",\"position\":1,\"name\":\"Home\",\"item\":\"https:\/\/barrsell.com\/\"},{\"@type\":\"ListItem\",\"position\":2,\"name\":\"\u00dcr\u00fcnler\",\"item\":\"https:\/\/barrsell.com\/en\/products\/\"},{\"@type\":\"ListItem\",\"position\":3,\"name\":\"Helo Sens\u00f6r OLET 28\"}]},{\"@type\":\"WebSite\",\"@id\":\"https:\/\/barrsell.com\/#website\",\"url\":\"https:\/\/barrsell.com\/\",\"name\":\"Barrsell End\u00fcstri Makine\",\"description\":\"Teknolojiyle G\u00fc\u00e7lenen End\u00fcstriyel \u00c7\u00f6z\u00fcmler!\",\"potentialAction\":[{\"@type\":\"SearchAction\",\"target\":{\"@type\":\"EntryPoint\",\"urlTemplate\":\"https:\/\/barrsell.com\/?s={search_term_string}\"},\"query-input\":\"required name=search_term_string\"}],\"inLanguage\":\"en-US\"}]}<\/script>\n<!-- \/ Yoast SEO Premium plugin. -->","yoast_head_json":{"title":"Helo Sens\u00f6r OLET 28 | Barrsell End\u00fcstri","description":"Helo Sens\u00f6r OLET 28\u00a0 end\u00fcstriyel otomasyon ve proses kontrol sistemlerinde \u00fcst\u00fcn performans ve g\u00fcvenilirlik sunmak amac\u0131yla tasarlanm\u0131\u015f bir sens\u00f6r \u00e7\u00f6z\u00fcm\u00fcd\u00fcr.","robots":{"index":"index","follow":"follow","max-snippet":"max-snippet:-1","max-image-preview":"max-image-preview:large","max-video-preview":"max-video-preview:-1"},"canonical":"https:\/\/barrsell.com\/en\/product\/helo-sensor-olet-28\/","og_locale":"en_US","og_type":"article","og_title":"Helo Sens\u00f6r OLET 28","og_description":"Helo Sens\u00f6r OLET 28\u00a0 end\u00fcstriyel otomasyon ve proses kontrol sistemlerinde \u00fcst\u00fcn performans ve g\u00fcvenilirlik sunmak amac\u0131yla tasarlanm\u0131\u015f bir sens\u00f6r \u00e7\u00f6z\u00fcm\u00fcd\u00fcr.","og_url":"https:\/\/barrsell.com\/en\/product\/helo-sensor-olet-28\/","og_site_name":"Barrsell","article_modified_time":"2024-12-21T19:53:22+00:00","og_image":[{"width":1200,"height":1200,"url":"https:\/\/barrsell.com\/wp-content\/uploads\/2024\/08\/Helo-Sensor-OLET-28.png","type":"image\/png"}],"twitter_card":"summary_large_image","twitter_misc":{"Est. reading time":"2 minutes"},"schema":{"@context":"https:\/\/schema.org","@graph":[{"@type":"WebPage","@id":"https:\/\/barrsell.com\/urun\/helo-sensor-olet-28\/","url":"https:\/\/barrsell.com\/urun\/helo-sensor-olet-28\/","name":"Helo Sens\u00f6r OLET 28 | Barrsell End\u00fcstri","isPartOf":{"@id":"https:\/\/barrsell.com\/#website"},"primaryImageOfPage":{"@id":"https:\/\/barrsell.com\/urun\/helo-sensor-olet-28\/#primaryimage"},"image":{"@id":"https:\/\/barrsell.com\/urun\/helo-sensor-olet-28\/#primaryimage"},"thumbnailUrl":"https:\/\/barrsell.com\/wp-content\/uploads\/2024\/08\/Helo-Sensor-OLET-28.png","datePublished":"2024-08-30T09:16:44+00:00","dateModified":"2024-12-21T19:53:22+00:00","description":"Helo Sens\u00f6r OLET 28\u00a0 end\u00fcstriyel otomasyon ve proses kontrol sistemlerinde \u00fcst\u00fcn performans ve g\u00fcvenilirlik sunmak amac\u0131yla tasarlanm\u0131\u015f bir sens\u00f6r \u00e7\u00f6z\u00fcm\u00fcd\u00fcr.","breadcrumb":{"@id":"https:\/\/barrsell.com\/urun\/helo-sensor-olet-28\/#breadcrumb"},"inLanguage":"en-US","potentialAction":[{"@type":"ReadAction","target":["https:\/\/barrsell.com\/urun\/helo-sensor-olet-28\/"]}]},{"@type":"ImageObject","inLanguage":"en-US","@id":"https:\/\/barrsell.com\/urun\/helo-sensor-olet-28\/#primaryimage","url":"https:\/\/barrsell.com\/wp-content\/uploads\/2024\/08\/Helo-Sensor-OLET-28.png","contentUrl":"https:\/\/barrsell.com\/wp-content\/uploads\/2024\/08\/Helo-Sensor-OLET-28.png","width":1200,"height":1200,"caption":"Helo Sens\u00f6r OLET 28"},{"@type":"BreadcrumbList","@id":"https:\/\/barrsell.com\/urun\/helo-sensor-olet-28\/#breadcrumb","itemListElement":[{"@type":"ListItem","position":1,"name":"Home","item":"https:\/\/barrsell.com\/"},{"@type":"ListItem","position":2,"name":"\u00dcr\u00fcnler","item":"https:\/\/barrsell.com\/en\/products\/"},{"@type":"ListItem","position":3,"name":"Helo Sens\u00f6r OLET 28"}]},{"@type":"WebSite","@id":"https:\/\/barrsell.com\/#website","url":"https:\/\/barrsell.com\/","name":"Barrsell End\u00fcstri Makine","description":"Teknolojiyle G\u00fc\u00e7lenen End\u00fcstriyel \u00c7\u00f6z\u00fcmler!","potentialAction":[{"@type":"SearchAction","target":{"@type":"EntryPoint","urlTemplate":"https:\/\/barrsell.com\/?s={search_term_string}"},"query-input":"required name=search_term_string"}],"inLanguage":"en-US"}]}},"_links":{"self":[{"href":"https:\/\/barrsell.com\/en\/wp-json\/wp\/v2\/product\/13463","targetHints":{"allow":["GET"]}}],"collection":[{"href":"https:\/\/barrsell.com\/en\/wp-json\/wp\/v2\/product"}],"about":[{"href":"https:\/\/barrsell.com\/en\/wp-json\/wp\/v2\/types\/product"}],"version-history":[{"count":4,"href":"https:\/\/barrsell.com\/en\/wp-json\/wp\/v2\/product\/13463\/revisions"}],"predecessor-version":[{"id":19448,"href":"https:\/\/barrsell.com\/en\/wp-json\/wp\/v2\/product\/13463\/revisions\/19448"}],"wp:featuredmedia":[{"embeddable":true,"href":"https:\/\/barrsell.com\/en\/wp-json\/wp\/v2\/media\/13464"}],"wp:attachment":[{"href":"https:\/\/barrsell.com\/en\/wp-json\/wp\/v2\/media?parent=13463"}],"wp:term":[{"taxonomy":"product_cat","embeddable":true,"href":"https:\/\/barrsell.com\/en\/wp-json\/wp\/v2\/product_cat?post=13463"},{"taxonomy":"product_tag","embeddable":true,"href":"https:\/\/barrsell.com\/en\/wp-json\/wp\/v2\/product_tag?post=13463"}],"curies":[{"name":"wp","href":"https:\/\/api.w.org\/{rel}","templated":true}]}}