{"id":13454,"date":"2024-08-30T08:51:32","date_gmt":"2024-08-30T08:51:32","guid":{"rendered":"https:\/\/barrsell.com\/?post_type=product&#038;p=13454"},"modified":"2024-12-21T19:57:54","modified_gmt":"2024-12-21T19:57:54","slug":"helo-kontaktor-kutusu-we50","status":"publish","type":"product","link":"https:\/\/barrsell.com\/en\/product\/helo-contactor-box-we50\/","title":{"rendered":"Helo Contactor Box WE50"},"content":{"rendered":"<h2>Helo Contactor Box WE50<\/h2>\n<p>Helo Contactor Box WE50 is a solution specifically designed for professionals looking for reliability, durability and performance in their industrial automation systems. This contactor box allows you to manage your electrical connections safely and efficiently. Here are the technical highlights and advantages of the WE50 contactor box:<\/p>\n<h4><strong>Technical Specifications<\/strong><\/h4>\n<ol>\n<li class=\" translation-block\"><strong>Nominal Current Capacity:<\/strong> It has a maximum rated current capacity of 50A. This makes it an ideal choice for high power motors and industrial equipment.<\/li>\n<li class=\" translation-block\"><strong>Voltage Capability:<\/strong> WE50 can withstand operating voltages up to 690V. This makes it suitable for a wide range of applications.<\/li>\n<li class=\" translation-block\"><strong>Material Construction:<\/strong> The outer structure of the box is made of polycarbonate material, which provides high impact resistance and long life. This material is also UV resistant, making it a great option for outdoor installations.<\/li>\n<li class=\" translation-block\"><strong>Protection Class:<\/strong> With an IP65 protection class, the WE50 is dustproof and splash-proof. This ensures reliable performance even in harsh environmental conditions.<\/li>\n<li class=\" translation-block\"><strong>Connection Terminal:<\/strong> Large and robust connection terminals ensure safe and easy connection. The terminal structure is designed to be compatible with various cable types.<\/li>\n<li class=\" translation-block\"><strong>Mounting Options:<\/strong> The WE50 contactor box has a flexible structure, suitable for both wall mounting and DIN rail mounting. This provides flexibility and convenience during installation.<\/li>\n<\/ol>","protected":false},"excerpt":{"rendered":"<p>Helo Kontakt\u00f6r Kutusu WE50 Helo Kontakt\u00f6r Kutusu WE50, end\u00fcstriyel otomasyon sistemlerinde g\u00fcvenilirlik, dayan\u0131kl\u0131l\u0131k ve performans arayan profesyoneller i\u00e7in \u00f6zel olarak<\/p>","protected":false},"featured_media":13458,"template":"","meta":[],"product_cat":[174],"product_tag":[],"class_list":{"0":"post-13454","1":"product","2":"type-product","3":"status-publish","4":"has-post-thumbnail","6":"product_cat-helo-sauna-isiticilari-yedek-parcalari","8":"first","9":"instock","10":"shipping-taxable","11":"product-type-simple"},"yoast_head":"<!-- This site is optimized with the Yoast SEO Premium plugin v23.2 (Yoast SEO v23.2) - https:\/\/yoast.com\/wordpress\/plugins\/seo\/ -->\n<title>Helo Kontakt\u00f6r Kutusu WE50 | Barrsell End\u00fcstri<\/title>\n<meta name=\"description\" content=\"Helo Kontakt\u00f6r Kutusu WE50, end\u00fcstriyel otomasyon sistemlerinde g\u00fcvenilirlik, dayan\u0131kl\u0131l\u0131k ve performans arayan profesyoneller i\u00e7in \u00f6zel olarak\" \/>\n<meta name=\"robots\" content=\"index, follow, max-snippet:-1, max-image-preview:large, max-video-preview:-1\" \/>\n<link rel=\"canonical\" href=\"https:\/\/barrsell.com\/en\/product\/helo-contactor-box-we50\/\" \/>\n<meta property=\"og:locale\" content=\"en_US\" \/>\n<meta property=\"og:type\" content=\"article\" \/>\n<meta property=\"og:title\" content=\"Helo Kontakt\u00f6r Kutusu WE50\" \/>\n<meta property=\"og:description\" content=\"Helo Kontakt\u00f6r Kutusu WE50, end\u00fcstriyel otomasyon sistemlerinde g\u00fcvenilirlik, dayan\u0131kl\u0131l\u0131k ve performans arayan profesyoneller i\u00e7in \u00f6zel olarak\" \/>\n<meta property=\"og:url\" content=\"https:\/\/barrsell.com\/en\/product\/helo-contactor-box-we50\/\" \/>\n<meta property=\"og:site_name\" content=\"Barrsell\" \/>\n<meta property=\"article:modified_time\" content=\"2024-12-21T19:57:54+00:00\" \/>\n<meta property=\"og:image\" content=\"https:\/\/barrsell.com\/wp-content\/uploads\/2024\/08\/Helo-Kontaktor-Kutusu-WE50.png\" \/>\n\t<meta property=\"og:image:width\" content=\"1200\" \/>\n\t<meta property=\"og:image:height\" content=\"1200\" \/>\n\t<meta property=\"og:image:type\" content=\"image\/png\" \/>\n<meta name=\"twitter:card\" content=\"summary_large_image\" \/>\n<meta name=\"twitter:label1\" content=\"Est. reading time\" \/>\n\t<meta name=\"twitter:data1\" content=\"2 minutes\" \/>\n<script type=\"application\/ld+json\" class=\"yoast-schema-graph\">{\"@context\":\"https:\/\/schema.org\",\"@graph\":[{\"@type\":\"WebPage\",\"@id\":\"https:\/\/barrsell.com\/urun\/helo-kontaktor-kutusu-we50\/\",\"url\":\"https:\/\/barrsell.com\/urun\/helo-kontaktor-kutusu-we50\/\",\"name\":\"Helo Kontakt\u00f6r Kutusu WE50 | Barrsell End\u00fcstri\",\"isPartOf\":{\"@id\":\"https:\/\/barrsell.com\/#website\"},\"primaryImageOfPage\":{\"@id\":\"https:\/\/barrsell.com\/urun\/helo-kontaktor-kutusu-we50\/#primaryimage\"},\"image\":{\"@id\":\"https:\/\/barrsell.com\/urun\/helo-kontaktor-kutusu-we50\/#primaryimage\"},\"thumbnailUrl\":\"https:\/\/barrsell.com\/wp-content\/uploads\/2024\/08\/Helo-Kontaktor-Kutusu-WE50.png\",\"datePublished\":\"2024-08-30T08:51:32+00:00\",\"dateModified\":\"2024-12-21T19:57:54+00:00\",\"description\":\"Helo Kontakt\u00f6r Kutusu WE50, end\u00fcstriyel otomasyon sistemlerinde g\u00fcvenilirlik, dayan\u0131kl\u0131l\u0131k ve performans arayan profesyoneller i\u00e7in \u00f6zel olarak\",\"breadcrumb\":{\"@id\":\"https:\/\/barrsell.com\/urun\/helo-kontaktor-kutusu-we50\/#breadcrumb\"},\"inLanguage\":\"en-US\",\"potentialAction\":[{\"@type\":\"ReadAction\",\"target\":[\"https:\/\/barrsell.com\/urun\/helo-kontaktor-kutusu-we50\/\"]}]},{\"@type\":\"ImageObject\",\"inLanguage\":\"en-US\",\"@id\":\"https:\/\/barrsell.com\/urun\/helo-kontaktor-kutusu-we50\/#primaryimage\",\"url\":\"https:\/\/barrsell.com\/wp-content\/uploads\/2024\/08\/Helo-Kontaktor-Kutusu-WE50.png\",\"contentUrl\":\"https:\/\/barrsell.com\/wp-content\/uploads\/2024\/08\/Helo-Kontaktor-Kutusu-WE50.png\",\"width\":1200,\"height\":1200,\"caption\":\"Helo Kontakt\u00f6r Kutusu WE50\"},{\"@type\":\"BreadcrumbList\",\"@id\":\"https:\/\/barrsell.com\/urun\/helo-kontaktor-kutusu-we50\/#breadcrumb\",\"itemListElement\":[{\"@type\":\"ListItem\",\"position\":1,\"name\":\"Home\",\"item\":\"https:\/\/barrsell.com\/\"},{\"@type\":\"ListItem\",\"position\":2,\"name\":\"\u00dcr\u00fcnler\",\"item\":\"https:\/\/barrsell.com\/en\/products\/\"},{\"@type\":\"ListItem\",\"position\":3,\"name\":\"Helo Kontakt\u00f6r Kutusu WE50\"}]},{\"@type\":\"WebSite\",\"@id\":\"https:\/\/barrsell.com\/#website\",\"url\":\"https:\/\/barrsell.com\/\",\"name\":\"Barrsell End\u00fcstri Makine\",\"description\":\"Teknolojiyle G\u00fc\u00e7lenen End\u00fcstriyel \u00c7\u00f6z\u00fcmler!\",\"potentialAction\":[{\"@type\":\"SearchAction\",\"target\":{\"@type\":\"EntryPoint\",\"urlTemplate\":\"https:\/\/barrsell.com\/?s={search_term_string}\"},\"query-input\":\"required name=search_term_string\"}],\"inLanguage\":\"en-US\"}]}<\/script>\n<!-- \/ Yoast SEO Premium plugin. -->","yoast_head_json":{"title":"Helo Kontakt\u00f6r Kutusu WE50 | Barrsell End\u00fcstri","description":"Helo Kontakt\u00f6r Kutusu WE50, end\u00fcstriyel otomasyon sistemlerinde g\u00fcvenilirlik, dayan\u0131kl\u0131l\u0131k ve performans arayan profesyoneller i\u00e7in \u00f6zel olarak","robots":{"index":"index","follow":"follow","max-snippet":"max-snippet:-1","max-image-preview":"max-image-preview:large","max-video-preview":"max-video-preview:-1"},"canonical":"https:\/\/barrsell.com\/en\/product\/helo-contactor-box-we50\/","og_locale":"en_US","og_type":"article","og_title":"Helo Kontakt\u00f6r Kutusu WE50","og_description":"Helo Kontakt\u00f6r Kutusu WE50, end\u00fcstriyel otomasyon sistemlerinde g\u00fcvenilirlik, dayan\u0131kl\u0131l\u0131k ve performans arayan profesyoneller i\u00e7in \u00f6zel olarak","og_url":"https:\/\/barrsell.com\/en\/product\/helo-contactor-box-we50\/","og_site_name":"Barrsell","article_modified_time":"2024-12-21T19:57:54+00:00","og_image":[{"width":1200,"height":1200,"url":"https:\/\/barrsell.com\/wp-content\/uploads\/2024\/08\/Helo-Kontaktor-Kutusu-WE50.png","type":"image\/png"}],"twitter_card":"summary_large_image","twitter_misc":{"Est. reading time":"2 minutes"},"schema":{"@context":"https:\/\/schema.org","@graph":[{"@type":"WebPage","@id":"https:\/\/barrsell.com\/urun\/helo-kontaktor-kutusu-we50\/","url":"https:\/\/barrsell.com\/urun\/helo-kontaktor-kutusu-we50\/","name":"Helo Kontakt\u00f6r Kutusu WE50 | Barrsell End\u00fcstri","isPartOf":{"@id":"https:\/\/barrsell.com\/#website"},"primaryImageOfPage":{"@id":"https:\/\/barrsell.com\/urun\/helo-kontaktor-kutusu-we50\/#primaryimage"},"image":{"@id":"https:\/\/barrsell.com\/urun\/helo-kontaktor-kutusu-we50\/#primaryimage"},"thumbnailUrl":"https:\/\/barrsell.com\/wp-content\/uploads\/2024\/08\/Helo-Kontaktor-Kutusu-WE50.png","datePublished":"2024-08-30T08:51:32+00:00","dateModified":"2024-12-21T19:57:54+00:00","description":"Helo Kontakt\u00f6r Kutusu WE50, end\u00fcstriyel otomasyon sistemlerinde g\u00fcvenilirlik, dayan\u0131kl\u0131l\u0131k ve performans arayan profesyoneller i\u00e7in \u00f6zel olarak","breadcrumb":{"@id":"https:\/\/barrsell.com\/urun\/helo-kontaktor-kutusu-we50\/#breadcrumb"},"inLanguage":"en-US","potentialAction":[{"@type":"ReadAction","target":["https:\/\/barrsell.com\/urun\/helo-kontaktor-kutusu-we50\/"]}]},{"@type":"ImageObject","inLanguage":"en-US","@id":"https:\/\/barrsell.com\/urun\/helo-kontaktor-kutusu-we50\/#primaryimage","url":"https:\/\/barrsell.com\/wp-content\/uploads\/2024\/08\/Helo-Kontaktor-Kutusu-WE50.png","contentUrl":"https:\/\/barrsell.com\/wp-content\/uploads\/2024\/08\/Helo-Kontaktor-Kutusu-WE50.png","width":1200,"height":1200,"caption":"Helo Kontakt\u00f6r Kutusu WE50"},{"@type":"BreadcrumbList","@id":"https:\/\/barrsell.com\/urun\/helo-kontaktor-kutusu-we50\/#breadcrumb","itemListElement":[{"@type":"ListItem","position":1,"name":"Home","item":"https:\/\/barrsell.com\/"},{"@type":"ListItem","position":2,"name":"\u00dcr\u00fcnler","item":"https:\/\/barrsell.com\/en\/products\/"},{"@type":"ListItem","position":3,"name":"Helo Kontakt\u00f6r Kutusu WE50"}]},{"@type":"WebSite","@id":"https:\/\/barrsell.com\/#website","url":"https:\/\/barrsell.com\/","name":"Barrsell End\u00fcstri Makine","description":"Teknolojiyle G\u00fc\u00e7lenen End\u00fcstriyel \u00c7\u00f6z\u00fcmler!","potentialAction":[{"@type":"SearchAction","target":{"@type":"EntryPoint","urlTemplate":"https:\/\/barrsell.com\/?s={search_term_string}"},"query-input":"required name=search_term_string"}],"inLanguage":"en-US"}]}},"_links":{"self":[{"href":"https:\/\/barrsell.com\/en\/wp-json\/wp\/v2\/product\/13454","targetHints":{"allow":["GET"]}}],"collection":[{"href":"https:\/\/barrsell.com\/en\/wp-json\/wp\/v2\/product"}],"about":[{"href":"https:\/\/barrsell.com\/en\/wp-json\/wp\/v2\/types\/product"}],"version-history":[{"count":5,"href":"https:\/\/barrsell.com\/en\/wp-json\/wp\/v2\/product\/13454\/revisions"}],"predecessor-version":[{"id":19450,"href":"https:\/\/barrsell.com\/en\/wp-json\/wp\/v2\/product\/13454\/revisions\/19450"}],"wp:featuredmedia":[{"embeddable":true,"href":"https:\/\/barrsell.com\/en\/wp-json\/wp\/v2\/media\/13458"}],"wp:attachment":[{"href":"https:\/\/barrsell.com\/en\/wp-json\/wp\/v2\/media?parent=13454"}],"wp:term":[{"taxonomy":"product_cat","embeddable":true,"href":"https:\/\/barrsell.com\/en\/wp-json\/wp\/v2\/product_cat?post=13454"},{"taxonomy":"product_tag","embeddable":true,"href":"https:\/\/barrsell.com\/en\/wp-json\/wp\/v2\/product_tag?post=13454"}],"curies":[{"name":"wp","href":"https:\/\/api.w.org\/{rel}","templated":true}]}}