{"id":13451,"date":"2024-08-30T08:43:59","date_gmt":"2024-08-30T08:43:59","guid":{"rendered":"https:\/\/barrsell.com\/?post_type=product&#038;p=13451"},"modified":"2024-12-21T20:03:13","modified_gmt":"2024-12-21T20:03:13","slug":"helo-kizilotesi-kontrol-paneli","status":"publish","type":"product","link":"https:\/\/barrsell.com\/en\/product\/helo-kizilotesi-control-panel\/","title":{"rendered":"Helo Infrared Control Panel"},"content":{"rendered":"<h2>Helo Infrared Control Panel (60 mins)<\/h2>\n<p>The Helo Infrared Control Panel (60 min) is a high-tech control panel designed to perfect your sauna experience. This panel reliably and precisely manages your infrared heating system for 60 minutes, ensuring optimum temperature and comfort with every use.<\/p>\n<h4><strong>Flexible Timing Feature<\/strong><\/h4>\n<p>This control panel is equipped with a user-friendly timing function. Thanks to the 60-minute time setting, you can tailor your sauna session to your needs. The automatic shut-off feature saves energy and increases safety at the same time.<\/p>\n<h4><strong>Easy Installation and Operation<\/strong><\/h4>\n<p>You can easily integrate the Helo control panel into your existing sauna system.  Its simple and easy interface allows users to make adjustments quickly. It offers an ideal solution for both beginners and experienced users.<\/p>\n<h4><strong>Safe to Use<\/strong><\/h4>\n<p>The Helo Control Panel is manufactured in accordance with the highest safety standards. With features that protect against overheating and other potential hazards, you can safely enjoy your sauna sessions. This panel offers maximum comfort without compromising your safety.<\/p>\n<p>&nbsp;<\/p>","protected":false},"excerpt":{"rendered":"<p>Helo K\u0131z\u0131l\u00f6tesi Kontrol Paneli (60 dk) Helo K\u0131z\u0131l\u00f6tesi Kontrol Paneli (60 dk), sauna deneyiminizi m\u00fckemmelle\u015ftirmek i\u00e7in tasarlanm\u0131\u015f y\u00fcksek teknoloji bir<\/p>","protected":false},"featured_media":13452,"template":"","meta":[],"product_cat":[182,234,173],"product_tag":[],"class_list":{"0":"post-13451","1":"product","2":"type-product","3":"status-publish","4":"has-post-thumbnail","6":"product_cat-dijital-kontrol-uniteleri","7":"product_cat-sauna-kontrol-uniteleri","8":"product_cat-helo-kontrol-uniteleri","10":"first","11":"instock","12":"shipping-taxable","13":"product-type-simple"},"yoast_head":"<!-- This site is optimized with the Yoast SEO Premium plugin v23.2 (Yoast SEO v23.2) - https:\/\/yoast.com\/wordpress\/plugins\/seo\/ -->\n<title>Helo K\u0131z\u0131l\u00f6tesi Kontrol Paneli | Barrsell End\u00fcstri<\/title>\n<meta name=\"description\" content=\"Helo K\u0131z\u0131l\u00f6tesi Kontrol Paneli (60 dk), sauna deneyiminizi m\u00fckemmelle\u015ftirmek i\u00e7in tasarlanm\u0131\u015f y\u00fcksek teknoloji bir kontrol panelidir.\" \/>\n<meta name=\"robots\" content=\"index, follow, max-snippet:-1, max-image-preview:large, max-video-preview:-1\" \/>\n<link rel=\"canonical\" href=\"https:\/\/barrsell.com\/en\/product\/helo-kizilotesi-control-panel\/\" \/>\n<meta property=\"og:locale\" content=\"en_US\" \/>\n<meta property=\"og:type\" content=\"article\" \/>\n<meta property=\"og:title\" content=\"Helo K\u0131z\u0131l\u00f6tesi Kontrol Paneli\" \/>\n<meta property=\"og:description\" content=\"Helo K\u0131z\u0131l\u00f6tesi Kontrol Paneli (60 dk), sauna deneyiminizi m\u00fckemmelle\u015ftirmek i\u00e7in tasarlanm\u0131\u015f y\u00fcksek teknoloji bir kontrol panelidir.\" \/>\n<meta property=\"og:url\" content=\"https:\/\/barrsell.com\/en\/product\/helo-kizilotesi-control-panel\/\" \/>\n<meta property=\"og:site_name\" content=\"Barrsell\" \/>\n<meta property=\"article:modified_time\" content=\"2024-12-21T20:03:13+00:00\" \/>\n<meta property=\"og:image\" content=\"https:\/\/barrsell.com\/wp-content\/uploads\/2024\/08\/Helo-Kizilotesi-Kontrol-Paneli.png\" \/>\n\t<meta property=\"og:image:width\" content=\"1200\" \/>\n\t<meta property=\"og:image:height\" content=\"1200\" \/>\n\t<meta property=\"og:image:type\" content=\"image\/png\" \/>\n<meta name=\"twitter:card\" content=\"summary_large_image\" \/>\n<meta name=\"twitter:label1\" content=\"Est. reading time\" \/>\n\t<meta name=\"twitter:data1\" content=\"2 minutes\" \/>\n<script type=\"application\/ld+json\" class=\"yoast-schema-graph\">{\"@context\":\"https:\/\/schema.org\",\"@graph\":[{\"@type\":\"WebPage\",\"@id\":\"https:\/\/barrsell.com\/urun\/helo-kizilotesi-kontrol-paneli\/\",\"url\":\"https:\/\/barrsell.com\/urun\/helo-kizilotesi-kontrol-paneli\/\",\"name\":\"Helo K\u0131z\u0131l\u00f6tesi Kontrol Paneli | Barrsell End\u00fcstri\",\"isPartOf\":{\"@id\":\"https:\/\/barrsell.com\/#website\"},\"primaryImageOfPage\":{\"@id\":\"https:\/\/barrsell.com\/urun\/helo-kizilotesi-kontrol-paneli\/#primaryimage\"},\"image\":{\"@id\":\"https:\/\/barrsell.com\/urun\/helo-kizilotesi-kontrol-paneli\/#primaryimage\"},\"thumbnailUrl\":\"https:\/\/barrsell.com\/wp-content\/uploads\/2024\/08\/Helo-Kizilotesi-Kontrol-Paneli.png\",\"datePublished\":\"2024-08-30T08:43:59+00:00\",\"dateModified\":\"2024-12-21T20:03:13+00:00\",\"description\":\"Helo K\u0131z\u0131l\u00f6tesi Kontrol Paneli (60 dk), sauna deneyiminizi m\u00fckemmelle\u015ftirmek i\u00e7in tasarlanm\u0131\u015f y\u00fcksek teknoloji bir kontrol panelidir.\",\"breadcrumb\":{\"@id\":\"https:\/\/barrsell.com\/urun\/helo-kizilotesi-kontrol-paneli\/#breadcrumb\"},\"inLanguage\":\"en-US\",\"potentialAction\":[{\"@type\":\"ReadAction\",\"target\":[\"https:\/\/barrsell.com\/urun\/helo-kizilotesi-kontrol-paneli\/\"]}]},{\"@type\":\"ImageObject\",\"inLanguage\":\"en-US\",\"@id\":\"https:\/\/barrsell.com\/urun\/helo-kizilotesi-kontrol-paneli\/#primaryimage\",\"url\":\"https:\/\/barrsell.com\/wp-content\/uploads\/2024\/08\/Helo-Kizilotesi-Kontrol-Paneli.png\",\"contentUrl\":\"https:\/\/barrsell.com\/wp-content\/uploads\/2024\/08\/Helo-Kizilotesi-Kontrol-Paneli.png\",\"width\":1200,\"height\":1200,\"caption\":\"Helo K\u0131z\u0131l\u00f6tesi Kontrol Paneli\"},{\"@type\":\"BreadcrumbList\",\"@id\":\"https:\/\/barrsell.com\/urun\/helo-kizilotesi-kontrol-paneli\/#breadcrumb\",\"itemListElement\":[{\"@type\":\"ListItem\",\"position\":1,\"name\":\"Home\",\"item\":\"https:\/\/barrsell.com\/\"},{\"@type\":\"ListItem\",\"position\":2,\"name\":\"\u00dcr\u00fcnler\",\"item\":\"https:\/\/barrsell.com\/en\/products\/\"},{\"@type\":\"ListItem\",\"position\":3,\"name\":\"Helo K\u0131z\u0131l\u00f6tesi Kontrol Paneli\"}]},{\"@type\":\"WebSite\",\"@id\":\"https:\/\/barrsell.com\/#website\",\"url\":\"https:\/\/barrsell.com\/\",\"name\":\"Barrsell End\u00fcstri Makine\",\"description\":\"Teknolojiyle G\u00fc\u00e7lenen End\u00fcstriyel \u00c7\u00f6z\u00fcmler!\",\"potentialAction\":[{\"@type\":\"SearchAction\",\"target\":{\"@type\":\"EntryPoint\",\"urlTemplate\":\"https:\/\/barrsell.com\/?s={search_term_string}\"},\"query-input\":\"required name=search_term_string\"}],\"inLanguage\":\"en-US\"}]}<\/script>\n<!-- \/ Yoast SEO Premium plugin. -->","yoast_head_json":{"title":"Helo K\u0131z\u0131l\u00f6tesi Kontrol Paneli | Barrsell End\u00fcstri","description":"Helo K\u0131z\u0131l\u00f6tesi Kontrol Paneli (60 dk), sauna deneyiminizi m\u00fckemmelle\u015ftirmek i\u00e7in tasarlanm\u0131\u015f y\u00fcksek teknoloji bir kontrol panelidir.","robots":{"index":"index","follow":"follow","max-snippet":"max-snippet:-1","max-image-preview":"max-image-preview:large","max-video-preview":"max-video-preview:-1"},"canonical":"https:\/\/barrsell.com\/en\/product\/helo-kizilotesi-control-panel\/","og_locale":"en_US","og_type":"article","og_title":"Helo K\u0131z\u0131l\u00f6tesi Kontrol Paneli","og_description":"Helo K\u0131z\u0131l\u00f6tesi Kontrol Paneli (60 dk), sauna deneyiminizi m\u00fckemmelle\u015ftirmek i\u00e7in tasarlanm\u0131\u015f y\u00fcksek teknoloji bir kontrol panelidir.","og_url":"https:\/\/barrsell.com\/en\/product\/helo-kizilotesi-control-panel\/","og_site_name":"Barrsell","article_modified_time":"2024-12-21T20:03:13+00:00","og_image":[{"width":1200,"height":1200,"url":"https:\/\/barrsell.com\/wp-content\/uploads\/2024\/08\/Helo-Kizilotesi-Kontrol-Paneli.png","type":"image\/png"}],"twitter_card":"summary_large_image","twitter_misc":{"Est. reading time":"2 minutes"},"schema":{"@context":"https:\/\/schema.org","@graph":[{"@type":"WebPage","@id":"https:\/\/barrsell.com\/urun\/helo-kizilotesi-kontrol-paneli\/","url":"https:\/\/barrsell.com\/urun\/helo-kizilotesi-kontrol-paneli\/","name":"Helo K\u0131z\u0131l\u00f6tesi Kontrol Paneli | Barrsell End\u00fcstri","isPartOf":{"@id":"https:\/\/barrsell.com\/#website"},"primaryImageOfPage":{"@id":"https:\/\/barrsell.com\/urun\/helo-kizilotesi-kontrol-paneli\/#primaryimage"},"image":{"@id":"https:\/\/barrsell.com\/urun\/helo-kizilotesi-kontrol-paneli\/#primaryimage"},"thumbnailUrl":"https:\/\/barrsell.com\/wp-content\/uploads\/2024\/08\/Helo-Kizilotesi-Kontrol-Paneli.png","datePublished":"2024-08-30T08:43:59+00:00","dateModified":"2024-12-21T20:03:13+00:00","description":"Helo K\u0131z\u0131l\u00f6tesi Kontrol Paneli (60 dk), sauna deneyiminizi m\u00fckemmelle\u015ftirmek i\u00e7in tasarlanm\u0131\u015f y\u00fcksek teknoloji bir kontrol panelidir.","breadcrumb":{"@id":"https:\/\/barrsell.com\/urun\/helo-kizilotesi-kontrol-paneli\/#breadcrumb"},"inLanguage":"en-US","potentialAction":[{"@type":"ReadAction","target":["https:\/\/barrsell.com\/urun\/helo-kizilotesi-kontrol-paneli\/"]}]},{"@type":"ImageObject","inLanguage":"en-US","@id":"https:\/\/barrsell.com\/urun\/helo-kizilotesi-kontrol-paneli\/#primaryimage","url":"https:\/\/barrsell.com\/wp-content\/uploads\/2024\/08\/Helo-Kizilotesi-Kontrol-Paneli.png","contentUrl":"https:\/\/barrsell.com\/wp-content\/uploads\/2024\/08\/Helo-Kizilotesi-Kontrol-Paneli.png","width":1200,"height":1200,"caption":"Helo K\u0131z\u0131l\u00f6tesi Kontrol Paneli"},{"@type":"BreadcrumbList","@id":"https:\/\/barrsell.com\/urun\/helo-kizilotesi-kontrol-paneli\/#breadcrumb","itemListElement":[{"@type":"ListItem","position":1,"name":"Home","item":"https:\/\/barrsell.com\/"},{"@type":"ListItem","position":2,"name":"\u00dcr\u00fcnler","item":"https:\/\/barrsell.com\/en\/products\/"},{"@type":"ListItem","position":3,"name":"Helo K\u0131z\u0131l\u00f6tesi Kontrol Paneli"}]},{"@type":"WebSite","@id":"https:\/\/barrsell.com\/#website","url":"https:\/\/barrsell.com\/","name":"Barrsell End\u00fcstri Makine","description":"Teknolojiyle G\u00fc\u00e7lenen End\u00fcstriyel \u00c7\u00f6z\u00fcmler!","potentialAction":[{"@type":"SearchAction","target":{"@type":"EntryPoint","urlTemplate":"https:\/\/barrsell.com\/?s={search_term_string}"},"query-input":"required name=search_term_string"}],"inLanguage":"en-US"}]}},"_links":{"self":[{"href":"https:\/\/barrsell.com\/en\/wp-json\/wp\/v2\/product\/13451","targetHints":{"allow":["GET"]}}],"collection":[{"href":"https:\/\/barrsell.com\/en\/wp-json\/wp\/v2\/product"}],"about":[{"href":"https:\/\/barrsell.com\/en\/wp-json\/wp\/v2\/types\/product"}],"version-history":[{"count":4,"href":"https:\/\/barrsell.com\/en\/wp-json\/wp\/v2\/product\/13451\/revisions"}],"predecessor-version":[{"id":19451,"href":"https:\/\/barrsell.com\/en\/wp-json\/wp\/v2\/product\/13451\/revisions\/19451"}],"wp:featuredmedia":[{"embeddable":true,"href":"https:\/\/barrsell.com\/en\/wp-json\/wp\/v2\/media\/13452"}],"wp:attachment":[{"href":"https:\/\/barrsell.com\/en\/wp-json\/wp\/v2\/media?parent=13451"}],"wp:term":[{"taxonomy":"product_cat","embeddable":true,"href":"https:\/\/barrsell.com\/en\/wp-json\/wp\/v2\/product_cat?post=13451"},{"taxonomy":"product_tag","embeddable":true,"href":"https:\/\/barrsell.com\/en\/wp-json\/wp\/v2\/product_tag?post=13451"}],"curies":[{"name":"wp","href":"https:\/\/api.w.org\/{rel}","templated":true}]}}