{"id":13444,"date":"2024-08-29T16:52:39","date_gmt":"2024-08-29T16:52:39","guid":{"rendered":"https:\/\/barrsell.com\/?post_type=product&#038;p=13444"},"modified":"2024-12-21T20:07:16","modified_gmt":"2024-12-21T20:07:16","slug":"helo-olet-31-sensor-kablosu","status":"publish","type":"product","link":"https:\/\/barrsell.com\/en\/product\/helo-olet-31-sensor-cable\/","title":{"rendered":"Helo OLET 31 Sensor Cable"},"content":{"rendered":"<h2>Helo OLET 31 Sensor Cable<\/h2>\n<p>The Helo OLET 31 Sensor Cable fits perfectly with Helo's electric sauna heaters. It also offers precise and reliable temperature control. Designed to provide precise and reliable temperature measurement in your sauna heating systems. It is a high quality cable solution. Works in perfect harmony with Helo's electric sauna heaters. Optimized to make your sauna experience more efficient and comfortable.<\/p>\n<div class=\"flex max-w-full flex-col flex-grow\">\n<div class=\"min-h-[20px] text-message flex w-full flex-col items-end gap-2 break-words [.text-message+&amp;]:mt-5 overflow-x-auto whitespace-normal\" dir=\"auto\" data-message-author-role=\"assistant\" data-message-id=\"af21f342-bfea-412d-a155-9b87fed5eb71\">\n<div class=\"flex w-full flex-col gap-1 empty:hidden first:pt-[3px]\">\n<div class=\"markdown prose w-full break-words dark:prose-invert light\">\n<h4><strong>High Quality and Durable Material<\/strong><\/h4>\n<p>The Sensor Cable is manufactured from high quality materials to ensure long lasting and reliable performance. This durable construction ensures that the cable is resistant to harsh sauna conditions and guarantees many years of trouble-free operation. It is resistant to harsh environmental factors such as high temperature and humidity, which increases its lifespan and reliability.<\/p>\n<h4><strong>Length and Flexibility<\/strong><\/h4>\n<p>With a length of 5 meters, this sensor cable offers a wide range of movement. It provides a wide installation range, allowing you to easily place your sensors in various areas of your sauna. Thanks to its flexible construction, the cable is extremely simple and quick to install and manage.<\/p>\n<p>&nbsp;<\/p>\n<\/div>\n<\/div>\n<\/div>\n<\/div>\n<div class=\"mt-1 flex gap-3 empty:hidden -ml-2\">\n<div class=\"items-center justify-start rounded-xl p-1 flex\">\n<div class=\"flex items-center\">\n<div class=\"flex items-center pb-0\"><\/div>\n<\/div>\n<\/div>\n<\/div>","protected":false},"excerpt":{"rendered":"<p>Helo OLET 31 Sens\u00f6r Kablosu Helo OLET 31 Sens\u00f6r Kablosu\u00a0 Helo&#8217;nun elektrikli sauna \u0131s\u0131t\u0131c\u0131lar\u0131yla m\u00fckemmel uyum sa\u011flar. Ayr\u0131ca hassas ve<\/p>","protected":false},"featured_media":13448,"template":"","meta":[],"product_cat":[174],"product_tag":[],"class_list":{"0":"post-13444","1":"product","2":"type-product","3":"status-publish","4":"has-post-thumbnail","6":"product_cat-helo-sauna-isiticilari-yedek-parcalari","8":"first","9":"instock","10":"shipping-taxable","11":"product-type-simple"},"yoast_head":"<!-- This site is optimized with the Yoast SEO Premium plugin v23.2 (Yoast SEO v23.2) - https:\/\/yoast.com\/wordpress\/plugins\/seo\/ -->\n<title>Helo OLET 31 Sens\u00f6r Kablosu | Barrsell End\u00fcstri<\/title>\n<meta name=\"description\" content=\"Helo OLET 31 Sens\u00f6r Kablosu Helo&#039;nun elektrikli sauna \u0131s\u0131t\u0131c\u0131lar\u0131yla m\u00fckemmel uyum sa\u011flayarak, hassas ve g\u00fcvenilir s\u0131cakl\u0131k kontrol\u00fc sunar.\" \/>\n<meta name=\"robots\" content=\"index, follow, max-snippet:-1, max-image-preview:large, max-video-preview:-1\" \/>\n<link rel=\"canonical\" href=\"https:\/\/barrsell.com\/en\/product\/helo-olet-31-sensor-cable\/\" \/>\n<meta property=\"og:locale\" content=\"en_US\" \/>\n<meta property=\"og:type\" content=\"article\" \/>\n<meta property=\"og:title\" content=\"Helo OLET 31 Sens\u00f6r Kablosu\" \/>\n<meta property=\"og:description\" content=\"Helo OLET 31 Sens\u00f6r Kablosu Helo&#039;nun elektrikli sauna \u0131s\u0131t\u0131c\u0131lar\u0131yla m\u00fckemmel uyum sa\u011flayarak, hassas ve g\u00fcvenilir s\u0131cakl\u0131k kontrol\u00fc sunar.\" \/>\n<meta property=\"og:url\" content=\"https:\/\/barrsell.com\/en\/product\/helo-olet-31-sensor-cable\/\" \/>\n<meta property=\"og:site_name\" content=\"Barrsell\" \/>\n<meta property=\"article:modified_time\" content=\"2024-12-21T20:07:16+00:00\" \/>\n<meta property=\"og:image\" content=\"https:\/\/barrsell.com\/wp-content\/uploads\/2024\/08\/Helo-OLET-31-Sensor-kablosu.png\" \/>\n\t<meta property=\"og:image:width\" content=\"1200\" \/>\n\t<meta property=\"og:image:height\" content=\"1200\" \/>\n\t<meta property=\"og:image:type\" content=\"image\/png\" \/>\n<meta name=\"twitter:card\" content=\"summary_large_image\" \/>\n<meta name=\"twitter:label1\" content=\"Est. reading time\" \/>\n\t<meta name=\"twitter:data1\" content=\"2 minutes\" \/>\n<script type=\"application\/ld+json\" class=\"yoast-schema-graph\">{\"@context\":\"https:\/\/schema.org\",\"@graph\":[{\"@type\":\"WebPage\",\"@id\":\"https:\/\/barrsell.com\/urun\/helo-olet-31-sensor-kablosu\/\",\"url\":\"https:\/\/barrsell.com\/urun\/helo-olet-31-sensor-kablosu\/\",\"name\":\"Helo OLET 31 Sens\u00f6r Kablosu | Barrsell End\u00fcstri\",\"isPartOf\":{\"@id\":\"https:\/\/barrsell.com\/#website\"},\"primaryImageOfPage\":{\"@id\":\"https:\/\/barrsell.com\/urun\/helo-olet-31-sensor-kablosu\/#primaryimage\"},\"image\":{\"@id\":\"https:\/\/barrsell.com\/urun\/helo-olet-31-sensor-kablosu\/#primaryimage\"},\"thumbnailUrl\":\"https:\/\/barrsell.com\/wp-content\/uploads\/2024\/08\/Helo-OLET-31-Sensor-kablosu.png\",\"datePublished\":\"2024-08-29T16:52:39+00:00\",\"dateModified\":\"2024-12-21T20:07:16+00:00\",\"description\":\"Helo OLET 31 Sens\u00f6r Kablosu Helo'nun elektrikli sauna \u0131s\u0131t\u0131c\u0131lar\u0131yla m\u00fckemmel uyum sa\u011flayarak, hassas ve g\u00fcvenilir s\u0131cakl\u0131k kontrol\u00fc sunar.\",\"breadcrumb\":{\"@id\":\"https:\/\/barrsell.com\/urun\/helo-olet-31-sensor-kablosu\/#breadcrumb\"},\"inLanguage\":\"en-US\",\"potentialAction\":[{\"@type\":\"ReadAction\",\"target\":[\"https:\/\/barrsell.com\/urun\/helo-olet-31-sensor-kablosu\/\"]}]},{\"@type\":\"ImageObject\",\"inLanguage\":\"en-US\",\"@id\":\"https:\/\/barrsell.com\/urun\/helo-olet-31-sensor-kablosu\/#primaryimage\",\"url\":\"https:\/\/barrsell.com\/wp-content\/uploads\/2024\/08\/Helo-OLET-31-Sensor-kablosu.png\",\"contentUrl\":\"https:\/\/barrsell.com\/wp-content\/uploads\/2024\/08\/Helo-OLET-31-Sensor-kablosu.png\",\"width\":1200,\"height\":1200,\"caption\":\"Helo OLET 31 Sens\u00f6r-kablosu\"},{\"@type\":\"BreadcrumbList\",\"@id\":\"https:\/\/barrsell.com\/urun\/helo-olet-31-sensor-kablosu\/#breadcrumb\",\"itemListElement\":[{\"@type\":\"ListItem\",\"position\":1,\"name\":\"Home\",\"item\":\"https:\/\/barrsell.com\/\"},{\"@type\":\"ListItem\",\"position\":2,\"name\":\"\u00dcr\u00fcnler\",\"item\":\"https:\/\/barrsell.com\/en\/products\/\"},{\"@type\":\"ListItem\",\"position\":3,\"name\":\"Helo OLET 31 Sens\u00f6r Kablosu\"}]},{\"@type\":\"WebSite\",\"@id\":\"https:\/\/barrsell.com\/#website\",\"url\":\"https:\/\/barrsell.com\/\",\"name\":\"Barrsell End\u00fcstri Makine\",\"description\":\"Teknolojiyle G\u00fc\u00e7lenen End\u00fcstriyel \u00c7\u00f6z\u00fcmler!\",\"potentialAction\":[{\"@type\":\"SearchAction\",\"target\":{\"@type\":\"EntryPoint\",\"urlTemplate\":\"https:\/\/barrsell.com\/?s={search_term_string}\"},\"query-input\":\"required name=search_term_string\"}],\"inLanguage\":\"en-US\"}]}<\/script>\n<!-- \/ Yoast SEO Premium plugin. -->","yoast_head_json":{"title":"Helo OLET 31 Sens\u00f6r Kablosu | Barrsell End\u00fcstri","description":"Helo OLET 31 Sens\u00f6r Kablosu Helo'nun elektrikli sauna \u0131s\u0131t\u0131c\u0131lar\u0131yla m\u00fckemmel uyum sa\u011flayarak, hassas ve g\u00fcvenilir s\u0131cakl\u0131k kontrol\u00fc sunar.","robots":{"index":"index","follow":"follow","max-snippet":"max-snippet:-1","max-image-preview":"max-image-preview:large","max-video-preview":"max-video-preview:-1"},"canonical":"https:\/\/barrsell.com\/en\/product\/helo-olet-31-sensor-cable\/","og_locale":"en_US","og_type":"article","og_title":"Helo OLET 31 Sens\u00f6r Kablosu","og_description":"Helo OLET 31 Sens\u00f6r Kablosu Helo'nun elektrikli sauna \u0131s\u0131t\u0131c\u0131lar\u0131yla m\u00fckemmel uyum sa\u011flayarak, hassas ve g\u00fcvenilir s\u0131cakl\u0131k kontrol\u00fc sunar.","og_url":"https:\/\/barrsell.com\/en\/product\/helo-olet-31-sensor-cable\/","og_site_name":"Barrsell","article_modified_time":"2024-12-21T20:07:16+00:00","og_image":[{"width":1200,"height":1200,"url":"https:\/\/barrsell.com\/wp-content\/uploads\/2024\/08\/Helo-OLET-31-Sensor-kablosu.png","type":"image\/png"}],"twitter_card":"summary_large_image","twitter_misc":{"Est. reading time":"2 minutes"},"schema":{"@context":"https:\/\/schema.org","@graph":[{"@type":"WebPage","@id":"https:\/\/barrsell.com\/urun\/helo-olet-31-sensor-kablosu\/","url":"https:\/\/barrsell.com\/urun\/helo-olet-31-sensor-kablosu\/","name":"Helo OLET 31 Sens\u00f6r Kablosu | Barrsell End\u00fcstri","isPartOf":{"@id":"https:\/\/barrsell.com\/#website"},"primaryImageOfPage":{"@id":"https:\/\/barrsell.com\/urun\/helo-olet-31-sensor-kablosu\/#primaryimage"},"image":{"@id":"https:\/\/barrsell.com\/urun\/helo-olet-31-sensor-kablosu\/#primaryimage"},"thumbnailUrl":"https:\/\/barrsell.com\/wp-content\/uploads\/2024\/08\/Helo-OLET-31-Sensor-kablosu.png","datePublished":"2024-08-29T16:52:39+00:00","dateModified":"2024-12-21T20:07:16+00:00","description":"Helo OLET 31 Sens\u00f6r Kablosu Helo'nun elektrikli sauna \u0131s\u0131t\u0131c\u0131lar\u0131yla m\u00fckemmel uyum sa\u011flayarak, hassas ve g\u00fcvenilir s\u0131cakl\u0131k kontrol\u00fc sunar.","breadcrumb":{"@id":"https:\/\/barrsell.com\/urun\/helo-olet-31-sensor-kablosu\/#breadcrumb"},"inLanguage":"en-US","potentialAction":[{"@type":"ReadAction","target":["https:\/\/barrsell.com\/urun\/helo-olet-31-sensor-kablosu\/"]}]},{"@type":"ImageObject","inLanguage":"en-US","@id":"https:\/\/barrsell.com\/urun\/helo-olet-31-sensor-kablosu\/#primaryimage","url":"https:\/\/barrsell.com\/wp-content\/uploads\/2024\/08\/Helo-OLET-31-Sensor-kablosu.png","contentUrl":"https:\/\/barrsell.com\/wp-content\/uploads\/2024\/08\/Helo-OLET-31-Sensor-kablosu.png","width":1200,"height":1200,"caption":"Helo OLET 31 Sens\u00f6r-kablosu"},{"@type":"BreadcrumbList","@id":"https:\/\/barrsell.com\/urun\/helo-olet-31-sensor-kablosu\/#breadcrumb","itemListElement":[{"@type":"ListItem","position":1,"name":"Home","item":"https:\/\/barrsell.com\/"},{"@type":"ListItem","position":2,"name":"\u00dcr\u00fcnler","item":"https:\/\/barrsell.com\/en\/products\/"},{"@type":"ListItem","position":3,"name":"Helo OLET 31 Sens\u00f6r Kablosu"}]},{"@type":"WebSite","@id":"https:\/\/barrsell.com\/#website","url":"https:\/\/barrsell.com\/","name":"Barrsell End\u00fcstri Makine","description":"Teknolojiyle G\u00fc\u00e7lenen End\u00fcstriyel \u00c7\u00f6z\u00fcmler!","potentialAction":[{"@type":"SearchAction","target":{"@type":"EntryPoint","urlTemplate":"https:\/\/barrsell.com\/?s={search_term_string}"},"query-input":"required name=search_term_string"}],"inLanguage":"en-US"}]}},"_links":{"self":[{"href":"https:\/\/barrsell.com\/en\/wp-json\/wp\/v2\/product\/13444","targetHints":{"allow":["GET"]}}],"collection":[{"href":"https:\/\/barrsell.com\/en\/wp-json\/wp\/v2\/product"}],"about":[{"href":"https:\/\/barrsell.com\/en\/wp-json\/wp\/v2\/types\/product"}],"version-history":[{"count":6,"href":"https:\/\/barrsell.com\/en\/wp-json\/wp\/v2\/product\/13444\/revisions"}],"predecessor-version":[{"id":19453,"href":"https:\/\/barrsell.com\/en\/wp-json\/wp\/v2\/product\/13444\/revisions\/19453"}],"wp:featuredmedia":[{"embeddable":true,"href":"https:\/\/barrsell.com\/en\/wp-json\/wp\/v2\/media\/13448"}],"wp:attachment":[{"href":"https:\/\/barrsell.com\/en\/wp-json\/wp\/v2\/media?parent=13444"}],"wp:term":[{"taxonomy":"product_cat","embeddable":true,"href":"https:\/\/barrsell.com\/en\/wp-json\/wp\/v2\/product_cat?post=13444"},{"taxonomy":"product_tag","embeddable":true,"href":"https:\/\/barrsell.com\/en\/wp-json\/wp\/v2\/product_tag?post=13444"}],"curies":[{"name":"wp","href":"https:\/\/api.w.org\/{rel}","templated":true}]}}