{"id":13437,"date":"2024-08-29T16:36:33","date_gmt":"2024-08-29T16:36:33","guid":{"rendered":"https:\/\/barrsell.com\/?post_type=product&#038;p=13437"},"modified":"2024-12-21T20:12:01","modified_gmt":"2024-12-21T20:12:01","slug":"helo-isitma-elemani-65b","status":"publish","type":"product","link":"https:\/\/barrsell.com\/en\/product\/helo-heating-element-65b\/","title":{"rendered":"Helo Heating Element 65B"},"content":{"rendered":"<h2>Helo Heating Element 65B SEPC<\/h2>\n<p>The Helo Heating Element 65B SEPC is a powerful and reliable heating element designed to take your sauna experience to the next level. Made for use in both domestic and commercial saunas, this heating element continues Helo's tradition of quality and durable design. Optimized to ensure maximum efficiency and longevity, the 65B SEPC enhances the performance of your sauna heater, providing users with an unmatched heat experience.<\/p>\n<h4><strong>Powerful Heating Capacity<\/strong><\/h4>\n<p>Provides a high power output to heat your sauna quickly and effectively. It evenly distributes the heat to every corner of the sauna. V thus guarantees a comfortable sauna session for all users. This heating element is energy efficient, making it possible for your sauna to run quickly and effectively.<\/p>\n<h4><strong>Long Lasting and Durable Construction<\/strong><\/h4>\n<p>The 65B SEPC is manufactured from high quality materials for a long service life. This heating element maintains its performance even under intensive use and is characterized by its low maintenance requirements. In addition, this feature ensures trouble-free operation of your sauna heater for many years to come.<\/p>\n<h4><strong>Easy Installation and Flexible Fit<\/strong><\/h4>\n<p>Helo Heating Element 65B SEPC is designed to be compatible with various models of Helo sauna heater. You can easily integrate this heating element, which is extremely simple to install, into your existing heater system.\u00a0 In this way, you can quickly improve the performance of your sauna with minimum interruptions.<\/p>\n<h4><strong>Energy Efficiency and Eco-Friendly Design<\/strong><\/h4>\n<p>65B SEPC reduces the energy costs of your sauna with its energy-saving structure. And so it offers an environmentally friendly use. At the same time, this element, which provides maximum heat production with low energy consumption, helps you to keep your environmental effects to a minimum.<\/p>","protected":false},"excerpt":{"rendered":"<p>Helo Is\u0131tma Eleman\u0131 65B SEPC Helo Is\u0131tma Eleman\u0131 65B SEPC, sauna deneyiminizi bir \u00fcst seviyeye ta\u015f\u0131mak i\u00e7in tasarlanm\u0131\u015f, g\u00fc\u00e7l\u00fc ve<\/p>","protected":false},"featured_media":13438,"template":"","meta":[],"product_cat":[174],"product_tag":[],"class_list":{"0":"post-13437","1":"product","2":"type-product","3":"status-publish","4":"has-post-thumbnail","6":"product_cat-helo-sauna-isiticilari-yedek-parcalari","8":"first","9":"instock","10":"shipping-taxable","11":"product-type-simple"},"yoast_head":"<!-- This site is optimized with the Yoast SEO Premium plugin v23.2 (Yoast SEO v23.2) - https:\/\/yoast.com\/wordpress\/plugins\/seo\/ -->\n<title>Helo Is\u0131tma Eleman\u0131 65B | Barrsell End\u00fcstri<\/title>\n<meta name=\"description\" content=\"Helo Is\u0131tma Eleman\u0131 65B SEPC, sauna deneyiminizi bir \u00fcst seviyeye ta\u015f\u0131mak i\u00e7in tasarlanm\u0131\u015f, g\u00fc\u00e7l\u00fc ve g\u00fcvenilir bir \u0131s\u0131tma eleman\u0131d\u0131r.\" \/>\n<meta name=\"robots\" content=\"index, follow, max-snippet:-1, max-image-preview:large, max-video-preview:-1\" \/>\n<link rel=\"canonical\" href=\"https:\/\/barrsell.com\/en\/product\/helo-heating-element-65b\/\" \/>\n<meta property=\"og:locale\" content=\"en_US\" \/>\n<meta property=\"og:type\" content=\"article\" \/>\n<meta property=\"og:title\" content=\"Helo Is\u0131tma Eleman\u0131 65B\" \/>\n<meta property=\"og:description\" content=\"Helo Is\u0131tma Eleman\u0131 65B SEPC, sauna deneyiminizi bir \u00fcst seviyeye ta\u015f\u0131mak i\u00e7in tasarlanm\u0131\u015f, g\u00fc\u00e7l\u00fc ve g\u00fcvenilir bir \u0131s\u0131tma eleman\u0131d\u0131r.\" \/>\n<meta property=\"og:url\" content=\"https:\/\/barrsell.com\/en\/product\/helo-heating-element-65b\/\" \/>\n<meta property=\"og:site_name\" content=\"Barrsell\" \/>\n<meta property=\"article:modified_time\" content=\"2024-12-21T20:12:01+00:00\" \/>\n<meta property=\"og:image\" content=\"https:\/\/barrsell.com\/wp-content\/uploads\/2024\/08\/Helo-Isitma-Elemani-65B.png\" \/>\n\t<meta property=\"og:image:width\" content=\"1200\" \/>\n\t<meta property=\"og:image:height\" content=\"1200\" \/>\n\t<meta property=\"og:image:type\" content=\"image\/png\" \/>\n<meta name=\"twitter:card\" content=\"summary_large_image\" \/>\n<meta name=\"twitter:label1\" content=\"Est. reading time\" \/>\n\t<meta name=\"twitter:data1\" content=\"2 minutes\" \/>\n<script type=\"application\/ld+json\" class=\"yoast-schema-graph\">{\"@context\":\"https:\/\/schema.org\",\"@graph\":[{\"@type\":\"WebPage\",\"@id\":\"https:\/\/barrsell.com\/urun\/helo-isitma-elemani-65b\/\",\"url\":\"https:\/\/barrsell.com\/urun\/helo-isitma-elemani-65b\/\",\"name\":\"Helo Is\u0131tma Eleman\u0131 65B | Barrsell End\u00fcstri\",\"isPartOf\":{\"@id\":\"https:\/\/barrsell.com\/#website\"},\"primaryImageOfPage\":{\"@id\":\"https:\/\/barrsell.com\/urun\/helo-isitma-elemani-65b\/#primaryimage\"},\"image\":{\"@id\":\"https:\/\/barrsell.com\/urun\/helo-isitma-elemani-65b\/#primaryimage\"},\"thumbnailUrl\":\"https:\/\/barrsell.com\/wp-content\/uploads\/2024\/08\/Helo-Isitma-Elemani-65B.png\",\"datePublished\":\"2024-08-29T16:36:33+00:00\",\"dateModified\":\"2024-12-21T20:12:01+00:00\",\"description\":\"Helo Is\u0131tma Eleman\u0131 65B SEPC, sauna deneyiminizi bir \u00fcst seviyeye ta\u015f\u0131mak i\u00e7in tasarlanm\u0131\u015f, g\u00fc\u00e7l\u00fc ve g\u00fcvenilir bir \u0131s\u0131tma eleman\u0131d\u0131r.\",\"breadcrumb\":{\"@id\":\"https:\/\/barrsell.com\/urun\/helo-isitma-elemani-65b\/#breadcrumb\"},\"inLanguage\":\"en-US\",\"potentialAction\":[{\"@type\":\"ReadAction\",\"target\":[\"https:\/\/barrsell.com\/urun\/helo-isitma-elemani-65b\/\"]}]},{\"@type\":\"ImageObject\",\"inLanguage\":\"en-US\",\"@id\":\"https:\/\/barrsell.com\/urun\/helo-isitma-elemani-65b\/#primaryimage\",\"url\":\"https:\/\/barrsell.com\/wp-content\/uploads\/2024\/08\/Helo-Isitma-Elemani-65B.png\",\"contentUrl\":\"https:\/\/barrsell.com\/wp-content\/uploads\/2024\/08\/Helo-Isitma-Elemani-65B.png\",\"width\":1200,\"height\":1200,\"caption\":\"Helo Is\u0131tma Eleman\u0131 65B\"},{\"@type\":\"BreadcrumbList\",\"@id\":\"https:\/\/barrsell.com\/urun\/helo-isitma-elemani-65b\/#breadcrumb\",\"itemListElement\":[{\"@type\":\"ListItem\",\"position\":1,\"name\":\"Home\",\"item\":\"https:\/\/barrsell.com\/\"},{\"@type\":\"ListItem\",\"position\":2,\"name\":\"\u00dcr\u00fcnler\",\"item\":\"https:\/\/barrsell.com\/en\/products\/\"},{\"@type\":\"ListItem\",\"position\":3,\"name\":\"Helo Is\u0131tma Eleman\u0131 65B\"}]},{\"@type\":\"WebSite\",\"@id\":\"https:\/\/barrsell.com\/#website\",\"url\":\"https:\/\/barrsell.com\/\",\"name\":\"Barrsell End\u00fcstri Makine\",\"description\":\"Teknolojiyle G\u00fc\u00e7lenen End\u00fcstriyel \u00c7\u00f6z\u00fcmler!\",\"potentialAction\":[{\"@type\":\"SearchAction\",\"target\":{\"@type\":\"EntryPoint\",\"urlTemplate\":\"https:\/\/barrsell.com\/?s={search_term_string}\"},\"query-input\":\"required name=search_term_string\"}],\"inLanguage\":\"en-US\"}]}<\/script>\n<!-- \/ Yoast SEO Premium plugin. -->","yoast_head_json":{"title":"Helo Is\u0131tma Eleman\u0131 65B | Barrsell End\u00fcstri","description":"Helo Is\u0131tma Eleman\u0131 65B SEPC, sauna deneyiminizi bir \u00fcst seviyeye ta\u015f\u0131mak i\u00e7in tasarlanm\u0131\u015f, g\u00fc\u00e7l\u00fc ve g\u00fcvenilir bir \u0131s\u0131tma eleman\u0131d\u0131r.","robots":{"index":"index","follow":"follow","max-snippet":"max-snippet:-1","max-image-preview":"max-image-preview:large","max-video-preview":"max-video-preview:-1"},"canonical":"https:\/\/barrsell.com\/en\/product\/helo-heating-element-65b\/","og_locale":"en_US","og_type":"article","og_title":"Helo Is\u0131tma Eleman\u0131 65B","og_description":"Helo Is\u0131tma Eleman\u0131 65B SEPC, sauna deneyiminizi bir \u00fcst seviyeye ta\u015f\u0131mak i\u00e7in tasarlanm\u0131\u015f, g\u00fc\u00e7l\u00fc ve g\u00fcvenilir bir \u0131s\u0131tma eleman\u0131d\u0131r.","og_url":"https:\/\/barrsell.com\/en\/product\/helo-heating-element-65b\/","og_site_name":"Barrsell","article_modified_time":"2024-12-21T20:12:01+00:00","og_image":[{"width":1200,"height":1200,"url":"https:\/\/barrsell.com\/wp-content\/uploads\/2024\/08\/Helo-Isitma-Elemani-65B.png","type":"image\/png"}],"twitter_card":"summary_large_image","twitter_misc":{"Est. reading time":"2 minutes"},"schema":{"@context":"https:\/\/schema.org","@graph":[{"@type":"WebPage","@id":"https:\/\/barrsell.com\/urun\/helo-isitma-elemani-65b\/","url":"https:\/\/barrsell.com\/urun\/helo-isitma-elemani-65b\/","name":"Helo Is\u0131tma Eleman\u0131 65B | Barrsell End\u00fcstri","isPartOf":{"@id":"https:\/\/barrsell.com\/#website"},"primaryImageOfPage":{"@id":"https:\/\/barrsell.com\/urun\/helo-isitma-elemani-65b\/#primaryimage"},"image":{"@id":"https:\/\/barrsell.com\/urun\/helo-isitma-elemani-65b\/#primaryimage"},"thumbnailUrl":"https:\/\/barrsell.com\/wp-content\/uploads\/2024\/08\/Helo-Isitma-Elemani-65B.png","datePublished":"2024-08-29T16:36:33+00:00","dateModified":"2024-12-21T20:12:01+00:00","description":"Helo Is\u0131tma Eleman\u0131 65B SEPC, sauna deneyiminizi bir \u00fcst seviyeye ta\u015f\u0131mak i\u00e7in tasarlanm\u0131\u015f, g\u00fc\u00e7l\u00fc ve g\u00fcvenilir bir \u0131s\u0131tma eleman\u0131d\u0131r.","breadcrumb":{"@id":"https:\/\/barrsell.com\/urun\/helo-isitma-elemani-65b\/#breadcrumb"},"inLanguage":"en-US","potentialAction":[{"@type":"ReadAction","target":["https:\/\/barrsell.com\/urun\/helo-isitma-elemani-65b\/"]}]},{"@type":"ImageObject","inLanguage":"en-US","@id":"https:\/\/barrsell.com\/urun\/helo-isitma-elemani-65b\/#primaryimage","url":"https:\/\/barrsell.com\/wp-content\/uploads\/2024\/08\/Helo-Isitma-Elemani-65B.png","contentUrl":"https:\/\/barrsell.com\/wp-content\/uploads\/2024\/08\/Helo-Isitma-Elemani-65B.png","width":1200,"height":1200,"caption":"Helo Is\u0131tma Eleman\u0131 65B"},{"@type":"BreadcrumbList","@id":"https:\/\/barrsell.com\/urun\/helo-isitma-elemani-65b\/#breadcrumb","itemListElement":[{"@type":"ListItem","position":1,"name":"Home","item":"https:\/\/barrsell.com\/"},{"@type":"ListItem","position":2,"name":"\u00dcr\u00fcnler","item":"https:\/\/barrsell.com\/en\/products\/"},{"@type":"ListItem","position":3,"name":"Helo Is\u0131tma Eleman\u0131 65B"}]},{"@type":"WebSite","@id":"https:\/\/barrsell.com\/#website","url":"https:\/\/barrsell.com\/","name":"Barrsell End\u00fcstri Makine","description":"Teknolojiyle G\u00fc\u00e7lenen End\u00fcstriyel \u00c7\u00f6z\u00fcmler!","potentialAction":[{"@type":"SearchAction","target":{"@type":"EntryPoint","urlTemplate":"https:\/\/barrsell.com\/?s={search_term_string}"},"query-input":"required name=search_term_string"}],"inLanguage":"en-US"}]}},"_links":{"self":[{"href":"https:\/\/barrsell.com\/en\/wp-json\/wp\/v2\/product\/13437","targetHints":{"allow":["GET"]}}],"collection":[{"href":"https:\/\/barrsell.com\/en\/wp-json\/wp\/v2\/product"}],"about":[{"href":"https:\/\/barrsell.com\/en\/wp-json\/wp\/v2\/types\/product"}],"version-history":[{"count":4,"href":"https:\/\/barrsell.com\/en\/wp-json\/wp\/v2\/product\/13437\/revisions"}],"predecessor-version":[{"id":19455,"href":"https:\/\/barrsell.com\/en\/wp-json\/wp\/v2\/product\/13437\/revisions\/19455"}],"wp:featuredmedia":[{"embeddable":true,"href":"https:\/\/barrsell.com\/en\/wp-json\/wp\/v2\/media\/13438"}],"wp:attachment":[{"href":"https:\/\/barrsell.com\/en\/wp-json\/wp\/v2\/media?parent=13437"}],"wp:term":[{"taxonomy":"product_cat","embeddable":true,"href":"https:\/\/barrsell.com\/en\/wp-json\/wp\/v2\/product_cat?post=13437"},{"taxonomy":"product_tag","embeddable":true,"href":"https:\/\/barrsell.com\/en\/wp-json\/wp\/v2\/product_tag?post=13437"}],"curies":[{"name":"wp","href":"https:\/\/api.w.org\/{rel}","templated":true}]}}