{"id":13418,"date":"2024-08-29T15:44:30","date_gmt":"2024-08-29T15:44:30","guid":{"rendered":"https:\/\/barrsell.com\/?post_type=product&#038;p=13418"},"modified":"2024-12-21T20:21:44","modified_gmt":"2024-12-21T20:21:44","slug":"helo-junior-sauna-isiticisi","status":"publish","type":"product","link":"https:\/\/barrsell.com\/en\/product\/helo-junior-sauna-heater\/","title":{"rendered":"Helo Junior Sauna Heater"},"content":{"rendered":"<div class=\"flex max-w-full flex-col flex-grow\">\n<div class=\"min-h-[20px] text-message flex w-full flex-col items-end gap-2 break-words [.text-message+&amp;]:mt-5 overflow-x-auto whitespace-normal\" dir=\"auto\" data-message-author-role=\"assistant\" data-message-id=\"f3782178-2159-4f83-a8b4-d3bf8989e04f\">\n<div class=\"flex w-full flex-col gap-1 empty:hidden first:pt-[3px]\">\n<div class=\"markdown prose w-full break-words dark:prose-invert light\">\n<h2>Helo Junior Sauna Heater: Compact and Powerful Heating Solution<\/h2>\n<p>The Helo Junior Sauna Heater is a compact yet effective heating solution designed for small to medium-sized saunas. This heater is also an excellent option for limited areas, providing a quick and even heat dissipation with its powerful performance. Thus, Helo Junior is ideal for both home and commercial saunas and stands out for its user-friendly features and durability.<\/p>\n<p><a href=\"https:\/\/barrsell.com\/wp-content\/uploads\/2024\/08\/Helo-Junior-Sauna-Isiticisi-3.webp\"><img fetchpriority=\"high\" decoding=\"async\" class=\"wp-image-19458 size-large\" src=\"https:\/\/barrsell.com\/wp-content\/uploads\/2024\/08\/Helo-Junior-Sauna-Isiticisi-3-1024x683.webp\" alt=\"\" width=\"1024\" height=\"683\" srcset=\"https:\/\/barrsell.com\/wp-content\/uploads\/2024\/08\/Helo-Junior-Sauna-Isiticisi-3-1024x683.webp 1024w, https:\/\/barrsell.com\/wp-content\/uploads\/2024\/08\/Helo-Junior-Sauna-Isiticisi-3-300x200.webp 300w, https:\/\/barrsell.com\/wp-content\/uploads\/2024\/08\/Helo-Junior-Sauna-Isiticisi-3-768x512.webp 768w, https:\/\/barrsell.com\/wp-content\/uploads\/2024\/08\/Helo-Junior-Sauna-Isiticisi-3-18x12.webp 18w, https:\/\/barrsell.com\/wp-content\/uploads\/2024\/08\/Helo-Junior-Sauna-Isiticisi-3-1200x800.webp 1200w, https:\/\/barrsell.com\/wp-content\/uploads\/2024\/08\/Helo-Junior-Sauna-Isiticisi-3-150x100.webp 150w, https:\/\/barrsell.com\/wp-content\/uploads\/2024\/08\/Helo-Junior-Sauna-Isiticisi-3.webp 1500w\" sizes=\"(max-width: 1024px) 100vw, 1024px\" \/><\/a><\/p>\n<h4><strong>Compact and Stylish Design<\/strong><\/h4>\n<p>The Helo Junior Sauna Heater easily adapts to small sauna areas thanks to its compact size. At the same time, its stylish and modern design gives your sauna an aesthetic appearance. In addition, it stands out with its functionality. This heater offers maximum efficiency by taking up minimal space and does not spoil the layout of your sauna area.<\/p>\n<h4><strong>Fast and Balanced Heating<\/strong><\/h4>\n<p>Helo Junior quickly heats your sauna with strong heating elements and distributes the temperature evenly. This feature ensures that your sauna sessions are always comfortable and enjoyable. The efficient performance of the heater helps you to reach the ideal temperature in a short time, so your standby time remains to a minimum.<\/p>\n<h4><strong>User Friendly Controls<\/strong><\/h4>\n<p>The Helo Junior Sauna Heater is equipped with easy-to-use control options. These controls, where you can easily adjust the temperature and time settings, allow you to personalize your sauna experience. With its simple interface, Helo Junior ensures that each session is adjusted to your preference.<\/p>\n<h4><strong>Durable and Reliable Structure<\/strong><\/h4>\n<p>Helo Junior is made with high-quality materials and offers long-lasting use. In addition, its durable construction guarantees the smooth operation of the heater even in harsh conditions. Helo Junior is the ideal solution for a safe and efficient sauna experience, making it a long-term investment.<\/p>\n<h4><strong>Easy Installation and Maintenance<\/strong><\/h4>\n<p>Besides its compact design, the installation of the Helo Junior Sauna Heater is also quite easy. The simple assembly process allows the heater to be ready for use quickly. In addition, the low maintenance requirements of Helo Junior save time and cost for users.<\/p>\n<\/div>\n<\/div>\n<\/div>\n<\/div>","protected":false},"excerpt":{"rendered":"<p>3 kW-Single phase<\/p>","protected":false},"featured_media":13420,"template":"","meta":[],"product_cat":[171],"product_tag":[],"class_list":{"0":"post-13418","1":"product","2":"type-product","3":"status-publish","4":"has-post-thumbnail","6":"product_cat-helo-sauna-isiticilar","8":"first","9":"instock","10":"shipping-taxable","11":"product-type-simple"},"yoast_head":"<!-- This site is optimized with the Yoast SEO Premium plugin v23.2 (Yoast SEO v23.2) - https:\/\/yoast.com\/wordpress\/plugins\/seo\/ -->\n<title>Helo Junior Sauna Is\u0131t\u0131c\u0131s\u0131 | Barrsell End\u00fcstri<\/title>\n<meta name=\"description\" content=\"Helo Junior Sauna Is\u0131t\u0131c\u0131s\u0131, k\u00fc\u00e7\u00fck ve orta \u00f6l\u00e7ekli saunalar i\u00e7in tasarlanm\u0131\u015f kompakt ama etkili bir \u0131s\u0131tma \u00e7\u00f6z\u00fcm\u00fcd\u00fcr. Bu \u0131s\u0131t\u0131c\u0131, s\u0131n\u0131rl\u0131 alanlar\" \/>\n<meta name=\"robots\" content=\"index, follow, max-snippet:-1, max-image-preview:large, max-video-preview:-1\" \/>\n<link rel=\"canonical\" href=\"https:\/\/barrsell.com\/en\/product\/helo-junior-sauna-heater\/\" \/>\n<meta property=\"og:locale\" content=\"en_US\" \/>\n<meta property=\"og:type\" content=\"article\" \/>\n<meta property=\"og:title\" content=\"Helo Junior Sauna Is\u0131t\u0131c\u0131s\u0131\" \/>\n<meta property=\"og:description\" content=\"Helo Junior Sauna Is\u0131t\u0131c\u0131s\u0131, k\u00fc\u00e7\u00fck ve orta \u00f6l\u00e7ekli saunalar i\u00e7in tasarlanm\u0131\u015f kompakt ama etkili bir \u0131s\u0131tma \u00e7\u00f6z\u00fcm\u00fcd\u00fcr. Bu \u0131s\u0131t\u0131c\u0131, s\u0131n\u0131rl\u0131 alanlar\" \/>\n<meta property=\"og:url\" content=\"https:\/\/barrsell.com\/en\/product\/helo-junior-sauna-heater\/\" \/>\n<meta property=\"og:site_name\" content=\"Barrsell\" \/>\n<meta property=\"article:modified_time\" content=\"2024-12-21T20:21:44+00:00\" \/>\n<meta property=\"og:image\" content=\"https:\/\/barrsell.com\/wp-content\/uploads\/2024\/08\/Helo-Junior-Sauna-Isiticisi.png\" \/>\n\t<meta property=\"og:image:width\" content=\"1200\" \/>\n\t<meta property=\"og:image:height\" content=\"1200\" \/>\n\t<meta property=\"og:image:type\" content=\"image\/png\" \/>\n<meta name=\"twitter:card\" content=\"summary_large_image\" \/>\n<meta name=\"twitter:label1\" content=\"Est. reading time\" \/>\n\t<meta name=\"twitter:data1\" content=\"3 minutes\" \/>\n<script type=\"application\/ld+json\" class=\"yoast-schema-graph\">{\"@context\":\"https:\/\/schema.org\",\"@graph\":[{\"@type\":\"WebPage\",\"@id\":\"https:\/\/barrsell.com\/urun\/helo-junior-sauna-isiticisi\/\",\"url\":\"https:\/\/barrsell.com\/urun\/helo-junior-sauna-isiticisi\/\",\"name\":\"Helo Junior Sauna Is\u0131t\u0131c\u0131s\u0131 | Barrsell End\u00fcstri\",\"isPartOf\":{\"@id\":\"https:\/\/barrsell.com\/#website\"},\"primaryImageOfPage\":{\"@id\":\"https:\/\/barrsell.com\/urun\/helo-junior-sauna-isiticisi\/#primaryimage\"},\"image\":{\"@id\":\"https:\/\/barrsell.com\/urun\/helo-junior-sauna-isiticisi\/#primaryimage\"},\"thumbnailUrl\":\"https:\/\/barrsell.com\/wp-content\/uploads\/2024\/08\/Helo-Junior-Sauna-Isiticisi.png\",\"datePublished\":\"2024-08-29T15:44:30+00:00\",\"dateModified\":\"2024-12-21T20:21:44+00:00\",\"description\":\"Helo Junior Sauna Is\u0131t\u0131c\u0131s\u0131, k\u00fc\u00e7\u00fck ve orta \u00f6l\u00e7ekli saunalar i\u00e7in tasarlanm\u0131\u015f kompakt ama etkili bir \u0131s\u0131tma \u00e7\u00f6z\u00fcm\u00fcd\u00fcr. Bu \u0131s\u0131t\u0131c\u0131, s\u0131n\u0131rl\u0131 alanlar\",\"breadcrumb\":{\"@id\":\"https:\/\/barrsell.com\/urun\/helo-junior-sauna-isiticisi\/#breadcrumb\"},\"inLanguage\":\"en-US\",\"potentialAction\":[{\"@type\":\"ReadAction\",\"target\":[\"https:\/\/barrsell.com\/urun\/helo-junior-sauna-isiticisi\/\"]}]},{\"@type\":\"ImageObject\",\"inLanguage\":\"en-US\",\"@id\":\"https:\/\/barrsell.com\/urun\/helo-junior-sauna-isiticisi\/#primaryimage\",\"url\":\"https:\/\/barrsell.com\/wp-content\/uploads\/2024\/08\/Helo-Junior-Sauna-Isiticisi.png\",\"contentUrl\":\"https:\/\/barrsell.com\/wp-content\/uploads\/2024\/08\/Helo-Junior-Sauna-Isiticisi.png\",\"width\":1200,\"height\":1200,\"caption\":\"Helo Junior Sauna Is\u0131t\u0131c\u0131s\u0131\"},{\"@type\":\"BreadcrumbList\",\"@id\":\"https:\/\/barrsell.com\/urun\/helo-junior-sauna-isiticisi\/#breadcrumb\",\"itemListElement\":[{\"@type\":\"ListItem\",\"position\":1,\"name\":\"Home\",\"item\":\"https:\/\/barrsell.com\/\"},{\"@type\":\"ListItem\",\"position\":2,\"name\":\"\u00dcr\u00fcnler\",\"item\":\"https:\/\/barrsell.com\/en\/products\/\"},{\"@type\":\"ListItem\",\"position\":3,\"name\":\"Helo Junior Sauna Is\u0131t\u0131c\u0131s\u0131\"}]},{\"@type\":\"WebSite\",\"@id\":\"https:\/\/barrsell.com\/#website\",\"url\":\"https:\/\/barrsell.com\/\",\"name\":\"Barrsell End\u00fcstri Makine\",\"description\":\"Teknolojiyle G\u00fc\u00e7lenen End\u00fcstriyel \u00c7\u00f6z\u00fcmler!\",\"potentialAction\":[{\"@type\":\"SearchAction\",\"target\":{\"@type\":\"EntryPoint\",\"urlTemplate\":\"https:\/\/barrsell.com\/?s={search_term_string}\"},\"query-input\":\"required name=search_term_string\"}],\"inLanguage\":\"en-US\"}]}<\/script>\n<!-- \/ Yoast SEO Premium plugin. -->","yoast_head_json":{"title":"Helo Junior Sauna Is\u0131t\u0131c\u0131s\u0131 | Barrsell End\u00fcstri","description":"Helo Junior Sauna Is\u0131t\u0131c\u0131s\u0131, k\u00fc\u00e7\u00fck ve orta \u00f6l\u00e7ekli saunalar i\u00e7in tasarlanm\u0131\u015f kompakt ama etkili bir \u0131s\u0131tma \u00e7\u00f6z\u00fcm\u00fcd\u00fcr. Bu \u0131s\u0131t\u0131c\u0131, s\u0131n\u0131rl\u0131 alanlar","robots":{"index":"index","follow":"follow","max-snippet":"max-snippet:-1","max-image-preview":"max-image-preview:large","max-video-preview":"max-video-preview:-1"},"canonical":"https:\/\/barrsell.com\/en\/product\/helo-junior-sauna-heater\/","og_locale":"en_US","og_type":"article","og_title":"Helo Junior Sauna Is\u0131t\u0131c\u0131s\u0131","og_description":"Helo Junior Sauna Is\u0131t\u0131c\u0131s\u0131, k\u00fc\u00e7\u00fck ve orta \u00f6l\u00e7ekli saunalar i\u00e7in tasarlanm\u0131\u015f kompakt ama etkili bir \u0131s\u0131tma \u00e7\u00f6z\u00fcm\u00fcd\u00fcr. Bu \u0131s\u0131t\u0131c\u0131, s\u0131n\u0131rl\u0131 alanlar","og_url":"https:\/\/barrsell.com\/en\/product\/helo-junior-sauna-heater\/","og_site_name":"Barrsell","article_modified_time":"2024-12-21T20:21:44+00:00","og_image":[{"width":1200,"height":1200,"url":"https:\/\/barrsell.com\/wp-content\/uploads\/2024\/08\/Helo-Junior-Sauna-Isiticisi.png","type":"image\/png"}],"twitter_card":"summary_large_image","twitter_misc":{"Est. reading time":"3 minutes"},"schema":{"@context":"https:\/\/schema.org","@graph":[{"@type":"WebPage","@id":"https:\/\/barrsell.com\/urun\/helo-junior-sauna-isiticisi\/","url":"https:\/\/barrsell.com\/urun\/helo-junior-sauna-isiticisi\/","name":"Helo Junior Sauna Is\u0131t\u0131c\u0131s\u0131 | Barrsell End\u00fcstri","isPartOf":{"@id":"https:\/\/barrsell.com\/#website"},"primaryImageOfPage":{"@id":"https:\/\/barrsell.com\/urun\/helo-junior-sauna-isiticisi\/#primaryimage"},"image":{"@id":"https:\/\/barrsell.com\/urun\/helo-junior-sauna-isiticisi\/#primaryimage"},"thumbnailUrl":"https:\/\/barrsell.com\/wp-content\/uploads\/2024\/08\/Helo-Junior-Sauna-Isiticisi.png","datePublished":"2024-08-29T15:44:30+00:00","dateModified":"2024-12-21T20:21:44+00:00","description":"Helo Junior Sauna Is\u0131t\u0131c\u0131s\u0131, k\u00fc\u00e7\u00fck ve orta \u00f6l\u00e7ekli saunalar i\u00e7in tasarlanm\u0131\u015f kompakt ama etkili bir \u0131s\u0131tma \u00e7\u00f6z\u00fcm\u00fcd\u00fcr. Bu \u0131s\u0131t\u0131c\u0131, s\u0131n\u0131rl\u0131 alanlar","breadcrumb":{"@id":"https:\/\/barrsell.com\/urun\/helo-junior-sauna-isiticisi\/#breadcrumb"},"inLanguage":"en-US","potentialAction":[{"@type":"ReadAction","target":["https:\/\/barrsell.com\/urun\/helo-junior-sauna-isiticisi\/"]}]},{"@type":"ImageObject","inLanguage":"en-US","@id":"https:\/\/barrsell.com\/urun\/helo-junior-sauna-isiticisi\/#primaryimage","url":"https:\/\/barrsell.com\/wp-content\/uploads\/2024\/08\/Helo-Junior-Sauna-Isiticisi.png","contentUrl":"https:\/\/barrsell.com\/wp-content\/uploads\/2024\/08\/Helo-Junior-Sauna-Isiticisi.png","width":1200,"height":1200,"caption":"Helo Junior Sauna Is\u0131t\u0131c\u0131s\u0131"},{"@type":"BreadcrumbList","@id":"https:\/\/barrsell.com\/urun\/helo-junior-sauna-isiticisi\/#breadcrumb","itemListElement":[{"@type":"ListItem","position":1,"name":"Home","item":"https:\/\/barrsell.com\/"},{"@type":"ListItem","position":2,"name":"\u00dcr\u00fcnler","item":"https:\/\/barrsell.com\/en\/products\/"},{"@type":"ListItem","position":3,"name":"Helo Junior Sauna Is\u0131t\u0131c\u0131s\u0131"}]},{"@type":"WebSite","@id":"https:\/\/barrsell.com\/#website","url":"https:\/\/barrsell.com\/","name":"Barrsell End\u00fcstri Makine","description":"Teknolojiyle G\u00fc\u00e7lenen End\u00fcstriyel \u00c7\u00f6z\u00fcmler!","potentialAction":[{"@type":"SearchAction","target":{"@type":"EntryPoint","urlTemplate":"https:\/\/barrsell.com\/?s={search_term_string}"},"query-input":"required name=search_term_string"}],"inLanguage":"en-US"}]}},"_links":{"self":[{"href":"https:\/\/barrsell.com\/en\/wp-json\/wp\/v2\/product\/13418","targetHints":{"allow":["GET"]}}],"collection":[{"href":"https:\/\/barrsell.com\/en\/wp-json\/wp\/v2\/product"}],"about":[{"href":"https:\/\/barrsell.com\/en\/wp-json\/wp\/v2\/types\/product"}],"version-history":[{"count":9,"href":"https:\/\/barrsell.com\/en\/wp-json\/wp\/v2\/product\/13418\/revisions"}],"predecessor-version":[{"id":19460,"href":"https:\/\/barrsell.com\/en\/wp-json\/wp\/v2\/product\/13418\/revisions\/19460"}],"wp:featuredmedia":[{"embeddable":true,"href":"https:\/\/barrsell.com\/en\/wp-json\/wp\/v2\/media\/13420"}],"wp:attachment":[{"href":"https:\/\/barrsell.com\/en\/wp-json\/wp\/v2\/media?parent=13418"}],"wp:term":[{"taxonomy":"product_cat","embeddable":true,"href":"https:\/\/barrsell.com\/en\/wp-json\/wp\/v2\/product_cat?post=13418"},{"taxonomy":"product_tag","embeddable":true,"href":"https:\/\/barrsell.com\/en\/wp-json\/wp\/v2\/product_tag?post=13418"}],"curies":[{"name":"wp","href":"https:\/\/api.w.org\/{rel}","templated":true}]}}