{"id":13399,"date":"2024-08-29T13:07:08","date_gmt":"2024-08-29T13:07:08","guid":{"rendered":"https:\/\/barrsell.com\/?post_type=product&#038;p=13399"},"modified":"2024-12-22T10:08:42","modified_gmt":"2024-12-22T10:08:42","slug":"hello-sl2-kontrol-unitesi","status":"publish","type":"product","link":"https:\/\/barrsell.com\/en\/product\/hello-sl2-control-unit\/","title":{"rendered":"Helo SL2 Control Unit"},"content":{"rendered":"<div class=\"flex max-w-full flex-col flex-grow\">\n<div class=\"min-h-[20px] text-message flex w-full flex-col items-end gap-2 break-words [.text-message+&amp;]:mt-5 overflow-x-auto whitespace-normal\" dir=\"auto\" data-message-author-role=\"assistant\" data-message-id=\"ae36c541-f0b9-4506-86a7-b4661ceff999\">\n<div class=\"flex w-full flex-col gap-1 empty:hidden first:pt-[3px]\">\n<div class=\"markdown prose w-full break-words dark:prose-invert light\">\n<h2>Helo SL2 Control Unit<\/h2>\n<p>Helo SL2 Controller is an innovative solution that combines your sauna experience with modern technology, offering a user-friendly interface and superior performance. This intelligent control unit allows you to easily manage all the functions of your sauna. The sauna maximizes your enjoyment. Ideal for use in both home and commercial environments, the Hello SL2 combines functionality, reliability and comfort.<\/p>\n<div id=\"attachment_19461\" style=\"width: 1034px\" class=\"wp-caption aligncenter\"><a href=\"https:\/\/barrsell.com\/wp-content\/uploads\/2024\/08\/Helo-SL2-Kontrol-Unitesi-2.jpg\"><img fetchpriority=\"high\" decoding=\"async\" aria-describedby=\"caption-attachment-19461\" class=\"wp-image-19461 size-large\" src=\"https:\/\/barrsell.com\/wp-content\/uploads\/2024\/08\/Helo-SL2-Kontrol-Unitesi-2-1024x683.jpg\" alt=\"\" width=\"1024\" height=\"683\" srcset=\"https:\/\/barrsell.com\/wp-content\/uploads\/2024\/08\/Helo-SL2-Kontrol-Unitesi-2-1024x683.jpg 1024w, https:\/\/barrsell.com\/wp-content\/uploads\/2024\/08\/Helo-SL2-Kontrol-Unitesi-2-300x200.jpg 300w, https:\/\/barrsell.com\/wp-content\/uploads\/2024\/08\/Helo-SL2-Kontrol-Unitesi-2-768x512.jpg 768w, https:\/\/barrsell.com\/wp-content\/uploads\/2024\/08\/Helo-SL2-Kontrol-Unitesi-2-18x12.jpg 18w, https:\/\/barrsell.com\/wp-content\/uploads\/2024\/08\/Helo-SL2-Kontrol-Unitesi-2-1200x800.jpg 1200w, https:\/\/barrsell.com\/wp-content\/uploads\/2024\/08\/Helo-SL2-Kontrol-Unitesi-2-150x100.jpg 150w, https:\/\/barrsell.com\/wp-content\/uploads\/2024\/08\/Helo-SL2-Kontrol-Unitesi-2.jpg 1500w\" sizes=\"(max-width: 1024px) 100vw, 1024px\" \/><\/a><p id=\"caption-attachment-19461\" class=\"wp-caption-text\">Helo SL2 Control Unit-2<\/p><\/div>\n<h4><strong>Ak\u0131ll\u0131 Teknoloji ile Kolay Kontrol<\/strong><\/h4>\n<p>Helo SL2 Control Unit allows you to manage the temperature, humidity, lighting and other important settings of your sauna in one place. Thanks to smart technology, you can precisely adjust the sauna settings and easily change them at any time. Also, thanks to this unit, you can achieve an environmentally friendly sauna experience by saving energy.<\/p>\n<h4><strong>User friendly interface<\/strong><\/h4>\n<p>Hello SL2 is equipped with a simple and intuitive user interface. Thanks to its large and easy-to-read display, you can instantly view the current state of your sauna. And you can make the necessary adjustments effortlessly. This feature offers a great advantage, especially for new users, because it allows them to enjoy the sauna without complicated settings.<\/p>\n<h4><strong>Reliable Performance and Durability<\/strong><\/h4>\n<p>Helo SL2 is designed to deliver reliable performance even in the most demanding sauna conditions. Thanks to its durable structure and high-quality materials, it provides a smooth operation for many years. This durability increases the safety and efficiency of your sauna, making it a long-term investment.<\/p>\n<h4><strong>Remote Access and Control<\/strong><\/h4>\n<p>Designed to suit modern lifestyles, the Hello SL2 is equipped with remote access features. You can remotely control your sauna through devices such as smartphones or tablets. You can also start programs that you have already set up. Or you can personalize your sauna experience. This flexibility provides an excellent solution for users with busy lifestyles.<\/p>\n<h4><strong>Economic Use with Energy Efficiency<\/strong><\/h4>\n<p>The Helo SL2 Control Unit is optimized to maximize energy savings. Thanks to its intelligent energy management system, it reduces unnecessary energy consumption and thus reduces your operating costs. This eco-friendly design also minimizes your environmental impact.<\/p>\n<h4><strong>Easy Installation and Integration<\/strong><\/h4>\n<p>The Helo SL2 can be easily integrated into your existing sauna system.\u00a0 The fast and hassle-free setup process improves the performance of your sauna and ensures a seamless usage experience. Furthermore, the Helo SL2 is compatible with various sauna brands and models, making it a versatile option.<\/p>\n<\/div>\n<\/div>\n<\/div>\n<\/div>\n<div class=\"mt-1 flex gap-3 empty:hidden -ml-2\">\n<div class=\"items-center justify-start rounded-xl p-1 flex\">\n<div class=\"flex items-center\">\n<div class=\"flex items-center pb-0\"><\/div>\n<\/div>\n<\/div>\n<\/div>","protected":false},"excerpt":{"rendered":"<p>Etki (kW) : 4.5 kW, 6 kW, 8 kW<\/p>\n<p>&nbsp;<\/p>","protected":false},"featured_media":13400,"template":"","meta":[],"product_cat":[234,173],"product_tag":[],"class_list":{"0":"post-13399","1":"product","2":"type-product","3":"status-publish","4":"has-post-thumbnail","6":"product_cat-sauna-kontrol-uniteleri","7":"product_cat-helo-kontrol-uniteleri","9":"first","10":"instock","11":"shipping-taxable","12":"product-type-simple"},"yoast_head":"<!-- This site is optimized with the Yoast SEO Premium plugin v23.2 (Yoast SEO v23.2) - https:\/\/yoast.com\/wordpress\/plugins\/seo\/ -->\n<title>Helo SL2 Kontrol \u00dcnitesi | Barrsell End\u00fcstri<\/title>\n<meta name=\"description\" content=\"Helo SL2 Kontrol \u00dcnitesi, sauna deneyiminizi modern teknolojiyle birle\u015ftirerek kullan\u0131c\u0131 dostu bir aray\u00fcz ve \u00fcst\u00fcn performans sunan yenilik\u00e7i bir \u00e7\u00f6z\u00fcmd\u00fcr.\" \/>\n<meta name=\"robots\" content=\"index, follow, max-snippet:-1, max-image-preview:large, max-video-preview:-1\" \/>\n<link rel=\"canonical\" href=\"https:\/\/barrsell.com\/en\/product\/hello-sl2-control-unit\/\" \/>\n<meta property=\"og:locale\" content=\"en_US\" \/>\n<meta property=\"og:type\" content=\"article\" \/>\n<meta property=\"og:title\" content=\"Helo SL2 Kontrol \u00dcnitesi\" \/>\n<meta property=\"og:description\" content=\"Helo SL2 Kontrol \u00dcnitesi, sauna deneyiminizi modern teknolojiyle birle\u015ftirerek kullan\u0131c\u0131 dostu bir aray\u00fcz ve \u00fcst\u00fcn performans sunan yenilik\u00e7i bir \u00e7\u00f6z\u00fcmd\u00fcr.\" \/>\n<meta property=\"og:url\" content=\"https:\/\/barrsell.com\/en\/product\/hello-sl2-control-unit\/\" \/>\n<meta property=\"og:site_name\" content=\"Barrsell\" \/>\n<meta property=\"article:modified_time\" content=\"2024-12-22T10:08:42+00:00\" \/>\n<meta property=\"og:image\" content=\"https:\/\/barrsell.com\/wp-content\/uploads\/2024\/08\/Hello-SL2-Kontrol-Unitesi.png\" \/>\n\t<meta property=\"og:image:width\" content=\"1200\" \/>\n\t<meta property=\"og:image:height\" content=\"1200\" \/>\n\t<meta property=\"og:image:type\" content=\"image\/png\" \/>\n<meta name=\"twitter:card\" content=\"summary_large_image\" \/>\n<meta name=\"twitter:label1\" content=\"Est. reading time\" \/>\n\t<meta name=\"twitter:data1\" content=\"3 minutes\" \/>\n<script type=\"application\/ld+json\" class=\"yoast-schema-graph\">{\"@context\":\"https:\/\/schema.org\",\"@graph\":[{\"@type\":\"WebPage\",\"@id\":\"https:\/\/barrsell.com\/urun\/hello-sl2-kontrol-unitesi\/\",\"url\":\"https:\/\/barrsell.com\/urun\/hello-sl2-kontrol-unitesi\/\",\"name\":\"Helo SL2 Kontrol \u00dcnitesi | Barrsell End\u00fcstri\",\"isPartOf\":{\"@id\":\"https:\/\/barrsell.com\/#website\"},\"primaryImageOfPage\":{\"@id\":\"https:\/\/barrsell.com\/urun\/hello-sl2-kontrol-unitesi\/#primaryimage\"},\"image\":{\"@id\":\"https:\/\/barrsell.com\/urun\/hello-sl2-kontrol-unitesi\/#primaryimage\"},\"thumbnailUrl\":\"https:\/\/barrsell.com\/wp-content\/uploads\/2024\/08\/Hello-SL2-Kontrol-Unitesi.png\",\"datePublished\":\"2024-08-29T13:07:08+00:00\",\"dateModified\":\"2024-12-22T10:08:42+00:00\",\"description\":\"Helo SL2 Kontrol \u00dcnitesi, sauna deneyiminizi modern teknolojiyle birle\u015ftirerek kullan\u0131c\u0131 dostu bir aray\u00fcz ve \u00fcst\u00fcn performans sunan yenilik\u00e7i bir \u00e7\u00f6z\u00fcmd\u00fcr.\",\"breadcrumb\":{\"@id\":\"https:\/\/barrsell.com\/urun\/hello-sl2-kontrol-unitesi\/#breadcrumb\"},\"inLanguage\":\"en-US\",\"potentialAction\":[{\"@type\":\"ReadAction\",\"target\":[\"https:\/\/barrsell.com\/urun\/hello-sl2-kontrol-unitesi\/\"]}]},{\"@type\":\"ImageObject\",\"inLanguage\":\"en-US\",\"@id\":\"https:\/\/barrsell.com\/urun\/hello-sl2-kontrol-unitesi\/#primaryimage\",\"url\":\"https:\/\/barrsell.com\/wp-content\/uploads\/2024\/08\/Hello-SL2-Kontrol-Unitesi.png\",\"contentUrl\":\"https:\/\/barrsell.com\/wp-content\/uploads\/2024\/08\/Hello-SL2-Kontrol-Unitesi.png\",\"width\":1200,\"height\":1200,\"caption\":\"Hello SL2 Kontrol \u00dcnitesi\"},{\"@type\":\"BreadcrumbList\",\"@id\":\"https:\/\/barrsell.com\/urun\/hello-sl2-kontrol-unitesi\/#breadcrumb\",\"itemListElement\":[{\"@type\":\"ListItem\",\"position\":1,\"name\":\"Home\",\"item\":\"https:\/\/barrsell.com\/\"},{\"@type\":\"ListItem\",\"position\":2,\"name\":\"\u00dcr\u00fcnler\",\"item\":\"https:\/\/barrsell.com\/en\/products\/\"},{\"@type\":\"ListItem\",\"position\":3,\"name\":\"Helo SL2 Kontrol \u00dcnitesi\"}]},{\"@type\":\"WebSite\",\"@id\":\"https:\/\/barrsell.com\/#website\",\"url\":\"https:\/\/barrsell.com\/\",\"name\":\"Barrsell End\u00fcstri Makine\",\"description\":\"Teknolojiyle G\u00fc\u00e7lenen End\u00fcstriyel \u00c7\u00f6z\u00fcmler!\",\"potentialAction\":[{\"@type\":\"SearchAction\",\"target\":{\"@type\":\"EntryPoint\",\"urlTemplate\":\"https:\/\/barrsell.com\/?s={search_term_string}\"},\"query-input\":\"required name=search_term_string\"}],\"inLanguage\":\"en-US\"}]}<\/script>\n<!-- \/ Yoast SEO Premium plugin. -->","yoast_head_json":{"title":"Helo SL2 Kontrol \u00dcnitesi | Barrsell End\u00fcstri","description":"Helo SL2 Kontrol \u00dcnitesi, sauna deneyiminizi modern teknolojiyle birle\u015ftirerek kullan\u0131c\u0131 dostu bir aray\u00fcz ve \u00fcst\u00fcn performans sunan yenilik\u00e7i bir \u00e7\u00f6z\u00fcmd\u00fcr.","robots":{"index":"index","follow":"follow","max-snippet":"max-snippet:-1","max-image-preview":"max-image-preview:large","max-video-preview":"max-video-preview:-1"},"canonical":"https:\/\/barrsell.com\/en\/product\/hello-sl2-control-unit\/","og_locale":"en_US","og_type":"article","og_title":"Helo SL2 Kontrol \u00dcnitesi","og_description":"Helo SL2 Kontrol \u00dcnitesi, sauna deneyiminizi modern teknolojiyle birle\u015ftirerek kullan\u0131c\u0131 dostu bir aray\u00fcz ve \u00fcst\u00fcn performans sunan yenilik\u00e7i bir \u00e7\u00f6z\u00fcmd\u00fcr.","og_url":"https:\/\/barrsell.com\/en\/product\/hello-sl2-control-unit\/","og_site_name":"Barrsell","article_modified_time":"2024-12-22T10:08:42+00:00","og_image":[{"width":1200,"height":1200,"url":"https:\/\/barrsell.com\/wp-content\/uploads\/2024\/08\/Hello-SL2-Kontrol-Unitesi.png","type":"image\/png"}],"twitter_card":"summary_large_image","twitter_misc":{"Est. reading time":"3 minutes"},"schema":{"@context":"https:\/\/schema.org","@graph":[{"@type":"WebPage","@id":"https:\/\/barrsell.com\/urun\/hello-sl2-kontrol-unitesi\/","url":"https:\/\/barrsell.com\/urun\/hello-sl2-kontrol-unitesi\/","name":"Helo SL2 Kontrol \u00dcnitesi | Barrsell End\u00fcstri","isPartOf":{"@id":"https:\/\/barrsell.com\/#website"},"primaryImageOfPage":{"@id":"https:\/\/barrsell.com\/urun\/hello-sl2-kontrol-unitesi\/#primaryimage"},"image":{"@id":"https:\/\/barrsell.com\/urun\/hello-sl2-kontrol-unitesi\/#primaryimage"},"thumbnailUrl":"https:\/\/barrsell.com\/wp-content\/uploads\/2024\/08\/Hello-SL2-Kontrol-Unitesi.png","datePublished":"2024-08-29T13:07:08+00:00","dateModified":"2024-12-22T10:08:42+00:00","description":"Helo SL2 Kontrol \u00dcnitesi, sauna deneyiminizi modern teknolojiyle birle\u015ftirerek kullan\u0131c\u0131 dostu bir aray\u00fcz ve \u00fcst\u00fcn performans sunan yenilik\u00e7i bir \u00e7\u00f6z\u00fcmd\u00fcr.","breadcrumb":{"@id":"https:\/\/barrsell.com\/urun\/hello-sl2-kontrol-unitesi\/#breadcrumb"},"inLanguage":"en-US","potentialAction":[{"@type":"ReadAction","target":["https:\/\/barrsell.com\/urun\/hello-sl2-kontrol-unitesi\/"]}]},{"@type":"ImageObject","inLanguage":"en-US","@id":"https:\/\/barrsell.com\/urun\/hello-sl2-kontrol-unitesi\/#primaryimage","url":"https:\/\/barrsell.com\/wp-content\/uploads\/2024\/08\/Hello-SL2-Kontrol-Unitesi.png","contentUrl":"https:\/\/barrsell.com\/wp-content\/uploads\/2024\/08\/Hello-SL2-Kontrol-Unitesi.png","width":1200,"height":1200,"caption":"Hello SL2 Kontrol \u00dcnitesi"},{"@type":"BreadcrumbList","@id":"https:\/\/barrsell.com\/urun\/hello-sl2-kontrol-unitesi\/#breadcrumb","itemListElement":[{"@type":"ListItem","position":1,"name":"Home","item":"https:\/\/barrsell.com\/"},{"@type":"ListItem","position":2,"name":"\u00dcr\u00fcnler","item":"https:\/\/barrsell.com\/en\/products\/"},{"@type":"ListItem","position":3,"name":"Helo SL2 Kontrol \u00dcnitesi"}]},{"@type":"WebSite","@id":"https:\/\/barrsell.com\/#website","url":"https:\/\/barrsell.com\/","name":"Barrsell End\u00fcstri Makine","description":"Teknolojiyle G\u00fc\u00e7lenen End\u00fcstriyel \u00c7\u00f6z\u00fcmler!","potentialAction":[{"@type":"SearchAction","target":{"@type":"EntryPoint","urlTemplate":"https:\/\/barrsell.com\/?s={search_term_string}"},"query-input":"required name=search_term_string"}],"inLanguage":"en-US"}]}},"_links":{"self":[{"href":"https:\/\/barrsell.com\/en\/wp-json\/wp\/v2\/product\/13399","targetHints":{"allow":["GET"]}}],"collection":[{"href":"https:\/\/barrsell.com\/en\/wp-json\/wp\/v2\/product"}],"about":[{"href":"https:\/\/barrsell.com\/en\/wp-json\/wp\/v2\/types\/product"}],"version-history":[{"count":6,"href":"https:\/\/barrsell.com\/en\/wp-json\/wp\/v2\/product\/13399\/revisions"}],"predecessor-version":[{"id":13402,"href":"https:\/\/barrsell.com\/en\/wp-json\/wp\/v2\/product\/13399\/revisions\/13402"}],"wp:featuredmedia":[{"embeddable":true,"href":"https:\/\/barrsell.com\/en\/wp-json\/wp\/v2\/media\/13400"}],"wp:attachment":[{"href":"https:\/\/barrsell.com\/en\/wp-json\/wp\/v2\/media?parent=13399"}],"wp:term":[{"taxonomy":"product_cat","embeddable":true,"href":"https:\/\/barrsell.com\/en\/wp-json\/wp\/v2\/product_cat?post=13399"},{"taxonomy":"product_tag","embeddable":true,"href":"https:\/\/barrsell.com\/en\/wp-json\/wp\/v2\/product_tag?post=13399"}],"curies":[{"name":"wp","href":"https:\/\/api.w.org\/{rel}","templated":true}]}}