{"id":13391,"date":"2024-08-29T12:28:21","date_gmt":"2024-08-29T12:28:21","guid":{"rendered":"https:\/\/barrsell.com\/?post_type=product&#038;p=13391"},"modified":"2024-12-22T10:18:50","modified_gmt":"2024-12-22T10:18:50","slug":"tulikivi-kontrol-paneli-kablosu","status":"publish","type":"product","link":"https:\/\/barrsell.com\/en\/product\/tulikivi-control-panel-cable\/","title":{"rendered":"Tulikivi Control Panel Cable SS1604"},"content":{"rendered":"<h2>Tulikivi Control Panel Cable SS1604<\/h2>\n<p>Tulikivi Control Panel Cable SS1604 is specially designed for sauna control panels.It is 6m connection cable. Provides reliable connection between the sauna control panel and the heating unit.<\/p>\n<p class=\" translation-block\"><strong>Cable Length<\/strong>: 6 meters long, this cable is especially ideal for large sauna rooms.\u00a0 And it also offers flexibility to the user.<\/p>\n<p class=\" translation-block\"><strong>Compliant<\/strong>: <a href=\"https:\/\/barrsell.com\/kategoriler\/sauna-isiticilari\/tulikivi-sauna-isiticilari\/\" target=\"_self\">Tulikivi\u2019<\/a>nin is compatible with various sauna control units. Fully integrated with sauna systems, ensuring accurate and reliable performance.<\/p>\n<p class=\" translation-block\"><strong>High Quality Material<\/strong>: Provides long-lasting use thanks to its durable exterior finish and is resistant to high temperature and humidity levels in the sauna environment.<\/p>\n<p class=\" translation-block\"><strong>Safe Connect<\/strong>: The cable offers stable and secure data transmission, allowing seamless communication between the sauna control panel and the heating unit.<\/p>","protected":false},"excerpt":{"rendered":"<p>6 M Cable<\/p>","protected":false},"featured_media":13392,"template":"","meta":[],"product_cat":[164],"product_tag":[],"class_list":{"0":"post-13391","1":"product","2":"type-product","3":"status-publish","4":"has-post-thumbnail","6":"product_cat-tulikivi-sauna-isiticilari-yedek-parcalari","8":"first","9":"instock","10":"shipping-taxable","11":"product-type-external"},"yoast_head":"<!-- This site is optimized with the Yoast SEO Premium plugin v23.2 (Yoast SEO v23.2) - https:\/\/yoast.com\/wordpress\/plugins\/seo\/ -->\n<title>Tulikivi Kontrol Paneli Kablosu SS1604 | Barrsell End\u00fcstri<\/title>\n<meta name=\"description\" content=\"Tulikivi Kontrol Paneli Kablosu SS1604\u00a0sauna kontrol paneli ile \u0131s\u0131tma \u00fcnitesi aras\u0131nda ba\u011flant\u0131 sa\u011flayan \u00f6zel olarak tasarlanm\u0131\u015f 6 m ba\u011flant\u0131 kablosudur.\" \/>\n<meta name=\"robots\" content=\"index, follow, max-snippet:-1, max-image-preview:large, max-video-preview:-1\" \/>\n<link rel=\"canonical\" href=\"https:\/\/barrsell.com\/en\/product\/tulikivi-control-panel-cable\/\" \/>\n<meta property=\"og:locale\" content=\"en_US\" \/>\n<meta property=\"og:type\" content=\"article\" \/>\n<meta property=\"og:title\" content=\"Tulikivi Kontrol Paneli Kablosu SS1604\" \/>\n<meta property=\"og:description\" content=\"Tulikivi Kontrol Paneli Kablosu SS1604\u00a0sauna kontrol paneli ile \u0131s\u0131tma \u00fcnitesi aras\u0131nda ba\u011flant\u0131 sa\u011flayan \u00f6zel olarak tasarlanm\u0131\u015f 6 m ba\u011flant\u0131 kablosudur.\" \/>\n<meta property=\"og:url\" content=\"https:\/\/barrsell.com\/en\/product\/tulikivi-control-panel-cable\/\" \/>\n<meta property=\"og:site_name\" content=\"Barrsell\" \/>\n<meta property=\"article:modified_time\" content=\"2024-12-22T10:18:50+00:00\" \/>\n<meta property=\"og:image\" content=\"https:\/\/barrsell.com\/wp-content\/uploads\/2024\/08\/Tulikivi-Kontrol-Paneli-Kablosu.png\" \/>\n\t<meta property=\"og:image:width\" content=\"1200\" \/>\n\t<meta property=\"og:image:height\" content=\"1200\" \/>\n\t<meta property=\"og:image:type\" content=\"image\/png\" \/>\n<meta name=\"twitter:card\" content=\"summary_large_image\" \/>\n<meta name=\"twitter:label1\" content=\"Est. reading time\" \/>\n\t<meta name=\"twitter:data1\" content=\"1 minute\" \/>\n<script type=\"application\/ld+json\" class=\"yoast-schema-graph\">{\"@context\":\"https:\/\/schema.org\",\"@graph\":[{\"@type\":\"WebPage\",\"@id\":\"https:\/\/barrsell.com\/urun\/tulikivi-kontrol-paneli-kablosu\/\",\"url\":\"https:\/\/barrsell.com\/urun\/tulikivi-kontrol-paneli-kablosu\/\",\"name\":\"Tulikivi Kontrol Paneli Kablosu SS1604 | Barrsell End\u00fcstri\",\"isPartOf\":{\"@id\":\"https:\/\/barrsell.com\/#website\"},\"primaryImageOfPage\":{\"@id\":\"https:\/\/barrsell.com\/urun\/tulikivi-kontrol-paneli-kablosu\/#primaryimage\"},\"image\":{\"@id\":\"https:\/\/barrsell.com\/urun\/tulikivi-kontrol-paneli-kablosu\/#primaryimage\"},\"thumbnailUrl\":\"https:\/\/barrsell.com\/wp-content\/uploads\/2024\/08\/Tulikivi-Kontrol-Paneli-Kablosu.png\",\"datePublished\":\"2024-08-29T12:28:21+00:00\",\"dateModified\":\"2024-12-22T10:18:50+00:00\",\"description\":\"Tulikivi Kontrol Paneli Kablosu SS1604\u00a0sauna kontrol paneli ile \u0131s\u0131tma \u00fcnitesi aras\u0131nda ba\u011flant\u0131 sa\u011flayan \u00f6zel olarak tasarlanm\u0131\u015f 6 m ba\u011flant\u0131 kablosudur.\",\"breadcrumb\":{\"@id\":\"https:\/\/barrsell.com\/urun\/tulikivi-kontrol-paneli-kablosu\/#breadcrumb\"},\"inLanguage\":\"en-US\",\"potentialAction\":[{\"@type\":\"ReadAction\",\"target\":[\"https:\/\/barrsell.com\/urun\/tulikivi-kontrol-paneli-kablosu\/\"]}]},{\"@type\":\"ImageObject\",\"inLanguage\":\"en-US\",\"@id\":\"https:\/\/barrsell.com\/urun\/tulikivi-kontrol-paneli-kablosu\/#primaryimage\",\"url\":\"https:\/\/barrsell.com\/wp-content\/uploads\/2024\/08\/Tulikivi-Kontrol-Paneli-Kablosu.png\",\"contentUrl\":\"https:\/\/barrsell.com\/wp-content\/uploads\/2024\/08\/Tulikivi-Kontrol-Paneli-Kablosu.png\",\"width\":1200,\"height\":1200,\"caption\":\"Tulikivi Kontrol Paneli Kablosu\"},{\"@type\":\"BreadcrumbList\",\"@id\":\"https:\/\/barrsell.com\/urun\/tulikivi-kontrol-paneli-kablosu\/#breadcrumb\",\"itemListElement\":[{\"@type\":\"ListItem\",\"position\":1,\"name\":\"Home\",\"item\":\"https:\/\/barrsell.com\/\"},{\"@type\":\"ListItem\",\"position\":2,\"name\":\"\u00dcr\u00fcnler\",\"item\":\"https:\/\/barrsell.com\/en\/products\/\"},{\"@type\":\"ListItem\",\"position\":3,\"name\":\"Tulikivi Kontrol Paneli Kablosu SS1604\"}]},{\"@type\":\"WebSite\",\"@id\":\"https:\/\/barrsell.com\/#website\",\"url\":\"https:\/\/barrsell.com\/\",\"name\":\"Barrsell End\u00fcstri Makine\",\"description\":\"Teknolojiyle G\u00fc\u00e7lenen End\u00fcstriyel \u00c7\u00f6z\u00fcmler!\",\"potentialAction\":[{\"@type\":\"SearchAction\",\"target\":{\"@type\":\"EntryPoint\",\"urlTemplate\":\"https:\/\/barrsell.com\/?s={search_term_string}\"},\"query-input\":\"required name=search_term_string\"}],\"inLanguage\":\"en-US\"}]}<\/script>\n<!-- \/ Yoast SEO Premium plugin. -->","yoast_head_json":{"title":"Tulikivi Kontrol Paneli Kablosu SS1604 | Barrsell End\u00fcstri","description":"Tulikivi Kontrol Paneli Kablosu SS1604\u00a0sauna kontrol paneli ile \u0131s\u0131tma \u00fcnitesi aras\u0131nda ba\u011flant\u0131 sa\u011flayan \u00f6zel olarak tasarlanm\u0131\u015f 6 m ba\u011flant\u0131 kablosudur.","robots":{"index":"index","follow":"follow","max-snippet":"max-snippet:-1","max-image-preview":"max-image-preview:large","max-video-preview":"max-video-preview:-1"},"canonical":"https:\/\/barrsell.com\/en\/product\/tulikivi-control-panel-cable\/","og_locale":"en_US","og_type":"article","og_title":"Tulikivi Kontrol Paneli Kablosu SS1604","og_description":"Tulikivi Kontrol Paneli Kablosu SS1604\u00a0sauna kontrol paneli ile \u0131s\u0131tma \u00fcnitesi aras\u0131nda ba\u011flant\u0131 sa\u011flayan \u00f6zel olarak tasarlanm\u0131\u015f 6 m ba\u011flant\u0131 kablosudur.","og_url":"https:\/\/barrsell.com\/en\/product\/tulikivi-control-panel-cable\/","og_site_name":"Barrsell","article_modified_time":"2024-12-22T10:18:50+00:00","og_image":[{"width":1200,"height":1200,"url":"https:\/\/barrsell.com\/wp-content\/uploads\/2024\/08\/Tulikivi-Kontrol-Paneli-Kablosu.png","type":"image\/png"}],"twitter_card":"summary_large_image","twitter_misc":{"Est. reading time":"1 minute"},"schema":{"@context":"https:\/\/schema.org","@graph":[{"@type":"WebPage","@id":"https:\/\/barrsell.com\/urun\/tulikivi-kontrol-paneli-kablosu\/","url":"https:\/\/barrsell.com\/urun\/tulikivi-kontrol-paneli-kablosu\/","name":"Tulikivi Kontrol Paneli Kablosu SS1604 | Barrsell End\u00fcstri","isPartOf":{"@id":"https:\/\/barrsell.com\/#website"},"primaryImageOfPage":{"@id":"https:\/\/barrsell.com\/urun\/tulikivi-kontrol-paneli-kablosu\/#primaryimage"},"image":{"@id":"https:\/\/barrsell.com\/urun\/tulikivi-kontrol-paneli-kablosu\/#primaryimage"},"thumbnailUrl":"https:\/\/barrsell.com\/wp-content\/uploads\/2024\/08\/Tulikivi-Kontrol-Paneli-Kablosu.png","datePublished":"2024-08-29T12:28:21+00:00","dateModified":"2024-12-22T10:18:50+00:00","description":"Tulikivi Kontrol Paneli Kablosu SS1604\u00a0sauna kontrol paneli ile \u0131s\u0131tma \u00fcnitesi aras\u0131nda ba\u011flant\u0131 sa\u011flayan \u00f6zel olarak tasarlanm\u0131\u015f 6 m ba\u011flant\u0131 kablosudur.","breadcrumb":{"@id":"https:\/\/barrsell.com\/urun\/tulikivi-kontrol-paneli-kablosu\/#breadcrumb"},"inLanguage":"en-US","potentialAction":[{"@type":"ReadAction","target":["https:\/\/barrsell.com\/urun\/tulikivi-kontrol-paneli-kablosu\/"]}]},{"@type":"ImageObject","inLanguage":"en-US","@id":"https:\/\/barrsell.com\/urun\/tulikivi-kontrol-paneli-kablosu\/#primaryimage","url":"https:\/\/barrsell.com\/wp-content\/uploads\/2024\/08\/Tulikivi-Kontrol-Paneli-Kablosu.png","contentUrl":"https:\/\/barrsell.com\/wp-content\/uploads\/2024\/08\/Tulikivi-Kontrol-Paneli-Kablosu.png","width":1200,"height":1200,"caption":"Tulikivi Kontrol Paneli Kablosu"},{"@type":"BreadcrumbList","@id":"https:\/\/barrsell.com\/urun\/tulikivi-kontrol-paneli-kablosu\/#breadcrumb","itemListElement":[{"@type":"ListItem","position":1,"name":"Home","item":"https:\/\/barrsell.com\/"},{"@type":"ListItem","position":2,"name":"\u00dcr\u00fcnler","item":"https:\/\/barrsell.com\/en\/products\/"},{"@type":"ListItem","position":3,"name":"Tulikivi Kontrol Paneli Kablosu SS1604"}]},{"@type":"WebSite","@id":"https:\/\/barrsell.com\/#website","url":"https:\/\/barrsell.com\/","name":"Barrsell End\u00fcstri Makine","description":"Teknolojiyle G\u00fc\u00e7lenen End\u00fcstriyel \u00c7\u00f6z\u00fcmler!","potentialAction":[{"@type":"SearchAction","target":{"@type":"EntryPoint","urlTemplate":"https:\/\/barrsell.com\/?s={search_term_string}"},"query-input":"required name=search_term_string"}],"inLanguage":"en-US"}]}},"_links":{"self":[{"href":"https:\/\/barrsell.com\/en\/wp-json\/wp\/v2\/product\/13391","targetHints":{"allow":["GET"]}}],"collection":[{"href":"https:\/\/barrsell.com\/en\/wp-json\/wp\/v2\/product"}],"about":[{"href":"https:\/\/barrsell.com\/en\/wp-json\/wp\/v2\/types\/product"}],"version-history":[{"count":5,"href":"https:\/\/barrsell.com\/en\/wp-json\/wp\/v2\/product\/13391\/revisions"}],"predecessor-version":[{"id":19465,"href":"https:\/\/barrsell.com\/en\/wp-json\/wp\/v2\/product\/13391\/revisions\/19465"}],"wp:featuredmedia":[{"embeddable":true,"href":"https:\/\/barrsell.com\/en\/wp-json\/wp\/v2\/media\/13392"}],"wp:attachment":[{"href":"https:\/\/barrsell.com\/en\/wp-json\/wp\/v2\/media?parent=13391"}],"wp:term":[{"taxonomy":"product_cat","embeddable":true,"href":"https:\/\/barrsell.com\/en\/wp-json\/wp\/v2\/product_cat?post=13391"},{"taxonomy":"product_tag","embeddable":true,"href":"https:\/\/barrsell.com\/en\/wp-json\/wp\/v2\/product_tag?post=13391"}],"curies":[{"name":"wp","href":"https:\/\/api.w.org\/{rel}","templated":true}]}}