{"id":13388,"date":"2024-08-29T12:20:20","date_gmt":"2024-08-29T12:20:20","guid":{"rendered":"https:\/\/barrsell.com\/?post_type=product&#038;p=13388"},"modified":"2024-12-22T10:25:15","modified_gmt":"2024-12-22T10:25:15","slug":"tulikivi-tas-sicaklik-kontrolu","status":"publish","type":"product","link":"https:\/\/barrsell.com\/en\/product\/tulikivi-stone-temperature-control\/","title":{"rendered":"Tulikivi Stone Temperature Control"},"content":{"rendered":"<h2>Tulikivi Stone Temperature Control SS145: Maximum Comfort With Precision Heat Management<\/h2>\n<p>Tulikivi Stone Temperature Control SS145 is an innovative solution that provides excellent temperature control in your sauna. This advanced controller, especially used in stony sauna systems, allows you to precisely adjust and manage the temperature levels of your sauna. Suitable for both home and commercial use. With its superior performance and user-friendly features, it maximizes your sauna experience.<\/p>\n<h3><strong>Maximum Comfort With Precise Temperature Control<\/strong><\/h3>\n<p>The Tulikivi SS145 precisely provides temperature management in stony sauna systems. This controller adjusts the temperature levels of your sauna accurately and reliably, creating an ideal temperature environment at all times. Thanks to its precise setting options, it optimizes your personal comfort and allows you to fully personalize your sauna experience.<\/p>\n<h3><strong>Advanced Technology and User-Friendly Interface<\/strong><\/h3>\n<p>The SS145 is a control device equipped with modern technology. Its user-friendly interface allows you to easily adjust the temperature settings of your sauna. Thanks to its screened and intuitive controls, you can adjust the temperature levels quickly and precisely. This makes the use of your sauna more comfortable and practical.<\/p>","protected":false},"excerpt":{"rendered":"<div class=\"flex max-w-full flex-col flex-grow\">\n<div class=\"min-h-8 text-message flex w-full flex-col items-end gap-2 whitespace-normal break-words text-start [.text-message+&amp;]:mt-5\" dir=\"auto\" data-message-author-role=\"assistant\" data-message-id=\"c81a9682-9ec7-458e-b04e-a2774f1554c4\" data-message-model-slug=\"gpt-4o\">\n<div class=\"flex w-full flex-col gap-1 empty:hidden first:pt-[3px]\">\n<div class=\"markdown prose w-full break-words dark:prose-invert light\">\n<p>In the models of the sauna stove Tulikivi SS036, SS037 and SS038, the use of thermal regulator sensor for separate stone compartment.<\/p>\n<\/div>\n<\/div>\n<\/div>\n<\/div>","protected":false},"featured_media":13389,"template":"","meta":[],"product_cat":[164],"product_tag":[],"class_list":{"0":"post-13388","1":"product","2":"type-product","3":"status-publish","4":"has-post-thumbnail","6":"product_cat-tulikivi-sauna-isiticilari-yedek-parcalari","8":"first","9":"instock","10":"shipping-taxable","11":"purchasable","12":"product-type-simple"},"yoast_head":"<!-- This site is optimized with the Yoast SEO Premium plugin v23.2 (Yoast SEO v23.2) - https:\/\/yoast.com\/wordpress\/plugins\/seo\/ -->\n<title>Tulikivi Ta\u015f S\u0131cakl\u0131k Kontrol\u00fc | Barrsell End\u00fcstri<\/title>\n<meta name=\"description\" content=\"Tulikivi Ta\u015f S\u0131cakl\u0131k Kontrol\u00fc SS145, saunan\u0131zda m\u00fckemmel s\u0131cakl\u0131k kontrol\u00fc sa\u011flayan yenilik\u00e7i bir \u00e7\u00f6z\u00fcmd\u00fcr. \u00d6zellikle ta\u015fl\u0131 sauna sistemlerinde\" \/>\n<meta name=\"robots\" content=\"index, follow, max-snippet:-1, max-image-preview:large, max-video-preview:-1\" \/>\n<link rel=\"canonical\" href=\"https:\/\/barrsell.com\/en\/product\/tulikivi-stone-temperature-control\/\" \/>\n<meta property=\"og:locale\" content=\"en_US\" \/>\n<meta property=\"og:type\" content=\"article\" \/>\n<meta property=\"og:title\" content=\"Tulikivi Ta\u015f S\u0131cakl\u0131k Kontrol\u00fc\" \/>\n<meta property=\"og:description\" content=\"Tulikivi Ta\u015f S\u0131cakl\u0131k Kontrol\u00fc SS145, saunan\u0131zda m\u00fckemmel s\u0131cakl\u0131k kontrol\u00fc sa\u011flayan yenilik\u00e7i bir \u00e7\u00f6z\u00fcmd\u00fcr. \u00d6zellikle ta\u015fl\u0131 sauna sistemlerinde\" \/>\n<meta property=\"og:url\" content=\"https:\/\/barrsell.com\/en\/product\/tulikivi-stone-temperature-control\/\" \/>\n<meta property=\"og:site_name\" content=\"Barrsell\" \/>\n<meta property=\"article:modified_time\" content=\"2024-12-22T10:25:15+00:00\" \/>\n<meta property=\"og:image\" content=\"https:\/\/barrsell.com\/wp-content\/uploads\/2024\/08\/Tulikivi-Tas-Sicaklik-Kontrolu.png\" \/>\n\t<meta property=\"og:image:width\" content=\"1200\" \/>\n\t<meta property=\"og:image:height\" content=\"1200\" \/>\n\t<meta property=\"og:image:type\" content=\"image\/png\" \/>\n<meta name=\"twitter:card\" content=\"summary_large_image\" \/>\n<meta name=\"twitter:label1\" content=\"Est. reading time\" \/>\n\t<meta name=\"twitter:data1\" content=\"2 minutes\" \/>\n<script type=\"application\/ld+json\" class=\"yoast-schema-graph\">{\"@context\":\"https:\/\/schema.org\",\"@graph\":[{\"@type\":\"WebPage\",\"@id\":\"https:\/\/barrsell.com\/urun\/tulikivi-tas-sicaklik-kontrolu\/\",\"url\":\"https:\/\/barrsell.com\/urun\/tulikivi-tas-sicaklik-kontrolu\/\",\"name\":\"Tulikivi Ta\u015f S\u0131cakl\u0131k Kontrol\u00fc | Barrsell End\u00fcstri\",\"isPartOf\":{\"@id\":\"https:\/\/barrsell.com\/#website\"},\"primaryImageOfPage\":{\"@id\":\"https:\/\/barrsell.com\/urun\/tulikivi-tas-sicaklik-kontrolu\/#primaryimage\"},\"image\":{\"@id\":\"https:\/\/barrsell.com\/urun\/tulikivi-tas-sicaklik-kontrolu\/#primaryimage\"},\"thumbnailUrl\":\"https:\/\/barrsell.com\/wp-content\/uploads\/2024\/08\/Tulikivi-Tas-Sicaklik-Kontrolu.png\",\"datePublished\":\"2024-08-29T12:20:20+00:00\",\"dateModified\":\"2024-12-22T10:25:15+00:00\",\"description\":\"Tulikivi Ta\u015f S\u0131cakl\u0131k Kontrol\u00fc SS145, saunan\u0131zda m\u00fckemmel s\u0131cakl\u0131k kontrol\u00fc sa\u011flayan yenilik\u00e7i bir \u00e7\u00f6z\u00fcmd\u00fcr. \u00d6zellikle ta\u015fl\u0131 sauna sistemlerinde\",\"breadcrumb\":{\"@id\":\"https:\/\/barrsell.com\/urun\/tulikivi-tas-sicaklik-kontrolu\/#breadcrumb\"},\"inLanguage\":\"en-US\",\"potentialAction\":[{\"@type\":\"ReadAction\",\"target\":[\"https:\/\/barrsell.com\/urun\/tulikivi-tas-sicaklik-kontrolu\/\"]}]},{\"@type\":\"ImageObject\",\"inLanguage\":\"en-US\",\"@id\":\"https:\/\/barrsell.com\/urun\/tulikivi-tas-sicaklik-kontrolu\/#primaryimage\",\"url\":\"https:\/\/barrsell.com\/wp-content\/uploads\/2024\/08\/Tulikivi-Tas-Sicaklik-Kontrolu.png\",\"contentUrl\":\"https:\/\/barrsell.com\/wp-content\/uploads\/2024\/08\/Tulikivi-Tas-Sicaklik-Kontrolu.png\",\"width\":1200,\"height\":1200,\"caption\":\"Tulikivi Ta\u015f S\u0131cakl\u0131k Kontrol\u00fc\"},{\"@type\":\"BreadcrumbList\",\"@id\":\"https:\/\/barrsell.com\/urun\/tulikivi-tas-sicaklik-kontrolu\/#breadcrumb\",\"itemListElement\":[{\"@type\":\"ListItem\",\"position\":1,\"name\":\"Home\",\"item\":\"https:\/\/barrsell.com\/\"},{\"@type\":\"ListItem\",\"position\":2,\"name\":\"\u00dcr\u00fcnler\",\"item\":\"https:\/\/barrsell.com\/en\/products\/\"},{\"@type\":\"ListItem\",\"position\":3,\"name\":\"Tulikivi Ta\u015f S\u0131cakl\u0131k Kontrol\u00fc\"}]},{\"@type\":\"WebSite\",\"@id\":\"https:\/\/barrsell.com\/#website\",\"url\":\"https:\/\/barrsell.com\/\",\"name\":\"Barrsell End\u00fcstri Makine\",\"description\":\"Teknolojiyle G\u00fc\u00e7lenen End\u00fcstriyel \u00c7\u00f6z\u00fcmler!\",\"potentialAction\":[{\"@type\":\"SearchAction\",\"target\":{\"@type\":\"EntryPoint\",\"urlTemplate\":\"https:\/\/barrsell.com\/?s={search_term_string}\"},\"query-input\":\"required name=search_term_string\"}],\"inLanguage\":\"en-US\"}]}<\/script>\n<!-- \/ Yoast SEO Premium plugin. -->","yoast_head_json":{"title":"Tulikivi Ta\u015f S\u0131cakl\u0131k Kontrol\u00fc | Barrsell End\u00fcstri","description":"Tulikivi Ta\u015f S\u0131cakl\u0131k Kontrol\u00fc SS145, saunan\u0131zda m\u00fckemmel s\u0131cakl\u0131k kontrol\u00fc sa\u011flayan yenilik\u00e7i bir \u00e7\u00f6z\u00fcmd\u00fcr. \u00d6zellikle ta\u015fl\u0131 sauna sistemlerinde","robots":{"index":"index","follow":"follow","max-snippet":"max-snippet:-1","max-image-preview":"max-image-preview:large","max-video-preview":"max-video-preview:-1"},"canonical":"https:\/\/barrsell.com\/en\/product\/tulikivi-stone-temperature-control\/","og_locale":"en_US","og_type":"article","og_title":"Tulikivi Ta\u015f S\u0131cakl\u0131k Kontrol\u00fc","og_description":"Tulikivi Ta\u015f S\u0131cakl\u0131k Kontrol\u00fc SS145, saunan\u0131zda m\u00fckemmel s\u0131cakl\u0131k kontrol\u00fc sa\u011flayan yenilik\u00e7i bir \u00e7\u00f6z\u00fcmd\u00fcr. \u00d6zellikle ta\u015fl\u0131 sauna sistemlerinde","og_url":"https:\/\/barrsell.com\/en\/product\/tulikivi-stone-temperature-control\/","og_site_name":"Barrsell","article_modified_time":"2024-12-22T10:25:15+00:00","og_image":[{"width":1200,"height":1200,"url":"https:\/\/barrsell.com\/wp-content\/uploads\/2024\/08\/Tulikivi-Tas-Sicaklik-Kontrolu.png","type":"image\/png"}],"twitter_card":"summary_large_image","twitter_misc":{"Est. reading time":"2 minutes"},"schema":{"@context":"https:\/\/schema.org","@graph":[{"@type":"WebPage","@id":"https:\/\/barrsell.com\/urun\/tulikivi-tas-sicaklik-kontrolu\/","url":"https:\/\/barrsell.com\/urun\/tulikivi-tas-sicaklik-kontrolu\/","name":"Tulikivi Ta\u015f S\u0131cakl\u0131k Kontrol\u00fc | Barrsell End\u00fcstri","isPartOf":{"@id":"https:\/\/barrsell.com\/#website"},"primaryImageOfPage":{"@id":"https:\/\/barrsell.com\/urun\/tulikivi-tas-sicaklik-kontrolu\/#primaryimage"},"image":{"@id":"https:\/\/barrsell.com\/urun\/tulikivi-tas-sicaklik-kontrolu\/#primaryimage"},"thumbnailUrl":"https:\/\/barrsell.com\/wp-content\/uploads\/2024\/08\/Tulikivi-Tas-Sicaklik-Kontrolu.png","datePublished":"2024-08-29T12:20:20+00:00","dateModified":"2024-12-22T10:25:15+00:00","description":"Tulikivi Ta\u015f S\u0131cakl\u0131k Kontrol\u00fc SS145, saunan\u0131zda m\u00fckemmel s\u0131cakl\u0131k kontrol\u00fc sa\u011flayan yenilik\u00e7i bir \u00e7\u00f6z\u00fcmd\u00fcr. \u00d6zellikle ta\u015fl\u0131 sauna sistemlerinde","breadcrumb":{"@id":"https:\/\/barrsell.com\/urun\/tulikivi-tas-sicaklik-kontrolu\/#breadcrumb"},"inLanguage":"en-US","potentialAction":[{"@type":"ReadAction","target":["https:\/\/barrsell.com\/urun\/tulikivi-tas-sicaklik-kontrolu\/"]}]},{"@type":"ImageObject","inLanguage":"en-US","@id":"https:\/\/barrsell.com\/urun\/tulikivi-tas-sicaklik-kontrolu\/#primaryimage","url":"https:\/\/barrsell.com\/wp-content\/uploads\/2024\/08\/Tulikivi-Tas-Sicaklik-Kontrolu.png","contentUrl":"https:\/\/barrsell.com\/wp-content\/uploads\/2024\/08\/Tulikivi-Tas-Sicaklik-Kontrolu.png","width":1200,"height":1200,"caption":"Tulikivi Ta\u015f S\u0131cakl\u0131k Kontrol\u00fc"},{"@type":"BreadcrumbList","@id":"https:\/\/barrsell.com\/urun\/tulikivi-tas-sicaklik-kontrolu\/#breadcrumb","itemListElement":[{"@type":"ListItem","position":1,"name":"Home","item":"https:\/\/barrsell.com\/"},{"@type":"ListItem","position":2,"name":"\u00dcr\u00fcnler","item":"https:\/\/barrsell.com\/en\/products\/"},{"@type":"ListItem","position":3,"name":"Tulikivi Ta\u015f S\u0131cakl\u0131k Kontrol\u00fc"}]},{"@type":"WebSite","@id":"https:\/\/barrsell.com\/#website","url":"https:\/\/barrsell.com\/","name":"Barrsell End\u00fcstri Makine","description":"Teknolojiyle G\u00fc\u00e7lenen End\u00fcstriyel \u00c7\u00f6z\u00fcmler!","potentialAction":[{"@type":"SearchAction","target":{"@type":"EntryPoint","urlTemplate":"https:\/\/barrsell.com\/?s={search_term_string}"},"query-input":"required name=search_term_string"}],"inLanguage":"en-US"}]}},"_links":{"self":[{"href":"https:\/\/barrsell.com\/en\/wp-json\/wp\/v2\/product\/13388","targetHints":{"allow":["GET"]}}],"collection":[{"href":"https:\/\/barrsell.com\/en\/wp-json\/wp\/v2\/product"}],"about":[{"href":"https:\/\/barrsell.com\/en\/wp-json\/wp\/v2\/types\/product"}],"version-history":[{"count":5,"href":"https:\/\/barrsell.com\/en\/wp-json\/wp\/v2\/product\/13388\/revisions"}],"predecessor-version":[{"id":19466,"href":"https:\/\/barrsell.com\/en\/wp-json\/wp\/v2\/product\/13388\/revisions\/19466"}],"wp:featuredmedia":[{"embeddable":true,"href":"https:\/\/barrsell.com\/en\/wp-json\/wp\/v2\/media\/13389"}],"wp:attachment":[{"href":"https:\/\/barrsell.com\/en\/wp-json\/wp\/v2\/media?parent=13388"}],"wp:term":[{"taxonomy":"product_cat","embeddable":true,"href":"https:\/\/barrsell.com\/en\/wp-json\/wp\/v2\/product_cat?post=13388"},{"taxonomy":"product_tag","embeddable":true,"href":"https:\/\/barrsell.com\/en\/wp-json\/wp\/v2\/product_tag?post=13388"}],"curies":[{"name":"wp","href":"https:\/\/api.w.org\/{rel}","templated":true}]}}