{"id":13382,"date":"2024-08-29T12:11:36","date_gmt":"2024-08-29T12:11:36","guid":{"rendered":"https:\/\/barrsell.com\/?post_type=product&#038;p=13382"},"modified":"2024-12-22T10:48:07","modified_gmt":"2024-12-22T10:48:07","slug":"tulikivi-isitma-elemani-3500-w","status":"publish","type":"product","link":"https:\/\/barrsell.com\/en\/product\/tulikivi-heating-element-3500-w\/","title":{"rendered":"Tulikivi Heating Element 3500 W"},"content":{"rendered":"<div class=\"flex max-w-full flex-col flex-grow\">\n<div class=\"min-h-[20px] text-message flex w-full flex-col items-end gap-2 break-words [.text-message+&amp;]:mt-5 overflow-x-auto whitespace-normal\" dir=\"auto\" data-message-author-role=\"assistant\" data-message-id=\"a5dd35bc-b016-4d3a-b36c-0b5741e39389\">\n<div class=\"flex w-full flex-col gap-1 empty:hidden first:pt-[3px]\">\n<div class=\"markdown prose w-full break-words dark:prose-invert light\">\n<h2>Tulikivi Heating Element 3500 W<\/h2>\n<p>Tulikivi Heating Element is one of the most powerful heating solutions designed for those looking for high performance and efficiency in your 3500 W sauna. With its impressive power of 3500 watts, it provides fast and effective heating even in large areas. Ideal for both home and commercial sauna systems. It also offers excellent temperature control and energy efficiency, taking your sauna experience to the next level.<\/p>\n<h3>Technical Specifications<\/h3>\n<table>\n<thead>\n<tr>\n<th><strong>Feature<\/strong><\/th>\n<th><strong>Details<\/strong><\/th>\n<\/tr>\n<\/thead>\n<tbody>\n<tr>\n<td><strong>Model name<\/strong><\/td>\n<td>TKV03,<\/td>\n<\/tr>\n<tr>\n<td><strong>Power\/Voltage<\/strong><\/td>\n<td>3,0 kW<\/td>\n<\/tr>\n<tr>\n<td><strong>\u0130mplementation models<\/strong><\/td>\n<td>10,5 kW: Huurre, Kuura 1, Kuura 2, Naava, Nuoska, Riite, Sumu E, Sumu ST, Tuisku<\/td>\n<\/tr>\n<tr>\n<td><strong>Size Width<\/strong><\/td>\n<td>Unspecified<\/td>\n<\/tr>\n<tr>\n<td><strong>Size Height<\/strong><\/td>\n<td>Unspecified<\/td>\n<\/tr>\n<tr>\n<td><strong>Additional information<\/strong><\/td>\n<td>SS060\/Universal<\/td>\n<\/tr>\n<\/tbody>\n<\/table>\n<div id=\"attachment_19471\" style=\"width: 510px\" class=\"wp-caption alignnone\"><a href=\"https:\/\/barrsell.com\/wp-content\/uploads\/2024\/08\/Tulikivi-Isitma-Elemani-3500-W-2.png\"><img fetchpriority=\"high\" decoding=\"async\" aria-describedby=\"caption-attachment-19471\" class=\"wp-image-19471\" src=\"https:\/\/barrsell.com\/wp-content\/uploads\/2024\/08\/Tulikivi-Isitma-Elemani-3500-W-2-1024x1024.png\" alt=\"\" width=\"500\" height=\"500\" srcset=\"https:\/\/barrsell.com\/wp-content\/uploads\/2024\/08\/Tulikivi-Isitma-Elemani-3500-W-2-1024x1024.png 1024w, https:\/\/barrsell.com\/wp-content\/uploads\/2024\/08\/Tulikivi-Isitma-Elemani-3500-W-2-300x300.png 300w, https:\/\/barrsell.com\/wp-content\/uploads\/2024\/08\/Tulikivi-Isitma-Elemani-3500-W-2-150x150.png 150w, https:\/\/barrsell.com\/wp-content\/uploads\/2024\/08\/Tulikivi-Isitma-Elemani-3500-W-2-768x768.png 768w, https:\/\/barrsell.com\/wp-content\/uploads\/2024\/08\/Tulikivi-Isitma-Elemani-3500-W-2-12x12.png 12w, https:\/\/barrsell.com\/wp-content\/uploads\/2024\/08\/Tulikivi-Isitma-Elemani-3500-W-2-600x600.png 600w, https:\/\/barrsell.com\/wp-content\/uploads\/2024\/08\/Tulikivi-Isitma-Elemani-3500-W-2-50x50.png 50w, https:\/\/barrsell.com\/wp-content\/uploads\/2024\/08\/Tulikivi-Isitma-Elemani-3500-W-2-100x100.png 100w, https:\/\/barrsell.com\/wp-content\/uploads\/2024\/08\/Tulikivi-Isitma-Elemani-3500-W-2.png 1200w\" sizes=\"(max-width: 500px) 100vw, 500px\" \/><\/a><p id=\"caption-attachment-19471\" class=\"wp-caption-text\">Tulikivi Heating Element 3500 W-2<\/p><\/div>\n<h4><strong>Tulikivi Heating Element Fast Temperature Rise With Effective Heating Performance<\/strong><\/h4>\n<p>Provides an even and fast heating in every corner of your sauna. At the same time, thanks to the high power capacity of 3500 watts, a rapid temperature increase even in large sauna areas. This powerful performance creates a comfortable temperature environment in your sauna while minimizing the waiting time for users.<\/p>\n<h4><strong>Energy Efficiency and Economic Use<\/strong><\/h4>\n<p>This element is equipped with modern technology to maximize energy efficiency. The Tulikivi 3500W optimizes energy consumption. Thus, it prevents unnecessary energy waste and also reduces your operating costs. In addition, it reduces the environmental impact. Provides long-term savings by offering an economical and environmentally friendly use.<\/p>\n<h4><strong>Durable and Reliable Structure<\/strong><\/h4>\n<p>Tulikivi Heating Element 3500W is made up of high quality materials and also withstands harsh sauna conditions. Thanks to its long-lasting performance and reliable structure, it ensures that your sauna runs smoothly for a long time. At the same time, this durability offers long-term use, improving the safety and efficiency of your sauna.<\/p>\n<h4><\/h4>\n<\/div>\n<\/div>\n<\/div>\n<\/div>\n<div class=\"mt-1 flex gap-3 empty:hidden -ml-2\">\n<div class=\"items-center justify-start rounded-xl p-1 flex\">\n<div class=\"flex items-center\">\n<div class=\"flex items-center pb-0\"><\/div>\n<\/div>\n<\/div>\n<\/div>","protected":false},"excerpt":{"rendered":"<p><strong>Model Name: <\/strong>TKV03,<\/p>","protected":false},"featured_media":13385,"template":"","meta":[],"product_cat":[164],"product_tag":[],"class_list":{"0":"post-13382","1":"product","2":"type-product","3":"status-publish","4":"has-post-thumbnail","6":"product_cat-tulikivi-sauna-isiticilari-yedek-parcalari","8":"first","9":"instock","10":"shipping-taxable","11":"product-type-simple"},"yoast_head":"<!-- This site is optimized with the Yoast SEO Premium plugin v23.2 (Yoast SEO v23.2) - https:\/\/yoast.com\/wordpress\/plugins\/seo\/ -->\n<title>Tulikivi Is\u0131tma Eleman\u0131 3500 W | Barrsell End\u00fcstri<\/title>\n<meta name=\"description\" content=\"Tulikivi Is\u0131tma Eleman\u0131 3500W saunan\u0131zda y\u00fcksek performans ve verimlilik arayanlar i\u00e7in tasarlanm\u0131\u015f en g\u00fc\u00e7l\u00fc \u0131s\u0131tma \u00e7\u00f6z\u00fcmlerinden biridir\" \/>\n<meta name=\"robots\" content=\"index, follow, max-snippet:-1, max-image-preview:large, max-video-preview:-1\" \/>\n<link rel=\"canonical\" href=\"https:\/\/barrsell.com\/en\/product\/tulikivi-heating-element-3500-w\/\" \/>\n<meta property=\"og:locale\" content=\"en_US\" \/>\n<meta property=\"og:type\" content=\"article\" \/>\n<meta property=\"og:title\" content=\"Tulikivi Is\u0131tma Eleman\u0131 3500 W\" \/>\n<meta property=\"og:description\" content=\"Tulikivi Is\u0131tma Eleman\u0131 3500W saunan\u0131zda y\u00fcksek performans ve verimlilik arayanlar i\u00e7in tasarlanm\u0131\u015f en g\u00fc\u00e7l\u00fc \u0131s\u0131tma \u00e7\u00f6z\u00fcmlerinden biridir\" \/>\n<meta property=\"og:url\" content=\"https:\/\/barrsell.com\/en\/product\/tulikivi-heating-element-3500-w\/\" \/>\n<meta property=\"og:site_name\" content=\"Barrsell\" \/>\n<meta property=\"article:modified_time\" content=\"2024-12-22T10:48:07+00:00\" \/>\n<meta property=\"og:image\" content=\"https:\/\/barrsell.com\/wp-content\/uploads\/2024\/08\/Tulikivi-Isitma-Elemani-3500-Ww.png\" \/>\n\t<meta property=\"og:image:width\" content=\"1200\" \/>\n\t<meta property=\"og:image:height\" content=\"1200\" \/>\n\t<meta property=\"og:image:type\" content=\"image\/png\" \/>\n<meta name=\"twitter:card\" content=\"summary_large_image\" \/>\n<meta name=\"twitter:label1\" content=\"Est. reading time\" \/>\n\t<meta name=\"twitter:data1\" content=\"2 minutes\" \/>\n<script type=\"application\/ld+json\" class=\"yoast-schema-graph\">{\"@context\":\"https:\/\/schema.org\",\"@graph\":[{\"@type\":\"WebPage\",\"@id\":\"https:\/\/barrsell.com\/urun\/tulikivi-isitma-elemani-3500-w\/\",\"url\":\"https:\/\/barrsell.com\/urun\/tulikivi-isitma-elemani-3500-w\/\",\"name\":\"Tulikivi Is\u0131tma Eleman\u0131 3500 W | Barrsell End\u00fcstri\",\"isPartOf\":{\"@id\":\"https:\/\/barrsell.com\/#website\"},\"primaryImageOfPage\":{\"@id\":\"https:\/\/barrsell.com\/urun\/tulikivi-isitma-elemani-3500-w\/#primaryimage\"},\"image\":{\"@id\":\"https:\/\/barrsell.com\/urun\/tulikivi-isitma-elemani-3500-w\/#primaryimage\"},\"thumbnailUrl\":\"https:\/\/barrsell.com\/wp-content\/uploads\/2024\/08\/Tulikivi-Isitma-Elemani-3500-Ww.png\",\"datePublished\":\"2024-08-29T12:11:36+00:00\",\"dateModified\":\"2024-12-22T10:48:07+00:00\",\"description\":\"Tulikivi Is\u0131tma Eleman\u0131 3500W saunan\u0131zda y\u00fcksek performans ve verimlilik arayanlar i\u00e7in tasarlanm\u0131\u015f en g\u00fc\u00e7l\u00fc \u0131s\u0131tma \u00e7\u00f6z\u00fcmlerinden biridir\",\"breadcrumb\":{\"@id\":\"https:\/\/barrsell.com\/urun\/tulikivi-isitma-elemani-3500-w\/#breadcrumb\"},\"inLanguage\":\"en-US\",\"potentialAction\":[{\"@type\":\"ReadAction\",\"target\":[\"https:\/\/barrsell.com\/urun\/tulikivi-isitma-elemani-3500-w\/\"]}]},{\"@type\":\"ImageObject\",\"inLanguage\":\"en-US\",\"@id\":\"https:\/\/barrsell.com\/urun\/tulikivi-isitma-elemani-3500-w\/#primaryimage\",\"url\":\"https:\/\/barrsell.com\/wp-content\/uploads\/2024\/08\/Tulikivi-Isitma-Elemani-3500-Ww.png\",\"contentUrl\":\"https:\/\/barrsell.com\/wp-content\/uploads\/2024\/08\/Tulikivi-Isitma-Elemani-3500-Ww.png\",\"width\":1200,\"height\":1200,\"caption\":\"Tulikivi Is\u0131tma Eleman\u0131 3500 Ww\"},{\"@type\":\"BreadcrumbList\",\"@id\":\"https:\/\/barrsell.com\/urun\/tulikivi-isitma-elemani-3500-w\/#breadcrumb\",\"itemListElement\":[{\"@type\":\"ListItem\",\"position\":1,\"name\":\"Home\",\"item\":\"https:\/\/barrsell.com\/\"},{\"@type\":\"ListItem\",\"position\":2,\"name\":\"\u00dcr\u00fcnler\",\"item\":\"https:\/\/barrsell.com\/en\/products\/\"},{\"@type\":\"ListItem\",\"position\":3,\"name\":\"Tulikivi Is\u0131tma Eleman\u0131 3500 W\"}]},{\"@type\":\"WebSite\",\"@id\":\"https:\/\/barrsell.com\/#website\",\"url\":\"https:\/\/barrsell.com\/\",\"name\":\"Barrsell End\u00fcstri Makine\",\"description\":\"Teknolojiyle G\u00fc\u00e7lenen End\u00fcstriyel \u00c7\u00f6z\u00fcmler!\",\"potentialAction\":[{\"@type\":\"SearchAction\",\"target\":{\"@type\":\"EntryPoint\",\"urlTemplate\":\"https:\/\/barrsell.com\/?s={search_term_string}\"},\"query-input\":\"required name=search_term_string\"}],\"inLanguage\":\"en-US\"}]}<\/script>\n<!-- \/ Yoast SEO Premium plugin. -->","yoast_head_json":{"title":"Tulikivi Is\u0131tma Eleman\u0131 3500 W | Barrsell End\u00fcstri","description":"Tulikivi Is\u0131tma Eleman\u0131 3500W saunan\u0131zda y\u00fcksek performans ve verimlilik arayanlar i\u00e7in tasarlanm\u0131\u015f en g\u00fc\u00e7l\u00fc \u0131s\u0131tma \u00e7\u00f6z\u00fcmlerinden biridir","robots":{"index":"index","follow":"follow","max-snippet":"max-snippet:-1","max-image-preview":"max-image-preview:large","max-video-preview":"max-video-preview:-1"},"canonical":"https:\/\/barrsell.com\/en\/product\/tulikivi-heating-element-3500-w\/","og_locale":"en_US","og_type":"article","og_title":"Tulikivi Is\u0131tma Eleman\u0131 3500 W","og_description":"Tulikivi Is\u0131tma Eleman\u0131 3500W saunan\u0131zda y\u00fcksek performans ve verimlilik arayanlar i\u00e7in tasarlanm\u0131\u015f en g\u00fc\u00e7l\u00fc \u0131s\u0131tma \u00e7\u00f6z\u00fcmlerinden biridir","og_url":"https:\/\/barrsell.com\/en\/product\/tulikivi-heating-element-3500-w\/","og_site_name":"Barrsell","article_modified_time":"2024-12-22T10:48:07+00:00","og_image":[{"width":1200,"height":1200,"url":"https:\/\/barrsell.com\/wp-content\/uploads\/2024\/08\/Tulikivi-Isitma-Elemani-3500-Ww.png","type":"image\/png"}],"twitter_card":"summary_large_image","twitter_misc":{"Est. reading time":"2 minutes"},"schema":{"@context":"https:\/\/schema.org","@graph":[{"@type":"WebPage","@id":"https:\/\/barrsell.com\/urun\/tulikivi-isitma-elemani-3500-w\/","url":"https:\/\/barrsell.com\/urun\/tulikivi-isitma-elemani-3500-w\/","name":"Tulikivi Is\u0131tma Eleman\u0131 3500 W | Barrsell End\u00fcstri","isPartOf":{"@id":"https:\/\/barrsell.com\/#website"},"primaryImageOfPage":{"@id":"https:\/\/barrsell.com\/urun\/tulikivi-isitma-elemani-3500-w\/#primaryimage"},"image":{"@id":"https:\/\/barrsell.com\/urun\/tulikivi-isitma-elemani-3500-w\/#primaryimage"},"thumbnailUrl":"https:\/\/barrsell.com\/wp-content\/uploads\/2024\/08\/Tulikivi-Isitma-Elemani-3500-Ww.png","datePublished":"2024-08-29T12:11:36+00:00","dateModified":"2024-12-22T10:48:07+00:00","description":"Tulikivi Is\u0131tma Eleman\u0131 3500W saunan\u0131zda y\u00fcksek performans ve verimlilik arayanlar i\u00e7in tasarlanm\u0131\u015f en g\u00fc\u00e7l\u00fc \u0131s\u0131tma \u00e7\u00f6z\u00fcmlerinden biridir","breadcrumb":{"@id":"https:\/\/barrsell.com\/urun\/tulikivi-isitma-elemani-3500-w\/#breadcrumb"},"inLanguage":"en-US","potentialAction":[{"@type":"ReadAction","target":["https:\/\/barrsell.com\/urun\/tulikivi-isitma-elemani-3500-w\/"]}]},{"@type":"ImageObject","inLanguage":"en-US","@id":"https:\/\/barrsell.com\/urun\/tulikivi-isitma-elemani-3500-w\/#primaryimage","url":"https:\/\/barrsell.com\/wp-content\/uploads\/2024\/08\/Tulikivi-Isitma-Elemani-3500-Ww.png","contentUrl":"https:\/\/barrsell.com\/wp-content\/uploads\/2024\/08\/Tulikivi-Isitma-Elemani-3500-Ww.png","width":1200,"height":1200,"caption":"Tulikivi Is\u0131tma Eleman\u0131 3500 Ww"},{"@type":"BreadcrumbList","@id":"https:\/\/barrsell.com\/urun\/tulikivi-isitma-elemani-3500-w\/#breadcrumb","itemListElement":[{"@type":"ListItem","position":1,"name":"Home","item":"https:\/\/barrsell.com\/"},{"@type":"ListItem","position":2,"name":"\u00dcr\u00fcnler","item":"https:\/\/barrsell.com\/en\/products\/"},{"@type":"ListItem","position":3,"name":"Tulikivi Is\u0131tma Eleman\u0131 3500 W"}]},{"@type":"WebSite","@id":"https:\/\/barrsell.com\/#website","url":"https:\/\/barrsell.com\/","name":"Barrsell End\u00fcstri Makine","description":"Teknolojiyle G\u00fc\u00e7lenen End\u00fcstriyel \u00c7\u00f6z\u00fcmler!","potentialAction":[{"@type":"SearchAction","target":{"@type":"EntryPoint","urlTemplate":"https:\/\/barrsell.com\/?s={search_term_string}"},"query-input":"required name=search_term_string"}],"inLanguage":"en-US"}]}},"_links":{"self":[{"href":"https:\/\/barrsell.com\/en\/wp-json\/wp\/v2\/product\/13382","targetHints":{"allow":["GET"]}}],"collection":[{"href":"https:\/\/barrsell.com\/en\/wp-json\/wp\/v2\/product"}],"about":[{"href":"https:\/\/barrsell.com\/en\/wp-json\/wp\/v2\/types\/product"}],"version-history":[{"count":11,"href":"https:\/\/barrsell.com\/en\/wp-json\/wp\/v2\/product\/13382\/revisions"}],"predecessor-version":[{"id":19474,"href":"https:\/\/barrsell.com\/en\/wp-json\/wp\/v2\/product\/13382\/revisions\/19474"}],"wp:featuredmedia":[{"embeddable":true,"href":"https:\/\/barrsell.com\/en\/wp-json\/wp\/v2\/media\/13385"}],"wp:attachment":[{"href":"https:\/\/barrsell.com\/en\/wp-json\/wp\/v2\/media?parent=13382"}],"wp:term":[{"taxonomy":"product_cat","embeddable":true,"href":"https:\/\/barrsell.com\/en\/wp-json\/wp\/v2\/product_cat?post=13382"},{"taxonomy":"product_tag","embeddable":true,"href":"https:\/\/barrsell.com\/en\/wp-json\/wp\/v2\/product_tag?post=13382"}],"curies":[{"name":"wp","href":"https:\/\/api.w.org\/{rel}","templated":true}]}}