{"id":13377,"date":"2024-08-29T12:07:10","date_gmt":"2024-08-29T12:07:10","guid":{"rendered":"https:\/\/barrsell.com\/?post_type=product&#038;p=13377"},"modified":"2024-12-22T11:23:40","modified_gmt":"2024-12-22T11:23:40","slug":"tulikivi-isitma-elemani-3000w","status":"publish","type":"product","link":"https:\/\/barrsell.com\/en\/product\/brick-isitma-elemani-3000w\/","title":{"rendered":"Tulikivi Heating Element 3000W"},"content":{"rendered":"<div class=\"flex max-w-full flex-col flex-grow\">\n<div class=\"min-h-[20px] text-message flex w-full flex-col items-end gap-2 break-words [.text-message+&amp;]:mt-5 overflow-x-auto whitespace-normal\" dir=\"auto\" data-message-author-role=\"assistant\" data-message-id=\"e17b4d55-1481-4f80-ba2a-17a4ea196f05\">\n<div class=\"flex w-full flex-col gap-1 empty:hidden first:pt-[3px]\">\n<div class=\"markdown prose w-full break-words dark:prose-invert light\">\n<h2>Tulikivi Heating Element 3000W: Sauna Pleasure With Superior Power and Efficiency<\/h2>\n<p>Tulikivi Heating Element 3000W offers the perfect heating solution in your sauna with its high performance and energy efficiency. Thanks to its powerful 3000 watt capacity, it provides effective heating even in large areas. And it provides equal warmth in every corner of your sauna. Ideal for both home and commercial use, this heating element is designed to provide a comfortable and efficient sauna experience.<\/p>\n<p>The Tulikivi 3 kW SS059 heating element is designed to be compatible with certain sauna stoves.<\/p>\n<table>\n<thead>\n<tr>\n<th><strong>Feature<\/strong><\/th>\n<th><strong>Details<\/strong><\/th>\n<\/tr>\n<\/thead>\n<tbody>\n<tr>\n<td><strong>Model name<\/strong><\/td>\n<td>SS059<\/td>\n<\/tr>\n<tr>\n<td><strong>Power\/Voltage<\/strong><\/td>\n<td>3 kW<\/td>\n<\/tr>\n<tr>\n<td><strong>Compatible models<\/strong><\/td>\n<td>[Compatible with specific models; contact for detailed information.]<\/td>\n<\/tr>\n<tr>\n<td><strong>Capacity<\/strong><\/td>\n<td>Suitable for 9 kW sauna stoves<\/td>\n<\/tr>\n<tr>\n<td><strong>Size Width<\/strong><\/td>\n<td>[Unspecified]<\/td>\n<\/tr>\n<tr>\n<td><strong>Size Height<\/strong><\/td>\n<td>[Unspecified]<\/td>\n<\/tr>\n<tr>\n<td><strong>Material<\/strong><\/td>\n<td>Long-lasting heating element with high durability<\/td>\n<\/tr>\n<tr>\n<td><strong>Mounting Type<\/strong><\/td>\n<td>Universal assembly design<\/td>\n<\/tr>\n<tr>\n<td><strong>Usage area<\/strong><\/td>\n<td>Sauna stoves<\/td>\n<\/tr>\n<tr>\n<td><strong>Additional information<\/strong><\/td>\n<td>A high energy-efficient heating element produced by Tulikivi<\/td>\n<\/tr>\n<\/tbody>\n<\/table>\n<h4><strong>Effective Heating with High Power Capacity<\/strong><\/h4>\n<p>Tulikivi Heating Element ensures fast and effective heating of your sauna with high power capacity. Thanks to this high power, there is an even and effective heat dissipation in every corner of your sauna. Thus, it minimizes temperature fluctuations and always creates an ideal sauna environment.<\/p>\n<\/div>\n<\/div>\n<\/div>\n<\/div>","protected":false},"excerpt":{"rendered":"<ul>\n<li><strong>Model Name: <\/strong>SS059<\/li>\n<li><strong>Power \/ Voltage: <\/strong>3 kW<\/li>\n<\/ul>","protected":false},"featured_media":13378,"template":"","meta":[],"product_cat":[164],"product_tag":[],"class_list":{"0":"post-13377","1":"product","2":"type-product","3":"status-publish","4":"has-post-thumbnail","6":"product_cat-tulikivi-sauna-isiticilari-yedek-parcalari","8":"first","9":"instock","10":"shipping-taxable","11":"product-type-external"},"yoast_head":"<!-- This site is optimized with the Yoast SEO Premium plugin v23.2 (Yoast SEO v23.2) - https:\/\/yoast.com\/wordpress\/plugins\/seo\/ -->\n<title>Tulikivi Is\u0131tma Eleman\u0131 3000W | Barrsell End\u00fcstri<\/title>\n<meta name=\"description\" content=\"Tulikivi Is\u0131tma Eleman\u0131 3000W, y\u00fcksek performans\u0131 ve enerji verimlili\u011fi ile saunan\u0131zda m\u00fckemmel \u0131s\u0131tma \u00e7\u00f6z\u00fcm\u00fc sunar. G\u00fc\u00e7l\u00fc 3000 wattl\u0131k kapasitesi\" \/>\n<meta name=\"robots\" content=\"index, follow, max-snippet:-1, max-image-preview:large, max-video-preview:-1\" \/>\n<link rel=\"canonical\" href=\"https:\/\/barrsell.com\/en\/product\/brick-isitma-elemani-3000w\/\" \/>\n<meta property=\"og:locale\" content=\"en_US\" \/>\n<meta property=\"og:type\" content=\"article\" \/>\n<meta property=\"og:title\" content=\"Tulikivi Is\u0131tma Eleman\u0131 3000W\" \/>\n<meta property=\"og:description\" content=\"Tulikivi Is\u0131tma Eleman\u0131 3000W, y\u00fcksek performans\u0131 ve enerji verimlili\u011fi ile saunan\u0131zda m\u00fckemmel \u0131s\u0131tma \u00e7\u00f6z\u00fcm\u00fc sunar. G\u00fc\u00e7l\u00fc 3000 wattl\u0131k kapasitesi\" \/>\n<meta property=\"og:url\" content=\"https:\/\/barrsell.com\/en\/product\/brick-isitma-elemani-3000w\/\" \/>\n<meta property=\"og:site_name\" content=\"Barrsell\" \/>\n<meta property=\"article:modified_time\" content=\"2024-12-22T11:23:40+00:00\" \/>\n<meta property=\"og:image\" content=\"https:\/\/barrsell.com\/wp-content\/uploads\/2024\/08\/Tulikivi-Isitma-Elemani-3000W.png\" \/>\n\t<meta property=\"og:image:width\" content=\"1200\" \/>\n\t<meta property=\"og:image:height\" content=\"1200\" \/>\n\t<meta property=\"og:image:type\" content=\"image\/png\" \/>\n<meta name=\"twitter:card\" content=\"summary_large_image\" \/>\n<meta name=\"twitter:label1\" content=\"Est. reading time\" \/>\n\t<meta name=\"twitter:data1\" content=\"2 minutes\" \/>\n<script type=\"application\/ld+json\" class=\"yoast-schema-graph\">{\"@context\":\"https:\/\/schema.org\",\"@graph\":[{\"@type\":\"WebPage\",\"@id\":\"https:\/\/barrsell.com\/urun\/tulikivi-isitma-elemani-3000w\/\",\"url\":\"https:\/\/barrsell.com\/urun\/tulikivi-isitma-elemani-3000w\/\",\"name\":\"Tulikivi Is\u0131tma Eleman\u0131 3000W | Barrsell End\u00fcstri\",\"isPartOf\":{\"@id\":\"https:\/\/barrsell.com\/#website\"},\"primaryImageOfPage\":{\"@id\":\"https:\/\/barrsell.com\/urun\/tulikivi-isitma-elemani-3000w\/#primaryimage\"},\"image\":{\"@id\":\"https:\/\/barrsell.com\/urun\/tulikivi-isitma-elemani-3000w\/#primaryimage\"},\"thumbnailUrl\":\"https:\/\/barrsell.com\/wp-content\/uploads\/2024\/08\/Tulikivi-Isitma-Elemani-3000W.png\",\"datePublished\":\"2024-08-29T12:07:10+00:00\",\"dateModified\":\"2024-12-22T11:23:40+00:00\",\"description\":\"Tulikivi Is\u0131tma Eleman\u0131 3000W, y\u00fcksek performans\u0131 ve enerji verimlili\u011fi ile saunan\u0131zda m\u00fckemmel \u0131s\u0131tma \u00e7\u00f6z\u00fcm\u00fc sunar. G\u00fc\u00e7l\u00fc 3000 wattl\u0131k kapasitesi\",\"breadcrumb\":{\"@id\":\"https:\/\/barrsell.com\/urun\/tulikivi-isitma-elemani-3000w\/#breadcrumb\"},\"inLanguage\":\"en-US\",\"potentialAction\":[{\"@type\":\"ReadAction\",\"target\":[\"https:\/\/barrsell.com\/urun\/tulikivi-isitma-elemani-3000w\/\"]}]},{\"@type\":\"ImageObject\",\"inLanguage\":\"en-US\",\"@id\":\"https:\/\/barrsell.com\/urun\/tulikivi-isitma-elemani-3000w\/#primaryimage\",\"url\":\"https:\/\/barrsell.com\/wp-content\/uploads\/2024\/08\/Tulikivi-Isitma-Elemani-3000W.png\",\"contentUrl\":\"https:\/\/barrsell.com\/wp-content\/uploads\/2024\/08\/Tulikivi-Isitma-Elemani-3000W.png\",\"width\":1200,\"height\":1200,\"caption\":\"Tulikivi Is\u0131tma Eleman\u0131 3000W\"},{\"@type\":\"BreadcrumbList\",\"@id\":\"https:\/\/barrsell.com\/urun\/tulikivi-isitma-elemani-3000w\/#breadcrumb\",\"itemListElement\":[{\"@type\":\"ListItem\",\"position\":1,\"name\":\"Home\",\"item\":\"https:\/\/barrsell.com\/\"},{\"@type\":\"ListItem\",\"position\":2,\"name\":\"\u00dcr\u00fcnler\",\"item\":\"https:\/\/barrsell.com\/en\/products\/\"},{\"@type\":\"ListItem\",\"position\":3,\"name\":\"Tulikivi Is\u0131tma Eleman\u0131 3000W\"}]},{\"@type\":\"WebSite\",\"@id\":\"https:\/\/barrsell.com\/#website\",\"url\":\"https:\/\/barrsell.com\/\",\"name\":\"Barrsell End\u00fcstri Makine\",\"description\":\"Teknolojiyle G\u00fc\u00e7lenen End\u00fcstriyel \u00c7\u00f6z\u00fcmler!\",\"potentialAction\":[{\"@type\":\"SearchAction\",\"target\":{\"@type\":\"EntryPoint\",\"urlTemplate\":\"https:\/\/barrsell.com\/?s={search_term_string}\"},\"query-input\":\"required name=search_term_string\"}],\"inLanguage\":\"en-US\"}]}<\/script>\n<!-- \/ Yoast SEO Premium plugin. -->","yoast_head_json":{"title":"Tulikivi Is\u0131tma Eleman\u0131 3000W | Barrsell End\u00fcstri","description":"Tulikivi Is\u0131tma Eleman\u0131 3000W, y\u00fcksek performans\u0131 ve enerji verimlili\u011fi ile saunan\u0131zda m\u00fckemmel \u0131s\u0131tma \u00e7\u00f6z\u00fcm\u00fc sunar. G\u00fc\u00e7l\u00fc 3000 wattl\u0131k kapasitesi","robots":{"index":"index","follow":"follow","max-snippet":"max-snippet:-1","max-image-preview":"max-image-preview:large","max-video-preview":"max-video-preview:-1"},"canonical":"https:\/\/barrsell.com\/en\/product\/brick-isitma-elemani-3000w\/","og_locale":"en_US","og_type":"article","og_title":"Tulikivi Is\u0131tma Eleman\u0131 3000W","og_description":"Tulikivi Is\u0131tma Eleman\u0131 3000W, y\u00fcksek performans\u0131 ve enerji verimlili\u011fi ile saunan\u0131zda m\u00fckemmel \u0131s\u0131tma \u00e7\u00f6z\u00fcm\u00fc sunar. G\u00fc\u00e7l\u00fc 3000 wattl\u0131k kapasitesi","og_url":"https:\/\/barrsell.com\/en\/product\/brick-isitma-elemani-3000w\/","og_site_name":"Barrsell","article_modified_time":"2024-12-22T11:23:40+00:00","og_image":[{"width":1200,"height":1200,"url":"https:\/\/barrsell.com\/wp-content\/uploads\/2024\/08\/Tulikivi-Isitma-Elemani-3000W.png","type":"image\/png"}],"twitter_card":"summary_large_image","twitter_misc":{"Est. reading time":"2 minutes"},"schema":{"@context":"https:\/\/schema.org","@graph":[{"@type":"WebPage","@id":"https:\/\/barrsell.com\/urun\/tulikivi-isitma-elemani-3000w\/","url":"https:\/\/barrsell.com\/urun\/tulikivi-isitma-elemani-3000w\/","name":"Tulikivi Is\u0131tma Eleman\u0131 3000W | Barrsell End\u00fcstri","isPartOf":{"@id":"https:\/\/barrsell.com\/#website"},"primaryImageOfPage":{"@id":"https:\/\/barrsell.com\/urun\/tulikivi-isitma-elemani-3000w\/#primaryimage"},"image":{"@id":"https:\/\/barrsell.com\/urun\/tulikivi-isitma-elemani-3000w\/#primaryimage"},"thumbnailUrl":"https:\/\/barrsell.com\/wp-content\/uploads\/2024\/08\/Tulikivi-Isitma-Elemani-3000W.png","datePublished":"2024-08-29T12:07:10+00:00","dateModified":"2024-12-22T11:23:40+00:00","description":"Tulikivi Is\u0131tma Eleman\u0131 3000W, y\u00fcksek performans\u0131 ve enerji verimlili\u011fi ile saunan\u0131zda m\u00fckemmel \u0131s\u0131tma \u00e7\u00f6z\u00fcm\u00fc sunar. G\u00fc\u00e7l\u00fc 3000 wattl\u0131k kapasitesi","breadcrumb":{"@id":"https:\/\/barrsell.com\/urun\/tulikivi-isitma-elemani-3000w\/#breadcrumb"},"inLanguage":"en-US","potentialAction":[{"@type":"ReadAction","target":["https:\/\/barrsell.com\/urun\/tulikivi-isitma-elemani-3000w\/"]}]},{"@type":"ImageObject","inLanguage":"en-US","@id":"https:\/\/barrsell.com\/urun\/tulikivi-isitma-elemani-3000w\/#primaryimage","url":"https:\/\/barrsell.com\/wp-content\/uploads\/2024\/08\/Tulikivi-Isitma-Elemani-3000W.png","contentUrl":"https:\/\/barrsell.com\/wp-content\/uploads\/2024\/08\/Tulikivi-Isitma-Elemani-3000W.png","width":1200,"height":1200,"caption":"Tulikivi Is\u0131tma Eleman\u0131 3000W"},{"@type":"BreadcrumbList","@id":"https:\/\/barrsell.com\/urun\/tulikivi-isitma-elemani-3000w\/#breadcrumb","itemListElement":[{"@type":"ListItem","position":1,"name":"Home","item":"https:\/\/barrsell.com\/"},{"@type":"ListItem","position":2,"name":"\u00dcr\u00fcnler","item":"https:\/\/barrsell.com\/en\/products\/"},{"@type":"ListItem","position":3,"name":"Tulikivi Is\u0131tma Eleman\u0131 3000W"}]},{"@type":"WebSite","@id":"https:\/\/barrsell.com\/#website","url":"https:\/\/barrsell.com\/","name":"Barrsell End\u00fcstri Makine","description":"Teknolojiyle G\u00fc\u00e7lenen End\u00fcstriyel \u00c7\u00f6z\u00fcmler!","potentialAction":[{"@type":"SearchAction","target":{"@type":"EntryPoint","urlTemplate":"https:\/\/barrsell.com\/?s={search_term_string}"},"query-input":"required name=search_term_string"}],"inLanguage":"en-US"}]}},"_links":{"self":[{"href":"https:\/\/barrsell.com\/en\/wp-json\/wp\/v2\/product\/13377","targetHints":{"allow":["GET"]}}],"collection":[{"href":"https:\/\/barrsell.com\/en\/wp-json\/wp\/v2\/product"}],"about":[{"href":"https:\/\/barrsell.com\/en\/wp-json\/wp\/v2\/types\/product"}],"version-history":[{"count":8,"href":"https:\/\/barrsell.com\/en\/wp-json\/wp\/v2\/product\/13377\/revisions"}],"predecessor-version":[{"id":19477,"href":"https:\/\/barrsell.com\/en\/wp-json\/wp\/v2\/product\/13377\/revisions\/19477"}],"wp:featuredmedia":[{"embeddable":true,"href":"https:\/\/barrsell.com\/en\/wp-json\/wp\/v2\/media\/13378"}],"wp:attachment":[{"href":"https:\/\/barrsell.com\/en\/wp-json\/wp\/v2\/media?parent=13377"}],"wp:term":[{"taxonomy":"product_cat","embeddable":true,"href":"https:\/\/barrsell.com\/en\/wp-json\/wp\/v2\/product_cat?post=13377"},{"taxonomy":"product_tag","embeddable":true,"href":"https:\/\/barrsell.com\/en\/wp-json\/wp\/v2\/product_tag?post=13377"}],"curies":[{"name":"wp","href":"https:\/\/api.w.org\/{rel}","templated":true}]}}