{"id":13365,"date":"2024-08-29T11:49:09","date_gmt":"2024-08-29T11:49:09","guid":{"rendered":"https:\/\/barrsell.com\/?post_type=product&#038;p=13365"},"modified":"2024-12-22T11:26:55","modified_gmt":"2024-12-22T11:26:55","slug":"tulikivi-10m-kablo","status":"publish","type":"product","link":"https:\/\/barrsell.com\/en\/product\/brick-10m-cablo\/","title":{"rendered":"Tulikivi 10M Cable"},"content":{"rendered":"<h2>For Tulikivi 10M Cable Temperature Sensor<\/h2>\n<p>Tulikivi 10M Cable is a reliable sensor cable designed for sauna and heating systems.Thanks to the 10-meter cable length, it provides flexible installation in large areas. Optimizes the sauna experience by offering accurate temperature measurements with high precision.<\/p>\n<ul>\n<li class=\" translation-block\"><strong>Long Kablo<\/strong>: its 10-meter-long cable allows the sensor to be mounted easily in different locations.<\/li>\n<li class=\" translation-block\"><strong>High Precision<\/strong>: Increases energy efficiency and comfort of use with accurate temperature measurements.<\/li>\n<li><strong>Compatibility<\/strong>: Fully compatible with various Tulikivi control units.<\/li>\n<\/ul>","protected":false},"excerpt":{"rendered":"<ul>\n<li class=\" translation-block\">Long Cable: <strong>10 meters <\/strong><\/li>\n<li>High sensitivity<\/li>\n<\/ul>","protected":false},"featured_media":13368,"template":"","meta":[],"product_cat":[164],"product_tag":[],"class_list":{"0":"post-13365","1":"product","2":"type-product","3":"status-publish","4":"has-post-thumbnail","6":"product_cat-tulikivi-sauna-isiticilari-yedek-parcalari","8":"first","9":"instock","10":"shipping-taxable","11":"product-type-external"},"yoast_head":"<!-- This site is optimized with the Yoast SEO Premium plugin v23.2 (Yoast SEO v23.2) - https:\/\/yoast.com\/wordpress\/plugins\/seo\/ -->\n<title>Tulikivi 10M Kablo | Barrsell End\u00fcstri<\/title>\n<meta name=\"description\" content=\"Tulikivi 10M Kablo , sauna ve \u0131s\u0131tma sistemleri i\u00e7in tasarlanm\u0131\u015f g\u00fcvenilir bir sens\u00f6r kablosudur. 10 metrelik kablo uzunluk.\" \/>\n<meta name=\"robots\" content=\"index, follow, max-snippet:-1, max-image-preview:large, max-video-preview:-1\" \/>\n<link rel=\"canonical\" href=\"https:\/\/barrsell.com\/en\/product\/brick-10m-cablo\/\" \/>\n<meta property=\"og:locale\" content=\"en_US\" \/>\n<meta property=\"og:type\" content=\"article\" \/>\n<meta property=\"og:title\" content=\"Tulikivi 10M Kablo\" \/>\n<meta property=\"og:description\" content=\"Tulikivi 10M Kablo , sauna ve \u0131s\u0131tma sistemleri i\u00e7in tasarlanm\u0131\u015f g\u00fcvenilir bir sens\u00f6r kablosudur. 10 metrelik kablo uzunluk.\" \/>\n<meta property=\"og:url\" content=\"https:\/\/barrsell.com\/en\/product\/brick-10m-cablo\/\" \/>\n<meta property=\"og:site_name\" content=\"Barrsell\" \/>\n<meta property=\"article:modified_time\" content=\"2024-12-22T11:26:55+00:00\" \/>\n<meta property=\"og:image\" content=\"https:\/\/barrsell.com\/wp-content\/uploads\/2024\/08\/Tulikivi-10M-Kablo-bar.png\" \/>\n\t<meta property=\"og:image:width\" content=\"1200\" \/>\n\t<meta property=\"og:image:height\" content=\"1200\" \/>\n\t<meta property=\"og:image:type\" content=\"image\/png\" \/>\n<meta name=\"twitter:card\" content=\"summary_large_image\" \/>\n<meta name=\"twitter:label1\" content=\"Est. reading time\" \/>\n\t<meta name=\"twitter:data1\" content=\"1 minute\" \/>\n<script type=\"application\/ld+json\" class=\"yoast-schema-graph\">{\"@context\":\"https:\/\/schema.org\",\"@graph\":[{\"@type\":\"WebPage\",\"@id\":\"https:\/\/barrsell.com\/urun\/tulikivi-10m-kablo\/\",\"url\":\"https:\/\/barrsell.com\/urun\/tulikivi-10m-kablo\/\",\"name\":\"Tulikivi 10M Kablo | Barrsell End\u00fcstri\",\"isPartOf\":{\"@id\":\"https:\/\/barrsell.com\/#website\"},\"primaryImageOfPage\":{\"@id\":\"https:\/\/barrsell.com\/urun\/tulikivi-10m-kablo\/#primaryimage\"},\"image\":{\"@id\":\"https:\/\/barrsell.com\/urun\/tulikivi-10m-kablo\/#primaryimage\"},\"thumbnailUrl\":\"https:\/\/barrsell.com\/wp-content\/uploads\/2024\/08\/Tulikivi-10M-Kablo-bar.png\",\"datePublished\":\"2024-08-29T11:49:09+00:00\",\"dateModified\":\"2024-12-22T11:26:55+00:00\",\"description\":\"Tulikivi 10M Kablo , sauna ve \u0131s\u0131tma sistemleri i\u00e7in tasarlanm\u0131\u015f g\u00fcvenilir bir sens\u00f6r kablosudur. 10 metrelik kablo uzunluk.\",\"breadcrumb\":{\"@id\":\"https:\/\/barrsell.com\/urun\/tulikivi-10m-kablo\/#breadcrumb\"},\"inLanguage\":\"en-US\",\"potentialAction\":[{\"@type\":\"ReadAction\",\"target\":[\"https:\/\/barrsell.com\/urun\/tulikivi-10m-kablo\/\"]}]},{\"@type\":\"ImageObject\",\"inLanguage\":\"en-US\",\"@id\":\"https:\/\/barrsell.com\/urun\/tulikivi-10m-kablo\/#primaryimage\",\"url\":\"https:\/\/barrsell.com\/wp-content\/uploads\/2024\/08\/Tulikivi-10M-Kablo-bar.png\",\"contentUrl\":\"https:\/\/barrsell.com\/wp-content\/uploads\/2024\/08\/Tulikivi-10M-Kablo-bar.png\",\"width\":1200,\"height\":1200,\"caption\":\"Tulikivi 10M Kablo-bar\"},{\"@type\":\"BreadcrumbList\",\"@id\":\"https:\/\/barrsell.com\/urun\/tulikivi-10m-kablo\/#breadcrumb\",\"itemListElement\":[{\"@type\":\"ListItem\",\"position\":1,\"name\":\"Home\",\"item\":\"https:\/\/barrsell.com\/\"},{\"@type\":\"ListItem\",\"position\":2,\"name\":\"\u00dcr\u00fcnler\",\"item\":\"https:\/\/barrsell.com\/en\/products\/\"},{\"@type\":\"ListItem\",\"position\":3,\"name\":\"Tulikivi 10M Kablo\"}]},{\"@type\":\"WebSite\",\"@id\":\"https:\/\/barrsell.com\/#website\",\"url\":\"https:\/\/barrsell.com\/\",\"name\":\"Barrsell End\u00fcstri Makine\",\"description\":\"Teknolojiyle G\u00fc\u00e7lenen End\u00fcstriyel \u00c7\u00f6z\u00fcmler!\",\"potentialAction\":[{\"@type\":\"SearchAction\",\"target\":{\"@type\":\"EntryPoint\",\"urlTemplate\":\"https:\/\/barrsell.com\/?s={search_term_string}\"},\"query-input\":\"required name=search_term_string\"}],\"inLanguage\":\"en-US\"}]}<\/script>\n<!-- \/ Yoast SEO Premium plugin. -->","yoast_head_json":{"title":"Tulikivi 10M Kablo | Barrsell End\u00fcstri","description":"Tulikivi 10M Kablo , sauna ve \u0131s\u0131tma sistemleri i\u00e7in tasarlanm\u0131\u015f g\u00fcvenilir bir sens\u00f6r kablosudur. 10 metrelik kablo uzunluk.","robots":{"index":"index","follow":"follow","max-snippet":"max-snippet:-1","max-image-preview":"max-image-preview:large","max-video-preview":"max-video-preview:-1"},"canonical":"https:\/\/barrsell.com\/en\/product\/brick-10m-cablo\/","og_locale":"en_US","og_type":"article","og_title":"Tulikivi 10M Kablo","og_description":"Tulikivi 10M Kablo , sauna ve \u0131s\u0131tma sistemleri i\u00e7in tasarlanm\u0131\u015f g\u00fcvenilir bir sens\u00f6r kablosudur. 10 metrelik kablo uzunluk.","og_url":"https:\/\/barrsell.com\/en\/product\/brick-10m-cablo\/","og_site_name":"Barrsell","article_modified_time":"2024-12-22T11:26:55+00:00","og_image":[{"width":1200,"height":1200,"url":"https:\/\/barrsell.com\/wp-content\/uploads\/2024\/08\/Tulikivi-10M-Kablo-bar.png","type":"image\/png"}],"twitter_card":"summary_large_image","twitter_misc":{"Est. reading time":"1 minute"},"schema":{"@context":"https:\/\/schema.org","@graph":[{"@type":"WebPage","@id":"https:\/\/barrsell.com\/urun\/tulikivi-10m-kablo\/","url":"https:\/\/barrsell.com\/urun\/tulikivi-10m-kablo\/","name":"Tulikivi 10M Kablo | Barrsell End\u00fcstri","isPartOf":{"@id":"https:\/\/barrsell.com\/#website"},"primaryImageOfPage":{"@id":"https:\/\/barrsell.com\/urun\/tulikivi-10m-kablo\/#primaryimage"},"image":{"@id":"https:\/\/barrsell.com\/urun\/tulikivi-10m-kablo\/#primaryimage"},"thumbnailUrl":"https:\/\/barrsell.com\/wp-content\/uploads\/2024\/08\/Tulikivi-10M-Kablo-bar.png","datePublished":"2024-08-29T11:49:09+00:00","dateModified":"2024-12-22T11:26:55+00:00","description":"Tulikivi 10M Kablo , sauna ve \u0131s\u0131tma sistemleri i\u00e7in tasarlanm\u0131\u015f g\u00fcvenilir bir sens\u00f6r kablosudur. 10 metrelik kablo uzunluk.","breadcrumb":{"@id":"https:\/\/barrsell.com\/urun\/tulikivi-10m-kablo\/#breadcrumb"},"inLanguage":"en-US","potentialAction":[{"@type":"ReadAction","target":["https:\/\/barrsell.com\/urun\/tulikivi-10m-kablo\/"]}]},{"@type":"ImageObject","inLanguage":"en-US","@id":"https:\/\/barrsell.com\/urun\/tulikivi-10m-kablo\/#primaryimage","url":"https:\/\/barrsell.com\/wp-content\/uploads\/2024\/08\/Tulikivi-10M-Kablo-bar.png","contentUrl":"https:\/\/barrsell.com\/wp-content\/uploads\/2024\/08\/Tulikivi-10M-Kablo-bar.png","width":1200,"height":1200,"caption":"Tulikivi 10M Kablo-bar"},{"@type":"BreadcrumbList","@id":"https:\/\/barrsell.com\/urun\/tulikivi-10m-kablo\/#breadcrumb","itemListElement":[{"@type":"ListItem","position":1,"name":"Home","item":"https:\/\/barrsell.com\/"},{"@type":"ListItem","position":2,"name":"\u00dcr\u00fcnler","item":"https:\/\/barrsell.com\/en\/products\/"},{"@type":"ListItem","position":3,"name":"Tulikivi 10M Kablo"}]},{"@type":"WebSite","@id":"https:\/\/barrsell.com\/#website","url":"https:\/\/barrsell.com\/","name":"Barrsell End\u00fcstri Makine","description":"Teknolojiyle G\u00fc\u00e7lenen End\u00fcstriyel \u00c7\u00f6z\u00fcmler!","potentialAction":[{"@type":"SearchAction","target":{"@type":"EntryPoint","urlTemplate":"https:\/\/barrsell.com\/?s={search_term_string}"},"query-input":"required name=search_term_string"}],"inLanguage":"en-US"}]}},"_links":{"self":[{"href":"https:\/\/barrsell.com\/en\/wp-json\/wp\/v2\/product\/13365","targetHints":{"allow":["GET"]}}],"collection":[{"href":"https:\/\/barrsell.com\/en\/wp-json\/wp\/v2\/product"}],"about":[{"href":"https:\/\/barrsell.com\/en\/wp-json\/wp\/v2\/types\/product"}],"version-history":[{"count":4,"href":"https:\/\/barrsell.com\/en\/wp-json\/wp\/v2\/product\/13365\/revisions"}],"predecessor-version":[{"id":19479,"href":"https:\/\/barrsell.com\/en\/wp-json\/wp\/v2\/product\/13365\/revisions\/19479"}],"wp:featuredmedia":[{"embeddable":true,"href":"https:\/\/barrsell.com\/en\/wp-json\/wp\/v2\/media\/13368"}],"wp:attachment":[{"href":"https:\/\/barrsell.com\/en\/wp-json\/wp\/v2\/media?parent=13365"}],"wp:term":[{"taxonomy":"product_cat","embeddable":true,"href":"https:\/\/barrsell.com\/en\/wp-json\/wp\/v2\/product_cat?post=13365"},{"taxonomy":"product_tag","embeddable":true,"href":"https:\/\/barrsell.com\/en\/wp-json\/wp\/v2\/product_tag?post=13365"}],"curies":[{"name":"wp","href":"https:\/\/api.w.org\/{rel}","templated":true}]}}