{"id":13362,"date":"2024-08-29T11:42:28","date_gmt":"2024-08-29T11:42:28","guid":{"rendered":"https:\/\/barrsell.com\/?post_type=product&#038;p=13362"},"modified":"2024-12-22T11:36:29","modified_gmt":"2024-12-22T11:36:29","slug":"tulikivi-ss1010-kontaktor-kutusu","status":"publish","type":"product","link":"https:\/\/barrsell.com\/en\/product\/brick-ss1010-contactor-box\/","title":{"rendered":"Tulikivi SS1010 Contactor Box"},"content":{"rendered":"<h2>Technical Information about Tulikivi SS1010 Contactor Box<\/h2>\n<p><strong>Tulikivi SS1010 Contactor Box<\/strong>, \u00e7e\u015fitli \u0131s\u0131tma sistemlerinin g\u00fcvenli ve verimli elektriksel ba\u011flant\u0131s\u0131n\u0131 sa\u011flayan kompakt bir kontrol \u00fcnitesidir. Modern ve kompakt tasar\u0131m\u0131yla, hem konut hem de ticari uygulamalarda kullanabilirsiniz. <strong>Y\u00fcksek s\u0131cakl\u0131k dayan\u0131kl\u0131l\u0131\u011f\u0131<\/strong> sunan malzemelerle \u00fcretilmi\u015f olup, zorlu \u00e7al\u0131\u015fma ortamlar\u0131nda uzun \u00f6m\u00fcrl\u00fc kullan\u0131m sa\u011flar.<\/p>\n<p><strong>2. Voltage and Current Capacity<\/strong><\/p>\n<ul>\n<li class=\" translation-block\"><strong>Work voltage<\/strong>: 230V \u2013 offers safe use in three-phase systems in the range of 400V.<\/li>\n<li class=\" translation-block\"><strong>Maximum current capacity<\/strong>: provides current carrying capacity up to 10A, so the contactor box is an ideal solution for small and medium-sized systems.<\/li>\n<\/ul>\n<p><strong>3. Ease of Assembly and Flexibility<\/strong><\/p>\n<ul>\n<li class=\" translation-block\"><strong>Easy assembly<\/strong>: It is quite practical to install with its design, which can be installed on the wall or in the cabinet.<\/li>\n<li class=\" translation-block\"><strong>Flexible connection options<\/strong>: Offers a flexible solution with both surface mount and flush mount options.<\/li>\n<li>Tulikivi Contactor Box meets EN 60947-4-1 and IEC standards, thus meeting international safety and quality requirements.<\/li>\n<\/ul>","protected":false},"excerpt":{"rendered":"<div class=\"flex max-w-full flex-col flex-grow\">\n<div class=\"min-h-8 text-message flex w-full flex-col items-end gap-2 whitespace-normal break-words text-start [.text-message+&amp;]:mt-5\" dir=\"auto\" data-message-author-role=\"assistant\" data-message-id=\"e08b0892-dfc3-43f6-b74c-a9aefb1f5dda\" data-message-model-slug=\"gpt-4o\">\n<div class=\"flex w-full flex-col gap-1 empty:hidden first:pt-[3px]\">\n<div class=\"markdown prose w-full break-words dark:prose-invert light\">\n<ul>\n<li>Contactor box designed for Tuisku XL (13.6-21 kW) model (PC board)<\/li>\n<li>Tulikivi provides full compatibility with remote control with touch screen.<\/li>\n<\/ul>\n<\/div>\n<\/div>\n<\/div>\n<\/div>","protected":false},"featured_media":13363,"template":"","meta":[],"product_cat":[269,164,162],"product_tag":[],"class_list":{"0":"post-13362","1":"product","2":"type-product","3":"status-publish","4":"has-post-thumbnail","6":"product_cat-sauna-guc-uniteleri","7":"product_cat-tulikivi-sauna-isiticilari-yedek-parcalari","8":"product_cat-tulikivi-guc-uniteleri","10":"first","11":"instock","12":"shipping-taxable","13":"product-type-external"},"yoast_head":"<!-- This site is optimized with the Yoast SEO Premium plugin v23.2 (Yoast SEO v23.2) - https:\/\/yoast.com\/wordpress\/plugins\/seo\/ -->\n<title>Tulikivi SS1010 Kontakt\u00f6r Kutusu | Barrsell End\u00fcstri<\/title>\n<meta name=\"description\" content=\"Tulikivi SS1010 Kontakt\u00f6r Kutusu, \u00e7e\u015fitli \u0131s\u0131tma sistemlerinin g\u00fcvenli ve verimli elektriksel ba\u011flant\u0131s\u0131n\u0131 sa\u011flayan kompakt bir kontrol \u00fcnitesidir.\" \/>\n<meta name=\"robots\" content=\"index, follow, max-snippet:-1, max-image-preview:large, max-video-preview:-1\" \/>\n<link rel=\"canonical\" href=\"https:\/\/barrsell.com\/en\/product\/brick-ss1010-contactor-box\/\" \/>\n<meta property=\"og:locale\" content=\"en_US\" \/>\n<meta property=\"og:type\" content=\"article\" \/>\n<meta property=\"og:title\" content=\"Tulikivi SS1010 Kontakt\u00f6r Kutusu\" \/>\n<meta property=\"og:description\" content=\"Tulikivi SS1010 Kontakt\u00f6r Kutusu, \u00e7e\u015fitli \u0131s\u0131tma sistemlerinin g\u00fcvenli ve verimli elektriksel ba\u011flant\u0131s\u0131n\u0131 sa\u011flayan kompakt bir kontrol \u00fcnitesidir.\" \/>\n<meta property=\"og:url\" content=\"https:\/\/barrsell.com\/en\/product\/brick-ss1010-contactor-box\/\" \/>\n<meta property=\"og:site_name\" content=\"Barrsell\" \/>\n<meta property=\"article:modified_time\" content=\"2024-12-22T11:36:29+00:00\" \/>\n<meta property=\"og:image\" content=\"https:\/\/barrsell.com\/wp-content\/uploads\/2024\/08\/Tulikivi-SS1010-Kontaktor-Kutusu.png\" \/>\n\t<meta property=\"og:image:width\" content=\"1200\" \/>\n\t<meta property=\"og:image:height\" content=\"1200\" \/>\n\t<meta property=\"og:image:type\" content=\"image\/png\" \/>\n<meta name=\"twitter:card\" content=\"summary_large_image\" \/>\n<meta name=\"twitter:label1\" content=\"Est. reading time\" \/>\n\t<meta name=\"twitter:data1\" content=\"2 minutes\" \/>\n<script type=\"application\/ld+json\" class=\"yoast-schema-graph\">{\"@context\":\"https:\/\/schema.org\",\"@graph\":[{\"@type\":\"WebPage\",\"@id\":\"https:\/\/barrsell.com\/urun\/tulikivi-ss1010-kontaktor-kutusu\/\",\"url\":\"https:\/\/barrsell.com\/urun\/tulikivi-ss1010-kontaktor-kutusu\/\",\"name\":\"Tulikivi SS1010 Kontakt\u00f6r Kutusu | Barrsell End\u00fcstri\",\"isPartOf\":{\"@id\":\"https:\/\/barrsell.com\/#website\"},\"primaryImageOfPage\":{\"@id\":\"https:\/\/barrsell.com\/urun\/tulikivi-ss1010-kontaktor-kutusu\/#primaryimage\"},\"image\":{\"@id\":\"https:\/\/barrsell.com\/urun\/tulikivi-ss1010-kontaktor-kutusu\/#primaryimage\"},\"thumbnailUrl\":\"https:\/\/barrsell.com\/wp-content\/uploads\/2024\/08\/Tulikivi-SS1010-Kontaktor-Kutusu.png\",\"datePublished\":\"2024-08-29T11:42:28+00:00\",\"dateModified\":\"2024-12-22T11:36:29+00:00\",\"description\":\"Tulikivi SS1010 Kontakt\u00f6r Kutusu, \u00e7e\u015fitli \u0131s\u0131tma sistemlerinin g\u00fcvenli ve verimli elektriksel ba\u011flant\u0131s\u0131n\u0131 sa\u011flayan kompakt bir kontrol \u00fcnitesidir.\",\"breadcrumb\":{\"@id\":\"https:\/\/barrsell.com\/urun\/tulikivi-ss1010-kontaktor-kutusu\/#breadcrumb\"},\"inLanguage\":\"en-US\",\"potentialAction\":[{\"@type\":\"ReadAction\",\"target\":[\"https:\/\/barrsell.com\/urun\/tulikivi-ss1010-kontaktor-kutusu\/\"]}]},{\"@type\":\"ImageObject\",\"inLanguage\":\"en-US\",\"@id\":\"https:\/\/barrsell.com\/urun\/tulikivi-ss1010-kontaktor-kutusu\/#primaryimage\",\"url\":\"https:\/\/barrsell.com\/wp-content\/uploads\/2024\/08\/Tulikivi-SS1010-Kontaktor-Kutusu.png\",\"contentUrl\":\"https:\/\/barrsell.com\/wp-content\/uploads\/2024\/08\/Tulikivi-SS1010-Kontaktor-Kutusu.png\",\"width\":1200,\"height\":1200,\"caption\":\"Tulikivi SS1010 Kontakt\u00f6r Kutusu\"},{\"@type\":\"BreadcrumbList\",\"@id\":\"https:\/\/barrsell.com\/urun\/tulikivi-ss1010-kontaktor-kutusu\/#breadcrumb\",\"itemListElement\":[{\"@type\":\"ListItem\",\"position\":1,\"name\":\"Home\",\"item\":\"https:\/\/barrsell.com\/\"},{\"@type\":\"ListItem\",\"position\":2,\"name\":\"\u00dcr\u00fcnler\",\"item\":\"https:\/\/barrsell.com\/en\/products\/\"},{\"@type\":\"ListItem\",\"position\":3,\"name\":\"Tulikivi SS1010 Kontakt\u00f6r Kutusu\"}]},{\"@type\":\"WebSite\",\"@id\":\"https:\/\/barrsell.com\/#website\",\"url\":\"https:\/\/barrsell.com\/\",\"name\":\"Barrsell End\u00fcstri Makine\",\"description\":\"Teknolojiyle G\u00fc\u00e7lenen End\u00fcstriyel \u00c7\u00f6z\u00fcmler!\",\"potentialAction\":[{\"@type\":\"SearchAction\",\"target\":{\"@type\":\"EntryPoint\",\"urlTemplate\":\"https:\/\/barrsell.com\/?s={search_term_string}\"},\"query-input\":\"required name=search_term_string\"}],\"inLanguage\":\"en-US\"}]}<\/script>\n<!-- \/ Yoast SEO Premium plugin. -->","yoast_head_json":{"title":"Tulikivi SS1010 Kontakt\u00f6r Kutusu | Barrsell End\u00fcstri","description":"Tulikivi SS1010 Kontakt\u00f6r Kutusu, \u00e7e\u015fitli \u0131s\u0131tma sistemlerinin g\u00fcvenli ve verimli elektriksel ba\u011flant\u0131s\u0131n\u0131 sa\u011flayan kompakt bir kontrol \u00fcnitesidir.","robots":{"index":"index","follow":"follow","max-snippet":"max-snippet:-1","max-image-preview":"max-image-preview:large","max-video-preview":"max-video-preview:-1"},"canonical":"https:\/\/barrsell.com\/en\/product\/brick-ss1010-contactor-box\/","og_locale":"en_US","og_type":"article","og_title":"Tulikivi SS1010 Kontakt\u00f6r Kutusu","og_description":"Tulikivi SS1010 Kontakt\u00f6r Kutusu, \u00e7e\u015fitli \u0131s\u0131tma sistemlerinin g\u00fcvenli ve verimli elektriksel ba\u011flant\u0131s\u0131n\u0131 sa\u011flayan kompakt bir kontrol \u00fcnitesidir.","og_url":"https:\/\/barrsell.com\/en\/product\/brick-ss1010-contactor-box\/","og_site_name":"Barrsell","article_modified_time":"2024-12-22T11:36:29+00:00","og_image":[{"width":1200,"height":1200,"url":"https:\/\/barrsell.com\/wp-content\/uploads\/2024\/08\/Tulikivi-SS1010-Kontaktor-Kutusu.png","type":"image\/png"}],"twitter_card":"summary_large_image","twitter_misc":{"Est. reading time":"2 minutes"},"schema":{"@context":"https:\/\/schema.org","@graph":[{"@type":"WebPage","@id":"https:\/\/barrsell.com\/urun\/tulikivi-ss1010-kontaktor-kutusu\/","url":"https:\/\/barrsell.com\/urun\/tulikivi-ss1010-kontaktor-kutusu\/","name":"Tulikivi SS1010 Kontakt\u00f6r Kutusu | Barrsell End\u00fcstri","isPartOf":{"@id":"https:\/\/barrsell.com\/#website"},"primaryImageOfPage":{"@id":"https:\/\/barrsell.com\/urun\/tulikivi-ss1010-kontaktor-kutusu\/#primaryimage"},"image":{"@id":"https:\/\/barrsell.com\/urun\/tulikivi-ss1010-kontaktor-kutusu\/#primaryimage"},"thumbnailUrl":"https:\/\/barrsell.com\/wp-content\/uploads\/2024\/08\/Tulikivi-SS1010-Kontaktor-Kutusu.png","datePublished":"2024-08-29T11:42:28+00:00","dateModified":"2024-12-22T11:36:29+00:00","description":"Tulikivi SS1010 Kontakt\u00f6r Kutusu, \u00e7e\u015fitli \u0131s\u0131tma sistemlerinin g\u00fcvenli ve verimli elektriksel ba\u011flant\u0131s\u0131n\u0131 sa\u011flayan kompakt bir kontrol \u00fcnitesidir.","breadcrumb":{"@id":"https:\/\/barrsell.com\/urun\/tulikivi-ss1010-kontaktor-kutusu\/#breadcrumb"},"inLanguage":"en-US","potentialAction":[{"@type":"ReadAction","target":["https:\/\/barrsell.com\/urun\/tulikivi-ss1010-kontaktor-kutusu\/"]}]},{"@type":"ImageObject","inLanguage":"en-US","@id":"https:\/\/barrsell.com\/urun\/tulikivi-ss1010-kontaktor-kutusu\/#primaryimage","url":"https:\/\/barrsell.com\/wp-content\/uploads\/2024\/08\/Tulikivi-SS1010-Kontaktor-Kutusu.png","contentUrl":"https:\/\/barrsell.com\/wp-content\/uploads\/2024\/08\/Tulikivi-SS1010-Kontaktor-Kutusu.png","width":1200,"height":1200,"caption":"Tulikivi SS1010 Kontakt\u00f6r Kutusu"},{"@type":"BreadcrumbList","@id":"https:\/\/barrsell.com\/urun\/tulikivi-ss1010-kontaktor-kutusu\/#breadcrumb","itemListElement":[{"@type":"ListItem","position":1,"name":"Home","item":"https:\/\/barrsell.com\/"},{"@type":"ListItem","position":2,"name":"\u00dcr\u00fcnler","item":"https:\/\/barrsell.com\/en\/products\/"},{"@type":"ListItem","position":3,"name":"Tulikivi SS1010 Kontakt\u00f6r Kutusu"}]},{"@type":"WebSite","@id":"https:\/\/barrsell.com\/#website","url":"https:\/\/barrsell.com\/","name":"Barrsell End\u00fcstri Makine","description":"Teknolojiyle G\u00fc\u00e7lenen End\u00fcstriyel \u00c7\u00f6z\u00fcmler!","potentialAction":[{"@type":"SearchAction","target":{"@type":"EntryPoint","urlTemplate":"https:\/\/barrsell.com\/?s={search_term_string}"},"query-input":"required name=search_term_string"}],"inLanguage":"en-US"}]}},"_links":{"self":[{"href":"https:\/\/barrsell.com\/en\/wp-json\/wp\/v2\/product\/13362","targetHints":{"allow":["GET"]}}],"collection":[{"href":"https:\/\/barrsell.com\/en\/wp-json\/wp\/v2\/product"}],"about":[{"href":"https:\/\/barrsell.com\/en\/wp-json\/wp\/v2\/types\/product"}],"version-history":[{"count":5,"href":"https:\/\/barrsell.com\/en\/wp-json\/wp\/v2\/product\/13362\/revisions"}],"predecessor-version":[{"id":19482,"href":"https:\/\/barrsell.com\/en\/wp-json\/wp\/v2\/product\/13362\/revisions\/19482"}],"wp:featuredmedia":[{"embeddable":true,"href":"https:\/\/barrsell.com\/en\/wp-json\/wp\/v2\/media\/13363"}],"wp:attachment":[{"href":"https:\/\/barrsell.com\/en\/wp-json\/wp\/v2\/media?parent=13362"}],"wp:term":[{"taxonomy":"product_cat","embeddable":true,"href":"https:\/\/barrsell.com\/en\/wp-json\/wp\/v2\/product_cat?post=13362"},{"taxonomy":"product_tag","embeddable":true,"href":"https:\/\/barrsell.com\/en\/wp-json\/wp\/v2\/product_tag?post=13362"}],"curies":[{"name":"wp","href":"https:\/\/api.w.org\/{rel}","templated":true}]}}