{"id":13353,"date":"2024-08-29T11:16:15","date_gmt":"2024-08-29T11:16:15","guid":{"rendered":"https:\/\/barrsell.com\/?post_type=product&#038;p=13353"},"modified":"2024-12-22T12:11:33","modified_gmt":"2024-12-22T12:11:33","slug":"harvia-xenio-cx110cxw-wifi","status":"publish","type":"product","link":"https:\/\/barrsell.com\/en\/product\/harvia-xenio-cx110cxw-wifi\/","title":{"rendered":"Harvia Xenio CX110CXW Wifi"},"content":{"rendered":"<div class=\"flex max-w-full flex-col flex-grow\">\n<div class=\"min-h-[20px] text-message flex w-full flex-col items-end gap-2 break-words [.text-message+&amp;]:mt-5 overflow-x-auto whitespace-normal\" dir=\"auto\" data-message-author-role=\"assistant\" data-message-id=\"3d8f3189-99ca-448e-a162-08a66c36897d\">\n<div class=\"flex w-full flex-col gap-1 empty:hidden first:pt-[3px]\">\n<div class=\"markdown prose w-full break-words dark:prose-invert light\">\n<h2>Harvia Xenio CX110CXW WiFi Control Unit<\/h2>\n<p>The Harvia Xenio CX110CXW WiFi Control Unit is designed for modern sauna systems. It is one of the most advanced intelligent control solutions. This innovative product allows you to manage all functions of your sauna via smartphone or tablet thanks to the WiFi connection. It is an excellent option for both personal and commercial use. Designed to improve the performance and user comfort of your sauna.<\/p>\n<div id=\"attachment_19486\" style=\"width: 310px\" class=\"wp-caption alignright\"><a href=\"https:\/\/barrsell.com\/wp-content\/uploads\/2024\/08\/Harvia-Xenio-CX110CXW-Wifi-2.jpg\"><img fetchpriority=\"high\" decoding=\"async\" aria-describedby=\"caption-attachment-19486\" class=\"size-medium wp-image-19486\" src=\"https:\/\/barrsell.com\/wp-content\/uploads\/2024\/08\/Harvia-Xenio-CX110CXW-Wifi-2-300x300.jpg\" alt=\"\" width=\"300\" height=\"300\" srcset=\"https:\/\/barrsell.com\/wp-content\/uploads\/2024\/08\/Harvia-Xenio-CX110CXW-Wifi-2-300x300.jpg 300w, https:\/\/barrsell.com\/wp-content\/uploads\/2024\/08\/Harvia-Xenio-CX110CXW-Wifi-2-150x150.jpg 150w, https:\/\/barrsell.com\/wp-content\/uploads\/2024\/08\/Harvia-Xenio-CX110CXW-Wifi-2-12x12.jpg 12w, https:\/\/barrsell.com\/wp-content\/uploads\/2024\/08\/Harvia-Xenio-CX110CXW-Wifi-2-50x50.jpg 50w, https:\/\/barrsell.com\/wp-content\/uploads\/2024\/08\/Harvia-Xenio-CX110CXW-Wifi-2-100x100.jpg 100w, https:\/\/barrsell.com\/wp-content\/uploads\/2024\/08\/Harvia-Xenio-CX110CXW-Wifi-2.jpg 480w\" sizes=\"(max-width: 300px) 100vw, 300px\" \/><\/a><p id=\"caption-attachment-19486\" class=\"wp-caption-text\">Harvia Xenio CX110CXW Wifi-2<\/p><\/div>\n<h4><strong>Modern Comfort With Remote Control Feature<\/strong><\/h4>\n<p>CX110CXW Wifi With integrated WiFi connection allows you to control your sauna via smartphone or tablet. Thanks to Harvia's user-friendly mobile app, you can remotely manage the temperature of your sauna, uptime and other important settings. This makes the use of your sauna more flexible and customizable, thus providing a comfortable sauna experience at any time.<\/p>\n<h4><strong>Comprehensive Control Functions<\/strong><\/h4>\n<p>The CX110CXW Controller offers a wide range of temperatures and flexible timer options. Its user-friendly interface allows you to fine-tune your sauna, such as temperature and uptime. These comprehensive control functions optimize the performance of your sauna.\u00a0 And it also increases your personal comfort, so you get excellent results with every use of your sauna.<\/p>\n<h4><strong>Energy Efficiency and Safety Standards<\/strong><\/h4>\n<p>The Harvia Xenio CX110CXW features intelligent technologies designed to improve energy efficiency. Minimizes energy consumption and prevents unnecessary energy waste. In addition, the security features ensure the safe operation of your sauna and guarantee user safety. This technology meets high standards in terms of both energy efficiency and safety.<\/p>\n<\/div>\n<\/div>\n<\/div>\n<\/div>","protected":false},"excerpt":{"rendered":"<p>Control unit cable length:5m<br \/>\nSensor cable length:4m<br \/>\nElectrical frequency: 50\/60 Hz<\/p>","protected":false},"featured_media":13354,"template":"","meta":[],"product_cat":[234,168],"product_tag":[],"class_list":{"0":"post-13353","1":"product","2":"type-product","3":"status-publish","4":"has-post-thumbnail","6":"product_cat-sauna-kontrol-uniteleri","7":"product_cat-harvia-kontrol-uniteleri","9":"first","10":"instock","11":"shipping-taxable","12":"product-type-external"},"yoast_head":"<!-- This site is optimized with the Yoast SEO Premium plugin v23.2 (Yoast SEO v23.2) - https:\/\/yoast.com\/wordpress\/plugins\/seo\/ -->\n<title>Harvia Xenio CX110CXW Wifi | Barrsell End\u00fcstri<\/title>\n<meta name=\"description\" content=\"Harvia Xenio CX110CXW WiFi Kontrol \u00dcnitesi, modern sauna sistemleri i\u00e7in tasarlanm\u0131\u015f en geli\u015fmi\u015f ak\u0131ll\u0131 kontrol \u00e7\u00f6z\u00fcmlerinden biridir.\" \/>\n<meta name=\"robots\" content=\"index, follow, max-snippet:-1, max-image-preview:large, max-video-preview:-1\" \/>\n<link rel=\"canonical\" href=\"https:\/\/barrsell.com\/en\/product\/harvia-xenio-cx110cxw-wifi\/\" \/>\n<meta property=\"og:locale\" content=\"en_US\" \/>\n<meta property=\"og:type\" content=\"article\" \/>\n<meta property=\"og:title\" content=\"Harvia Xenio CX110CXW Wifi\" \/>\n<meta property=\"og:description\" content=\"Harvia Xenio CX110CXW WiFi Kontrol \u00dcnitesi, modern sauna sistemleri i\u00e7in tasarlanm\u0131\u015f en geli\u015fmi\u015f ak\u0131ll\u0131 kontrol \u00e7\u00f6z\u00fcmlerinden biridir.\" \/>\n<meta property=\"og:url\" content=\"https:\/\/barrsell.com\/en\/product\/harvia-xenio-cx110cxw-wifi\/\" \/>\n<meta property=\"og:site_name\" content=\"Barrsell\" \/>\n<meta property=\"article:modified_time\" content=\"2024-12-22T12:11:33+00:00\" \/>\n<meta property=\"og:image\" content=\"https:\/\/barrsell.com\/wp-content\/uploads\/2024\/08\/Harvia-Xenio-CX110CXW-Wifi.png\" \/>\n\t<meta property=\"og:image:width\" content=\"1200\" \/>\n\t<meta property=\"og:image:height\" content=\"1200\" \/>\n\t<meta property=\"og:image:type\" content=\"image\/png\" \/>\n<meta name=\"twitter:card\" content=\"summary_large_image\" \/>\n<meta name=\"twitter:label1\" content=\"Est. reading time\" \/>\n\t<meta name=\"twitter:data1\" content=\"2 minutes\" \/>\n<script type=\"application\/ld+json\" class=\"yoast-schema-graph\">{\"@context\":\"https:\/\/schema.org\",\"@graph\":[{\"@type\":\"WebPage\",\"@id\":\"https:\/\/barrsell.com\/urun\/harvia-xenio-cx110cxw-wifi\/\",\"url\":\"https:\/\/barrsell.com\/urun\/harvia-xenio-cx110cxw-wifi\/\",\"name\":\"Harvia Xenio CX110CXW Wifi | Barrsell End\u00fcstri\",\"isPartOf\":{\"@id\":\"https:\/\/barrsell.com\/#website\"},\"primaryImageOfPage\":{\"@id\":\"https:\/\/barrsell.com\/urun\/harvia-xenio-cx110cxw-wifi\/#primaryimage\"},\"image\":{\"@id\":\"https:\/\/barrsell.com\/urun\/harvia-xenio-cx110cxw-wifi\/#primaryimage\"},\"thumbnailUrl\":\"https:\/\/barrsell.com\/wp-content\/uploads\/2024\/08\/Harvia-Xenio-CX110CXW-Wifi.png\",\"datePublished\":\"2024-08-29T11:16:15+00:00\",\"dateModified\":\"2024-12-22T12:11:33+00:00\",\"description\":\"Harvia Xenio CX110CXW WiFi Kontrol \u00dcnitesi, modern sauna sistemleri i\u00e7in tasarlanm\u0131\u015f en geli\u015fmi\u015f ak\u0131ll\u0131 kontrol \u00e7\u00f6z\u00fcmlerinden biridir.\",\"breadcrumb\":{\"@id\":\"https:\/\/barrsell.com\/urun\/harvia-xenio-cx110cxw-wifi\/#breadcrumb\"},\"inLanguage\":\"en-US\",\"potentialAction\":[{\"@type\":\"ReadAction\",\"target\":[\"https:\/\/barrsell.com\/urun\/harvia-xenio-cx110cxw-wifi\/\"]}]},{\"@type\":\"ImageObject\",\"inLanguage\":\"en-US\",\"@id\":\"https:\/\/barrsell.com\/urun\/harvia-xenio-cx110cxw-wifi\/#primaryimage\",\"url\":\"https:\/\/barrsell.com\/wp-content\/uploads\/2024\/08\/Harvia-Xenio-CX110CXW-Wifi.png\",\"contentUrl\":\"https:\/\/barrsell.com\/wp-content\/uploads\/2024\/08\/Harvia-Xenio-CX110CXW-Wifi.png\",\"width\":1200,\"height\":1200,\"caption\":\"Harvia Xenio CX110CXW Wifi\"},{\"@type\":\"BreadcrumbList\",\"@id\":\"https:\/\/barrsell.com\/urun\/harvia-xenio-cx110cxw-wifi\/#breadcrumb\",\"itemListElement\":[{\"@type\":\"ListItem\",\"position\":1,\"name\":\"Home\",\"item\":\"https:\/\/barrsell.com\/\"},{\"@type\":\"ListItem\",\"position\":2,\"name\":\"\u00dcr\u00fcnler\",\"item\":\"https:\/\/barrsell.com\/en\/products\/\"},{\"@type\":\"ListItem\",\"position\":3,\"name\":\"Harvia Xenio CX110CXW Wifi\"}]},{\"@type\":\"WebSite\",\"@id\":\"https:\/\/barrsell.com\/#website\",\"url\":\"https:\/\/barrsell.com\/\",\"name\":\"Barrsell End\u00fcstri Makine\",\"description\":\"Teknolojiyle G\u00fc\u00e7lenen End\u00fcstriyel \u00c7\u00f6z\u00fcmler!\",\"potentialAction\":[{\"@type\":\"SearchAction\",\"target\":{\"@type\":\"EntryPoint\",\"urlTemplate\":\"https:\/\/barrsell.com\/?s={search_term_string}\"},\"query-input\":\"required name=search_term_string\"}],\"inLanguage\":\"en-US\"}]}<\/script>\n<!-- \/ Yoast SEO Premium plugin. -->","yoast_head_json":{"title":"Harvia Xenio CX110CXW Wifi | Barrsell End\u00fcstri","description":"Harvia Xenio CX110CXW WiFi Kontrol \u00dcnitesi, modern sauna sistemleri i\u00e7in tasarlanm\u0131\u015f en geli\u015fmi\u015f ak\u0131ll\u0131 kontrol \u00e7\u00f6z\u00fcmlerinden biridir.","robots":{"index":"index","follow":"follow","max-snippet":"max-snippet:-1","max-image-preview":"max-image-preview:large","max-video-preview":"max-video-preview:-1"},"canonical":"https:\/\/barrsell.com\/en\/product\/harvia-xenio-cx110cxw-wifi\/","og_locale":"en_US","og_type":"article","og_title":"Harvia Xenio CX110CXW Wifi","og_description":"Harvia Xenio CX110CXW WiFi Kontrol \u00dcnitesi, modern sauna sistemleri i\u00e7in tasarlanm\u0131\u015f en geli\u015fmi\u015f ak\u0131ll\u0131 kontrol \u00e7\u00f6z\u00fcmlerinden biridir.","og_url":"https:\/\/barrsell.com\/en\/product\/harvia-xenio-cx110cxw-wifi\/","og_site_name":"Barrsell","article_modified_time":"2024-12-22T12:11:33+00:00","og_image":[{"width":1200,"height":1200,"url":"https:\/\/barrsell.com\/wp-content\/uploads\/2024\/08\/Harvia-Xenio-CX110CXW-Wifi.png","type":"image\/png"}],"twitter_card":"summary_large_image","twitter_misc":{"Est. reading time":"2 minutes"},"schema":{"@context":"https:\/\/schema.org","@graph":[{"@type":"WebPage","@id":"https:\/\/barrsell.com\/urun\/harvia-xenio-cx110cxw-wifi\/","url":"https:\/\/barrsell.com\/urun\/harvia-xenio-cx110cxw-wifi\/","name":"Harvia Xenio CX110CXW Wifi | Barrsell End\u00fcstri","isPartOf":{"@id":"https:\/\/barrsell.com\/#website"},"primaryImageOfPage":{"@id":"https:\/\/barrsell.com\/urun\/harvia-xenio-cx110cxw-wifi\/#primaryimage"},"image":{"@id":"https:\/\/barrsell.com\/urun\/harvia-xenio-cx110cxw-wifi\/#primaryimage"},"thumbnailUrl":"https:\/\/barrsell.com\/wp-content\/uploads\/2024\/08\/Harvia-Xenio-CX110CXW-Wifi.png","datePublished":"2024-08-29T11:16:15+00:00","dateModified":"2024-12-22T12:11:33+00:00","description":"Harvia Xenio CX110CXW WiFi Kontrol \u00dcnitesi, modern sauna sistemleri i\u00e7in tasarlanm\u0131\u015f en geli\u015fmi\u015f ak\u0131ll\u0131 kontrol \u00e7\u00f6z\u00fcmlerinden biridir.","breadcrumb":{"@id":"https:\/\/barrsell.com\/urun\/harvia-xenio-cx110cxw-wifi\/#breadcrumb"},"inLanguage":"en-US","potentialAction":[{"@type":"ReadAction","target":["https:\/\/barrsell.com\/urun\/harvia-xenio-cx110cxw-wifi\/"]}]},{"@type":"ImageObject","inLanguage":"en-US","@id":"https:\/\/barrsell.com\/urun\/harvia-xenio-cx110cxw-wifi\/#primaryimage","url":"https:\/\/barrsell.com\/wp-content\/uploads\/2024\/08\/Harvia-Xenio-CX110CXW-Wifi.png","contentUrl":"https:\/\/barrsell.com\/wp-content\/uploads\/2024\/08\/Harvia-Xenio-CX110CXW-Wifi.png","width":1200,"height":1200,"caption":"Harvia Xenio CX110CXW Wifi"},{"@type":"BreadcrumbList","@id":"https:\/\/barrsell.com\/urun\/harvia-xenio-cx110cxw-wifi\/#breadcrumb","itemListElement":[{"@type":"ListItem","position":1,"name":"Home","item":"https:\/\/barrsell.com\/"},{"@type":"ListItem","position":2,"name":"\u00dcr\u00fcnler","item":"https:\/\/barrsell.com\/en\/products\/"},{"@type":"ListItem","position":3,"name":"Harvia Xenio CX110CXW Wifi"}]},{"@type":"WebSite","@id":"https:\/\/barrsell.com\/#website","url":"https:\/\/barrsell.com\/","name":"Barrsell End\u00fcstri Makine","description":"Teknolojiyle G\u00fc\u00e7lenen End\u00fcstriyel \u00c7\u00f6z\u00fcmler!","potentialAction":[{"@type":"SearchAction","target":{"@type":"EntryPoint","urlTemplate":"https:\/\/barrsell.com\/?s={search_term_string}"},"query-input":"required name=search_term_string"}],"inLanguage":"en-US"}]}},"_links":{"self":[{"href":"https:\/\/barrsell.com\/en\/wp-json\/wp\/v2\/product\/13353","targetHints":{"allow":["GET"]}}],"collection":[{"href":"https:\/\/barrsell.com\/en\/wp-json\/wp\/v2\/product"}],"about":[{"href":"https:\/\/barrsell.com\/en\/wp-json\/wp\/v2\/types\/product"}],"version-history":[{"count":6,"href":"https:\/\/barrsell.com\/en\/wp-json\/wp\/v2\/product\/13353\/revisions"}],"predecessor-version":[{"id":16005,"href":"https:\/\/barrsell.com\/en\/wp-json\/wp\/v2\/product\/13353\/revisions\/16005"}],"wp:featuredmedia":[{"embeddable":true,"href":"https:\/\/barrsell.com\/en\/wp-json\/wp\/v2\/media\/13354"}],"wp:attachment":[{"href":"https:\/\/barrsell.com\/en\/wp-json\/wp\/v2\/media?parent=13353"}],"wp:term":[{"taxonomy":"product_cat","embeddable":true,"href":"https:\/\/barrsell.com\/en\/wp-json\/wp\/v2\/product_cat?post=13353"},{"taxonomy":"product_tag","embeddable":true,"href":"https:\/\/barrsell.com\/en\/wp-json\/wp\/v2\/product_tag?post=13353"}],"curies":[{"name":"wp","href":"https:\/\/api.w.org\/{rel}","templated":true}]}}