{"id":13350,"date":"2024-08-29T10:51:55","date_gmt":"2024-08-29T10:51:55","guid":{"rendered":"https:\/\/barrsell.com\/?post_type=product&#038;p=13350"},"modified":"2025-06-22T21:20:59","modified_gmt":"2025-06-22T21:20:59","slug":"harvia-xenio-cx170xw-wifi","status":"publish","type":"product","link":"https:\/\/barrsell.com\/en\/product\/harvia-xenio-cx170xw-wifi\/","title":{"rendered":"Xenio CX170XW WiFi"},"content":{"rendered":"<div class=\"flex max-w-full flex-col flex-grow\">\n<div class=\"min-h-[20px] text-message flex w-full flex-col items-end gap-2 break-words [.text-message+&amp;]:mt-5 overflow-x-auto whitespace-normal\" dir=\"auto\" data-message-author-role=\"assistant\" data-message-id=\"4728ae73-a508-4923-a0b3-03d17c0f3981\">\n<div class=\"flex w-full flex-col gap-1 empty:hidden first:pt-[3px]\">\n<div class=\"markdown prose w-full break-words dark:prose-invert light\">\n<h2>Harvia Xenio CX170XW WiFi Control Unit<\/h2>\n<p>The Harvia Xenio CX170XW WiFi Controller is a high-tech solution developed for modern sauna management. This innovative control unit allows you to easily control all functions of your sauna from your smartphone or tablet. A great choice for both personal and commercial uses, the CX170XW is designed to enhance the performance and comfort of your sauna.<\/p>\n<h4><strong>Remote Control with Advanced WiFi Connection<\/strong><\/h4>\n<p>Thanks to the integrated WiFi connection, it allows you to control your sauna through your smartphone or tablet. This feature of the control unit allows you to remotely manage the temperature, uptime and other important settings of your sauna. Thanks to Harvia's user-friendly mobile app, you can easily access all the control functions of your sauna, making your experience even more personalized.<\/p>\n<h4><strong>Comprehensive Control Features<\/strong><\/h4>\n<p>The CX170XW Control Unit offers a wide range of temperatures and flexible timer options. Its user-friendly interface allows you to precisely adjust the temperature and time settings of your sauna. These comprehensive control features optimize the performance of your sauna and increase your personal comfort.<\/p>\n<h4><strong>Energy Efficiency and Safety<\/strong><\/h4>\n<p>The Harvia Xenio CX170XW features exclusive smart technologies to improve energy efficiency. Minimizes energy consumption and prevents unnecessary energy waste. In addition, security features ensure the safe operation of your sauna and guarantee the safety of your users. These features meet high standards in terms of both energy efficiency and user safety.<\/p>\n<\/div>\n<\/div>\n<\/div>\n<\/div>","protected":false},"excerpt":{"rendered":"<p>Control unit cable length:5m<br \/>\nSensor cable length:4m<br \/>\nElectrical frequency: 50\/60 Hz<\/p>","protected":false},"featured_media":13351,"template":"","meta":[],"product_cat":[234,168],"product_tag":[],"class_list":{"0":"post-13350","1":"product","2":"type-product","3":"status-publish","4":"has-post-thumbnail","6":"product_cat-sauna-kontrol-uniteleri","7":"product_cat-harvia-kontrol-uniteleri","9":"first","10":"instock","11":"shipping-taxable","12":"product-type-simple"},"yoast_head":"<!-- This site is optimized with the Yoast SEO Premium plugin v23.2 (Yoast SEO v23.2) - https:\/\/yoast.com\/wordpress\/plugins\/seo\/ -->\n<title>Harvia Xenio CX170XW WiFi | Barrsell End\u00fcstri<\/title>\n<meta name=\"description\" content=\"Harvia Xenio CX170XW WiFi Kontrol \u00dcnitesi, modern sauna y\u00f6netimi i\u00e7in \u00f6zellkle geli\u015ftirilmi\u015f y\u00fcksek teknoloji \u00fcr\u00fcn\u00fc bir \u00e7\u00f6z\u00fcmd\u00fcr.\" \/>\n<meta name=\"robots\" content=\"index, follow, max-snippet:-1, max-image-preview:large, max-video-preview:-1\" \/>\n<link rel=\"canonical\" href=\"https:\/\/barrsell.com\/en\/product\/harvia-xenio-cx170xw-wifi\/\" \/>\n<meta property=\"og:locale\" content=\"en_US\" \/>\n<meta property=\"og:type\" content=\"article\" \/>\n<meta property=\"og:title\" content=\"Harvia Xenio CX170XW WiFi\" \/>\n<meta property=\"og:description\" content=\"Harvia Xenio CX170XW WiFi Kontrol \u00dcnitesi, modern sauna y\u00f6netimi i\u00e7in \u00f6zellkle geli\u015ftirilmi\u015f y\u00fcksek teknoloji \u00fcr\u00fcn\u00fc bir \u00e7\u00f6z\u00fcmd\u00fcr.\" \/>\n<meta property=\"og:url\" content=\"https:\/\/barrsell.com\/en\/product\/harvia-xenio-cx170xw-wifi\/\" \/>\n<meta property=\"og:site_name\" content=\"Barrsell\" \/>\n<meta property=\"article:modified_time\" content=\"2025-06-22T21:20:59+00:00\" \/>\n<meta property=\"og:image\" content=\"https:\/\/barrsell.com\/wp-content\/uploads\/2024\/08\/Harvia-Xenio-CX170XW-WiFi.png\" \/>\n\t<meta property=\"og:image:width\" content=\"1200\" \/>\n\t<meta property=\"og:image:height\" content=\"1200\" \/>\n\t<meta property=\"og:image:type\" content=\"image\/png\" \/>\n<meta name=\"twitter:card\" content=\"summary_large_image\" \/>\n<meta name=\"twitter:label1\" content=\"Est. reading time\" \/>\n\t<meta name=\"twitter:data1\" content=\"2 minutes\" \/>\n<script type=\"application\/ld+json\" class=\"yoast-schema-graph\">{\"@context\":\"https:\/\/schema.org\",\"@graph\":[{\"@type\":\"WebPage\",\"@id\":\"https:\/\/barrsell.com\/urun\/harvia-xenio-cx170xw-wifi\/\",\"url\":\"https:\/\/barrsell.com\/urun\/harvia-xenio-cx170xw-wifi\/\",\"name\":\"Harvia Xenio CX170XW WiFi | Barrsell End\u00fcstri\",\"isPartOf\":{\"@id\":\"https:\/\/barrsell.com\/#website\"},\"primaryImageOfPage\":{\"@id\":\"https:\/\/barrsell.com\/urun\/harvia-xenio-cx170xw-wifi\/#primaryimage\"},\"image\":{\"@id\":\"https:\/\/barrsell.com\/urun\/harvia-xenio-cx170xw-wifi\/#primaryimage\"},\"thumbnailUrl\":\"https:\/\/barrsell.com\/wp-content\/uploads\/2024\/08\/Harvia-Xenio-CX170XW-WiFi.png\",\"datePublished\":\"2024-08-29T10:51:55+00:00\",\"dateModified\":\"2025-06-22T21:20:59+00:00\",\"description\":\"Harvia Xenio CX170XW WiFi Kontrol \u00dcnitesi, modern sauna y\u00f6netimi i\u00e7in \u00f6zellkle geli\u015ftirilmi\u015f y\u00fcksek teknoloji \u00fcr\u00fcn\u00fc bir \u00e7\u00f6z\u00fcmd\u00fcr.\",\"breadcrumb\":{\"@id\":\"https:\/\/barrsell.com\/urun\/harvia-xenio-cx170xw-wifi\/#breadcrumb\"},\"inLanguage\":\"en-US\",\"potentialAction\":[{\"@type\":\"ReadAction\",\"target\":[\"https:\/\/barrsell.com\/urun\/harvia-xenio-cx170xw-wifi\/\"]}]},{\"@type\":\"ImageObject\",\"inLanguage\":\"en-US\",\"@id\":\"https:\/\/barrsell.com\/urun\/harvia-xenio-cx170xw-wifi\/#primaryimage\",\"url\":\"https:\/\/barrsell.com\/wp-content\/uploads\/2024\/08\/Harvia-Xenio-CX170XW-WiFi.png\",\"contentUrl\":\"https:\/\/barrsell.com\/wp-content\/uploads\/2024\/08\/Harvia-Xenio-CX170XW-WiFi.png\",\"width\":1200,\"height\":1200,\"caption\":\"Harvia Xenio CX170XW WiFi\"},{\"@type\":\"BreadcrumbList\",\"@id\":\"https:\/\/barrsell.com\/urun\/harvia-xenio-cx170xw-wifi\/#breadcrumb\",\"itemListElement\":[{\"@type\":\"ListItem\",\"position\":1,\"name\":\"Home\",\"item\":\"https:\/\/barrsell.com\/\"},{\"@type\":\"ListItem\",\"position\":2,\"name\":\"\u00dcr\u00fcnler\",\"item\":\"https:\/\/barrsell.com\/en\/products\/\"},{\"@type\":\"ListItem\",\"position\":3,\"name\":\"Harvia Xenio CX170XW WiFi\"}]},{\"@type\":\"WebSite\",\"@id\":\"https:\/\/barrsell.com\/#website\",\"url\":\"https:\/\/barrsell.com\/\",\"name\":\"Barrsell End\u00fcstri Makine\",\"description\":\"Teknolojiyle G\u00fc\u00e7lenen End\u00fcstriyel \u00c7\u00f6z\u00fcmler!\",\"potentialAction\":[{\"@type\":\"SearchAction\",\"target\":{\"@type\":\"EntryPoint\",\"urlTemplate\":\"https:\/\/barrsell.com\/?s={search_term_string}\"},\"query-input\":\"required name=search_term_string\"}],\"inLanguage\":\"en-US\"}]}<\/script>\n<!-- \/ Yoast SEO Premium plugin. -->","yoast_head_json":{"title":"Harvia Xenio CX170XW WiFi | Barrsell End\u00fcstri","description":"Harvia Xenio CX170XW WiFi Kontrol \u00dcnitesi, modern sauna y\u00f6netimi i\u00e7in \u00f6zellkle geli\u015ftirilmi\u015f y\u00fcksek teknoloji \u00fcr\u00fcn\u00fc bir \u00e7\u00f6z\u00fcmd\u00fcr.","robots":{"index":"index","follow":"follow","max-snippet":"max-snippet:-1","max-image-preview":"max-image-preview:large","max-video-preview":"max-video-preview:-1"},"canonical":"https:\/\/barrsell.com\/en\/product\/harvia-xenio-cx170xw-wifi\/","og_locale":"en_US","og_type":"article","og_title":"Harvia Xenio CX170XW WiFi","og_description":"Harvia Xenio CX170XW WiFi Kontrol \u00dcnitesi, modern sauna y\u00f6netimi i\u00e7in \u00f6zellkle geli\u015ftirilmi\u015f y\u00fcksek teknoloji \u00fcr\u00fcn\u00fc bir \u00e7\u00f6z\u00fcmd\u00fcr.","og_url":"https:\/\/barrsell.com\/en\/product\/harvia-xenio-cx170xw-wifi\/","og_site_name":"Barrsell","article_modified_time":"2025-06-22T21:20:59+00:00","og_image":[{"width":1200,"height":1200,"url":"https:\/\/barrsell.com\/wp-content\/uploads\/2024\/08\/Harvia-Xenio-CX170XW-WiFi.png","type":"image\/png"}],"twitter_card":"summary_large_image","twitter_misc":{"Est. reading time":"2 minutes"},"schema":{"@context":"https:\/\/schema.org","@graph":[{"@type":"WebPage","@id":"https:\/\/barrsell.com\/urun\/harvia-xenio-cx170xw-wifi\/","url":"https:\/\/barrsell.com\/urun\/harvia-xenio-cx170xw-wifi\/","name":"Harvia Xenio CX170XW WiFi | Barrsell End\u00fcstri","isPartOf":{"@id":"https:\/\/barrsell.com\/#website"},"primaryImageOfPage":{"@id":"https:\/\/barrsell.com\/urun\/harvia-xenio-cx170xw-wifi\/#primaryimage"},"image":{"@id":"https:\/\/barrsell.com\/urun\/harvia-xenio-cx170xw-wifi\/#primaryimage"},"thumbnailUrl":"https:\/\/barrsell.com\/wp-content\/uploads\/2024\/08\/Harvia-Xenio-CX170XW-WiFi.png","datePublished":"2024-08-29T10:51:55+00:00","dateModified":"2025-06-22T21:20:59+00:00","description":"Harvia Xenio CX170XW WiFi Kontrol \u00dcnitesi, modern sauna y\u00f6netimi i\u00e7in \u00f6zellkle geli\u015ftirilmi\u015f y\u00fcksek teknoloji \u00fcr\u00fcn\u00fc bir \u00e7\u00f6z\u00fcmd\u00fcr.","breadcrumb":{"@id":"https:\/\/barrsell.com\/urun\/harvia-xenio-cx170xw-wifi\/#breadcrumb"},"inLanguage":"en-US","potentialAction":[{"@type":"ReadAction","target":["https:\/\/barrsell.com\/urun\/harvia-xenio-cx170xw-wifi\/"]}]},{"@type":"ImageObject","inLanguage":"en-US","@id":"https:\/\/barrsell.com\/urun\/harvia-xenio-cx170xw-wifi\/#primaryimage","url":"https:\/\/barrsell.com\/wp-content\/uploads\/2024\/08\/Harvia-Xenio-CX170XW-WiFi.png","contentUrl":"https:\/\/barrsell.com\/wp-content\/uploads\/2024\/08\/Harvia-Xenio-CX170XW-WiFi.png","width":1200,"height":1200,"caption":"Harvia Xenio CX170XW WiFi"},{"@type":"BreadcrumbList","@id":"https:\/\/barrsell.com\/urun\/harvia-xenio-cx170xw-wifi\/#breadcrumb","itemListElement":[{"@type":"ListItem","position":1,"name":"Home","item":"https:\/\/barrsell.com\/"},{"@type":"ListItem","position":2,"name":"\u00dcr\u00fcnler","item":"https:\/\/barrsell.com\/en\/products\/"},{"@type":"ListItem","position":3,"name":"Harvia Xenio CX170XW WiFi"}]},{"@type":"WebSite","@id":"https:\/\/barrsell.com\/#website","url":"https:\/\/barrsell.com\/","name":"Barrsell End\u00fcstri Makine","description":"Teknolojiyle G\u00fc\u00e7lenen End\u00fcstriyel \u00c7\u00f6z\u00fcmler!","potentialAction":[{"@type":"SearchAction","target":{"@type":"EntryPoint","urlTemplate":"https:\/\/barrsell.com\/?s={search_term_string}"},"query-input":"required name=search_term_string"}],"inLanguage":"en-US"}]}},"_links":{"self":[{"href":"https:\/\/barrsell.com\/en\/wp-json\/wp\/v2\/product\/13350","targetHints":{"allow":["GET"]}}],"collection":[{"href":"https:\/\/barrsell.com\/en\/wp-json\/wp\/v2\/product"}],"about":[{"href":"https:\/\/barrsell.com\/en\/wp-json\/wp\/v2\/types\/product"}],"version-history":[{"count":6,"href":"https:\/\/barrsell.com\/en\/wp-json\/wp\/v2\/product\/13350\/revisions"}],"predecessor-version":[{"id":19491,"href":"https:\/\/barrsell.com\/en\/wp-json\/wp\/v2\/product\/13350\/revisions\/19491"}],"wp:featuredmedia":[{"embeddable":true,"href":"https:\/\/barrsell.com\/en\/wp-json\/wp\/v2\/media\/13351"}],"wp:attachment":[{"href":"https:\/\/barrsell.com\/en\/wp-json\/wp\/v2\/media?parent=13350"}],"wp:term":[{"taxonomy":"product_cat","embeddable":true,"href":"https:\/\/barrsell.com\/en\/wp-json\/wp\/v2\/product_cat?post=13350"},{"taxonomy":"product_tag","embeddable":true,"href":"https:\/\/barrsell.com\/en\/wp-json\/wp\/v2\/product_tag?post=13350"}],"curies":[{"name":"wp","href":"https:\/\/api.w.org\/{rel}","templated":true}]}}