{"id":13347,"date":"2024-08-29T10:44:42","date_gmt":"2024-08-29T10:44:42","guid":{"rendered":"https:\/\/barrsell.com\/?post_type=product&#038;p=13347"},"modified":"2025-06-22T21:20:22","modified_gmt":"2025-06-22T21:20:22","slug":"harvia-cg170-kontrol-unitesi","status":"publish","type":"product","link":"https:\/\/barrsell.com\/en\/product\/harvia-cg170-control-unit\/","title":{"rendered":"Harvia CG170 Control Unit"},"content":{"rendered":"<h2><strong>Harvia CG170 Control Unit: Smart Control Solution that Boosts Your Sauna Experience<\/strong><\/h2>\n<p>The Harvia CG170 Controller stands out as a high-tech solution that offers high performance and flexibility in the management of your sauna systems. Allows you to precisely manage all control functions of your sauna. It is also designed to improve user comfort and efficiency. Ideal for both commercial and personal use, the CG170 takes your sauna experience to the next level.<\/p>\n<p>The Harvia CG170 allows you to precisely control the temperature, timer and other important settings of your sauna. So its modern and user-friendly interface allows you to perform all control operations easily and quickly. This ensures efficient use by maximizing the performance of your sauna.<\/p>\n<h4><strong>Flexible Temperature and Timer Settings<\/strong><\/h4>\n<p>The CG170 Control Unit offers a wide temperature range. And also with flexible timer options, it allows you to set the working time of your sauna according to your personal needs. This flexibility optimizes the energy consumption of your sauna and increases user comfort. Adjusting the temperature and time settings correctly will increase the energy efficiency of your sauna, making it more economical to use.<\/p>\n<h4><strong>Energy Efficiency and Safety<\/strong><\/h4>\n<p>The Harvia CG170 is designed to improve energy efficiency. Thanks to its advanced technologies, it minimizes energy consumption and prevents unnecessary energy waste. In addition, security features ensure that your sauna operates safely. Thus, the safety and comfort of your users are kept in the forefront.<\/p>","protected":false},"excerpt":{"rendered":"<p>Power class:17 kW<br \/>\nElectrical frequency: 50\/60 Hz<\/p>\n<p>&nbsp;<\/p>","protected":false},"featured_media":13348,"template":"","meta":[],"product_cat":[234,168],"product_tag":[],"class_list":{"0":"post-13347","1":"product","2":"type-product","3":"status-publish","4":"has-post-thumbnail","6":"product_cat-sauna-kontrol-uniteleri","7":"product_cat-harvia-kontrol-uniteleri","9":"first","10":"instock","11":"shipping-taxable","12":"product-type-simple"},"yoast_head":"<!-- This site is optimized with the Yoast SEO Premium plugin v23.2 (Yoast SEO v23.2) - https:\/\/yoast.com\/wordpress\/plugins\/seo\/ -->\n<title>Harvia CG170 Kontrol \u00dcnitesi | Barrsell End\u00fcstri<\/title>\n<meta name=\"description\" content=\"Harvia CG170 Kontrol \u00dcnitesi, sauna sistemlerinizin y\u00f6netiminde y\u00fcksek performans ve esneklik sunan ileri teknoloji \u00fcr\u00fcn\u00fc bir \u00e7\u00f6z\u00fcm olarak \u00f6ne \u00e7\u0131kmaktad\u0131r.\" \/>\n<meta name=\"robots\" content=\"index, follow, max-snippet:-1, max-image-preview:large, max-video-preview:-1\" \/>\n<link rel=\"canonical\" href=\"https:\/\/barrsell.com\/en\/product\/harvia-cg170-control-unit\/\" \/>\n<meta property=\"og:locale\" content=\"en_US\" \/>\n<meta property=\"og:type\" content=\"article\" \/>\n<meta property=\"og:title\" content=\"Harvia CG170 Kontrol \u00dcnitesi\" \/>\n<meta property=\"og:description\" content=\"Harvia CG170 Kontrol \u00dcnitesi, sauna sistemlerinizin y\u00f6netiminde y\u00fcksek performans ve esneklik sunan ileri teknoloji \u00fcr\u00fcn\u00fc bir \u00e7\u00f6z\u00fcm olarak \u00f6ne \u00e7\u0131kmaktad\u0131r.\" \/>\n<meta property=\"og:url\" content=\"https:\/\/barrsell.com\/en\/product\/harvia-cg170-control-unit\/\" \/>\n<meta property=\"og:site_name\" content=\"Barrsell\" \/>\n<meta property=\"article:modified_time\" content=\"2025-06-22T21:20:22+00:00\" \/>\n<meta property=\"og:image\" content=\"https:\/\/barrsell.com\/wp-content\/uploads\/2024\/08\/Harvia-CG170-Kontrol-Unitesi.png\" \/>\n\t<meta property=\"og:image:width\" content=\"1200\" \/>\n\t<meta property=\"og:image:height\" content=\"1200\" \/>\n\t<meta property=\"og:image:type\" content=\"image\/png\" \/>\n<meta name=\"twitter:card\" content=\"summary_large_image\" \/>\n<meta name=\"twitter:label1\" content=\"Est. reading time\" \/>\n\t<meta name=\"twitter:data1\" content=\"2 minutes\" \/>\n<script type=\"application\/ld+json\" class=\"yoast-schema-graph\">{\"@context\":\"https:\/\/schema.org\",\"@graph\":[{\"@type\":\"WebPage\",\"@id\":\"https:\/\/barrsell.com\/urun\/harvia-cg170-kontrol-unitesi\/\",\"url\":\"https:\/\/barrsell.com\/urun\/harvia-cg170-kontrol-unitesi\/\",\"name\":\"Harvia CG170 Kontrol \u00dcnitesi | Barrsell End\u00fcstri\",\"isPartOf\":{\"@id\":\"https:\/\/barrsell.com\/#website\"},\"primaryImageOfPage\":{\"@id\":\"https:\/\/barrsell.com\/urun\/harvia-cg170-kontrol-unitesi\/#primaryimage\"},\"image\":{\"@id\":\"https:\/\/barrsell.com\/urun\/harvia-cg170-kontrol-unitesi\/#primaryimage\"},\"thumbnailUrl\":\"https:\/\/barrsell.com\/wp-content\/uploads\/2024\/08\/Harvia-CG170-Kontrol-Unitesi.png\",\"datePublished\":\"2024-08-29T10:44:42+00:00\",\"dateModified\":\"2025-06-22T21:20:22+00:00\",\"description\":\"Harvia CG170 Kontrol \u00dcnitesi, sauna sistemlerinizin y\u00f6netiminde y\u00fcksek performans ve esneklik sunan ileri teknoloji \u00fcr\u00fcn\u00fc bir \u00e7\u00f6z\u00fcm olarak \u00f6ne \u00e7\u0131kmaktad\u0131r.\",\"breadcrumb\":{\"@id\":\"https:\/\/barrsell.com\/urun\/harvia-cg170-kontrol-unitesi\/#breadcrumb\"},\"inLanguage\":\"en-US\",\"potentialAction\":[{\"@type\":\"ReadAction\",\"target\":[\"https:\/\/barrsell.com\/urun\/harvia-cg170-kontrol-unitesi\/\"]}]},{\"@type\":\"ImageObject\",\"inLanguage\":\"en-US\",\"@id\":\"https:\/\/barrsell.com\/urun\/harvia-cg170-kontrol-unitesi\/#primaryimage\",\"url\":\"https:\/\/barrsell.com\/wp-content\/uploads\/2024\/08\/Harvia-CG170-Kontrol-Unitesi.png\",\"contentUrl\":\"https:\/\/barrsell.com\/wp-content\/uploads\/2024\/08\/Harvia-CG170-Kontrol-Unitesi.png\",\"width\":1200,\"height\":1200,\"caption\":\"Harvia CG170 Kontrol \u00dcnitesi\"},{\"@type\":\"BreadcrumbList\",\"@id\":\"https:\/\/barrsell.com\/urun\/harvia-cg170-kontrol-unitesi\/#breadcrumb\",\"itemListElement\":[{\"@type\":\"ListItem\",\"position\":1,\"name\":\"Home\",\"item\":\"https:\/\/barrsell.com\/\"},{\"@type\":\"ListItem\",\"position\":2,\"name\":\"\u00dcr\u00fcnler\",\"item\":\"https:\/\/barrsell.com\/en\/products\/\"},{\"@type\":\"ListItem\",\"position\":3,\"name\":\"Harvia CG170 Kontrol \u00dcnitesi\"}]},{\"@type\":\"WebSite\",\"@id\":\"https:\/\/barrsell.com\/#website\",\"url\":\"https:\/\/barrsell.com\/\",\"name\":\"Barrsell End\u00fcstri Makine\",\"description\":\"Teknolojiyle G\u00fc\u00e7lenen End\u00fcstriyel \u00c7\u00f6z\u00fcmler!\",\"potentialAction\":[{\"@type\":\"SearchAction\",\"target\":{\"@type\":\"EntryPoint\",\"urlTemplate\":\"https:\/\/barrsell.com\/?s={search_term_string}\"},\"query-input\":\"required name=search_term_string\"}],\"inLanguage\":\"en-US\"}]}<\/script>\n<!-- \/ Yoast SEO Premium plugin. -->","yoast_head_json":{"title":"Harvia CG170 Kontrol \u00dcnitesi | Barrsell End\u00fcstri","description":"Harvia CG170 Kontrol \u00dcnitesi, sauna sistemlerinizin y\u00f6netiminde y\u00fcksek performans ve esneklik sunan ileri teknoloji \u00fcr\u00fcn\u00fc bir \u00e7\u00f6z\u00fcm olarak \u00f6ne \u00e7\u0131kmaktad\u0131r.","robots":{"index":"index","follow":"follow","max-snippet":"max-snippet:-1","max-image-preview":"max-image-preview:large","max-video-preview":"max-video-preview:-1"},"canonical":"https:\/\/barrsell.com\/en\/product\/harvia-cg170-control-unit\/","og_locale":"en_US","og_type":"article","og_title":"Harvia CG170 Kontrol \u00dcnitesi","og_description":"Harvia CG170 Kontrol \u00dcnitesi, sauna sistemlerinizin y\u00f6netiminde y\u00fcksek performans ve esneklik sunan ileri teknoloji \u00fcr\u00fcn\u00fc bir \u00e7\u00f6z\u00fcm olarak \u00f6ne \u00e7\u0131kmaktad\u0131r.","og_url":"https:\/\/barrsell.com\/en\/product\/harvia-cg170-control-unit\/","og_site_name":"Barrsell","article_modified_time":"2025-06-22T21:20:22+00:00","og_image":[{"width":1200,"height":1200,"url":"https:\/\/barrsell.com\/wp-content\/uploads\/2024\/08\/Harvia-CG170-Kontrol-Unitesi.png","type":"image\/png"}],"twitter_card":"summary_large_image","twitter_misc":{"Est. reading time":"2 minutes"},"schema":{"@context":"https:\/\/schema.org","@graph":[{"@type":"WebPage","@id":"https:\/\/barrsell.com\/urun\/harvia-cg170-kontrol-unitesi\/","url":"https:\/\/barrsell.com\/urun\/harvia-cg170-kontrol-unitesi\/","name":"Harvia CG170 Kontrol \u00dcnitesi | Barrsell End\u00fcstri","isPartOf":{"@id":"https:\/\/barrsell.com\/#website"},"primaryImageOfPage":{"@id":"https:\/\/barrsell.com\/urun\/harvia-cg170-kontrol-unitesi\/#primaryimage"},"image":{"@id":"https:\/\/barrsell.com\/urun\/harvia-cg170-kontrol-unitesi\/#primaryimage"},"thumbnailUrl":"https:\/\/barrsell.com\/wp-content\/uploads\/2024\/08\/Harvia-CG170-Kontrol-Unitesi.png","datePublished":"2024-08-29T10:44:42+00:00","dateModified":"2025-06-22T21:20:22+00:00","description":"Harvia CG170 Kontrol \u00dcnitesi, sauna sistemlerinizin y\u00f6netiminde y\u00fcksek performans ve esneklik sunan ileri teknoloji \u00fcr\u00fcn\u00fc bir \u00e7\u00f6z\u00fcm olarak \u00f6ne \u00e7\u0131kmaktad\u0131r.","breadcrumb":{"@id":"https:\/\/barrsell.com\/urun\/harvia-cg170-kontrol-unitesi\/#breadcrumb"},"inLanguage":"en-US","potentialAction":[{"@type":"ReadAction","target":["https:\/\/barrsell.com\/urun\/harvia-cg170-kontrol-unitesi\/"]}]},{"@type":"ImageObject","inLanguage":"en-US","@id":"https:\/\/barrsell.com\/urun\/harvia-cg170-kontrol-unitesi\/#primaryimage","url":"https:\/\/barrsell.com\/wp-content\/uploads\/2024\/08\/Harvia-CG170-Kontrol-Unitesi.png","contentUrl":"https:\/\/barrsell.com\/wp-content\/uploads\/2024\/08\/Harvia-CG170-Kontrol-Unitesi.png","width":1200,"height":1200,"caption":"Harvia CG170 Kontrol \u00dcnitesi"},{"@type":"BreadcrumbList","@id":"https:\/\/barrsell.com\/urun\/harvia-cg170-kontrol-unitesi\/#breadcrumb","itemListElement":[{"@type":"ListItem","position":1,"name":"Home","item":"https:\/\/barrsell.com\/"},{"@type":"ListItem","position":2,"name":"\u00dcr\u00fcnler","item":"https:\/\/barrsell.com\/en\/products\/"},{"@type":"ListItem","position":3,"name":"Harvia CG170 Kontrol \u00dcnitesi"}]},{"@type":"WebSite","@id":"https:\/\/barrsell.com\/#website","url":"https:\/\/barrsell.com\/","name":"Barrsell End\u00fcstri Makine","description":"Teknolojiyle G\u00fc\u00e7lenen End\u00fcstriyel \u00c7\u00f6z\u00fcmler!","potentialAction":[{"@type":"SearchAction","target":{"@type":"EntryPoint","urlTemplate":"https:\/\/barrsell.com\/?s={search_term_string}"},"query-input":"required name=search_term_string"}],"inLanguage":"en-US"}]}},"_links":{"self":[{"href":"https:\/\/barrsell.com\/en\/wp-json\/wp\/v2\/product\/13347","targetHints":{"allow":["GET"]}}],"collection":[{"href":"https:\/\/barrsell.com\/en\/wp-json\/wp\/v2\/product"}],"about":[{"href":"https:\/\/barrsell.com\/en\/wp-json\/wp\/v2\/types\/product"}],"version-history":[{"count":5,"href":"https:\/\/barrsell.com\/en\/wp-json\/wp\/v2\/product\/13347\/revisions"}],"predecessor-version":[{"id":19493,"href":"https:\/\/barrsell.com\/en\/wp-json\/wp\/v2\/product\/13347\/revisions\/19493"}],"wp:featuredmedia":[{"embeddable":true,"href":"https:\/\/barrsell.com\/en\/wp-json\/wp\/v2\/media\/13348"}],"wp:attachment":[{"href":"https:\/\/barrsell.com\/en\/wp-json\/wp\/v2\/media?parent=13347"}],"wp:term":[{"taxonomy":"product_cat","embeddable":true,"href":"https:\/\/barrsell.com\/en\/wp-json\/wp\/v2\/product_cat?post=13347"},{"taxonomy":"product_tag","embeddable":true,"href":"https:\/\/barrsell.com\/en\/wp-json\/wp\/v2\/product_tag?post=13347"}],"curies":[{"name":"wp","href":"https:\/\/api.w.org\/{rel}","templated":true}]}}