{"id":13344,"date":"2024-08-29T10:40:09","date_gmt":"2024-08-29T10:40:09","guid":{"rendered":"https:\/\/barrsell.com\/?post_type=product&#038;p=13344"},"modified":"2024-12-22T13:32:12","modified_gmt":"2024-12-22T13:32:12","slug":"harvia-senlog-cf9c-kontrol","status":"publish","type":"product","link":"https:\/\/barrsell.com\/en\/product\/harvia-senlog-cf9c-control\/","title":{"rendered":"Harvia Senlog CF9C Control"},"content":{"rendered":"<div class=\"flex max-w-full flex-col flex-grow\">\n<div class=\"min-h-[20px] text-message flex w-full flex-col items-end gap-2 break-words [.text-message+&amp;]:mt-5 overflow-x-auto whitespace-normal\" dir=\"auto\" data-message-author-role=\"assistant\" data-message-id=\"91e37477-0be1-4e1b-bd23-e99364f29575\">\n<div class=\"flex w-full flex-col gap-1 empty:hidden first:pt-[3px]\">\n<div class=\"markdown prose w-full break-words dark:prose-invert light\">\n<h2>Harvia Senlog CF9C Control Unit: Advanced Level Control and Comfort 9 kW for your sauna<\/h2>\n<p>The Harvia Senlog CF9C Control Unit is a control solution that offers high performance and flexibility in modern sauna systems. The technological innovations that this advanced unit offers will maximize the user experience while optimizing the performance of your sauna. CF9C is an ideal choice for both commercial and personal sauna applications. And it also intelligently manages all the functions of your sauna.<\/p>\n<h4><strong>Superior Performance with Advanced Control Features<\/strong><\/h4>\n<p>The Harvia Senlog CF9C allows you to precisely control the temperature, timer and other important parameters of your sauna. Intelligent control functions, combined with a user-friendly interface, allow you to easily perform all the management functions of your sauna. The high-performance structure of CF9C supports the efficient operation of your sauna.<\/p>\n<h4><strong>Flexible Temperature and Timer Settings<\/strong><\/h4>\n<p>The CF9C Control Unit offers a wide range of temperatures and flexible timer options. Thanks to these features, you can adjust the operating times and temperature levels of your sauna according to personal preferences. So, while optimizing the energy consumption of your sauna, you can maximize comfort.<\/p>\n<h4><strong>Energy Efficiency and Safety<\/strong><\/h4>\n<p>The Harvia Senlog CF9C features smart technologies that improve energy efficiency. These properties minimize the energy consumption of your sauna and prevent unnecessary energy waste. In addition, integrated security systems ensure the safe operation of your sauna and guarantee user safety.<\/p>\n<h4><strong>Easy Installation and Integration<\/strong><\/h4>\n<p>The CF9C Control Unit can be easily integrated into your existing sauna systems. Especially user-friendly mounting and adjustment options allow for a quick and trouble-free installation. Working in perfect harmony with other products of Harvia, it improves the overall performance of your sauna system and provides a seamless experience of use.<\/p>\n<\/div>\n<\/div>\n<\/div>\n<\/div>","protected":false},"excerpt":{"rendered":"<p>Power output:9 kW<br \/>\nIP Class:IPX4<br \/>\nElectrical Frequency:50\/60 Hz<\/p>","protected":false},"featured_media":13345,"template":"","meta":[],"product_cat":[234,168],"product_tag":[],"class_list":{"0":"post-13344","1":"product","2":"type-product","3":"status-publish","4":"has-post-thumbnail","6":"product_cat-sauna-kontrol-uniteleri","7":"product_cat-harvia-kontrol-uniteleri","9":"first","10":"outofstock","11":"shipping-taxable","12":"product-type-variable"},"yoast_head":"<!-- This site is optimized with the Yoast SEO Premium plugin v23.2 (Yoast SEO v23.2) - https:\/\/yoast.com\/wordpress\/plugins\/seo\/ -->\n<title>Harvia Senlog CF9C Kontrol | Barrsell End\u00fcstri<\/title>\n<meta name=\"description\" content=\"Harvia Senlog CF9C Kontrol \u00dcnitesi, modern sauna sistemlerinde y\u00fcksek performans ve esneklik sunan bir kontrol \u00e7\u00f6z\u00fcm\u00fcd\u00fcr. Bu geli\u015fmi\u015f \u00fcnitenin sundu\u011fu\" \/>\n<meta name=\"robots\" content=\"index, follow, max-snippet:-1, max-image-preview:large, max-video-preview:-1\" \/>\n<link rel=\"canonical\" href=\"https:\/\/barrsell.com\/en\/product\/harvia-senlog-cf9c-control\/\" \/>\n<meta property=\"og:locale\" content=\"en_US\" \/>\n<meta property=\"og:type\" content=\"article\" \/>\n<meta property=\"og:title\" content=\"Harvia Senlog CF9C Kontrol\" \/>\n<meta property=\"og:description\" content=\"Harvia Senlog CF9C Kontrol \u00dcnitesi, modern sauna sistemlerinde y\u00fcksek performans ve esneklik sunan bir kontrol \u00e7\u00f6z\u00fcm\u00fcd\u00fcr. Bu geli\u015fmi\u015f \u00fcnitenin sundu\u011fu\" \/>\n<meta property=\"og:url\" content=\"https:\/\/barrsell.com\/en\/product\/harvia-senlog-cf9c-control\/\" \/>\n<meta property=\"og:site_name\" content=\"Barrsell\" \/>\n<meta property=\"article:modified_time\" content=\"2024-12-22T13:32:12+00:00\" \/>\n<meta property=\"og:image\" content=\"https:\/\/barrsell.com\/wp-content\/uploads\/2024\/08\/Harvia-Senlog-CF9C-Kontrol.png\" \/>\n\t<meta property=\"og:image:width\" content=\"1200\" \/>\n\t<meta property=\"og:image:height\" content=\"1200\" \/>\n\t<meta property=\"og:image:type\" content=\"image\/png\" \/>\n<meta name=\"twitter:card\" content=\"summary_large_image\" \/>\n<meta name=\"twitter:label1\" content=\"Est. reading time\" \/>\n\t<meta name=\"twitter:data1\" content=\"2 minutes\" \/>\n<script type=\"application\/ld+json\" class=\"yoast-schema-graph\">{\"@context\":\"https:\/\/schema.org\",\"@graph\":[{\"@type\":\"WebPage\",\"@id\":\"https:\/\/barrsell.com\/urun\/harvia-senlog-cf9c-kontrol\/\",\"url\":\"https:\/\/barrsell.com\/urun\/harvia-senlog-cf9c-kontrol\/\",\"name\":\"Harvia Senlog CF9C Kontrol | Barrsell End\u00fcstri\",\"isPartOf\":{\"@id\":\"https:\/\/barrsell.com\/#website\"},\"primaryImageOfPage\":{\"@id\":\"https:\/\/barrsell.com\/urun\/harvia-senlog-cf9c-kontrol\/#primaryimage\"},\"image\":{\"@id\":\"https:\/\/barrsell.com\/urun\/harvia-senlog-cf9c-kontrol\/#primaryimage\"},\"thumbnailUrl\":\"https:\/\/barrsell.com\/wp-content\/uploads\/2024\/08\/Harvia-Senlog-CF9C-Kontrol.png\",\"datePublished\":\"2024-08-29T10:40:09+00:00\",\"dateModified\":\"2024-12-22T13:32:12+00:00\",\"description\":\"Harvia Senlog CF9C Kontrol \u00dcnitesi, modern sauna sistemlerinde y\u00fcksek performans ve esneklik sunan bir kontrol \u00e7\u00f6z\u00fcm\u00fcd\u00fcr. Bu geli\u015fmi\u015f \u00fcnitenin sundu\u011fu\",\"breadcrumb\":{\"@id\":\"https:\/\/barrsell.com\/urun\/harvia-senlog-cf9c-kontrol\/#breadcrumb\"},\"inLanguage\":\"en-US\",\"potentialAction\":[{\"@type\":\"ReadAction\",\"target\":[\"https:\/\/barrsell.com\/urun\/harvia-senlog-cf9c-kontrol\/\"]}]},{\"@type\":\"ImageObject\",\"inLanguage\":\"en-US\",\"@id\":\"https:\/\/barrsell.com\/urun\/harvia-senlog-cf9c-kontrol\/#primaryimage\",\"url\":\"https:\/\/barrsell.com\/wp-content\/uploads\/2024\/08\/Harvia-Senlog-CF9C-Kontrol.png\",\"contentUrl\":\"https:\/\/barrsell.com\/wp-content\/uploads\/2024\/08\/Harvia-Senlog-CF9C-Kontrol.png\",\"width\":1200,\"height\":1200,\"caption\":\"Harvia Senlog CF9C Kontrol\"},{\"@type\":\"BreadcrumbList\",\"@id\":\"https:\/\/barrsell.com\/urun\/harvia-senlog-cf9c-kontrol\/#breadcrumb\",\"itemListElement\":[{\"@type\":\"ListItem\",\"position\":1,\"name\":\"Home\",\"item\":\"https:\/\/barrsell.com\/\"},{\"@type\":\"ListItem\",\"position\":2,\"name\":\"\u00dcr\u00fcnler\",\"item\":\"https:\/\/barrsell.com\/en\/products\/\"},{\"@type\":\"ListItem\",\"position\":3,\"name\":\"Harvia Senlog CF9C Kontrol\"}]},{\"@type\":\"WebSite\",\"@id\":\"https:\/\/barrsell.com\/#website\",\"url\":\"https:\/\/barrsell.com\/\",\"name\":\"Barrsell End\u00fcstri Makine\",\"description\":\"Teknolojiyle G\u00fc\u00e7lenen End\u00fcstriyel \u00c7\u00f6z\u00fcmler!\",\"potentialAction\":[{\"@type\":\"SearchAction\",\"target\":{\"@type\":\"EntryPoint\",\"urlTemplate\":\"https:\/\/barrsell.com\/?s={search_term_string}\"},\"query-input\":\"required name=search_term_string\"}],\"inLanguage\":\"en-US\"}]}<\/script>\n<!-- \/ Yoast SEO Premium plugin. -->","yoast_head_json":{"title":"Harvia Senlog CF9C Kontrol | Barrsell End\u00fcstri","description":"Harvia Senlog CF9C Kontrol \u00dcnitesi, modern sauna sistemlerinde y\u00fcksek performans ve esneklik sunan bir kontrol \u00e7\u00f6z\u00fcm\u00fcd\u00fcr. Bu geli\u015fmi\u015f \u00fcnitenin sundu\u011fu","robots":{"index":"index","follow":"follow","max-snippet":"max-snippet:-1","max-image-preview":"max-image-preview:large","max-video-preview":"max-video-preview:-1"},"canonical":"https:\/\/barrsell.com\/en\/product\/harvia-senlog-cf9c-control\/","og_locale":"en_US","og_type":"article","og_title":"Harvia Senlog CF9C Kontrol","og_description":"Harvia Senlog CF9C Kontrol \u00dcnitesi, modern sauna sistemlerinde y\u00fcksek performans ve esneklik sunan bir kontrol \u00e7\u00f6z\u00fcm\u00fcd\u00fcr. Bu geli\u015fmi\u015f \u00fcnitenin sundu\u011fu","og_url":"https:\/\/barrsell.com\/en\/product\/harvia-senlog-cf9c-control\/","og_site_name":"Barrsell","article_modified_time":"2024-12-22T13:32:12+00:00","og_image":[{"width":1200,"height":1200,"url":"https:\/\/barrsell.com\/wp-content\/uploads\/2024\/08\/Harvia-Senlog-CF9C-Kontrol.png","type":"image\/png"}],"twitter_card":"summary_large_image","twitter_misc":{"Est. reading time":"2 minutes"},"schema":{"@context":"https:\/\/schema.org","@graph":[{"@type":"WebPage","@id":"https:\/\/barrsell.com\/urun\/harvia-senlog-cf9c-kontrol\/","url":"https:\/\/barrsell.com\/urun\/harvia-senlog-cf9c-kontrol\/","name":"Harvia Senlog CF9C Kontrol | Barrsell End\u00fcstri","isPartOf":{"@id":"https:\/\/barrsell.com\/#website"},"primaryImageOfPage":{"@id":"https:\/\/barrsell.com\/urun\/harvia-senlog-cf9c-kontrol\/#primaryimage"},"image":{"@id":"https:\/\/barrsell.com\/urun\/harvia-senlog-cf9c-kontrol\/#primaryimage"},"thumbnailUrl":"https:\/\/barrsell.com\/wp-content\/uploads\/2024\/08\/Harvia-Senlog-CF9C-Kontrol.png","datePublished":"2024-08-29T10:40:09+00:00","dateModified":"2024-12-22T13:32:12+00:00","description":"Harvia Senlog CF9C Kontrol \u00dcnitesi, modern sauna sistemlerinde y\u00fcksek performans ve esneklik sunan bir kontrol \u00e7\u00f6z\u00fcm\u00fcd\u00fcr. Bu geli\u015fmi\u015f \u00fcnitenin sundu\u011fu","breadcrumb":{"@id":"https:\/\/barrsell.com\/urun\/harvia-senlog-cf9c-kontrol\/#breadcrumb"},"inLanguage":"en-US","potentialAction":[{"@type":"ReadAction","target":["https:\/\/barrsell.com\/urun\/harvia-senlog-cf9c-kontrol\/"]}]},{"@type":"ImageObject","inLanguage":"en-US","@id":"https:\/\/barrsell.com\/urun\/harvia-senlog-cf9c-kontrol\/#primaryimage","url":"https:\/\/barrsell.com\/wp-content\/uploads\/2024\/08\/Harvia-Senlog-CF9C-Kontrol.png","contentUrl":"https:\/\/barrsell.com\/wp-content\/uploads\/2024\/08\/Harvia-Senlog-CF9C-Kontrol.png","width":1200,"height":1200,"caption":"Harvia Senlog CF9C Kontrol"},{"@type":"BreadcrumbList","@id":"https:\/\/barrsell.com\/urun\/harvia-senlog-cf9c-kontrol\/#breadcrumb","itemListElement":[{"@type":"ListItem","position":1,"name":"Home","item":"https:\/\/barrsell.com\/"},{"@type":"ListItem","position":2,"name":"\u00dcr\u00fcnler","item":"https:\/\/barrsell.com\/en\/products\/"},{"@type":"ListItem","position":3,"name":"Harvia Senlog CF9C Kontrol"}]},{"@type":"WebSite","@id":"https:\/\/barrsell.com\/#website","url":"https:\/\/barrsell.com\/","name":"Barrsell End\u00fcstri Makine","description":"Teknolojiyle G\u00fc\u00e7lenen End\u00fcstriyel \u00c7\u00f6z\u00fcmler!","potentialAction":[{"@type":"SearchAction","target":{"@type":"EntryPoint","urlTemplate":"https:\/\/barrsell.com\/?s={search_term_string}"},"query-input":"required name=search_term_string"}],"inLanguage":"en-US"}]}},"_links":{"self":[{"href":"https:\/\/barrsell.com\/en\/wp-json\/wp\/v2\/product\/13344","targetHints":{"allow":["GET"]}}],"collection":[{"href":"https:\/\/barrsell.com\/en\/wp-json\/wp\/v2\/product"}],"about":[{"href":"https:\/\/barrsell.com\/en\/wp-json\/wp\/v2\/types\/product"}],"version-history":[{"count":6,"href":"https:\/\/barrsell.com\/en\/wp-json\/wp\/v2\/product\/13344\/revisions"}],"predecessor-version":[{"id":19495,"href":"https:\/\/barrsell.com\/en\/wp-json\/wp\/v2\/product\/13344\/revisions\/19495"}],"wp:featuredmedia":[{"embeddable":true,"href":"https:\/\/barrsell.com\/en\/wp-json\/wp\/v2\/media\/13345"}],"wp:attachment":[{"href":"https:\/\/barrsell.com\/en\/wp-json\/wp\/v2\/media?parent=13344"}],"wp:term":[{"taxonomy":"product_cat","embeddable":true,"href":"https:\/\/barrsell.com\/en\/wp-json\/wp\/v2\/product_cat?post=13344"},{"taxonomy":"product_tag","embeddable":true,"href":"https:\/\/barrsell.com\/en\/wp-json\/wp\/v2\/product_tag?post=13344"}],"curies":[{"name":"wp","href":"https:\/\/api.w.org\/{rel}","templated":true}]}}