{"id":13316,"date":"2024-08-29T09:45:25","date_gmt":"2024-08-29T09:45:25","guid":{"rendered":"https:\/\/barrsell.com\/?post_type=product&#038;p=13316"},"modified":"2025-01-02T10:03:37","modified_gmt":"2025-01-02T10:03:37","slug":"harvia-kontaktor-k2","status":"publish","type":"product","link":"https:\/\/barrsell.com\/en\/product\/harvia-contactor-k2\/","title":{"rendered":"Harvia Contactor K2"},"content":{"rendered":"<h2>Harvia Contactor K2<\/h2>\n<p>The Harvia Contactor K2 is a modern electrical control unit that provides superior safety and performance in sauna systems. This advanced contactor is designed for high capacity electrical connections management. This ensures efficient and reliable operation of your sauna. At the same time, the technical features and durability offered by the K2 model make it an excellent choice for both commercial and private sauna applications.\n\nTranslated with DeepL.com (free version)<\/p>\n<div id=\"attachment_19499\" style=\"width: 310px\" class=\"wp-caption alignright\"><a href=\"https:\/\/barrsell.com\/wp-content\/uploads\/2024\/08\/Harvia-Kontaktor-K2-.jpg\"><img fetchpriority=\"high\" decoding=\"async\" aria-describedby=\"caption-attachment-19499\" class=\"size-medium wp-image-19499\" src=\"https:\/\/barrsell.com\/wp-content\/uploads\/2024\/08\/Harvia-Kontaktor-K2--300x300.jpg\" alt=\"\" width=\"300\" height=\"300\" srcset=\"https:\/\/barrsell.com\/wp-content\/uploads\/2024\/08\/Harvia-Kontaktor-K2--300x300.jpg 300w, https:\/\/barrsell.com\/wp-content\/uploads\/2024\/08\/Harvia-Kontaktor-K2--150x150.jpg 150w, https:\/\/barrsell.com\/wp-content\/uploads\/2024\/08\/Harvia-Kontaktor-K2--768x768.jpg 768w, https:\/\/barrsell.com\/wp-content\/uploads\/2024\/08\/Harvia-Kontaktor-K2--12x12.jpg 12w, https:\/\/barrsell.com\/wp-content\/uploads\/2024\/08\/Harvia-Kontaktor-K2--600x600.jpg 600w, https:\/\/barrsell.com\/wp-content\/uploads\/2024\/08\/Harvia-Kontaktor-K2--50x50.jpg 50w, https:\/\/barrsell.com\/wp-content\/uploads\/2024\/08\/Harvia-Kontaktor-K2--100x100.jpg 100w, https:\/\/barrsell.com\/wp-content\/uploads\/2024\/08\/Harvia-Kontaktor-K2-.jpg 900w\" sizes=\"(max-width: 300px) 100vw, 300px\" \/><\/a><p id=\"caption-attachment-19499\" class=\"wp-caption-text\">Harvia Contactor K2<\/p><\/div>\n<h4><strong>Superior Electricity Management and Performance<\/strong><\/h4>\n<p>It stands out as a high-capacity unit that safely carries electric currents. This contactor effectively manages the electrical system of your sauna. And therefore supports the safe operation of high-performance heating elements. The K2 can smoothly control high electrical currents and thus ensures a constant and stable performance of your sauna systems.<\/p>\n<h4><strong>Harvia Contactor Durable and Long-Lasting Design<\/strong><\/h4>\n<p>The Harvia K2 model is designed for harsh sauna conditions with its durable construction. Made from high quality materials, this contactor offers a long-lasting and reliable performance. This feature reduces the maintenance and operating costs of your sauna. And thus ensures maximum safety and efficiency in long-term use.<\/p>\n<h4><strong>Easy Assembly and Integration<\/strong><\/h4>\n<p>It has been developed to be easily integrated into the electrical system of your sauna. Its easy-to-install features allow for a quick installation and ensure the smooth operation of your sauna's electrical infrastructure. The K2 fits perfectly with Harvia's other control units and heaters, optimizing the overall performance of your system.<\/p>","protected":false},"excerpt":{"rendered":"<div class=\"flex max-w-full flex-col flex-grow\">\n<div class=\"min-h-8 text-message flex w-full flex-col items-end gap-2 whitespace-normal break-words text-start [.text-message+&amp;]:mt-5\" dir=\"auto\" data-message-author-role=\"assistant\" data-message-id=\"757a1691-79f4-49d7-b784-48a74e73302a\" data-message-model-slug=\"gpt-4o\">\n<div class=\"flex w-full flex-col gap-1 empty:hidden first:pt-[3px]\">\n<div class=\"markdown prose w-full break-words dark:prose-invert light\">\n<p>Harvia Forte WX208 Contactor is compatible with 4kW, 6kW and 9kW Harvia Forte Heater models.<\/p>\n<\/div>\n<\/div>\n<\/div>\n<\/div>","protected":false},"featured_media":13317,"template":"","meta":[],"product_cat":[169],"product_tag":[],"class_list":{"0":"post-13316","1":"product","2":"type-product","3":"status-publish","4":"has-post-thumbnail","6":"product_cat-harvia-sauna-isiticilari-yedek-parcalari","8":"first","9":"instock","10":"shipping-taxable","11":"product-type-simple"},"yoast_head":"<!-- This site is optimized with the Yoast SEO Premium plugin v23.2 (Yoast SEO v23.2) - https:\/\/yoast.com\/wordpress\/plugins\/seo\/ -->\n<title>Harvia Kontakt\u00f6r K2 | Barrsell End\u00fcstri<\/title>\n<meta name=\"description\" content=\"Harvia Kontakt\u00f6r K2, sauna sistemlerinde \u00fcst\u00fcn g\u00fcvenlik ve performans sa\u011flayan modern bir elektrik kontrol \u00fcnitesidir. Bu geli\u015fmi\u015f kontakt\u00f6r, y\u00fcksek\" \/>\n<meta name=\"robots\" content=\"index, follow, max-snippet:-1, max-image-preview:large, max-video-preview:-1\" \/>\n<link rel=\"canonical\" href=\"https:\/\/barrsell.com\/en\/product\/harvia-contactor-k2\/\" \/>\n<meta property=\"og:locale\" content=\"en_US\" \/>\n<meta property=\"og:type\" content=\"article\" \/>\n<meta property=\"og:title\" content=\"Harvia Kontakt\u00f6r K2\" \/>\n<meta property=\"og:description\" content=\"Harvia Kontakt\u00f6r K2, sauna sistemlerinde \u00fcst\u00fcn g\u00fcvenlik ve performans sa\u011flayan modern bir elektrik kontrol \u00fcnitesidir. Bu geli\u015fmi\u015f kontakt\u00f6r, y\u00fcksek\" \/>\n<meta property=\"og:url\" content=\"https:\/\/barrsell.com\/en\/product\/harvia-contactor-k2\/\" \/>\n<meta property=\"og:site_name\" content=\"Barrsell\" \/>\n<meta property=\"article:modified_time\" content=\"2025-01-02T10:03:37+00:00\" \/>\n<meta property=\"og:image\" content=\"https:\/\/barrsell.com\/wp-content\/uploads\/2024\/08\/Harvia-Kontaktor-K2.png\" \/>\n\t<meta property=\"og:image:width\" content=\"1200\" \/>\n\t<meta property=\"og:image:height\" content=\"1200\" \/>\n\t<meta property=\"og:image:type\" content=\"image\/png\" \/>\n<meta name=\"twitter:card\" content=\"summary_large_image\" \/>\n<meta name=\"twitter:label1\" content=\"Est. reading time\" \/>\n\t<meta name=\"twitter:data1\" content=\"2 minutes\" \/>\n<script type=\"application\/ld+json\" class=\"yoast-schema-graph\">{\"@context\":\"https:\/\/schema.org\",\"@graph\":[{\"@type\":\"WebPage\",\"@id\":\"https:\/\/barrsell.com\/urun\/harvia-kontaktor-k2\/\",\"url\":\"https:\/\/barrsell.com\/urun\/harvia-kontaktor-k2\/\",\"name\":\"Harvia Kontakt\u00f6r K2 | Barrsell End\u00fcstri\",\"isPartOf\":{\"@id\":\"https:\/\/barrsell.com\/#website\"},\"primaryImageOfPage\":{\"@id\":\"https:\/\/barrsell.com\/urun\/harvia-kontaktor-k2\/#primaryimage\"},\"image\":{\"@id\":\"https:\/\/barrsell.com\/urun\/harvia-kontaktor-k2\/#primaryimage\"},\"thumbnailUrl\":\"https:\/\/barrsell.com\/wp-content\/uploads\/2024\/08\/Harvia-Kontaktor-K2.png\",\"datePublished\":\"2024-08-29T09:45:25+00:00\",\"dateModified\":\"2025-01-02T10:03:37+00:00\",\"description\":\"Harvia Kontakt\u00f6r K2, sauna sistemlerinde \u00fcst\u00fcn g\u00fcvenlik ve performans sa\u011flayan modern bir elektrik kontrol \u00fcnitesidir. Bu geli\u015fmi\u015f kontakt\u00f6r, y\u00fcksek\",\"breadcrumb\":{\"@id\":\"https:\/\/barrsell.com\/urun\/harvia-kontaktor-k2\/#breadcrumb\"},\"inLanguage\":\"en-US\",\"potentialAction\":[{\"@type\":\"ReadAction\",\"target\":[\"https:\/\/barrsell.com\/urun\/harvia-kontaktor-k2\/\"]}]},{\"@type\":\"ImageObject\",\"inLanguage\":\"en-US\",\"@id\":\"https:\/\/barrsell.com\/urun\/harvia-kontaktor-k2\/#primaryimage\",\"url\":\"https:\/\/barrsell.com\/wp-content\/uploads\/2024\/08\/Harvia-Kontaktor-K2.png\",\"contentUrl\":\"https:\/\/barrsell.com\/wp-content\/uploads\/2024\/08\/Harvia-Kontaktor-K2.png\",\"width\":1200,\"height\":1200,\"caption\":\"Harvia Kontakt\u00f6r K2\"},{\"@type\":\"BreadcrumbList\",\"@id\":\"https:\/\/barrsell.com\/urun\/harvia-kontaktor-k2\/#breadcrumb\",\"itemListElement\":[{\"@type\":\"ListItem\",\"position\":1,\"name\":\"Home\",\"item\":\"https:\/\/barrsell.com\/\"},{\"@type\":\"ListItem\",\"position\":2,\"name\":\"\u00dcr\u00fcnler\",\"item\":\"https:\/\/barrsell.com\/en\/products\/\"},{\"@type\":\"ListItem\",\"position\":3,\"name\":\"Harvia Kontakt\u00f6r K2\"}]},{\"@type\":\"WebSite\",\"@id\":\"https:\/\/barrsell.com\/#website\",\"url\":\"https:\/\/barrsell.com\/\",\"name\":\"Barrsell End\u00fcstri Makine\",\"description\":\"Teknolojiyle G\u00fc\u00e7lenen End\u00fcstriyel \u00c7\u00f6z\u00fcmler!\",\"potentialAction\":[{\"@type\":\"SearchAction\",\"target\":{\"@type\":\"EntryPoint\",\"urlTemplate\":\"https:\/\/barrsell.com\/?s={search_term_string}\"},\"query-input\":\"required name=search_term_string\"}],\"inLanguage\":\"en-US\"}]}<\/script>\n<!-- \/ Yoast SEO Premium plugin. -->","yoast_head_json":{"title":"Harvia Kontakt\u00f6r K2 | Barrsell End\u00fcstri","description":"Harvia Kontakt\u00f6r K2, sauna sistemlerinde \u00fcst\u00fcn g\u00fcvenlik ve performans sa\u011flayan modern bir elektrik kontrol \u00fcnitesidir. Bu geli\u015fmi\u015f kontakt\u00f6r, y\u00fcksek","robots":{"index":"index","follow":"follow","max-snippet":"max-snippet:-1","max-image-preview":"max-image-preview:large","max-video-preview":"max-video-preview:-1"},"canonical":"https:\/\/barrsell.com\/en\/product\/harvia-contactor-k2\/","og_locale":"en_US","og_type":"article","og_title":"Harvia Kontakt\u00f6r K2","og_description":"Harvia Kontakt\u00f6r K2, sauna sistemlerinde \u00fcst\u00fcn g\u00fcvenlik ve performans sa\u011flayan modern bir elektrik kontrol \u00fcnitesidir. Bu geli\u015fmi\u015f kontakt\u00f6r, y\u00fcksek","og_url":"https:\/\/barrsell.com\/en\/product\/harvia-contactor-k2\/","og_site_name":"Barrsell","article_modified_time":"2025-01-02T10:03:37+00:00","og_image":[{"width":1200,"height":1200,"url":"https:\/\/barrsell.com\/wp-content\/uploads\/2024\/08\/Harvia-Kontaktor-K2.png","type":"image\/png"}],"twitter_card":"summary_large_image","twitter_misc":{"Est. reading time":"2 minutes"},"schema":{"@context":"https:\/\/schema.org","@graph":[{"@type":"WebPage","@id":"https:\/\/barrsell.com\/urun\/harvia-kontaktor-k2\/","url":"https:\/\/barrsell.com\/urun\/harvia-kontaktor-k2\/","name":"Harvia Kontakt\u00f6r K2 | Barrsell End\u00fcstri","isPartOf":{"@id":"https:\/\/barrsell.com\/#website"},"primaryImageOfPage":{"@id":"https:\/\/barrsell.com\/urun\/harvia-kontaktor-k2\/#primaryimage"},"image":{"@id":"https:\/\/barrsell.com\/urun\/harvia-kontaktor-k2\/#primaryimage"},"thumbnailUrl":"https:\/\/barrsell.com\/wp-content\/uploads\/2024\/08\/Harvia-Kontaktor-K2.png","datePublished":"2024-08-29T09:45:25+00:00","dateModified":"2025-01-02T10:03:37+00:00","description":"Harvia Kontakt\u00f6r K2, sauna sistemlerinde \u00fcst\u00fcn g\u00fcvenlik ve performans sa\u011flayan modern bir elektrik kontrol \u00fcnitesidir. Bu geli\u015fmi\u015f kontakt\u00f6r, y\u00fcksek","breadcrumb":{"@id":"https:\/\/barrsell.com\/urun\/harvia-kontaktor-k2\/#breadcrumb"},"inLanguage":"en-US","potentialAction":[{"@type":"ReadAction","target":["https:\/\/barrsell.com\/urun\/harvia-kontaktor-k2\/"]}]},{"@type":"ImageObject","inLanguage":"en-US","@id":"https:\/\/barrsell.com\/urun\/harvia-kontaktor-k2\/#primaryimage","url":"https:\/\/barrsell.com\/wp-content\/uploads\/2024\/08\/Harvia-Kontaktor-K2.png","contentUrl":"https:\/\/barrsell.com\/wp-content\/uploads\/2024\/08\/Harvia-Kontaktor-K2.png","width":1200,"height":1200,"caption":"Harvia Kontakt\u00f6r K2"},{"@type":"BreadcrumbList","@id":"https:\/\/barrsell.com\/urun\/harvia-kontaktor-k2\/#breadcrumb","itemListElement":[{"@type":"ListItem","position":1,"name":"Home","item":"https:\/\/barrsell.com\/"},{"@type":"ListItem","position":2,"name":"\u00dcr\u00fcnler","item":"https:\/\/barrsell.com\/en\/products\/"},{"@type":"ListItem","position":3,"name":"Harvia Kontakt\u00f6r K2"}]},{"@type":"WebSite","@id":"https:\/\/barrsell.com\/#website","url":"https:\/\/barrsell.com\/","name":"Barrsell End\u00fcstri Makine","description":"Teknolojiyle G\u00fc\u00e7lenen End\u00fcstriyel \u00c7\u00f6z\u00fcmler!","potentialAction":[{"@type":"SearchAction","target":{"@type":"EntryPoint","urlTemplate":"https:\/\/barrsell.com\/?s={search_term_string}"},"query-input":"required name=search_term_string"}],"inLanguage":"en-US"}]}},"_links":{"self":[{"href":"https:\/\/barrsell.com\/en\/wp-json\/wp\/v2\/product\/13316","targetHints":{"allow":["GET"]}}],"collection":[{"href":"https:\/\/barrsell.com\/en\/wp-json\/wp\/v2\/product"}],"about":[{"href":"https:\/\/barrsell.com\/en\/wp-json\/wp\/v2\/types\/product"}],"version-history":[{"count":6,"href":"https:\/\/barrsell.com\/en\/wp-json\/wp\/v2\/product\/13316\/revisions"}],"predecessor-version":[{"id":19730,"href":"https:\/\/barrsell.com\/en\/wp-json\/wp\/v2\/product\/13316\/revisions\/19730"}],"wp:featuredmedia":[{"embeddable":true,"href":"https:\/\/barrsell.com\/en\/wp-json\/wp\/v2\/media\/13317"}],"wp:attachment":[{"href":"https:\/\/barrsell.com\/en\/wp-json\/wp\/v2\/media?parent=13316"}],"wp:term":[{"taxonomy":"product_cat","embeddable":true,"href":"https:\/\/barrsell.com\/en\/wp-json\/wp\/v2\/product_cat?post=13316"},{"taxonomy":"product_tag","embeddable":true,"href":"https:\/\/barrsell.com\/en\/wp-json\/wp\/v2\/product_tag?post=13316"}],"curies":[{"name":"wp","href":"https:\/\/api.w.org\/{rel}","templated":true}]}}