{"id":13306,"date":"2024-08-29T09:08:33","date_gmt":"2024-08-29T09:08:33","guid":{"rendered":"https:\/\/barrsell.com\/?post_type=product&#038;p=13306"},"modified":"2025-01-02T10:06:09","modified_gmt":"2025-01-02T10:06:09","slug":"harvia-termostat-110","status":"publish","type":"product","link":"https:\/\/barrsell.com\/en\/product\/harvia-thermostat-110\/","title":{"rendered":"Harvia Thermostat 110"},"content":{"rendered":"<div class=\"flex max-w-full flex-col flex-grow\">\n<div class=\"min-h-[20px] text-message flex w-full flex-col items-end gap-2 break-words [.text-message+&amp;]:mt-5 overflow-x-auto whitespace-normal\" dir=\"auto\" data-message-author-role=\"assistant\" data-message-id=\"0c4208c1-fbe4-46c7-964c-112d84ef0340\">\n<div class=\"flex w-full flex-col gap-1 empty:hidden first:pt-[3px]\">\n<div class=\"markdown prose w-full break-words dark:prose-invert light\">\n<h2>Harvia Thermostat 110\u00b0C: The Ideal Solution for Reliable and Precise Temperature Control<\/h2>\n<p>The Harvia Thermostat 110\u00b0C is a high quality component designed to provide excellent temperature control in sauna heating systems. Offering up to 110 degrees Celsius precise temperature management, this thermostat helps you maintain the ideal temperature of your sauna and guarantees the safety of users. This thermostat is an ideal solution especially for sauna systems operating at high temperatures.<\/p>\n<h4><strong>Precise Temperature Adjustment and Safety<\/strong><\/h4>\n<p>The Harvia Thermostat 110 ensures that the temperature remains at a constant and safe level. Thanks to its high-precision temperature sensors, it optimizes the performance of your sauna heater and prevents overheating. This safety feature makes your sauna experience safer and increases energy efficiency.<\/p>\n<h4><strong>Durable Design and Long Lasting Use<\/strong><\/h4>\n<p>Harvia Thermostat 110 withstands harsh sauna conditions. Designed with quality materials, this thermostat ensures long-lasting use and is resistant to constant temperature fluctuations. It also adds long-term reliability and performance to your sauna's heating system.<\/p>\n<h4><strong>Easy Integration and Compatibility<\/strong><\/h4>\n<p>The Harvia Thermostat has been developed to be fully compatible with existing Harvia sauna heaters. Easy installation allows you to quickly optimize the temperature control of your sauna. This feature simplifies the overall maintenance of your sauna and improves its performance.<\/p>\n<\/div>\n<\/div>\n<\/div>\n<\/div>\n<div class=\"mt-1 flex gap-3 empty:hidden -ml-2\">\n<div class=\"items-center justify-start rounded-xl p-1 flex\">\n<div class=\"flex items-center\"><\/div>\n<\/div>\n<\/div>","protected":false},"excerpt":{"rendered":"<ul>\n<li>\u00a0110\u00b0C<\/li>\n<li>0.08 Kg<\/li>\n<\/ul>\n<p>&nbsp;<\/p>","protected":false},"featured_media":13307,"template":"","meta":[],"product_cat":[169],"product_tag":[],"class_list":{"0":"post-13306","1":"product","2":"type-product","3":"status-publish","4":"has-post-thumbnail","6":"product_cat-harvia-sauna-isiticilari-yedek-parcalari","8":"first","9":"instock","10":"shipping-taxable","11":"product-type-simple"},"yoast_head":"<!-- This site is optimized with the Yoast SEO Premium plugin v23.2 (Yoast SEO v23.2) - https:\/\/yoast.com\/wordpress\/plugins\/seo\/ -->\n<title>Harvia Termostat 110 | Barrsell End\u00fcstri<\/title>\n<meta name=\"description\" content=\"Harvia Termostat 110\u00b0C , sauna \u0131s\u0131tma sistemlerinde m\u00fckemmel s\u0131cakl\u0131k kontrol\u00fc sa\u011flamak i\u00e7in tasarlanm\u0131\u015f y\u00fcksek kaliteli bir bile\u015fendir.\" \/>\n<meta name=\"robots\" content=\"index, follow, max-snippet:-1, max-image-preview:large, max-video-preview:-1\" \/>\n<link rel=\"canonical\" href=\"https:\/\/barrsell.com\/en\/product\/harvia-thermostat-110\/\" \/>\n<meta property=\"og:locale\" content=\"en_US\" \/>\n<meta property=\"og:type\" content=\"article\" \/>\n<meta property=\"og:title\" content=\"Harvia Termostat 110\" \/>\n<meta property=\"og:description\" content=\"Harvia Termostat 110\u00b0C , sauna \u0131s\u0131tma sistemlerinde m\u00fckemmel s\u0131cakl\u0131k kontrol\u00fc sa\u011flamak i\u00e7in tasarlanm\u0131\u015f y\u00fcksek kaliteli bir bile\u015fendir.\" \/>\n<meta property=\"og:url\" content=\"https:\/\/barrsell.com\/en\/product\/harvia-thermostat-110\/\" \/>\n<meta property=\"og:site_name\" content=\"Barrsell\" \/>\n<meta property=\"article:modified_time\" content=\"2025-01-02T10:06:09+00:00\" \/>\n<meta property=\"og:image\" content=\"https:\/\/barrsell.com\/wp-content\/uploads\/2024\/08\/Harvia-Termostat-110.png\" \/>\n\t<meta property=\"og:image:width\" content=\"1200\" \/>\n\t<meta property=\"og:image:height\" content=\"1200\" \/>\n\t<meta property=\"og:image:type\" content=\"image\/png\" \/>\n<meta name=\"twitter:card\" content=\"summary_large_image\" \/>\n<meta name=\"twitter:label1\" content=\"Est. reading time\" \/>\n\t<meta name=\"twitter:data1\" content=\"2 minutes\" \/>\n<script type=\"application\/ld+json\" class=\"yoast-schema-graph\">{\"@context\":\"https:\/\/schema.org\",\"@graph\":[{\"@type\":\"WebPage\",\"@id\":\"https:\/\/barrsell.com\/urun\/harvia-termostat-110\/\",\"url\":\"https:\/\/barrsell.com\/urun\/harvia-termostat-110\/\",\"name\":\"Harvia Termostat 110 | Barrsell End\u00fcstri\",\"isPartOf\":{\"@id\":\"https:\/\/barrsell.com\/#website\"},\"primaryImageOfPage\":{\"@id\":\"https:\/\/barrsell.com\/urun\/harvia-termostat-110\/#primaryimage\"},\"image\":{\"@id\":\"https:\/\/barrsell.com\/urun\/harvia-termostat-110\/#primaryimage\"},\"thumbnailUrl\":\"https:\/\/barrsell.com\/wp-content\/uploads\/2024\/08\/Harvia-Termostat-110.png\",\"datePublished\":\"2024-08-29T09:08:33+00:00\",\"dateModified\":\"2025-01-02T10:06:09+00:00\",\"description\":\"Harvia Termostat 110\u00b0C , sauna \u0131s\u0131tma sistemlerinde m\u00fckemmel s\u0131cakl\u0131k kontrol\u00fc sa\u011flamak i\u00e7in tasarlanm\u0131\u015f y\u00fcksek kaliteli bir bile\u015fendir.\",\"breadcrumb\":{\"@id\":\"https:\/\/barrsell.com\/urun\/harvia-termostat-110\/#breadcrumb\"},\"inLanguage\":\"en-US\",\"potentialAction\":[{\"@type\":\"ReadAction\",\"target\":[\"https:\/\/barrsell.com\/urun\/harvia-termostat-110\/\"]}]},{\"@type\":\"ImageObject\",\"inLanguage\":\"en-US\",\"@id\":\"https:\/\/barrsell.com\/urun\/harvia-termostat-110\/#primaryimage\",\"url\":\"https:\/\/barrsell.com\/wp-content\/uploads\/2024\/08\/Harvia-Termostat-110.png\",\"contentUrl\":\"https:\/\/barrsell.com\/wp-content\/uploads\/2024\/08\/Harvia-Termostat-110.png\",\"width\":1200,\"height\":1200,\"caption\":\"Harvia Termostat 110\"},{\"@type\":\"BreadcrumbList\",\"@id\":\"https:\/\/barrsell.com\/urun\/harvia-termostat-110\/#breadcrumb\",\"itemListElement\":[{\"@type\":\"ListItem\",\"position\":1,\"name\":\"Home\",\"item\":\"https:\/\/barrsell.com\/\"},{\"@type\":\"ListItem\",\"position\":2,\"name\":\"\u00dcr\u00fcnler\",\"item\":\"https:\/\/barrsell.com\/en\/products\/\"},{\"@type\":\"ListItem\",\"position\":3,\"name\":\"Harvia Termostat 110\"}]},{\"@type\":\"WebSite\",\"@id\":\"https:\/\/barrsell.com\/#website\",\"url\":\"https:\/\/barrsell.com\/\",\"name\":\"Barrsell End\u00fcstri Makine\",\"description\":\"Teknolojiyle G\u00fc\u00e7lenen End\u00fcstriyel \u00c7\u00f6z\u00fcmler!\",\"potentialAction\":[{\"@type\":\"SearchAction\",\"target\":{\"@type\":\"EntryPoint\",\"urlTemplate\":\"https:\/\/barrsell.com\/?s={search_term_string}\"},\"query-input\":\"required name=search_term_string\"}],\"inLanguage\":\"en-US\"}]}<\/script>\n<!-- \/ Yoast SEO Premium plugin. -->","yoast_head_json":{"title":"Harvia Termostat 110 | Barrsell End\u00fcstri","description":"Harvia Termostat 110\u00b0C , sauna \u0131s\u0131tma sistemlerinde m\u00fckemmel s\u0131cakl\u0131k kontrol\u00fc sa\u011flamak i\u00e7in tasarlanm\u0131\u015f y\u00fcksek kaliteli bir bile\u015fendir.","robots":{"index":"index","follow":"follow","max-snippet":"max-snippet:-1","max-image-preview":"max-image-preview:large","max-video-preview":"max-video-preview:-1"},"canonical":"https:\/\/barrsell.com\/en\/product\/harvia-thermostat-110\/","og_locale":"en_US","og_type":"article","og_title":"Harvia Termostat 110","og_description":"Harvia Termostat 110\u00b0C , sauna \u0131s\u0131tma sistemlerinde m\u00fckemmel s\u0131cakl\u0131k kontrol\u00fc sa\u011flamak i\u00e7in tasarlanm\u0131\u015f y\u00fcksek kaliteli bir bile\u015fendir.","og_url":"https:\/\/barrsell.com\/en\/product\/harvia-thermostat-110\/","og_site_name":"Barrsell","article_modified_time":"2025-01-02T10:06:09+00:00","og_image":[{"width":1200,"height":1200,"url":"https:\/\/barrsell.com\/wp-content\/uploads\/2024\/08\/Harvia-Termostat-110.png","type":"image\/png"}],"twitter_card":"summary_large_image","twitter_misc":{"Est. reading time":"2 minutes"},"schema":{"@context":"https:\/\/schema.org","@graph":[{"@type":"WebPage","@id":"https:\/\/barrsell.com\/urun\/harvia-termostat-110\/","url":"https:\/\/barrsell.com\/urun\/harvia-termostat-110\/","name":"Harvia Termostat 110 | Barrsell End\u00fcstri","isPartOf":{"@id":"https:\/\/barrsell.com\/#website"},"primaryImageOfPage":{"@id":"https:\/\/barrsell.com\/urun\/harvia-termostat-110\/#primaryimage"},"image":{"@id":"https:\/\/barrsell.com\/urun\/harvia-termostat-110\/#primaryimage"},"thumbnailUrl":"https:\/\/barrsell.com\/wp-content\/uploads\/2024\/08\/Harvia-Termostat-110.png","datePublished":"2024-08-29T09:08:33+00:00","dateModified":"2025-01-02T10:06:09+00:00","description":"Harvia Termostat 110\u00b0C , sauna \u0131s\u0131tma sistemlerinde m\u00fckemmel s\u0131cakl\u0131k kontrol\u00fc sa\u011flamak i\u00e7in tasarlanm\u0131\u015f y\u00fcksek kaliteli bir bile\u015fendir.","breadcrumb":{"@id":"https:\/\/barrsell.com\/urun\/harvia-termostat-110\/#breadcrumb"},"inLanguage":"en-US","potentialAction":[{"@type":"ReadAction","target":["https:\/\/barrsell.com\/urun\/harvia-termostat-110\/"]}]},{"@type":"ImageObject","inLanguage":"en-US","@id":"https:\/\/barrsell.com\/urun\/harvia-termostat-110\/#primaryimage","url":"https:\/\/barrsell.com\/wp-content\/uploads\/2024\/08\/Harvia-Termostat-110.png","contentUrl":"https:\/\/barrsell.com\/wp-content\/uploads\/2024\/08\/Harvia-Termostat-110.png","width":1200,"height":1200,"caption":"Harvia Termostat 110"},{"@type":"BreadcrumbList","@id":"https:\/\/barrsell.com\/urun\/harvia-termostat-110\/#breadcrumb","itemListElement":[{"@type":"ListItem","position":1,"name":"Home","item":"https:\/\/barrsell.com\/"},{"@type":"ListItem","position":2,"name":"\u00dcr\u00fcnler","item":"https:\/\/barrsell.com\/en\/products\/"},{"@type":"ListItem","position":3,"name":"Harvia Termostat 110"}]},{"@type":"WebSite","@id":"https:\/\/barrsell.com\/#website","url":"https:\/\/barrsell.com\/","name":"Barrsell End\u00fcstri Makine","description":"Teknolojiyle G\u00fc\u00e7lenen End\u00fcstriyel \u00c7\u00f6z\u00fcmler!","potentialAction":[{"@type":"SearchAction","target":{"@type":"EntryPoint","urlTemplate":"https:\/\/barrsell.com\/?s={search_term_string}"},"query-input":"required name=search_term_string"}],"inLanguage":"en-US"}]}},"_links":{"self":[{"href":"https:\/\/barrsell.com\/en\/wp-json\/wp\/v2\/product\/13306","targetHints":{"allow":["GET"]}}],"collection":[{"href":"https:\/\/barrsell.com\/en\/wp-json\/wp\/v2\/product"}],"about":[{"href":"https:\/\/barrsell.com\/en\/wp-json\/wp\/v2\/types\/product"}],"version-history":[{"count":4,"href":"https:\/\/barrsell.com\/en\/wp-json\/wp\/v2\/product\/13306\/revisions"}],"predecessor-version":[{"id":19503,"href":"https:\/\/barrsell.com\/en\/wp-json\/wp\/v2\/product\/13306\/revisions\/19503"}],"wp:featuredmedia":[{"embeddable":true,"href":"https:\/\/barrsell.com\/en\/wp-json\/wp\/v2\/media\/13307"}],"wp:attachment":[{"href":"https:\/\/barrsell.com\/en\/wp-json\/wp\/v2\/media?parent=13306"}],"wp:term":[{"taxonomy":"product_cat","embeddable":true,"href":"https:\/\/barrsell.com\/en\/wp-json\/wp\/v2\/product_cat?post=13306"},{"taxonomy":"product_tag","embeddable":true,"href":"https:\/\/barrsell.com\/en\/wp-json\/wp\/v2\/product_tag?post=13306"}],"curies":[{"name":"wp","href":"https:\/\/api.w.org\/{rel}","templated":true}]}}