{"id":13298,"date":"2024-08-29T08:52:14","date_gmt":"2024-08-29T08:52:14","guid":{"rendered":"https:\/\/barrsell.com\/?post_type=product&#038;p=13298"},"modified":"2024-12-23T10:18:06","modified_gmt":"2024-12-23T10:18:06","slug":"harvia-heating-element-3000w-230v","status":"publish","type":"product","link":"https:\/\/barrsell.com\/en\/product\/harvia-heating-element-3000w-230v\/","title":{"rendered":"Harvia Heating Element 3000W- 230V"},"content":{"rendered":"<div class=\"flex max-w-full flex-col flex-grow\">\n<div class=\"min-h-[20px] text-message flex w-full flex-col items-end gap-2 break-words [.text-message+&amp;]:mt-5 overflow-x-auto whitespace-normal\" dir=\"auto\" data-message-author-role=\"assistant\" data-message-id=\"410f7412-293d-4eb0-908f-0128820312ff\">\n<div class=\"flex w-full flex-col gap-1 empty:hidden first:pt-[3px]\">\n<div class=\"markdown prose w-full break-words dark:prose-invert light\">\n<h2>Harvia Heating Element 3000W- 230V<\/h2>\n<p>The Harvia Heating Element 3000W- 230V is a powerful component designed for those who want to achieve the highest performance in their sauna heating systems. This 3000 watt heating element quickly brings large sauna rooms to the desired temperature. And thus keeps the temperature constant. This element is the ideal solution for large sauna areas that require particularly intensive use.<\/p>\n<h4><strong>Superior Durability and Long Life<\/strong><\/h4>\n<p>It is made of durable materials to deliver reliable performance even in harsh sauna conditions. At the same time, its corrosion-resistant construction ensures a long service life of the element. It also provides stable heating even with continuous use. Developed specifically in accordance with Harvia's quality engineering standards, this heating element increases the long-term efficiency of your sauna.<\/p>\n<h4><strong>High Heat Capacity and Energy Efficiency<\/strong><\/h4>\n<p>This Harvia Heating Element wattage element offers maximum heat capacity in your sauna room. Designed with energy efficiency in mind, the element provides a powerful and even heat distribution while optimizing your sauna's energy consumption. This feature offers an environmentally conscious solution while reducing your sauna's operating costs.<\/p>\n<h4><strong>Easy Assembly and Fully Compatible Design<\/strong><\/h4>\n<p>The Harvia heating element has been developed to be fully compatible with Harvia sauna heater models. The easy installation makes it possible to replace the element quickly and without any problems, so you can optimize the maintenance and performance of your sauna.<\/p>\n<h3>Advantages<\/h3>\n<ul>\n<li>Harvia Heating Element provides fast and efficient energy conversion in sauna systems.<\/li>\n<li>Optimum temperature control thanks to high heat transfer.<\/li>\n<li>Environmentally friendly use with low energy consumption.<\/li>\n<\/ul>\n<\/div>\n<\/div>\n<\/div>\n<\/div>\n<div class=\"mt-1 flex gap-3 empty:hidden -ml-2\">\n<div class=\"items-center justify-start rounded-xl p-1 flex\">\n<div class=\"flex items-center\"><\/div>\n<\/div>\n<\/div>","protected":false},"excerpt":{"rendered":"<p>KIP90(E), Sound \/ Steeltop M90(E), Top Class Combi KV90SE(A)<\/p>","protected":false},"featured_media":13299,"template":"","meta":[],"product_cat":[169],"product_tag":[],"class_list":{"0":"post-13298","1":"product","2":"type-product","3":"status-publish","4":"has-post-thumbnail","6":"product_cat-harvia-sauna-isiticilari-yedek-parcalari","8":"first","9":"instock","10":"shipping-taxable","11":"product-type-simple"},"yoast_head":"<!-- This site is optimized with the Yoast SEO Premium plugin v23.2 (Yoast SEO v23.2) - https:\/\/yoast.com\/wordpress\/plugins\/seo\/ -->\n<title>Harvia Heating Element 3000W- 230V | Barrsell End\u00fcstri<\/title>\n<meta name=\"description\" content=\"Harvia Is\u0131tma Eleman\u0131 3000W- 230V sauna \u0131s\u0131tma sistemlerinde en y\u00fcksek performans\u0131 elde etmek isteyenler i\u00e7in tasarlanm\u0131\u015f g\u00fc\u00e7l\u00fc bir bile\u015fendir.\" \/>\n<meta name=\"robots\" content=\"index, follow, max-snippet:-1, max-image-preview:large, max-video-preview:-1\" \/>\n<link rel=\"canonical\" href=\"https:\/\/barrsell.com\/en\/product\/harvia-heating-element-3000w-230v\/\" \/>\n<meta property=\"og:locale\" content=\"en_US\" \/>\n<meta property=\"og:type\" content=\"article\" \/>\n<meta property=\"og:title\" content=\"Harvia Heating Element 3000W- 230V\" \/>\n<meta property=\"og:description\" content=\"Harvia Is\u0131tma Eleman\u0131 3000W- 230V sauna \u0131s\u0131tma sistemlerinde en y\u00fcksek performans\u0131 elde etmek isteyenler i\u00e7in tasarlanm\u0131\u015f g\u00fc\u00e7l\u00fc bir bile\u015fendir.\" \/>\n<meta property=\"og:url\" content=\"https:\/\/barrsell.com\/en\/product\/harvia-heating-element-3000w-230v\/\" \/>\n<meta property=\"og:site_name\" content=\"Barrsell\" \/>\n<meta property=\"article:modified_time\" content=\"2024-12-23T10:18:06+00:00\" \/>\n<meta property=\"og:image\" content=\"https:\/\/barrsell.com\/wp-content\/uploads\/2024\/08\/Harvia-Isitma-Elemani-3000W.png\" \/>\n\t<meta property=\"og:image:width\" content=\"1200\" \/>\n\t<meta property=\"og:image:height\" content=\"1200\" \/>\n\t<meta property=\"og:image:type\" content=\"image\/png\" \/>\n<meta name=\"twitter:card\" content=\"summary_large_image\" \/>\n<meta name=\"twitter:label1\" content=\"Est. reading time\" \/>\n\t<meta name=\"twitter:data1\" content=\"2 minutes\" \/>\n<script type=\"application\/ld+json\" class=\"yoast-schema-graph\">{\"@context\":\"https:\/\/schema.org\",\"@graph\":[{\"@type\":\"WebPage\",\"@id\":\"https:\/\/barrsell.com\/urun\/harvia-heating-element-3000w-230v\/\",\"url\":\"https:\/\/barrsell.com\/urun\/harvia-heating-element-3000w-230v\/\",\"name\":\"Harvia Heating Element 3000W- 230V | Barrsell End\u00fcstri\",\"isPartOf\":{\"@id\":\"https:\/\/barrsell.com\/#website\"},\"primaryImageOfPage\":{\"@id\":\"https:\/\/barrsell.com\/urun\/harvia-heating-element-3000w-230v\/#primaryimage\"},\"image\":{\"@id\":\"https:\/\/barrsell.com\/urun\/harvia-heating-element-3000w-230v\/#primaryimage\"},\"thumbnailUrl\":\"https:\/\/barrsell.com\/wp-content\/uploads\/2024\/08\/Harvia-Isitma-Elemani-3000W.png\",\"datePublished\":\"2024-08-29T08:52:14+00:00\",\"dateModified\":\"2024-12-23T10:18:06+00:00\",\"description\":\"Harvia Is\u0131tma Eleman\u0131 3000W- 230V sauna \u0131s\u0131tma sistemlerinde en y\u00fcksek performans\u0131 elde etmek isteyenler i\u00e7in tasarlanm\u0131\u015f g\u00fc\u00e7l\u00fc bir bile\u015fendir.\",\"breadcrumb\":{\"@id\":\"https:\/\/barrsell.com\/urun\/harvia-heating-element-3000w-230v\/#breadcrumb\"},\"inLanguage\":\"en-US\",\"potentialAction\":[{\"@type\":\"ReadAction\",\"target\":[\"https:\/\/barrsell.com\/urun\/harvia-heating-element-3000w-230v\/\"]}]},{\"@type\":\"ImageObject\",\"inLanguage\":\"en-US\",\"@id\":\"https:\/\/barrsell.com\/urun\/harvia-heating-element-3000w-230v\/#primaryimage\",\"url\":\"https:\/\/barrsell.com\/wp-content\/uploads\/2024\/08\/Harvia-Isitma-Elemani-3000W.png\",\"contentUrl\":\"https:\/\/barrsell.com\/wp-content\/uploads\/2024\/08\/Harvia-Isitma-Elemani-3000W.png\",\"width\":1200,\"height\":1200,\"caption\":\"Harvia Is\u0131tma Eleman\u0131 3000W\"},{\"@type\":\"BreadcrumbList\",\"@id\":\"https:\/\/barrsell.com\/urun\/harvia-heating-element-3000w-230v\/#breadcrumb\",\"itemListElement\":[{\"@type\":\"ListItem\",\"position\":1,\"name\":\"Home\",\"item\":\"https:\/\/barrsell.com\/\"},{\"@type\":\"ListItem\",\"position\":2,\"name\":\"\u00dcr\u00fcnler\",\"item\":\"https:\/\/barrsell.com\/en\/products\/\"},{\"@type\":\"ListItem\",\"position\":3,\"name\":\"Harvia Heating Element 3000W- 230V\"}]},{\"@type\":\"WebSite\",\"@id\":\"https:\/\/barrsell.com\/#website\",\"url\":\"https:\/\/barrsell.com\/\",\"name\":\"Barrsell End\u00fcstri Makine\",\"description\":\"Teknolojiyle G\u00fc\u00e7lenen End\u00fcstriyel \u00c7\u00f6z\u00fcmler!\",\"potentialAction\":[{\"@type\":\"SearchAction\",\"target\":{\"@type\":\"EntryPoint\",\"urlTemplate\":\"https:\/\/barrsell.com\/?s={search_term_string}\"},\"query-input\":\"required name=search_term_string\"}],\"inLanguage\":\"en-US\"}]}<\/script>\n<!-- \/ Yoast SEO Premium plugin. -->","yoast_head_json":{"title":"Harvia Heating Element 3000W- 230V | Barrsell End\u00fcstri","description":"Harvia Is\u0131tma Eleman\u0131 3000W- 230V sauna \u0131s\u0131tma sistemlerinde en y\u00fcksek performans\u0131 elde etmek isteyenler i\u00e7in tasarlanm\u0131\u015f g\u00fc\u00e7l\u00fc bir bile\u015fendir.","robots":{"index":"index","follow":"follow","max-snippet":"max-snippet:-1","max-image-preview":"max-image-preview:large","max-video-preview":"max-video-preview:-1"},"canonical":"https:\/\/barrsell.com\/en\/product\/harvia-heating-element-3000w-230v\/","og_locale":"en_US","og_type":"article","og_title":"Harvia Heating Element 3000W- 230V","og_description":"Harvia Is\u0131tma Eleman\u0131 3000W- 230V sauna \u0131s\u0131tma sistemlerinde en y\u00fcksek performans\u0131 elde etmek isteyenler i\u00e7in tasarlanm\u0131\u015f g\u00fc\u00e7l\u00fc bir bile\u015fendir.","og_url":"https:\/\/barrsell.com\/en\/product\/harvia-heating-element-3000w-230v\/","og_site_name":"Barrsell","article_modified_time":"2024-12-23T10:18:06+00:00","og_image":[{"width":1200,"height":1200,"url":"https:\/\/barrsell.com\/wp-content\/uploads\/2024\/08\/Harvia-Isitma-Elemani-3000W.png","type":"image\/png"}],"twitter_card":"summary_large_image","twitter_misc":{"Est. reading time":"2 minutes"},"schema":{"@context":"https:\/\/schema.org","@graph":[{"@type":"WebPage","@id":"https:\/\/barrsell.com\/urun\/harvia-heating-element-3000w-230v\/","url":"https:\/\/barrsell.com\/urun\/harvia-heating-element-3000w-230v\/","name":"Harvia Heating Element 3000W- 230V | Barrsell End\u00fcstri","isPartOf":{"@id":"https:\/\/barrsell.com\/#website"},"primaryImageOfPage":{"@id":"https:\/\/barrsell.com\/urun\/harvia-heating-element-3000w-230v\/#primaryimage"},"image":{"@id":"https:\/\/barrsell.com\/urun\/harvia-heating-element-3000w-230v\/#primaryimage"},"thumbnailUrl":"https:\/\/barrsell.com\/wp-content\/uploads\/2024\/08\/Harvia-Isitma-Elemani-3000W.png","datePublished":"2024-08-29T08:52:14+00:00","dateModified":"2024-12-23T10:18:06+00:00","description":"Harvia Is\u0131tma Eleman\u0131 3000W- 230V sauna \u0131s\u0131tma sistemlerinde en y\u00fcksek performans\u0131 elde etmek isteyenler i\u00e7in tasarlanm\u0131\u015f g\u00fc\u00e7l\u00fc bir bile\u015fendir.","breadcrumb":{"@id":"https:\/\/barrsell.com\/urun\/harvia-heating-element-3000w-230v\/#breadcrumb"},"inLanguage":"en-US","potentialAction":[{"@type":"ReadAction","target":["https:\/\/barrsell.com\/urun\/harvia-heating-element-3000w-230v\/"]}]},{"@type":"ImageObject","inLanguage":"en-US","@id":"https:\/\/barrsell.com\/urun\/harvia-heating-element-3000w-230v\/#primaryimage","url":"https:\/\/barrsell.com\/wp-content\/uploads\/2024\/08\/Harvia-Isitma-Elemani-3000W.png","contentUrl":"https:\/\/barrsell.com\/wp-content\/uploads\/2024\/08\/Harvia-Isitma-Elemani-3000W.png","width":1200,"height":1200,"caption":"Harvia Is\u0131tma Eleman\u0131 3000W"},{"@type":"BreadcrumbList","@id":"https:\/\/barrsell.com\/urun\/harvia-heating-element-3000w-230v\/#breadcrumb","itemListElement":[{"@type":"ListItem","position":1,"name":"Home","item":"https:\/\/barrsell.com\/"},{"@type":"ListItem","position":2,"name":"\u00dcr\u00fcnler","item":"https:\/\/barrsell.com\/en\/products\/"},{"@type":"ListItem","position":3,"name":"Harvia Heating Element 3000W- 230V"}]},{"@type":"WebSite","@id":"https:\/\/barrsell.com\/#website","url":"https:\/\/barrsell.com\/","name":"Barrsell End\u00fcstri Makine","description":"Teknolojiyle G\u00fc\u00e7lenen End\u00fcstriyel \u00c7\u00f6z\u00fcmler!","potentialAction":[{"@type":"SearchAction","target":{"@type":"EntryPoint","urlTemplate":"https:\/\/barrsell.com\/?s={search_term_string}"},"query-input":"required name=search_term_string"}],"inLanguage":"en-US"}]}},"_links":{"self":[{"href":"https:\/\/barrsell.com\/en\/wp-json\/wp\/v2\/product\/13298","targetHints":{"allow":["GET"]}}],"collection":[{"href":"https:\/\/barrsell.com\/en\/wp-json\/wp\/v2\/product"}],"about":[{"href":"https:\/\/barrsell.com\/en\/wp-json\/wp\/v2\/types\/product"}],"version-history":[{"count":8,"href":"https:\/\/barrsell.com\/en\/wp-json\/wp\/v2\/product\/13298\/revisions"}],"predecessor-version":[{"id":19510,"href":"https:\/\/barrsell.com\/en\/wp-json\/wp\/v2\/product\/13298\/revisions\/19510"}],"wp:featuredmedia":[{"embeddable":true,"href":"https:\/\/barrsell.com\/en\/wp-json\/wp\/v2\/media\/13299"}],"wp:attachment":[{"href":"https:\/\/barrsell.com\/en\/wp-json\/wp\/v2\/media?parent=13298"}],"wp:term":[{"taxonomy":"product_cat","embeddable":true,"href":"https:\/\/barrsell.com\/en\/wp-json\/wp\/v2\/product_cat?post=13298"},{"taxonomy":"product_tag","embeddable":true,"href":"https:\/\/barrsell.com\/en\/wp-json\/wp\/v2\/product_tag?post=13298"}],"curies":[{"name":"wp","href":"https:\/\/api.w.org\/{rel}","templated":true}]}}