{"id":13293,"date":"2024-08-29T08:46:57","date_gmt":"2024-08-29T08:46:57","guid":{"rendered":"https:\/\/barrsell.com\/?post_type=product&#038;p=13293"},"modified":"2024-12-24T01:35:05","modified_gmt":"2024-12-24T01:35:05","slug":"harvia-isitma-elemani-2670w","status":"publish","type":"product","link":"https:\/\/barrsell.com\/en\/product\/harvia-heating-element-2670w\/","title":{"rendered":"Harvia Heating Element 2670W"},"content":{"rendered":"<h2>Harvia Heating Element 2670W<\/h2>\n<p>The Harvia Heating Element 2670W is a powerful heating element designed to optimize the performance of sauna heaters. With 2670 watts of power, this element heats your sauna room quickly, ensuring you reach the ideal temperature level. This high-power heating element is the perfect solution for large sauna areas and offers reliable performance even in the most demanding conditions.<\/p>\n<h4><strong>Harvia Heating Element Durable Material and Long Lasting Design<\/strong><\/h4>\n<p>The Harvia Heating Element is manufactured with durable and corrosion resistant materials. The high quality construction ensures long life of the element and stable performance even with continuous use. This element meets Harvia's rigorous engineering standards. It is a long-term addition to your sauna's heating system.<\/p>\n<h4><strong>High Thermal Efficiency and Energy Saving<\/strong><\/h4>\n<p>This 2670-watt heating element is designed for energy efficiency. It optimizes energy consumption by providing a fast and even heat distribution in your sauna room. This feature not only reduces operating costs but also ensures an environmentally friendly use. It combines powerful heating capacity with energy savings.<\/p>\n<h4><strong>Easy Assembly and Harmonious Design<\/strong><\/h4>\n<p>The Harvia Heating Element is designed to be fully compatible with Harvia sauna heater models. Thanks to its easy installation, you can quickly replace and install it. This simplifies the maintenance of your sauna and improves the performance of the device.<\/p>","protected":false},"excerpt":{"rendered":"<p><span>230V<\/span><\/p>","protected":false},"featured_media":13294,"template":"","meta":[],"product_cat":[169],"product_tag":[],"class_list":{"0":"post-13293","1":"product","2":"type-product","3":"status-publish","4":"has-post-thumbnail","6":"product_cat-harvia-sauna-isiticilari-yedek-parcalari","8":"first","9":"instock","10":"shipping-taxable","11":"product-type-simple"},"yoast_head":"<!-- This site is optimized with the Yoast SEO Premium plugin v23.2 (Yoast SEO v23.2) - https:\/\/yoast.com\/wordpress\/plugins\/seo\/ -->\n<title>Harvia Is\u0131tma Eleman\u0131 2670W | Barrsell End\u00fcstri<\/title>\n<meta name=\"description\" content=\"Harvia Is\u0131tma Eleman\u0131 2670W, sauna \u0131s\u0131t\u0131c\u0131lar\u0131n\u0131n performans\u0131n\u0131 optimize etmek i\u00e7in tasarlanm\u0131\u015f g\u00fc\u00e7l\u00fc bir \u0131s\u0131tma eleman\u0131d\u0131r. 2670 watt g\u00fcc\u00fcndeki\" \/>\n<meta name=\"robots\" content=\"index, follow, max-snippet:-1, max-image-preview:large, max-video-preview:-1\" \/>\n<link rel=\"canonical\" href=\"https:\/\/barrsell.com\/en\/product\/harvia-heating-element-2670w\/\" \/>\n<meta property=\"og:locale\" content=\"en_US\" \/>\n<meta property=\"og:type\" content=\"article\" \/>\n<meta property=\"og:title\" content=\"Harvia Is\u0131tma Eleman\u0131 2670W\" \/>\n<meta property=\"og:description\" content=\"Harvia Is\u0131tma Eleman\u0131 2670W, sauna \u0131s\u0131t\u0131c\u0131lar\u0131n\u0131n performans\u0131n\u0131 optimize etmek i\u00e7in tasarlanm\u0131\u015f g\u00fc\u00e7l\u00fc bir \u0131s\u0131tma eleman\u0131d\u0131r. 2670 watt g\u00fcc\u00fcndeki\" \/>\n<meta property=\"og:url\" content=\"https:\/\/barrsell.com\/en\/product\/harvia-heating-element-2670w\/\" \/>\n<meta property=\"og:site_name\" content=\"Barrsell\" \/>\n<meta property=\"article:modified_time\" content=\"2024-12-24T01:35:05+00:00\" \/>\n<meta property=\"og:image\" content=\"https:\/\/barrsell.com\/wp-content\/uploads\/2024\/08\/Harvia-Isitma-Elemani-2670W.png\" \/>\n\t<meta property=\"og:image:width\" content=\"1200\" \/>\n\t<meta property=\"og:image:height\" content=\"1200\" \/>\n\t<meta property=\"og:image:type\" content=\"image\/png\" \/>\n<meta name=\"twitter:card\" content=\"summary_large_image\" \/>\n<meta name=\"twitter:label1\" content=\"Est. reading time\" \/>\n\t<meta name=\"twitter:data1\" content=\"2 minutes\" \/>\n<script type=\"application\/ld+json\" class=\"yoast-schema-graph\">{\"@context\":\"https:\/\/schema.org\",\"@graph\":[{\"@type\":\"WebPage\",\"@id\":\"https:\/\/barrsell.com\/urun\/harvia-isitma-elemani-2670w\/\",\"url\":\"https:\/\/barrsell.com\/urun\/harvia-isitma-elemani-2670w\/\",\"name\":\"Harvia Is\u0131tma Eleman\u0131 2670W | Barrsell End\u00fcstri\",\"isPartOf\":{\"@id\":\"https:\/\/barrsell.com\/#website\"},\"primaryImageOfPage\":{\"@id\":\"https:\/\/barrsell.com\/urun\/harvia-isitma-elemani-2670w\/#primaryimage\"},\"image\":{\"@id\":\"https:\/\/barrsell.com\/urun\/harvia-isitma-elemani-2670w\/#primaryimage\"},\"thumbnailUrl\":\"https:\/\/barrsell.com\/wp-content\/uploads\/2024\/08\/Harvia-Isitma-Elemani-2670W.png\",\"datePublished\":\"2024-08-29T08:46:57+00:00\",\"dateModified\":\"2024-12-24T01:35:05+00:00\",\"description\":\"Harvia Is\u0131tma Eleman\u0131 2670W, sauna \u0131s\u0131t\u0131c\u0131lar\u0131n\u0131n performans\u0131n\u0131 optimize etmek i\u00e7in tasarlanm\u0131\u015f g\u00fc\u00e7l\u00fc bir \u0131s\u0131tma eleman\u0131d\u0131r. 2670 watt g\u00fcc\u00fcndeki\",\"breadcrumb\":{\"@id\":\"https:\/\/barrsell.com\/urun\/harvia-isitma-elemani-2670w\/#breadcrumb\"},\"inLanguage\":\"en-US\",\"potentialAction\":[{\"@type\":\"ReadAction\",\"target\":[\"https:\/\/barrsell.com\/urun\/harvia-isitma-elemani-2670w\/\"]}]},{\"@type\":\"ImageObject\",\"inLanguage\":\"en-US\",\"@id\":\"https:\/\/barrsell.com\/urun\/harvia-isitma-elemani-2670w\/#primaryimage\",\"url\":\"https:\/\/barrsell.com\/wp-content\/uploads\/2024\/08\/Harvia-Isitma-Elemani-2670W.png\",\"contentUrl\":\"https:\/\/barrsell.com\/wp-content\/uploads\/2024\/08\/Harvia-Isitma-Elemani-2670W.png\",\"width\":1200,\"height\":1200,\"caption\":\"Harvia Is\u0131tma Eleman\u0131 2670W\"},{\"@type\":\"BreadcrumbList\",\"@id\":\"https:\/\/barrsell.com\/urun\/harvia-isitma-elemani-2670w\/#breadcrumb\",\"itemListElement\":[{\"@type\":\"ListItem\",\"position\":1,\"name\":\"Home\",\"item\":\"https:\/\/barrsell.com\/\"},{\"@type\":\"ListItem\",\"position\":2,\"name\":\"\u00dcr\u00fcnler\",\"item\":\"https:\/\/barrsell.com\/en\/products\/\"},{\"@type\":\"ListItem\",\"position\":3,\"name\":\"Harvia Is\u0131tma Eleman\u0131 2670W\"}]},{\"@type\":\"WebSite\",\"@id\":\"https:\/\/barrsell.com\/#website\",\"url\":\"https:\/\/barrsell.com\/\",\"name\":\"Barrsell End\u00fcstri Makine\",\"description\":\"Teknolojiyle G\u00fc\u00e7lenen End\u00fcstriyel \u00c7\u00f6z\u00fcmler!\",\"potentialAction\":[{\"@type\":\"SearchAction\",\"target\":{\"@type\":\"EntryPoint\",\"urlTemplate\":\"https:\/\/barrsell.com\/?s={search_term_string}\"},\"query-input\":\"required name=search_term_string\"}],\"inLanguage\":\"en-US\"}]}<\/script>\n<!-- \/ Yoast SEO Premium plugin. -->","yoast_head_json":{"title":"Harvia Is\u0131tma Eleman\u0131 2670W | Barrsell End\u00fcstri","description":"Harvia Is\u0131tma Eleman\u0131 2670W, sauna \u0131s\u0131t\u0131c\u0131lar\u0131n\u0131n performans\u0131n\u0131 optimize etmek i\u00e7in tasarlanm\u0131\u015f g\u00fc\u00e7l\u00fc bir \u0131s\u0131tma eleman\u0131d\u0131r. 2670 watt g\u00fcc\u00fcndeki","robots":{"index":"index","follow":"follow","max-snippet":"max-snippet:-1","max-image-preview":"max-image-preview:large","max-video-preview":"max-video-preview:-1"},"canonical":"https:\/\/barrsell.com\/en\/product\/harvia-heating-element-2670w\/","og_locale":"en_US","og_type":"article","og_title":"Harvia Is\u0131tma Eleman\u0131 2670W","og_description":"Harvia Is\u0131tma Eleman\u0131 2670W, sauna \u0131s\u0131t\u0131c\u0131lar\u0131n\u0131n performans\u0131n\u0131 optimize etmek i\u00e7in tasarlanm\u0131\u015f g\u00fc\u00e7l\u00fc bir \u0131s\u0131tma eleman\u0131d\u0131r. 2670 watt g\u00fcc\u00fcndeki","og_url":"https:\/\/barrsell.com\/en\/product\/harvia-heating-element-2670w\/","og_site_name":"Barrsell","article_modified_time":"2024-12-24T01:35:05+00:00","og_image":[{"width":1200,"height":1200,"url":"https:\/\/barrsell.com\/wp-content\/uploads\/2024\/08\/Harvia-Isitma-Elemani-2670W.png","type":"image\/png"}],"twitter_card":"summary_large_image","twitter_misc":{"Est. reading time":"2 minutes"},"schema":{"@context":"https:\/\/schema.org","@graph":[{"@type":"WebPage","@id":"https:\/\/barrsell.com\/urun\/harvia-isitma-elemani-2670w\/","url":"https:\/\/barrsell.com\/urun\/harvia-isitma-elemani-2670w\/","name":"Harvia Is\u0131tma Eleman\u0131 2670W | Barrsell End\u00fcstri","isPartOf":{"@id":"https:\/\/barrsell.com\/#website"},"primaryImageOfPage":{"@id":"https:\/\/barrsell.com\/urun\/harvia-isitma-elemani-2670w\/#primaryimage"},"image":{"@id":"https:\/\/barrsell.com\/urun\/harvia-isitma-elemani-2670w\/#primaryimage"},"thumbnailUrl":"https:\/\/barrsell.com\/wp-content\/uploads\/2024\/08\/Harvia-Isitma-Elemani-2670W.png","datePublished":"2024-08-29T08:46:57+00:00","dateModified":"2024-12-24T01:35:05+00:00","description":"Harvia Is\u0131tma Eleman\u0131 2670W, sauna \u0131s\u0131t\u0131c\u0131lar\u0131n\u0131n performans\u0131n\u0131 optimize etmek i\u00e7in tasarlanm\u0131\u015f g\u00fc\u00e7l\u00fc bir \u0131s\u0131tma eleman\u0131d\u0131r. 2670 watt g\u00fcc\u00fcndeki","breadcrumb":{"@id":"https:\/\/barrsell.com\/urun\/harvia-isitma-elemani-2670w\/#breadcrumb"},"inLanguage":"en-US","potentialAction":[{"@type":"ReadAction","target":["https:\/\/barrsell.com\/urun\/harvia-isitma-elemani-2670w\/"]}]},{"@type":"ImageObject","inLanguage":"en-US","@id":"https:\/\/barrsell.com\/urun\/harvia-isitma-elemani-2670w\/#primaryimage","url":"https:\/\/barrsell.com\/wp-content\/uploads\/2024\/08\/Harvia-Isitma-Elemani-2670W.png","contentUrl":"https:\/\/barrsell.com\/wp-content\/uploads\/2024\/08\/Harvia-Isitma-Elemani-2670W.png","width":1200,"height":1200,"caption":"Harvia Is\u0131tma Eleman\u0131 2670W"},{"@type":"BreadcrumbList","@id":"https:\/\/barrsell.com\/urun\/harvia-isitma-elemani-2670w\/#breadcrumb","itemListElement":[{"@type":"ListItem","position":1,"name":"Home","item":"https:\/\/barrsell.com\/"},{"@type":"ListItem","position":2,"name":"\u00dcr\u00fcnler","item":"https:\/\/barrsell.com\/en\/products\/"},{"@type":"ListItem","position":3,"name":"Harvia Is\u0131tma Eleman\u0131 2670W"}]},{"@type":"WebSite","@id":"https:\/\/barrsell.com\/#website","url":"https:\/\/barrsell.com\/","name":"Barrsell End\u00fcstri Makine","description":"Teknolojiyle G\u00fc\u00e7lenen End\u00fcstriyel \u00c7\u00f6z\u00fcmler!","potentialAction":[{"@type":"SearchAction","target":{"@type":"EntryPoint","urlTemplate":"https:\/\/barrsell.com\/?s={search_term_string}"},"query-input":"required name=search_term_string"}],"inLanguage":"en-US"}]}},"_links":{"self":[{"href":"https:\/\/barrsell.com\/en\/wp-json\/wp\/v2\/product\/13293","targetHints":{"allow":["GET"]}}],"collection":[{"href":"https:\/\/barrsell.com\/en\/wp-json\/wp\/v2\/product"}],"about":[{"href":"https:\/\/barrsell.com\/en\/wp-json\/wp\/v2\/types\/product"}],"version-history":[{"count":7,"href":"https:\/\/barrsell.com\/en\/wp-json\/wp\/v2\/product\/13293\/revisions"}],"predecessor-version":[{"id":19514,"href":"https:\/\/barrsell.com\/en\/wp-json\/wp\/v2\/product\/13293\/revisions\/19514"}],"wp:featuredmedia":[{"embeddable":true,"href":"https:\/\/barrsell.com\/en\/wp-json\/wp\/v2\/media\/13294"}],"wp:attachment":[{"href":"https:\/\/barrsell.com\/en\/wp-json\/wp\/v2\/media?parent=13293"}],"wp:term":[{"taxonomy":"product_cat","embeddable":true,"href":"https:\/\/barrsell.com\/en\/wp-json\/wp\/v2\/product_cat?post=13293"},{"taxonomy":"product_tag","embeddable":true,"href":"https:\/\/barrsell.com\/en\/wp-json\/wp\/v2\/product_tag?post=13293"}],"curies":[{"name":"wp","href":"https:\/\/api.w.org\/{rel}","templated":true}]}}