{"id":13280,"date":"2024-08-29T08:01:59","date_gmt":"2024-08-29T08:01:59","guid":{"rendered":"https:\/\/barrsell.com\/?post_type=product&#038;p=13280"},"modified":"2024-12-24T01:52:09","modified_gmt":"2024-12-24T01:52:09","slug":"harvia-tahliye-vanasi","status":"publish","type":"product","link":"https:\/\/barrsell.com\/en\/product\/harvia-discharge-van\/","title":{"rendered":"Harvia Drain Valve"},"content":{"rendered":"<h2 data-sourcepos=\"1:1-1:73\">Harvia Drain Valve: An Indispensable Part for the Safety of Your Sauna<\/h2>\n<p data-sourcepos=\"3:1-3:238\" class=\" translation-block\">The <strong>Harvia drain valve<\/strong> is an important component that ensures the safe operation of your sauna. By draining excess water from the sauna cabin, these valves prevent water damage and ensure a longer life of the sauna stones.<\/p>\n<h4 data-sourcepos=\"5:1-5:34\">Importance of Harvia Relief Valve<\/h4>\n<ul data-sourcepos=\"7:1-11:0\">\n<li data-sourcepos=\"7:1-7:132\" class=\" translation-block\"><strong>Safety:<\/strong> The drain valve prevents water accumulation in the sauna cabin, minimizing risks such as electric shock.<\/li>\n<li data-sourcepos=\"8:1-8:120\" class=\" translation-block\"><strong>Length of Life:<\/strong> Regular draining of water slows down the wear of sauna stones and prolongs their life.<\/li>\n<li data-sourcepos=\"9:1-9:90\" class=\" translation-block\"><strong>Hygiene:<\/strong> The drain valve prevents the formation of bacteria and mold in the sauna cabin.<\/li>\n<li data-sourcepos=\"10:1-11:0\" class=\" translation-block\"><strong>Easy to Use:<\/strong> Harvia relief valves usually have a simple construction and are easy to clean.<\/li>\n<\/ul>","protected":false},"excerpt":{"rendered":"<p>HGX\/HGP<\/p>","protected":false},"featured_media":13281,"template":"","meta":[],"product_cat":[169],"product_tag":[],"class_list":{"0":"post-13280","1":"product","2":"type-product","3":"status-publish","4":"has-post-thumbnail","6":"product_cat-harvia-sauna-isiticilari-yedek-parcalari","8":"first","9":"instock","10":"shipping-taxable","11":"product-type-simple"},"yoast_head":"<!-- This site is optimized with the Yoast SEO Premium plugin v23.2 (Yoast SEO v23.2) - https:\/\/yoast.com\/wordpress\/plugins\/seo\/ -->\n<title>Harvia Tahliye Vanas\u0131 | Barrsell End\u00fcstri<\/title>\n<meta name=\"description\" content=\"Harvia tahliye vanas\u0131, saunan\u0131z\u0131n g\u00fcvenli bir \u015fekilde \u00e7al\u0131\u015fmas\u0131n\u0131 sa\u011flayan \u00f6nemli bir bile\u015fendir. Bu vanalar, sauna kabinindeki fazla suyu tahliye ederek\" \/>\n<meta name=\"robots\" content=\"index, follow, max-snippet:-1, max-image-preview:large, max-video-preview:-1\" \/>\n<link rel=\"canonical\" href=\"https:\/\/barrsell.com\/en\/product\/harvia-discharge-van\/\" \/>\n<meta property=\"og:locale\" content=\"en_US\" \/>\n<meta property=\"og:type\" content=\"article\" \/>\n<meta property=\"og:title\" content=\"Harvia Tahliye Vanas\u0131\" \/>\n<meta property=\"og:description\" content=\"Harvia tahliye vanas\u0131, saunan\u0131z\u0131n g\u00fcvenli bir \u015fekilde \u00e7al\u0131\u015fmas\u0131n\u0131 sa\u011flayan \u00f6nemli bir bile\u015fendir. Bu vanalar, sauna kabinindeki fazla suyu tahliye ederek\" \/>\n<meta property=\"og:url\" content=\"https:\/\/barrsell.com\/en\/product\/harvia-discharge-van\/\" \/>\n<meta property=\"og:site_name\" content=\"Barrsell\" \/>\n<meta property=\"article:modified_time\" content=\"2024-12-24T01:52:09+00:00\" \/>\n<meta property=\"og:image\" content=\"https:\/\/barrsell.com\/wp-content\/uploads\/2024\/08\/Harvia-Tahliye-Vanasi.png\" \/>\n\t<meta property=\"og:image:width\" content=\"1200\" \/>\n\t<meta property=\"og:image:height\" content=\"1200\" \/>\n\t<meta property=\"og:image:type\" content=\"image\/png\" \/>\n<meta name=\"twitter:card\" content=\"summary_large_image\" \/>\n<meta name=\"twitter:label1\" content=\"Est. reading time\" \/>\n\t<meta name=\"twitter:data1\" content=\"1 minute\" \/>\n<script type=\"application\/ld+json\" class=\"yoast-schema-graph\">{\"@context\":\"https:\/\/schema.org\",\"@graph\":[{\"@type\":\"WebPage\",\"@id\":\"https:\/\/barrsell.com\/urun\/harvia-tahliye-vanasi\/\",\"url\":\"https:\/\/barrsell.com\/urun\/harvia-tahliye-vanasi\/\",\"name\":\"Harvia Tahliye Vanas\u0131 | Barrsell End\u00fcstri\",\"isPartOf\":{\"@id\":\"https:\/\/barrsell.com\/#website\"},\"primaryImageOfPage\":{\"@id\":\"https:\/\/barrsell.com\/urun\/harvia-tahliye-vanasi\/#primaryimage\"},\"image\":{\"@id\":\"https:\/\/barrsell.com\/urun\/harvia-tahliye-vanasi\/#primaryimage\"},\"thumbnailUrl\":\"https:\/\/barrsell.com\/wp-content\/uploads\/2024\/08\/Harvia-Tahliye-Vanasi.png\",\"datePublished\":\"2024-08-29T08:01:59+00:00\",\"dateModified\":\"2024-12-24T01:52:09+00:00\",\"description\":\"Harvia tahliye vanas\u0131, saunan\u0131z\u0131n g\u00fcvenli bir \u015fekilde \u00e7al\u0131\u015fmas\u0131n\u0131 sa\u011flayan \u00f6nemli bir bile\u015fendir. Bu vanalar, sauna kabinindeki fazla suyu tahliye ederek\",\"breadcrumb\":{\"@id\":\"https:\/\/barrsell.com\/urun\/harvia-tahliye-vanasi\/#breadcrumb\"},\"inLanguage\":\"en-US\",\"potentialAction\":[{\"@type\":\"ReadAction\",\"target\":[\"https:\/\/barrsell.com\/urun\/harvia-tahliye-vanasi\/\"]}]},{\"@type\":\"ImageObject\",\"inLanguage\":\"en-US\",\"@id\":\"https:\/\/barrsell.com\/urun\/harvia-tahliye-vanasi\/#primaryimage\",\"url\":\"https:\/\/barrsell.com\/wp-content\/uploads\/2024\/08\/Harvia-Tahliye-Vanasi.png\",\"contentUrl\":\"https:\/\/barrsell.com\/wp-content\/uploads\/2024\/08\/Harvia-Tahliye-Vanasi.png\",\"width\":1200,\"height\":1200,\"caption\":\"Harvia Tahliye Vanas\u0131\"},{\"@type\":\"BreadcrumbList\",\"@id\":\"https:\/\/barrsell.com\/urun\/harvia-tahliye-vanasi\/#breadcrumb\",\"itemListElement\":[{\"@type\":\"ListItem\",\"position\":1,\"name\":\"Home\",\"item\":\"https:\/\/barrsell.com\/\"},{\"@type\":\"ListItem\",\"position\":2,\"name\":\"\u00dcr\u00fcnler\",\"item\":\"https:\/\/barrsell.com\/en\/products\/\"},{\"@type\":\"ListItem\",\"position\":3,\"name\":\"Harvia Tahliye Vanas\u0131\"}]},{\"@type\":\"WebSite\",\"@id\":\"https:\/\/barrsell.com\/#website\",\"url\":\"https:\/\/barrsell.com\/\",\"name\":\"Barrsell End\u00fcstri Makine\",\"description\":\"Teknolojiyle G\u00fc\u00e7lenen End\u00fcstriyel \u00c7\u00f6z\u00fcmler!\",\"potentialAction\":[{\"@type\":\"SearchAction\",\"target\":{\"@type\":\"EntryPoint\",\"urlTemplate\":\"https:\/\/barrsell.com\/?s={search_term_string}\"},\"query-input\":\"required name=search_term_string\"}],\"inLanguage\":\"en-US\"}]}<\/script>\n<!-- \/ Yoast SEO Premium plugin. -->","yoast_head_json":{"title":"Harvia Tahliye Vanas\u0131 | Barrsell End\u00fcstri","description":"Harvia tahliye vanas\u0131, saunan\u0131z\u0131n g\u00fcvenli bir \u015fekilde \u00e7al\u0131\u015fmas\u0131n\u0131 sa\u011flayan \u00f6nemli bir bile\u015fendir. Bu vanalar, sauna kabinindeki fazla suyu tahliye ederek","robots":{"index":"index","follow":"follow","max-snippet":"max-snippet:-1","max-image-preview":"max-image-preview:large","max-video-preview":"max-video-preview:-1"},"canonical":"https:\/\/barrsell.com\/en\/product\/harvia-discharge-van\/","og_locale":"en_US","og_type":"article","og_title":"Harvia Tahliye Vanas\u0131","og_description":"Harvia tahliye vanas\u0131, saunan\u0131z\u0131n g\u00fcvenli bir \u015fekilde \u00e7al\u0131\u015fmas\u0131n\u0131 sa\u011flayan \u00f6nemli bir bile\u015fendir. Bu vanalar, sauna kabinindeki fazla suyu tahliye ederek","og_url":"https:\/\/barrsell.com\/en\/product\/harvia-discharge-van\/","og_site_name":"Barrsell","article_modified_time":"2024-12-24T01:52:09+00:00","og_image":[{"width":1200,"height":1200,"url":"https:\/\/barrsell.com\/wp-content\/uploads\/2024\/08\/Harvia-Tahliye-Vanasi.png","type":"image\/png"}],"twitter_card":"summary_large_image","twitter_misc":{"Est. reading time":"1 minute"},"schema":{"@context":"https:\/\/schema.org","@graph":[{"@type":"WebPage","@id":"https:\/\/barrsell.com\/urun\/harvia-tahliye-vanasi\/","url":"https:\/\/barrsell.com\/urun\/harvia-tahliye-vanasi\/","name":"Harvia Tahliye Vanas\u0131 | Barrsell End\u00fcstri","isPartOf":{"@id":"https:\/\/barrsell.com\/#website"},"primaryImageOfPage":{"@id":"https:\/\/barrsell.com\/urun\/harvia-tahliye-vanasi\/#primaryimage"},"image":{"@id":"https:\/\/barrsell.com\/urun\/harvia-tahliye-vanasi\/#primaryimage"},"thumbnailUrl":"https:\/\/barrsell.com\/wp-content\/uploads\/2024\/08\/Harvia-Tahliye-Vanasi.png","datePublished":"2024-08-29T08:01:59+00:00","dateModified":"2024-12-24T01:52:09+00:00","description":"Harvia tahliye vanas\u0131, saunan\u0131z\u0131n g\u00fcvenli bir \u015fekilde \u00e7al\u0131\u015fmas\u0131n\u0131 sa\u011flayan \u00f6nemli bir bile\u015fendir. Bu vanalar, sauna kabinindeki fazla suyu tahliye ederek","breadcrumb":{"@id":"https:\/\/barrsell.com\/urun\/harvia-tahliye-vanasi\/#breadcrumb"},"inLanguage":"en-US","potentialAction":[{"@type":"ReadAction","target":["https:\/\/barrsell.com\/urun\/harvia-tahliye-vanasi\/"]}]},{"@type":"ImageObject","inLanguage":"en-US","@id":"https:\/\/barrsell.com\/urun\/harvia-tahliye-vanasi\/#primaryimage","url":"https:\/\/barrsell.com\/wp-content\/uploads\/2024\/08\/Harvia-Tahliye-Vanasi.png","contentUrl":"https:\/\/barrsell.com\/wp-content\/uploads\/2024\/08\/Harvia-Tahliye-Vanasi.png","width":1200,"height":1200,"caption":"Harvia Tahliye Vanas\u0131"},{"@type":"BreadcrumbList","@id":"https:\/\/barrsell.com\/urun\/harvia-tahliye-vanasi\/#breadcrumb","itemListElement":[{"@type":"ListItem","position":1,"name":"Home","item":"https:\/\/barrsell.com\/"},{"@type":"ListItem","position":2,"name":"\u00dcr\u00fcnler","item":"https:\/\/barrsell.com\/en\/products\/"},{"@type":"ListItem","position":3,"name":"Harvia Tahliye Vanas\u0131"}]},{"@type":"WebSite","@id":"https:\/\/barrsell.com\/#website","url":"https:\/\/barrsell.com\/","name":"Barrsell End\u00fcstri Makine","description":"Teknolojiyle G\u00fc\u00e7lenen End\u00fcstriyel \u00c7\u00f6z\u00fcmler!","potentialAction":[{"@type":"SearchAction","target":{"@type":"EntryPoint","urlTemplate":"https:\/\/barrsell.com\/?s={search_term_string}"},"query-input":"required name=search_term_string"}],"inLanguage":"en-US"}]}},"_links":{"self":[{"href":"https:\/\/barrsell.com\/en\/wp-json\/wp\/v2\/product\/13280","targetHints":{"allow":["GET"]}}],"collection":[{"href":"https:\/\/barrsell.com\/en\/wp-json\/wp\/v2\/product"}],"about":[{"href":"https:\/\/barrsell.com\/en\/wp-json\/wp\/v2\/types\/product"}],"version-history":[{"count":4,"href":"https:\/\/barrsell.com\/en\/wp-json\/wp\/v2\/product\/13280\/revisions"}],"predecessor-version":[{"id":19520,"href":"https:\/\/barrsell.com\/en\/wp-json\/wp\/v2\/product\/13280\/revisions\/19520"}],"wp:featuredmedia":[{"embeddable":true,"href":"https:\/\/barrsell.com\/en\/wp-json\/wp\/v2\/media\/13281"}],"wp:attachment":[{"href":"https:\/\/barrsell.com\/en\/wp-json\/wp\/v2\/media?parent=13280"}],"wp:term":[{"taxonomy":"product_cat","embeddable":true,"href":"https:\/\/barrsell.com\/en\/wp-json\/wp\/v2\/product_cat?post=13280"},{"taxonomy":"product_tag","embeddable":true,"href":"https:\/\/barrsell.com\/en\/wp-json\/wp\/v2\/product_tag?post=13280"}],"curies":[{"name":"wp","href":"https:\/\/api.w.org\/{rel}","templated":true}]}}