{"id":13274,"date":"2024-08-28T15:59:34","date_gmt":"2024-08-28T15:59:34","guid":{"rendered":"https:\/\/barrsell.com\/?post_type=product&#038;p=13274"},"modified":"2024-12-24T01:59:30","modified_gmt":"2024-12-24T01:59:30","slug":"harvia-solenoid-valf","status":"publish","type":"product","link":"https:\/\/barrsell.com\/en\/product\/harvia-solenoid-valve\/","title":{"rendered":"Harvia Solenoid Valve"},"content":{"rendered":"<div class=\"presented-response-container ng-tns-c3430680449-24\">\n<div class=\"response-container-content ng-tns-c3430680449-24\">\n<div class=\"response-content ng-tns-c3430680449-24\">\n<div class=\"markdown markdown-main-panel\" dir=\"ltr\">\n<h2 data-sourcepos=\"1:1-1:75\">Harvia Solenoid Valve: Technology to Perfect Your Sauna Experience<\/h2>\n<p data-sourcepos=\"3:1-3:274\" class=\" translation-block\">The <strong>Harvia solenoid valve<\/strong> is a reliable and efficient component at the heart of your sauna's steam generation system. This valve ensures that water is automatically directed to the heater, allowing you to enjoy a sauna experience at your desired temperature and humidity level.<\/p>\n<h4 data-sourcepos=\"5:1-5:41\">Why is the Harvia Solenoid Valve Important?<\/h4>\n<ul data-sourcepos=\"7:1-11:0\">\n<li data-sourcepos=\"7:1-7:196\" class=\" translation-block\"><strong>Automatic Control:<\/strong> Instead of manually adjusting the humidity level of your sauna, the solenoid valve does it automatically. This way, you can constantly maintain ideal sauna conditions.<\/li>\n<li data-sourcepos=\"8:1-8:180\" class=\" translation-block\"><strong>Energy Efficiency:<\/strong> The solenoid valve reduces energy consumption by ensuring that water is only sent to the heater as needed. This helps both the environment and your pocket.<\/li>\n<li data-sourcepos=\"9:1-9:184\" class=\" translation-block\"><strong>Safety:<\/strong> The Harvia solenoid valve is made of high quality materials and designed in accordance with safety standards. In this way, you can use your sauna safely.<\/li>\n<li data-sourcepos=\"10:1-11:0\"><strong>Uzun \u00d6m\u00fcrl\u00fc:<\/strong> Dayan\u0131kl\u0131 yap\u0131s\u0131 sayesinde, solenoid valf uzun y\u0131llar boyunca sorunsuz bir \u015fekilde \u00e7al\u0131\u015f\u0131r.<\/li>\n<\/ul>\n<h4 data-sourcepos=\"12:1-12:39\">How Does a Harvia Solenoid Valve Work?<\/h4>\n<p data-sourcepos=\"14:1-14:247\">The solenoid valve consists of an electromagnetic coil powered by electric current and a moving core. When electric current is supplied to the coil, the core moves and controls the flow of water. In this way, the water is directed to the heater or stopped.<\/p>\n<\/div>\n<\/div>\n<\/div>\n<\/div>\n<div class=\"response-container-footer ng-tns-c3430680449-24\">\n<div class=\"actions-container-v2 ng-star-inserted\">\n<div class=\"buttons-container-v2 ng-star-inserted\">\n<div class=\"thumbs-up-animation-container\" hidden=\"\"><\/div>\n<div class=\"thumbs-down-animation-container\" hidden=\"\"><\/div>\n<div class=\"menu-button-wrapper ng-star-inserted\"><\/div>\n<div class=\"menu-button-wrapper ng-star-inserted\"><\/div>\n<div class=\"menu-button-wrapper ng-star-inserted\">\n<div class=\"more-menu-button-container\"><\/div>\n<\/div>\n<div class=\"spacer ng-star-inserted\"><\/div>\n<\/div>\n<\/div>\n<\/div>","protected":false},"excerpt":{"rendered":"<p>Harvia Solenoid Valf: Sauna Deneyiminizi M\u00fckemmel Hale Getiren Teknoloji Harvia solenoid valf, saunan\u0131z\u0131n buhar \u00fcretim sisteminin kalbinde yer alan, g\u00fcvenilir<\/p>","protected":false},"featured_media":13277,"template":"","meta":[],"product_cat":[169],"product_tag":[],"class_list":{"0":"post-13274","1":"product","2":"type-product","3":"status-publish","4":"has-post-thumbnail","6":"product_cat-harvia-sauna-isiticilari-yedek-parcalari","8":"first","9":"instock","10":"shipping-taxable","11":"product-type-simple"},"yoast_head":"<!-- This site is optimized with the Yoast SEO Premium plugin v23.2 (Yoast SEO v23.2) - https:\/\/yoast.com\/wordpress\/plugins\/seo\/ -->\n<title>Harvia Solenoid Valf | Barrsell End\u00fcstri<\/title>\n<meta name=\"description\" content=\"Harvia solenoid valf, saunan\u0131z\u0131n buhar \u00fcretim sisteminin kalbinde yer alan, g\u00fcvenilir ve verimli bir bile\u015fendir. Bu valf, suyun otomatik\" \/>\n<meta name=\"robots\" content=\"index, follow, max-snippet:-1, max-image-preview:large, max-video-preview:-1\" \/>\n<link rel=\"canonical\" href=\"https:\/\/barrsell.com\/en\/product\/harvia-solenoid-valve\/\" \/>\n<meta property=\"og:locale\" content=\"en_US\" \/>\n<meta property=\"og:type\" content=\"article\" \/>\n<meta property=\"og:title\" content=\"Harvia Solenoid Valf\" \/>\n<meta property=\"og:description\" content=\"Harvia solenoid valf, saunan\u0131z\u0131n buhar \u00fcretim sisteminin kalbinde yer alan, g\u00fcvenilir ve verimli bir bile\u015fendir. Bu valf, suyun otomatik\" \/>\n<meta property=\"og:url\" content=\"https:\/\/barrsell.com\/en\/product\/harvia-solenoid-valve\/\" \/>\n<meta property=\"og:site_name\" content=\"Barrsell\" \/>\n<meta property=\"article:modified_time\" content=\"2024-12-24T01:59:30+00:00\" \/>\n<meta property=\"og:image\" content=\"https:\/\/barrsell.com\/wp-content\/uploads\/2024\/08\/Harvia-Solenoid-Valf.png\" \/>\n\t<meta property=\"og:image:width\" content=\"1200\" \/>\n\t<meta property=\"og:image:height\" content=\"1200\" \/>\n\t<meta property=\"og:image:type\" content=\"image\/png\" \/>\n<meta name=\"twitter:card\" content=\"summary_large_image\" \/>\n<meta name=\"twitter:label1\" content=\"Est. reading time\" \/>\n\t<meta name=\"twitter:data1\" content=\"2 minutes\" \/>\n<script type=\"application\/ld+json\" class=\"yoast-schema-graph\">{\"@context\":\"https:\/\/schema.org\",\"@graph\":[{\"@type\":\"WebPage\",\"@id\":\"https:\/\/barrsell.com\/urun\/harvia-solenoid-valf\/\",\"url\":\"https:\/\/barrsell.com\/urun\/harvia-solenoid-valf\/\",\"name\":\"Harvia Solenoid Valf | Barrsell End\u00fcstri\",\"isPartOf\":{\"@id\":\"https:\/\/barrsell.com\/#website\"},\"primaryImageOfPage\":{\"@id\":\"https:\/\/barrsell.com\/urun\/harvia-solenoid-valf\/#primaryimage\"},\"image\":{\"@id\":\"https:\/\/barrsell.com\/urun\/harvia-solenoid-valf\/#primaryimage\"},\"thumbnailUrl\":\"https:\/\/barrsell.com\/wp-content\/uploads\/2024\/08\/Harvia-Solenoid-Valf.png\",\"datePublished\":\"2024-08-28T15:59:34+00:00\",\"dateModified\":\"2024-12-24T01:59:30+00:00\",\"description\":\"Harvia solenoid valf, saunan\u0131z\u0131n buhar \u00fcretim sisteminin kalbinde yer alan, g\u00fcvenilir ve verimli bir bile\u015fendir. Bu valf, suyun otomatik\",\"breadcrumb\":{\"@id\":\"https:\/\/barrsell.com\/urun\/harvia-solenoid-valf\/#breadcrumb\"},\"inLanguage\":\"en-US\",\"potentialAction\":[{\"@type\":\"ReadAction\",\"target\":[\"https:\/\/barrsell.com\/urun\/harvia-solenoid-valf\/\"]}]},{\"@type\":\"ImageObject\",\"inLanguage\":\"en-US\",\"@id\":\"https:\/\/barrsell.com\/urun\/harvia-solenoid-valf\/#primaryimage\",\"url\":\"https:\/\/barrsell.com\/wp-content\/uploads\/2024\/08\/Harvia-Solenoid-Valf.png\",\"contentUrl\":\"https:\/\/barrsell.com\/wp-content\/uploads\/2024\/08\/Harvia-Solenoid-Valf.png\",\"width\":1200,\"height\":1200,\"caption\":\"Harvia Solenoid Valf\"},{\"@type\":\"BreadcrumbList\",\"@id\":\"https:\/\/barrsell.com\/urun\/harvia-solenoid-valf\/#breadcrumb\",\"itemListElement\":[{\"@type\":\"ListItem\",\"position\":1,\"name\":\"Home\",\"item\":\"https:\/\/barrsell.com\/\"},{\"@type\":\"ListItem\",\"position\":2,\"name\":\"\u00dcr\u00fcnler\",\"item\":\"https:\/\/barrsell.com\/en\/products\/\"},{\"@type\":\"ListItem\",\"position\":3,\"name\":\"Harvia Solenoid Valf\"}]},{\"@type\":\"WebSite\",\"@id\":\"https:\/\/barrsell.com\/#website\",\"url\":\"https:\/\/barrsell.com\/\",\"name\":\"Barrsell End\u00fcstri Makine\",\"description\":\"Teknolojiyle G\u00fc\u00e7lenen End\u00fcstriyel \u00c7\u00f6z\u00fcmler!\",\"potentialAction\":[{\"@type\":\"SearchAction\",\"target\":{\"@type\":\"EntryPoint\",\"urlTemplate\":\"https:\/\/barrsell.com\/?s={search_term_string}\"},\"query-input\":\"required name=search_term_string\"}],\"inLanguage\":\"en-US\"}]}<\/script>\n<!-- \/ Yoast SEO Premium plugin. -->","yoast_head_json":{"title":"Harvia Solenoid Valf | Barrsell End\u00fcstri","description":"Harvia solenoid valf, saunan\u0131z\u0131n buhar \u00fcretim sisteminin kalbinde yer alan, g\u00fcvenilir ve verimli bir bile\u015fendir. Bu valf, suyun otomatik","robots":{"index":"index","follow":"follow","max-snippet":"max-snippet:-1","max-image-preview":"max-image-preview:large","max-video-preview":"max-video-preview:-1"},"canonical":"https:\/\/barrsell.com\/en\/product\/harvia-solenoid-valve\/","og_locale":"en_US","og_type":"article","og_title":"Harvia Solenoid Valf","og_description":"Harvia solenoid valf, saunan\u0131z\u0131n buhar \u00fcretim sisteminin kalbinde yer alan, g\u00fcvenilir ve verimli bir bile\u015fendir. Bu valf, suyun otomatik","og_url":"https:\/\/barrsell.com\/en\/product\/harvia-solenoid-valve\/","og_site_name":"Barrsell","article_modified_time":"2024-12-24T01:59:30+00:00","og_image":[{"width":1200,"height":1200,"url":"https:\/\/barrsell.com\/wp-content\/uploads\/2024\/08\/Harvia-Solenoid-Valf.png","type":"image\/png"}],"twitter_card":"summary_large_image","twitter_misc":{"Est. reading time":"2 minutes"},"schema":{"@context":"https:\/\/schema.org","@graph":[{"@type":"WebPage","@id":"https:\/\/barrsell.com\/urun\/harvia-solenoid-valf\/","url":"https:\/\/barrsell.com\/urun\/harvia-solenoid-valf\/","name":"Harvia Solenoid Valf | Barrsell End\u00fcstri","isPartOf":{"@id":"https:\/\/barrsell.com\/#website"},"primaryImageOfPage":{"@id":"https:\/\/barrsell.com\/urun\/harvia-solenoid-valf\/#primaryimage"},"image":{"@id":"https:\/\/barrsell.com\/urun\/harvia-solenoid-valf\/#primaryimage"},"thumbnailUrl":"https:\/\/barrsell.com\/wp-content\/uploads\/2024\/08\/Harvia-Solenoid-Valf.png","datePublished":"2024-08-28T15:59:34+00:00","dateModified":"2024-12-24T01:59:30+00:00","description":"Harvia solenoid valf, saunan\u0131z\u0131n buhar \u00fcretim sisteminin kalbinde yer alan, g\u00fcvenilir ve verimli bir bile\u015fendir. Bu valf, suyun otomatik","breadcrumb":{"@id":"https:\/\/barrsell.com\/urun\/harvia-solenoid-valf\/#breadcrumb"},"inLanguage":"en-US","potentialAction":[{"@type":"ReadAction","target":["https:\/\/barrsell.com\/urun\/harvia-solenoid-valf\/"]}]},{"@type":"ImageObject","inLanguage":"en-US","@id":"https:\/\/barrsell.com\/urun\/harvia-solenoid-valf\/#primaryimage","url":"https:\/\/barrsell.com\/wp-content\/uploads\/2024\/08\/Harvia-Solenoid-Valf.png","contentUrl":"https:\/\/barrsell.com\/wp-content\/uploads\/2024\/08\/Harvia-Solenoid-Valf.png","width":1200,"height":1200,"caption":"Harvia Solenoid Valf"},{"@type":"BreadcrumbList","@id":"https:\/\/barrsell.com\/urun\/harvia-solenoid-valf\/#breadcrumb","itemListElement":[{"@type":"ListItem","position":1,"name":"Home","item":"https:\/\/barrsell.com\/"},{"@type":"ListItem","position":2,"name":"\u00dcr\u00fcnler","item":"https:\/\/barrsell.com\/en\/products\/"},{"@type":"ListItem","position":3,"name":"Harvia Solenoid Valf"}]},{"@type":"WebSite","@id":"https:\/\/barrsell.com\/#website","url":"https:\/\/barrsell.com\/","name":"Barrsell End\u00fcstri Makine","description":"Teknolojiyle G\u00fc\u00e7lenen End\u00fcstriyel \u00c7\u00f6z\u00fcmler!","potentialAction":[{"@type":"SearchAction","target":{"@type":"EntryPoint","urlTemplate":"https:\/\/barrsell.com\/?s={search_term_string}"},"query-input":"required name=search_term_string"}],"inLanguage":"en-US"}]}},"_links":{"self":[{"href":"https:\/\/barrsell.com\/en\/wp-json\/wp\/v2\/product\/13274","targetHints":{"allow":["GET"]}}],"collection":[{"href":"https:\/\/barrsell.com\/en\/wp-json\/wp\/v2\/product"}],"about":[{"href":"https:\/\/barrsell.com\/en\/wp-json\/wp\/v2\/types\/product"}],"version-history":[{"count":5,"href":"https:\/\/barrsell.com\/en\/wp-json\/wp\/v2\/product\/13274\/revisions"}],"predecessor-version":[{"id":19522,"href":"https:\/\/barrsell.com\/en\/wp-json\/wp\/v2\/product\/13274\/revisions\/19522"}],"wp:featuredmedia":[{"embeddable":true,"href":"https:\/\/barrsell.com\/en\/wp-json\/wp\/v2\/media\/13277"}],"wp:attachment":[{"href":"https:\/\/barrsell.com\/en\/wp-json\/wp\/v2\/media?parent=13274"}],"wp:term":[{"taxonomy":"product_cat","embeddable":true,"href":"https:\/\/barrsell.com\/en\/wp-json\/wp\/v2\/product_cat?post=13274"},{"taxonomy":"product_tag","embeddable":true,"href":"https:\/\/barrsell.com\/en\/wp-json\/wp\/v2\/product_tag?post=13274"}],"curies":[{"name":"wp","href":"https:\/\/api.w.org\/{rel}","templated":true}]}}