{"id":13267,"date":"2024-08-28T15:31:54","date_gmt":"2024-08-28T15:31:54","guid":{"rendered":"https:\/\/barrsell.com\/?post_type=product&#038;p=13267"},"modified":"2024-12-24T02:05:57","modified_gmt":"2024-12-24T02:05:57","slug":"harvia-isitma-elemani-1500w","status":"publish","type":"product","link":"https:\/\/barrsell.com\/en\/product\/harvia-heating-element-1500w\/","title":{"rendered":"Harvia Heating element 1500W"},"content":{"rendered":"<div class=\"flex max-w-full flex-col flex-grow\">\n<div class=\"min-h-[20px] text-message flex w-full flex-col items-end gap-2 break-words [.text-message+&amp;]:mt-5 overflow-x-auto whitespace-normal\" dir=\"auto\" data-message-author-role=\"assistant\" data-message-id=\"71aa6401-b5a3-462d-896f-81c7048ebcb1\">\n<div class=\"flex w-full flex-col gap-1 empty:hidden first:pt-[3px]\">\n<div class=\"markdown prose w-full break-words dark:prose-invert light\">\n<h2><strong>Harvia Heating Element 1500W: Technical Data<\/strong><\/h2>\n<p>The Harvia Heating Element 1500W is a highly efficient and durable component specially designed for sauna heaters. This heating element ensures that your sauna heats up quickly and evenly, enabling users to have the best sauna experience. Manufactured with Harvia's quality engineering approach, this element is at the heart of your sauna.<\/p>\n<p><strong>Features:<\/strong><\/p>\n<ul>\n<li class=\" translation-block\"><strong>High Heat Efficiency:<\/strong> Harvia Heating Element 1500W ensures that your sauna reaches optimum temperature in a short time. Thanks to efficient energy use, you can get more heat with less energy.<\/li>\n<li class=\" translation-block\"><strong>Durable Construction:<\/strong> Made of high quality materials, this heating element is resistant to harsh conditions such as high temperature and humidity in the sauna environment. This ensures a long-lasting and reliable performance.<\/li>\n<li class=\" translation-block\"><strong>Compatibility:<\/strong> This 1500W heating element works in harmony with various sauna heater models from Harvia. This ensures a seamless integration into your existing sauna system.<\/li>\n<li class=\" translation-block\"><strong>Easy Assembly:<\/strong> You can easily integrate the heating element into your sauna with a user-friendly assembly process. You can install it quickly and practically so that your sauna is ready for use in a short time.<\/li>\n<li class=\" translation-block\"><strong>Safe Operation:<\/strong> Harvia Heating Element is designed in accordance with safe operation principles. It is equipped with safety features that minimize risks such as overheating.<\/li>\n<\/ul>\n<\/div>\n<\/div>\n<\/div>\n<\/div>","protected":false},"excerpt":{"rendered":"<p>Harvia Is\u0131tma Eleman\u0131 1500W: Teknik Bilgiler Harvia Is\u0131tma Eleman\u0131 1500W, sauna \u0131s\u0131t\u0131c\u0131lar\u0131 i\u00e7in \u00f6zel olarak tasarlanm\u0131\u015f, y\u00fcksek verimli ve dayan\u0131kl\u0131<\/p>","protected":false},"featured_media":13268,"template":"","meta":[],"product_cat":[169],"product_tag":[],"class_list":{"0":"post-13267","1":"product","2":"type-product","3":"status-publish","4":"has-post-thumbnail","6":"product_cat-harvia-sauna-isiticilari-yedek-parcalari","8":"first","9":"instock","10":"shipping-taxable","11":"product-type-simple"},"yoast_head":"<!-- This site is optimized with the Yoast SEO Premium plugin v23.2 (Yoast SEO v23.2) - https:\/\/yoast.com\/wordpress\/plugins\/seo\/ -->\n<title>Harvia Is\u0131tma eleman\u0131 1500W | Barrsell End\u00fcstri<\/title>\n<meta name=\"description\" content=\"Harvia Is\u0131tma Eleman\u0131 1500W, sauna \u0131s\u0131t\u0131c\u0131lar\u0131 i\u00e7in \u00f6zel olarak tasarlanm\u0131\u015f, y\u00fcksek verimli ve dayan\u0131kl\u0131 bir bile\u015fendir. Bu \u0131s\u0131tma eleman\u0131, saunan\u0131z\u0131n\" \/>\n<meta name=\"robots\" content=\"index, follow, max-snippet:-1, max-image-preview:large, max-video-preview:-1\" \/>\n<link rel=\"canonical\" href=\"https:\/\/barrsell.com\/en\/product\/harvia-heating-element-1500w\/\" \/>\n<meta property=\"og:locale\" content=\"en_US\" \/>\n<meta property=\"og:type\" content=\"article\" \/>\n<meta property=\"og:title\" content=\"Harvia Is\u0131tma eleman\u0131 1500W\" \/>\n<meta property=\"og:description\" content=\"Harvia Is\u0131tma Eleman\u0131 1500W, sauna \u0131s\u0131t\u0131c\u0131lar\u0131 i\u00e7in \u00f6zel olarak tasarlanm\u0131\u015f, y\u00fcksek verimli ve dayan\u0131kl\u0131 bir bile\u015fendir. Bu \u0131s\u0131tma eleman\u0131, saunan\u0131z\u0131n\" \/>\n<meta property=\"og:url\" content=\"https:\/\/barrsell.com\/en\/product\/harvia-heating-element-1500w\/\" \/>\n<meta property=\"og:site_name\" content=\"Barrsell\" \/>\n<meta property=\"article:modified_time\" content=\"2024-12-24T02:05:57+00:00\" \/>\n<meta property=\"og:image\" content=\"https:\/\/barrsell.com\/wp-content\/uploads\/2024\/08\/Harvia-Isitma-elemani-1500W.png\" \/>\n\t<meta property=\"og:image:width\" content=\"1200\" \/>\n\t<meta property=\"og:image:height\" content=\"1200\" \/>\n\t<meta property=\"og:image:type\" content=\"image\/png\" \/>\n<meta name=\"twitter:card\" content=\"summary_large_image\" \/>\n<meta name=\"twitter:label1\" content=\"Est. reading time\" \/>\n\t<meta name=\"twitter:data1\" content=\"2 minutes\" \/>\n<script type=\"application\/ld+json\" class=\"yoast-schema-graph\">{\"@context\":\"https:\/\/schema.org\",\"@graph\":[{\"@type\":\"WebPage\",\"@id\":\"https:\/\/barrsell.com\/urun\/harvia-isitma-elemani-1500w\/\",\"url\":\"https:\/\/barrsell.com\/urun\/harvia-isitma-elemani-1500w\/\",\"name\":\"Harvia Is\u0131tma eleman\u0131 1500W | Barrsell End\u00fcstri\",\"isPartOf\":{\"@id\":\"https:\/\/barrsell.com\/#website\"},\"primaryImageOfPage\":{\"@id\":\"https:\/\/barrsell.com\/urun\/harvia-isitma-elemani-1500w\/#primaryimage\"},\"image\":{\"@id\":\"https:\/\/barrsell.com\/urun\/harvia-isitma-elemani-1500w\/#primaryimage\"},\"thumbnailUrl\":\"https:\/\/barrsell.com\/wp-content\/uploads\/2024\/08\/Harvia-Isitma-elemani-1500W.png\",\"datePublished\":\"2024-08-28T15:31:54+00:00\",\"dateModified\":\"2024-12-24T02:05:57+00:00\",\"description\":\"Harvia Is\u0131tma Eleman\u0131 1500W, sauna \u0131s\u0131t\u0131c\u0131lar\u0131 i\u00e7in \u00f6zel olarak tasarlanm\u0131\u015f, y\u00fcksek verimli ve dayan\u0131kl\u0131 bir bile\u015fendir. Bu \u0131s\u0131tma eleman\u0131, saunan\u0131z\u0131n\",\"breadcrumb\":{\"@id\":\"https:\/\/barrsell.com\/urun\/harvia-isitma-elemani-1500w\/#breadcrumb\"},\"inLanguage\":\"en-US\",\"potentialAction\":[{\"@type\":\"ReadAction\",\"target\":[\"https:\/\/barrsell.com\/urun\/harvia-isitma-elemani-1500w\/\"]}]},{\"@type\":\"ImageObject\",\"inLanguage\":\"en-US\",\"@id\":\"https:\/\/barrsell.com\/urun\/harvia-isitma-elemani-1500w\/#primaryimage\",\"url\":\"https:\/\/barrsell.com\/wp-content\/uploads\/2024\/08\/Harvia-Isitma-elemani-1500W.png\",\"contentUrl\":\"https:\/\/barrsell.com\/wp-content\/uploads\/2024\/08\/Harvia-Isitma-elemani-1500W.png\",\"width\":1200,\"height\":1200,\"caption\":\"Harvia Is\u0131tma eleman\u0131 1500W\"},{\"@type\":\"BreadcrumbList\",\"@id\":\"https:\/\/barrsell.com\/urun\/harvia-isitma-elemani-1500w\/#breadcrumb\",\"itemListElement\":[{\"@type\":\"ListItem\",\"position\":1,\"name\":\"Home\",\"item\":\"https:\/\/barrsell.com\/\"},{\"@type\":\"ListItem\",\"position\":2,\"name\":\"\u00dcr\u00fcnler\",\"item\":\"https:\/\/barrsell.com\/en\/products\/\"},{\"@type\":\"ListItem\",\"position\":3,\"name\":\"Harvia Is\u0131tma eleman\u0131 1500W\"}]},{\"@type\":\"WebSite\",\"@id\":\"https:\/\/barrsell.com\/#website\",\"url\":\"https:\/\/barrsell.com\/\",\"name\":\"Barrsell End\u00fcstri Makine\",\"description\":\"Teknolojiyle G\u00fc\u00e7lenen End\u00fcstriyel \u00c7\u00f6z\u00fcmler!\",\"potentialAction\":[{\"@type\":\"SearchAction\",\"target\":{\"@type\":\"EntryPoint\",\"urlTemplate\":\"https:\/\/barrsell.com\/?s={search_term_string}\"},\"query-input\":\"required name=search_term_string\"}],\"inLanguage\":\"en-US\"}]}<\/script>\n<!-- \/ Yoast SEO Premium plugin. -->","yoast_head_json":{"title":"Harvia Is\u0131tma eleman\u0131 1500W | Barrsell End\u00fcstri","description":"Harvia Is\u0131tma Eleman\u0131 1500W, sauna \u0131s\u0131t\u0131c\u0131lar\u0131 i\u00e7in \u00f6zel olarak tasarlanm\u0131\u015f, y\u00fcksek verimli ve dayan\u0131kl\u0131 bir bile\u015fendir. Bu \u0131s\u0131tma eleman\u0131, saunan\u0131z\u0131n","robots":{"index":"index","follow":"follow","max-snippet":"max-snippet:-1","max-image-preview":"max-image-preview:large","max-video-preview":"max-video-preview:-1"},"canonical":"https:\/\/barrsell.com\/en\/product\/harvia-heating-element-1500w\/","og_locale":"en_US","og_type":"article","og_title":"Harvia Is\u0131tma eleman\u0131 1500W","og_description":"Harvia Is\u0131tma Eleman\u0131 1500W, sauna \u0131s\u0131t\u0131c\u0131lar\u0131 i\u00e7in \u00f6zel olarak tasarlanm\u0131\u015f, y\u00fcksek verimli ve dayan\u0131kl\u0131 bir bile\u015fendir. Bu \u0131s\u0131tma eleman\u0131, saunan\u0131z\u0131n","og_url":"https:\/\/barrsell.com\/en\/product\/harvia-heating-element-1500w\/","og_site_name":"Barrsell","article_modified_time":"2024-12-24T02:05:57+00:00","og_image":[{"width":1200,"height":1200,"url":"https:\/\/barrsell.com\/wp-content\/uploads\/2024\/08\/Harvia-Isitma-elemani-1500W.png","type":"image\/png"}],"twitter_card":"summary_large_image","twitter_misc":{"Est. reading time":"2 minutes"},"schema":{"@context":"https:\/\/schema.org","@graph":[{"@type":"WebPage","@id":"https:\/\/barrsell.com\/urun\/harvia-isitma-elemani-1500w\/","url":"https:\/\/barrsell.com\/urun\/harvia-isitma-elemani-1500w\/","name":"Harvia Is\u0131tma eleman\u0131 1500W | Barrsell End\u00fcstri","isPartOf":{"@id":"https:\/\/barrsell.com\/#website"},"primaryImageOfPage":{"@id":"https:\/\/barrsell.com\/urun\/harvia-isitma-elemani-1500w\/#primaryimage"},"image":{"@id":"https:\/\/barrsell.com\/urun\/harvia-isitma-elemani-1500w\/#primaryimage"},"thumbnailUrl":"https:\/\/barrsell.com\/wp-content\/uploads\/2024\/08\/Harvia-Isitma-elemani-1500W.png","datePublished":"2024-08-28T15:31:54+00:00","dateModified":"2024-12-24T02:05:57+00:00","description":"Harvia Is\u0131tma Eleman\u0131 1500W, sauna \u0131s\u0131t\u0131c\u0131lar\u0131 i\u00e7in \u00f6zel olarak tasarlanm\u0131\u015f, y\u00fcksek verimli ve dayan\u0131kl\u0131 bir bile\u015fendir. Bu \u0131s\u0131tma eleman\u0131, saunan\u0131z\u0131n","breadcrumb":{"@id":"https:\/\/barrsell.com\/urun\/harvia-isitma-elemani-1500w\/#breadcrumb"},"inLanguage":"en-US","potentialAction":[{"@type":"ReadAction","target":["https:\/\/barrsell.com\/urun\/harvia-isitma-elemani-1500w\/"]}]},{"@type":"ImageObject","inLanguage":"en-US","@id":"https:\/\/barrsell.com\/urun\/harvia-isitma-elemani-1500w\/#primaryimage","url":"https:\/\/barrsell.com\/wp-content\/uploads\/2024\/08\/Harvia-Isitma-elemani-1500W.png","contentUrl":"https:\/\/barrsell.com\/wp-content\/uploads\/2024\/08\/Harvia-Isitma-elemani-1500W.png","width":1200,"height":1200,"caption":"Harvia Is\u0131tma eleman\u0131 1500W"},{"@type":"BreadcrumbList","@id":"https:\/\/barrsell.com\/urun\/harvia-isitma-elemani-1500w\/#breadcrumb","itemListElement":[{"@type":"ListItem","position":1,"name":"Home","item":"https:\/\/barrsell.com\/"},{"@type":"ListItem","position":2,"name":"\u00dcr\u00fcnler","item":"https:\/\/barrsell.com\/en\/products\/"},{"@type":"ListItem","position":3,"name":"Harvia Is\u0131tma eleman\u0131 1500W"}]},{"@type":"WebSite","@id":"https:\/\/barrsell.com\/#website","url":"https:\/\/barrsell.com\/","name":"Barrsell End\u00fcstri Makine","description":"Teknolojiyle G\u00fc\u00e7lenen End\u00fcstriyel \u00c7\u00f6z\u00fcmler!","potentialAction":[{"@type":"SearchAction","target":{"@type":"EntryPoint","urlTemplate":"https:\/\/barrsell.com\/?s={search_term_string}"},"query-input":"required name=search_term_string"}],"inLanguage":"en-US"}]}},"_links":{"self":[{"href":"https:\/\/barrsell.com\/en\/wp-json\/wp\/v2\/product\/13267","targetHints":{"allow":["GET"]}}],"collection":[{"href":"https:\/\/barrsell.com\/en\/wp-json\/wp\/v2\/product"}],"about":[{"href":"https:\/\/barrsell.com\/en\/wp-json\/wp\/v2\/types\/product"}],"version-history":[{"count":4,"href":"https:\/\/barrsell.com\/en\/wp-json\/wp\/v2\/product\/13267\/revisions"}],"predecessor-version":[{"id":19523,"href":"https:\/\/barrsell.com\/en\/wp-json\/wp\/v2\/product\/13267\/revisions\/19523"}],"wp:featuredmedia":[{"embeddable":true,"href":"https:\/\/barrsell.com\/en\/wp-json\/wp\/v2\/media\/13268"}],"wp:attachment":[{"href":"https:\/\/barrsell.com\/en\/wp-json\/wp\/v2\/media?parent=13267"}],"wp:term":[{"taxonomy":"product_cat","embeddable":true,"href":"https:\/\/barrsell.com\/en\/wp-json\/wp\/v2\/product_cat?post=13267"},{"taxonomy":"product_tag","embeddable":true,"href":"https:\/\/barrsell.com\/en\/wp-json\/wp\/v2\/product_tag?post=13267"}],"curies":[{"name":"wp","href":"https:\/\/api.w.org\/{rel}","templated":true}]}}