{"id":13255,"date":"2024-08-28T14:27:06","date_gmt":"2024-08-28T14:27:06","guid":{"rendered":"https:\/\/barrsell.com\/?post_type=product&#038;p=13255"},"modified":"2024-12-24T02:10:25","modified_gmt":"2024-12-24T02:10:25","slug":"harvia-c105s-nem-sensoru","status":"publish","type":"product","link":"https:\/\/barrsell.com\/en\/product\/harvia-c105s-moisture-sensor\/","title":{"rendered":"Harvia C105S Humidity Sensor"},"content":{"rendered":"<div class=\"flex max-w-full flex-col flex-grow\">\n<div class=\"min-h-[20px] text-message flex w-full flex-col items-end gap-2 break-words [.text-message+&amp;]:mt-5 overflow-x-auto whitespace-normal\" dir=\"auto\" data-message-author-role=\"assistant\" data-message-id=\"7bd59d1e-5118-40d8-994d-bc1f50fd7535\">\n<div class=\"flex w-full flex-col gap-1 empty:hidden first:pt-[3px]\">\n<div class=\"markdown prose w-full break-words dark:prose-invert light\">\n<h2><strong>Harvia C105S Humidity Sensor: Technical Data<\/strong><\/h2>\n<p>The Harvia C105S Humidity Sensor is a high precision device designed to ensure optimum humidity level in sauna and steam rooms. This sensor works integrated with the Harvia C105S control unit.  It continuously monitors and adjusts the humidity levels of the environment. Thus, it offers an ideal sauna experience for users.<\/p>\n<h4><strong>Features:<\/strong><\/h4>\n<ul>\n<li class=\" translation-block\"><strong>Precise Humidity Measurement:<\/strong> The Harvia C105S Humidity Sensor precisely measures the humidity level of the environment.  And sends accurate data to the control unit. This ensures that the humidity level inside the sauna stays within the optimum range.<\/li>\n<li class=\" translation-block\"><strong>Compatible Design:<\/strong> It works in full compatibility with the C105S control unit. This compatibility allows the system to work in an integrated way and maximizes the users' sauna experience.<\/li>\n<li class=\" translation-block\"><strong>Durable Material:<\/strong> Built to withstand the harsh conditions of sauna environments. It offers high resistance to heat, humidity and other environmental factors, which ensures a long life of the sensor.<\/li>\n<li class=\" translation-block\"><strong>Easy Installation:<\/strong> Thanks to its user-friendly design, the humidity sensor is very simple to install. You can quickly and easily integrate it into your existing sauna system.<\/li>\n<li class=\" translation-block\"><strong>Energy Efficiency:<\/strong> The sensor works in a way that optimizes energy consumption. This increases the efficiency of the sauna system while reducing energy costs.<\/li>\n<\/ul>\n<\/div>\n<\/div>\n<\/div>\n<\/div>","protected":false},"excerpt":{"rendered":"<p>Harvia C105S Nem Sens\u00f6r\u00fc: Teknik Bilgiler Harvia C105S Nem Sens\u00f6r\u00fc, sauna ve buhar odalar\u0131nda optimum nem seviyesini sa\u011flamak i\u00e7in tasarlanm\u0131\u015f<\/p>","protected":false},"featured_media":13256,"template":"","meta":[],"product_cat":[169],"product_tag":[],"class_list":{"0":"post-13255","1":"product","2":"type-product","3":"status-publish","4":"has-post-thumbnail","6":"product_cat-harvia-sauna-isiticilari-yedek-parcalari","8":"first","9":"instock","10":"shipping-taxable","11":"product-type-simple"},"yoast_head":"<!-- This site is optimized with the Yoast SEO Premium plugin v23.2 (Yoast SEO v23.2) - https:\/\/yoast.com\/wordpress\/plugins\/seo\/ -->\n<title>Harvia C105S Nem Sens\u00f6r\u00fc | Barrsell End\u00fcstri<\/title>\n<meta name=\"description\" content=\"Harvia C105S Nem Sens\u00f6r\u00fc, sauna ve buhar odalar\u0131nda optimum nem seviyesini sa\u011flamak i\u00e7in tasarlanm\u0131\u015f y\u00fcksek hassasiyetli bir cihazd\u0131r.\" \/>\n<meta name=\"robots\" content=\"index, follow, max-snippet:-1, max-image-preview:large, max-video-preview:-1\" \/>\n<link rel=\"canonical\" href=\"https:\/\/barrsell.com\/en\/product\/harvia-c105s-moisture-sensor\/\" \/>\n<meta property=\"og:locale\" content=\"en_US\" \/>\n<meta property=\"og:type\" content=\"article\" \/>\n<meta property=\"og:title\" content=\"Harvia C105S Nem Sens\u00f6r\u00fc\" \/>\n<meta property=\"og:description\" content=\"Harvia C105S Nem Sens\u00f6r\u00fc, sauna ve buhar odalar\u0131nda optimum nem seviyesini sa\u011flamak i\u00e7in tasarlanm\u0131\u015f y\u00fcksek hassasiyetli bir cihazd\u0131r.\" \/>\n<meta property=\"og:url\" content=\"https:\/\/barrsell.com\/en\/product\/harvia-c105s-moisture-sensor\/\" \/>\n<meta property=\"og:site_name\" content=\"Barrsell\" \/>\n<meta property=\"article:modified_time\" content=\"2024-12-24T02:10:25+00:00\" \/>\n<meta property=\"og:image\" content=\"https:\/\/barrsell.com\/wp-content\/uploads\/2024\/08\/Harvia-C105S-Nem-Sensoru.png\" \/>\n\t<meta property=\"og:image:width\" content=\"1200\" \/>\n\t<meta property=\"og:image:height\" content=\"1200\" \/>\n\t<meta property=\"og:image:type\" content=\"image\/png\" \/>\n<meta name=\"twitter:card\" content=\"summary_large_image\" \/>\n<meta name=\"twitter:label1\" content=\"Est. reading time\" \/>\n\t<meta name=\"twitter:data1\" content=\"2 minutes\" \/>\n<script type=\"application\/ld+json\" class=\"yoast-schema-graph\">{\"@context\":\"https:\/\/schema.org\",\"@graph\":[{\"@type\":\"WebPage\",\"@id\":\"https:\/\/barrsell.com\/urun\/harvia-c105s-nem-sensoru\/\",\"url\":\"https:\/\/barrsell.com\/urun\/harvia-c105s-nem-sensoru\/\",\"name\":\"Harvia C105S Nem Sens\u00f6r\u00fc | Barrsell End\u00fcstri\",\"isPartOf\":{\"@id\":\"https:\/\/barrsell.com\/#website\"},\"primaryImageOfPage\":{\"@id\":\"https:\/\/barrsell.com\/urun\/harvia-c105s-nem-sensoru\/#primaryimage\"},\"image\":{\"@id\":\"https:\/\/barrsell.com\/urun\/harvia-c105s-nem-sensoru\/#primaryimage\"},\"thumbnailUrl\":\"https:\/\/barrsell.com\/wp-content\/uploads\/2024\/08\/Harvia-C105S-Nem-Sensoru.png\",\"datePublished\":\"2024-08-28T14:27:06+00:00\",\"dateModified\":\"2024-12-24T02:10:25+00:00\",\"description\":\"Harvia C105S Nem Sens\u00f6r\u00fc, sauna ve buhar odalar\u0131nda optimum nem seviyesini sa\u011flamak i\u00e7in tasarlanm\u0131\u015f y\u00fcksek hassasiyetli bir cihazd\u0131r.\",\"breadcrumb\":{\"@id\":\"https:\/\/barrsell.com\/urun\/harvia-c105s-nem-sensoru\/#breadcrumb\"},\"inLanguage\":\"en-US\",\"potentialAction\":[{\"@type\":\"ReadAction\",\"target\":[\"https:\/\/barrsell.com\/urun\/harvia-c105s-nem-sensoru\/\"]}]},{\"@type\":\"ImageObject\",\"inLanguage\":\"en-US\",\"@id\":\"https:\/\/barrsell.com\/urun\/harvia-c105s-nem-sensoru\/#primaryimage\",\"url\":\"https:\/\/barrsell.com\/wp-content\/uploads\/2024\/08\/Harvia-C105S-Nem-Sensoru.png\",\"contentUrl\":\"https:\/\/barrsell.com\/wp-content\/uploads\/2024\/08\/Harvia-C105S-Nem-Sensoru.png\",\"width\":1200,\"height\":1200,\"caption\":\"Harvia C105S Nem Sens\u00f6r\u00fc\"},{\"@type\":\"BreadcrumbList\",\"@id\":\"https:\/\/barrsell.com\/urun\/harvia-c105s-nem-sensoru\/#breadcrumb\",\"itemListElement\":[{\"@type\":\"ListItem\",\"position\":1,\"name\":\"Home\",\"item\":\"https:\/\/barrsell.com\/\"},{\"@type\":\"ListItem\",\"position\":2,\"name\":\"\u00dcr\u00fcnler\",\"item\":\"https:\/\/barrsell.com\/en\/products\/\"},{\"@type\":\"ListItem\",\"position\":3,\"name\":\"Harvia C105S Nem Sens\u00f6r\u00fc\"}]},{\"@type\":\"WebSite\",\"@id\":\"https:\/\/barrsell.com\/#website\",\"url\":\"https:\/\/barrsell.com\/\",\"name\":\"Barrsell End\u00fcstri Makine\",\"description\":\"Teknolojiyle G\u00fc\u00e7lenen End\u00fcstriyel \u00c7\u00f6z\u00fcmler!\",\"potentialAction\":[{\"@type\":\"SearchAction\",\"target\":{\"@type\":\"EntryPoint\",\"urlTemplate\":\"https:\/\/barrsell.com\/?s={search_term_string}\"},\"query-input\":\"required name=search_term_string\"}],\"inLanguage\":\"en-US\"}]}<\/script>\n<!-- \/ Yoast SEO Premium plugin. -->","yoast_head_json":{"title":"Harvia C105S Nem Sens\u00f6r\u00fc | Barrsell End\u00fcstri","description":"Harvia C105S Nem Sens\u00f6r\u00fc, sauna ve buhar odalar\u0131nda optimum nem seviyesini sa\u011flamak i\u00e7in tasarlanm\u0131\u015f y\u00fcksek hassasiyetli bir cihazd\u0131r.","robots":{"index":"index","follow":"follow","max-snippet":"max-snippet:-1","max-image-preview":"max-image-preview:large","max-video-preview":"max-video-preview:-1"},"canonical":"https:\/\/barrsell.com\/en\/product\/harvia-c105s-moisture-sensor\/","og_locale":"en_US","og_type":"article","og_title":"Harvia C105S Nem Sens\u00f6r\u00fc","og_description":"Harvia C105S Nem Sens\u00f6r\u00fc, sauna ve buhar odalar\u0131nda optimum nem seviyesini sa\u011flamak i\u00e7in tasarlanm\u0131\u015f y\u00fcksek hassasiyetli bir cihazd\u0131r.","og_url":"https:\/\/barrsell.com\/en\/product\/harvia-c105s-moisture-sensor\/","og_site_name":"Barrsell","article_modified_time":"2024-12-24T02:10:25+00:00","og_image":[{"width":1200,"height":1200,"url":"https:\/\/barrsell.com\/wp-content\/uploads\/2024\/08\/Harvia-C105S-Nem-Sensoru.png","type":"image\/png"}],"twitter_card":"summary_large_image","twitter_misc":{"Est. reading time":"2 minutes"},"schema":{"@context":"https:\/\/schema.org","@graph":[{"@type":"WebPage","@id":"https:\/\/barrsell.com\/urun\/harvia-c105s-nem-sensoru\/","url":"https:\/\/barrsell.com\/urun\/harvia-c105s-nem-sensoru\/","name":"Harvia C105S Nem Sens\u00f6r\u00fc | Barrsell End\u00fcstri","isPartOf":{"@id":"https:\/\/barrsell.com\/#website"},"primaryImageOfPage":{"@id":"https:\/\/barrsell.com\/urun\/harvia-c105s-nem-sensoru\/#primaryimage"},"image":{"@id":"https:\/\/barrsell.com\/urun\/harvia-c105s-nem-sensoru\/#primaryimage"},"thumbnailUrl":"https:\/\/barrsell.com\/wp-content\/uploads\/2024\/08\/Harvia-C105S-Nem-Sensoru.png","datePublished":"2024-08-28T14:27:06+00:00","dateModified":"2024-12-24T02:10:25+00:00","description":"Harvia C105S Nem Sens\u00f6r\u00fc, sauna ve buhar odalar\u0131nda optimum nem seviyesini sa\u011flamak i\u00e7in tasarlanm\u0131\u015f y\u00fcksek hassasiyetli bir cihazd\u0131r.","breadcrumb":{"@id":"https:\/\/barrsell.com\/urun\/harvia-c105s-nem-sensoru\/#breadcrumb"},"inLanguage":"en-US","potentialAction":[{"@type":"ReadAction","target":["https:\/\/barrsell.com\/urun\/harvia-c105s-nem-sensoru\/"]}]},{"@type":"ImageObject","inLanguage":"en-US","@id":"https:\/\/barrsell.com\/urun\/harvia-c105s-nem-sensoru\/#primaryimage","url":"https:\/\/barrsell.com\/wp-content\/uploads\/2024\/08\/Harvia-C105S-Nem-Sensoru.png","contentUrl":"https:\/\/barrsell.com\/wp-content\/uploads\/2024\/08\/Harvia-C105S-Nem-Sensoru.png","width":1200,"height":1200,"caption":"Harvia C105S Nem Sens\u00f6r\u00fc"},{"@type":"BreadcrumbList","@id":"https:\/\/barrsell.com\/urun\/harvia-c105s-nem-sensoru\/#breadcrumb","itemListElement":[{"@type":"ListItem","position":1,"name":"Home","item":"https:\/\/barrsell.com\/"},{"@type":"ListItem","position":2,"name":"\u00dcr\u00fcnler","item":"https:\/\/barrsell.com\/en\/products\/"},{"@type":"ListItem","position":3,"name":"Harvia C105S Nem Sens\u00f6r\u00fc"}]},{"@type":"WebSite","@id":"https:\/\/barrsell.com\/#website","url":"https:\/\/barrsell.com\/","name":"Barrsell End\u00fcstri Makine","description":"Teknolojiyle G\u00fc\u00e7lenen End\u00fcstriyel \u00c7\u00f6z\u00fcmler!","potentialAction":[{"@type":"SearchAction","target":{"@type":"EntryPoint","urlTemplate":"https:\/\/barrsell.com\/?s={search_term_string}"},"query-input":"required name=search_term_string"}],"inLanguage":"en-US"}]}},"_links":{"self":[{"href":"https:\/\/barrsell.com\/en\/wp-json\/wp\/v2\/product\/13255","targetHints":{"allow":["GET"]}}],"collection":[{"href":"https:\/\/barrsell.com\/en\/wp-json\/wp\/v2\/product"}],"about":[{"href":"https:\/\/barrsell.com\/en\/wp-json\/wp\/v2\/types\/product"}],"version-history":[{"count":5,"href":"https:\/\/barrsell.com\/en\/wp-json\/wp\/v2\/product\/13255\/revisions"}],"predecessor-version":[{"id":19525,"href":"https:\/\/barrsell.com\/en\/wp-json\/wp\/v2\/product\/13255\/revisions\/19525"}],"wp:featuredmedia":[{"embeddable":true,"href":"https:\/\/barrsell.com\/en\/wp-json\/wp\/v2\/media\/13256"}],"wp:attachment":[{"href":"https:\/\/barrsell.com\/en\/wp-json\/wp\/v2\/media?parent=13255"}],"wp:term":[{"taxonomy":"product_cat","embeddable":true,"href":"https:\/\/barrsell.com\/en\/wp-json\/wp\/v2\/product_cat?post=13255"},{"taxonomy":"product_tag","embeddable":true,"href":"https:\/\/barrsell.com\/en\/wp-json\/wp\/v2\/product_tag?post=13255"}],"curies":[{"name":"wp","href":"https:\/\/api.w.org\/{rel}","templated":true}]}}