{"id":13245,"date":"2024-08-28T14:08:17","date_gmt":"2024-08-28T14:08:17","guid":{"rendered":"https:\/\/barrsell.com\/?post_type=product&#038;p=13245"},"modified":"2024-12-24T02:17:25","modified_gmt":"2024-12-24T02:17:25","slug":"harvia-c105s-kontrol-unitesi-ekran-karti","status":"publish","type":"product","link":"https:\/\/barrsell.com\/en\/product\/harvia-c105s-control-unit-display-board\/","title":{"rendered":"Harvia C105S Controller Display Board"},"content":{"rendered":"<div class=\"flex max-w-full flex-col flex-grow\">\n<div class=\"min-h-[20px] text-message flex w-full flex-col items-end gap-2 break-words [.text-message+&amp;]:mt-5 overflow-x-auto whitespace-normal\" dir=\"auto\" data-message-author-role=\"assistant\" data-message-id=\"0634a2ff-6093-4de5-92a4-5f345f6fdcb8\">\n<div class=\"flex w-full flex-col gap-1 empty:hidden first:pt-[3px]\">\n<div class=\"markdown prose w-full break-words dark:prose-invert light\">\n<h2><strong>Harvia C105S Controller Display Board<\/strong><\/h2>\n<p>The Harvia C105S Controller Display Board is a high-performance and user-friendly component for sauna and steam room control systems. This display board works in full compatibility with the C105S model controller. And it allows you to easily manage all settings of your sauna. Standing out with its innovative design and durability, this product is designed to maximize the user experience.<\/p>\n<h4><strong>Features:<\/strong><\/h4>\n<ul>\n<li class=\" translation-block\"><strong>High Resolution Display:<\/strong> Provides clear and legible display of settings. It offers a high resolution display. This allows users to quickly check settings such as temperature, humidity and timer.<\/li>\n<li class=\" translation-block\"><strong>Durable Material:<\/strong> Manufactured to be resistant to the harsh conditions of the sauna environment. It provides superior durability against heat, humidity and other environmental factors. This guarantees the long life of the graphics card.<\/li>\n<li class=\" translation-block\"><strong>Special Compatibility:<\/strong> The Harvia C105S works in full compatibility with the controller. This compatibility allows all functions of the unit to be used seamlessly.<\/li>\n<li class=\" translation-block\"><strong>User Friendly Design:<\/strong> Featuring a simple and intuitive interface, this video card helps users easily manage their sauna. Changing, monitoring and customizing settings is quite simple.<\/li>\n<li class=\" translation-block\"><strong>Energy Efficiency:<\/strong> The graphics card is designed to optimize energy consumption. This contributes to lowering energy costs and reducing environmental impact.<\/li>\n<\/ul>\n<h4><\/h4>\n<\/div>\n<\/div>\n<\/div>\n<\/div>\n<div class=\"mt-1 flex gap-3 empty:hidden -ml-2\">\n<div class=\"items-center justify-start rounded-xl p-1 flex\">\n<div class=\"flex items-center\"><\/div>\n<\/div>\n<\/div>","protected":false},"excerpt":{"rendered":"<p>Harvia C105S Kontrol \u00dcnitesi Ekran Kart\u0131 Harvia C105S Kontrol \u00dcnitesi Ekran Kart\u0131, sauna ve buhar odas\u0131 kontrol sistemleri i\u00e7in y\u00fcksek<\/p>","protected":false},"featured_media":13246,"template":"","meta":[],"product_cat":[169],"product_tag":[],"class_list":{"0":"post-13245","1":"product","2":"type-product","3":"status-publish","4":"has-post-thumbnail","6":"product_cat-harvia-sauna-isiticilari-yedek-parcalari","8":"first","9":"instock","10":"shipping-taxable","11":"product-type-simple"},"yoast_head":"<!-- This site is optimized with the Yoast SEO Premium plugin v23.2 (Yoast SEO v23.2) - https:\/\/yoast.com\/wordpress\/plugins\/seo\/ -->\n<title>Harvia C105S Kontrol \u00dcnitesi Ekran Kart\u0131 | Barrsell End\u00fcstri<\/title>\n<meta name=\"description\" content=\"Harvia C105S Kontrol \u00dcnitesi Ekran Kart\u0131, sauna ve buhar odas\u0131 kontrol sistemleri i\u00e7in y\u00fcksek performansl\u0131 ve kullan\u0131c\u0131 dostu bir bile\u015fendir.\" \/>\n<meta name=\"robots\" content=\"index, follow, max-snippet:-1, max-image-preview:large, max-video-preview:-1\" \/>\n<link rel=\"canonical\" href=\"https:\/\/barrsell.com\/en\/product\/harvia-c105s-control-unit-display-board\/\" \/>\n<meta property=\"og:locale\" content=\"en_US\" \/>\n<meta property=\"og:type\" content=\"article\" \/>\n<meta property=\"og:title\" content=\"Harvia C105S Kontrol \u00dcnitesi Ekran Kart\u0131\" \/>\n<meta property=\"og:description\" content=\"Harvia C105S Kontrol \u00dcnitesi Ekran Kart\u0131, sauna ve buhar odas\u0131 kontrol sistemleri i\u00e7in y\u00fcksek performansl\u0131 ve kullan\u0131c\u0131 dostu bir bile\u015fendir.\" \/>\n<meta property=\"og:url\" content=\"https:\/\/barrsell.com\/en\/product\/harvia-c105s-control-unit-display-board\/\" \/>\n<meta property=\"og:site_name\" content=\"Barrsell\" \/>\n<meta property=\"article:modified_time\" content=\"2024-12-24T02:17:25+00:00\" \/>\n<meta property=\"og:image\" content=\"https:\/\/barrsell.com\/wp-content\/uploads\/2024\/08\/Harvia-C105S-Kontrol-Unitesi-Ekran-Karti.png\" \/>\n\t<meta property=\"og:image:width\" content=\"1200\" \/>\n\t<meta property=\"og:image:height\" content=\"1200\" \/>\n\t<meta property=\"og:image:type\" content=\"image\/png\" \/>\n<meta name=\"twitter:card\" content=\"summary_large_image\" \/>\n<meta name=\"twitter:label1\" content=\"Est. reading time\" \/>\n\t<meta name=\"twitter:data1\" content=\"2 minutes\" \/>\n<script type=\"application\/ld+json\" class=\"yoast-schema-graph\">{\"@context\":\"https:\/\/schema.org\",\"@graph\":[{\"@type\":\"WebPage\",\"@id\":\"https:\/\/barrsell.com\/urun\/harvia-c105s-kontrol-unitesi-ekran-karti\/\",\"url\":\"https:\/\/barrsell.com\/urun\/harvia-c105s-kontrol-unitesi-ekran-karti\/\",\"name\":\"Harvia C105S Kontrol \u00dcnitesi Ekran Kart\u0131 | Barrsell End\u00fcstri\",\"isPartOf\":{\"@id\":\"https:\/\/barrsell.com\/#website\"},\"primaryImageOfPage\":{\"@id\":\"https:\/\/barrsell.com\/urun\/harvia-c105s-kontrol-unitesi-ekran-karti\/#primaryimage\"},\"image\":{\"@id\":\"https:\/\/barrsell.com\/urun\/harvia-c105s-kontrol-unitesi-ekran-karti\/#primaryimage\"},\"thumbnailUrl\":\"https:\/\/barrsell.com\/wp-content\/uploads\/2024\/08\/Harvia-C105S-Kontrol-Unitesi-Ekran-Karti.png\",\"datePublished\":\"2024-08-28T14:08:17+00:00\",\"dateModified\":\"2024-12-24T02:17:25+00:00\",\"description\":\"Harvia C105S Kontrol \u00dcnitesi Ekran Kart\u0131, sauna ve buhar odas\u0131 kontrol sistemleri i\u00e7in y\u00fcksek performansl\u0131 ve kullan\u0131c\u0131 dostu bir bile\u015fendir.\",\"breadcrumb\":{\"@id\":\"https:\/\/barrsell.com\/urun\/harvia-c105s-kontrol-unitesi-ekran-karti\/#breadcrumb\"},\"inLanguage\":\"en-US\",\"potentialAction\":[{\"@type\":\"ReadAction\",\"target\":[\"https:\/\/barrsell.com\/urun\/harvia-c105s-kontrol-unitesi-ekran-karti\/\"]}]},{\"@type\":\"ImageObject\",\"inLanguage\":\"en-US\",\"@id\":\"https:\/\/barrsell.com\/urun\/harvia-c105s-kontrol-unitesi-ekran-karti\/#primaryimage\",\"url\":\"https:\/\/barrsell.com\/wp-content\/uploads\/2024\/08\/Harvia-C105S-Kontrol-Unitesi-Ekran-Karti.png\",\"contentUrl\":\"https:\/\/barrsell.com\/wp-content\/uploads\/2024\/08\/Harvia-C105S-Kontrol-Unitesi-Ekran-Karti.png\",\"width\":1200,\"height\":1200,\"caption\":\"Harvia C105S Kontrol \u00dcnitesi Ekran Kart\u0131\"},{\"@type\":\"BreadcrumbList\",\"@id\":\"https:\/\/barrsell.com\/urun\/harvia-c105s-kontrol-unitesi-ekran-karti\/#breadcrumb\",\"itemListElement\":[{\"@type\":\"ListItem\",\"position\":1,\"name\":\"Home\",\"item\":\"https:\/\/barrsell.com\/\"},{\"@type\":\"ListItem\",\"position\":2,\"name\":\"\u00dcr\u00fcnler\",\"item\":\"https:\/\/barrsell.com\/en\/products\/\"},{\"@type\":\"ListItem\",\"position\":3,\"name\":\"Harvia C105S Kontrol \u00dcnitesi Ekran Kart\u0131\"}]},{\"@type\":\"WebSite\",\"@id\":\"https:\/\/barrsell.com\/#website\",\"url\":\"https:\/\/barrsell.com\/\",\"name\":\"Barrsell End\u00fcstri Makine\",\"description\":\"Teknolojiyle G\u00fc\u00e7lenen End\u00fcstriyel \u00c7\u00f6z\u00fcmler!\",\"potentialAction\":[{\"@type\":\"SearchAction\",\"target\":{\"@type\":\"EntryPoint\",\"urlTemplate\":\"https:\/\/barrsell.com\/?s={search_term_string}\"},\"query-input\":\"required name=search_term_string\"}],\"inLanguage\":\"en-US\"}]}<\/script>\n<!-- \/ Yoast SEO Premium plugin. -->","yoast_head_json":{"title":"Harvia C105S Kontrol \u00dcnitesi Ekran Kart\u0131 | Barrsell End\u00fcstri","description":"Harvia C105S Kontrol \u00dcnitesi Ekran Kart\u0131, sauna ve buhar odas\u0131 kontrol sistemleri i\u00e7in y\u00fcksek performansl\u0131 ve kullan\u0131c\u0131 dostu bir bile\u015fendir.","robots":{"index":"index","follow":"follow","max-snippet":"max-snippet:-1","max-image-preview":"max-image-preview:large","max-video-preview":"max-video-preview:-1"},"canonical":"https:\/\/barrsell.com\/en\/product\/harvia-c105s-control-unit-display-board\/","og_locale":"en_US","og_type":"article","og_title":"Harvia C105S Kontrol \u00dcnitesi Ekran Kart\u0131","og_description":"Harvia C105S Kontrol \u00dcnitesi Ekran Kart\u0131, sauna ve buhar odas\u0131 kontrol sistemleri i\u00e7in y\u00fcksek performansl\u0131 ve kullan\u0131c\u0131 dostu bir bile\u015fendir.","og_url":"https:\/\/barrsell.com\/en\/product\/harvia-c105s-control-unit-display-board\/","og_site_name":"Barrsell","article_modified_time":"2024-12-24T02:17:25+00:00","og_image":[{"width":1200,"height":1200,"url":"https:\/\/barrsell.com\/wp-content\/uploads\/2024\/08\/Harvia-C105S-Kontrol-Unitesi-Ekran-Karti.png","type":"image\/png"}],"twitter_card":"summary_large_image","twitter_misc":{"Est. reading time":"2 minutes"},"schema":{"@context":"https:\/\/schema.org","@graph":[{"@type":"WebPage","@id":"https:\/\/barrsell.com\/urun\/harvia-c105s-kontrol-unitesi-ekran-karti\/","url":"https:\/\/barrsell.com\/urun\/harvia-c105s-kontrol-unitesi-ekran-karti\/","name":"Harvia C105S Kontrol \u00dcnitesi Ekran Kart\u0131 | Barrsell End\u00fcstri","isPartOf":{"@id":"https:\/\/barrsell.com\/#website"},"primaryImageOfPage":{"@id":"https:\/\/barrsell.com\/urun\/harvia-c105s-kontrol-unitesi-ekran-karti\/#primaryimage"},"image":{"@id":"https:\/\/barrsell.com\/urun\/harvia-c105s-kontrol-unitesi-ekran-karti\/#primaryimage"},"thumbnailUrl":"https:\/\/barrsell.com\/wp-content\/uploads\/2024\/08\/Harvia-C105S-Kontrol-Unitesi-Ekran-Karti.png","datePublished":"2024-08-28T14:08:17+00:00","dateModified":"2024-12-24T02:17:25+00:00","description":"Harvia C105S Kontrol \u00dcnitesi Ekran Kart\u0131, sauna ve buhar odas\u0131 kontrol sistemleri i\u00e7in y\u00fcksek performansl\u0131 ve kullan\u0131c\u0131 dostu bir bile\u015fendir.","breadcrumb":{"@id":"https:\/\/barrsell.com\/urun\/harvia-c105s-kontrol-unitesi-ekran-karti\/#breadcrumb"},"inLanguage":"en-US","potentialAction":[{"@type":"ReadAction","target":["https:\/\/barrsell.com\/urun\/harvia-c105s-kontrol-unitesi-ekran-karti\/"]}]},{"@type":"ImageObject","inLanguage":"en-US","@id":"https:\/\/barrsell.com\/urun\/harvia-c105s-kontrol-unitesi-ekran-karti\/#primaryimage","url":"https:\/\/barrsell.com\/wp-content\/uploads\/2024\/08\/Harvia-C105S-Kontrol-Unitesi-Ekran-Karti.png","contentUrl":"https:\/\/barrsell.com\/wp-content\/uploads\/2024\/08\/Harvia-C105S-Kontrol-Unitesi-Ekran-Karti.png","width":1200,"height":1200,"caption":"Harvia C105S Kontrol \u00dcnitesi Ekran Kart\u0131"},{"@type":"BreadcrumbList","@id":"https:\/\/barrsell.com\/urun\/harvia-c105s-kontrol-unitesi-ekran-karti\/#breadcrumb","itemListElement":[{"@type":"ListItem","position":1,"name":"Home","item":"https:\/\/barrsell.com\/"},{"@type":"ListItem","position":2,"name":"\u00dcr\u00fcnler","item":"https:\/\/barrsell.com\/en\/products\/"},{"@type":"ListItem","position":3,"name":"Harvia C105S Kontrol \u00dcnitesi Ekran Kart\u0131"}]},{"@type":"WebSite","@id":"https:\/\/barrsell.com\/#website","url":"https:\/\/barrsell.com\/","name":"Barrsell End\u00fcstri Makine","description":"Teknolojiyle G\u00fc\u00e7lenen End\u00fcstriyel \u00c7\u00f6z\u00fcmler!","potentialAction":[{"@type":"SearchAction","target":{"@type":"EntryPoint","urlTemplate":"https:\/\/barrsell.com\/?s={search_term_string}"},"query-input":"required name=search_term_string"}],"inLanguage":"en-US"}]}},"_links":{"self":[{"href":"https:\/\/barrsell.com\/en\/wp-json\/wp\/v2\/product\/13245","targetHints":{"allow":["GET"]}}],"collection":[{"href":"https:\/\/barrsell.com\/en\/wp-json\/wp\/v2\/product"}],"about":[{"href":"https:\/\/barrsell.com\/en\/wp-json\/wp\/v2\/types\/product"}],"version-history":[{"count":5,"href":"https:\/\/barrsell.com\/en\/wp-json\/wp\/v2\/product\/13245\/revisions"}],"predecessor-version":[{"id":19526,"href":"https:\/\/barrsell.com\/en\/wp-json\/wp\/v2\/product\/13245\/revisions\/19526"}],"wp:featuredmedia":[{"embeddable":true,"href":"https:\/\/barrsell.com\/en\/wp-json\/wp\/v2\/media\/13246"}],"wp:attachment":[{"href":"https:\/\/barrsell.com\/en\/wp-json\/wp\/v2\/media?parent=13245"}],"wp:term":[{"taxonomy":"product_cat","embeddable":true,"href":"https:\/\/barrsell.com\/en\/wp-json\/wp\/v2\/product_cat?post=13245"},{"taxonomy":"product_tag","embeddable":true,"href":"https:\/\/barrsell.com\/en\/wp-json\/wp\/v2\/product_tag?post=13245"}],"curies":[{"name":"wp","href":"https:\/\/api.w.org\/{rel}","templated":true}]}}