{"id":13239,"date":"2024-08-28T13:56:28","date_gmt":"2024-08-28T13:56:28","guid":{"rendered":"https:\/\/barrsell.com\/?post_type=product&#038;p=13239"},"modified":"2024-12-24T02:23:30","modified_gmt":"2024-12-24T02:23:30","slug":"harvia-c90-kontrol-unitesi-ekran-karti","status":"publish","type":"product","link":"https:\/\/barrsell.com\/en\/product\/harvia-c90-control-unit-display-board\/","title":{"rendered":"Harvia C90 Control Unit Display Board"},"content":{"rendered":"<div class=\"flex max-w-full flex-col flex-grow\">\n<div class=\"min-h-[20px] text-message flex w-full flex-col items-end gap-2 break-words [.text-message+&amp;]:mt-5 overflow-x-auto whitespace-normal\" dir=\"auto\" data-message-author-role=\"assistant\" data-message-id=\"59a97f5e-f47a-4642-aac3-11a226b11f86\">\n<div class=\"flex w-full flex-col gap-1 empty:hidden first:pt-[3px]\">\n<div class=\"markdown prose w-full break-words dark:prose-invert light\">\n<h2><strong>Harvia C90 Controller Display Board: Technical Data<\/strong><\/h2>\n<p>The Harvia C90 Controller Display Board is an advanced component specially designed for Harvia's C90 model controller. This display card allows users to adjust sauna settings more comfortably and precisely. It maximizes the performance of the sauna with its high quality structure and functional design.<\/p>\n<h4><strong>Features:<\/strong><\/h4>\n<ul>\n<li class=\" translation-block\"><strong>Advanced Display Technology:<\/strong> Offers a high-resolution display. This screen provides a clear display of temperature, timer and other settings. So users can easily manage their sauna experience.<\/li>\n<li class=\" translation-block\"><strong>Durable Construction:<\/strong> Made of high quality, heat and moisture resistant materials. At the same time, this feature ensures the longevity of the graphics card in a sauna environment and ensures reliable performance.<\/li>\n<li class=\" translation-block\"><strong>Compatibility:<\/strong> Specially designed for the Harvia C90 controller. This board fits perfectly with the C90 unit, guaranteeing smooth operation of all functions.<\/li>\n<li class=\" translation-block\"><strong>User Friendly Interface:<\/strong> Featuring a simple and intuitive user interface, this video card allows all settings to be easily adjusted. Users can quickly adjust the sauna temperature, operating time and other important parameters.<\/li>\n<li class=\" translation-block\"><strong>Energy Saving:<\/strong> The graphics card is designed to optimize energy consumption. This not only reduces energy costs but also reduces environmental impact.<\/li>\n<\/ul>\n<h4><strong>Performance and Efficiency:<\/strong><\/h4>\n<p>Precisely control the settings of your sauna, allowing you to enjoy the ideal sauna experience. The high accuracy and fast response time of the display helps to precisely adjust the sauna temperature and humidity level. This not only increases energy efficiency but also extends the life of your sauna.<\/p>\n<\/div>\n<\/div>\n<\/div>\n<\/div>\n<div class=\"mt-1 flex gap-3 empty:hidden -ml-2\">\n<div class=\"items-center justify-start rounded-xl p-1 flex\">\n<div class=\"flex items-center\"><\/div>\n<\/div>\n<\/div>","protected":false},"excerpt":{"rendered":"<p>Harvia C90 Kontrol \u00dcnitesi Ekran Kart\u0131: Teknik Bilgiler Harvia C90 Kontrol \u00dcnitesi Ekran Kart\u0131, Harvia&#8217;n\u0131n C90 model kontrol \u00fcnitesi i\u00e7in<\/p>","protected":false},"featured_media":13240,"template":"","meta":[],"product_cat":[169],"product_tag":[],"class_list":{"0":"post-13239","1":"product","2":"type-product","3":"status-publish","4":"has-post-thumbnail","6":"product_cat-harvia-sauna-isiticilari-yedek-parcalari","8":"first","9":"instock","10":"shipping-taxable","11":"product-type-simple"},"yoast_head":"<!-- This site is optimized with the Yoast SEO Premium plugin v23.2 (Yoast SEO v23.2) - https:\/\/yoast.com\/wordpress\/plugins\/seo\/ -->\n<title>Harvia C90 Kontrol \u00dcnitesi Ekran Kart\u0131 | Barrsell End\u00fcstri<\/title>\n<meta name=\"description\" content=\"Harvia C90 Kontrol \u00dcnitesi Ekran Kart\u0131, Harvia&#039;n\u0131n C90 model kontrol \u00fcnitesi i\u00e7in \u00f6zel olarak tasarlanm\u0131\u015f, geli\u015fmi\u015f bir bile\u015fendir.\" \/>\n<meta name=\"robots\" content=\"index, follow, max-snippet:-1, max-image-preview:large, max-video-preview:-1\" \/>\n<link rel=\"canonical\" href=\"https:\/\/barrsell.com\/en\/product\/harvia-c90-control-unit-display-board\/\" \/>\n<meta property=\"og:locale\" content=\"en_US\" \/>\n<meta property=\"og:type\" content=\"article\" \/>\n<meta property=\"og:title\" content=\"Harvia C90 Kontrol \u00dcnitesi Ekran Kart\u0131\" \/>\n<meta property=\"og:description\" content=\"Harvia C90 Kontrol \u00dcnitesi Ekran Kart\u0131, Harvia&#039;n\u0131n C90 model kontrol \u00fcnitesi i\u00e7in \u00f6zel olarak tasarlanm\u0131\u015f, geli\u015fmi\u015f bir bile\u015fendir.\" \/>\n<meta property=\"og:url\" content=\"https:\/\/barrsell.com\/en\/product\/harvia-c90-control-unit-display-board\/\" \/>\n<meta property=\"og:site_name\" content=\"Barrsell\" \/>\n<meta property=\"article:modified_time\" content=\"2024-12-24T02:23:30+00:00\" \/>\n<meta property=\"og:image\" content=\"https:\/\/barrsell.com\/wp-content\/uploads\/2024\/08\/Harvia-Kontrol-Unitesi-Ekran-Karti.png\" \/>\n\t<meta property=\"og:image:width\" content=\"1200\" \/>\n\t<meta property=\"og:image:height\" content=\"1200\" \/>\n\t<meta property=\"og:image:type\" content=\"image\/png\" \/>\n<meta name=\"twitter:card\" content=\"summary_large_image\" \/>\n<meta name=\"twitter:label1\" content=\"Est. reading time\" \/>\n\t<meta name=\"twitter:data1\" content=\"2 minutes\" \/>\n<script type=\"application\/ld+json\" class=\"yoast-schema-graph\">{\"@context\":\"https:\/\/schema.org\",\"@graph\":[{\"@type\":\"WebPage\",\"@id\":\"https:\/\/barrsell.com\/urun\/harvia-c90-kontrol-unitesi-ekran-karti\/\",\"url\":\"https:\/\/barrsell.com\/urun\/harvia-c90-kontrol-unitesi-ekran-karti\/\",\"name\":\"Harvia C90 Kontrol \u00dcnitesi Ekran Kart\u0131 | Barrsell End\u00fcstri\",\"isPartOf\":{\"@id\":\"https:\/\/barrsell.com\/#website\"},\"primaryImageOfPage\":{\"@id\":\"https:\/\/barrsell.com\/urun\/harvia-c90-kontrol-unitesi-ekran-karti\/#primaryimage\"},\"image\":{\"@id\":\"https:\/\/barrsell.com\/urun\/harvia-c90-kontrol-unitesi-ekran-karti\/#primaryimage\"},\"thumbnailUrl\":\"https:\/\/barrsell.com\/wp-content\/uploads\/2024\/08\/Harvia-Kontrol-Unitesi-Ekran-Karti.png\",\"datePublished\":\"2024-08-28T13:56:28+00:00\",\"dateModified\":\"2024-12-24T02:23:30+00:00\",\"description\":\"Harvia C90 Kontrol \u00dcnitesi Ekran Kart\u0131, Harvia'n\u0131n C90 model kontrol \u00fcnitesi i\u00e7in \u00f6zel olarak tasarlanm\u0131\u015f, geli\u015fmi\u015f bir bile\u015fendir.\",\"breadcrumb\":{\"@id\":\"https:\/\/barrsell.com\/urun\/harvia-c90-kontrol-unitesi-ekran-karti\/#breadcrumb\"},\"inLanguage\":\"en-US\",\"potentialAction\":[{\"@type\":\"ReadAction\",\"target\":[\"https:\/\/barrsell.com\/urun\/harvia-c90-kontrol-unitesi-ekran-karti\/\"]}]},{\"@type\":\"ImageObject\",\"inLanguage\":\"en-US\",\"@id\":\"https:\/\/barrsell.com\/urun\/harvia-c90-kontrol-unitesi-ekran-karti\/#primaryimage\",\"url\":\"https:\/\/barrsell.com\/wp-content\/uploads\/2024\/08\/Harvia-Kontrol-Unitesi-Ekran-Karti.png\",\"contentUrl\":\"https:\/\/barrsell.com\/wp-content\/uploads\/2024\/08\/Harvia-Kontrol-Unitesi-Ekran-Karti.png\",\"width\":1200,\"height\":1200,\"caption\":\"Harvia Kontrol \u00dcnitesi Ekran Kart\u0131\"},{\"@type\":\"BreadcrumbList\",\"@id\":\"https:\/\/barrsell.com\/urun\/harvia-c90-kontrol-unitesi-ekran-karti\/#breadcrumb\",\"itemListElement\":[{\"@type\":\"ListItem\",\"position\":1,\"name\":\"Home\",\"item\":\"https:\/\/barrsell.com\/\"},{\"@type\":\"ListItem\",\"position\":2,\"name\":\"\u00dcr\u00fcnler\",\"item\":\"https:\/\/barrsell.com\/en\/products\/\"},{\"@type\":\"ListItem\",\"position\":3,\"name\":\"Harvia C90 Kontrol \u00dcnitesi Ekran Kart\u0131\"}]},{\"@type\":\"WebSite\",\"@id\":\"https:\/\/barrsell.com\/#website\",\"url\":\"https:\/\/barrsell.com\/\",\"name\":\"Barrsell End\u00fcstri Makine\",\"description\":\"Teknolojiyle G\u00fc\u00e7lenen End\u00fcstriyel \u00c7\u00f6z\u00fcmler!\",\"potentialAction\":[{\"@type\":\"SearchAction\",\"target\":{\"@type\":\"EntryPoint\",\"urlTemplate\":\"https:\/\/barrsell.com\/?s={search_term_string}\"},\"query-input\":\"required name=search_term_string\"}],\"inLanguage\":\"en-US\"}]}<\/script>\n<!-- \/ Yoast SEO Premium plugin. -->","yoast_head_json":{"title":"Harvia C90 Kontrol \u00dcnitesi Ekran Kart\u0131 | Barrsell End\u00fcstri","description":"Harvia C90 Kontrol \u00dcnitesi Ekran Kart\u0131, Harvia'n\u0131n C90 model kontrol \u00fcnitesi i\u00e7in \u00f6zel olarak tasarlanm\u0131\u015f, geli\u015fmi\u015f bir bile\u015fendir.","robots":{"index":"index","follow":"follow","max-snippet":"max-snippet:-1","max-image-preview":"max-image-preview:large","max-video-preview":"max-video-preview:-1"},"canonical":"https:\/\/barrsell.com\/en\/product\/harvia-c90-control-unit-display-board\/","og_locale":"en_US","og_type":"article","og_title":"Harvia C90 Kontrol \u00dcnitesi Ekran Kart\u0131","og_description":"Harvia C90 Kontrol \u00dcnitesi Ekran Kart\u0131, Harvia'n\u0131n C90 model kontrol \u00fcnitesi i\u00e7in \u00f6zel olarak tasarlanm\u0131\u015f, geli\u015fmi\u015f bir bile\u015fendir.","og_url":"https:\/\/barrsell.com\/en\/product\/harvia-c90-control-unit-display-board\/","og_site_name":"Barrsell","article_modified_time":"2024-12-24T02:23:30+00:00","og_image":[{"width":1200,"height":1200,"url":"https:\/\/barrsell.com\/wp-content\/uploads\/2024\/08\/Harvia-Kontrol-Unitesi-Ekran-Karti.png","type":"image\/png"}],"twitter_card":"summary_large_image","twitter_misc":{"Est. reading time":"2 minutes"},"schema":{"@context":"https:\/\/schema.org","@graph":[{"@type":"WebPage","@id":"https:\/\/barrsell.com\/urun\/harvia-c90-kontrol-unitesi-ekran-karti\/","url":"https:\/\/barrsell.com\/urun\/harvia-c90-kontrol-unitesi-ekran-karti\/","name":"Harvia C90 Kontrol \u00dcnitesi Ekran Kart\u0131 | Barrsell End\u00fcstri","isPartOf":{"@id":"https:\/\/barrsell.com\/#website"},"primaryImageOfPage":{"@id":"https:\/\/barrsell.com\/urun\/harvia-c90-kontrol-unitesi-ekran-karti\/#primaryimage"},"image":{"@id":"https:\/\/barrsell.com\/urun\/harvia-c90-kontrol-unitesi-ekran-karti\/#primaryimage"},"thumbnailUrl":"https:\/\/barrsell.com\/wp-content\/uploads\/2024\/08\/Harvia-Kontrol-Unitesi-Ekran-Karti.png","datePublished":"2024-08-28T13:56:28+00:00","dateModified":"2024-12-24T02:23:30+00:00","description":"Harvia C90 Kontrol \u00dcnitesi Ekran Kart\u0131, Harvia'n\u0131n C90 model kontrol \u00fcnitesi i\u00e7in \u00f6zel olarak tasarlanm\u0131\u015f, geli\u015fmi\u015f bir bile\u015fendir.","breadcrumb":{"@id":"https:\/\/barrsell.com\/urun\/harvia-c90-kontrol-unitesi-ekran-karti\/#breadcrumb"},"inLanguage":"en-US","potentialAction":[{"@type":"ReadAction","target":["https:\/\/barrsell.com\/urun\/harvia-c90-kontrol-unitesi-ekran-karti\/"]}]},{"@type":"ImageObject","inLanguage":"en-US","@id":"https:\/\/barrsell.com\/urun\/harvia-c90-kontrol-unitesi-ekran-karti\/#primaryimage","url":"https:\/\/barrsell.com\/wp-content\/uploads\/2024\/08\/Harvia-Kontrol-Unitesi-Ekran-Karti.png","contentUrl":"https:\/\/barrsell.com\/wp-content\/uploads\/2024\/08\/Harvia-Kontrol-Unitesi-Ekran-Karti.png","width":1200,"height":1200,"caption":"Harvia Kontrol \u00dcnitesi Ekran Kart\u0131"},{"@type":"BreadcrumbList","@id":"https:\/\/barrsell.com\/urun\/harvia-c90-kontrol-unitesi-ekran-karti\/#breadcrumb","itemListElement":[{"@type":"ListItem","position":1,"name":"Home","item":"https:\/\/barrsell.com\/"},{"@type":"ListItem","position":2,"name":"\u00dcr\u00fcnler","item":"https:\/\/barrsell.com\/en\/products\/"},{"@type":"ListItem","position":3,"name":"Harvia C90 Kontrol \u00dcnitesi Ekran Kart\u0131"}]},{"@type":"WebSite","@id":"https:\/\/barrsell.com\/#website","url":"https:\/\/barrsell.com\/","name":"Barrsell End\u00fcstri Makine","description":"Teknolojiyle G\u00fc\u00e7lenen End\u00fcstriyel \u00c7\u00f6z\u00fcmler!","potentialAction":[{"@type":"SearchAction","target":{"@type":"EntryPoint","urlTemplate":"https:\/\/barrsell.com\/?s={search_term_string}"},"query-input":"required name=search_term_string"}],"inLanguage":"en-US"}]}},"_links":{"self":[{"href":"https:\/\/barrsell.com\/en\/wp-json\/wp\/v2\/product\/13239","targetHints":{"allow":["GET"]}}],"collection":[{"href":"https:\/\/barrsell.com\/en\/wp-json\/wp\/v2\/product"}],"about":[{"href":"https:\/\/barrsell.com\/en\/wp-json\/wp\/v2\/types\/product"}],"version-history":[{"count":5,"href":"https:\/\/barrsell.com\/en\/wp-json\/wp\/v2\/product\/13239\/revisions"}],"predecessor-version":[{"id":19528,"href":"https:\/\/barrsell.com\/en\/wp-json\/wp\/v2\/product\/13239\/revisions\/19528"}],"wp:featuredmedia":[{"embeddable":true,"href":"https:\/\/barrsell.com\/en\/wp-json\/wp\/v2\/media\/13240"}],"wp:attachment":[{"href":"https:\/\/barrsell.com\/en\/wp-json\/wp\/v2\/media?parent=13239"}],"wp:term":[{"taxonomy":"product_cat","embeddable":true,"href":"https:\/\/barrsell.com\/en\/wp-json\/wp\/v2\/product_cat?post=13239"},{"taxonomy":"product_tag","embeddable":true,"href":"https:\/\/barrsell.com\/en\/wp-json\/wp\/v2\/product_tag?post=13239"}],"curies":[{"name":"wp","href":"https:\/\/api.w.org\/{rel}","templated":true}]}}