{"id":13234,"date":"2024-08-28T13:52:14","date_gmt":"2024-08-28T13:52:14","guid":{"rendered":"https:\/\/barrsell.com\/?post_type=product&#038;p=13234"},"modified":"2024-12-24T08:08:54","modified_gmt":"2024-12-24T08:08:54","slug":"harvia-nem-sensoru","status":"publish","type":"product","link":"https:\/\/barrsell.com\/en\/product\/harvia-moisture-sensor\/","title":{"rendered":"Harvia humidity sensor"},"content":{"rendered":"<div class=\"flex max-w-full flex-col flex-grow\">\n<div class=\"min-h-[20px] text-message flex w-full flex-col items-end gap-2 break-words [.text-message+&amp;]:mt-5 overflow-x-auto whitespace-normal\" dir=\"auto\" data-message-author-role=\"assistant\" data-message-id=\"858d91c4-6570-454c-b8cc-5e4bbf86f91b\">\n<div class=\"flex w-full flex-col gap-1 empty:hidden first:pt-[3px]\">\n<div class=\"markdown prose w-full break-words dark:prose-invert light\">\n<h2><strong>Harvia Humidity Sensor: Technical Data<\/strong><\/h2>\n<p>Harvia Moisture Sensor is a precision device designed to provide optimal humidity level in sauna and steam rooms. By monitoring humidity levels accurately, it ensures that the environment remains at the ideal humidity. This increases both comfort and health benefits.<\/p>\n<h4><strong>Features:<\/strong><\/h4>\n<ul>\n<li class=\" translation-block\"><strong>Sensitivity:<\/strong> This highly sensitive sensor instantly measures the humidity level in the environment and transmits this information to the sauna control unit. In this way, the humidity level in the sauna is constantly kept at an optimum level.<\/li>\n<li class=\" translation-block\"><strong>Material:<\/strong> Made of durable and long-lasting materials. This ensures that the sensor works reliably even in harsh sauna conditions.<\/li>\n<li class=\" translation-block\"><strong>Compatibility:<\/strong> Works in harmony with various Harvia sauna control units. Easy integration features allow you to quickly integrate it into existing systems.<\/li>\n<li class=\" translation-block\"><strong>Design:<\/strong> With its compact and user-friendly design, it takes up minimum space in the sauna environment and offers an aesthetic appearance.<\/li>\n<li class=\" translation-block\"><strong>Ease of Installation:<\/strong> The humidity sensor is very easy to install with various mounting options. It also provides flexible installation with wall mounting or placement options in other suitable areas.<\/li>\n<\/ul>\n<h4><strong>Performance and Efficiency:<\/strong><\/h4>\n<p>The Harvia Humidity Sensor is vital for creating a balanced humidity environment in saunas and steam rooms. In addition, the correct adjustment of humidity levels creates a more comfortable atmosphere in your sauna. And thus protect your skin health. The high sensitivity of the sensor, combined with its fast response time, also increases energy efficiency. This saves energy.<\/p>\n<h3><\/h3>\n<\/div>\n<\/div>\n<\/div>\n<\/div>","protected":false},"excerpt":{"rendered":"<p>Harvia Nem Sens\u00f6r\u00fc: Teknik Bilgiler Harvia Nem Sens\u00f6r\u00fc , sauna ve buhar odalar\u0131nda optimal nem seviyesini sa\u011flamak i\u00e7in tasarlanm\u0131\u015f hassas<\/p>","protected":false},"featured_media":13235,"template":"","meta":[],"product_cat":[169],"product_tag":[],"class_list":{"0":"post-13234","1":"product","2":"type-product","3":"status-publish","4":"has-post-thumbnail","6":"product_cat-harvia-sauna-isiticilari-yedek-parcalari","8":"first","9":"instock","10":"shipping-taxable","11":"product-type-simple"},"yoast_head":"<!-- This site is optimized with the Yoast SEO Premium plugin v23.2 (Yoast SEO v23.2) - https:\/\/yoast.com\/wordpress\/plugins\/seo\/ -->\n<title>Harvia nem sens\u00f6r\u00fc | Barrsell End\u00fcstri<\/title>\n<meta name=\"description\" content=\"Harvia Nem Sens\u00f6r\u00fc, sauna ve buhar odalar\u0131nda optimal nem seviyesini sa\u011flamak i\u00e7in tasarlanm\u0131\u015f hassas bir cihazd\u0131r. Nem seviyelerini do\u011fru\" \/>\n<meta name=\"robots\" content=\"index, follow, max-snippet:-1, max-image-preview:large, max-video-preview:-1\" \/>\n<link rel=\"canonical\" href=\"https:\/\/barrsell.com\/en\/product\/harvia-moisture-sensor\/\" \/>\n<meta property=\"og:locale\" content=\"en_US\" \/>\n<meta property=\"og:type\" content=\"article\" \/>\n<meta property=\"og:title\" content=\"Harvia nem sens\u00f6r\u00fc\" \/>\n<meta property=\"og:description\" content=\"Harvia Nem Sens\u00f6r\u00fc, sauna ve buhar odalar\u0131nda optimal nem seviyesini sa\u011flamak i\u00e7in tasarlanm\u0131\u015f hassas bir cihazd\u0131r. Nem seviyelerini do\u011fru\" \/>\n<meta property=\"og:url\" content=\"https:\/\/barrsell.com\/en\/product\/harvia-moisture-sensor\/\" \/>\n<meta property=\"og:site_name\" content=\"Barrsell\" \/>\n<meta property=\"article:modified_time\" content=\"2024-12-24T08:08:54+00:00\" \/>\n<meta property=\"og:image\" content=\"https:\/\/barrsell.com\/wp-content\/uploads\/2024\/08\/Harvia-nem-sensoru.png\" \/>\n\t<meta property=\"og:image:width\" content=\"1200\" \/>\n\t<meta property=\"og:image:height\" content=\"1200\" \/>\n\t<meta property=\"og:image:type\" content=\"image\/png\" \/>\n<meta name=\"twitter:card\" content=\"summary_large_image\" \/>\n<meta name=\"twitter:label1\" content=\"Est. reading time\" \/>\n\t<meta name=\"twitter:data1\" content=\"2 minutes\" \/>\n<script type=\"application\/ld+json\" class=\"yoast-schema-graph\">{\"@context\":\"https:\/\/schema.org\",\"@graph\":[{\"@type\":\"WebPage\",\"@id\":\"https:\/\/barrsell.com\/urun\/harvia-nem-sensoru\/\",\"url\":\"https:\/\/barrsell.com\/urun\/harvia-nem-sensoru\/\",\"name\":\"Harvia nem sens\u00f6r\u00fc | Barrsell End\u00fcstri\",\"isPartOf\":{\"@id\":\"https:\/\/barrsell.com\/#website\"},\"primaryImageOfPage\":{\"@id\":\"https:\/\/barrsell.com\/urun\/harvia-nem-sensoru\/#primaryimage\"},\"image\":{\"@id\":\"https:\/\/barrsell.com\/urun\/harvia-nem-sensoru\/#primaryimage\"},\"thumbnailUrl\":\"https:\/\/barrsell.com\/wp-content\/uploads\/2024\/08\/Harvia-nem-sensoru.png\",\"datePublished\":\"2024-08-28T13:52:14+00:00\",\"dateModified\":\"2024-12-24T08:08:54+00:00\",\"description\":\"Harvia Nem Sens\u00f6r\u00fc, sauna ve buhar odalar\u0131nda optimal nem seviyesini sa\u011flamak i\u00e7in tasarlanm\u0131\u015f hassas bir cihazd\u0131r. Nem seviyelerini do\u011fru\",\"breadcrumb\":{\"@id\":\"https:\/\/barrsell.com\/urun\/harvia-nem-sensoru\/#breadcrumb\"},\"inLanguage\":\"en-US\",\"potentialAction\":[{\"@type\":\"ReadAction\",\"target\":[\"https:\/\/barrsell.com\/urun\/harvia-nem-sensoru\/\"]}]},{\"@type\":\"ImageObject\",\"inLanguage\":\"en-US\",\"@id\":\"https:\/\/barrsell.com\/urun\/harvia-nem-sensoru\/#primaryimage\",\"url\":\"https:\/\/barrsell.com\/wp-content\/uploads\/2024\/08\/Harvia-nem-sensoru.png\",\"contentUrl\":\"https:\/\/barrsell.com\/wp-content\/uploads\/2024\/08\/Harvia-nem-sensoru.png\",\"width\":1200,\"height\":1200,\"caption\":\"Harvia nem sens\u00f6r\u00fc\"},{\"@type\":\"BreadcrumbList\",\"@id\":\"https:\/\/barrsell.com\/urun\/harvia-nem-sensoru\/#breadcrumb\",\"itemListElement\":[{\"@type\":\"ListItem\",\"position\":1,\"name\":\"Home\",\"item\":\"https:\/\/barrsell.com\/\"},{\"@type\":\"ListItem\",\"position\":2,\"name\":\"\u00dcr\u00fcnler\",\"item\":\"https:\/\/barrsell.com\/en\/products\/\"},{\"@type\":\"ListItem\",\"position\":3,\"name\":\"Harvia nem sens\u00f6r\u00fc\"}]},{\"@type\":\"WebSite\",\"@id\":\"https:\/\/barrsell.com\/#website\",\"url\":\"https:\/\/barrsell.com\/\",\"name\":\"Barrsell End\u00fcstri Makine\",\"description\":\"Teknolojiyle G\u00fc\u00e7lenen End\u00fcstriyel \u00c7\u00f6z\u00fcmler!\",\"potentialAction\":[{\"@type\":\"SearchAction\",\"target\":{\"@type\":\"EntryPoint\",\"urlTemplate\":\"https:\/\/barrsell.com\/?s={search_term_string}\"},\"query-input\":\"required name=search_term_string\"}],\"inLanguage\":\"en-US\"}]}<\/script>\n<!-- \/ Yoast SEO Premium plugin. -->","yoast_head_json":{"title":"Harvia nem sens\u00f6r\u00fc | Barrsell End\u00fcstri","description":"Harvia Nem Sens\u00f6r\u00fc, sauna ve buhar odalar\u0131nda optimal nem seviyesini sa\u011flamak i\u00e7in tasarlanm\u0131\u015f hassas bir cihazd\u0131r. Nem seviyelerini do\u011fru","robots":{"index":"index","follow":"follow","max-snippet":"max-snippet:-1","max-image-preview":"max-image-preview:large","max-video-preview":"max-video-preview:-1"},"canonical":"https:\/\/barrsell.com\/en\/product\/harvia-moisture-sensor\/","og_locale":"en_US","og_type":"article","og_title":"Harvia nem sens\u00f6r\u00fc","og_description":"Harvia Nem Sens\u00f6r\u00fc, sauna ve buhar odalar\u0131nda optimal nem seviyesini sa\u011flamak i\u00e7in tasarlanm\u0131\u015f hassas bir cihazd\u0131r. Nem seviyelerini do\u011fru","og_url":"https:\/\/barrsell.com\/en\/product\/harvia-moisture-sensor\/","og_site_name":"Barrsell","article_modified_time":"2024-12-24T08:08:54+00:00","og_image":[{"width":1200,"height":1200,"url":"https:\/\/barrsell.com\/wp-content\/uploads\/2024\/08\/Harvia-nem-sensoru.png","type":"image\/png"}],"twitter_card":"summary_large_image","twitter_misc":{"Est. reading time":"2 minutes"},"schema":{"@context":"https:\/\/schema.org","@graph":[{"@type":"WebPage","@id":"https:\/\/barrsell.com\/urun\/harvia-nem-sensoru\/","url":"https:\/\/barrsell.com\/urun\/harvia-nem-sensoru\/","name":"Harvia nem sens\u00f6r\u00fc | Barrsell End\u00fcstri","isPartOf":{"@id":"https:\/\/barrsell.com\/#website"},"primaryImageOfPage":{"@id":"https:\/\/barrsell.com\/urun\/harvia-nem-sensoru\/#primaryimage"},"image":{"@id":"https:\/\/barrsell.com\/urun\/harvia-nem-sensoru\/#primaryimage"},"thumbnailUrl":"https:\/\/barrsell.com\/wp-content\/uploads\/2024\/08\/Harvia-nem-sensoru.png","datePublished":"2024-08-28T13:52:14+00:00","dateModified":"2024-12-24T08:08:54+00:00","description":"Harvia Nem Sens\u00f6r\u00fc, sauna ve buhar odalar\u0131nda optimal nem seviyesini sa\u011flamak i\u00e7in tasarlanm\u0131\u015f hassas bir cihazd\u0131r. Nem seviyelerini do\u011fru","breadcrumb":{"@id":"https:\/\/barrsell.com\/urun\/harvia-nem-sensoru\/#breadcrumb"},"inLanguage":"en-US","potentialAction":[{"@type":"ReadAction","target":["https:\/\/barrsell.com\/urun\/harvia-nem-sensoru\/"]}]},{"@type":"ImageObject","inLanguage":"en-US","@id":"https:\/\/barrsell.com\/urun\/harvia-nem-sensoru\/#primaryimage","url":"https:\/\/barrsell.com\/wp-content\/uploads\/2024\/08\/Harvia-nem-sensoru.png","contentUrl":"https:\/\/barrsell.com\/wp-content\/uploads\/2024\/08\/Harvia-nem-sensoru.png","width":1200,"height":1200,"caption":"Harvia nem sens\u00f6r\u00fc"},{"@type":"BreadcrumbList","@id":"https:\/\/barrsell.com\/urun\/harvia-nem-sensoru\/#breadcrumb","itemListElement":[{"@type":"ListItem","position":1,"name":"Home","item":"https:\/\/barrsell.com\/"},{"@type":"ListItem","position":2,"name":"\u00dcr\u00fcnler","item":"https:\/\/barrsell.com\/en\/products\/"},{"@type":"ListItem","position":3,"name":"Harvia nem sens\u00f6r\u00fc"}]},{"@type":"WebSite","@id":"https:\/\/barrsell.com\/#website","url":"https:\/\/barrsell.com\/","name":"Barrsell End\u00fcstri Makine","description":"Teknolojiyle G\u00fc\u00e7lenen End\u00fcstriyel \u00c7\u00f6z\u00fcmler!","potentialAction":[{"@type":"SearchAction","target":{"@type":"EntryPoint","urlTemplate":"https:\/\/barrsell.com\/?s={search_term_string}"},"query-input":"required name=search_term_string"}],"inLanguage":"en-US"}]}},"_links":{"self":[{"href":"https:\/\/barrsell.com\/en\/wp-json\/wp\/v2\/product\/13234","targetHints":{"allow":["GET"]}}],"collection":[{"href":"https:\/\/barrsell.com\/en\/wp-json\/wp\/v2\/product"}],"about":[{"href":"https:\/\/barrsell.com\/en\/wp-json\/wp\/v2\/types\/product"}],"version-history":[{"count":6,"href":"https:\/\/barrsell.com\/en\/wp-json\/wp\/v2\/product\/13234\/revisions"}],"predecessor-version":[{"id":19574,"href":"https:\/\/barrsell.com\/en\/wp-json\/wp\/v2\/product\/13234\/revisions\/19574"}],"wp:featuredmedia":[{"embeddable":true,"href":"https:\/\/barrsell.com\/en\/wp-json\/wp\/v2\/media\/13235"}],"wp:attachment":[{"href":"https:\/\/barrsell.com\/en\/wp-json\/wp\/v2\/media?parent=13234"}],"wp:term":[{"taxonomy":"product_cat","embeddable":true,"href":"https:\/\/barrsell.com\/en\/wp-json\/wp\/v2\/product_cat?post=13234"},{"taxonomy":"product_tag","embeddable":true,"href":"https:\/\/barrsell.com\/en\/wp-json\/wp\/v2\/product_tag?post=13234"}],"curies":[{"name":"wp","href":"https:\/\/api.w.org\/{rel}","templated":true}]}}