{"id":13228,"date":"2024-08-28T13:41:06","date_gmt":"2024-08-28T13:41:06","guid":{"rendered":"https:\/\/barrsell.com\/?post_type=product&#038;p=13228"},"modified":"2024-12-24T05:36:19","modified_gmt":"2024-12-24T05:36:19","slug":"harvia-sicaklik-sensoru","status":"publish","type":"product","link":"https:\/\/barrsell.com\/en\/product\/harvia-temperature-sensor\/","title":{"rendered":"Harvia temperature sensor"},"content":{"rendered":"<div class=\"flex max-w-full flex-col flex-grow\">\n<div class=\"min-h-[20px] text-message flex w-full flex-col items-end gap-2 break-words [.text-message+&amp;]:mt-5 overflow-x-auto whitespace-normal\" dir=\"auto\" data-message-author-role=\"assistant\" data-message-id=\"893d5d85-3d73-41d2-a1fe-a623c255bab1\">\n<div class=\"flex w-full flex-col gap-1 empty:hidden first:pt-[3px]\">\n<div class=\"markdown prose w-full break-words dark:prose-invert light\">\n<h2><strong>Harvia Temperature Sensor 150\u00b0C: Technical Information<\/strong><\/h2>\n<p>Harvia Temperature Sensor 150\u00b0C is a precision monitoring device designed to provide accurate temperature control in sauna and steam rooms.It is a sensor with temperature measurement capacity up to 150 degrees Celsius. It offers reliable performance in high temperature environments and allows your sauna to operate at the desired temperature level.<\/p>\n<h4><strong>Features:<\/strong><\/h4>\n<ul>\n<li class=\" translation-block\"><strong>Maximum Temperature:<\/strong> 150\u00b0C provides precise measurement to prevent overheating of your sauna and maintain ideal temperature level.<\/li>\n<li class=\" translation-block\"><strong>Material:<\/strong> Made from high temperature resistant, heat and corrosion resistant materials. This ensures that the sensor is long-lasting and reliable.<\/li>\n<li class=\" translation-block\"><strong>Insensitivity:<\/strong> The engineering marvel of harvia sensor. It also detects temperature changes instantly, responds quickly and transfers accurate information to the sauna control unit.<\/li>\n<li class=\" translation-block\"><strong>Compatibility:<\/strong> provides full compatibility with the wide range of control units of Harvia, so you can easily integrate it into your existing sauna system.<\/li>\n<li class=\" translation-block\"><strong>Mounting Ease:<\/strong> Thanks to its user-friendly design, the assembly of the temperature sensor is fast and simple. Offers flexible installation with different mounting options.<\/li>\n<\/ul>\n<h4><strong>Performance and Efficiency:<\/strong><\/h4>\n<p>The Harvia Temperature Sensor 150\u00b0C is required to maintain a stable and safe temperature level in your sauna. Thanks to its high sensitivity, it creates a comfortable environment in your sauna and improves energy efficiency. It acts as a reliable layer of security to prevent overheating situations.<\/p>\n<\/div>\n<\/div>\n<\/div>\n<\/div>","protected":false},"excerpt":{"rendered":"<p>Harvia S\u0131cakl\u0131k Sens\u00f6r\u00fc 150\u00b0C: Teknik Bilgiler Harvia S\u0131cakl\u0131k Sens\u00f6r\u00fc 150\u00b0C, sauna ve buhar odalar\u0131nda do\u011fru s\u0131cakl\u0131k kontrol\u00fc sa\u011flamak i\u00e7in tasarlanm\u0131\u015f<\/p>","protected":false},"featured_media":13231,"template":"","meta":[],"product_cat":[169],"product_tag":[],"class_list":{"0":"post-13228","1":"product","2":"type-product","3":"status-publish","4":"has-post-thumbnail","6":"product_cat-harvia-sauna-isiticilari-yedek-parcalari","8":"first","9":"instock","10":"shipping-taxable","11":"product-type-simple"},"yoast_head":"<!-- This site is optimized with the Yoast SEO Premium plugin v23.2 (Yoast SEO v23.2) - https:\/\/yoast.com\/wordpress\/plugins\/seo\/ -->\n<title>Harvia s\u0131cakl\u0131k sens\u00f6r\u00fc | Barrsell End\u00fcstri<\/title>\n<meta name=\"description\" content=\"Harvia S\u0131cakl\u0131k Sens\u00f6r\u00fc 150\u00b0C, sauna ve buhar odalar\u0131nda do\u011fru s\u0131cakl\u0131k kontrol\u00fc sa\u011flamak i\u00e7in tasarlanm\u0131\u015f hassas bir izleme cihaz\u0131d\u0131r.\" \/>\n<meta name=\"robots\" content=\"index, follow, max-snippet:-1, max-image-preview:large, max-video-preview:-1\" \/>\n<link rel=\"canonical\" href=\"https:\/\/barrsell.com\/en\/product\/harvia-temperature-sensor\/\" \/>\n<meta property=\"og:locale\" content=\"en_US\" \/>\n<meta property=\"og:type\" content=\"article\" \/>\n<meta property=\"og:title\" content=\"Harvia s\u0131cakl\u0131k sens\u00f6r\u00fc\" \/>\n<meta property=\"og:description\" content=\"Harvia S\u0131cakl\u0131k Sens\u00f6r\u00fc 150\u00b0C, sauna ve buhar odalar\u0131nda do\u011fru s\u0131cakl\u0131k kontrol\u00fc sa\u011flamak i\u00e7in tasarlanm\u0131\u015f hassas bir izleme cihaz\u0131d\u0131r.\" \/>\n<meta property=\"og:url\" content=\"https:\/\/barrsell.com\/en\/product\/harvia-temperature-sensor\/\" \/>\n<meta property=\"og:site_name\" content=\"Barrsell\" \/>\n<meta property=\"article:modified_time\" content=\"2024-12-24T05:36:19+00:00\" \/>\n<meta property=\"og:image\" content=\"https:\/\/barrsell.com\/wp-content\/uploads\/2024\/08\/Harvia-sicaklik-sensoru-barr.png\" \/>\n\t<meta property=\"og:image:width\" content=\"1200\" \/>\n\t<meta property=\"og:image:height\" content=\"1200\" \/>\n\t<meta property=\"og:image:type\" content=\"image\/png\" \/>\n<meta name=\"twitter:card\" content=\"summary_large_image\" \/>\n<meta name=\"twitter:label1\" content=\"Est. reading time\" \/>\n\t<meta name=\"twitter:data1\" content=\"2 minutes\" \/>\n<script type=\"application\/ld+json\" class=\"yoast-schema-graph\">{\"@context\":\"https:\/\/schema.org\",\"@graph\":[{\"@type\":\"WebPage\",\"@id\":\"https:\/\/barrsell.com\/urun\/harvia-sicaklik-sensoru\/\",\"url\":\"https:\/\/barrsell.com\/urun\/harvia-sicaklik-sensoru\/\",\"name\":\"Harvia s\u0131cakl\u0131k sens\u00f6r\u00fc | Barrsell End\u00fcstri\",\"isPartOf\":{\"@id\":\"https:\/\/barrsell.com\/#website\"},\"primaryImageOfPage\":{\"@id\":\"https:\/\/barrsell.com\/urun\/harvia-sicaklik-sensoru\/#primaryimage\"},\"image\":{\"@id\":\"https:\/\/barrsell.com\/urun\/harvia-sicaklik-sensoru\/#primaryimage\"},\"thumbnailUrl\":\"https:\/\/barrsell.com\/wp-content\/uploads\/2024\/08\/Harvia-sicaklik-sensoru-barr.png\",\"datePublished\":\"2024-08-28T13:41:06+00:00\",\"dateModified\":\"2024-12-24T05:36:19+00:00\",\"description\":\"Harvia S\u0131cakl\u0131k Sens\u00f6r\u00fc 150\u00b0C, sauna ve buhar odalar\u0131nda do\u011fru s\u0131cakl\u0131k kontrol\u00fc sa\u011flamak i\u00e7in tasarlanm\u0131\u015f hassas bir izleme cihaz\u0131d\u0131r.\",\"breadcrumb\":{\"@id\":\"https:\/\/barrsell.com\/urun\/harvia-sicaklik-sensoru\/#breadcrumb\"},\"inLanguage\":\"en-US\",\"potentialAction\":[{\"@type\":\"ReadAction\",\"target\":[\"https:\/\/barrsell.com\/urun\/harvia-sicaklik-sensoru\/\"]}]},{\"@type\":\"ImageObject\",\"inLanguage\":\"en-US\",\"@id\":\"https:\/\/barrsell.com\/urun\/harvia-sicaklik-sensoru\/#primaryimage\",\"url\":\"https:\/\/barrsell.com\/wp-content\/uploads\/2024\/08\/Harvia-sicaklik-sensoru-barr.png\",\"contentUrl\":\"https:\/\/barrsell.com\/wp-content\/uploads\/2024\/08\/Harvia-sicaklik-sensoru-barr.png\",\"width\":1200,\"height\":1200,\"caption\":\"Harvia s\u0131cakl\u0131k sens\u00f6r\u00fc-barr\"},{\"@type\":\"BreadcrumbList\",\"@id\":\"https:\/\/barrsell.com\/urun\/harvia-sicaklik-sensoru\/#breadcrumb\",\"itemListElement\":[{\"@type\":\"ListItem\",\"position\":1,\"name\":\"Home\",\"item\":\"https:\/\/barrsell.com\/\"},{\"@type\":\"ListItem\",\"position\":2,\"name\":\"\u00dcr\u00fcnler\",\"item\":\"https:\/\/barrsell.com\/en\/products\/\"},{\"@type\":\"ListItem\",\"position\":3,\"name\":\"Harvia s\u0131cakl\u0131k sens\u00f6r\u00fc\"}]},{\"@type\":\"WebSite\",\"@id\":\"https:\/\/barrsell.com\/#website\",\"url\":\"https:\/\/barrsell.com\/\",\"name\":\"Barrsell End\u00fcstri Makine\",\"description\":\"Teknolojiyle G\u00fc\u00e7lenen End\u00fcstriyel \u00c7\u00f6z\u00fcmler!\",\"potentialAction\":[{\"@type\":\"SearchAction\",\"target\":{\"@type\":\"EntryPoint\",\"urlTemplate\":\"https:\/\/barrsell.com\/?s={search_term_string}\"},\"query-input\":\"required name=search_term_string\"}],\"inLanguage\":\"en-US\"}]}<\/script>\n<!-- \/ Yoast SEO Premium plugin. -->","yoast_head_json":{"title":"Harvia s\u0131cakl\u0131k sens\u00f6r\u00fc | Barrsell End\u00fcstri","description":"Harvia S\u0131cakl\u0131k Sens\u00f6r\u00fc 150\u00b0C, sauna ve buhar odalar\u0131nda do\u011fru s\u0131cakl\u0131k kontrol\u00fc sa\u011flamak i\u00e7in tasarlanm\u0131\u015f hassas bir izleme cihaz\u0131d\u0131r.","robots":{"index":"index","follow":"follow","max-snippet":"max-snippet:-1","max-image-preview":"max-image-preview:large","max-video-preview":"max-video-preview:-1"},"canonical":"https:\/\/barrsell.com\/en\/product\/harvia-temperature-sensor\/","og_locale":"en_US","og_type":"article","og_title":"Harvia s\u0131cakl\u0131k sens\u00f6r\u00fc","og_description":"Harvia S\u0131cakl\u0131k Sens\u00f6r\u00fc 150\u00b0C, sauna ve buhar odalar\u0131nda do\u011fru s\u0131cakl\u0131k kontrol\u00fc sa\u011flamak i\u00e7in tasarlanm\u0131\u015f hassas bir izleme cihaz\u0131d\u0131r.","og_url":"https:\/\/barrsell.com\/en\/product\/harvia-temperature-sensor\/","og_site_name":"Barrsell","article_modified_time":"2024-12-24T05:36:19+00:00","og_image":[{"width":1200,"height":1200,"url":"https:\/\/barrsell.com\/wp-content\/uploads\/2024\/08\/Harvia-sicaklik-sensoru-barr.png","type":"image\/png"}],"twitter_card":"summary_large_image","twitter_misc":{"Est. reading time":"2 minutes"},"schema":{"@context":"https:\/\/schema.org","@graph":[{"@type":"WebPage","@id":"https:\/\/barrsell.com\/urun\/harvia-sicaklik-sensoru\/","url":"https:\/\/barrsell.com\/urun\/harvia-sicaklik-sensoru\/","name":"Harvia s\u0131cakl\u0131k sens\u00f6r\u00fc | Barrsell End\u00fcstri","isPartOf":{"@id":"https:\/\/barrsell.com\/#website"},"primaryImageOfPage":{"@id":"https:\/\/barrsell.com\/urun\/harvia-sicaklik-sensoru\/#primaryimage"},"image":{"@id":"https:\/\/barrsell.com\/urun\/harvia-sicaklik-sensoru\/#primaryimage"},"thumbnailUrl":"https:\/\/barrsell.com\/wp-content\/uploads\/2024\/08\/Harvia-sicaklik-sensoru-barr.png","datePublished":"2024-08-28T13:41:06+00:00","dateModified":"2024-12-24T05:36:19+00:00","description":"Harvia S\u0131cakl\u0131k Sens\u00f6r\u00fc 150\u00b0C, sauna ve buhar odalar\u0131nda do\u011fru s\u0131cakl\u0131k kontrol\u00fc sa\u011flamak i\u00e7in tasarlanm\u0131\u015f hassas bir izleme cihaz\u0131d\u0131r.","breadcrumb":{"@id":"https:\/\/barrsell.com\/urun\/harvia-sicaklik-sensoru\/#breadcrumb"},"inLanguage":"en-US","potentialAction":[{"@type":"ReadAction","target":["https:\/\/barrsell.com\/urun\/harvia-sicaklik-sensoru\/"]}]},{"@type":"ImageObject","inLanguage":"en-US","@id":"https:\/\/barrsell.com\/urun\/harvia-sicaklik-sensoru\/#primaryimage","url":"https:\/\/barrsell.com\/wp-content\/uploads\/2024\/08\/Harvia-sicaklik-sensoru-barr.png","contentUrl":"https:\/\/barrsell.com\/wp-content\/uploads\/2024\/08\/Harvia-sicaklik-sensoru-barr.png","width":1200,"height":1200,"caption":"Harvia s\u0131cakl\u0131k sens\u00f6r\u00fc-barr"},{"@type":"BreadcrumbList","@id":"https:\/\/barrsell.com\/urun\/harvia-sicaklik-sensoru\/#breadcrumb","itemListElement":[{"@type":"ListItem","position":1,"name":"Home","item":"https:\/\/barrsell.com\/"},{"@type":"ListItem","position":2,"name":"\u00dcr\u00fcnler","item":"https:\/\/barrsell.com\/en\/products\/"},{"@type":"ListItem","position":3,"name":"Harvia s\u0131cakl\u0131k sens\u00f6r\u00fc"}]},{"@type":"WebSite","@id":"https:\/\/barrsell.com\/#website","url":"https:\/\/barrsell.com\/","name":"Barrsell End\u00fcstri Makine","description":"Teknolojiyle G\u00fc\u00e7lenen End\u00fcstriyel \u00c7\u00f6z\u00fcmler!","potentialAction":[{"@type":"SearchAction","target":{"@type":"EntryPoint","urlTemplate":"https:\/\/barrsell.com\/?s={search_term_string}"},"query-input":"required name=search_term_string"}],"inLanguage":"en-US"}]}},"_links":{"self":[{"href":"https:\/\/barrsell.com\/en\/wp-json\/wp\/v2\/product\/13228","targetHints":{"allow":["GET"]}}],"collection":[{"href":"https:\/\/barrsell.com\/en\/wp-json\/wp\/v2\/product"}],"about":[{"href":"https:\/\/barrsell.com\/en\/wp-json\/wp\/v2\/types\/product"}],"version-history":[{"count":4,"href":"https:\/\/barrsell.com\/en\/wp-json\/wp\/v2\/product\/13228\/revisions"}],"predecessor-version":[{"id":19573,"href":"https:\/\/barrsell.com\/en\/wp-json\/wp\/v2\/product\/13228\/revisions\/19573"}],"wp:featuredmedia":[{"embeddable":true,"href":"https:\/\/barrsell.com\/en\/wp-json\/wp\/v2\/media\/13231"}],"wp:attachment":[{"href":"https:\/\/barrsell.com\/en\/wp-json\/wp\/v2\/media?parent=13228"}],"wp:term":[{"taxonomy":"product_cat","embeddable":true,"href":"https:\/\/barrsell.com\/en\/wp-json\/wp\/v2\/product_cat?post=13228"},{"taxonomy":"product_tag","embeddable":true,"href":"https:\/\/barrsell.com\/en\/wp-json\/wp\/v2\/product_tag?post=13228"}],"curies":[{"name":"wp","href":"https:\/\/api.w.org\/{rel}","templated":true}]}}