{"id":13218,"date":"2024-08-28T13:05:17","date_gmt":"2024-08-28T13:05:17","guid":{"rendered":"https:\/\/barrsell.com\/?post_type=product&#038;p=13218"},"modified":"2024-12-24T02:34:23","modified_gmt":"2024-12-24T02:34:23","slug":"harvia-su-haznesi-80l","status":"publish","type":"product","link":"https:\/\/barrsell.com\/en\/product\/harvia-water-tank-80l\/","title":{"rendered":"Harvia Water tank 80L"},"content":{"rendered":"<div class=\"flex max-w-full flex-col flex-grow\">\n<div class=\"min-h-[20px] text-message flex w-full flex-col items-end gap-2 break-words [.text-message+&amp;]:mt-5 overflow-x-auto whitespace-normal\" dir=\"auto\" data-message-author-role=\"assistant\" data-message-id=\"542d3ef6-7a2d-46f3-acca-2f7435d8301d\">\n<div class=\"flex w-full flex-col gap-1 empty:hidden first:pt-[3px]\">\n<div class=\"markdown prose w-full break-words dark:prose-invert light\">\n<h2><strong>Harvia Water Reservoir 80L : Technical Data<\/strong><\/h2>\n<p>Harvia Water Reservoir 80L is a high capacity water storage solution designed for sauna and steam rooms. With its 80 liter capacity, this water reservoir provides efficient and uninterrupted water supply in large areas, making your sauna experience uninterrupted and comfortable.<\/p>\n<h4><strong>Features:<\/strong><\/h4>\n<ul>\n<li class=\" translation-block\"><strong>Capacity:<\/strong> 80 liters offers a water capacity suitable for large saunas and steam rooms. This eliminates the need to check the water level frequently during prolonged use.<\/li>\n<li class=\" translation-block\"><strong>Material:<\/strong> Manufactured using high quality, corrosion and temperature resistant materials. This ensures a long-lasting and durable performance.<\/li>\n<li class=\" translation-block\"><strong>Design:<\/strong> The ergonomic and compact design makes the water tank easy to assemble and use. It also comes with various mounting accessories for convenient placement and assembly.<\/li>\n<li class=\" translation-block\"><strong>Application Areas:<\/strong> You can use it as a water source in sauna heating systems and steam rooms. It also provides an ideal solution for steam production systems.<\/li>\n<li class=\" translation-block\"><strong>Ease of Maintenance:<\/strong> The easy-to-clean surface and simple maintenance requirements ensure a user-friendly experience.<\/li>\n<\/ul>\n<h4><strong>Performance and Efficiency:<\/strong><\/h4>\n<p>The Harvia Water Reservoir 80L reliably supplies the water needs of the sauna, ensuring an uninterrupted steam and heat experience. Thanks to its large capacity, it prevents water shortages even during long sauna sessions. The choice of quality materials and robust construction guarantees long trouble-free operation of the reservoir.<\/p>\n<\/div>\n<\/div>\n<\/div>\n<\/div>","protected":false},"excerpt":{"rendered":"<p>Harvia Su Haznesi 80L : Teknik Bilgiler Harvia Su Haznesi 80L , sauna ve buhar odalar\u0131 i\u00e7in tasarlanm\u0131\u015f y\u00fcksek kapasiteli<\/p>","protected":false},"featured_media":13219,"template":"","meta":[],"product_cat":[169],"product_tag":[],"class_list":{"0":"post-13218","1":"product","2":"type-product","3":"status-publish","4":"has-post-thumbnail","6":"product_cat-harvia-sauna-isiticilari-yedek-parcalari","8":"first","9":"instock","10":"shipping-taxable","11":"product-type-simple"},"yoast_head":"<!-- This site is optimized with the Yoast SEO Premium plugin v23.2 (Yoast SEO v23.2) - https:\/\/yoast.com\/wordpress\/plugins\/seo\/ -->\n<title>Harvia Su haznesi 80L | Barrsell End\u00fcstri<\/title>\n<meta name=\"description\" content=\"Harvia Su Haznesi 80L, sauna ve buhar odalar\u0131 i\u00e7in tasarlanm\u0131\u015f y\u00fcksek kapasiteli bir su depolama \u00e7\u00f6z\u00fcm\u00fcd\u00fcr. Bu su haznesi, 80 litre kapasiteli tasar\u0131m\u0131\" \/>\n<meta name=\"robots\" content=\"index, follow, max-snippet:-1, max-image-preview:large, max-video-preview:-1\" \/>\n<link rel=\"canonical\" href=\"https:\/\/barrsell.com\/en\/product\/harvia-water-tank-80l\/\" \/>\n<meta property=\"og:locale\" content=\"en_US\" \/>\n<meta property=\"og:type\" content=\"article\" \/>\n<meta property=\"og:title\" content=\"Harvia Su haznesi 80L\" \/>\n<meta property=\"og:description\" content=\"Harvia Su Haznesi 80L, sauna ve buhar odalar\u0131 i\u00e7in tasarlanm\u0131\u015f y\u00fcksek kapasiteli bir su depolama \u00e7\u00f6z\u00fcm\u00fcd\u00fcr. Bu su haznesi, 80 litre kapasiteli tasar\u0131m\u0131\" \/>\n<meta property=\"og:url\" content=\"https:\/\/barrsell.com\/en\/product\/harvia-water-tank-80l\/\" \/>\n<meta property=\"og:site_name\" content=\"Barrsell\" \/>\n<meta property=\"article:modified_time\" content=\"2024-12-24T02:34:23+00:00\" \/>\n<meta property=\"og:image\" content=\"https:\/\/barrsell.com\/wp-content\/uploads\/2024\/08\/Harvia-Su-haznesi-80Lt.png\" \/>\n\t<meta property=\"og:image:width\" content=\"1200\" \/>\n\t<meta property=\"og:image:height\" content=\"1200\" \/>\n\t<meta property=\"og:image:type\" content=\"image\/png\" \/>\n<meta name=\"twitter:card\" content=\"summary_large_image\" \/>\n<meta name=\"twitter:label1\" content=\"Est. reading time\" \/>\n\t<meta name=\"twitter:data1\" content=\"2 minutes\" \/>\n<script type=\"application\/ld+json\" class=\"yoast-schema-graph\">{\"@context\":\"https:\/\/schema.org\",\"@graph\":[{\"@type\":\"WebPage\",\"@id\":\"https:\/\/barrsell.com\/urun\/harvia-su-haznesi-80l\/\",\"url\":\"https:\/\/barrsell.com\/urun\/harvia-su-haznesi-80l\/\",\"name\":\"Harvia Su haznesi 80L | Barrsell End\u00fcstri\",\"isPartOf\":{\"@id\":\"https:\/\/barrsell.com\/#website\"},\"primaryImageOfPage\":{\"@id\":\"https:\/\/barrsell.com\/urun\/harvia-su-haznesi-80l\/#primaryimage\"},\"image\":{\"@id\":\"https:\/\/barrsell.com\/urun\/harvia-su-haznesi-80l\/#primaryimage\"},\"thumbnailUrl\":\"https:\/\/barrsell.com\/wp-content\/uploads\/2024\/08\/Harvia-Su-haznesi-80Lt.png\",\"datePublished\":\"2024-08-28T13:05:17+00:00\",\"dateModified\":\"2024-12-24T02:34:23+00:00\",\"description\":\"Harvia Su Haznesi 80L, sauna ve buhar odalar\u0131 i\u00e7in tasarlanm\u0131\u015f y\u00fcksek kapasiteli bir su depolama \u00e7\u00f6z\u00fcm\u00fcd\u00fcr. Bu su haznesi, 80 litre kapasiteli tasar\u0131m\u0131\",\"breadcrumb\":{\"@id\":\"https:\/\/barrsell.com\/urun\/harvia-su-haznesi-80l\/#breadcrumb\"},\"inLanguage\":\"en-US\",\"potentialAction\":[{\"@type\":\"ReadAction\",\"target\":[\"https:\/\/barrsell.com\/urun\/harvia-su-haznesi-80l\/\"]}]},{\"@type\":\"ImageObject\",\"inLanguage\":\"en-US\",\"@id\":\"https:\/\/barrsell.com\/urun\/harvia-su-haznesi-80l\/#primaryimage\",\"url\":\"https:\/\/barrsell.com\/wp-content\/uploads\/2024\/08\/Harvia-Su-haznesi-80Lt.png\",\"contentUrl\":\"https:\/\/barrsell.com\/wp-content\/uploads\/2024\/08\/Harvia-Su-haznesi-80Lt.png\",\"width\":1200,\"height\":1200,\"caption\":\"Harvia Su haznesi 80Lt\"},{\"@type\":\"BreadcrumbList\",\"@id\":\"https:\/\/barrsell.com\/urun\/harvia-su-haznesi-80l\/#breadcrumb\",\"itemListElement\":[{\"@type\":\"ListItem\",\"position\":1,\"name\":\"Home\",\"item\":\"https:\/\/barrsell.com\/\"},{\"@type\":\"ListItem\",\"position\":2,\"name\":\"\u00dcr\u00fcnler\",\"item\":\"https:\/\/barrsell.com\/en\/products\/\"},{\"@type\":\"ListItem\",\"position\":3,\"name\":\"Harvia Su haznesi 80L\"}]},{\"@type\":\"WebSite\",\"@id\":\"https:\/\/barrsell.com\/#website\",\"url\":\"https:\/\/barrsell.com\/\",\"name\":\"Barrsell End\u00fcstri Makine\",\"description\":\"Teknolojiyle G\u00fc\u00e7lenen End\u00fcstriyel \u00c7\u00f6z\u00fcmler!\",\"potentialAction\":[{\"@type\":\"SearchAction\",\"target\":{\"@type\":\"EntryPoint\",\"urlTemplate\":\"https:\/\/barrsell.com\/?s={search_term_string}\"},\"query-input\":\"required name=search_term_string\"}],\"inLanguage\":\"en-US\"}]}<\/script>\n<!-- \/ Yoast SEO Premium plugin. -->","yoast_head_json":{"title":"Harvia Su haznesi 80L | Barrsell End\u00fcstri","description":"Harvia Su Haznesi 80L, sauna ve buhar odalar\u0131 i\u00e7in tasarlanm\u0131\u015f y\u00fcksek kapasiteli bir su depolama \u00e7\u00f6z\u00fcm\u00fcd\u00fcr. Bu su haznesi, 80 litre kapasiteli tasar\u0131m\u0131","robots":{"index":"index","follow":"follow","max-snippet":"max-snippet:-1","max-image-preview":"max-image-preview:large","max-video-preview":"max-video-preview:-1"},"canonical":"https:\/\/barrsell.com\/en\/product\/harvia-water-tank-80l\/","og_locale":"en_US","og_type":"article","og_title":"Harvia Su haznesi 80L","og_description":"Harvia Su Haznesi 80L, sauna ve buhar odalar\u0131 i\u00e7in tasarlanm\u0131\u015f y\u00fcksek kapasiteli bir su depolama \u00e7\u00f6z\u00fcm\u00fcd\u00fcr. Bu su haznesi, 80 litre kapasiteli tasar\u0131m\u0131","og_url":"https:\/\/barrsell.com\/en\/product\/harvia-water-tank-80l\/","og_site_name":"Barrsell","article_modified_time":"2024-12-24T02:34:23+00:00","og_image":[{"width":1200,"height":1200,"url":"https:\/\/barrsell.com\/wp-content\/uploads\/2024\/08\/Harvia-Su-haznesi-80Lt.png","type":"image\/png"}],"twitter_card":"summary_large_image","twitter_misc":{"Est. reading time":"2 minutes"},"schema":{"@context":"https:\/\/schema.org","@graph":[{"@type":"WebPage","@id":"https:\/\/barrsell.com\/urun\/harvia-su-haznesi-80l\/","url":"https:\/\/barrsell.com\/urun\/harvia-su-haznesi-80l\/","name":"Harvia Su haznesi 80L | Barrsell End\u00fcstri","isPartOf":{"@id":"https:\/\/barrsell.com\/#website"},"primaryImageOfPage":{"@id":"https:\/\/barrsell.com\/urun\/harvia-su-haznesi-80l\/#primaryimage"},"image":{"@id":"https:\/\/barrsell.com\/urun\/harvia-su-haznesi-80l\/#primaryimage"},"thumbnailUrl":"https:\/\/barrsell.com\/wp-content\/uploads\/2024\/08\/Harvia-Su-haznesi-80Lt.png","datePublished":"2024-08-28T13:05:17+00:00","dateModified":"2024-12-24T02:34:23+00:00","description":"Harvia Su Haznesi 80L, sauna ve buhar odalar\u0131 i\u00e7in tasarlanm\u0131\u015f y\u00fcksek kapasiteli bir su depolama \u00e7\u00f6z\u00fcm\u00fcd\u00fcr. Bu su haznesi, 80 litre kapasiteli tasar\u0131m\u0131","breadcrumb":{"@id":"https:\/\/barrsell.com\/urun\/harvia-su-haznesi-80l\/#breadcrumb"},"inLanguage":"en-US","potentialAction":[{"@type":"ReadAction","target":["https:\/\/barrsell.com\/urun\/harvia-su-haznesi-80l\/"]}]},{"@type":"ImageObject","inLanguage":"en-US","@id":"https:\/\/barrsell.com\/urun\/harvia-su-haznesi-80l\/#primaryimage","url":"https:\/\/barrsell.com\/wp-content\/uploads\/2024\/08\/Harvia-Su-haznesi-80Lt.png","contentUrl":"https:\/\/barrsell.com\/wp-content\/uploads\/2024\/08\/Harvia-Su-haznesi-80Lt.png","width":1200,"height":1200,"caption":"Harvia Su haznesi 80Lt"},{"@type":"BreadcrumbList","@id":"https:\/\/barrsell.com\/urun\/harvia-su-haznesi-80l\/#breadcrumb","itemListElement":[{"@type":"ListItem","position":1,"name":"Home","item":"https:\/\/barrsell.com\/"},{"@type":"ListItem","position":2,"name":"\u00dcr\u00fcnler","item":"https:\/\/barrsell.com\/en\/products\/"},{"@type":"ListItem","position":3,"name":"Harvia Su haznesi 80L"}]},{"@type":"WebSite","@id":"https:\/\/barrsell.com\/#website","url":"https:\/\/barrsell.com\/","name":"Barrsell End\u00fcstri Makine","description":"Teknolojiyle G\u00fc\u00e7lenen End\u00fcstriyel \u00c7\u00f6z\u00fcmler!","potentialAction":[{"@type":"SearchAction","target":{"@type":"EntryPoint","urlTemplate":"https:\/\/barrsell.com\/?s={search_term_string}"},"query-input":"required name=search_term_string"}],"inLanguage":"en-US"}]}},"_links":{"self":[{"href":"https:\/\/barrsell.com\/en\/wp-json\/wp\/v2\/product\/13218","targetHints":{"allow":["GET"]}}],"collection":[{"href":"https:\/\/barrsell.com\/en\/wp-json\/wp\/v2\/product"}],"about":[{"href":"https:\/\/barrsell.com\/en\/wp-json\/wp\/v2\/types\/product"}],"version-history":[{"count":4,"href":"https:\/\/barrsell.com\/en\/wp-json\/wp\/v2\/product\/13218\/revisions"}],"predecessor-version":[{"id":19530,"href":"https:\/\/barrsell.com\/en\/wp-json\/wp\/v2\/product\/13218\/revisions\/19530"}],"wp:featuredmedia":[{"embeddable":true,"href":"https:\/\/barrsell.com\/en\/wp-json\/wp\/v2\/media\/13219"}],"wp:attachment":[{"href":"https:\/\/barrsell.com\/en\/wp-json\/wp\/v2\/media?parent=13218"}],"wp:term":[{"taxonomy":"product_cat","embeddable":true,"href":"https:\/\/barrsell.com\/en\/wp-json\/wp\/v2\/product_cat?post=13218"},{"taxonomy":"product_tag","embeddable":true,"href":"https:\/\/barrsell.com\/en\/wp-json\/wp\/v2\/product_tag?post=13218"}],"curies":[{"name":"wp","href":"https:\/\/api.w.org\/{rel}","templated":true}]}}