{"id":13202,"date":"2024-08-28T08:57:00","date_gmt":"2024-08-28T08:57:00","guid":{"rendered":"https:\/\/barrsell.com\/?post_type=product&#038;p=13202"},"modified":"2024-12-24T02:40:52","modified_gmt":"2024-12-24T02:40:52","slug":"harvia-silindir-gomme-flansi","status":"publish","type":"product","link":"https:\/\/barrsell.com\/en\/product\/harvia-cylinder-gomme-flange\/","title":{"rendered":"Harvia Cylinder Flush flange"},"content":{"rendered":"<div class=\"flex max-w-full flex-col flex-grow\">\n<div class=\"min-h-[20px] text-message flex w-full flex-col items-end gap-2 break-words [.text-message+&amp;]:mt-5 overflow-x-auto whitespace-normal\" dir=\"auto\" data-message-author-role=\"assistant\" data-message-id=\"b86de20c-7851-4321-8b4c-4b28d246f941\">\n<div class=\"flex w-full flex-col gap-1 empty:hidden first:pt-[3px]\">\n<div class=\"markdown prose w-full break-words dark:prose-invert light\">\n<h2>Harvia Cilindro Flush Flange:<\/h2>\n<p>The Harvia Cylinder Flush flange is the perfect solution for stylishly and robustly embedding your Harvia Cylinder Black steel heater in the worktop. This steel flange not only integrates the heater aesthetically but also protects it from heat radiation. Here are the advantages offered by the Harvia Cilindro Recessed Flange:<\/p>\n<p class=\" translation-block\"><strong>Stylish and Integrated Design:<\/strong> With the Harvia Cylinder Recessed Flange, you can elegantly embed the heater into the worktop.  Thanks to the flush flange, the diameter of the hole only needs to be slightly larger than the diameter of the heater. This makes it possible for the integration to provide a unified and uncluttered look.<\/p>\n<p class=\" translation-block\"><strong>Stainless Steel Protection:<\/strong> The flange is manufactured from high quality stainless steel.  This increases durability and provides effective protection against heat radiation. This material ensures that the flange offers a long-lasting and maintenance-free performance.<\/p>\n<p class=\" translation-block\"><strong>Protection Against Heat Radiation:<\/strong> The Harvia Cilindro Recessed Flange prevents the surrounding area from overheating by effectively dissipating the heat radiated from the heater. This both increases safety and protects the heater from other components of the worktop.<\/p>\n<\/div>\n<\/div>\n<\/div>\n<\/div>","protected":false},"excerpt":{"rendered":"<p>Harvia Cilindro G\u00f6mme Flan\u015f\u0131: Harvia Silindir G\u00f6mme flan\u015f\u0131 Harvia Silindir Siyah \u00e7elik \u0131s\u0131t\u0131c\u0131n\u0131z\u0131 tezgaha \u015f\u0131k ve sa\u011flam bir \u015fekilde g\u00f6mmek<\/p>","protected":false},"featured_media":13203,"template":"","meta":[],"product_cat":[169],"product_tag":[],"class_list":{"0":"post-13202","1":"product","2":"type-product","3":"status-publish","4":"has-post-thumbnail","6":"product_cat-harvia-sauna-isiticilari-yedek-parcalari","8":"first","9":"instock","10":"shipping-taxable","11":"product-type-simple"},"yoast_head":"<!-- This site is optimized with the Yoast SEO Premium plugin v23.2 (Yoast SEO v23.2) - https:\/\/yoast.com\/wordpress\/plugins\/seo\/ -->\n<title>Harvia Silindir G\u00f6mme flan\u015f\u0131 | Barrsell End\u00fcstri<\/title>\n<meta name=\"description\" content=\"Harvia Silindir G\u00f6mme Flan\u015f\u0131 Harvia Cilindro Black \u00e7elik \u0131s\u0131t\u0131c\u0131n\u0131z\u0131 tezgaha \u015f\u0131k ve sa\u011flam bir \u015fekilde g\u00f6mmek i\u00e7in m\u00fckemmel bir \u00e7\u00f6z\u00fcmd\u00fcr.\" \/>\n<meta name=\"robots\" content=\"index, follow, max-snippet:-1, max-image-preview:large, max-video-preview:-1\" \/>\n<link rel=\"canonical\" href=\"https:\/\/barrsell.com\/en\/product\/harvia-cylinder-gomme-flange\/\" \/>\n<meta property=\"og:locale\" content=\"en_US\" \/>\n<meta property=\"og:type\" content=\"article\" \/>\n<meta property=\"og:title\" content=\"Harvia Silindir G\u00f6mme flan\u015f\u0131\" \/>\n<meta property=\"og:description\" content=\"Harvia Silindir G\u00f6mme Flan\u015f\u0131 Harvia Cilindro Black \u00e7elik \u0131s\u0131t\u0131c\u0131n\u0131z\u0131 tezgaha \u015f\u0131k ve sa\u011flam bir \u015fekilde g\u00f6mmek i\u00e7in m\u00fckemmel bir \u00e7\u00f6z\u00fcmd\u00fcr.\" \/>\n<meta property=\"og:url\" content=\"https:\/\/barrsell.com\/en\/product\/harvia-cylinder-gomme-flange\/\" \/>\n<meta property=\"og:site_name\" content=\"Barrsell\" \/>\n<meta property=\"article:modified_time\" content=\"2024-12-24T02:40:52+00:00\" \/>\n<meta property=\"og:image\" content=\"https:\/\/barrsell.com\/wp-content\/uploads\/2024\/08\/Harvia-Silindir-Gomme-flansi.png\" \/>\n\t<meta property=\"og:image:width\" content=\"1200\" \/>\n\t<meta property=\"og:image:height\" content=\"1200\" \/>\n\t<meta property=\"og:image:type\" content=\"image\/png\" \/>\n<meta name=\"twitter:card\" content=\"summary_large_image\" \/>\n<meta name=\"twitter:label1\" content=\"Est. reading time\" \/>\n\t<meta name=\"twitter:data1\" content=\"2 minutes\" \/>\n<script type=\"application\/ld+json\" class=\"yoast-schema-graph\">{\"@context\":\"https:\/\/schema.org\",\"@graph\":[{\"@type\":\"WebPage\",\"@id\":\"https:\/\/barrsell.com\/urun\/harvia-silindir-gomme-flansi\/\",\"url\":\"https:\/\/barrsell.com\/urun\/harvia-silindir-gomme-flansi\/\",\"name\":\"Harvia Silindir G\u00f6mme flan\u015f\u0131 | Barrsell End\u00fcstri\",\"isPartOf\":{\"@id\":\"https:\/\/barrsell.com\/#website\"},\"primaryImageOfPage\":{\"@id\":\"https:\/\/barrsell.com\/urun\/harvia-silindir-gomme-flansi\/#primaryimage\"},\"image\":{\"@id\":\"https:\/\/barrsell.com\/urun\/harvia-silindir-gomme-flansi\/#primaryimage\"},\"thumbnailUrl\":\"https:\/\/barrsell.com\/wp-content\/uploads\/2024\/08\/Harvia-Silindir-Gomme-flansi.png\",\"datePublished\":\"2024-08-28T08:57:00+00:00\",\"dateModified\":\"2024-12-24T02:40:52+00:00\",\"description\":\"Harvia Silindir G\u00f6mme Flan\u015f\u0131 Harvia Cilindro Black \u00e7elik \u0131s\u0131t\u0131c\u0131n\u0131z\u0131 tezgaha \u015f\u0131k ve sa\u011flam bir \u015fekilde g\u00f6mmek i\u00e7in m\u00fckemmel bir \u00e7\u00f6z\u00fcmd\u00fcr.\",\"breadcrumb\":{\"@id\":\"https:\/\/barrsell.com\/urun\/harvia-silindir-gomme-flansi\/#breadcrumb\"},\"inLanguage\":\"en-US\",\"potentialAction\":[{\"@type\":\"ReadAction\",\"target\":[\"https:\/\/barrsell.com\/urun\/harvia-silindir-gomme-flansi\/\"]}]},{\"@type\":\"ImageObject\",\"inLanguage\":\"en-US\",\"@id\":\"https:\/\/barrsell.com\/urun\/harvia-silindir-gomme-flansi\/#primaryimage\",\"url\":\"https:\/\/barrsell.com\/wp-content\/uploads\/2024\/08\/Harvia-Silindir-Gomme-flansi.png\",\"contentUrl\":\"https:\/\/barrsell.com\/wp-content\/uploads\/2024\/08\/Harvia-Silindir-Gomme-flansi.png\",\"width\":1200,\"height\":1200,\"caption\":\"Harvia Silindir G\u00f6mme flan\u015f\u0131\"},{\"@type\":\"BreadcrumbList\",\"@id\":\"https:\/\/barrsell.com\/urun\/harvia-silindir-gomme-flansi\/#breadcrumb\",\"itemListElement\":[{\"@type\":\"ListItem\",\"position\":1,\"name\":\"Home\",\"item\":\"https:\/\/barrsell.com\/\"},{\"@type\":\"ListItem\",\"position\":2,\"name\":\"\u00dcr\u00fcnler\",\"item\":\"https:\/\/barrsell.com\/en\/products\/\"},{\"@type\":\"ListItem\",\"position\":3,\"name\":\"Harvia Silindir G\u00f6mme flan\u015f\u0131\"}]},{\"@type\":\"WebSite\",\"@id\":\"https:\/\/barrsell.com\/#website\",\"url\":\"https:\/\/barrsell.com\/\",\"name\":\"Barrsell End\u00fcstri Makine\",\"description\":\"Teknolojiyle G\u00fc\u00e7lenen End\u00fcstriyel \u00c7\u00f6z\u00fcmler!\",\"potentialAction\":[{\"@type\":\"SearchAction\",\"target\":{\"@type\":\"EntryPoint\",\"urlTemplate\":\"https:\/\/barrsell.com\/?s={search_term_string}\"},\"query-input\":\"required name=search_term_string\"}],\"inLanguage\":\"en-US\"}]}<\/script>\n<!-- \/ Yoast SEO Premium plugin. -->","yoast_head_json":{"title":"Harvia Silindir G\u00f6mme flan\u015f\u0131 | Barrsell End\u00fcstri","description":"Harvia Silindir G\u00f6mme Flan\u015f\u0131 Harvia Cilindro Black \u00e7elik \u0131s\u0131t\u0131c\u0131n\u0131z\u0131 tezgaha \u015f\u0131k ve sa\u011flam bir \u015fekilde g\u00f6mmek i\u00e7in m\u00fckemmel bir \u00e7\u00f6z\u00fcmd\u00fcr.","robots":{"index":"index","follow":"follow","max-snippet":"max-snippet:-1","max-image-preview":"max-image-preview:large","max-video-preview":"max-video-preview:-1"},"canonical":"https:\/\/barrsell.com\/en\/product\/harvia-cylinder-gomme-flange\/","og_locale":"en_US","og_type":"article","og_title":"Harvia Silindir G\u00f6mme flan\u015f\u0131","og_description":"Harvia Silindir G\u00f6mme Flan\u015f\u0131 Harvia Cilindro Black \u00e7elik \u0131s\u0131t\u0131c\u0131n\u0131z\u0131 tezgaha \u015f\u0131k ve sa\u011flam bir \u015fekilde g\u00f6mmek i\u00e7in m\u00fckemmel bir \u00e7\u00f6z\u00fcmd\u00fcr.","og_url":"https:\/\/barrsell.com\/en\/product\/harvia-cylinder-gomme-flange\/","og_site_name":"Barrsell","article_modified_time":"2024-12-24T02:40:52+00:00","og_image":[{"width":1200,"height":1200,"url":"https:\/\/barrsell.com\/wp-content\/uploads\/2024\/08\/Harvia-Silindir-Gomme-flansi.png","type":"image\/png"}],"twitter_card":"summary_large_image","twitter_misc":{"Est. reading time":"2 minutes"},"schema":{"@context":"https:\/\/schema.org","@graph":[{"@type":"WebPage","@id":"https:\/\/barrsell.com\/urun\/harvia-silindir-gomme-flansi\/","url":"https:\/\/barrsell.com\/urun\/harvia-silindir-gomme-flansi\/","name":"Harvia Silindir G\u00f6mme flan\u015f\u0131 | Barrsell End\u00fcstri","isPartOf":{"@id":"https:\/\/barrsell.com\/#website"},"primaryImageOfPage":{"@id":"https:\/\/barrsell.com\/urun\/harvia-silindir-gomme-flansi\/#primaryimage"},"image":{"@id":"https:\/\/barrsell.com\/urun\/harvia-silindir-gomme-flansi\/#primaryimage"},"thumbnailUrl":"https:\/\/barrsell.com\/wp-content\/uploads\/2024\/08\/Harvia-Silindir-Gomme-flansi.png","datePublished":"2024-08-28T08:57:00+00:00","dateModified":"2024-12-24T02:40:52+00:00","description":"Harvia Silindir G\u00f6mme Flan\u015f\u0131 Harvia Cilindro Black \u00e7elik \u0131s\u0131t\u0131c\u0131n\u0131z\u0131 tezgaha \u015f\u0131k ve sa\u011flam bir \u015fekilde g\u00f6mmek i\u00e7in m\u00fckemmel bir \u00e7\u00f6z\u00fcmd\u00fcr.","breadcrumb":{"@id":"https:\/\/barrsell.com\/urun\/harvia-silindir-gomme-flansi\/#breadcrumb"},"inLanguage":"en-US","potentialAction":[{"@type":"ReadAction","target":["https:\/\/barrsell.com\/urun\/harvia-silindir-gomme-flansi\/"]}]},{"@type":"ImageObject","inLanguage":"en-US","@id":"https:\/\/barrsell.com\/urun\/harvia-silindir-gomme-flansi\/#primaryimage","url":"https:\/\/barrsell.com\/wp-content\/uploads\/2024\/08\/Harvia-Silindir-Gomme-flansi.png","contentUrl":"https:\/\/barrsell.com\/wp-content\/uploads\/2024\/08\/Harvia-Silindir-Gomme-flansi.png","width":1200,"height":1200,"caption":"Harvia Silindir G\u00f6mme flan\u015f\u0131"},{"@type":"BreadcrumbList","@id":"https:\/\/barrsell.com\/urun\/harvia-silindir-gomme-flansi\/#breadcrumb","itemListElement":[{"@type":"ListItem","position":1,"name":"Home","item":"https:\/\/barrsell.com\/"},{"@type":"ListItem","position":2,"name":"\u00dcr\u00fcnler","item":"https:\/\/barrsell.com\/en\/products\/"},{"@type":"ListItem","position":3,"name":"Harvia Silindir G\u00f6mme flan\u015f\u0131"}]},{"@type":"WebSite","@id":"https:\/\/barrsell.com\/#website","url":"https:\/\/barrsell.com\/","name":"Barrsell End\u00fcstri Makine","description":"Teknolojiyle G\u00fc\u00e7lenen End\u00fcstriyel \u00c7\u00f6z\u00fcmler!","potentialAction":[{"@type":"SearchAction","target":{"@type":"EntryPoint","urlTemplate":"https:\/\/barrsell.com\/?s={search_term_string}"},"query-input":"required name=search_term_string"}],"inLanguage":"en-US"}]}},"_links":{"self":[{"href":"https:\/\/barrsell.com\/en\/wp-json\/wp\/v2\/product\/13202","targetHints":{"allow":["GET"]}}],"collection":[{"href":"https:\/\/barrsell.com\/en\/wp-json\/wp\/v2\/product"}],"about":[{"href":"https:\/\/barrsell.com\/en\/wp-json\/wp\/v2\/types\/product"}],"version-history":[{"count":6,"href":"https:\/\/barrsell.com\/en\/wp-json\/wp\/v2\/product\/13202\/revisions"}],"predecessor-version":[{"id":19532,"href":"https:\/\/barrsell.com\/en\/wp-json\/wp\/v2\/product\/13202\/revisions\/19532"}],"wp:featuredmedia":[{"embeddable":true,"href":"https:\/\/barrsell.com\/en\/wp-json\/wp\/v2\/media\/13203"}],"wp:attachment":[{"href":"https:\/\/barrsell.com\/en\/wp-json\/wp\/v2\/media?parent=13202"}],"wp:term":[{"taxonomy":"product_cat","embeddable":true,"href":"https:\/\/barrsell.com\/en\/wp-json\/wp\/v2\/product_cat?post=13202"},{"taxonomy":"product_tag","embeddable":true,"href":"https:\/\/barrsell.com\/en\/wp-json\/wp\/v2\/product_tag?post=13202"}],"curies":[{"name":"wp","href":"https:\/\/api.w.org\/{rel}","templated":true}]}}