{"id":13195,"date":"2024-08-28T08:20:19","date_gmt":"2024-08-28T08:20:19","guid":{"rendered":"https:\/\/barrsell.com\/?post_type=product&#038;p=13195"},"modified":"2024-12-24T02:50:53","modified_gmt":"2024-12-24T02:50:53","slug":"harvia-guc-unitesi-infra-sgc0909br","status":"publish","type":"product","link":"https:\/\/barrsell.com\/en\/product\/harvia-power-unit-infra-sgc0909br\/","title":{"rendered":"Harvia Power Unit infra SGC0909BR"},"content":{"rendered":"<div class=\"flex max-w-full flex-col flex-grow\">\n<div class=\"min-h-[20px] text-message flex w-full flex-col items-end gap-2 break-words [.text-message+&amp;]:mt-5 overflow-x-auto whitespace-normal\" dir=\"auto\" data-message-author-role=\"assistant\" data-message-id=\"914f22c2-db0e-4dd6-adee-6794d098ea25\">\n<div class=\"flex w-full flex-col gap-1 empty:hidden first:pt-[3px]\">\n<div class=\"markdown prose w-full break-words dark:prose-invert light\">\n<h2>Harvia Power Unit Infra SGC0909BR: Superior Performance and Reliable Energy Management<\/h2>\n<p>Harvia Power Unit Infra SGC0909BR is an advanced power unit designed for your infrared sauna systems. This unit delivers reliable performance by optimizing the energy management of your sauna system. Here are the technical specifications and advantages of the Harvia SGC0909BR Power Unit:<\/p>\n<h4><strong>High Power Capacity:<\/strong><\/h4>\n<p>Harvia SGC0909BR has a high power capacity to meet the energy needs of infrared sauna systems. This unit keeps your sauna system running efficiently and helps it reach high temperatures quickly.<\/p>\n<h4><strong>Reliable Energy Distribution:<\/strong><\/h4>\n<p>SGC0909BR optimizes energy distribution and provides balanced power to all components of your sauna. This way, you can achieve a constant and reliable heat during each session. The unit guarantees that your sauna experience is consistent and comfortable every time.<\/p>\n<h4><strong>Advanced Security Features:<\/strong><\/h4>\n<p>It has a design that prioritizes safety. It includes protection mechanisms against overheating, overload and short circuit. These safety features ensure the protection of both the device and users.<\/p>\n<h4><strong>Easy Installation and Integration:<\/strong><\/h4>\n<p>SGC0909BR can be easily integrated into your existing infrared sauna system.\u00a0 Thanks to the easy installation process, you can quickly activate this power unit.\u00a0 In addition, Harvia provides a seamless system integration by working in full harmony with other sauna products.<\/p>\n<\/div>\n<\/div>\n<\/div>\n<\/div>","protected":false},"excerpt":{"rendered":"<p>Harvia G\u00fc\u00e7 \u00dcnitesi Infra SGC0909BR: \u00dcst\u00fcn Performans ve G\u00fcvenilir Enerji Y\u00f6netimi Harvia G\u00fc\u00e7 \u00dcnitesi Infra SGC0909BR, infrared sauna sistemleriniz i\u00e7in<\/p>","protected":false},"featured_media":13198,"template":"","meta":[],"product_cat":[269,167],"product_tag":[],"class_list":{"0":"post-13195","1":"product","2":"type-product","3":"status-publish","4":"has-post-thumbnail","6":"product_cat-sauna-guc-uniteleri","7":"product_cat-harvia-guc-uniteleri","9":"first","10":"instock","11":"shipping-taxable","12":"product-type-simple"},"yoast_head":"<!-- This site is optimized with the Yoast SEO Premium plugin v23.2 (Yoast SEO v23.2) - https:\/\/yoast.com\/wordpress\/plugins\/seo\/ -->\n<title>Harvia G\u00fc\u00e7 \u00dcnitesi infra SGC0909BR | Barrsell End\u00fcstri<\/title>\n<meta name=\"description\" content=\"Harvia G\u00fc\u00e7 \u00dcnitesi Infra SGC0909BR, infrared sauna sistemleriniz i\u00e7in tasarlanm\u0131\u015f geli\u015fmi\u015f bir g\u00fc\u00e7 \u00fcnitesidir. Bu \u00fcnite, sauna sisteminizin enerji\" \/>\n<meta name=\"robots\" content=\"index, follow, max-snippet:-1, max-image-preview:large, max-video-preview:-1\" \/>\n<link rel=\"canonical\" href=\"https:\/\/barrsell.com\/en\/product\/harvia-power-unit-infra-sgc0909br\/\" \/>\n<meta property=\"og:locale\" content=\"en_US\" \/>\n<meta property=\"og:type\" content=\"article\" \/>\n<meta property=\"og:title\" content=\"Harvia G\u00fc\u00e7 \u00dcnitesi infra SGC0909BR\" \/>\n<meta property=\"og:description\" content=\"Harvia G\u00fc\u00e7 \u00dcnitesi Infra SGC0909BR, infrared sauna sistemleriniz i\u00e7in tasarlanm\u0131\u015f geli\u015fmi\u015f bir g\u00fc\u00e7 \u00fcnitesidir. Bu \u00fcnite, sauna sisteminizin enerji\" \/>\n<meta property=\"og:url\" content=\"https:\/\/barrsell.com\/en\/product\/harvia-power-unit-infra-sgc0909br\/\" \/>\n<meta property=\"og:site_name\" content=\"Barrsell\" \/>\n<meta property=\"article:modified_time\" content=\"2024-12-24T02:50:53+00:00\" \/>\n<meta property=\"og:image\" content=\"https:\/\/barrsell.com\/wp-content\/uploads\/2024\/08\/Harvia-Guc-Unitesi-infra-SGC0909BR-barr.png\" \/>\n\t<meta property=\"og:image:width\" content=\"1200\" \/>\n\t<meta property=\"og:image:height\" content=\"1200\" \/>\n\t<meta property=\"og:image:type\" content=\"image\/png\" \/>\n<meta name=\"twitter:card\" content=\"summary_large_image\" \/>\n<meta name=\"twitter:label1\" content=\"Est. reading time\" \/>\n\t<meta name=\"twitter:data1\" content=\"2 minutes\" \/>\n<script type=\"application\/ld+json\" class=\"yoast-schema-graph\">{\"@context\":\"https:\/\/schema.org\",\"@graph\":[{\"@type\":\"WebPage\",\"@id\":\"https:\/\/barrsell.com\/urun\/harvia-guc-unitesi-infra-sgc0909br\/\",\"url\":\"https:\/\/barrsell.com\/urun\/harvia-guc-unitesi-infra-sgc0909br\/\",\"name\":\"Harvia G\u00fc\u00e7 \u00dcnitesi infra SGC0909BR | Barrsell End\u00fcstri\",\"isPartOf\":{\"@id\":\"https:\/\/barrsell.com\/#website\"},\"primaryImageOfPage\":{\"@id\":\"https:\/\/barrsell.com\/urun\/harvia-guc-unitesi-infra-sgc0909br\/#primaryimage\"},\"image\":{\"@id\":\"https:\/\/barrsell.com\/urun\/harvia-guc-unitesi-infra-sgc0909br\/#primaryimage\"},\"thumbnailUrl\":\"https:\/\/barrsell.com\/wp-content\/uploads\/2024\/08\/Harvia-Guc-Unitesi-infra-SGC0909BR-barr.png\",\"datePublished\":\"2024-08-28T08:20:19+00:00\",\"dateModified\":\"2024-12-24T02:50:53+00:00\",\"description\":\"Harvia G\u00fc\u00e7 \u00dcnitesi Infra SGC0909BR, infrared sauna sistemleriniz i\u00e7in tasarlanm\u0131\u015f geli\u015fmi\u015f bir g\u00fc\u00e7 \u00fcnitesidir. Bu \u00fcnite, sauna sisteminizin enerji\",\"breadcrumb\":{\"@id\":\"https:\/\/barrsell.com\/urun\/harvia-guc-unitesi-infra-sgc0909br\/#breadcrumb\"},\"inLanguage\":\"en-US\",\"potentialAction\":[{\"@type\":\"ReadAction\",\"target\":[\"https:\/\/barrsell.com\/urun\/harvia-guc-unitesi-infra-sgc0909br\/\"]}]},{\"@type\":\"ImageObject\",\"inLanguage\":\"en-US\",\"@id\":\"https:\/\/barrsell.com\/urun\/harvia-guc-unitesi-infra-sgc0909br\/#primaryimage\",\"url\":\"https:\/\/barrsell.com\/wp-content\/uploads\/2024\/08\/Harvia-Guc-Unitesi-infra-SGC0909BR-barr.png\",\"contentUrl\":\"https:\/\/barrsell.com\/wp-content\/uploads\/2024\/08\/Harvia-Guc-Unitesi-infra-SGC0909BR-barr.png\",\"width\":1200,\"height\":1200,\"caption\":\"Harvia G\u00fc\u00e7 \u00dcnitesi infra SGC0909BR-barr\"},{\"@type\":\"BreadcrumbList\",\"@id\":\"https:\/\/barrsell.com\/urun\/harvia-guc-unitesi-infra-sgc0909br\/#breadcrumb\",\"itemListElement\":[{\"@type\":\"ListItem\",\"position\":1,\"name\":\"Home\",\"item\":\"https:\/\/barrsell.com\/\"},{\"@type\":\"ListItem\",\"position\":2,\"name\":\"\u00dcr\u00fcnler\",\"item\":\"https:\/\/barrsell.com\/en\/products\/\"},{\"@type\":\"ListItem\",\"position\":3,\"name\":\"Harvia G\u00fc\u00e7 \u00dcnitesi infra SGC0909BR\"}]},{\"@type\":\"WebSite\",\"@id\":\"https:\/\/barrsell.com\/#website\",\"url\":\"https:\/\/barrsell.com\/\",\"name\":\"Barrsell End\u00fcstri Makine\",\"description\":\"Teknolojiyle G\u00fc\u00e7lenen End\u00fcstriyel \u00c7\u00f6z\u00fcmler!\",\"potentialAction\":[{\"@type\":\"SearchAction\",\"target\":{\"@type\":\"EntryPoint\",\"urlTemplate\":\"https:\/\/barrsell.com\/?s={search_term_string}\"},\"query-input\":\"required name=search_term_string\"}],\"inLanguage\":\"en-US\"}]}<\/script>\n<!-- \/ Yoast SEO Premium plugin. -->","yoast_head_json":{"title":"Harvia G\u00fc\u00e7 \u00dcnitesi infra SGC0909BR | Barrsell End\u00fcstri","description":"Harvia G\u00fc\u00e7 \u00dcnitesi Infra SGC0909BR, infrared sauna sistemleriniz i\u00e7in tasarlanm\u0131\u015f geli\u015fmi\u015f bir g\u00fc\u00e7 \u00fcnitesidir. Bu \u00fcnite, sauna sisteminizin enerji","robots":{"index":"index","follow":"follow","max-snippet":"max-snippet:-1","max-image-preview":"max-image-preview:large","max-video-preview":"max-video-preview:-1"},"canonical":"https:\/\/barrsell.com\/en\/product\/harvia-power-unit-infra-sgc0909br\/","og_locale":"en_US","og_type":"article","og_title":"Harvia G\u00fc\u00e7 \u00dcnitesi infra SGC0909BR","og_description":"Harvia G\u00fc\u00e7 \u00dcnitesi Infra SGC0909BR, infrared sauna sistemleriniz i\u00e7in tasarlanm\u0131\u015f geli\u015fmi\u015f bir g\u00fc\u00e7 \u00fcnitesidir. Bu \u00fcnite, sauna sisteminizin enerji","og_url":"https:\/\/barrsell.com\/en\/product\/harvia-power-unit-infra-sgc0909br\/","og_site_name":"Barrsell","article_modified_time":"2024-12-24T02:50:53+00:00","og_image":[{"width":1200,"height":1200,"url":"https:\/\/barrsell.com\/wp-content\/uploads\/2024\/08\/Harvia-Guc-Unitesi-infra-SGC0909BR-barr.png","type":"image\/png"}],"twitter_card":"summary_large_image","twitter_misc":{"Est. reading time":"2 minutes"},"schema":{"@context":"https:\/\/schema.org","@graph":[{"@type":"WebPage","@id":"https:\/\/barrsell.com\/urun\/harvia-guc-unitesi-infra-sgc0909br\/","url":"https:\/\/barrsell.com\/urun\/harvia-guc-unitesi-infra-sgc0909br\/","name":"Harvia G\u00fc\u00e7 \u00dcnitesi infra SGC0909BR | Barrsell End\u00fcstri","isPartOf":{"@id":"https:\/\/barrsell.com\/#website"},"primaryImageOfPage":{"@id":"https:\/\/barrsell.com\/urun\/harvia-guc-unitesi-infra-sgc0909br\/#primaryimage"},"image":{"@id":"https:\/\/barrsell.com\/urun\/harvia-guc-unitesi-infra-sgc0909br\/#primaryimage"},"thumbnailUrl":"https:\/\/barrsell.com\/wp-content\/uploads\/2024\/08\/Harvia-Guc-Unitesi-infra-SGC0909BR-barr.png","datePublished":"2024-08-28T08:20:19+00:00","dateModified":"2024-12-24T02:50:53+00:00","description":"Harvia G\u00fc\u00e7 \u00dcnitesi Infra SGC0909BR, infrared sauna sistemleriniz i\u00e7in tasarlanm\u0131\u015f geli\u015fmi\u015f bir g\u00fc\u00e7 \u00fcnitesidir. Bu \u00fcnite, sauna sisteminizin enerji","breadcrumb":{"@id":"https:\/\/barrsell.com\/urun\/harvia-guc-unitesi-infra-sgc0909br\/#breadcrumb"},"inLanguage":"en-US","potentialAction":[{"@type":"ReadAction","target":["https:\/\/barrsell.com\/urun\/harvia-guc-unitesi-infra-sgc0909br\/"]}]},{"@type":"ImageObject","inLanguage":"en-US","@id":"https:\/\/barrsell.com\/urun\/harvia-guc-unitesi-infra-sgc0909br\/#primaryimage","url":"https:\/\/barrsell.com\/wp-content\/uploads\/2024\/08\/Harvia-Guc-Unitesi-infra-SGC0909BR-barr.png","contentUrl":"https:\/\/barrsell.com\/wp-content\/uploads\/2024\/08\/Harvia-Guc-Unitesi-infra-SGC0909BR-barr.png","width":1200,"height":1200,"caption":"Harvia G\u00fc\u00e7 \u00dcnitesi infra SGC0909BR-barr"},{"@type":"BreadcrumbList","@id":"https:\/\/barrsell.com\/urun\/harvia-guc-unitesi-infra-sgc0909br\/#breadcrumb","itemListElement":[{"@type":"ListItem","position":1,"name":"Home","item":"https:\/\/barrsell.com\/"},{"@type":"ListItem","position":2,"name":"\u00dcr\u00fcnler","item":"https:\/\/barrsell.com\/en\/products\/"},{"@type":"ListItem","position":3,"name":"Harvia G\u00fc\u00e7 \u00dcnitesi infra SGC0909BR"}]},{"@type":"WebSite","@id":"https:\/\/barrsell.com\/#website","url":"https:\/\/barrsell.com\/","name":"Barrsell End\u00fcstri Makine","description":"Teknolojiyle G\u00fc\u00e7lenen End\u00fcstriyel \u00c7\u00f6z\u00fcmler!","potentialAction":[{"@type":"SearchAction","target":{"@type":"EntryPoint","urlTemplate":"https:\/\/barrsell.com\/?s={search_term_string}"},"query-input":"required name=search_term_string"}],"inLanguage":"en-US"}]}},"_links":{"self":[{"href":"https:\/\/barrsell.com\/en\/wp-json\/wp\/v2\/product\/13195","targetHints":{"allow":["GET"]}}],"collection":[{"href":"https:\/\/barrsell.com\/en\/wp-json\/wp\/v2\/product"}],"about":[{"href":"https:\/\/barrsell.com\/en\/wp-json\/wp\/v2\/types\/product"}],"version-history":[{"count":4,"href":"https:\/\/barrsell.com\/en\/wp-json\/wp\/v2\/product\/13195\/revisions"}],"predecessor-version":[{"id":19536,"href":"https:\/\/barrsell.com\/en\/wp-json\/wp\/v2\/product\/13195\/revisions\/19536"}],"wp:featuredmedia":[{"embeddable":true,"href":"https:\/\/barrsell.com\/en\/wp-json\/wp\/v2\/media\/13198"}],"wp:attachment":[{"href":"https:\/\/barrsell.com\/en\/wp-json\/wp\/v2\/media?parent=13195"}],"wp:term":[{"taxonomy":"product_cat","embeddable":true,"href":"https:\/\/barrsell.com\/en\/wp-json\/wp\/v2\/product_cat?post=13195"},{"taxonomy":"product_tag","embeddable":true,"href":"https:\/\/barrsell.com\/en\/wp-json\/wp\/v2\/product_tag?post=13195"}],"curies":[{"name":"wp","href":"https:\/\/api.w.org\/{rel}","templated":true}]}}