{"id":13189,"date":"2024-08-27T14:05:42","date_gmt":"2024-08-27T14:05:42","guid":{"rendered":"https:\/\/barrsell.com\/?post_type=product&#038;p=13189"},"modified":"2024-12-24T03:01:30","modified_gmt":"2024-12-24T03:01:30","slug":"harvia-sigma-devre-karti","status":"publish","type":"product","link":"https:\/\/barrsell.com\/en\/product\/harvia-sigma-circuit-card\/","title":{"rendered":"Harvia Sigma Circuit Board"},"content":{"rendered":"<h2>Harvia Sigma Circuit Board: Reliable Sauna Control With Advanced Technology<\/h2>\n<p>The Harvia Sigma Circuit Board is a component designed to offer advanced control and management capabilities in your sauna systems. This circuit board optimizes the performance of your sauna, providing a more efficient and safe operating experience. Here are the technical specifications of Harvia Sigma Circuit Board and the advantages it offers:<\/p>\n<h4><strong>High Performance Control:<\/strong><\/h4>\n<p>Enables precise control of sauna systems. Thanks to its processor and optimized software, it effectively manages the heating, timer and other functions of your sauna. This high performance ensures excellent warmth and comfort in every use of your sauna.<\/p>\n<h4><strong>Advanced Security Features:<\/strong><\/h4>\n<p>The Sigma Circuit Board prioritizes the security of your sauna. It includes protection mechanisms against overheating, short-circuiting and other potential risks. These safety features ensure the safety of both the device and users. This ensures that your sauna is long-lasting and safe to operate.<\/p>\n<h4><strong>High Quality Material and Durability:<\/strong><\/h4>\n<p>Made from high quality materials. These materials provide long-lasting and durable performance. This card, which is based on harsh sauna conditions, offers reliable use in both home and commercial saunas.<\/p>","protected":false},"excerpt":{"rendered":"<p>Harvia Sigma Devre Kart\u0131: \u0130leri Teknoloji ile G\u00fcvenilir Sauna Kontrol\u00fc Harvia Sigma Devre Kart\u0131, sauna sistemlerinizde geli\u015fmi\u015f kontrol ve y\u00f6netim<\/p>","protected":false},"featured_media":13190,"template":"","meta":[],"product_cat":[169],"product_tag":[],"class_list":{"0":"post-13189","1":"product","2":"type-product","3":"status-publish","4":"has-post-thumbnail","6":"product_cat-harvia-sauna-isiticilari-yedek-parcalari","8":"first","9":"instock","10":"shipping-taxable","11":"product-type-simple"},"yoast_head":"<!-- This site is optimized with the Yoast SEO Premium plugin v23.2 (Yoast SEO v23.2) - https:\/\/yoast.com\/wordpress\/plugins\/seo\/ -->\n<title>Harvia Sigma Devre Kart\u0131 | Barrsell End\u00fcstri<\/title>\n<meta name=\"description\" content=\"Harvia Sigma Devre Kart\u0131, sauna sistemlerinizde geli\u015fmi\u015f kontrol ve y\u00f6netim yetenekleri sunmak \u00fczere tasarlanm\u0131\u015f bir bile\u015fendir.\" \/>\n<meta name=\"robots\" content=\"index, follow, max-snippet:-1, max-image-preview:large, max-video-preview:-1\" \/>\n<link rel=\"canonical\" href=\"https:\/\/barrsell.com\/en\/product\/harvia-sigma-circuit-card\/\" \/>\n<meta property=\"og:locale\" content=\"en_US\" \/>\n<meta property=\"og:type\" content=\"article\" \/>\n<meta property=\"og:title\" content=\"Harvia Sigma Devre Kart\u0131\" \/>\n<meta property=\"og:description\" content=\"Harvia Sigma Devre Kart\u0131, sauna sistemlerinizde geli\u015fmi\u015f kontrol ve y\u00f6netim yetenekleri sunmak \u00fczere tasarlanm\u0131\u015f bir bile\u015fendir.\" \/>\n<meta property=\"og:url\" content=\"https:\/\/barrsell.com\/en\/product\/harvia-sigma-circuit-card\/\" \/>\n<meta property=\"og:site_name\" content=\"Barrsell\" \/>\n<meta property=\"article:modified_time\" content=\"2024-12-24T03:01:30+00:00\" \/>\n<meta property=\"og:image\" content=\"https:\/\/barrsell.com\/wp-content\/uploads\/2024\/08\/Harvia-devre-karti-Sigma.png\" \/>\n\t<meta property=\"og:image:width\" content=\"1200\" \/>\n\t<meta property=\"og:image:height\" content=\"1200\" \/>\n\t<meta property=\"og:image:type\" content=\"image\/png\" \/>\n<meta name=\"twitter:card\" content=\"summary_large_image\" \/>\n<meta name=\"twitter:label1\" content=\"Est. reading time\" \/>\n\t<meta name=\"twitter:data1\" content=\"2 minutes\" \/>\n<script type=\"application\/ld+json\" class=\"yoast-schema-graph\">{\"@context\":\"https:\/\/schema.org\",\"@graph\":[{\"@type\":\"WebPage\",\"@id\":\"https:\/\/barrsell.com\/urun\/harvia-sigma-devre-karti\/\",\"url\":\"https:\/\/barrsell.com\/urun\/harvia-sigma-devre-karti\/\",\"name\":\"Harvia Sigma Devre Kart\u0131 | Barrsell End\u00fcstri\",\"isPartOf\":{\"@id\":\"https:\/\/barrsell.com\/#website\"},\"primaryImageOfPage\":{\"@id\":\"https:\/\/barrsell.com\/urun\/harvia-sigma-devre-karti\/#primaryimage\"},\"image\":{\"@id\":\"https:\/\/barrsell.com\/urun\/harvia-sigma-devre-karti\/#primaryimage\"},\"thumbnailUrl\":\"https:\/\/barrsell.com\/wp-content\/uploads\/2024\/08\/Harvia-devre-karti-Sigma.png\",\"datePublished\":\"2024-08-27T14:05:42+00:00\",\"dateModified\":\"2024-12-24T03:01:30+00:00\",\"description\":\"Harvia Sigma Devre Kart\u0131, sauna sistemlerinizde geli\u015fmi\u015f kontrol ve y\u00f6netim yetenekleri sunmak \u00fczere tasarlanm\u0131\u015f bir bile\u015fendir.\",\"breadcrumb\":{\"@id\":\"https:\/\/barrsell.com\/urun\/harvia-sigma-devre-karti\/#breadcrumb\"},\"inLanguage\":\"en-US\",\"potentialAction\":[{\"@type\":\"ReadAction\",\"target\":[\"https:\/\/barrsell.com\/urun\/harvia-sigma-devre-karti\/\"]}]},{\"@type\":\"ImageObject\",\"inLanguage\":\"en-US\",\"@id\":\"https:\/\/barrsell.com\/urun\/harvia-sigma-devre-karti\/#primaryimage\",\"url\":\"https:\/\/barrsell.com\/wp-content\/uploads\/2024\/08\/Harvia-devre-karti-Sigma.png\",\"contentUrl\":\"https:\/\/barrsell.com\/wp-content\/uploads\/2024\/08\/Harvia-devre-karti-Sigma.png\",\"width\":1200,\"height\":1200,\"caption\":\"Harvia-devre-kart\u0131-Sigma\"},{\"@type\":\"BreadcrumbList\",\"@id\":\"https:\/\/barrsell.com\/urun\/harvia-sigma-devre-karti\/#breadcrumb\",\"itemListElement\":[{\"@type\":\"ListItem\",\"position\":1,\"name\":\"Home\",\"item\":\"https:\/\/barrsell.com\/\"},{\"@type\":\"ListItem\",\"position\":2,\"name\":\"\u00dcr\u00fcnler\",\"item\":\"https:\/\/barrsell.com\/en\/products\/\"},{\"@type\":\"ListItem\",\"position\":3,\"name\":\"Harvia Sigma Devre Kart\u0131\"}]},{\"@type\":\"WebSite\",\"@id\":\"https:\/\/barrsell.com\/#website\",\"url\":\"https:\/\/barrsell.com\/\",\"name\":\"Barrsell End\u00fcstri Makine\",\"description\":\"Teknolojiyle G\u00fc\u00e7lenen End\u00fcstriyel \u00c7\u00f6z\u00fcmler!\",\"potentialAction\":[{\"@type\":\"SearchAction\",\"target\":{\"@type\":\"EntryPoint\",\"urlTemplate\":\"https:\/\/barrsell.com\/?s={search_term_string}\"},\"query-input\":\"required name=search_term_string\"}],\"inLanguage\":\"en-US\"}]}<\/script>\n<!-- \/ Yoast SEO Premium plugin. -->","yoast_head_json":{"title":"Harvia Sigma Devre Kart\u0131 | Barrsell End\u00fcstri","description":"Harvia Sigma Devre Kart\u0131, sauna sistemlerinizde geli\u015fmi\u015f kontrol ve y\u00f6netim yetenekleri sunmak \u00fczere tasarlanm\u0131\u015f bir bile\u015fendir.","robots":{"index":"index","follow":"follow","max-snippet":"max-snippet:-1","max-image-preview":"max-image-preview:large","max-video-preview":"max-video-preview:-1"},"canonical":"https:\/\/barrsell.com\/en\/product\/harvia-sigma-circuit-card\/","og_locale":"en_US","og_type":"article","og_title":"Harvia Sigma Devre Kart\u0131","og_description":"Harvia Sigma Devre Kart\u0131, sauna sistemlerinizde geli\u015fmi\u015f kontrol ve y\u00f6netim yetenekleri sunmak \u00fczere tasarlanm\u0131\u015f bir bile\u015fendir.","og_url":"https:\/\/barrsell.com\/en\/product\/harvia-sigma-circuit-card\/","og_site_name":"Barrsell","article_modified_time":"2024-12-24T03:01:30+00:00","og_image":[{"width":1200,"height":1200,"url":"https:\/\/barrsell.com\/wp-content\/uploads\/2024\/08\/Harvia-devre-karti-Sigma.png","type":"image\/png"}],"twitter_card":"summary_large_image","twitter_misc":{"Est. reading time":"2 minutes"},"schema":{"@context":"https:\/\/schema.org","@graph":[{"@type":"WebPage","@id":"https:\/\/barrsell.com\/urun\/harvia-sigma-devre-karti\/","url":"https:\/\/barrsell.com\/urun\/harvia-sigma-devre-karti\/","name":"Harvia Sigma Devre Kart\u0131 | Barrsell End\u00fcstri","isPartOf":{"@id":"https:\/\/barrsell.com\/#website"},"primaryImageOfPage":{"@id":"https:\/\/barrsell.com\/urun\/harvia-sigma-devre-karti\/#primaryimage"},"image":{"@id":"https:\/\/barrsell.com\/urun\/harvia-sigma-devre-karti\/#primaryimage"},"thumbnailUrl":"https:\/\/barrsell.com\/wp-content\/uploads\/2024\/08\/Harvia-devre-karti-Sigma.png","datePublished":"2024-08-27T14:05:42+00:00","dateModified":"2024-12-24T03:01:30+00:00","description":"Harvia Sigma Devre Kart\u0131, sauna sistemlerinizde geli\u015fmi\u015f kontrol ve y\u00f6netim yetenekleri sunmak \u00fczere tasarlanm\u0131\u015f bir bile\u015fendir.","breadcrumb":{"@id":"https:\/\/barrsell.com\/urun\/harvia-sigma-devre-karti\/#breadcrumb"},"inLanguage":"en-US","potentialAction":[{"@type":"ReadAction","target":["https:\/\/barrsell.com\/urun\/harvia-sigma-devre-karti\/"]}]},{"@type":"ImageObject","inLanguage":"en-US","@id":"https:\/\/barrsell.com\/urun\/harvia-sigma-devre-karti\/#primaryimage","url":"https:\/\/barrsell.com\/wp-content\/uploads\/2024\/08\/Harvia-devre-karti-Sigma.png","contentUrl":"https:\/\/barrsell.com\/wp-content\/uploads\/2024\/08\/Harvia-devre-karti-Sigma.png","width":1200,"height":1200,"caption":"Harvia-devre-kart\u0131-Sigma"},{"@type":"BreadcrumbList","@id":"https:\/\/barrsell.com\/urun\/harvia-sigma-devre-karti\/#breadcrumb","itemListElement":[{"@type":"ListItem","position":1,"name":"Home","item":"https:\/\/barrsell.com\/"},{"@type":"ListItem","position":2,"name":"\u00dcr\u00fcnler","item":"https:\/\/barrsell.com\/en\/products\/"},{"@type":"ListItem","position":3,"name":"Harvia Sigma Devre Kart\u0131"}]},{"@type":"WebSite","@id":"https:\/\/barrsell.com\/#website","url":"https:\/\/barrsell.com\/","name":"Barrsell End\u00fcstri Makine","description":"Teknolojiyle G\u00fc\u00e7lenen End\u00fcstriyel \u00c7\u00f6z\u00fcmler!","potentialAction":[{"@type":"SearchAction","target":{"@type":"EntryPoint","urlTemplate":"https:\/\/barrsell.com\/?s={search_term_string}"},"query-input":"required name=search_term_string"}],"inLanguage":"en-US"}]}},"_links":{"self":[{"href":"https:\/\/barrsell.com\/en\/wp-json\/wp\/v2\/product\/13189","targetHints":{"allow":["GET"]}}],"collection":[{"href":"https:\/\/barrsell.com\/en\/wp-json\/wp\/v2\/product"}],"about":[{"href":"https:\/\/barrsell.com\/en\/wp-json\/wp\/v2\/types\/product"}],"version-history":[{"count":4,"href":"https:\/\/barrsell.com\/en\/wp-json\/wp\/v2\/product\/13189\/revisions"}],"predecessor-version":[{"id":19538,"href":"https:\/\/barrsell.com\/en\/wp-json\/wp\/v2\/product\/13189\/revisions\/19538"}],"wp:featuredmedia":[{"embeddable":true,"href":"https:\/\/barrsell.com\/en\/wp-json\/wp\/v2\/media\/13190"}],"wp:attachment":[{"href":"https:\/\/barrsell.com\/en\/wp-json\/wp\/v2\/media?parent=13189"}],"wp:term":[{"taxonomy":"product_cat","embeddable":true,"href":"https:\/\/barrsell.com\/en\/wp-json\/wp\/v2\/product_cat?post=13189"},{"taxonomy":"product_tag","embeddable":true,"href":"https:\/\/barrsell.com\/en\/wp-json\/wp\/v2\/product_tag?post=13189"}],"curies":[{"name":"wp","href":"https:\/\/api.w.org\/{rel}","templated":true}]}}