{"id":13175,"date":"2024-08-27T13:15:48","date_gmt":"2024-08-27T13:15:48","guid":{"rendered":"https:\/\/barrsell.com\/?post_type=product&#038;p=13175"},"modified":"2024-12-24T03:06:13","modified_gmt":"2024-12-24T03:06:13","slug":"harvia-c105s-guc-karti","status":"publish","type":"product","link":"https:\/\/barrsell.com\/en\/product\/harvia-c105s-power-card\/","title":{"rendered":"Harvia C105S Power Card"},"content":{"rendered":"<h2>Harvia C105S Power Card: Strong Performance and Reliable Energy Management<\/h2>\n<p>The Harvia C105S Power Card is a high-quality energy management component designed to optimize the performance of sauna heaters. This power card is for comprehensive sauna systems of Harvia. Provides reliable and efficient energy management in both home and commercial saunas. The Harvia C105S stands out for its powerful performance and enhanced features. Here are the technical details and advantages of Harvia C105S Power Card:<\/p>\n<h4><strong>High Power Capacity:<\/strong><\/h4>\n<p>Supports sauna heaters up to 10.5 kW. This high power capacity makes it an ideal solution for large and commercial saunas. The C105S effectively meets the required power needs of the sauna heater and ensures that your sauna is warmed up quickly and evenly.<\/p>\n<h4><strong>Advanced Security Features:<\/strong><\/h4>\n<p>The C105S is equipped with a variety of safety features to ensure a safe sauna experience. Features such as overheating protection and auto shutdown ensure your sauna is running safely. These measures both extend the life of the device and increase the safety of users.<\/p>\n<h4><strong>Energy Efficiency:<\/strong><\/h4>\n<p>Optimized to maximize energy efficiency. The sauna manages the energy consumption of your heater and generates more heat with less energy. This feature reduces energy costs and ensures an environmentally friendly use. It also supports the long-term energy savings of your business.<\/p>","protected":false},"excerpt":{"rendered":"<p>Harvia C105S G\u00fc\u00e7 Kart\u0131: G\u00fc\u00e7l\u00fc Performans ve G\u00fcvenilir Enerji Y\u00f6netimi Harvia C105S G\u00fc\u00e7 Kart\u0131, sauna \u0131s\u0131t\u0131c\u0131lar\u0131n\u0131n performans\u0131n\u0131 optimize etmek i\u00e7in<\/p>","protected":false},"featured_media":13176,"template":"","meta":[],"product_cat":[169],"product_tag":[],"class_list":{"0":"post-13175","1":"product","2":"type-product","3":"status-publish","4":"has-post-thumbnail","6":"product_cat-harvia-sauna-isiticilari-yedek-parcalari","8":"first","9":"instock","10":"shipping-taxable","11":"product-type-simple"},"yoast_head":"<!-- This site is optimized with the Yoast SEO Premium plugin v23.2 (Yoast SEO v23.2) - https:\/\/yoast.com\/wordpress\/plugins\/seo\/ -->\n<title>Harvia C105S G\u00fc\u00e7 Kart\u0131 | Barrsell End\u00fcstri<\/title>\n<meta name=\"description\" content=\"Harvia C105S G\u00fc\u00e7 Kart\u0131, sauna \u0131s\u0131t\u0131c\u0131lar\u0131n\u0131n performans\u0131n\u0131 optimize etmek i\u00e7in tasarlanm\u0131\u015f, y\u00fcksek kaliteli bir enerji y\u00f6netim bile\u015fenidir.\" \/>\n<meta name=\"robots\" content=\"index, follow, max-snippet:-1, max-image-preview:large, max-video-preview:-1\" \/>\n<link rel=\"canonical\" href=\"https:\/\/barrsell.com\/en\/product\/harvia-c105s-power-card\/\" \/>\n<meta property=\"og:locale\" content=\"en_US\" \/>\n<meta property=\"og:type\" content=\"article\" \/>\n<meta property=\"og:title\" content=\"Harvia C105S G\u00fc\u00e7 Kart\u0131\" \/>\n<meta property=\"og:description\" content=\"Harvia C105S G\u00fc\u00e7 Kart\u0131, sauna \u0131s\u0131t\u0131c\u0131lar\u0131n\u0131n performans\u0131n\u0131 optimize etmek i\u00e7in tasarlanm\u0131\u015f, y\u00fcksek kaliteli bir enerji y\u00f6netim bile\u015fenidir.\" \/>\n<meta property=\"og:url\" content=\"https:\/\/barrsell.com\/en\/product\/harvia-c105s-power-card\/\" \/>\n<meta property=\"og:site_name\" content=\"Barrsell\" \/>\n<meta property=\"article:modified_time\" content=\"2024-12-24T03:06:13+00:00\" \/>\n<meta property=\"og:image\" content=\"https:\/\/barrsell.com\/wp-content\/uploads\/2024\/08\/Harvia-C105S-guc-karti.png\" \/>\n\t<meta property=\"og:image:width\" content=\"1200\" \/>\n\t<meta property=\"og:image:height\" content=\"1200\" \/>\n\t<meta property=\"og:image:type\" content=\"image\/png\" \/>\n<meta name=\"twitter:card\" content=\"summary_large_image\" \/>\n<meta name=\"twitter:label1\" content=\"Est. reading time\" \/>\n\t<meta name=\"twitter:data1\" content=\"2 minutes\" \/>\n<script type=\"application\/ld+json\" class=\"yoast-schema-graph\">{\"@context\":\"https:\/\/schema.org\",\"@graph\":[{\"@type\":\"WebPage\",\"@id\":\"https:\/\/barrsell.com\/urun\/harvia-c105s-guc-karti\/\",\"url\":\"https:\/\/barrsell.com\/urun\/harvia-c105s-guc-karti\/\",\"name\":\"Harvia C105S G\u00fc\u00e7 Kart\u0131 | Barrsell End\u00fcstri\",\"isPartOf\":{\"@id\":\"https:\/\/barrsell.com\/#website\"},\"primaryImageOfPage\":{\"@id\":\"https:\/\/barrsell.com\/urun\/harvia-c105s-guc-karti\/#primaryimage\"},\"image\":{\"@id\":\"https:\/\/barrsell.com\/urun\/harvia-c105s-guc-karti\/#primaryimage\"},\"thumbnailUrl\":\"https:\/\/barrsell.com\/wp-content\/uploads\/2024\/08\/Harvia-C105S-guc-karti.png\",\"datePublished\":\"2024-08-27T13:15:48+00:00\",\"dateModified\":\"2024-12-24T03:06:13+00:00\",\"description\":\"Harvia C105S G\u00fc\u00e7 Kart\u0131, sauna \u0131s\u0131t\u0131c\u0131lar\u0131n\u0131n performans\u0131n\u0131 optimize etmek i\u00e7in tasarlanm\u0131\u015f, y\u00fcksek kaliteli bir enerji y\u00f6netim bile\u015fenidir.\",\"breadcrumb\":{\"@id\":\"https:\/\/barrsell.com\/urun\/harvia-c105s-guc-karti\/#breadcrumb\"},\"inLanguage\":\"en-US\",\"potentialAction\":[{\"@type\":\"ReadAction\",\"target\":[\"https:\/\/barrsell.com\/urun\/harvia-c105s-guc-karti\/\"]}]},{\"@type\":\"ImageObject\",\"inLanguage\":\"en-US\",\"@id\":\"https:\/\/barrsell.com\/urun\/harvia-c105s-guc-karti\/#primaryimage\",\"url\":\"https:\/\/barrsell.com\/wp-content\/uploads\/2024\/08\/Harvia-C105S-guc-karti.png\",\"contentUrl\":\"https:\/\/barrsell.com\/wp-content\/uploads\/2024\/08\/Harvia-C105S-guc-karti.png\",\"width\":1200,\"height\":1200,\"caption\":\"Harvia-C105S-g\u00fc\u00e7-kart\u0131\"},{\"@type\":\"BreadcrumbList\",\"@id\":\"https:\/\/barrsell.com\/urun\/harvia-c105s-guc-karti\/#breadcrumb\",\"itemListElement\":[{\"@type\":\"ListItem\",\"position\":1,\"name\":\"Home\",\"item\":\"https:\/\/barrsell.com\/\"},{\"@type\":\"ListItem\",\"position\":2,\"name\":\"\u00dcr\u00fcnler\",\"item\":\"https:\/\/barrsell.com\/en\/products\/\"},{\"@type\":\"ListItem\",\"position\":3,\"name\":\"Harvia C105S G\u00fc\u00e7 Kart\u0131\"}]},{\"@type\":\"WebSite\",\"@id\":\"https:\/\/barrsell.com\/#website\",\"url\":\"https:\/\/barrsell.com\/\",\"name\":\"Barrsell End\u00fcstri Makine\",\"description\":\"Teknolojiyle G\u00fc\u00e7lenen End\u00fcstriyel \u00c7\u00f6z\u00fcmler!\",\"potentialAction\":[{\"@type\":\"SearchAction\",\"target\":{\"@type\":\"EntryPoint\",\"urlTemplate\":\"https:\/\/barrsell.com\/?s={search_term_string}\"},\"query-input\":\"required name=search_term_string\"}],\"inLanguage\":\"en-US\"}]}<\/script>\n<!-- \/ Yoast SEO Premium plugin. -->","yoast_head_json":{"title":"Harvia C105S G\u00fc\u00e7 Kart\u0131 | Barrsell End\u00fcstri","description":"Harvia C105S G\u00fc\u00e7 Kart\u0131, sauna \u0131s\u0131t\u0131c\u0131lar\u0131n\u0131n performans\u0131n\u0131 optimize etmek i\u00e7in tasarlanm\u0131\u015f, y\u00fcksek kaliteli bir enerji y\u00f6netim bile\u015fenidir.","robots":{"index":"index","follow":"follow","max-snippet":"max-snippet:-1","max-image-preview":"max-image-preview:large","max-video-preview":"max-video-preview:-1"},"canonical":"https:\/\/barrsell.com\/en\/product\/harvia-c105s-power-card\/","og_locale":"en_US","og_type":"article","og_title":"Harvia C105S G\u00fc\u00e7 Kart\u0131","og_description":"Harvia C105S G\u00fc\u00e7 Kart\u0131, sauna \u0131s\u0131t\u0131c\u0131lar\u0131n\u0131n performans\u0131n\u0131 optimize etmek i\u00e7in tasarlanm\u0131\u015f, y\u00fcksek kaliteli bir enerji y\u00f6netim bile\u015fenidir.","og_url":"https:\/\/barrsell.com\/en\/product\/harvia-c105s-power-card\/","og_site_name":"Barrsell","article_modified_time":"2024-12-24T03:06:13+00:00","og_image":[{"width":1200,"height":1200,"url":"https:\/\/barrsell.com\/wp-content\/uploads\/2024\/08\/Harvia-C105S-guc-karti.png","type":"image\/png"}],"twitter_card":"summary_large_image","twitter_misc":{"Est. reading time":"2 minutes"},"schema":{"@context":"https:\/\/schema.org","@graph":[{"@type":"WebPage","@id":"https:\/\/barrsell.com\/urun\/harvia-c105s-guc-karti\/","url":"https:\/\/barrsell.com\/urun\/harvia-c105s-guc-karti\/","name":"Harvia C105S G\u00fc\u00e7 Kart\u0131 | Barrsell End\u00fcstri","isPartOf":{"@id":"https:\/\/barrsell.com\/#website"},"primaryImageOfPage":{"@id":"https:\/\/barrsell.com\/urun\/harvia-c105s-guc-karti\/#primaryimage"},"image":{"@id":"https:\/\/barrsell.com\/urun\/harvia-c105s-guc-karti\/#primaryimage"},"thumbnailUrl":"https:\/\/barrsell.com\/wp-content\/uploads\/2024\/08\/Harvia-C105S-guc-karti.png","datePublished":"2024-08-27T13:15:48+00:00","dateModified":"2024-12-24T03:06:13+00:00","description":"Harvia C105S G\u00fc\u00e7 Kart\u0131, sauna \u0131s\u0131t\u0131c\u0131lar\u0131n\u0131n performans\u0131n\u0131 optimize etmek i\u00e7in tasarlanm\u0131\u015f, y\u00fcksek kaliteli bir enerji y\u00f6netim bile\u015fenidir.","breadcrumb":{"@id":"https:\/\/barrsell.com\/urun\/harvia-c105s-guc-karti\/#breadcrumb"},"inLanguage":"en-US","potentialAction":[{"@type":"ReadAction","target":["https:\/\/barrsell.com\/urun\/harvia-c105s-guc-karti\/"]}]},{"@type":"ImageObject","inLanguage":"en-US","@id":"https:\/\/barrsell.com\/urun\/harvia-c105s-guc-karti\/#primaryimage","url":"https:\/\/barrsell.com\/wp-content\/uploads\/2024\/08\/Harvia-C105S-guc-karti.png","contentUrl":"https:\/\/barrsell.com\/wp-content\/uploads\/2024\/08\/Harvia-C105S-guc-karti.png","width":1200,"height":1200,"caption":"Harvia-C105S-g\u00fc\u00e7-kart\u0131"},{"@type":"BreadcrumbList","@id":"https:\/\/barrsell.com\/urun\/harvia-c105s-guc-karti\/#breadcrumb","itemListElement":[{"@type":"ListItem","position":1,"name":"Home","item":"https:\/\/barrsell.com\/"},{"@type":"ListItem","position":2,"name":"\u00dcr\u00fcnler","item":"https:\/\/barrsell.com\/en\/products\/"},{"@type":"ListItem","position":3,"name":"Harvia C105S G\u00fc\u00e7 Kart\u0131"}]},{"@type":"WebSite","@id":"https:\/\/barrsell.com\/#website","url":"https:\/\/barrsell.com\/","name":"Barrsell End\u00fcstri Makine","description":"Teknolojiyle G\u00fc\u00e7lenen End\u00fcstriyel \u00c7\u00f6z\u00fcmler!","potentialAction":[{"@type":"SearchAction","target":{"@type":"EntryPoint","urlTemplate":"https:\/\/barrsell.com\/?s={search_term_string}"},"query-input":"required name=search_term_string"}],"inLanguage":"en-US"}]}},"_links":{"self":[{"href":"https:\/\/barrsell.com\/en\/wp-json\/wp\/v2\/product\/13175","targetHints":{"allow":["GET"]}}],"collection":[{"href":"https:\/\/barrsell.com\/en\/wp-json\/wp\/v2\/product"}],"about":[{"href":"https:\/\/barrsell.com\/en\/wp-json\/wp\/v2\/types\/product"}],"version-history":[{"count":5,"href":"https:\/\/barrsell.com\/en\/wp-json\/wp\/v2\/product\/13175\/revisions"}],"predecessor-version":[{"id":19539,"href":"https:\/\/barrsell.com\/en\/wp-json\/wp\/v2\/product\/13175\/revisions\/19539"}],"wp:featuredmedia":[{"embeddable":true,"href":"https:\/\/barrsell.com\/en\/wp-json\/wp\/v2\/media\/13176"}],"wp:attachment":[{"href":"https:\/\/barrsell.com\/en\/wp-json\/wp\/v2\/media?parent=13175"}],"wp:term":[{"taxonomy":"product_cat","embeddable":true,"href":"https:\/\/barrsell.com\/en\/wp-json\/wp\/v2\/product_cat?post=13175"},{"taxonomy":"product_tag","embeddable":true,"href":"https:\/\/barrsell.com\/en\/wp-json\/wp\/v2\/product_tag?post=13175"}],"curies":[{"name":"wp","href":"https:\/\/api.w.org\/{rel}","templated":true}]}}