{"id":13170,"date":"2024-08-27T13:08:14","date_gmt":"2024-08-27T13:08:14","guid":{"rendered":"https:\/\/barrsell.com\/?post_type=product&#038;p=13170"},"modified":"2024-12-24T03:10:17","modified_gmt":"2024-12-24T03:10:17","slug":"harvia-c90-guc-karti","status":"publish","type":"product","link":"https:\/\/barrsell.com\/en\/product\/harvia-c90-power-card\/","title":{"rendered":"Harvia C90 Power Card"},"content":{"rendered":"<h2>Harvia C90 Power Card: Reliable Performance and Flexibility in Sauna Control<\/h2>\n<p>The Harvia C90 Power Card is a component specifically designed to ensure optimal performance in sauna systems. This card is compatible with the Harvia C90 Control Unit, allowing precise and safe management of the sauna heater.<\/p>\n<h4><strong>High Power Management:<\/strong><\/h4>\n<p>You can use it with sauna heaters up to 9.0 kW. This card effectively manages the power requirements of the sauna heater, ensuring that your sauna reaches the desired temperature quickly and efficiently. This feature offers a great advantage, especially in heavily used commercial saunas.<\/p>\n<h4><strong>Advanced Security Features:<\/strong><\/h4>\n<p>Safety is one of the key features of the Harvia C90 Power Card. The board is equipped with various protection mechanisms to prevent such situations as overheating. These safety measures both extend the life of the device and ensure the safety of sauna users.<\/p>\n<h4><strong>Compatible and Flexible Design:<\/strong><\/h4>\n<p>This power board fits perfectly with the control unit. This way, you can easily integrate it into your existing sauna system. Its flexible design allows it to be used with different sauna heaters, making it a versatile component.<\/p>","protected":false},"excerpt":{"rendered":"<p>Harvia C90 G\u00fc\u00e7 Kart\u0131: Sauna Kontrol\u00fcnde G\u00fcvenilir Performans ve Esneklik Harvia C90 G\u00fc\u00e7 Kart\u0131, sauna sistemlerinde optimal performans\u0131 sa\u011flamak i\u00e7in<\/p>","protected":false},"featured_media":13171,"template":"","meta":[],"product_cat":[169],"product_tag":[],"class_list":{"0":"post-13170","1":"product","2":"type-product","3":"status-publish","4":"has-post-thumbnail","6":"product_cat-harvia-sauna-isiticilari-yedek-parcalari","8":"first","9":"instock","10":"shipping-taxable","11":"product-type-simple"},"yoast_head":"<!-- This site is optimized with the Yoast SEO Premium plugin v23.2 (Yoast SEO v23.2) - https:\/\/yoast.com\/wordpress\/plugins\/seo\/ -->\n<title>Harvia C90 G\u00fc\u00e7 Kart\u0131 | Barrsell End\u00fcstri<\/title>\n<meta name=\"description\" content=\"Harvia C90 G\u00fc\u00e7 Kart\u0131, sauna sistemlerinde optimal performans\u0131 sa\u011flamak i\u00e7in \u00f6zel olarak tasarlanm\u0131\u015f bir bile\u015fendir. Bu g\u00fc\u00e7 kart\u0131, Harvia C90 kontrol \u00dcnitesi\" \/>\n<meta name=\"robots\" content=\"index, follow, max-snippet:-1, max-image-preview:large, max-video-preview:-1\" \/>\n<link rel=\"canonical\" href=\"https:\/\/barrsell.com\/en\/product\/harvia-c90-power-card\/\" \/>\n<meta property=\"og:locale\" content=\"en_US\" \/>\n<meta property=\"og:type\" content=\"article\" \/>\n<meta property=\"og:title\" content=\"Harvia C90 G\u00fc\u00e7 Kart\u0131\" \/>\n<meta property=\"og:description\" content=\"Harvia C90 G\u00fc\u00e7 Kart\u0131, sauna sistemlerinde optimal performans\u0131 sa\u011flamak i\u00e7in \u00f6zel olarak tasarlanm\u0131\u015f bir bile\u015fendir. Bu g\u00fc\u00e7 kart\u0131, Harvia C90 kontrol \u00dcnitesi\" \/>\n<meta property=\"og:url\" content=\"https:\/\/barrsell.com\/en\/product\/harvia-c90-power-card\/\" \/>\n<meta property=\"og:site_name\" content=\"Barrsell\" \/>\n<meta property=\"article:modified_time\" content=\"2024-12-24T03:10:17+00:00\" \/>\n<meta property=\"og:image\" content=\"https:\/\/barrsell.com\/wp-content\/uploads\/2024\/08\/Harvia-C90-Guc-Karti.png\" \/>\n\t<meta property=\"og:image:width\" content=\"1200\" \/>\n\t<meta property=\"og:image:height\" content=\"1200\" \/>\n\t<meta property=\"og:image:type\" content=\"image\/png\" \/>\n<meta name=\"twitter:card\" content=\"summary_large_image\" \/>\n<meta name=\"twitter:label1\" content=\"Est. reading time\" \/>\n\t<meta name=\"twitter:data1\" content=\"2 minutes\" \/>\n<script type=\"application\/ld+json\" class=\"yoast-schema-graph\">{\"@context\":\"https:\/\/schema.org\",\"@graph\":[{\"@type\":\"WebPage\",\"@id\":\"https:\/\/barrsell.com\/urun\/harvia-c90-guc-karti\/\",\"url\":\"https:\/\/barrsell.com\/urun\/harvia-c90-guc-karti\/\",\"name\":\"Harvia C90 G\u00fc\u00e7 Kart\u0131 | Barrsell End\u00fcstri\",\"isPartOf\":{\"@id\":\"https:\/\/barrsell.com\/#website\"},\"primaryImageOfPage\":{\"@id\":\"https:\/\/barrsell.com\/urun\/harvia-c90-guc-karti\/#primaryimage\"},\"image\":{\"@id\":\"https:\/\/barrsell.com\/urun\/harvia-c90-guc-karti\/#primaryimage\"},\"thumbnailUrl\":\"https:\/\/barrsell.com\/wp-content\/uploads\/2024\/08\/Harvia-C90-Guc-Karti.png\",\"datePublished\":\"2024-08-27T13:08:14+00:00\",\"dateModified\":\"2024-12-24T03:10:17+00:00\",\"description\":\"Harvia C90 G\u00fc\u00e7 Kart\u0131, sauna sistemlerinde optimal performans\u0131 sa\u011flamak i\u00e7in \u00f6zel olarak tasarlanm\u0131\u015f bir bile\u015fendir. Bu g\u00fc\u00e7 kart\u0131, Harvia C90 kontrol \u00dcnitesi\",\"breadcrumb\":{\"@id\":\"https:\/\/barrsell.com\/urun\/harvia-c90-guc-karti\/#breadcrumb\"},\"inLanguage\":\"en-US\",\"potentialAction\":[{\"@type\":\"ReadAction\",\"target\":[\"https:\/\/barrsell.com\/urun\/harvia-c90-guc-karti\/\"]}]},{\"@type\":\"ImageObject\",\"inLanguage\":\"en-US\",\"@id\":\"https:\/\/barrsell.com\/urun\/harvia-c90-guc-karti\/#primaryimage\",\"url\":\"https:\/\/barrsell.com\/wp-content\/uploads\/2024\/08\/Harvia-C90-Guc-Karti.png\",\"contentUrl\":\"https:\/\/barrsell.com\/wp-content\/uploads\/2024\/08\/Harvia-C90-Guc-Karti.png\",\"width\":1200,\"height\":1200,\"caption\":\"Harvia-C90-G\u00fc\u00e7-Kart\u0131\"},{\"@type\":\"BreadcrumbList\",\"@id\":\"https:\/\/barrsell.com\/urun\/harvia-c90-guc-karti\/#breadcrumb\",\"itemListElement\":[{\"@type\":\"ListItem\",\"position\":1,\"name\":\"Home\",\"item\":\"https:\/\/barrsell.com\/\"},{\"@type\":\"ListItem\",\"position\":2,\"name\":\"\u00dcr\u00fcnler\",\"item\":\"https:\/\/barrsell.com\/en\/products\/\"},{\"@type\":\"ListItem\",\"position\":3,\"name\":\"Harvia C90 G\u00fc\u00e7 Kart\u0131\"}]},{\"@type\":\"WebSite\",\"@id\":\"https:\/\/barrsell.com\/#website\",\"url\":\"https:\/\/barrsell.com\/\",\"name\":\"Barrsell End\u00fcstri Makine\",\"description\":\"Teknolojiyle G\u00fc\u00e7lenen End\u00fcstriyel \u00c7\u00f6z\u00fcmler!\",\"potentialAction\":[{\"@type\":\"SearchAction\",\"target\":{\"@type\":\"EntryPoint\",\"urlTemplate\":\"https:\/\/barrsell.com\/?s={search_term_string}\"},\"query-input\":\"required name=search_term_string\"}],\"inLanguage\":\"en-US\"}]}<\/script>\n<!-- \/ Yoast SEO Premium plugin. -->","yoast_head_json":{"title":"Harvia C90 G\u00fc\u00e7 Kart\u0131 | Barrsell End\u00fcstri","description":"Harvia C90 G\u00fc\u00e7 Kart\u0131, sauna sistemlerinde optimal performans\u0131 sa\u011flamak i\u00e7in \u00f6zel olarak tasarlanm\u0131\u015f bir bile\u015fendir. Bu g\u00fc\u00e7 kart\u0131, Harvia C90 kontrol \u00dcnitesi","robots":{"index":"index","follow":"follow","max-snippet":"max-snippet:-1","max-image-preview":"max-image-preview:large","max-video-preview":"max-video-preview:-1"},"canonical":"https:\/\/barrsell.com\/en\/product\/harvia-c90-power-card\/","og_locale":"en_US","og_type":"article","og_title":"Harvia C90 G\u00fc\u00e7 Kart\u0131","og_description":"Harvia C90 G\u00fc\u00e7 Kart\u0131, sauna sistemlerinde optimal performans\u0131 sa\u011flamak i\u00e7in \u00f6zel olarak tasarlanm\u0131\u015f bir bile\u015fendir. Bu g\u00fc\u00e7 kart\u0131, Harvia C90 kontrol \u00dcnitesi","og_url":"https:\/\/barrsell.com\/en\/product\/harvia-c90-power-card\/","og_site_name":"Barrsell","article_modified_time":"2024-12-24T03:10:17+00:00","og_image":[{"width":1200,"height":1200,"url":"https:\/\/barrsell.com\/wp-content\/uploads\/2024\/08\/Harvia-C90-Guc-Karti.png","type":"image\/png"}],"twitter_card":"summary_large_image","twitter_misc":{"Est. reading time":"2 minutes"},"schema":{"@context":"https:\/\/schema.org","@graph":[{"@type":"WebPage","@id":"https:\/\/barrsell.com\/urun\/harvia-c90-guc-karti\/","url":"https:\/\/barrsell.com\/urun\/harvia-c90-guc-karti\/","name":"Harvia C90 G\u00fc\u00e7 Kart\u0131 | Barrsell End\u00fcstri","isPartOf":{"@id":"https:\/\/barrsell.com\/#website"},"primaryImageOfPage":{"@id":"https:\/\/barrsell.com\/urun\/harvia-c90-guc-karti\/#primaryimage"},"image":{"@id":"https:\/\/barrsell.com\/urun\/harvia-c90-guc-karti\/#primaryimage"},"thumbnailUrl":"https:\/\/barrsell.com\/wp-content\/uploads\/2024\/08\/Harvia-C90-Guc-Karti.png","datePublished":"2024-08-27T13:08:14+00:00","dateModified":"2024-12-24T03:10:17+00:00","description":"Harvia C90 G\u00fc\u00e7 Kart\u0131, sauna sistemlerinde optimal performans\u0131 sa\u011flamak i\u00e7in \u00f6zel olarak tasarlanm\u0131\u015f bir bile\u015fendir. Bu g\u00fc\u00e7 kart\u0131, Harvia C90 kontrol \u00dcnitesi","breadcrumb":{"@id":"https:\/\/barrsell.com\/urun\/harvia-c90-guc-karti\/#breadcrumb"},"inLanguage":"en-US","potentialAction":[{"@type":"ReadAction","target":["https:\/\/barrsell.com\/urun\/harvia-c90-guc-karti\/"]}]},{"@type":"ImageObject","inLanguage":"en-US","@id":"https:\/\/barrsell.com\/urun\/harvia-c90-guc-karti\/#primaryimage","url":"https:\/\/barrsell.com\/wp-content\/uploads\/2024\/08\/Harvia-C90-Guc-Karti.png","contentUrl":"https:\/\/barrsell.com\/wp-content\/uploads\/2024\/08\/Harvia-C90-Guc-Karti.png","width":1200,"height":1200,"caption":"Harvia-C90-G\u00fc\u00e7-Kart\u0131"},{"@type":"BreadcrumbList","@id":"https:\/\/barrsell.com\/urun\/harvia-c90-guc-karti\/#breadcrumb","itemListElement":[{"@type":"ListItem","position":1,"name":"Home","item":"https:\/\/barrsell.com\/"},{"@type":"ListItem","position":2,"name":"\u00dcr\u00fcnler","item":"https:\/\/barrsell.com\/en\/products\/"},{"@type":"ListItem","position":3,"name":"Harvia C90 G\u00fc\u00e7 Kart\u0131"}]},{"@type":"WebSite","@id":"https:\/\/barrsell.com\/#website","url":"https:\/\/barrsell.com\/","name":"Barrsell End\u00fcstri Makine","description":"Teknolojiyle G\u00fc\u00e7lenen End\u00fcstriyel \u00c7\u00f6z\u00fcmler!","potentialAction":[{"@type":"SearchAction","target":{"@type":"EntryPoint","urlTemplate":"https:\/\/barrsell.com\/?s={search_term_string}"},"query-input":"required name=search_term_string"}],"inLanguage":"en-US"}]}},"_links":{"self":[{"href":"https:\/\/barrsell.com\/en\/wp-json\/wp\/v2\/product\/13170","targetHints":{"allow":["GET"]}}],"collection":[{"href":"https:\/\/barrsell.com\/en\/wp-json\/wp\/v2\/product"}],"about":[{"href":"https:\/\/barrsell.com\/en\/wp-json\/wp\/v2\/types\/product"}],"version-history":[{"count":5,"href":"https:\/\/barrsell.com\/en\/wp-json\/wp\/v2\/product\/13170\/revisions"}],"predecessor-version":[{"id":19540,"href":"https:\/\/barrsell.com\/en\/wp-json\/wp\/v2\/product\/13170\/revisions\/19540"}],"wp:featuredmedia":[{"embeddable":true,"href":"https:\/\/barrsell.com\/en\/wp-json\/wp\/v2\/media\/13171"}],"wp:attachment":[{"href":"https:\/\/barrsell.com\/en\/wp-json\/wp\/v2\/media?parent=13170"}],"wp:term":[{"taxonomy":"product_cat","embeddable":true,"href":"https:\/\/barrsell.com\/en\/wp-json\/wp\/v2\/product_cat?post=13170"},{"taxonomy":"product_tag","embeddable":true,"href":"https:\/\/barrsell.com\/en\/wp-json\/wp\/v2\/product_tag?post=13170"}],"curies":[{"name":"wp","href":"https:\/\/api.w.org\/{rel}","templated":true}]}}