{"id":13163,"date":"2024-08-27T12:55:05","date_gmt":"2024-08-27T12:55:05","guid":{"rendered":"https:\/\/barrsell.com\/?post_type=product&#038;p=13163"},"modified":"2025-06-22T21:22:55","modified_gmt":"2025-06-22T21:22:55","slug":"harvia-c260-kontrol-unitesi","status":"publish","type":"product","link":"https:\/\/barrsell.com\/en\/product\/harvia-c260-power-unit-2\/","title":{"rendered":"Harvia C260 Control Unit"},"content":{"rendered":"<div class=\"flex max-w-full flex-col flex-grow\">\n<div class=\"min-h-[20px] text-message flex w-full flex-col items-end gap-2 break-words [.text-message+&amp;]:mt-5 overflow-x-auto whitespace-normal\" dir=\"auto\" data-message-author-role=\"assistant\" data-message-id=\"4e07adc4-0d2f-45c0-9df8-0c1811a6a3f8\">\n<div class=\"flex w-full flex-col gap-1 empty:hidden first:pt-[3px]\">\n<div class=\"markdown prose w-full break-words dark:prose-invert light\">\n<h2>Harvia C260 Control Unit: Superior Performance and Precision Sauna Management<\/h2>\n<p>The Harvia C260 Control Unit is a high-performance and reliable control system designed specifically for large and commercial saunas. This unit allows you to fully control the heating process of your sauna and perfects the user experience. With its advanced features and user-friendly interface, the Harvia C260 offers the highest level of precision and safety in sauna management. Here are the main technical characteristics and advantages of the Harvia C260 Control Unit:<\/p>\n<h4><strong>High Power Capacity:<\/strong><\/h4>\n<p>The Harvia C260 is capable of managing large-capacity sauna heaters up to 26 kW. This high power capacity makes it an ideal solution for large commercial saunas. The C260 allows large sauna areas to warm up quickly and efficiently. Thus, it offers a seamless and relaxing sauna experience.<\/p>\n<h4><strong>Precise Temperature Control:<\/strong><\/h4>\n<p>The Harvia C260 allows you to keep your sauna environment at exactly the temperature you want. It also has a precise temperature control system. The digital display allows you to easily adjust and monitor temperature settings, ensuring a perfect sauna environment every time.<\/p>\n<h4><strong>Advanced Security Features:<\/strong><\/h4>\n<p>This control unit is equipped with advanced protection features for maximum safety. Overheat protection ensures safe operation of the sauna. At the same time, the timer function allows the sauna to automatically close at the end of the specified time. These features both save energy and minimize safety risks.<\/p>\n<h4><strong>User Friendly Interface:<\/strong><\/h4>\n<p>The C260 Control Unit has an easy-to-understand digital interface. This user-friendly interface allows you to quickly and simply adjust settings such as temperature and timing. In addition, thanks to its compact and stylish design, it makes an aesthetic contribution to the interior of your sauna.<\/p>\n<\/div>\n<\/div>\n<\/div>\n<\/div>","protected":false},"excerpt":{"rendered":"<p>Power output:34 kW<br \/>\nSensor cable length : 5 m<br \/>\nElectrical frequency:50\/60 Hz<\/p>","protected":false},"featured_media":13164,"template":"","meta":[],"product_cat":[234,168],"product_tag":[],"class_list":{"0":"post-13163","1":"product","2":"type-product","3":"status-publish","4":"has-post-thumbnail","6":"product_cat-sauna-kontrol-uniteleri","7":"product_cat-harvia-kontrol-uniteleri","9":"first","10":"instock","11":"shipping-taxable","12":"product-type-simple"},"yoast_head":"<!-- This site is optimized with the Yoast SEO Premium plugin v23.2 (Yoast SEO v23.2) - https:\/\/yoast.com\/wordpress\/plugins\/seo\/ -->\n<title>Harvia C260 Kontrol \u00dcnitesi | Barrsell End\u00fcstri<\/title>\n<meta name=\"description\" content=\"Harvia C260 Kontrol \u00dcnitesi, \u00f6zellikle b\u00fcy\u00fck ve ticari saunalar i\u00e7in tasarlanm\u0131\u015f, y\u00fcksek performansl\u0131 ve g\u00fcvenilir bir kontrol sistemidir.\" \/>\n<meta name=\"robots\" content=\"index, follow, max-snippet:-1, max-image-preview:large, max-video-preview:-1\" \/>\n<link rel=\"canonical\" href=\"https:\/\/barrsell.com\/en\/product\/harvia-c260-power-unit-2\/\" \/>\n<meta property=\"og:locale\" content=\"en_US\" \/>\n<meta property=\"og:type\" content=\"article\" \/>\n<meta property=\"og:title\" content=\"Harvia C260 Kontrol \u00dcnitesi\" \/>\n<meta property=\"og:description\" content=\"Harvia C260 Kontrol \u00dcnitesi, \u00f6zellikle b\u00fcy\u00fck ve ticari saunalar i\u00e7in tasarlanm\u0131\u015f, y\u00fcksek performansl\u0131 ve g\u00fcvenilir bir kontrol sistemidir.\" \/>\n<meta property=\"og:url\" content=\"https:\/\/barrsell.com\/en\/product\/harvia-c260-power-unit-2\/\" \/>\n<meta property=\"og:site_name\" content=\"Barrsell\" \/>\n<meta property=\"article:modified_time\" content=\"2025-06-22T21:22:55+00:00\" \/>\n<meta property=\"og:image\" content=\"https:\/\/barrsell.com\/wp-content\/uploads\/2024\/08\/Harvia-C260-20-kW.png\" \/>\n\t<meta property=\"og:image:width\" content=\"1200\" \/>\n\t<meta property=\"og:image:height\" content=\"1200\" \/>\n\t<meta property=\"og:image:type\" content=\"image\/png\" \/>\n<meta name=\"twitter:card\" content=\"summary_large_image\" \/>\n<meta name=\"twitter:label1\" content=\"Est. reading time\" \/>\n\t<meta name=\"twitter:data1\" content=\"2 minutes\" \/>\n<script type=\"application\/ld+json\" class=\"yoast-schema-graph\">{\"@context\":\"https:\/\/schema.org\",\"@graph\":[{\"@type\":\"WebPage\",\"@id\":\"https:\/\/barrsell.com\/urun\/harvia-c260-kontrol-unitesi\/\",\"url\":\"https:\/\/barrsell.com\/urun\/harvia-c260-kontrol-unitesi\/\",\"name\":\"Harvia C260 Kontrol \u00dcnitesi | Barrsell End\u00fcstri\",\"isPartOf\":{\"@id\":\"https:\/\/barrsell.com\/#website\"},\"primaryImageOfPage\":{\"@id\":\"https:\/\/barrsell.com\/urun\/harvia-c260-kontrol-unitesi\/#primaryimage\"},\"image\":{\"@id\":\"https:\/\/barrsell.com\/urun\/harvia-c260-kontrol-unitesi\/#primaryimage\"},\"thumbnailUrl\":\"https:\/\/barrsell.com\/wp-content\/uploads\/2024\/08\/Harvia-C260-20-kW.png\",\"datePublished\":\"2024-08-27T12:55:05+00:00\",\"dateModified\":\"2025-06-22T21:22:55+00:00\",\"description\":\"Harvia C260 Kontrol \u00dcnitesi, \u00f6zellikle b\u00fcy\u00fck ve ticari saunalar i\u00e7in tasarlanm\u0131\u015f, y\u00fcksek performansl\u0131 ve g\u00fcvenilir bir kontrol sistemidir.\",\"breadcrumb\":{\"@id\":\"https:\/\/barrsell.com\/urun\/harvia-c260-kontrol-unitesi\/#breadcrumb\"},\"inLanguage\":\"en-US\",\"potentialAction\":[{\"@type\":\"ReadAction\",\"target\":[\"https:\/\/barrsell.com\/urun\/harvia-c260-kontrol-unitesi\/\"]}]},{\"@type\":\"ImageObject\",\"inLanguage\":\"en-US\",\"@id\":\"https:\/\/barrsell.com\/urun\/harvia-c260-kontrol-unitesi\/#primaryimage\",\"url\":\"https:\/\/barrsell.com\/wp-content\/uploads\/2024\/08\/Harvia-C260-20-kW.png\",\"contentUrl\":\"https:\/\/barrsell.com\/wp-content\/uploads\/2024\/08\/Harvia-C260-20-kW.png\",\"width\":1200,\"height\":1200,\"caption\":\"Harvia- C260- 20 kW\"},{\"@type\":\"BreadcrumbList\",\"@id\":\"https:\/\/barrsell.com\/urun\/harvia-c260-kontrol-unitesi\/#breadcrumb\",\"itemListElement\":[{\"@type\":\"ListItem\",\"position\":1,\"name\":\"Home\",\"item\":\"https:\/\/barrsell.com\/\"},{\"@type\":\"ListItem\",\"position\":2,\"name\":\"\u00dcr\u00fcnler\",\"item\":\"https:\/\/barrsell.com\/en\/products\/\"},{\"@type\":\"ListItem\",\"position\":3,\"name\":\"Harvia C260 Kontrol \u00dcnitesi\"}]},{\"@type\":\"WebSite\",\"@id\":\"https:\/\/barrsell.com\/#website\",\"url\":\"https:\/\/barrsell.com\/\",\"name\":\"Barrsell End\u00fcstri Makine\",\"description\":\"Teknolojiyle G\u00fc\u00e7lenen End\u00fcstriyel \u00c7\u00f6z\u00fcmler!\",\"potentialAction\":[{\"@type\":\"SearchAction\",\"target\":{\"@type\":\"EntryPoint\",\"urlTemplate\":\"https:\/\/barrsell.com\/?s={search_term_string}\"},\"query-input\":\"required name=search_term_string\"}],\"inLanguage\":\"en-US\"}]}<\/script>\n<!-- \/ Yoast SEO Premium plugin. -->","yoast_head_json":{"title":"Harvia C260 Kontrol \u00dcnitesi | Barrsell End\u00fcstri","description":"Harvia C260 Kontrol \u00dcnitesi, \u00f6zellikle b\u00fcy\u00fck ve ticari saunalar i\u00e7in tasarlanm\u0131\u015f, y\u00fcksek performansl\u0131 ve g\u00fcvenilir bir kontrol sistemidir.","robots":{"index":"index","follow":"follow","max-snippet":"max-snippet:-1","max-image-preview":"max-image-preview:large","max-video-preview":"max-video-preview:-1"},"canonical":"https:\/\/barrsell.com\/en\/product\/harvia-c260-power-unit-2\/","og_locale":"en_US","og_type":"article","og_title":"Harvia C260 Kontrol \u00dcnitesi","og_description":"Harvia C260 Kontrol \u00dcnitesi, \u00f6zellikle b\u00fcy\u00fck ve ticari saunalar i\u00e7in tasarlanm\u0131\u015f, y\u00fcksek performansl\u0131 ve g\u00fcvenilir bir kontrol sistemidir.","og_url":"https:\/\/barrsell.com\/en\/product\/harvia-c260-power-unit-2\/","og_site_name":"Barrsell","article_modified_time":"2025-06-22T21:22:55+00:00","og_image":[{"width":1200,"height":1200,"url":"https:\/\/barrsell.com\/wp-content\/uploads\/2024\/08\/Harvia-C260-20-kW.png","type":"image\/png"}],"twitter_card":"summary_large_image","twitter_misc":{"Est. reading time":"2 minutes"},"schema":{"@context":"https:\/\/schema.org","@graph":[{"@type":"WebPage","@id":"https:\/\/barrsell.com\/urun\/harvia-c260-kontrol-unitesi\/","url":"https:\/\/barrsell.com\/urun\/harvia-c260-kontrol-unitesi\/","name":"Harvia C260 Kontrol \u00dcnitesi | Barrsell End\u00fcstri","isPartOf":{"@id":"https:\/\/barrsell.com\/#website"},"primaryImageOfPage":{"@id":"https:\/\/barrsell.com\/urun\/harvia-c260-kontrol-unitesi\/#primaryimage"},"image":{"@id":"https:\/\/barrsell.com\/urun\/harvia-c260-kontrol-unitesi\/#primaryimage"},"thumbnailUrl":"https:\/\/barrsell.com\/wp-content\/uploads\/2024\/08\/Harvia-C260-20-kW.png","datePublished":"2024-08-27T12:55:05+00:00","dateModified":"2025-06-22T21:22:55+00:00","description":"Harvia C260 Kontrol \u00dcnitesi, \u00f6zellikle b\u00fcy\u00fck ve ticari saunalar i\u00e7in tasarlanm\u0131\u015f, y\u00fcksek performansl\u0131 ve g\u00fcvenilir bir kontrol sistemidir.","breadcrumb":{"@id":"https:\/\/barrsell.com\/urun\/harvia-c260-kontrol-unitesi\/#breadcrumb"},"inLanguage":"en-US","potentialAction":[{"@type":"ReadAction","target":["https:\/\/barrsell.com\/urun\/harvia-c260-kontrol-unitesi\/"]}]},{"@type":"ImageObject","inLanguage":"en-US","@id":"https:\/\/barrsell.com\/urun\/harvia-c260-kontrol-unitesi\/#primaryimage","url":"https:\/\/barrsell.com\/wp-content\/uploads\/2024\/08\/Harvia-C260-20-kW.png","contentUrl":"https:\/\/barrsell.com\/wp-content\/uploads\/2024\/08\/Harvia-C260-20-kW.png","width":1200,"height":1200,"caption":"Harvia- C260- 20 kW"},{"@type":"BreadcrumbList","@id":"https:\/\/barrsell.com\/urun\/harvia-c260-kontrol-unitesi\/#breadcrumb","itemListElement":[{"@type":"ListItem","position":1,"name":"Home","item":"https:\/\/barrsell.com\/"},{"@type":"ListItem","position":2,"name":"\u00dcr\u00fcnler","item":"https:\/\/barrsell.com\/en\/products\/"},{"@type":"ListItem","position":3,"name":"Harvia C260 Kontrol \u00dcnitesi"}]},{"@type":"WebSite","@id":"https:\/\/barrsell.com\/#website","url":"https:\/\/barrsell.com\/","name":"Barrsell End\u00fcstri Makine","description":"Teknolojiyle G\u00fc\u00e7lenen End\u00fcstriyel \u00c7\u00f6z\u00fcmler!","potentialAction":[{"@type":"SearchAction","target":{"@type":"EntryPoint","urlTemplate":"https:\/\/barrsell.com\/?s={search_term_string}"},"query-input":"required name=search_term_string"}],"inLanguage":"en-US"}]}},"_links":{"self":[{"href":"https:\/\/barrsell.com\/en\/wp-json\/wp\/v2\/product\/13163","targetHints":{"allow":["GET"]}}],"collection":[{"href":"https:\/\/barrsell.com\/en\/wp-json\/wp\/v2\/product"}],"about":[{"href":"https:\/\/barrsell.com\/en\/wp-json\/wp\/v2\/types\/product"}],"version-history":[{"count":6,"href":"https:\/\/barrsell.com\/en\/wp-json\/wp\/v2\/product\/13163\/revisions"}],"predecessor-version":[{"id":19544,"href":"https:\/\/barrsell.com\/en\/wp-json\/wp\/v2\/product\/13163\/revisions\/19544"}],"wp:featuredmedia":[{"embeddable":true,"href":"https:\/\/barrsell.com\/en\/wp-json\/wp\/v2\/media\/13164"}],"wp:attachment":[{"href":"https:\/\/barrsell.com\/en\/wp-json\/wp\/v2\/media?parent=13163"}],"wp:term":[{"taxonomy":"product_cat","embeddable":true,"href":"https:\/\/barrsell.com\/en\/wp-json\/wp\/v2\/product_cat?post=13163"},{"taxonomy":"product_tag","embeddable":true,"href":"https:\/\/barrsell.com\/en\/wp-json\/wp\/v2\/product_tag?post=13163"}],"curies":[{"name":"wp","href":"https:\/\/api.w.org\/{rel}","templated":true}]}}