{"id":13158,"date":"2024-08-27T12:49:31","date_gmt":"2024-08-27T12:49:31","guid":{"rendered":"https:\/\/barrsell.com\/?post_type=product&#038;p=13158"},"modified":"2025-06-22T21:23:18","modified_gmt":"2025-06-22T21:23:18","slug":"harvia-c150-kontrol-unitesi","status":"publish","type":"product","link":"https:\/\/barrsell.com\/en\/product\/harvia-c150-control-unit\/","title":{"rendered":"Harvia C150 Control Unit"},"content":{"rendered":"<h2>Harvia C150 Control Unit: Reliable and Advanced Sauna Control<\/h2>\n<p>The Harvia C150 Control Unit is a durable and versatile sauna control system designed for both home and commercial use. This unit is a perfect fit, especially for large capacity saunas.\u00a0 And allows users to easily manage the sauna environment. The Harvia C150 optimizes your sauna experience with its user-friendly interface, safety features and energy efficiency.<\/p>\n<h4><strong>Wide Power Capacity:<\/strong><\/h4>\n<p>The Harvia C150 can effectively control sauna heaters up to 15 kW. This offers an ideal solution, especially for large commercial saunas or large home saunas. High power capacity allows your sauna environment to warm up quickly and efficiently.\u00a0 This provides a seamless sauna experience for users.<\/p>\n<h4><strong>User Friendly Digital Interface:<\/strong><\/h4>\n<p>The C150 Control Unit offers a digital display that allows users to easily adjust temperature, timing and other settings. With simple button controls, you can adjust your sauna environment exactly the way you want.<\/p>\n<h4><strong>Safety Precautions:<\/strong><\/h4>\n<p>The Harvia C150 has advanced safety features to ensure maximum safety during sauna use. Overheat protection ensures that the device does not exceed the set temperature level. In addition, the timer function allows your sauna to automatically turn off at the end of the set time, saving energy and ensuring safety.<\/p>","protected":false},"excerpt":{"rendered":"<p>Power output:17 kW<br \/>\nSensor cable length : 5 m<br \/>\nElectrical frequency:50\/60 Hz<\/p>","protected":false},"featured_media":13159,"template":"","meta":[],"product_cat":[234,168],"product_tag":[],"class_list":{"0":"post-13158","1":"product","2":"type-product","3":"status-publish","4":"has-post-thumbnail","6":"product_cat-sauna-kontrol-uniteleri","7":"product_cat-harvia-kontrol-uniteleri","9":"first","10":"instock","11":"shipping-taxable","12":"product-type-simple"},"yoast_head":"<!-- This site is optimized with the Yoast SEO Premium plugin v23.2 (Yoast SEO v23.2) - https:\/\/yoast.com\/wordpress\/plugins\/seo\/ -->\n<title>Harvia C150 Kontrol \u00dcnitesi | Barrsell End\u00fcstri<\/title>\n<meta name=\"description\" content=\"Harvia C150 Kontrol \u00dcnitesi, hem ev hem de ticari kullan\u0131m i\u00e7in tasarlanm\u0131\u015f, dayan\u0131kl\u0131 ve \u00e7ok y\u00f6nl\u00fc bir sauna kontrol sistemidir.\" \/>\n<meta name=\"robots\" content=\"index, follow, max-snippet:-1, max-image-preview:large, max-video-preview:-1\" \/>\n<link rel=\"canonical\" href=\"https:\/\/barrsell.com\/en\/product\/harvia-c150-control-unit\/\" \/>\n<meta property=\"og:locale\" content=\"en_US\" \/>\n<meta property=\"og:type\" content=\"article\" \/>\n<meta property=\"og:title\" content=\"Harvia C150 Kontrol \u00dcnitesi\" \/>\n<meta property=\"og:description\" content=\"Harvia C150 Kontrol \u00dcnitesi, hem ev hem de ticari kullan\u0131m i\u00e7in tasarlanm\u0131\u015f, dayan\u0131kl\u0131 ve \u00e7ok y\u00f6nl\u00fc bir sauna kontrol sistemidir.\" \/>\n<meta property=\"og:url\" content=\"https:\/\/barrsell.com\/en\/product\/harvia-c150-control-unit\/\" \/>\n<meta property=\"og:site_name\" content=\"Barrsell\" \/>\n<meta property=\"article:modified_time\" content=\"2025-06-22T21:23:18+00:00\" \/>\n<meta property=\"og:image\" content=\"https:\/\/barrsell.com\/wp-content\/uploads\/2024\/08\/Harvia-C150-Kontrol-Unitesi.png\" \/>\n\t<meta property=\"og:image:width\" content=\"1200\" \/>\n\t<meta property=\"og:image:height\" content=\"1200\" \/>\n\t<meta property=\"og:image:type\" content=\"image\/png\" \/>\n<meta name=\"twitter:card\" content=\"summary_large_image\" \/>\n<meta name=\"twitter:label1\" content=\"Est. reading time\" \/>\n\t<meta name=\"twitter:data1\" content=\"2 minutes\" \/>\n<script type=\"application\/ld+json\" class=\"yoast-schema-graph\">{\"@context\":\"https:\/\/schema.org\",\"@graph\":[{\"@type\":\"WebPage\",\"@id\":\"https:\/\/barrsell.com\/urun\/harvia-c150-kontrol-unitesi\/\",\"url\":\"https:\/\/barrsell.com\/urun\/harvia-c150-kontrol-unitesi\/\",\"name\":\"Harvia C150 Kontrol \u00dcnitesi | Barrsell End\u00fcstri\",\"isPartOf\":{\"@id\":\"https:\/\/barrsell.com\/#website\"},\"primaryImageOfPage\":{\"@id\":\"https:\/\/barrsell.com\/urun\/harvia-c150-kontrol-unitesi\/#primaryimage\"},\"image\":{\"@id\":\"https:\/\/barrsell.com\/urun\/harvia-c150-kontrol-unitesi\/#primaryimage\"},\"thumbnailUrl\":\"https:\/\/barrsell.com\/wp-content\/uploads\/2024\/08\/Harvia-C150-Kontrol-Unitesi.png\",\"datePublished\":\"2024-08-27T12:49:31+00:00\",\"dateModified\":\"2025-06-22T21:23:18+00:00\",\"description\":\"Harvia C150 Kontrol \u00dcnitesi, hem ev hem de ticari kullan\u0131m i\u00e7in tasarlanm\u0131\u015f, dayan\u0131kl\u0131 ve \u00e7ok y\u00f6nl\u00fc bir sauna kontrol sistemidir.\",\"breadcrumb\":{\"@id\":\"https:\/\/barrsell.com\/urun\/harvia-c150-kontrol-unitesi\/#breadcrumb\"},\"inLanguage\":\"en-US\",\"potentialAction\":[{\"@type\":\"ReadAction\",\"target\":[\"https:\/\/barrsell.com\/urun\/harvia-c150-kontrol-unitesi\/\"]}]},{\"@type\":\"ImageObject\",\"inLanguage\":\"en-US\",\"@id\":\"https:\/\/barrsell.com\/urun\/harvia-c150-kontrol-unitesi\/#primaryimage\",\"url\":\"https:\/\/barrsell.com\/wp-content\/uploads\/2024\/08\/Harvia-C150-Kontrol-Unitesi.png\",\"contentUrl\":\"https:\/\/barrsell.com\/wp-content\/uploads\/2024\/08\/Harvia-C150-Kontrol-Unitesi.png\",\"width\":1200,\"height\":1200,\"caption\":\"Harvia-C150 -Kontrol-\u00dcnitesi\"},{\"@type\":\"BreadcrumbList\",\"@id\":\"https:\/\/barrsell.com\/urun\/harvia-c150-kontrol-unitesi\/#breadcrumb\",\"itemListElement\":[{\"@type\":\"ListItem\",\"position\":1,\"name\":\"Home\",\"item\":\"https:\/\/barrsell.com\/\"},{\"@type\":\"ListItem\",\"position\":2,\"name\":\"\u00dcr\u00fcnler\",\"item\":\"https:\/\/barrsell.com\/en\/products\/\"},{\"@type\":\"ListItem\",\"position\":3,\"name\":\"Harvia C150 Kontrol \u00dcnitesi\"}]},{\"@type\":\"WebSite\",\"@id\":\"https:\/\/barrsell.com\/#website\",\"url\":\"https:\/\/barrsell.com\/\",\"name\":\"Barrsell End\u00fcstri Makine\",\"description\":\"Teknolojiyle G\u00fc\u00e7lenen End\u00fcstriyel \u00c7\u00f6z\u00fcmler!\",\"potentialAction\":[{\"@type\":\"SearchAction\",\"target\":{\"@type\":\"EntryPoint\",\"urlTemplate\":\"https:\/\/barrsell.com\/?s={search_term_string}\"},\"query-input\":\"required name=search_term_string\"}],\"inLanguage\":\"en-US\"}]}<\/script>\n<!-- \/ Yoast SEO Premium plugin. -->","yoast_head_json":{"title":"Harvia C150 Kontrol \u00dcnitesi | Barrsell End\u00fcstri","description":"Harvia C150 Kontrol \u00dcnitesi, hem ev hem de ticari kullan\u0131m i\u00e7in tasarlanm\u0131\u015f, dayan\u0131kl\u0131 ve \u00e7ok y\u00f6nl\u00fc bir sauna kontrol sistemidir.","robots":{"index":"index","follow":"follow","max-snippet":"max-snippet:-1","max-image-preview":"max-image-preview:large","max-video-preview":"max-video-preview:-1"},"canonical":"https:\/\/barrsell.com\/en\/product\/harvia-c150-control-unit\/","og_locale":"en_US","og_type":"article","og_title":"Harvia C150 Kontrol \u00dcnitesi","og_description":"Harvia C150 Kontrol \u00dcnitesi, hem ev hem de ticari kullan\u0131m i\u00e7in tasarlanm\u0131\u015f, dayan\u0131kl\u0131 ve \u00e7ok y\u00f6nl\u00fc bir sauna kontrol sistemidir.","og_url":"https:\/\/barrsell.com\/en\/product\/harvia-c150-control-unit\/","og_site_name":"Barrsell","article_modified_time":"2025-06-22T21:23:18+00:00","og_image":[{"width":1200,"height":1200,"url":"https:\/\/barrsell.com\/wp-content\/uploads\/2024\/08\/Harvia-C150-Kontrol-Unitesi.png","type":"image\/png"}],"twitter_card":"summary_large_image","twitter_misc":{"Est. reading time":"2 minutes"},"schema":{"@context":"https:\/\/schema.org","@graph":[{"@type":"WebPage","@id":"https:\/\/barrsell.com\/urun\/harvia-c150-kontrol-unitesi\/","url":"https:\/\/barrsell.com\/urun\/harvia-c150-kontrol-unitesi\/","name":"Harvia C150 Kontrol \u00dcnitesi | Barrsell End\u00fcstri","isPartOf":{"@id":"https:\/\/barrsell.com\/#website"},"primaryImageOfPage":{"@id":"https:\/\/barrsell.com\/urun\/harvia-c150-kontrol-unitesi\/#primaryimage"},"image":{"@id":"https:\/\/barrsell.com\/urun\/harvia-c150-kontrol-unitesi\/#primaryimage"},"thumbnailUrl":"https:\/\/barrsell.com\/wp-content\/uploads\/2024\/08\/Harvia-C150-Kontrol-Unitesi.png","datePublished":"2024-08-27T12:49:31+00:00","dateModified":"2025-06-22T21:23:18+00:00","description":"Harvia C150 Kontrol \u00dcnitesi, hem ev hem de ticari kullan\u0131m i\u00e7in tasarlanm\u0131\u015f, dayan\u0131kl\u0131 ve \u00e7ok y\u00f6nl\u00fc bir sauna kontrol sistemidir.","breadcrumb":{"@id":"https:\/\/barrsell.com\/urun\/harvia-c150-kontrol-unitesi\/#breadcrumb"},"inLanguage":"en-US","potentialAction":[{"@type":"ReadAction","target":["https:\/\/barrsell.com\/urun\/harvia-c150-kontrol-unitesi\/"]}]},{"@type":"ImageObject","inLanguage":"en-US","@id":"https:\/\/barrsell.com\/urun\/harvia-c150-kontrol-unitesi\/#primaryimage","url":"https:\/\/barrsell.com\/wp-content\/uploads\/2024\/08\/Harvia-C150-Kontrol-Unitesi.png","contentUrl":"https:\/\/barrsell.com\/wp-content\/uploads\/2024\/08\/Harvia-C150-Kontrol-Unitesi.png","width":1200,"height":1200,"caption":"Harvia-C150 -Kontrol-\u00dcnitesi"},{"@type":"BreadcrumbList","@id":"https:\/\/barrsell.com\/urun\/harvia-c150-kontrol-unitesi\/#breadcrumb","itemListElement":[{"@type":"ListItem","position":1,"name":"Home","item":"https:\/\/barrsell.com\/"},{"@type":"ListItem","position":2,"name":"\u00dcr\u00fcnler","item":"https:\/\/barrsell.com\/en\/products\/"},{"@type":"ListItem","position":3,"name":"Harvia C150 Kontrol \u00dcnitesi"}]},{"@type":"WebSite","@id":"https:\/\/barrsell.com\/#website","url":"https:\/\/barrsell.com\/","name":"Barrsell End\u00fcstri Makine","description":"Teknolojiyle G\u00fc\u00e7lenen End\u00fcstriyel \u00c7\u00f6z\u00fcmler!","potentialAction":[{"@type":"SearchAction","target":{"@type":"EntryPoint","urlTemplate":"https:\/\/barrsell.com\/?s={search_term_string}"},"query-input":"required name=search_term_string"}],"inLanguage":"en-US"}]}},"_links":{"self":[{"href":"https:\/\/barrsell.com\/en\/wp-json\/wp\/v2\/product\/13158","targetHints":{"allow":["GET"]}}],"collection":[{"href":"https:\/\/barrsell.com\/en\/wp-json\/wp\/v2\/product"}],"about":[{"href":"https:\/\/barrsell.com\/en\/wp-json\/wp\/v2\/types\/product"}],"version-history":[{"count":7,"href":"https:\/\/barrsell.com\/en\/wp-json\/wp\/v2\/product\/13158\/revisions"}],"predecessor-version":[{"id":19547,"href":"https:\/\/barrsell.com\/en\/wp-json\/wp\/v2\/product\/13158\/revisions\/19547"}],"wp:featuredmedia":[{"embeddable":true,"href":"https:\/\/barrsell.com\/en\/wp-json\/wp\/v2\/media\/13159"}],"wp:attachment":[{"href":"https:\/\/barrsell.com\/en\/wp-json\/wp\/v2\/media?parent=13158"}],"wp:term":[{"taxonomy":"product_cat","embeddable":true,"href":"https:\/\/barrsell.com\/en\/wp-json\/wp\/v2\/product_cat?post=13158"},{"taxonomy":"product_tag","embeddable":true,"href":"https:\/\/barrsell.com\/en\/wp-json\/wp\/v2\/product_tag?post=13158"}],"curies":[{"name":"wp","href":"https:\/\/api.w.org\/{rel}","templated":true}]}}