{"id":13153,"date":"2024-08-27T12:42:41","date_gmt":"2024-08-27T12:42:41","guid":{"rendered":"https:\/\/barrsell.com\/?post_type=product&#038;p=13153"},"modified":"2024-12-24T03:28:33","modified_gmt":"2024-12-24T03:28:33","slug":"harvia-c90-kontrol-unitesi","status":"publish","type":"product","link":"https:\/\/barrsell.com\/en\/product\/harvia-c90-control-unit\/","title":{"rendered":"Harvia C90 Control Unit"},"content":{"rendered":"<div class=\"flex max-w-full flex-col flex-grow\">\n<div class=\"min-h-[20px] text-message flex w-full flex-col items-end gap-2 break-words [.text-message+&amp;]:mt-5 overflow-x-auto whitespace-normal\" dir=\"auto\" data-message-author-role=\"assistant\" data-message-id=\"a617a0c0-b9a4-43a5-8a52-69ad2d2e2d50\">\n<div class=\"flex w-full flex-col gap-1 empty:hidden first:pt-[3px]\">\n<div class=\"markdown prose w-full break-words dark:prose-invert light\">\n<h2>Harvia C90 9.0 kW Control Unit<\/h2>\n<p>The Harvia C90 9.0 kW controller is the perfect solution for users who want to fully control the sauna experience. This unit is capable of managing sauna heaters up to 9.0 kW and offers an ideal control mechanism for both home saunas and commercial saunas.<\/p>\n<h4><strong>High Power Capacity:<\/strong><\/h4>\n<p>The Harvia C90 can effectively control sauna heaters up to 9.0 kW. This high power capacity makes it a perfect fit for large and heavily used saunas. The powerful performance of the unit ensures that your sauna heats up quickly and efficiently. Thus, it offers a seamless sauna experience for users.<\/p>\n<h4><strong>Precise Heat Control:<\/strong><\/h4>\n<p>The Harvia C90 is equipped with the ability to precisely adjust the temperature. This allows you to keep your sauna environment at exactly the temperature you want. The digital display allows you to easily adjust and monitor temperature settings so you have a great sauna experience every time.<\/p>\n<h4><strong>User Friendly Interface:<\/strong><\/h4>\n<p>The C90 controller has a simple and intuitive user interface. Easy to use, this interface allows for quick setting of temperature, timer and other settings. In addition, the compact and stylish design of the C90\u2019 allows your sauna to be easily integrated into the interior.<\/p>\n<\/div>\n<\/div>\n<\/div>\n<\/div>","protected":false},"excerpt":{"rendered":"<p>Power output:9 kW<br \/>\nSensor cable length : 5 m<br \/>\nElectrical frequency:50\/60 Hz<\/p>","protected":false},"featured_media":13154,"template":"","meta":[],"product_cat":[234,168],"product_tag":[],"class_list":{"0":"post-13153","1":"product","2":"type-product","3":"status-publish","4":"has-post-thumbnail","6":"product_cat-sauna-kontrol-uniteleri","7":"product_cat-harvia-kontrol-uniteleri","9":"first","10":"outofstock","11":"shipping-taxable","12":"product-type-simple"},"yoast_head":"<!-- This site is optimized with the Yoast SEO Premium plugin v23.2 (Yoast SEO v23.2) - https:\/\/yoast.com\/wordpress\/plugins\/seo\/ -->\n<title>Harvia C90 Kontrol \u00dcnitesi | Barrsell End\u00fcstri<\/title>\n<meta name=\"description\" content=\"Harvia C90 9,0 kW kontrol \u00fcnitesi, sauna deneyimini tamamen kontrol alt\u0131na almak isteyen kullan\u0131c\u0131lar i\u00e7in m\u00fckemmel bir \u00e7\u00f6z\u00fcmd\u00fcr.\" \/>\n<meta name=\"robots\" content=\"index, follow, max-snippet:-1, max-image-preview:large, max-video-preview:-1\" \/>\n<link rel=\"canonical\" href=\"https:\/\/barrsell.com\/en\/product\/harvia-c90-control-unit\/\" \/>\n<meta property=\"og:locale\" content=\"en_US\" \/>\n<meta property=\"og:type\" content=\"article\" \/>\n<meta property=\"og:title\" content=\"Harvia C90 Kontrol \u00dcnitesi\" \/>\n<meta property=\"og:description\" content=\"Harvia C90 9,0 kW kontrol \u00fcnitesi, sauna deneyimini tamamen kontrol alt\u0131na almak isteyen kullan\u0131c\u0131lar i\u00e7in m\u00fckemmel bir \u00e7\u00f6z\u00fcmd\u00fcr.\" \/>\n<meta property=\"og:url\" content=\"https:\/\/barrsell.com\/en\/product\/harvia-c90-control-unit\/\" \/>\n<meta property=\"og:site_name\" content=\"Barrsell\" \/>\n<meta property=\"article:modified_time\" content=\"2024-12-24T03:28:33+00:00\" \/>\n<meta property=\"og:image\" content=\"https:\/\/barrsell.com\/wp-content\/uploads\/2024\/08\/Harvia-C90-Kontrol.png\" \/>\n\t<meta property=\"og:image:width\" content=\"1200\" \/>\n\t<meta property=\"og:image:height\" content=\"1200\" \/>\n\t<meta property=\"og:image:type\" content=\"image\/png\" \/>\n<meta name=\"twitter:card\" content=\"summary_large_image\" \/>\n<meta name=\"twitter:label1\" content=\"Est. reading time\" \/>\n\t<meta name=\"twitter:data1\" content=\"2 minutes\" \/>\n<script type=\"application\/ld+json\" class=\"yoast-schema-graph\">{\"@context\":\"https:\/\/schema.org\",\"@graph\":[{\"@type\":\"WebPage\",\"@id\":\"https:\/\/barrsell.com\/urun\/harvia-c90-kontrol-unitesi\/\",\"url\":\"https:\/\/barrsell.com\/urun\/harvia-c90-kontrol-unitesi\/\",\"name\":\"Harvia C90 Kontrol \u00dcnitesi | Barrsell End\u00fcstri\",\"isPartOf\":{\"@id\":\"https:\/\/barrsell.com\/#website\"},\"primaryImageOfPage\":{\"@id\":\"https:\/\/barrsell.com\/urun\/harvia-c90-kontrol-unitesi\/#primaryimage\"},\"image\":{\"@id\":\"https:\/\/barrsell.com\/urun\/harvia-c90-kontrol-unitesi\/#primaryimage\"},\"thumbnailUrl\":\"https:\/\/barrsell.com\/wp-content\/uploads\/2024\/08\/Harvia-C90-Kontrol.png\",\"datePublished\":\"2024-08-27T12:42:41+00:00\",\"dateModified\":\"2024-12-24T03:28:33+00:00\",\"description\":\"Harvia C90 9,0 kW kontrol \u00fcnitesi, sauna deneyimini tamamen kontrol alt\u0131na almak isteyen kullan\u0131c\u0131lar i\u00e7in m\u00fckemmel bir \u00e7\u00f6z\u00fcmd\u00fcr.\",\"breadcrumb\":{\"@id\":\"https:\/\/barrsell.com\/urun\/harvia-c90-kontrol-unitesi\/#breadcrumb\"},\"inLanguage\":\"en-US\",\"potentialAction\":[{\"@type\":\"ReadAction\",\"target\":[\"https:\/\/barrsell.com\/urun\/harvia-c90-kontrol-unitesi\/\"]}]},{\"@type\":\"ImageObject\",\"inLanguage\":\"en-US\",\"@id\":\"https:\/\/barrsell.com\/urun\/harvia-c90-kontrol-unitesi\/#primaryimage\",\"url\":\"https:\/\/barrsell.com\/wp-content\/uploads\/2024\/08\/Harvia-C90-Kontrol.png\",\"contentUrl\":\"https:\/\/barrsell.com\/wp-content\/uploads\/2024\/08\/Harvia-C90-Kontrol.png\",\"width\":1200,\"height\":1200,\"caption\":\"Harvia-C90-Kontrol\"},{\"@type\":\"BreadcrumbList\",\"@id\":\"https:\/\/barrsell.com\/urun\/harvia-c90-kontrol-unitesi\/#breadcrumb\",\"itemListElement\":[{\"@type\":\"ListItem\",\"position\":1,\"name\":\"Home\",\"item\":\"https:\/\/barrsell.com\/\"},{\"@type\":\"ListItem\",\"position\":2,\"name\":\"\u00dcr\u00fcnler\",\"item\":\"https:\/\/barrsell.com\/en\/products\/\"},{\"@type\":\"ListItem\",\"position\":3,\"name\":\"Harvia C90 Kontrol \u00dcnitesi\"}]},{\"@type\":\"WebSite\",\"@id\":\"https:\/\/barrsell.com\/#website\",\"url\":\"https:\/\/barrsell.com\/\",\"name\":\"Barrsell End\u00fcstri Makine\",\"description\":\"Teknolojiyle G\u00fc\u00e7lenen End\u00fcstriyel \u00c7\u00f6z\u00fcmler!\",\"potentialAction\":[{\"@type\":\"SearchAction\",\"target\":{\"@type\":\"EntryPoint\",\"urlTemplate\":\"https:\/\/barrsell.com\/?s={search_term_string}\"},\"query-input\":\"required name=search_term_string\"}],\"inLanguage\":\"en-US\"}]}<\/script>\n<!-- \/ Yoast SEO Premium plugin. -->","yoast_head_json":{"title":"Harvia C90 Kontrol \u00dcnitesi | Barrsell End\u00fcstri","description":"Harvia C90 9,0 kW kontrol \u00fcnitesi, sauna deneyimini tamamen kontrol alt\u0131na almak isteyen kullan\u0131c\u0131lar i\u00e7in m\u00fckemmel bir \u00e7\u00f6z\u00fcmd\u00fcr.","robots":{"index":"index","follow":"follow","max-snippet":"max-snippet:-1","max-image-preview":"max-image-preview:large","max-video-preview":"max-video-preview:-1"},"canonical":"https:\/\/barrsell.com\/en\/product\/harvia-c90-control-unit\/","og_locale":"en_US","og_type":"article","og_title":"Harvia C90 Kontrol \u00dcnitesi","og_description":"Harvia C90 9,0 kW kontrol \u00fcnitesi, sauna deneyimini tamamen kontrol alt\u0131na almak isteyen kullan\u0131c\u0131lar i\u00e7in m\u00fckemmel bir \u00e7\u00f6z\u00fcmd\u00fcr.","og_url":"https:\/\/barrsell.com\/en\/product\/harvia-c90-control-unit\/","og_site_name":"Barrsell","article_modified_time":"2024-12-24T03:28:33+00:00","og_image":[{"width":1200,"height":1200,"url":"https:\/\/barrsell.com\/wp-content\/uploads\/2024\/08\/Harvia-C90-Kontrol.png","type":"image\/png"}],"twitter_card":"summary_large_image","twitter_misc":{"Est. reading time":"2 minutes"},"schema":{"@context":"https:\/\/schema.org","@graph":[{"@type":"WebPage","@id":"https:\/\/barrsell.com\/urun\/harvia-c90-kontrol-unitesi\/","url":"https:\/\/barrsell.com\/urun\/harvia-c90-kontrol-unitesi\/","name":"Harvia C90 Kontrol \u00dcnitesi | Barrsell End\u00fcstri","isPartOf":{"@id":"https:\/\/barrsell.com\/#website"},"primaryImageOfPage":{"@id":"https:\/\/barrsell.com\/urun\/harvia-c90-kontrol-unitesi\/#primaryimage"},"image":{"@id":"https:\/\/barrsell.com\/urun\/harvia-c90-kontrol-unitesi\/#primaryimage"},"thumbnailUrl":"https:\/\/barrsell.com\/wp-content\/uploads\/2024\/08\/Harvia-C90-Kontrol.png","datePublished":"2024-08-27T12:42:41+00:00","dateModified":"2024-12-24T03:28:33+00:00","description":"Harvia C90 9,0 kW kontrol \u00fcnitesi, sauna deneyimini tamamen kontrol alt\u0131na almak isteyen kullan\u0131c\u0131lar i\u00e7in m\u00fckemmel bir \u00e7\u00f6z\u00fcmd\u00fcr.","breadcrumb":{"@id":"https:\/\/barrsell.com\/urun\/harvia-c90-kontrol-unitesi\/#breadcrumb"},"inLanguage":"en-US","potentialAction":[{"@type":"ReadAction","target":["https:\/\/barrsell.com\/urun\/harvia-c90-kontrol-unitesi\/"]}]},{"@type":"ImageObject","inLanguage":"en-US","@id":"https:\/\/barrsell.com\/urun\/harvia-c90-kontrol-unitesi\/#primaryimage","url":"https:\/\/barrsell.com\/wp-content\/uploads\/2024\/08\/Harvia-C90-Kontrol.png","contentUrl":"https:\/\/barrsell.com\/wp-content\/uploads\/2024\/08\/Harvia-C90-Kontrol.png","width":1200,"height":1200,"caption":"Harvia-C90-Kontrol"},{"@type":"BreadcrumbList","@id":"https:\/\/barrsell.com\/urun\/harvia-c90-kontrol-unitesi\/#breadcrumb","itemListElement":[{"@type":"ListItem","position":1,"name":"Home","item":"https:\/\/barrsell.com\/"},{"@type":"ListItem","position":2,"name":"\u00dcr\u00fcnler","item":"https:\/\/barrsell.com\/en\/products\/"},{"@type":"ListItem","position":3,"name":"Harvia C90 Kontrol \u00dcnitesi"}]},{"@type":"WebSite","@id":"https:\/\/barrsell.com\/#website","url":"https:\/\/barrsell.com\/","name":"Barrsell End\u00fcstri Makine","description":"Teknolojiyle G\u00fc\u00e7lenen End\u00fcstriyel \u00c7\u00f6z\u00fcmler!","potentialAction":[{"@type":"SearchAction","target":{"@type":"EntryPoint","urlTemplate":"https:\/\/barrsell.com\/?s={search_term_string}"},"query-input":"required name=search_term_string"}],"inLanguage":"en-US"}]}},"_links":{"self":[{"href":"https:\/\/barrsell.com\/en\/wp-json\/wp\/v2\/product\/13153","targetHints":{"allow":["GET"]}}],"collection":[{"href":"https:\/\/barrsell.com\/en\/wp-json\/wp\/v2\/product"}],"about":[{"href":"https:\/\/barrsell.com\/en\/wp-json\/wp\/v2\/types\/product"}],"version-history":[{"count":5,"href":"https:\/\/barrsell.com\/en\/wp-json\/wp\/v2\/product\/13153\/revisions"}],"predecessor-version":[{"id":19548,"href":"https:\/\/barrsell.com\/en\/wp-json\/wp\/v2\/product\/13153\/revisions\/19548"}],"wp:featuredmedia":[{"embeddable":true,"href":"https:\/\/barrsell.com\/en\/wp-json\/wp\/v2\/media\/13154"}],"wp:attachment":[{"href":"https:\/\/barrsell.com\/en\/wp-json\/wp\/v2\/media?parent=13153"}],"wp:term":[{"taxonomy":"product_cat","embeddable":true,"href":"https:\/\/barrsell.com\/en\/wp-json\/wp\/v2\/product_cat?post=13153"},{"taxonomy":"product_tag","embeddable":true,"href":"https:\/\/barrsell.com\/en\/wp-json\/wp\/v2\/product_tag?post=13153"}],"curies":[{"name":"wp","href":"https:\/\/api.w.org\/{rel}","templated":true}]}}