{"id":13150,"date":"2024-08-27T12:29:45","date_gmt":"2024-08-27T12:29:45","guid":{"rendered":"https:\/\/barrsell.com\/?post_type=product&#038;p=13150"},"modified":"2024-12-24T03:34:40","modified_gmt":"2024-12-24T03:34:40","slug":"harvia-xenio-cx170-kontrol","status":"publish","type":"product","link":"https:\/\/barrsell.com\/en\/product\/harvia-xenio-cx170-control\/","title":{"rendered":"Harvia Xenio CX170 Control"},"content":{"rendered":"<div class=\"flex max-w-full flex-col flex-grow\">\n<div class=\"min-h-[20px] text-message flex w-full flex-col items-end gap-2 break-words [.text-message+&amp;]:mt-5 overflow-x-auto whitespace-normal\" dir=\"auto\" data-message-author-role=\"assistant\" data-message-id=\"1f7238d7-d349-4150-92fc-365be9b50635\">\n<div class=\"flex w-full flex-col gap-1 empty:hidden first:pt-[3px]\">\n<div class=\"markdown prose w-full break-words dark:prose-invert light\">\n<h2>Harvia Xenio CX170 Control:Superior Control Solution For Advanced Sauna Experience<\/h2>\n<p>The Harvia Xenio CX170 Controller is an advanced device that offers a high level of control and ease of use in modern sauna systems. This unit is designed for use from large commercial saunas to home saunas. In addition, the Harvia CX170 Xenio allows users to manage the sauna environment with maximum comfort and precision.<\/p>\n<p class=\" translation-block\"><strong>Multi-directional Digital Control:<\/strong>Harvia CX170 Xenio, thanks to its digital panel allows you to precisely adjust the sauna temperature, humidity level and operating times. This unit has a power capacity of up to 17 kW. It can control sauna heaters, making it ideal for use in large saunas. The digital display offers simple and intuitive operation with its user-friendly interface.<\/p>\n<h4><strong>Wide Compatibility and Flexibility:<\/strong><\/h4>\n<p>CX170 Xenio Control unit can work compatible with different types of heaters and steam generators.Users can use the same control unit for both traditional dry saunas and steam saunas. It also has the ability to control lighting and ventilation systems. It also allows you to manage all the functions of your sauna in one place.<\/p>\n<h4><strong>User Friendly Design:<\/strong><\/h4>\n<p>Featuring a minimalist and stylish design, the Harvia CX170 Xenio is designed to accommodate any type of sauna decoration. Its compact structure provides mounting flexibility and helps you save space. The touch screen panel offers a modern look while at the same time providing ease of use.<\/p>\n<h4><strong>Safety Features:<\/strong><\/h4>\n<p>The Harvia CX170 Xenio is equipped with advanced safety features. There are safety measures such as overheating protection, child lock and automatic shutdown. This ensures that your sauna is functioning safely. These safety measures are critical, especially for commercial use and offer a safe sauna experience.<\/p>\n<\/div>\n<\/div>\n<\/div>\n<\/div>","protected":false},"excerpt":{"rendered":"<p>Power output:17 kW<br \/>\nSensor cable length : 5 m<\/p>","protected":false},"featured_media":13333,"template":"","meta":[],"product_cat":[234,168],"product_tag":[],"class_list":{"0":"post-13150","1":"product","2":"type-product","3":"status-publish","4":"has-post-thumbnail","6":"product_cat-sauna-kontrol-uniteleri","7":"product_cat-harvia-kontrol-uniteleri","9":"first","10":"outofstock","11":"shipping-taxable","12":"product-type-simple"},"yoast_head":"<!-- This site is optimized with the Yoast SEO Premium plugin v23.2 (Yoast SEO v23.2) - https:\/\/yoast.com\/wordpress\/plugins\/seo\/ -->\n<title>Harvia Xenio CX170 Kontrol | Barrsell End\u00fcstri<\/title>\n<meta name=\"description\" content=\"Harvia Xenio CX170 Kontrol \u00fcnitesi, modern sauna sistemlerinde y\u00fcksek d\u00fczeyde kontrol ve kullan\u0131m kolayl\u0131\u011f\u0131 sunan geli\u015fmi\u015f bir cihazd\u0131r.\" \/>\n<meta name=\"robots\" content=\"index, follow, max-snippet:-1, max-image-preview:large, max-video-preview:-1\" \/>\n<link rel=\"canonical\" href=\"https:\/\/barrsell.com\/en\/product\/harvia-xenio-cx170-control\/\" \/>\n<meta property=\"og:locale\" content=\"en_US\" \/>\n<meta property=\"og:type\" content=\"article\" \/>\n<meta property=\"og:title\" content=\"Harvia Xenio CX170 Kontrol\" \/>\n<meta property=\"og:description\" content=\"Harvia Xenio CX170 Kontrol \u00fcnitesi, modern sauna sistemlerinde y\u00fcksek d\u00fczeyde kontrol ve kullan\u0131m kolayl\u0131\u011f\u0131 sunan geli\u015fmi\u015f bir cihazd\u0131r.\" \/>\n<meta property=\"og:url\" content=\"https:\/\/barrsell.com\/en\/product\/harvia-xenio-cx170-control\/\" \/>\n<meta property=\"og:site_name\" content=\"Barrsell\" \/>\n<meta property=\"article:modified_time\" content=\"2024-12-24T03:34:40+00:00\" \/>\n<meta property=\"og:image\" content=\"https:\/\/barrsell.com\/wp-content\/uploads\/2024\/08\/Harvia-Xenio-CX170-Kontrol-1.png\" \/>\n\t<meta property=\"og:image:width\" content=\"1200\" \/>\n\t<meta property=\"og:image:height\" content=\"1200\" \/>\n\t<meta property=\"og:image:type\" content=\"image\/png\" \/>\n<meta name=\"twitter:card\" content=\"summary_large_image\" \/>\n<meta name=\"twitter:label1\" content=\"Est. reading time\" \/>\n\t<meta name=\"twitter:data1\" content=\"2 minutes\" \/>\n<script type=\"application\/ld+json\" class=\"yoast-schema-graph\">{\"@context\":\"https:\/\/schema.org\",\"@graph\":[{\"@type\":\"WebPage\",\"@id\":\"https:\/\/barrsell.com\/urun\/harvia-xenio-cx170-kontrol\/\",\"url\":\"https:\/\/barrsell.com\/urun\/harvia-xenio-cx170-kontrol\/\",\"name\":\"Harvia Xenio CX170 Kontrol | Barrsell End\u00fcstri\",\"isPartOf\":{\"@id\":\"https:\/\/barrsell.com\/#website\"},\"primaryImageOfPage\":{\"@id\":\"https:\/\/barrsell.com\/urun\/harvia-xenio-cx170-kontrol\/#primaryimage\"},\"image\":{\"@id\":\"https:\/\/barrsell.com\/urun\/harvia-xenio-cx170-kontrol\/#primaryimage\"},\"thumbnailUrl\":\"https:\/\/barrsell.com\/wp-content\/uploads\/2024\/08\/Harvia-Xenio-CX170-Kontrol-1.png\",\"datePublished\":\"2024-08-27T12:29:45+00:00\",\"dateModified\":\"2024-12-24T03:34:40+00:00\",\"description\":\"Harvia Xenio CX170 Kontrol \u00fcnitesi, modern sauna sistemlerinde y\u00fcksek d\u00fczeyde kontrol ve kullan\u0131m kolayl\u0131\u011f\u0131 sunan geli\u015fmi\u015f bir cihazd\u0131r.\",\"breadcrumb\":{\"@id\":\"https:\/\/barrsell.com\/urun\/harvia-xenio-cx170-kontrol\/#breadcrumb\"},\"inLanguage\":\"en-US\",\"potentialAction\":[{\"@type\":\"ReadAction\",\"target\":[\"https:\/\/barrsell.com\/urun\/harvia-xenio-cx170-kontrol\/\"]}]},{\"@type\":\"ImageObject\",\"inLanguage\":\"en-US\",\"@id\":\"https:\/\/barrsell.com\/urun\/harvia-xenio-cx170-kontrol\/#primaryimage\",\"url\":\"https:\/\/barrsell.com\/wp-content\/uploads\/2024\/08\/Harvia-Xenio-CX170-Kontrol-1.png\",\"contentUrl\":\"https:\/\/barrsell.com\/wp-content\/uploads\/2024\/08\/Harvia-Xenio-CX170-Kontrol-1.png\",\"width\":1200,\"height\":1200,\"caption\":\"Harvia Xenio CX170 Kontrol\"},{\"@type\":\"BreadcrumbList\",\"@id\":\"https:\/\/barrsell.com\/urun\/harvia-xenio-cx170-kontrol\/#breadcrumb\",\"itemListElement\":[{\"@type\":\"ListItem\",\"position\":1,\"name\":\"Home\",\"item\":\"https:\/\/barrsell.com\/\"},{\"@type\":\"ListItem\",\"position\":2,\"name\":\"\u00dcr\u00fcnler\",\"item\":\"https:\/\/barrsell.com\/en\/products\/\"},{\"@type\":\"ListItem\",\"position\":3,\"name\":\"Harvia Xenio CX170 Kontrol\"}]},{\"@type\":\"WebSite\",\"@id\":\"https:\/\/barrsell.com\/#website\",\"url\":\"https:\/\/barrsell.com\/\",\"name\":\"Barrsell End\u00fcstri Makine\",\"description\":\"Teknolojiyle G\u00fc\u00e7lenen End\u00fcstriyel \u00c7\u00f6z\u00fcmler!\",\"potentialAction\":[{\"@type\":\"SearchAction\",\"target\":{\"@type\":\"EntryPoint\",\"urlTemplate\":\"https:\/\/barrsell.com\/?s={search_term_string}\"},\"query-input\":\"required name=search_term_string\"}],\"inLanguage\":\"en-US\"}]}<\/script>\n<!-- \/ Yoast SEO Premium plugin. -->","yoast_head_json":{"title":"Harvia Xenio CX170 Kontrol | Barrsell End\u00fcstri","description":"Harvia Xenio CX170 Kontrol \u00fcnitesi, modern sauna sistemlerinde y\u00fcksek d\u00fczeyde kontrol ve kullan\u0131m kolayl\u0131\u011f\u0131 sunan geli\u015fmi\u015f bir cihazd\u0131r.","robots":{"index":"index","follow":"follow","max-snippet":"max-snippet:-1","max-image-preview":"max-image-preview:large","max-video-preview":"max-video-preview:-1"},"canonical":"https:\/\/barrsell.com\/en\/product\/harvia-xenio-cx170-control\/","og_locale":"en_US","og_type":"article","og_title":"Harvia Xenio CX170 Kontrol","og_description":"Harvia Xenio CX170 Kontrol \u00fcnitesi, modern sauna sistemlerinde y\u00fcksek d\u00fczeyde kontrol ve kullan\u0131m kolayl\u0131\u011f\u0131 sunan geli\u015fmi\u015f bir cihazd\u0131r.","og_url":"https:\/\/barrsell.com\/en\/product\/harvia-xenio-cx170-control\/","og_site_name":"Barrsell","article_modified_time":"2024-12-24T03:34:40+00:00","og_image":[{"width":1200,"height":1200,"url":"https:\/\/barrsell.com\/wp-content\/uploads\/2024\/08\/Harvia-Xenio-CX170-Kontrol-1.png","type":"image\/png"}],"twitter_card":"summary_large_image","twitter_misc":{"Est. reading time":"2 minutes"},"schema":{"@context":"https:\/\/schema.org","@graph":[{"@type":"WebPage","@id":"https:\/\/barrsell.com\/urun\/harvia-xenio-cx170-kontrol\/","url":"https:\/\/barrsell.com\/urun\/harvia-xenio-cx170-kontrol\/","name":"Harvia Xenio CX170 Kontrol | Barrsell End\u00fcstri","isPartOf":{"@id":"https:\/\/barrsell.com\/#website"},"primaryImageOfPage":{"@id":"https:\/\/barrsell.com\/urun\/harvia-xenio-cx170-kontrol\/#primaryimage"},"image":{"@id":"https:\/\/barrsell.com\/urun\/harvia-xenio-cx170-kontrol\/#primaryimage"},"thumbnailUrl":"https:\/\/barrsell.com\/wp-content\/uploads\/2024\/08\/Harvia-Xenio-CX170-Kontrol-1.png","datePublished":"2024-08-27T12:29:45+00:00","dateModified":"2024-12-24T03:34:40+00:00","description":"Harvia Xenio CX170 Kontrol \u00fcnitesi, modern sauna sistemlerinde y\u00fcksek d\u00fczeyde kontrol ve kullan\u0131m kolayl\u0131\u011f\u0131 sunan geli\u015fmi\u015f bir cihazd\u0131r.","breadcrumb":{"@id":"https:\/\/barrsell.com\/urun\/harvia-xenio-cx170-kontrol\/#breadcrumb"},"inLanguage":"en-US","potentialAction":[{"@type":"ReadAction","target":["https:\/\/barrsell.com\/urun\/harvia-xenio-cx170-kontrol\/"]}]},{"@type":"ImageObject","inLanguage":"en-US","@id":"https:\/\/barrsell.com\/urun\/harvia-xenio-cx170-kontrol\/#primaryimage","url":"https:\/\/barrsell.com\/wp-content\/uploads\/2024\/08\/Harvia-Xenio-CX170-Kontrol-1.png","contentUrl":"https:\/\/barrsell.com\/wp-content\/uploads\/2024\/08\/Harvia-Xenio-CX170-Kontrol-1.png","width":1200,"height":1200,"caption":"Harvia Xenio CX170 Kontrol"},{"@type":"BreadcrumbList","@id":"https:\/\/barrsell.com\/urun\/harvia-xenio-cx170-kontrol\/#breadcrumb","itemListElement":[{"@type":"ListItem","position":1,"name":"Home","item":"https:\/\/barrsell.com\/"},{"@type":"ListItem","position":2,"name":"\u00dcr\u00fcnler","item":"https:\/\/barrsell.com\/en\/products\/"},{"@type":"ListItem","position":3,"name":"Harvia Xenio CX170 Kontrol"}]},{"@type":"WebSite","@id":"https:\/\/barrsell.com\/#website","url":"https:\/\/barrsell.com\/","name":"Barrsell End\u00fcstri Makine","description":"Teknolojiyle G\u00fc\u00e7lenen End\u00fcstriyel \u00c7\u00f6z\u00fcmler!","potentialAction":[{"@type":"SearchAction","target":{"@type":"EntryPoint","urlTemplate":"https:\/\/barrsell.com\/?s={search_term_string}"},"query-input":"required name=search_term_string"}],"inLanguage":"en-US"}]}},"_links":{"self":[{"href":"https:\/\/barrsell.com\/en\/wp-json\/wp\/v2\/product\/13150","targetHints":{"allow":["GET"]}}],"collection":[{"href":"https:\/\/barrsell.com\/en\/wp-json\/wp\/v2\/product"}],"about":[{"href":"https:\/\/barrsell.com\/en\/wp-json\/wp\/v2\/types\/product"}],"version-history":[{"count":6,"href":"https:\/\/barrsell.com\/en\/wp-json\/wp\/v2\/product\/13150\/revisions"}],"predecessor-version":[{"id":19549,"href":"https:\/\/barrsell.com\/en\/wp-json\/wp\/v2\/product\/13150\/revisions\/19549"}],"wp:featuredmedia":[{"embeddable":true,"href":"https:\/\/barrsell.com\/en\/wp-json\/wp\/v2\/media\/13333"}],"wp:attachment":[{"href":"https:\/\/barrsell.com\/en\/wp-json\/wp\/v2\/media?parent=13150"}],"wp:term":[{"taxonomy":"product_cat","embeddable":true,"href":"https:\/\/barrsell.com\/en\/wp-json\/wp\/v2\/product_cat?post=13150"},{"taxonomy":"product_tag","embeddable":true,"href":"https:\/\/barrsell.com\/en\/wp-json\/wp\/v2\/product_tag?post=13150"}],"curies":[{"name":"wp","href":"https:\/\/api.w.org\/{rel}","templated":true}]}}